{"id":76,"date":"2018-10-03T09:01:47","date_gmt":"2018-10-03T09:01:47","guid":{"rendered":"http:\/\/s27835.p712.sites.pressdns.com\/fr\/bordeaux\/?page_id=76"},"modified":"2023-09-21T15:43:38","modified_gmt":"2023-09-21T15:43:38","slug":"achetez-un-cheque-cadeau","status":"publish","type":"page","link":"https:\/\/staging3.escapehunt.com\/be\/brussels\/achetez-un-cheque-cadeau\/","title":{"rendered":"OFFREZ UNE PARTIE"},"content":{"rendered":"<p><span style=\"font-weight: 400;\">Vous voulez offrir une aventure hors du commun pour un proche\u00a0? <\/span><\/p>\n<p><span style=\"font-weight: 400;\">Pour cela, rien de plus simple : <\/span><\/p>\n<ul>\n<li style=\"font-weight: 400;\"><span style=\"font-weight: 400;\">D\u00e9terminez le nombre de participants que vous souhaitez inviter (1 \u00e0 5)<\/span><\/li>\n<li style=\"font-weight: 400;\"><span style=\"font-weight: 400;\">Rendez-vous sur notre plateforme s\u00e9curis\u00e9e pour effectuez votre r\u00e8glement <\/span><\/li>\n<li style=\"font-weight: 400;\"><span style=\"font-weight: 400;\">Vous recevrez ensuite un code valable un an sur toutes nos \u00e9nigmes<\/span><\/li>\n<\/ul>\n","protected":false},"excerpt":{"rendered":"<p>Vous voulez offrir une aventure hors du commun pour un proche\u00a0? Pour cela, rien de plus simple : D\u00e9terminez le nombre de participants que vous souhaitez inviter (1 \u00e0 5)&hellip;<\/p>\n","protected":false},"author":12,"featured_media":0,"parent":0,"menu_order":0,"comment_status":"closed","ping_status":"closed","template":"views\/vouchers.php","meta":{"_acf_changed":false,"footnotes":""},"class_list":["post-76","page","type-page","status-publish","hentry"],"acf":{"custom_schema_json":""},"yoast_head":"<!-- This site is optimized with the Yoast SEO plugin v27.3 - https:\/\/yoast.com\/product\/yoast-seo-wordpress\/ -->\n<title>Ch\u00e8ques-cadeau et vouchers Escape Game | Escape Hunt Brussels<\/title>\n<meta name=\"description\" content=\"Faites plaisir \u00e0 vos proches avec un bon cadeau de Escape Hunt Brussels valable tous les jours, de 10h \u00e0 22h.\" \/>\n<meta name=\"robots\" content=\"noindex, follow, max-snippet:-1, max-image-preview:large, max-video-preview:-1\" \/>\n<meta property=\"og:locale\" content=\"fr_FR\" \/>\n<meta property=\"og:type\" content=\"article\" \/>\n<meta property=\"og:title\" content=\"Ch\u00e8ques-cadeau et vouchers Escape Game | Escape Hunt Brussels\" \/>\n<meta property=\"og:description\" content=\"Faites plaisir \u00e0 vos proches avec un bon cadeau de Escape Hunt Brussels valable tous les jours, de 10h \u00e0 22h.\" \/>\n<meta property=\"og:url\" content=\"https:\/\/escapehunt.com\/be\/brussels\/achetez-un-cheque-cadeau\/\" \/>\n<meta property=\"og:site_name\" content=\"Brussels\" \/>\n<meta property=\"article:modified_time\" content=\"2023-09-21T15:43:38+00:00\" \/>\n<meta name=\"twitter:card\" content=\"summary_large_image\" \/>\n<meta name=\"twitter:label1\" content=\"Dur\u00e9e de lecture estim\u00e9e\" \/>\n\t<meta name=\"twitter:data1\" content=\"1 minute\" \/>\n<script type=\"application\/ld+json\" class=\"yoast-schema-graph\">{\"@context\":\"https:\\\/\\\/schema.org\",\"@graph\":[{\"@type\":\"WebPage\",\"@id\":\"https:\\\/\\\/escapehunt.com\\\/be\\\/brussels\\\/achetez-un-cheque-cadeau\\\/\",\"url\":\"https:\\\/\\\/escapehunt.com\\\/be\\\/brussels\\\/achetez-un-cheque-cadeau\\\/\",\"name\":\"Ch\u00e8ques-cadeau et vouchers Escape Game | Escape Hunt Brussels\",\"isPartOf\":{\"@id\":\"https:\\\/\\\/escapehunt.com\\\/be\\\/brussels\\\/#website\"},\"datePublished\":\"2018-10-03T09:01:47+00:00\",\"dateModified\":\"2023-09-21T15:43:38+00:00\",\"description\":\"Faites plaisir \u00e0 vos proches avec un bon cadeau de Escape Hunt Brussels valable tous les jours, de 10h \u00e0 22h.\",\"breadcrumb\":{\"@id\":\"https:\\\/\\\/escapehunt.com\\\/be\\\/brussels\\\/achetez-un-cheque-cadeau\\\/#breadcrumb\"},\"inLanguage\":\"fr-FR\",\"potentialAction\":[{\"@type\":\"ReadAction\",\"target\":[\"https:\\\/\\\/escapehunt.com\\\/be\\\/brussels\\\/achetez-un-cheque-cadeau\\\/\"]}]},{\"@type\":\"BreadcrumbList\",\"@id\":\"https:\\\/\\\/escapehunt.com\\\/be\\\/brussels\\\/achetez-un-cheque-cadeau\\\/#breadcrumb\",\"itemListElement\":[{\"@type\":\"ListItem\",\"position\":1,\"name\":\"Home\",\"item\":\"https:\\\/\\\/escapehunt.com\\\/be\\\/brussels\\\/\"},{\"@type\":\"ListItem\",\"position\":2,\"name\":\"OFFREZ UNE PARTIE\"}]},{\"@type\":\"WebSite\",\"@id\":\"https:\\\/\\\/escapehunt.com\\\/be\\\/brussels\\\/#website\",\"url\":\"https:\\\/\\\/escapehunt.com\\\/be\\\/brussels\\\/\",\"name\":\"Brussels\",\"description\":\"Escape Hunt Brussels - Number 1 Escape Game in Brussels\",\"potentialAction\":[{\"@type\":\"SearchAction\",\"target\":{\"@type\":\"EntryPoint\",\"urlTemplate\":\"https:\\\/\\\/escapehunt.com\\\/be\\\/brussels\\\/?s={search_term_string}\"},\"query-input\":{\"@type\":\"PropertyValueSpecification\",\"valueRequired\":true,\"valueName\":\"search_term_string\"}}],\"inLanguage\":\"fr-FR\"}]}<\/script>\n<!-- \/ Yoast SEO plugin. -->","yoast_head_json":{"title":"Ch\u00e8ques-cadeau et vouchers Escape Game | Escape Hunt Brussels","description":"Faites plaisir \u00e0 vos proches avec un bon cadeau de Escape Hunt Brussels valable tous les jours, de 10h \u00e0 22h.","robots":{"index":"noindex","follow":"follow","max-snippet":"max-snippet:-1","max-image-preview":"max-image-preview:large","max-video-preview":"max-video-preview:-1"},"og_locale":"fr_FR","og_type":"article","og_title":"Ch\u00e8ques-cadeau et vouchers Escape Game | Escape Hunt Brussels","og_description":"Faites plaisir \u00e0 vos proches avec un bon cadeau de Escape Hunt Brussels valable tous les jours, de 10h \u00e0 22h.","og_url":"https:\/\/escapehunt.com\/be\/brussels\/achetez-un-cheque-cadeau\/","og_site_name":"Brussels","article_modified_time":"2023-09-21T15:43:38+00:00","twitter_card":"summary_large_image","twitter_misc":{"Dur\u00e9e de lecture estim\u00e9e":"1 minute"},"schema":{"@context":"https:\/\/schema.org","@graph":[{"@type":"WebPage","@id":"https:\/\/escapehunt.com\/be\/brussels\/achetez-un-cheque-cadeau\/","url":"https:\/\/escapehunt.com\/be\/brussels\/achetez-un-cheque-cadeau\/","name":"Ch\u00e8ques-cadeau et vouchers Escape Game | Escape Hunt Brussels","isPartOf":{"@id":"https:\/\/escapehunt.com\/be\/brussels\/#website"},"datePublished":"2018-10-03T09:01:47+00:00","dateModified":"2023-09-21T15:43:38+00:00","description":"Faites plaisir \u00e0 vos proches avec un bon cadeau de Escape Hunt Brussels valable tous les jours, de 10h \u00e0 22h.","breadcrumb":{"@id":"https:\/\/escapehunt.com\/be\/brussels\/achetez-un-cheque-cadeau\/#breadcrumb"},"inLanguage":"fr-FR","potentialAction":[{"@type":"ReadAction","target":["https:\/\/escapehunt.com\/be\/brussels\/achetez-un-cheque-cadeau\/"]}]},{"@type":"BreadcrumbList","@id":"https:\/\/escapehunt.com\/be\/brussels\/achetez-un-cheque-cadeau\/#breadcrumb","itemListElement":[{"@type":"ListItem","position":1,"name":"Home","item":"https:\/\/escapehunt.com\/be\/brussels\/"},{"@type":"ListItem","position":2,"name":"OFFREZ UNE PARTIE"}]},{"@type":"WebSite","@id":"https:\/\/escapehunt.com\/be\/brussels\/#website","url":"https:\/\/escapehunt.com\/be\/brussels\/","name":"Brussels","description":"Escape Hunt Brussels - Number 1 Escape Game in Brussels","potentialAction":[{"@type":"SearchAction","target":{"@type":"EntryPoint","urlTemplate":"https:\/\/escapehunt.com\/be\/brussels\/?s={search_term_string}"},"query-input":{"@type":"PropertyValueSpecification","valueRequired":true,"valueName":"search_term_string"}}],"inLanguage":"fr-FR"}]}},"custom_schema_json":"","_links":{"self":[{"href":"https:\/\/staging3.escapehunt.com\/be\/brussels\/wp-json\/wp\/v2\/pages\/76","targetHints":{"allow":["GET"]}}],"collection":[{"href":"https:\/\/staging3.escapehunt.com\/be\/brussels\/wp-json\/wp\/v2\/pages"}],"about":[{"href":"https:\/\/staging3.escapehunt.com\/be\/brussels\/wp-json\/wp\/v2\/types\/page"}],"author":[{"embeddable":true,"href":"https:\/\/staging3.escapehunt.com\/be\/brussels\/wp-json\/wp\/v2\/users\/12"}],"replies":[{"embeddable":true,"href":"https:\/\/staging3.escapehunt.com\/be\/brussels\/wp-json\/wp\/v2\/comments?post=76"}],"version-history":[{"count":0,"href":"https:\/\/staging3.escapehunt.com\/be\/brussels\/wp-json\/wp\/v2\/pages\/76\/revisions"}],"wp:attachment":[{"href":"https:\/\/staging3.escapehunt.com\/be\/brussels\/wp-json\/wp\/v2\/media?parent=76"}],"curies":[{"name":"wp","href":"https:\/\/api.w.org\/{rel}","templated":true}]}}