{"id":81,"date":"2018-10-03T09:18:33","date_gmt":"2018-10-03T09:18:33","guid":{"rendered":"http:\/\/s27835.p712.sites.pressdns.com\/fr\/bordeaux\/?page_id=81"},"modified":"2023-06-15T08:17:09","modified_gmt":"2023-06-15T08:17:09","slug":"booking","status":"publish","type":"page","link":"https:\/\/staging3.escapehunt.com\/be\/brussels\/booking\/","title":{"rendered":"L\u2019AVENTURE COMMENCE ICI"},"content":{"rendered":"<p><span style=\"font-weight: 400;\">Choisissez parmi nos 5 sc\u00e9narios : <\/span><strong>Intrusion \u00c0 La Tour Japonaise, Myst\u00e8re Au Bar Du Canal, Le Vol Du Manneken Pis,<\/strong>\u00a0<strong>The Greenhouse <\/strong>ou<strong> Monkey Business. <\/strong>Envie d&rsquo;ailleurs ?\u00a0D\u00e9couvrez \u00e9galement nos jeux de pistes <strong>Urbanquest, Time Cops et Retour au Pays des Merveilles<\/strong> !<\/p>\n<div class=\"vc_col-sm-6 wpb_column column_container\">\n<div class=\"wpb_wrapper\">\n<div class=\"wpb_text_column wpb_content_element \">\n<div class=\"wpb_wrapper\">\n<p>Si vous n\u2019\u00eates pas certain\u00a0du nombre de participants, r\u00e9servez pour le nombre de joueurs confirm\u00e9s et vous serez en mesure de r\u00e9gler le compl\u00e9ment sur place dans la limite de 5 personnes par salle. Pour r\u00e9server plusieurs salles, s\u00e9lectionnez la premi\u00e8re sur notre module de r\u00e9servation, indiquez vos coordonn\u00e9es puis vous serez en mesure d\u2019ajouter une seconde salle \u00e0 votre panier.<\/p>\n<\/div>\n<\/div>\n<\/div>\n<\/div>\n","protected":false},"excerpt":{"rendered":"<p>Choisissez parmi nos 5 sc\u00e9narios : Intrusion \u00c0 La Tour Japonaise, Myst\u00e8re Au Bar Du Canal, Le Vol Du Manneken Pis,\u00a0The Greenhouse ou Monkey Business. Envie d&rsquo;ailleurs ?\u00a0D\u00e9couvrez \u00e9galement nos&hellip;<\/p>\n","protected":false},"author":12,"featured_media":0,"parent":0,"menu_order":0,"comment_status":"closed","ping_status":"closed","template":"views\/booking.php","meta":{"_acf_changed":false,"footnotes":""},"class_list":["post-81","page","type-page","status-publish","hentry"],"acf":{"custom_schema_json":""},"yoast_head":"<!-- This site is optimized with the Yoast SEO plugin v27.3 - https:\/\/yoast.com\/product\/yoast-seo-wordpress\/ -->\n<title>L\u2019AVENTURE COMMENCE ICI - R\u00e9servez votre Escape Game | Escape Hunt Brussels<\/title>\n<meta name=\"description\" content=\"R\u00e9servez les jeux incontournables d&#039;Escape Hunt Brussels. S\u00e9lectionnez le nombre de participants et r\u00e9servez d\u00e8s aujourd&#039;hui votre exp\u00e9rience Escape Hunt.\" \/>\n<meta name=\"robots\" content=\"noindex, follow, max-snippet:-1, max-image-preview:large, max-video-preview:-1\" \/>\n<meta property=\"og:locale\" content=\"fr_FR\" \/>\n<meta property=\"og:type\" content=\"article\" \/>\n<meta property=\"og:title\" content=\"L\u2019AVENTURE COMMENCE ICI - R\u00e9servez votre Escape Game | Escape Hunt Brussels\" \/>\n<meta property=\"og:description\" content=\"R\u00e9servez les jeux incontournables d&#039;Escape Hunt Brussels. S\u00e9lectionnez le nombre de participants et r\u00e9servez d\u00e8s aujourd&#039;hui votre exp\u00e9rience Escape Hunt.\" \/>\n<meta property=\"og:url\" content=\"https:\/\/escapehunt.com\/be\/brussels\/booking\/\" \/>\n<meta property=\"og:site_name\" content=\"Brussels\" \/>\n<meta property=\"article:modified_time\" content=\"2023-06-15T08:17:09+00:00\" \/>\n<meta name=\"twitter:card\" content=\"summary_large_image\" \/>\n<meta name=\"twitter:label1\" content=\"Dur\u00e9e de lecture estim\u00e9e\" \/>\n\t<meta name=\"twitter:data1\" content=\"1 minute\" \/>\n<script type=\"application\/ld+json\" class=\"yoast-schema-graph\">{\"@context\":\"https:\\\/\\\/schema.org\",\"@graph\":[{\"@type\":\"WebPage\",\"@id\":\"https:\\\/\\\/escapehunt.com\\\/be\\\/brussels\\\/booking\\\/\",\"url\":\"https:\\\/\\\/escapehunt.com\\\/be\\\/brussels\\\/booking\\\/\",\"name\":\"L\u2019AVENTURE COMMENCE ICI - R\u00e9servez votre Escape Game | Escape Hunt Brussels\",\"isPartOf\":{\"@id\":\"https:\\\/\\\/escapehunt.com\\\/be\\\/brussels\\\/#website\"},\"datePublished\":\"2018-10-03T09:18:33+00:00\",\"dateModified\":\"2023-06-15T08:17:09+00:00\",\"description\":\"R\u00e9servez les jeux incontournables d'Escape Hunt Brussels. S\u00e9lectionnez le nombre de participants et r\u00e9servez d\u00e8s aujourd'hui votre exp\u00e9rience Escape Hunt.\",\"breadcrumb\":{\"@id\":\"https:\\\/\\\/escapehunt.com\\\/be\\\/brussels\\\/booking\\\/#breadcrumb\"},\"inLanguage\":\"fr-FR\",\"potentialAction\":[{\"@type\":\"ReadAction\",\"target\":[\"https:\\\/\\\/escapehunt.com\\\/be\\\/brussels\\\/booking\\\/\"]}]},{\"@type\":\"BreadcrumbList\",\"@id\":\"https:\\\/\\\/escapehunt.com\\\/be\\\/brussels\\\/booking\\\/#breadcrumb\",\"itemListElement\":[{\"@type\":\"ListItem\",\"position\":1,\"name\":\"Home\",\"item\":\"https:\\\/\\\/escapehunt.com\\\/be\\\/brussels\\\/\"},{\"@type\":\"ListItem\",\"position\":2,\"name\":\"L\u2019AVENTURE COMMENCE ICI\"}]},{\"@type\":\"WebSite\",\"@id\":\"https:\\\/\\\/escapehunt.com\\\/be\\\/brussels\\\/#website\",\"url\":\"https:\\\/\\\/escapehunt.com\\\/be\\\/brussels\\\/\",\"name\":\"Brussels\",\"description\":\"Escape Hunt Brussels - Number 1 Escape Game in Brussels\",\"potentialAction\":[{\"@type\":\"SearchAction\",\"target\":{\"@type\":\"EntryPoint\",\"urlTemplate\":\"https:\\\/\\\/escapehunt.com\\\/be\\\/brussels\\\/?s={search_term_string}\"},\"query-input\":{\"@type\":\"PropertyValueSpecification\",\"valueRequired\":true,\"valueName\":\"search_term_string\"}}],\"inLanguage\":\"fr-FR\"}]}<\/script>\n<!-- \/ Yoast SEO plugin. -->","yoast_head_json":{"title":"L\u2019AVENTURE COMMENCE ICI - R\u00e9servez votre Escape Game | Escape Hunt Brussels","description":"R\u00e9servez les jeux incontournables d'Escape Hunt Brussels. S\u00e9lectionnez le nombre de participants et r\u00e9servez d\u00e8s aujourd'hui votre exp\u00e9rience Escape Hunt.","robots":{"index":"noindex","follow":"follow","max-snippet":"max-snippet:-1","max-image-preview":"max-image-preview:large","max-video-preview":"max-video-preview:-1"},"og_locale":"fr_FR","og_type":"article","og_title":"L\u2019AVENTURE COMMENCE ICI - R\u00e9servez votre Escape Game | Escape Hunt Brussels","og_description":"R\u00e9servez les jeux incontournables d'Escape Hunt Brussels. S\u00e9lectionnez le nombre de participants et r\u00e9servez d\u00e8s aujourd'hui votre exp\u00e9rience Escape Hunt.","og_url":"https:\/\/escapehunt.com\/be\/brussels\/booking\/","og_site_name":"Brussels","article_modified_time":"2023-06-15T08:17:09+00:00","twitter_card":"summary_large_image","twitter_misc":{"Dur\u00e9e de lecture estim\u00e9e":"1 minute"},"schema":{"@context":"https:\/\/schema.org","@graph":[{"@type":"WebPage","@id":"https:\/\/escapehunt.com\/be\/brussels\/booking\/","url":"https:\/\/escapehunt.com\/be\/brussels\/booking\/","name":"L\u2019AVENTURE COMMENCE ICI - R\u00e9servez votre Escape Game | Escape Hunt Brussels","isPartOf":{"@id":"https:\/\/escapehunt.com\/be\/brussels\/#website"},"datePublished":"2018-10-03T09:18:33+00:00","dateModified":"2023-06-15T08:17:09+00:00","description":"R\u00e9servez les jeux incontournables d'Escape Hunt Brussels. S\u00e9lectionnez le nombre de participants et r\u00e9servez d\u00e8s aujourd'hui votre exp\u00e9rience Escape Hunt.","breadcrumb":{"@id":"https:\/\/escapehunt.com\/be\/brussels\/booking\/#breadcrumb"},"inLanguage":"fr-FR","potentialAction":[{"@type":"ReadAction","target":["https:\/\/escapehunt.com\/be\/brussels\/booking\/"]}]},{"@type":"BreadcrumbList","@id":"https:\/\/escapehunt.com\/be\/brussels\/booking\/#breadcrumb","itemListElement":[{"@type":"ListItem","position":1,"name":"Home","item":"https:\/\/escapehunt.com\/be\/brussels\/"},{"@type":"ListItem","position":2,"name":"L\u2019AVENTURE COMMENCE ICI"}]},{"@type":"WebSite","@id":"https:\/\/escapehunt.com\/be\/brussels\/#website","url":"https:\/\/escapehunt.com\/be\/brussels\/","name":"Brussels","description":"Escape Hunt Brussels - Number 1 Escape Game in Brussels","potentialAction":[{"@type":"SearchAction","target":{"@type":"EntryPoint","urlTemplate":"https:\/\/escapehunt.com\/be\/brussels\/?s={search_term_string}"},"query-input":{"@type":"PropertyValueSpecification","valueRequired":true,"valueName":"search_term_string"}}],"inLanguage":"fr-FR"}]}},"custom_schema_json":"","_links":{"self":[{"href":"https:\/\/staging3.escapehunt.com\/be\/brussels\/wp-json\/wp\/v2\/pages\/81","targetHints":{"allow":["GET"]}}],"collection":[{"href":"https:\/\/staging3.escapehunt.com\/be\/brussels\/wp-json\/wp\/v2\/pages"}],"about":[{"href":"https:\/\/staging3.escapehunt.com\/be\/brussels\/wp-json\/wp\/v2\/types\/page"}],"author":[{"embeddable":true,"href":"https:\/\/staging3.escapehunt.com\/be\/brussels\/wp-json\/wp\/v2\/users\/12"}],"replies":[{"embeddable":true,"href":"https:\/\/staging3.escapehunt.com\/be\/brussels\/wp-json\/wp\/v2\/comments?post=81"}],"version-history":[{"count":0,"href":"https:\/\/staging3.escapehunt.com\/be\/brussels\/wp-json\/wp\/v2\/pages\/81\/revisions"}],"wp:attachment":[{"href":"https:\/\/staging3.escapehunt.com\/be\/brussels\/wp-json\/wp\/v2\/media?parent=81"}],"curies":[{"name":"wp","href":"https:\/\/api.w.org\/{rel}","templated":true}]}}