{"id":137,"date":"2018-10-09T15:59:32","date_gmt":"2018-10-09T15:59:32","guid":{"rendered":"https:\/\/staging3.escapehunt.com\/es\/barcelona\/?page_id=137"},"modified":"2020-08-08T09:07:12","modified_gmt":"2020-08-08T09:07:12","slug":"com-jugar-hi","status":"publish","type":"page","link":"https:\/\/staging3.escapehunt.com\/es\/barcelona\/ca\/com-jugar-hi\/","title":{"rendered":"Com jugar-hi"},"content":{"rendered":"","protected":false},"excerpt":{"rendered":"","protected":false},"author":19,"featured_media":0,"parent":0,"menu_order":0,"comment_status":"closed","ping_status":"closed","template":"views\/how-to-play.php","meta":{"_acf_changed":false,"footnotes":""},"class_list":["post-137","page","type-page","status-publish","hentry"],"acf":{"custom_schema_json":""},"yoast_head":"<!-- This site is optimized with the Yoast SEO plugin v27.3 - https:\/\/yoast.com\/product\/yoast-seo-wordpress\/ -->\n<title>Com jugar als jocs d&#039;Escape Room? | Escape Hunt Barcelona<\/title>\n<meta name=\"description\" content=\"Apr\u00e8n a jugar als jocs d&#039;escape room. Els jocs d&#039;escapament en viu s\u00f3n una emocionant activitat grupal que et desafia a descobrir pistes i a escapar de l&#039;habitaci\u00f3. Aconsegueix m\u00e9s informaci\u00f3 i reserva en l\u00ednia avui mateix.\" \/>\n<meta name=\"robots\" content=\"noindex, follow, max-snippet:-1, max-image-preview:large, max-video-preview:-1\" \/>\n<meta property=\"og:locale\" content=\"ca_ES\" \/>\n<meta property=\"og:type\" content=\"article\" \/>\n<meta property=\"og:title\" content=\"Com jugar als jocs d&#039;Escape Room? | Escape Hunt Barcelona\" \/>\n<meta property=\"og:description\" content=\"Apr\u00e8n a jugar als jocs d&#039;escape room. Els jocs d&#039;escapament en viu s\u00f3n una emocionant activitat grupal que et desafia a descobrir pistes i a escapar de l&#039;habitaci\u00f3. Aconsegueix m\u00e9s informaci\u00f3 i reserva en l\u00ednia avui mateix.\" \/>\n<meta property=\"og:url\" content=\"https:\/\/escapehunt.com\/es\/barcelona\/ca\/com-jugar-hi\/\" \/>\n<meta property=\"og:site_name\" content=\"Barcelona\" \/>\n<meta property=\"article:modified_time\" content=\"2020-08-08T09:07:12+00:00\" \/>\n<meta name=\"twitter:card\" content=\"summary_large_image\" \/>\n<script type=\"application\/ld+json\" class=\"yoast-schema-graph\">{\"@context\":\"https:\\\/\\\/schema.org\",\"@graph\":[{\"@type\":\"WebPage\",\"@id\":\"https:\\\/\\\/escapehunt.com\\\/es\\\/barcelona\\\/ca\\\/com-jugar-hi\\\/\",\"url\":\"https:\\\/\\\/escapehunt.com\\\/es\\\/barcelona\\\/ca\\\/com-jugar-hi\\\/\",\"name\":\"Com jugar als jocs d'Escape Room? | Escape Hunt Barcelona\",\"isPartOf\":{\"@id\":\"https:\\\/\\\/escapehunt.com\\\/es\\\/barcelona\\\/en\\\/#website\"},\"datePublished\":\"2018-10-09T15:59:32+00:00\",\"dateModified\":\"2020-08-08T09:07:12+00:00\",\"description\":\"Apr\u00e8n a jugar als jocs d'escape room. Els jocs d'escapament en viu s\u00f3n una emocionant activitat grupal que et desafia a descobrir pistes i a escapar de l'habitaci\u00f3. Aconsegueix m\u00e9s informaci\u00f3 i reserva en l\u00ednia avui mateix.\",\"breadcrumb\":{\"@id\":\"https:\\\/\\\/escapehunt.com\\\/es\\\/barcelona\\\/ca\\\/com-jugar-hi\\\/#breadcrumb\"},\"inLanguage\":\"ca\",\"potentialAction\":[{\"@type\":\"ReadAction\",\"target\":[\"https:\\\/\\\/escapehunt.com\\\/es\\\/barcelona\\\/ca\\\/com-jugar-hi\\\/\"]}]},{\"@type\":\"BreadcrumbList\",\"@id\":\"https:\\\/\\\/escapehunt.com\\\/es\\\/barcelona\\\/ca\\\/com-jugar-hi\\\/#breadcrumb\",\"itemListElement\":[{\"@type\":\"ListItem\",\"position\":1,\"name\":\"Home\",\"item\":\"https:\\\/\\\/escapehunt.com\\\/es\\\/barcelona\\\/ca\\\/\"},{\"@type\":\"ListItem\",\"position\":2,\"name\":\"Com jugar-hi\"}]},{\"@type\":\"WebSite\",\"@id\":\"https:\\\/\\\/escapehunt.com\\\/es\\\/barcelona\\\/en\\\/#website\",\"url\":\"https:\\\/\\\/escapehunt.com\\\/es\\\/barcelona\\\/en\\\/\",\"name\":\"Barcelona\",\"description\":\"Just another Escape Hunt Staging Sites site\",\"potentialAction\":[{\"@type\":\"SearchAction\",\"target\":{\"@type\":\"EntryPoint\",\"urlTemplate\":\"https:\\\/\\\/escapehunt.com\\\/es\\\/barcelona\\\/en\\\/?s={search_term_string}\"},\"query-input\":{\"@type\":\"PropertyValueSpecification\",\"valueRequired\":true,\"valueName\":\"search_term_string\"}}],\"inLanguage\":\"ca\"}]}<\/script>\n<!-- \/ Yoast SEO plugin. -->","yoast_head_json":{"title":"Com jugar als jocs d'Escape Room? | Escape Hunt Barcelona","description":"Apr\u00e8n a jugar als jocs d'escape room. Els jocs d'escapament en viu s\u00f3n una emocionant activitat grupal que et desafia a descobrir pistes i a escapar de l'habitaci\u00f3. Aconsegueix m\u00e9s informaci\u00f3 i reserva en l\u00ednia avui mateix.","robots":{"index":"noindex","follow":"follow","max-snippet":"max-snippet:-1","max-image-preview":"max-image-preview:large","max-video-preview":"max-video-preview:-1"},"og_locale":"ca_ES","og_type":"article","og_title":"Com jugar als jocs d'Escape Room? | Escape Hunt Barcelona","og_description":"Apr\u00e8n a jugar als jocs d'escape room. Els jocs d'escapament en viu s\u00f3n una emocionant activitat grupal que et desafia a descobrir pistes i a escapar de l'habitaci\u00f3. Aconsegueix m\u00e9s informaci\u00f3 i reserva en l\u00ednia avui mateix.","og_url":"https:\/\/escapehunt.com\/es\/barcelona\/ca\/com-jugar-hi\/","og_site_name":"Barcelona","article_modified_time":"2020-08-08T09:07:12+00:00","twitter_card":"summary_large_image","schema":{"@context":"https:\/\/schema.org","@graph":[{"@type":"WebPage","@id":"https:\/\/escapehunt.com\/es\/barcelona\/ca\/com-jugar-hi\/","url":"https:\/\/escapehunt.com\/es\/barcelona\/ca\/com-jugar-hi\/","name":"Com jugar als jocs d'Escape Room? | Escape Hunt Barcelona","isPartOf":{"@id":"https:\/\/escapehunt.com\/es\/barcelona\/en\/#website"},"datePublished":"2018-10-09T15:59:32+00:00","dateModified":"2020-08-08T09:07:12+00:00","description":"Apr\u00e8n a jugar als jocs d'escape room. Els jocs d'escapament en viu s\u00f3n una emocionant activitat grupal que et desafia a descobrir pistes i a escapar de l'habitaci\u00f3. Aconsegueix m\u00e9s informaci\u00f3 i reserva en l\u00ednia avui mateix.","breadcrumb":{"@id":"https:\/\/escapehunt.com\/es\/barcelona\/ca\/com-jugar-hi\/#breadcrumb"},"inLanguage":"ca","potentialAction":[{"@type":"ReadAction","target":["https:\/\/escapehunt.com\/es\/barcelona\/ca\/com-jugar-hi\/"]}]},{"@type":"BreadcrumbList","@id":"https:\/\/escapehunt.com\/es\/barcelona\/ca\/com-jugar-hi\/#breadcrumb","itemListElement":[{"@type":"ListItem","position":1,"name":"Home","item":"https:\/\/escapehunt.com\/es\/barcelona\/ca\/"},{"@type":"ListItem","position":2,"name":"Com jugar-hi"}]},{"@type":"WebSite","@id":"https:\/\/escapehunt.com\/es\/barcelona\/en\/#website","url":"https:\/\/escapehunt.com\/es\/barcelona\/en\/","name":"Barcelona","description":"Just another Escape Hunt Staging Sites site","potentialAction":[{"@type":"SearchAction","target":{"@type":"EntryPoint","urlTemplate":"https:\/\/escapehunt.com\/es\/barcelona\/en\/?s={search_term_string}"},"query-input":{"@type":"PropertyValueSpecification","valueRequired":true,"valueName":"search_term_string"}}],"inLanguage":"ca"}]}},"custom_schema_json":"","_links":{"self":[{"href":"https:\/\/staging3.escapehunt.com\/es\/barcelona\/ca\/wp-json\/wp\/v2\/pages\/137","targetHints":{"allow":["GET"]}}],"collection":[{"href":"https:\/\/staging3.escapehunt.com\/es\/barcelona\/ca\/wp-json\/wp\/v2\/pages"}],"about":[{"href":"https:\/\/staging3.escapehunt.com\/es\/barcelona\/ca\/wp-json\/wp\/v2\/types\/page"}],"author":[{"embeddable":true,"href":"https:\/\/staging3.escapehunt.com\/es\/barcelona\/ca\/wp-json\/wp\/v2\/users\/19"}],"replies":[{"embeddable":true,"href":"https:\/\/staging3.escapehunt.com\/es\/barcelona\/ca\/wp-json\/wp\/v2\/comments?post=137"}],"version-history":[{"count":0,"href":"https:\/\/staging3.escapehunt.com\/es\/barcelona\/ca\/wp-json\/wp\/v2\/pages\/137\/revisions"}],"wp:attachment":[{"href":"https:\/\/staging3.escapehunt.com\/es\/barcelona\/ca\/wp-json\/wp\/v2\/media?parent=137"}],"curies":[{"name":"wp","href":"https:\/\/api.w.org\/{rel}","templated":true}]}}