{"id":169,"date":"2018-10-09T16:40:54","date_gmt":"2018-10-09T16:40:54","guid":{"rendered":"https:\/\/staging3.escapehunt.com\/es\/barcelona\/?page_id=169"},"modified":"2019-10-18T09:21:00","modified_gmt":"2019-10-18T09:21:00","slug":"team-building-i-esdeveniments-dempresa","status":"publish","type":"page","link":"https:\/\/staging3.escapehunt.com\/es\/barcelona\/ca\/team-building-i-esdeveniments-dempresa\/","title":{"rendered":"TEAM BUILDING I ESDEVENIMENTS D\u2019EMPRESA"},"content":{"rendered":"<p>Escape Hunt \u00e9s una experi\u00e8ncia perfecta per a les empreses. Les nostres incre\u00efbles aventures s\u00f3n la manera ideal de crear un esperit d\u2019equip, inspirar una manera creativa de resoldre els problemes, i incloure-ho tot plegat en un dia de reunions i presentacions, o b\u00e9 com a obsequi per a les persones que han fet un bon treball.<\/p>\n","protected":false},"excerpt":{"rendered":"<p>Escape Hunt \u00e9s una experi\u00e8ncia perfecta per a les empreses. Les nostres incre\u00efbles aventures s\u00f3n la manera ideal de crear un esperit d\u2019equip, inspirar una manera creativa de resoldre els&hellip;<\/p>\n","protected":false},"author":19,"featured_media":0,"parent":0,"menu_order":0,"comment_status":"closed","ping_status":"closed","template":"views\/team-building.php","meta":{"_acf_changed":false,"footnotes":""},"class_list":["post-169","page","type-page","status-publish","hentry"],"acf":{"custom_schema_json":""},"yoast_head":"<!-- This site is optimized with the Yoast SEO plugin v27.3 - https:\/\/yoast.com\/product\/yoast-seo-wordpress\/ -->\n<title>Team Building i Esdeveniments d&#039;Empresa | Escape Hunt Barcelona<\/title>\n<meta name=\"description\" content=\"Els escape room s\u00f3n perfectes per a esdeveniments d&#039;empresa i activitats de team building. Contacti&#039;ns a Escape Hunt Barcelona per saber com podem crear un esdeveniment emocionant i inoblidable per a la seva pr\u00f2xima reuni\u00f3 de grup, festa, sortida d&#039;empleats, desafiament de creaci\u00f3 d&#039;equips i m\u00e9s.\" \/>\n<meta name=\"robots\" content=\"noindex, follow, max-snippet:-1, max-image-preview:large, max-video-preview:-1\" \/>\n<meta property=\"og:locale\" content=\"ca_ES\" \/>\n<meta property=\"og:type\" content=\"article\" \/>\n<meta property=\"og:title\" content=\"Team Building i Esdeveniments d&#039;Empresa | Escape Hunt Barcelona\" \/>\n<meta property=\"og:description\" content=\"Els escape room s\u00f3n perfectes per a esdeveniments d&#039;empresa i activitats de team building. Contacti&#039;ns a Escape Hunt Barcelona per saber com podem crear un esdeveniment emocionant i inoblidable per a la seva pr\u00f2xima reuni\u00f3 de grup, festa, sortida d&#039;empleats, desafiament de creaci\u00f3 d&#039;equips i m\u00e9s.\" \/>\n<meta property=\"og:url\" content=\"https:\/\/escapehunt.com\/es\/barcelona\/ca\/team-building-i-esdeveniments-dempresa\/\" \/>\n<meta property=\"og:site_name\" content=\"Barcelona\" \/>\n<meta property=\"article:modified_time\" content=\"2019-10-18T09:21:00+00:00\" \/>\n<meta name=\"twitter:card\" content=\"summary_large_image\" \/>\n<script type=\"application\/ld+json\" class=\"yoast-schema-graph\">{\"@context\":\"https:\\\/\\\/schema.org\",\"@graph\":[{\"@type\":\"WebPage\",\"@id\":\"https:\\\/\\\/escapehunt.com\\\/es\\\/barcelona\\\/ca\\\/team-building-i-esdeveniments-dempresa\\\/\",\"url\":\"https:\\\/\\\/escapehunt.com\\\/es\\\/barcelona\\\/ca\\\/team-building-i-esdeveniments-dempresa\\\/\",\"name\":\"Team Building i Esdeveniments d'Empresa | Escape Hunt Barcelona\",\"isPartOf\":{\"@id\":\"https:\\\/\\\/escapehunt.com\\\/es\\\/barcelona\\\/en\\\/#website\"},\"datePublished\":\"2018-10-09T16:40:54+00:00\",\"dateModified\":\"2019-10-18T09:21:00+00:00\",\"description\":\"Els escape room s\u00f3n perfectes per a esdeveniments d'empresa i activitats de team building. Contacti'ns a Escape Hunt Barcelona per saber com podem crear un esdeveniment emocionant i inoblidable per a la seva pr\u00f2xima reuni\u00f3 de grup, festa, sortida d'empleats, desafiament de creaci\u00f3 d'equips i m\u00e9s.\",\"breadcrumb\":{\"@id\":\"https:\\\/\\\/escapehunt.com\\\/es\\\/barcelona\\\/ca\\\/team-building-i-esdeveniments-dempresa\\\/#breadcrumb\"},\"inLanguage\":\"ca\",\"potentialAction\":[{\"@type\":\"ReadAction\",\"target\":[\"https:\\\/\\\/escapehunt.com\\\/es\\\/barcelona\\\/ca\\\/team-building-i-esdeveniments-dempresa\\\/\"]}]},{\"@type\":\"BreadcrumbList\",\"@id\":\"https:\\\/\\\/escapehunt.com\\\/es\\\/barcelona\\\/ca\\\/team-building-i-esdeveniments-dempresa\\\/#breadcrumb\",\"itemListElement\":[{\"@type\":\"ListItem\",\"position\":1,\"name\":\"Home\",\"item\":\"https:\\\/\\\/escapehunt.com\\\/es\\\/barcelona\\\/ca\\\/\"},{\"@type\":\"ListItem\",\"position\":2,\"name\":\"TEAM BUILDING I ESDEVENIMENTS D\u2019EMPRESA\"}]},{\"@type\":\"WebSite\",\"@id\":\"https:\\\/\\\/escapehunt.com\\\/es\\\/barcelona\\\/en\\\/#website\",\"url\":\"https:\\\/\\\/escapehunt.com\\\/es\\\/barcelona\\\/en\\\/\",\"name\":\"Barcelona\",\"description\":\"Just another Escape Hunt Staging Sites site\",\"potentialAction\":[{\"@type\":\"SearchAction\",\"target\":{\"@type\":\"EntryPoint\",\"urlTemplate\":\"https:\\\/\\\/escapehunt.com\\\/es\\\/barcelona\\\/en\\\/?s={search_term_string}\"},\"query-input\":{\"@type\":\"PropertyValueSpecification\",\"valueRequired\":true,\"valueName\":\"search_term_string\"}}],\"inLanguage\":\"ca\"}]}<\/script>\n<!-- \/ Yoast SEO plugin. -->","yoast_head_json":{"title":"Team Building i Esdeveniments d'Empresa | Escape Hunt Barcelona","description":"Els escape room s\u00f3n perfectes per a esdeveniments d'empresa i activitats de team building. Contacti'ns a Escape Hunt Barcelona per saber com podem crear un esdeveniment emocionant i inoblidable per a la seva pr\u00f2xima reuni\u00f3 de grup, festa, sortida d'empleats, desafiament de creaci\u00f3 d'equips i m\u00e9s.","robots":{"index":"noindex","follow":"follow","max-snippet":"max-snippet:-1","max-image-preview":"max-image-preview:large","max-video-preview":"max-video-preview:-1"},"og_locale":"ca_ES","og_type":"article","og_title":"Team Building i Esdeveniments d'Empresa | Escape Hunt Barcelona","og_description":"Els escape room s\u00f3n perfectes per a esdeveniments d'empresa i activitats de team building. Contacti'ns a Escape Hunt Barcelona per saber com podem crear un esdeveniment emocionant i inoblidable per a la seva pr\u00f2xima reuni\u00f3 de grup, festa, sortida d'empleats, desafiament de creaci\u00f3 d'equips i m\u00e9s.","og_url":"https:\/\/escapehunt.com\/es\/barcelona\/ca\/team-building-i-esdeveniments-dempresa\/","og_site_name":"Barcelona","article_modified_time":"2019-10-18T09:21:00+00:00","twitter_card":"summary_large_image","schema":{"@context":"https:\/\/schema.org","@graph":[{"@type":"WebPage","@id":"https:\/\/escapehunt.com\/es\/barcelona\/ca\/team-building-i-esdeveniments-dempresa\/","url":"https:\/\/escapehunt.com\/es\/barcelona\/ca\/team-building-i-esdeveniments-dempresa\/","name":"Team Building i Esdeveniments d'Empresa | Escape Hunt Barcelona","isPartOf":{"@id":"https:\/\/escapehunt.com\/es\/barcelona\/en\/#website"},"datePublished":"2018-10-09T16:40:54+00:00","dateModified":"2019-10-18T09:21:00+00:00","description":"Els escape room s\u00f3n perfectes per a esdeveniments d'empresa i activitats de team building. Contacti'ns a Escape Hunt Barcelona per saber com podem crear un esdeveniment emocionant i inoblidable per a la seva pr\u00f2xima reuni\u00f3 de grup, festa, sortida d'empleats, desafiament de creaci\u00f3 d'equips i m\u00e9s.","breadcrumb":{"@id":"https:\/\/escapehunt.com\/es\/barcelona\/ca\/team-building-i-esdeveniments-dempresa\/#breadcrumb"},"inLanguage":"ca","potentialAction":[{"@type":"ReadAction","target":["https:\/\/escapehunt.com\/es\/barcelona\/ca\/team-building-i-esdeveniments-dempresa\/"]}]},{"@type":"BreadcrumbList","@id":"https:\/\/escapehunt.com\/es\/barcelona\/ca\/team-building-i-esdeveniments-dempresa\/#breadcrumb","itemListElement":[{"@type":"ListItem","position":1,"name":"Home","item":"https:\/\/escapehunt.com\/es\/barcelona\/ca\/"},{"@type":"ListItem","position":2,"name":"TEAM BUILDING I ESDEVENIMENTS D\u2019EMPRESA"}]},{"@type":"WebSite","@id":"https:\/\/escapehunt.com\/es\/barcelona\/en\/#website","url":"https:\/\/escapehunt.com\/es\/barcelona\/en\/","name":"Barcelona","description":"Just another Escape Hunt Staging Sites site","potentialAction":[{"@type":"SearchAction","target":{"@type":"EntryPoint","urlTemplate":"https:\/\/escapehunt.com\/es\/barcelona\/en\/?s={search_term_string}"},"query-input":{"@type":"PropertyValueSpecification","valueRequired":true,"valueName":"search_term_string"}}],"inLanguage":"ca"}]}},"custom_schema_json":"","_links":{"self":[{"href":"https:\/\/staging3.escapehunt.com\/es\/barcelona\/ca\/wp-json\/wp\/v2\/pages\/169","targetHints":{"allow":["GET"]}}],"collection":[{"href":"https:\/\/staging3.escapehunt.com\/es\/barcelona\/ca\/wp-json\/wp\/v2\/pages"}],"about":[{"href":"https:\/\/staging3.escapehunt.com\/es\/barcelona\/ca\/wp-json\/wp\/v2\/types\/page"}],"author":[{"embeddable":true,"href":"https:\/\/staging3.escapehunt.com\/es\/barcelona\/ca\/wp-json\/wp\/v2\/users\/19"}],"replies":[{"embeddable":true,"href":"https:\/\/staging3.escapehunt.com\/es\/barcelona\/ca\/wp-json\/wp\/v2\/comments?post=169"}],"version-history":[{"count":0,"href":"https:\/\/staging3.escapehunt.com\/es\/barcelona\/ca\/wp-json\/wp\/v2\/pages\/169\/revisions"}],"wp:attachment":[{"href":"https:\/\/staging3.escapehunt.com\/es\/barcelona\/ca\/wp-json\/wp\/v2\/media?parent=169"}],"curies":[{"name":"wp","href":"https:\/\/api.w.org\/{rel}","templated":true}]}}