{"id":170,"date":"2018-10-09T16:36:28","date_gmt":"2018-10-09T16:36:28","guid":{"rendered":"https:\/\/staging3.escapehunt.com\/es\/barcelona\/?page_id=170"},"modified":"2019-07-09T09:10:20","modified_gmt":"2019-07-09T09:10:20","slug":"preguntes-frequents","status":"publish","type":"page","link":"https:\/\/staging3.escapehunt.com\/es\/barcelona\/ca\/preguntes-frequents\/","title":{"rendered":"Preguntes freq\u00fcents"},"content":{"rendered":"","protected":false},"excerpt":{"rendered":"","protected":false},"author":19,"featured_media":0,"parent":0,"menu_order":0,"comment_status":"closed","ping_status":"closed","template":"views\/faqs.php","meta":{"_acf_changed":false,"footnotes":""},"class_list":["post-170","page","type-page","status-publish","hentry"],"acf":{"custom_schema_json":""},"yoast_head":"<!-- This site is optimized with the Yoast SEO plugin v27.3 - https:\/\/yoast.com\/product\/yoast-seo-wordpress\/ -->\n<title>Escape Room Preguntes freq\u00fcents | Escape Hunt Barcelona<\/title>\n<meta name=\"description\" content=\"Tot el que necessites saber sobre els nostres jocs d&#039;escape room. Apr\u00e8n sobre les hores d&#039;arribada, qu\u00e8 portar i com reservar en l\u00ednia a Escape Hunt Barcelona.\" \/>\n<meta name=\"robots\" content=\"noindex, follow, max-snippet:-1, max-image-preview:large, max-video-preview:-1\" \/>\n<meta property=\"og:locale\" content=\"ca_ES\" \/>\n<meta property=\"og:type\" content=\"article\" \/>\n<meta property=\"og:title\" content=\"Escape Room Preguntes freq\u00fcents | Escape Hunt Barcelona\" \/>\n<meta property=\"og:description\" content=\"Tot el que necessites saber sobre els nostres jocs d&#039;escape room. Apr\u00e8n sobre les hores d&#039;arribada, qu\u00e8 portar i com reservar en l\u00ednia a Escape Hunt Barcelona.\" \/>\n<meta property=\"og:url\" content=\"https:\/\/escapehunt.com\/es\/barcelona\/ca\/preguntes-frequents\/\" \/>\n<meta property=\"og:site_name\" content=\"Barcelona\" \/>\n<meta property=\"article:modified_time\" content=\"2019-07-09T09:10:20+00:00\" \/>\n<meta name=\"twitter:card\" content=\"summary_large_image\" \/>\n<script type=\"application\/ld+json\" class=\"yoast-schema-graph\">{\"@context\":\"https:\\\/\\\/schema.org\",\"@graph\":[{\"@type\":\"WebPage\",\"@id\":\"https:\\\/\\\/escapehunt.com\\\/es\\\/barcelona\\\/ca\\\/preguntes-frequents\\\/\",\"url\":\"https:\\\/\\\/escapehunt.com\\\/es\\\/barcelona\\\/ca\\\/preguntes-frequents\\\/\",\"name\":\"Escape Room Preguntes freq\u00fcents | Escape Hunt Barcelona\",\"isPartOf\":{\"@id\":\"https:\\\/\\\/escapehunt.com\\\/es\\\/barcelona\\\/en\\\/#website\"},\"datePublished\":\"2018-10-09T16:36:28+00:00\",\"dateModified\":\"2019-07-09T09:10:20+00:00\",\"description\":\"Tot el que necessites saber sobre els nostres jocs d'escape room. Apr\u00e8n sobre les hores d'arribada, qu\u00e8 portar i com reservar en l\u00ednia a Escape Hunt Barcelona.\",\"breadcrumb\":{\"@id\":\"https:\\\/\\\/escapehunt.com\\\/es\\\/barcelona\\\/ca\\\/preguntes-frequents\\\/#breadcrumb\"},\"inLanguage\":\"ca\",\"potentialAction\":[{\"@type\":\"ReadAction\",\"target\":[\"https:\\\/\\\/escapehunt.com\\\/es\\\/barcelona\\\/ca\\\/preguntes-frequents\\\/\"]}]},{\"@type\":\"BreadcrumbList\",\"@id\":\"https:\\\/\\\/escapehunt.com\\\/es\\\/barcelona\\\/ca\\\/preguntes-frequents\\\/#breadcrumb\",\"itemListElement\":[{\"@type\":\"ListItem\",\"position\":1,\"name\":\"Home\",\"item\":\"https:\\\/\\\/escapehunt.com\\\/es\\\/barcelona\\\/ca\\\/\"},{\"@type\":\"ListItem\",\"position\":2,\"name\":\"Preguntes freq\u00fcents\"}]},{\"@type\":\"WebSite\",\"@id\":\"https:\\\/\\\/escapehunt.com\\\/es\\\/barcelona\\\/en\\\/#website\",\"url\":\"https:\\\/\\\/escapehunt.com\\\/es\\\/barcelona\\\/en\\\/\",\"name\":\"Barcelona\",\"description\":\"Just another Escape Hunt Staging Sites site\",\"potentialAction\":[{\"@type\":\"SearchAction\",\"target\":{\"@type\":\"EntryPoint\",\"urlTemplate\":\"https:\\\/\\\/escapehunt.com\\\/es\\\/barcelona\\\/en\\\/?s={search_term_string}\"},\"query-input\":{\"@type\":\"PropertyValueSpecification\",\"valueRequired\":true,\"valueName\":\"search_term_string\"}}],\"inLanguage\":\"ca\"}]}<\/script>\n<!-- \/ Yoast SEO plugin. -->","yoast_head_json":{"title":"Escape Room Preguntes freq\u00fcents | Escape Hunt Barcelona","description":"Tot el que necessites saber sobre els nostres jocs d'escape room. Apr\u00e8n sobre les hores d'arribada, qu\u00e8 portar i com reservar en l\u00ednia a Escape Hunt Barcelona.","robots":{"index":"noindex","follow":"follow","max-snippet":"max-snippet:-1","max-image-preview":"max-image-preview:large","max-video-preview":"max-video-preview:-1"},"og_locale":"ca_ES","og_type":"article","og_title":"Escape Room Preguntes freq\u00fcents | Escape Hunt Barcelona","og_description":"Tot el que necessites saber sobre els nostres jocs d'escape room. Apr\u00e8n sobre les hores d'arribada, qu\u00e8 portar i com reservar en l\u00ednia a Escape Hunt Barcelona.","og_url":"https:\/\/escapehunt.com\/es\/barcelona\/ca\/preguntes-frequents\/","og_site_name":"Barcelona","article_modified_time":"2019-07-09T09:10:20+00:00","twitter_card":"summary_large_image","schema":{"@context":"https:\/\/schema.org","@graph":[{"@type":"WebPage","@id":"https:\/\/escapehunt.com\/es\/barcelona\/ca\/preguntes-frequents\/","url":"https:\/\/escapehunt.com\/es\/barcelona\/ca\/preguntes-frequents\/","name":"Escape Room Preguntes freq\u00fcents | Escape Hunt Barcelona","isPartOf":{"@id":"https:\/\/escapehunt.com\/es\/barcelona\/en\/#website"},"datePublished":"2018-10-09T16:36:28+00:00","dateModified":"2019-07-09T09:10:20+00:00","description":"Tot el que necessites saber sobre els nostres jocs d'escape room. Apr\u00e8n sobre les hores d'arribada, qu\u00e8 portar i com reservar en l\u00ednia a Escape Hunt Barcelona.","breadcrumb":{"@id":"https:\/\/escapehunt.com\/es\/barcelona\/ca\/preguntes-frequents\/#breadcrumb"},"inLanguage":"ca","potentialAction":[{"@type":"ReadAction","target":["https:\/\/escapehunt.com\/es\/barcelona\/ca\/preguntes-frequents\/"]}]},{"@type":"BreadcrumbList","@id":"https:\/\/escapehunt.com\/es\/barcelona\/ca\/preguntes-frequents\/#breadcrumb","itemListElement":[{"@type":"ListItem","position":1,"name":"Home","item":"https:\/\/escapehunt.com\/es\/barcelona\/ca\/"},{"@type":"ListItem","position":2,"name":"Preguntes freq\u00fcents"}]},{"@type":"WebSite","@id":"https:\/\/escapehunt.com\/es\/barcelona\/en\/#website","url":"https:\/\/escapehunt.com\/es\/barcelona\/en\/","name":"Barcelona","description":"Just another Escape Hunt Staging Sites site","potentialAction":[{"@type":"SearchAction","target":{"@type":"EntryPoint","urlTemplate":"https:\/\/escapehunt.com\/es\/barcelona\/en\/?s={search_term_string}"},"query-input":{"@type":"PropertyValueSpecification","valueRequired":true,"valueName":"search_term_string"}}],"inLanguage":"ca"}]}},"custom_schema_json":"","_links":{"self":[{"href":"https:\/\/staging3.escapehunt.com\/es\/barcelona\/ca\/wp-json\/wp\/v2\/pages\/170","targetHints":{"allow":["GET"]}}],"collection":[{"href":"https:\/\/staging3.escapehunt.com\/es\/barcelona\/ca\/wp-json\/wp\/v2\/pages"}],"about":[{"href":"https:\/\/staging3.escapehunt.com\/es\/barcelona\/ca\/wp-json\/wp\/v2\/types\/page"}],"author":[{"embeddable":true,"href":"https:\/\/staging3.escapehunt.com\/es\/barcelona\/ca\/wp-json\/wp\/v2\/users\/19"}],"replies":[{"embeddable":true,"href":"https:\/\/staging3.escapehunt.com\/es\/barcelona\/ca\/wp-json\/wp\/v2\/comments?post=170"}],"version-history":[{"count":0,"href":"https:\/\/staging3.escapehunt.com\/es\/barcelona\/ca\/wp-json\/wp\/v2\/pages\/170\/revisions"}],"wp:attachment":[{"href":"https:\/\/staging3.escapehunt.com\/es\/barcelona\/ca\/wp-json\/wp\/v2\/media?parent=170"}],"curies":[{"name":"wp","href":"https:\/\/api.w.org\/{rel}","templated":true}]}}