{"id":171,"date":"2018-10-09T16:39:33","date_gmt":"2018-10-09T16:39:33","guid":{"rendered":"https:\/\/staging3.escapehunt.com\/es\/barcelona\/?page_id=171"},"modified":"2019-05-01T21:40:23","modified_gmt":"2019-05-01T21:40:23","slug":"tria-la-teva-aventura","status":"publish","type":"page","link":"https:\/\/staging3.escapehunt.com\/es\/barcelona\/ca\/tria-la-teva-aventura\/","title":{"rendered":"TRIA LA TEVA AVENTURA"},"content":{"rendered":"<p>Cada joc, extraordin\u00e0riament imaginatiu, es desenvolupa en una habitaci\u00f3 ambientada i dissenyada amb una gran atenci\u00f3 al detall, perqu\u00e8 puguis deixar-te portar de deb\u00f2 per l&#8217;experi\u00e8ncia. Est\u00e0s a punt per entrar en el joc?<\/p>\n","protected":false},"excerpt":{"rendered":"<p>Cada joc, extraordin\u00e0riament imaginatiu, es desenvolupa en una habitaci\u00f3 ambientada i dissenyada amb una gran atenci\u00f3 al detall, perqu\u00e8 puguis deixar-te portar de deb\u00f2 per l&#8217;experi\u00e8ncia. Est\u00e0s a punt per&hellip;<\/p>\n","protected":false},"author":19,"featured_media":0,"parent":0,"menu_order":0,"comment_status":"closed","ping_status":"closed","template":"views\/games-multi-filter.php","meta":{"_acf_changed":false,"footnotes":""},"class_list":["post-171","page","type-page","status-publish","hentry"],"acf":{"custom_schema_json":""},"yoast_head":"<!-- This site is optimized with the Yoast SEO plugin v27.3 - https:\/\/yoast.com\/product\/yoast-seo-wordpress\/ -->\n<title>Els nostres jocs d&#039;escapament | Escape Hunt Barcelona.<\/title>\n<meta name=\"description\" content=\"Mira els emocionants jocs d&#039;escapament a Escape Hunt Barcelona. Tria la teva experi\u00e8ncia d&#039;escape room i reserva en l\u00ednia.\" \/>\n<meta name=\"robots\" content=\"noindex, follow, max-snippet:-1, max-image-preview:large, max-video-preview:-1\" \/>\n<meta property=\"og:locale\" content=\"ca_ES\" \/>\n<meta property=\"og:type\" content=\"article\" \/>\n<meta property=\"og:title\" content=\"Els nostres jocs d&#039;escapament | Escape Hunt Barcelona.\" \/>\n<meta property=\"og:description\" content=\"Mira els emocionants jocs d&#039;escapament a Escape Hunt Barcelona. Tria la teva experi\u00e8ncia d&#039;escape room i reserva en l\u00ednia.\" \/>\n<meta property=\"og:url\" content=\"https:\/\/escapehunt.com\/es\/barcelona\/ca\/tria-la-teva-aventura\/\" \/>\n<meta property=\"og:site_name\" content=\"Barcelona\" \/>\n<meta property=\"article:modified_time\" content=\"2019-05-01T21:40:23+00:00\" \/>\n<meta name=\"twitter:card\" content=\"summary_large_image\" \/>\n<script type=\"application\/ld+json\" class=\"yoast-schema-graph\">{\"@context\":\"https:\\\/\\\/schema.org\",\"@graph\":[{\"@type\":\"WebPage\",\"@id\":\"https:\\\/\\\/escapehunt.com\\\/es\\\/barcelona\\\/ca\\\/tria-la-teva-aventura\\\/\",\"url\":\"https:\\\/\\\/escapehunt.com\\\/es\\\/barcelona\\\/ca\\\/tria-la-teva-aventura\\\/\",\"name\":\"Els nostres jocs d'escapament | Escape Hunt Barcelona.\",\"isPartOf\":{\"@id\":\"https:\\\/\\\/escapehunt.com\\\/es\\\/barcelona\\\/en\\\/#website\"},\"datePublished\":\"2018-10-09T16:39:33+00:00\",\"dateModified\":\"2019-05-01T21:40:23+00:00\",\"description\":\"Mira els emocionants jocs d'escapament a Escape Hunt Barcelona. Tria la teva experi\u00e8ncia d'escape room i reserva en l\u00ednia.\",\"breadcrumb\":{\"@id\":\"https:\\\/\\\/escapehunt.com\\\/es\\\/barcelona\\\/ca\\\/tria-la-teva-aventura\\\/#breadcrumb\"},\"inLanguage\":\"ca\",\"potentialAction\":[{\"@type\":\"ReadAction\",\"target\":[\"https:\\\/\\\/escapehunt.com\\\/es\\\/barcelona\\\/ca\\\/tria-la-teva-aventura\\\/\"]}]},{\"@type\":\"BreadcrumbList\",\"@id\":\"https:\\\/\\\/escapehunt.com\\\/es\\\/barcelona\\\/ca\\\/tria-la-teva-aventura\\\/#breadcrumb\",\"itemListElement\":[{\"@type\":\"ListItem\",\"position\":1,\"name\":\"Home\",\"item\":\"https:\\\/\\\/escapehunt.com\\\/es\\\/barcelona\\\/ca\\\/\"},{\"@type\":\"ListItem\",\"position\":2,\"name\":\"TRIA LA TEVA AVENTURA\"}]},{\"@type\":\"WebSite\",\"@id\":\"https:\\\/\\\/escapehunt.com\\\/es\\\/barcelona\\\/en\\\/#website\",\"url\":\"https:\\\/\\\/escapehunt.com\\\/es\\\/barcelona\\\/en\\\/\",\"name\":\"Barcelona\",\"description\":\"Just another Escape Hunt Staging Sites site\",\"potentialAction\":[{\"@type\":\"SearchAction\",\"target\":{\"@type\":\"EntryPoint\",\"urlTemplate\":\"https:\\\/\\\/escapehunt.com\\\/es\\\/barcelona\\\/en\\\/?s={search_term_string}\"},\"query-input\":{\"@type\":\"PropertyValueSpecification\",\"valueRequired\":true,\"valueName\":\"search_term_string\"}}],\"inLanguage\":\"ca\"}]}<\/script>\n<!-- \/ Yoast SEO plugin. -->","yoast_head_json":{"title":"Els nostres jocs d'escapament | Escape Hunt Barcelona.","description":"Mira els emocionants jocs d'escapament a Escape Hunt Barcelona. Tria la teva experi\u00e8ncia d'escape room i reserva en l\u00ednia.","robots":{"index":"noindex","follow":"follow","max-snippet":"max-snippet:-1","max-image-preview":"max-image-preview:large","max-video-preview":"max-video-preview:-1"},"og_locale":"ca_ES","og_type":"article","og_title":"Els nostres jocs d'escapament | Escape Hunt Barcelona.","og_description":"Mira els emocionants jocs d'escapament a Escape Hunt Barcelona. Tria la teva experi\u00e8ncia d'escape room i reserva en l\u00ednia.","og_url":"https:\/\/escapehunt.com\/es\/barcelona\/ca\/tria-la-teva-aventura\/","og_site_name":"Barcelona","article_modified_time":"2019-05-01T21:40:23+00:00","twitter_card":"summary_large_image","schema":{"@context":"https:\/\/schema.org","@graph":[{"@type":"WebPage","@id":"https:\/\/escapehunt.com\/es\/barcelona\/ca\/tria-la-teva-aventura\/","url":"https:\/\/escapehunt.com\/es\/barcelona\/ca\/tria-la-teva-aventura\/","name":"Els nostres jocs d'escapament | Escape Hunt Barcelona.","isPartOf":{"@id":"https:\/\/escapehunt.com\/es\/barcelona\/en\/#website"},"datePublished":"2018-10-09T16:39:33+00:00","dateModified":"2019-05-01T21:40:23+00:00","description":"Mira els emocionants jocs d'escapament a Escape Hunt Barcelona. Tria la teva experi\u00e8ncia d'escape room i reserva en l\u00ednia.","breadcrumb":{"@id":"https:\/\/escapehunt.com\/es\/barcelona\/ca\/tria-la-teva-aventura\/#breadcrumb"},"inLanguage":"ca","potentialAction":[{"@type":"ReadAction","target":["https:\/\/escapehunt.com\/es\/barcelona\/ca\/tria-la-teva-aventura\/"]}]},{"@type":"BreadcrumbList","@id":"https:\/\/escapehunt.com\/es\/barcelona\/ca\/tria-la-teva-aventura\/#breadcrumb","itemListElement":[{"@type":"ListItem","position":1,"name":"Home","item":"https:\/\/escapehunt.com\/es\/barcelona\/ca\/"},{"@type":"ListItem","position":2,"name":"TRIA LA TEVA AVENTURA"}]},{"@type":"WebSite","@id":"https:\/\/escapehunt.com\/es\/barcelona\/en\/#website","url":"https:\/\/escapehunt.com\/es\/barcelona\/en\/","name":"Barcelona","description":"Just another Escape Hunt Staging Sites site","potentialAction":[{"@type":"SearchAction","target":{"@type":"EntryPoint","urlTemplate":"https:\/\/escapehunt.com\/es\/barcelona\/en\/?s={search_term_string}"},"query-input":{"@type":"PropertyValueSpecification","valueRequired":true,"valueName":"search_term_string"}}],"inLanguage":"ca"}]}},"custom_schema_json":"","_links":{"self":[{"href":"https:\/\/staging3.escapehunt.com\/es\/barcelona\/ca\/wp-json\/wp\/v2\/pages\/171","targetHints":{"allow":["GET"]}}],"collection":[{"href":"https:\/\/staging3.escapehunt.com\/es\/barcelona\/ca\/wp-json\/wp\/v2\/pages"}],"about":[{"href":"https:\/\/staging3.escapehunt.com\/es\/barcelona\/ca\/wp-json\/wp\/v2\/types\/page"}],"author":[{"embeddable":true,"href":"https:\/\/staging3.escapehunt.com\/es\/barcelona\/ca\/wp-json\/wp\/v2\/users\/19"}],"replies":[{"embeddable":true,"href":"https:\/\/staging3.escapehunt.com\/es\/barcelona\/ca\/wp-json\/wp\/v2\/comments?post=171"}],"version-history":[{"count":0,"href":"https:\/\/staging3.escapehunt.com\/es\/barcelona\/ca\/wp-json\/wp\/v2\/pages\/171\/revisions"}],"wp:attachment":[{"href":"https:\/\/staging3.escapehunt.com\/es\/barcelona\/ca\/wp-json\/wp\/v2\/media?parent=171"}],"curies":[{"name":"wp","href":"https:\/\/api.w.org\/{rel}","templated":true}]}}