{"id":474,"date":"2018-10-28T06:34:34","date_gmt":"2018-10-28T06:34:34","guid":{"rendered":"https:\/\/staging3.escapehunt.com\/es\/barcelona\/?page_id=469"},"modified":"2019-05-01T21:37:49","modified_gmt":"2019-05-01T21:37:49","slug":"cookies-2","status":"publish","type":"page","link":"https:\/\/staging3.escapehunt.com\/es\/barcelona\/ca\/cookies-2\/","title":{"rendered":"Cookies"},"content":{"rendered":"<p>El nostre lloc web utilitza cookies i altres tecnologies de seguiment per distingir-ho d\u2019altres usuaris del nostre lloc web. Aix\u00f2 ens ajuda a brindar-li una bona experi\u00e8ncia quan navega en el nostre lloc web i tamb\u00e9 ens permet millorar el nostre lloc. En continuar navegant aquest lloc web, accepta el nostre \u00fas de cookies.<\/p>\n<p>Una cookie \u00e9s un petit arxiu de lletres i n\u00fameros que emmagatzemem en el seu navegador o en el disc dur del seu ordinador si vost\u00e8 est\u00e0 d\u2019acord. Les cookies contenen informaci\u00f3 que es transfereix al disc dur del seu ordinador.<\/p>\n<p>Algunes de les nostres p\u00e0gines web tamb\u00e9 poden contenir un petit arxiu d\u2019imatge transparent o una l\u00ednia de codi per a registrar com interactua amb ells. Sovint s\u2019utilitzen juntament amb les cookies del navegador web i s\u2019utilitzen per ajudar-nos a analitzar i millorar millor els nostres serveis i orientaran la publicitat rellevant en funci\u00f3 del seu comportament i interessos de navegaci\u00f3.<\/p>\n<p>Fem servir les cookies seg\u00fcents i tecnologies de seguiment:<\/p>\n<ul>\n<li><b>Estrictament necessari.<\/b>\u00a0Aquestes s\u00f3n necess\u00e0ries per al funcionament del nostre lloc web. Inclouen, per exemple, cookies que li permeten iniciar sessi\u00f3 en \u00e0rees segures del nostre lloc web, utilitzar un carret de compres o utilitzar els serveis de facturaci\u00f3 electr\u00f2nica.<\/li>\n<li><b>Anal\u00edtic \/ rendiment.<\/b>\u00a0Ens permeten recon\u00e8ixer i comptar el nombre de visitants i veure com els visitants es mouen pel nostre lloc web quan ho estan fent servir. Aix\u00f2 ens ajuda a millorar la forma en qu\u00e8 funciona el nostre lloc web, per exemple, en garantir que els usuaris trobin el que busquen amb facilitat.<\/li>\n<li><b>Funcionalitat.<\/b>\u00a0Aquestes es fan servir per recon\u00e8ixer-ho quan torni al nostre lloc web. Aix\u00f2 ens permet personalitzar el nostre contingut, saludar pel seu nom i recordar les seves prefer\u00e8ncies (per exemple, la seva elecci\u00f3 d\u2019idioma o regi\u00f3).<\/li>\n<li><b>Orientaci\u00f3.<\/b>\u00a0Aquests registren la seva visita al nostre lloc web, les p\u00e0gines que ha visitat i els enlla\u00e7os que ha seguit. Utilitzarem aquesta informaci\u00f3 perqu\u00e8 el nostre lloc web i la publicitat que es mostra en ell siguin m\u00e9s rellevants per als seus interessos. Tamb\u00e9 podem compartir aquesta informaci\u00f3 amb tercers per a aquesta fi: si ha visitat el nostre lloc, \u00e9s possible que es publiqui amb la nostra publicitat en llocs de tercers (per exemple, a Facebook).<\/li>\n<\/ul>\n<p>Podeu trobar m\u00e9s informaci\u00f3 sobre les cookies individuals que utilitzem i els fins per als quals les fem servir en la taula seg\u00fcent:<\/p>\n<table class=\"dx-responsive-table cookies\" width=\"100%\">\n<thead>\n<tr>\n<td width=\"28%\"><b>Tipus de cookies<\/b><\/td>\n<td width=\"15%\"><b>Nom<\/b><\/td>\n<td width=\"42%\"><b>Prop\u00f2sit<\/b><\/td>\n<td width=\"13%\"><b>Caducitat<\/b><\/td>\n<\/tr>\n<\/thead>\n<tbody>\n<tr>\n<td width=\"28%\">Estrictament necessari<\/td>\n<td width=\"15%\">eh_accepts_cookies<\/td>\n<td>Les fem servir per registrar que ha acceptat el nostre \u00fas de cookies la primera vegada que va visitar el nostre lloc web. Gravar aix\u00f2 ens impedeix preguntar-li cada vegada que visita el nostre lloc web<\/td>\n<td>Mai<\/td>\n<\/tr>\n<tr>\n<td width=\"28%\">Estrictament necessari<\/td>\n<td>wpcookienotifier_dismissed<\/td>\n<td>Les fem servir per registrar que ha acceptat el nostre \u00fas de cookies la primera vegada que va visitar el nostre lloc web. Gravar aix\u00f2 ens impedeix preguntar-li cada vegada que visita el nostre lloc web<\/td>\n<td>365\u00a0 dies<\/td>\n<\/tr>\n<tr>\n<td width=\"28%\">Anal\u00edtic\/rendiment<\/td>\n<td width=\"15%\">_ga<\/td>\n<td width=\"42%\">Aix\u00f2 ens ajuda a comprendre quantes persones visiten el lloc web al rastrejar si ho ha visitat anteriorment.<\/td>\n<td width=\"13%\">2 any<\/td>\n<\/tr>\n<tr>\n<td width=\"28%\">Anal\u00edtic\/rendiment<\/td>\n<td width=\"15%\">_gid<\/td>\n<td width=\"42%\">Aix\u00f2 ens ajuda a comprendre quantes persones visiten el lloc web al rastrejar si ho ha visitat anteriorment.<\/td>\n<td width=\"13%\">24 hores<\/td>\n<\/tr>\n<tr>\n<td width=\"28%\">Anal\u00edtic\/rendiment<\/td>\n<td width=\"15%\">_gat<\/td>\n<td width=\"42%\">Aix\u00f2 es fa servir per ajudar-nos a administrar la velocitat a la qual es realitzen les sol\u00b7licituds de vista de p\u00e0gina<\/td>\n<td width=\"13%\">1 minut<\/td>\n<\/tr>\n<tr>\n<td width=\"28%\">Anal\u00edtic\/rendiment<\/td>\n<td width=\"15%\">AMP_TOKEN<\/td>\n<td width=\"42%\">Aix\u00f2 es fa servir per rastrejar com vas arribar a la p\u00e0gina que est\u00e0s visitant<\/td>\n<td width=\"13%\">De 30 segons a 1 any<\/td>\n<\/tr>\n<tr>\n<td width=\"28%\">Anal\u00edtic\/rendiment<\/td>\n<td width=\"15%\">_gac_&lt;property-id&gt;<\/td>\n<td width=\"42%\">Aix\u00f2 ens ajuda a mesurar l\u2019efectivitat de la nostra activitat de m\u00e0rqueting a rastrejar la conversi\u00f3 a anuncis que possiblement hagi vist abans de visitar el nostre lloc web.<\/td>\n<td width=\"13%\">90 dies<\/td>\n<\/tr>\n<tr>\n<td width=\"28%\">Anal\u00edtic\/rendiment<\/td>\n<td width=\"15%\">_hjIncludedInSample<\/td>\n<td width=\"42%\">Aquesta cookie de sessi\u00f3 est\u00e0 configurada per rastrejar com navega el lloc<\/td>\n<td width=\"13%\">365 dies<\/td>\n<\/tr>\n<tr>\n<td width=\"28%\">Funcional<\/td>\n<td width=\"15%\">hjClosedSurveyInvites<\/td>\n<td width=\"42%\">De tant en tant podem demanar-li que completi una enquesta. Quan fem aix\u00f2, aquesta cookie s\u2019utilitza per garantir que no li sol\u00b7licitem que completi l\u2019enquesta novament.<\/td>\n<td width=\"13%\">365 dies<\/td>\n<\/tr>\n<tr>\n<td width=\"28%\">Funcional<\/td>\n<td width=\"15%\">_hjDonePolls<\/td>\n<td width=\"42%\">Aquesta cookie s\u2019utilitza si completa una enquesta amb el widget d\u2019Enquesta de vots, aix\u00f2 \u00e9s per garantir que no li sol\u00b7licitem que completi la mateixa enquesta dues vegades<\/td>\n<td width=\"13%\">365 dies<\/td>\n<\/tr>\n<tr>\n<td width=\"28%\">Funcional<\/td>\n<td width=\"15%\">_hjMinimizedPolls<\/td>\n<td width=\"42%\">Aquesta cookie s\u2019utilitza per rastrejar si ha minimitzat el widget d\u2019enquesta de vots per assegurar-se que el widget es mantingui minimitzat a mesura que navega pel nostre lloc web.<\/td>\n<td width=\"13%\">365 dies<\/td>\n<\/tr>\n<tr>\n<td width=\"28%\">Funcional<\/td>\n<td width=\"15%\">_hjDoneTestersWidgets<\/td>\n<td width=\"42%\">Aquesta cookie s\u2019estableix una vegada que envia informaci\u00f3 al widget de Reclutament d\u2019usuaris. S\u2019utilitza per garantir que el mateix formulari no torni a apar\u00e8ixer novament si ja ho ha completat.<\/td>\n<td width=\"13%\">365\u00a0dies<\/td>\n<\/tr>\n<tr>\n<td width=\"28%\">Funcional<\/td>\n<td width=\"15%\">_hjMinimizedTestersWidgets<\/td>\n<td width=\"42%\">Aquesta cookie s\u2019estableix si minimitza un widget de Reclutament d\u2019usuaris. Es fa servir per garantir que el widget romangui minimitzat quan navega pel seu lloc.<\/td>\n<td width=\"13%\">365 dies<\/td>\n<\/tr>\n<tr>\n<td width=\"28%\">Funcional<\/td>\n<td width=\"15%\">_hjDoneSurveys<\/td>\n<td width=\"42%\">Aquesta cookie s\u2019estableix una vegada que completa una enquesta. S\u2019usa nom\u00e9s per carregar el contingut de l\u2019enquesta si encara no ha completat l\u2019enquesta.<\/td>\n<td width=\"13%\">365 dies<\/td>\n<\/tr>\n<tr>\n<td width=\"28%\">Funcional<\/td>\n<td width=\"15%\">_hjShownFeedbackMessage<\/td>\n<td width=\"42%\">Aquesta cookie s\u2019estableix quan minimitza o completa els comentaris entrants. Aix\u00f2 es fa perqu\u00e8 la retroalimentaci\u00f3 entrant es carregui com minimitzada immediatament si navega a una altra p\u00e0gina on est\u00e0 configurat per mostrar.<\/td>\n<td width=\"13%\">365\u00a0\u00a0dies<\/td>\n<\/tr>\n<tr>\n<td width=\"28%\">Funcional<\/td>\n<td width=\"15%\">_icl_current_language<\/td>\n<td width=\"42%\">Aquestes cookies s\u2019utilitzen per gestionar l\u2019aspecte multiling\u00fce del nostre lloc web<\/td>\n<td width=\"13%\">2\u00a0dies<\/td>\n<\/tr>\n<tr>\n<td width=\"28%\">Funcional<\/td>\n<td width=\"15%\">_icl_visitor_lang_js<\/td>\n<td width=\"42%\">Aquestes cookies s\u2019utilitzen per gestionar l\u2019aspecte multiling\u00fce del nostre lloc web<\/td>\n<td width=\"13%\">2\u00a0dies<\/td>\n<\/tr>\n<tr>\n<td width=\"28%\">Funcional<\/td>\n<td width=\"15%\">wpml_browser_redirect_test<\/td>\n<td width=\"42%\">Aquesta cookie es fa servir per provar si les cookies estan habilitades<\/td>\n<td width=\"13%\">Mai<\/td>\n<\/tr>\n<tr>\n<td width=\"28%\">Funcional<\/td>\n<td width=\"15%\">wpml_referer_url<\/td>\n<td width=\"42%\">Aquesta cookie registra l\u2019\u00faltima URL sol\u00b7licitada a la part davantera<\/td>\n<td width=\"13%\">Aquesta cookie caduca tan bon punt es tanca el navegador<\/td>\n<\/tr>\n<tr>\n<td width=\"28%\">Funcional<\/td>\n<td width=\"15%\">woocommerce_cart_hash<\/td>\n<td width=\"42%\">Aquesta cookie emmagatzema la informaci\u00f3 del que t\u00e9 a la cistella en alguns dels nostres llocs locals<\/td>\n<td width=\"13%\">Mai<\/td>\n<\/tr>\n<tr>\n<td width=\"28%\">Funcional<\/td>\n<td width=\"15%\">woocommerce_items_in_cart<\/td>\n<td width=\"42%\">Aquesta cookie indica quan es realitzen canvis en els articles de la cistella en alguns dels nostres llocs locals<\/td>\n<td width=\"13%\">Mai<\/td>\n<\/tr>\n<tr>\n<td width=\"28%\">Funcional<\/td>\n<td width=\"15%\">wp_woocommerce_session_<\/td>\n<td width=\"42%\">Utilitzem aquesta cookie per recuperar la seva cistella quan torni al lloc en alguns dels nostres llocs locals.<\/td>\n<td width=\"13%\">4\u00a0dies<\/td>\n<\/tr>\n<tr>\n<td width=\"28%\">Funcional<\/td>\n<td width=\"15%\">woocommerce_recently_viewed<\/td>\n<td width=\"42%\">Aquesta cookie registra elements que recentment ha vist en alguns dels nostres llocs locals<\/td>\n<td width=\"13%\">Nunca<\/td>\n<\/tr>\n<tr>\n<td width=\"28%\">Funcional<\/td>\n<td width=\"15%\">_wcml_booking_currency<\/td>\n<td width=\"42%\">Aquestes cookies s\u2019utilitzen per registrar i administrar monedes en parts del nostre lloc web a alguns dels nostres llocs locals.<\/td>\n<td width=\"13%\">1\u00a0dia<\/td>\n<\/tr>\n<tr>\n<td width=\"28%\">Funcional<\/td>\n<td width=\"15%\">_wcml_dashboard_currency<\/td>\n<td width=\"42%\">Aquestes cookies s\u2019utilitzen per registrar i administrar monedes en parts del nostre lloc web a alguns dels nostres llocs locals.<\/td>\n<td width=\"13%\">1\u00a0dia<\/td>\n<\/tr>\n<tr>\n<td width=\"28%\">Funcional<\/td>\n<td width=\"15%\">_wcml_order_currency<\/td>\n<td width=\"42%\">Aquestes cookies s\u2019utilitzen per registrar i administrar monedes en parts del nostre lloc web a alguns dels nostres llocs locals.<\/td>\n<td width=\"13%\">1\u00a0dia<\/td>\n<\/tr>\n<tr>\n<td width=\"28%\">Funcional<\/td>\n<td width=\"15%\">_wcml_reports_currency<\/td>\n<td width=\"42%\">Aquestes cookies s\u2019utilitzen per registrar i administrar monedes en parts del nostre lloc web a alguns dels nostres llocs locals.<\/td>\n<td width=\"13%\">1\u00a0dia<\/td>\n<\/tr>\n<tr>\n<td width=\"28%\">Funcional<\/td>\n<td width=\"15%\">_wcml_dashboard_order_language<\/td>\n<td width=\"42%\">Aquesta cookie s\u2019utilitza per registrar i administrar l\u2019idioma en parts del nostre lloc web<\/td>\n<td width=\"13%\">1\u00a0dia<\/td>\n<\/tr>\n<tr>\n<td width=\"28%\">Funcional<\/td>\n<td width=\"15%\">hjClosedSurveyInvites<\/td>\n<td width=\"42%\">De tant en tant podem demanar-li que completi una Enquesta. Quan fem aix\u00f2, aquesta cookie s\u2019utilitza per garantir que no li sol\u00b7licitem que completi l\u2019enquesta novament.<\/td>\n<td width=\"13%\">365\u00a0dies<\/td>\n<\/tr>\n<tr>\n<td width=\"28%\">Funcional<\/td>\n<td width=\"15%\">_hjDonePolls<\/td>\n<td width=\"42%\">Aquesta cookie s\u2019utilitza si completa una enquesta amb el giny de Enquesta de vots, aix\u00f2 \u00e9s per garantir que no li sol\u00b7licitem que completi la mateixa enquesta dues vegades<\/td>\n<td width=\"13%\">365\u00a0dies<\/td>\n<\/tr>\n<tr>\n<td width=\"28%\">Funcional<\/td>\n<td width=\"15%\">_hjMinimizedPolls<\/td>\n<td width=\"42%\">Aquesta cookie s\u2019utilitza per rastrejar si ha minimitzat el widget d\u2019Enquesta de vots per assegurar-se que el widget es mantingui minimitzat a mesura que navega pel nostre lloc web.<\/td>\n<td width=\"13%\">365\u00a0dies<\/td>\n<\/tr>\n<tr>\n<td width=\"28%\">Funcional<\/td>\n<td width=\"15%\">_hjDoneTestersWidgets<\/td>\n<td width=\"42%\">Aquesta cookie s\u2019estableix una vegada que envia informaci\u00f3 en un widget de reclutament d\u2019usuaris. S\u2019utilitza per garantir que el mateix formulari no torni a apar\u00e8ixer novament si ja ho ha completat.<\/td>\n<td width=\"13%\">365\u00a0dies<\/td>\n<\/tr>\n<tr>\n<td width=\"28%\">Funcional<\/td>\n<td width=\"15%\">_hjMinimizedTestersWidgets<\/td>\n<td width=\"42%\">Aquesta cookie s\u2019estableix si minimitza un widget de reclutament d\u2019usuaris. Es fa servir per garantir que el widget romangui minimitzat quan navega pel seu lloc.<\/td>\n<td width=\"13%\">365\u00a0dies<\/td>\n<\/tr>\n<tr>\n<td width=\"28%\">Funcional<\/td>\n<td width=\"15%\">_hjDoneSurveys<\/td>\n<td width=\"42%\">Aquesta cookie s\u2019estableix una vegada que completa una enquesta. S\u2019usa nom\u00e9s per carregar el contingut de l\u2019enquesta si encara no ha completat l\u2019enquesta.<\/td>\n<td width=\"13%\">365\u00a0dies<\/td>\n<\/tr>\n<tr>\n<td width=\"28%\">Funcional<\/td>\n<td width=\"15%\">_hjShownFeedbackMessage<\/td>\n<td width=\"42%\">Aquesta cookie s\u2019estableix quan minimitza o completa els comentaris entrants. Aix\u00f2 es fa perqu\u00e8 la retroalimentaci\u00f3 entrant es carregui com minimitzada immediatament si navega a una altra p\u00e0gina on est\u00e0 configurat per mostrar.<\/td>\n<td width=\"13%\">365\u00a0dies<\/td>\n<\/tr>\n<tr>\n<td width=\"28%\">Orientaci\u00f3<\/td>\n<td width=\"15%\">Facebook Pixel<\/td>\n<td width=\"42%\">Aix\u00f2 fa un seguiment de les seves visites al nostre lloc web i s\u2019utilitza per dirigir-se a vost\u00e8 amb promocions rellevants quan ingressa en el seu compte de Facebook. La informaci\u00f3 recopilada roman an\u00f2nima per Escape Hunt i no pot utilitzar-se per identificar-lo, per\u00f2, Facebook rep i processa la informaci\u00f3, que pot connectar les dades amb el seu compte de Facebook.<\/td>\n<td width=\"13%\">n\/a<\/td>\n<\/tr>\n<\/tbody>\n<\/table>\n<p>Recordeu que els tercers (inclosos, per exemple, les xarxes de publicitat i els prove\u00efdors de serveis externs, com els serveis d\u2019an\u00e0lisi de tr\u00e0nsit web) tamb\u00e9 poden usar cookies, sobre les quals no tenim control. \u00c9s probable que aquestes cookies siguin cookiess anal\u00edtiques \/de rendiment o cookiess de segmentaci\u00f3<\/p>\n<p>Pot bloquejar les cookies activant la configuraci\u00f3 al teu navegador que li permet rebutjar la configuraci\u00f3 de totes o algunes de les cookies. No obstant aix\u00f2, si utilitza la configuraci\u00f3 del seu navegador per bloquejar totes les cookies (incloses les ccokies essencials), \u00e9s possible que no pugui accedir a totes les parts del nostre lloc.<\/p>\n<p>Per obtenir m\u00e9s informaci\u00f3 sobre Facebook Pixel i sobre com actualitzar la seva configuraci\u00f3 de publicitat de Facebook, visiteu: facebook.com\/sobre\/privacitat.<\/p>\n","protected":false},"excerpt":{"rendered":"<p>El nostre lloc web utilitza cookies i altres tecnologies de seguiment per distingir-ho d\u2019altres usuaris del nostre lloc web. Aix\u00f2 ens ajuda a brindar-li una bona experi\u00e8ncia quan navega en&hellip;<\/p>\n","protected":false},"author":60,"featured_media":0,"parent":0,"menu_order":0,"comment_status":"closed","ping_status":"closed","template":"","meta":{"_acf_changed":false,"footnotes":""},"class_list":["post-474","page","type-page","status-publish","hentry"],"acf":{"custom_schema_json":""},"yoast_head":"<!-- This site is optimized with the Yoast SEO plugin v27.3 - https:\/\/yoast.com\/product\/yoast-seo-wordpress\/ -->\n<title>Cookies | Escape Hunt Barcelona<\/title>\n<meta name=\"description\" content=\"Llegiu la pol\u00edtica de cookies d&#039;Escape Hunt.\" \/>\n<meta name=\"robots\" content=\"noindex, follow, max-snippet:-1, max-image-preview:large, max-video-preview:-1\" \/>\n<meta property=\"og:locale\" content=\"ca_ES\" \/>\n<meta property=\"og:type\" content=\"article\" \/>\n<meta property=\"og:title\" content=\"Cookies | Escape Hunt Barcelona\" \/>\n<meta property=\"og:description\" content=\"Llegiu la pol\u00edtica de cookies d&#039;Escape Hunt.\" \/>\n<meta property=\"og:url\" content=\"https:\/\/escapehunt.com\/es\/barcelona\/ca\/cookies-2\/\" \/>\n<meta property=\"og:site_name\" content=\"Barcelona\" \/>\n<meta property=\"article:modified_time\" content=\"2019-05-01T21:37:49+00:00\" \/>\n<meta name=\"twitter:card\" content=\"summary_large_image\" \/>\n<meta name=\"twitter:label1\" content=\"Temps estimat de lectura\" \/>\n\t<meta name=\"twitter:data1\" content=\"8 minuts\" \/>\n<script type=\"application\/ld+json\" class=\"yoast-schema-graph\">{\"@context\":\"https:\\\/\\\/schema.org\",\"@graph\":[{\"@type\":\"WebPage\",\"@id\":\"https:\\\/\\\/escapehunt.com\\\/es\\\/barcelona\\\/ca\\\/cookies-2\\\/\",\"url\":\"https:\\\/\\\/escapehunt.com\\\/es\\\/barcelona\\\/ca\\\/cookies-2\\\/\",\"name\":\"Cookies | Escape Hunt Barcelona\",\"isPartOf\":{\"@id\":\"https:\\\/\\\/escapehunt.com\\\/es\\\/barcelona\\\/en\\\/#website\"},\"datePublished\":\"2018-10-28T06:34:34+00:00\",\"dateModified\":\"2019-05-01T21:37:49+00:00\",\"description\":\"Llegiu la pol\u00edtica de cookies d'Escape Hunt.\",\"breadcrumb\":{\"@id\":\"https:\\\/\\\/escapehunt.com\\\/es\\\/barcelona\\\/ca\\\/cookies-2\\\/#breadcrumb\"},\"inLanguage\":\"ca\",\"potentialAction\":[{\"@type\":\"ReadAction\",\"target\":[\"https:\\\/\\\/escapehunt.com\\\/es\\\/barcelona\\\/ca\\\/cookies-2\\\/\"]}]},{\"@type\":\"BreadcrumbList\",\"@id\":\"https:\\\/\\\/escapehunt.com\\\/es\\\/barcelona\\\/ca\\\/cookies-2\\\/#breadcrumb\",\"itemListElement\":[{\"@type\":\"ListItem\",\"position\":1,\"name\":\"Home\",\"item\":\"https:\\\/\\\/escapehunt.com\\\/es\\\/barcelona\\\/ca\\\/\"},{\"@type\":\"ListItem\",\"position\":2,\"name\":\"Cookies\"}]},{\"@type\":\"WebSite\",\"@id\":\"https:\\\/\\\/escapehunt.com\\\/es\\\/barcelona\\\/en\\\/#website\",\"url\":\"https:\\\/\\\/escapehunt.com\\\/es\\\/barcelona\\\/en\\\/\",\"name\":\"Barcelona\",\"description\":\"Just another Escape Hunt Staging Sites site\",\"potentialAction\":[{\"@type\":\"SearchAction\",\"target\":{\"@type\":\"EntryPoint\",\"urlTemplate\":\"https:\\\/\\\/escapehunt.com\\\/es\\\/barcelona\\\/en\\\/?s={search_term_string}\"},\"query-input\":{\"@type\":\"PropertyValueSpecification\",\"valueRequired\":true,\"valueName\":\"search_term_string\"}}],\"inLanguage\":\"ca\"}]}<\/script>\n<!-- \/ Yoast SEO plugin. -->","yoast_head_json":{"title":"Cookies | Escape Hunt Barcelona","description":"Llegiu la pol\u00edtica de cookies d'Escape Hunt.","robots":{"index":"noindex","follow":"follow","max-snippet":"max-snippet:-1","max-image-preview":"max-image-preview:large","max-video-preview":"max-video-preview:-1"},"og_locale":"ca_ES","og_type":"article","og_title":"Cookies | Escape Hunt Barcelona","og_description":"Llegiu la pol\u00edtica de cookies d'Escape Hunt.","og_url":"https:\/\/escapehunt.com\/es\/barcelona\/ca\/cookies-2\/","og_site_name":"Barcelona","article_modified_time":"2019-05-01T21:37:49+00:00","twitter_card":"summary_large_image","twitter_misc":{"Temps estimat de lectura":"8 minuts"},"schema":{"@context":"https:\/\/schema.org","@graph":[{"@type":"WebPage","@id":"https:\/\/escapehunt.com\/es\/barcelona\/ca\/cookies-2\/","url":"https:\/\/escapehunt.com\/es\/barcelona\/ca\/cookies-2\/","name":"Cookies | Escape Hunt Barcelona","isPartOf":{"@id":"https:\/\/escapehunt.com\/es\/barcelona\/en\/#website"},"datePublished":"2018-10-28T06:34:34+00:00","dateModified":"2019-05-01T21:37:49+00:00","description":"Llegiu la pol\u00edtica de cookies d'Escape Hunt.","breadcrumb":{"@id":"https:\/\/escapehunt.com\/es\/barcelona\/ca\/cookies-2\/#breadcrumb"},"inLanguage":"ca","potentialAction":[{"@type":"ReadAction","target":["https:\/\/escapehunt.com\/es\/barcelona\/ca\/cookies-2\/"]}]},{"@type":"BreadcrumbList","@id":"https:\/\/escapehunt.com\/es\/barcelona\/ca\/cookies-2\/#breadcrumb","itemListElement":[{"@type":"ListItem","position":1,"name":"Home","item":"https:\/\/escapehunt.com\/es\/barcelona\/ca\/"},{"@type":"ListItem","position":2,"name":"Cookies"}]},{"@type":"WebSite","@id":"https:\/\/escapehunt.com\/es\/barcelona\/en\/#website","url":"https:\/\/escapehunt.com\/es\/barcelona\/en\/","name":"Barcelona","description":"Just another Escape Hunt Staging Sites site","potentialAction":[{"@type":"SearchAction","target":{"@type":"EntryPoint","urlTemplate":"https:\/\/escapehunt.com\/es\/barcelona\/en\/?s={search_term_string}"},"query-input":{"@type":"PropertyValueSpecification","valueRequired":true,"valueName":"search_term_string"}}],"inLanguage":"ca"}]}},"custom_schema_json":"","_links":{"self":[{"href":"https:\/\/staging3.escapehunt.com\/es\/barcelona\/ca\/wp-json\/wp\/v2\/pages\/474","targetHints":{"allow":["GET"]}}],"collection":[{"href":"https:\/\/staging3.escapehunt.com\/es\/barcelona\/ca\/wp-json\/wp\/v2\/pages"}],"about":[{"href":"https:\/\/staging3.escapehunt.com\/es\/barcelona\/ca\/wp-json\/wp\/v2\/types\/page"}],"author":[{"embeddable":true,"href":"https:\/\/staging3.escapehunt.com\/es\/barcelona\/ca\/wp-json\/wp\/v2\/users\/60"}],"replies":[{"embeddable":true,"href":"https:\/\/staging3.escapehunt.com\/es\/barcelona\/ca\/wp-json\/wp\/v2\/comments?post=474"}],"version-history":[{"count":0,"href":"https:\/\/staging3.escapehunt.com\/es\/barcelona\/ca\/wp-json\/wp\/v2\/pages\/474\/revisions"}],"wp:attachment":[{"href":"https:\/\/staging3.escapehunt.com\/es\/barcelona\/ca\/wp-json\/wp\/v2\/media?parent=474"}],"curies":[{"name":"wp","href":"https:\/\/api.w.org\/{rel}","templated":true}]}}