{"id":480,"date":"2018-10-28T07:09:04","date_gmt":"2018-10-28T07:09:04","guid":{"rendered":"https:\/\/staging3.escapehunt.com\/es\/barcelona\/?page_id=480"},"modified":"2020-05-20T05:11:17","modified_gmt":"2020-05-20T05:11:17","slug":"termes-i-condicions","status":"publish","type":"page","link":"https:\/\/staging3.escapehunt.com\/es\/barcelona\/ca\/termes-i-condicions\/","title":{"rendered":"Termes i Condicions"},"content":{"rendered":"<p>Utilitzant el nostre lloc web requereix l\u2019acceptaci\u00f3 del seg\u00fcent:<\/p>\n<p>WEB THE ESCAPAMENT HUNT EXPERIENCE<\/p>\n<p>1. El lloc web www.escapehunt.com \u00e9s propietat i est\u00e0 operat per Escape Hunt Operations Ltd, t\/a \u201cThe Escape Hunt Experience\u201d. L\u2019empresa es reserva el dret de modificar o variar aquests termes i condicions, incloent qualsevol dels continguts del lloc web de tant en tant a la seva discreci\u00f3 i sense previ av\u00eds.<\/p>\n<p>2. Els termes en endavant, s\u2019apliquen a la utilitzaci\u00f3 per qualsevol visitant de la p\u00e0gina web Escape Hunt i s\u2019han de llegir acuradament abans de qualsevol \u00fas.<\/p>\n<p>3. The Escape Hunt Experience fa tot el possible per proporcionar-li la informaci\u00f3 m\u00e9s actualitzada i precisa en el seu lloc web.<\/p>\n<p>4. La p\u00e0gina web The Escape Hunt Experience \u00e9s per al seu \u00fas personal i no comercial. Vost\u00e8 no pot modificar, copiar, distribuir, transmetre, mostrar, executar, reproduir, publicar, llicenciar, crear treballs derivats, transferir o vendre qualsevol informaci\u00f3 obtinguda d\u2019aquest lloc web.<\/p>\n<p>5. No se li permet connectar-se o usar la totalitat o part de la p\u00e0gina web The Escape Hunt Experience per a qualsevol prop\u00f2sit que sigui fraudulent, il legal, difamatori, nociu, obsc\u00e8 o objectable.<\/p>\n<p>6. Vost\u00e8 accepta que Internet no \u00e9s totalment segur. The Escape Hunt Experience prendre totes les mesures apropiades per protegir la seguretat dels pagaments i la informaci\u00f3 de la targeta de d\u00e8bit \/ cr\u00e8dit, encara que Escape Hunt no ser\u00e0 responsable per qualsevol dany que puguin patir com a resultat de la p\u00e8rdua de confidencialitat d\u2019aquesta informaci\u00f3.<\/p>\n<p>7. Escape Hunt no ser\u00e0 responsable davant cap persona per danys directes o indirectes, conseq\u00fcents o incidentals, incloent (sense limitaci\u00f3) p\u00e8rdua de guanys o ingressos, p\u00e8rdua d\u2019oportunitats, els costos de substituci\u00f3 dels b\u00e9ns o serveis, p\u00e8rdua o danys de les dades o interrupci\u00f3 del negoci, que sorgeixi de qualsevol \u00fas de la p\u00e0gina web.<\/p>\n<p>DRETS D\u2019AUTOR I CONFIDENCIALITAT<\/p>\n<p>8. Tots els noms, dissenys i esl\u00f2gans utilitzats en el lloc web, en qualsevol operaci\u00f3 de comercialitzaci\u00f3 i en els locals tenen els drets d\u2019autor d\u2019escapament Hunt Operations Ltd i els seus propietaris. No es permet l\u2019\u00fas o reproducci\u00f3 de qualsevol tipus.<\/p>\n<p>9. Tots els jugadors d\u2019escapament Hunt pel fet de fer una reserva convenen adoptar, no discutir, divulgar o difondre qualsevol informaci\u00f3 sobre el contingut dels jocs o qualsevol altra informaci\u00f3 de propietat. En jugar els jocs, tots els jugadors es comprometen a no transmetre aquesta informaci\u00f3 o es fan a si mateixos subjectes a enjudiciament en virtut d\u2019incompliment de les normes de confidencialitat.<\/p>\n<p>RESERVES<\/p>\n<p>1. Els \u00fanics idiomes disponibles per tancar un contracte de reserva en l\u00ednia s\u00f3n el catal\u00e0, el castell\u00e0 i l&#8217;angl\u00e8s.<br \/>\n2. Nom\u00e9s la (es) persona (es) que tinguin almenys 18 anys d&#8217;edat se&#8217;ls permet reservar un Joc.<br \/>\n3. \u00c9s la seva responsabilitat verificar que els Jocs emesos a vost\u00e8 s\u00f3n exactes.<br \/>\n4. Qualsevol compra d&#8217;un Joc nom\u00e9s \u00e9s v\u00e0lid quan es processa per Escape Hunt.<br \/>\n5. No es permet el trasllat dels jocs a un tercer. Cal posar-se en contacte amb nosaltres en circumst\u00e0ncies especials.<br \/>\n6. Els jocs no poden ser transferits o revenuts amb fins comercials o en un premi. Si un joc es transfereix o revenut en incompliment d&#8217;aquesta condici\u00f3, el portador del Joc o la persona que reclama el dret d&#8217;assistir a l&#8217;esdeveniment es denegar\u00e0 l&#8217;entrada en el joc.<br \/>\n7. Vost\u00e8 \u00e9s l&#8217;\u00fanic responsable d&#8217;introduir les seves dades correctament en el formulari de reserva en l\u00ednia. Mitjan\u00e7ant la presentaci\u00f3 d&#8217;un formulari de reserva que garanteix als Escape Hunt que totes les dades facilitades per vost\u00e8 s\u00f3n veritables i exactes.<br \/>\n8. Rebr\u00e0 la confirmaci\u00f3 de la seva reserva nom\u00e9s a trav\u00e9s de correu electr\u00f2nic. Escape Hunt no enviar\u00e0 una confirmaci\u00f3 addicional a trav\u00e9s de correu o missatge de text.<br \/>\n9. Les reserves en l\u00ednia nom\u00e9s es poden realitzar amb un nombre determinat de dies d&#8217;antelaci\u00f3. Per reserves m\u00e9s avan\u00e7ades, si us plau poseu-vos en contacte amb Escape Hunt a trav\u00e9s de correu electr\u00f2nic o tel\u00e8fon.<br \/>\n10. La reserva es converteix en nul\u00b7la i l&#8217;entrada ser\u00e0 rebutjada si l&#8217;equip arriba 30 minuts o m\u00e9s tard. En aquesta situaci\u00f3, els diners no s\u00f3n reemborsables i la reserva no es pot canviar.<br \/>\n11. Totes les reserves s\u00f3n definitives, ja que aix\u00f2 \u00e9s un joc en VIU. No es permeten canvis, cancel\u00b7lacions o reprogramacions. En el cas improbable que podem oferir un nou horari o un altre servei, se li cobrar\u00e0 una tarifa d&#8217;administraci\u00f3. Se li notificar\u00e0 aix\u00f2 en el moment que estem d&#8217;acord per brindar aquest servei.<br \/>\n12. For\u00e7a Major. Escape Hunt no es fa responsable dels retards o les obstruccions que causen retard de la seva arribada ja sigui causat pel mal temps, vagues, protestes, inundacions, embussos de tr\u00e0nsit, disturbis civils o qualsevol altra ra\u00f3. \u00c9s la seva exclusiva responsabilitat per arribar a temps d&#8217;acord al seu servei.<\/p>\n<p>PREU I PAGAMENT<\/p>\n<p>1. El preu (amb IVA corresponent) d&#8217;un joc per persona s&#8217;afirma a la p\u00e0gina web Escape Hunt en la part de la reserva.<br \/>\n2. El preu es fixa d&#8217;acord a el nombre de persones en una habitaci\u00f3 (2 &#8211; 6 persones) i per al dia de la setmana.<br \/>\n3. Les reserves es poden fer en l\u00ednia al lloc web Escape Hunt, a trav\u00e9s de tel\u00e8fon, correu electr\u00f2nic o personalment a la sucursal.<br \/>\n4. Qualsevol targeta de cr\u00e8dit, d\u00e8bit o efectiu, s&#8217;accepta per fer el pagament.<br \/>\n5. Es requereix el pagament complet en el moment d&#8217;efectuar la reserva o pot fer-se en el moment de la visita, per\u00f2 es necessitar\u00e0 una targeta de cr\u00e8dit per garantir.<br \/>\n6. Escape Hunt \u00e9s un esdeveniment en viu pel que no s&#8217;accepten un cop confirmada la reserva devolucions, cancel\u00b7lacions o reprogramacions.<br \/>\n7. Si menys persones assisteixen a el joc que es reserva, no se li reemborsar\u00e0 la difer\u00e8ncia de preu.<br \/>\n8. Si m\u00e9s persones assisteixen el joc que estan reservat (fins a 6 persones una habitaci\u00f3) l&#8217;extra es pot pagar en efectiu en arribar al local.<br \/>\n9. Despeses d&#8217;administraci\u00f3 s\u00f3n pagadors per canvis en les reserves. 20 \u20ac per a qualsevol canvi.<\/p>\n<div><em>CONTACTE<br \/>\n<\/em><br \/>\nSi heu de posar-vos en contacte amb Escape Hunt pot fer-ho utilitzant qualsevol dels m\u00e8todes seg\u00fcents:<br \/>\n&#8211; Email:\u00a0<a href=\"mailto:barcelona@escapehunt.com\" target=\"_top\" rel=\"noopener noreferrer\">barcelona@escapehunt.com<\/a><br \/>\n&#8211; Tel\u00e8fon: +34 93 461 82 22<\/div>\n<div>&#8211; Correu postal: C. N\u00e0pols, 255 bis, 08025, Barcelona.<\/div>\n<p>SEGURETAT I GAUDIMENT<\/p>\n<p>1. Cada jugador d&#8217;Escape Hunt ser\u00e0 instru\u00eft abans de el joc per la seva Game Master assignat. Despr\u00e9s d&#8217;aprendre les regles de joc, cada jugador va participar en el joc en el seu propi risc. A m\u00e9s, Escape Hunt no es fa responsable dels danys (personals o d&#8217;equip) causats pel mal \u00fas sala de jocs o per no seguir les regles descrites abans de la partida.<br \/>\n2. Si vost\u00e8 es retarda per m\u00e9s de 30 minuts de l&#8217;hora original de la seva reserva, es converteix en una reserva nul\u00b7la autom\u00e0ticament i vost\u00e8 no podr\u00e0 iniciar el seu joc. Per tornar a reservar un altre horari ha de ser de les seves pr\u00f2pies despeses i d&#8217;acord amb la disponibilitat actual.<br \/>\n3. Les persones sota la influ\u00e8ncia de l&#8217;alcohol o de les drogues no prescrites poden ser rebutjats i el joc es converteix en nul. Reservat el dret de negar l&#8217;entrada a qualsevol persona que no estigui en condicions, sigui abusiu o inadequat de qualsevol manera a la sencera discreci\u00f3 dels propietaris i el personal d&#8217;Escape Hunt.<br \/>\n4. Les begudes i els aliments no es poden entrar a la recepci\u00f3 o sales de joc.<br \/>\n5. Per ser adm\u00e8s ha de confirmar el nom complet del booker i pot ser que li demani que confirmi el n\u00famero de tel\u00e8fon i adre\u00e7a de correu electr\u00f2nic, aix\u00ed com demostrar la identificaci\u00f3 i targeta de cr\u00e8dit.<br \/>\n6. Per raons de seguretat, els nens menors de 7 anys d&#8217;edat no se&#8217;ls permet entrar a les sales de joc. Qualsevol menor de 14 anys han d&#8217;anar acompanyats per a almenys un adult en tot moment.<\/p>\n","protected":false},"excerpt":{"rendered":"<p>Utilitzant el nostre lloc web requereix l\u2019acceptaci\u00f3 del seg\u00fcent: WEB THE ESCAPAMENT HUNT EXPERIENCE 1. El lloc web www.escapehunt.com \u00e9s propietat i est\u00e0 operat per Escape Hunt Operations Ltd, t\/a&hellip;<\/p>\n","protected":false},"author":60,"featured_media":0,"parent":0,"menu_order":0,"comment_status":"closed","ping_status":"closed","template":"","meta":{"_acf_changed":false,"footnotes":""},"class_list":["post-480","page","type-page","status-publish","hentry"],"acf":{"custom_schema_json":""},"yoast_head":"<!-- This site is optimized with the Yoast SEO plugin v27.3 - https:\/\/yoast.com\/product\/yoast-seo-wordpress\/ -->\n<title>Termes i Condicions | Escape Hunt Barcelona<\/title>\n<meta name=\"description\" content=\"Termes i condicions d&#039;Escape Hunt. Si us plau, revisi aquests termes i condicions abans d&#039;enviar la seva reserva a Escape Hunt Barcelona.\" \/>\n<meta name=\"robots\" content=\"noindex, follow, max-snippet:-1, max-image-preview:large, max-video-preview:-1\" \/>\n<meta property=\"og:locale\" content=\"ca_ES\" \/>\n<meta property=\"og:type\" content=\"article\" \/>\n<meta property=\"og:title\" content=\"Termes i Condicions | Escape Hunt Barcelona\" \/>\n<meta property=\"og:description\" content=\"Termes i condicions d&#039;Escape Hunt. Si us plau, revisi aquests termes i condicions abans d&#039;enviar la seva reserva a Escape Hunt Barcelona.\" \/>\n<meta property=\"og:url\" content=\"https:\/\/escapehunt.com\/es\/barcelona\/ca\/termes-i-condicions\/\" \/>\n<meta property=\"og:site_name\" content=\"Barcelona\" \/>\n<meta property=\"article:modified_time\" content=\"2020-05-20T05:11:17+00:00\" \/>\n<meta name=\"twitter:card\" content=\"summary_large_image\" \/>\n<meta name=\"twitter:label1\" content=\"Temps estimat de lectura\" \/>\n\t<meta name=\"twitter:data1\" content=\"7 minuts\" \/>\n<script type=\"application\/ld+json\" class=\"yoast-schema-graph\">{\"@context\":\"https:\\\/\\\/schema.org\",\"@graph\":[{\"@type\":\"WebPage\",\"@id\":\"https:\\\/\\\/escapehunt.com\\\/es\\\/barcelona\\\/ca\\\/termes-i-condicions\\\/\",\"url\":\"https:\\\/\\\/escapehunt.com\\\/es\\\/barcelona\\\/ca\\\/termes-i-condicions\\\/\",\"name\":\"Termes i Condicions | Escape Hunt Barcelona\",\"isPartOf\":{\"@id\":\"https:\\\/\\\/escapehunt.com\\\/es\\\/barcelona\\\/en\\\/#website\"},\"datePublished\":\"2018-10-28T07:09:04+00:00\",\"dateModified\":\"2020-05-20T05:11:17+00:00\",\"description\":\"Termes i condicions d'Escape Hunt. Si us plau, revisi aquests termes i condicions abans d'enviar la seva reserva a Escape Hunt Barcelona.\",\"breadcrumb\":{\"@id\":\"https:\\\/\\\/escapehunt.com\\\/es\\\/barcelona\\\/ca\\\/termes-i-condicions\\\/#breadcrumb\"},\"inLanguage\":\"ca\",\"potentialAction\":[{\"@type\":\"ReadAction\",\"target\":[\"https:\\\/\\\/escapehunt.com\\\/es\\\/barcelona\\\/ca\\\/termes-i-condicions\\\/\"]}]},{\"@type\":\"BreadcrumbList\",\"@id\":\"https:\\\/\\\/escapehunt.com\\\/es\\\/barcelona\\\/ca\\\/termes-i-condicions\\\/#breadcrumb\",\"itemListElement\":[{\"@type\":\"ListItem\",\"position\":1,\"name\":\"Home\",\"item\":\"https:\\\/\\\/escapehunt.com\\\/es\\\/barcelona\\\/ca\\\/\"},{\"@type\":\"ListItem\",\"position\":2,\"name\":\"Termes i Condicions\"}]},{\"@type\":\"WebSite\",\"@id\":\"https:\\\/\\\/escapehunt.com\\\/es\\\/barcelona\\\/en\\\/#website\",\"url\":\"https:\\\/\\\/escapehunt.com\\\/es\\\/barcelona\\\/en\\\/\",\"name\":\"Barcelona\",\"description\":\"Just another Escape Hunt Staging Sites site\",\"potentialAction\":[{\"@type\":\"SearchAction\",\"target\":{\"@type\":\"EntryPoint\",\"urlTemplate\":\"https:\\\/\\\/escapehunt.com\\\/es\\\/barcelona\\\/en\\\/?s={search_term_string}\"},\"query-input\":{\"@type\":\"PropertyValueSpecification\",\"valueRequired\":true,\"valueName\":\"search_term_string\"}}],\"inLanguage\":\"ca\"}]}<\/script>\n<!-- \/ Yoast SEO plugin. -->","yoast_head_json":{"title":"Termes i Condicions | Escape Hunt Barcelona","description":"Termes i condicions d'Escape Hunt. Si us plau, revisi aquests termes i condicions abans d'enviar la seva reserva a Escape Hunt Barcelona.","robots":{"index":"noindex","follow":"follow","max-snippet":"max-snippet:-1","max-image-preview":"max-image-preview:large","max-video-preview":"max-video-preview:-1"},"og_locale":"ca_ES","og_type":"article","og_title":"Termes i Condicions | Escape Hunt Barcelona","og_description":"Termes i condicions d'Escape Hunt. Si us plau, revisi aquests termes i condicions abans d'enviar la seva reserva a Escape Hunt Barcelona.","og_url":"https:\/\/escapehunt.com\/es\/barcelona\/ca\/termes-i-condicions\/","og_site_name":"Barcelona","article_modified_time":"2020-05-20T05:11:17+00:00","twitter_card":"summary_large_image","twitter_misc":{"Temps estimat de lectura":"7 minuts"},"schema":{"@context":"https:\/\/schema.org","@graph":[{"@type":"WebPage","@id":"https:\/\/escapehunt.com\/es\/barcelona\/ca\/termes-i-condicions\/","url":"https:\/\/escapehunt.com\/es\/barcelona\/ca\/termes-i-condicions\/","name":"Termes i Condicions | Escape Hunt Barcelona","isPartOf":{"@id":"https:\/\/escapehunt.com\/es\/barcelona\/en\/#website"},"datePublished":"2018-10-28T07:09:04+00:00","dateModified":"2020-05-20T05:11:17+00:00","description":"Termes i condicions d'Escape Hunt. Si us plau, revisi aquests termes i condicions abans d'enviar la seva reserva a Escape Hunt Barcelona.","breadcrumb":{"@id":"https:\/\/escapehunt.com\/es\/barcelona\/ca\/termes-i-condicions\/#breadcrumb"},"inLanguage":"ca","potentialAction":[{"@type":"ReadAction","target":["https:\/\/escapehunt.com\/es\/barcelona\/ca\/termes-i-condicions\/"]}]},{"@type":"BreadcrumbList","@id":"https:\/\/escapehunt.com\/es\/barcelona\/ca\/termes-i-condicions\/#breadcrumb","itemListElement":[{"@type":"ListItem","position":1,"name":"Home","item":"https:\/\/escapehunt.com\/es\/barcelona\/ca\/"},{"@type":"ListItem","position":2,"name":"Termes i Condicions"}]},{"@type":"WebSite","@id":"https:\/\/escapehunt.com\/es\/barcelona\/en\/#website","url":"https:\/\/escapehunt.com\/es\/barcelona\/en\/","name":"Barcelona","description":"Just another Escape Hunt Staging Sites site","potentialAction":[{"@type":"SearchAction","target":{"@type":"EntryPoint","urlTemplate":"https:\/\/escapehunt.com\/es\/barcelona\/en\/?s={search_term_string}"},"query-input":{"@type":"PropertyValueSpecification","valueRequired":true,"valueName":"search_term_string"}}],"inLanguage":"ca"}]}},"custom_schema_json":"","_links":{"self":[{"href":"https:\/\/staging3.escapehunt.com\/es\/barcelona\/ca\/wp-json\/wp\/v2\/pages\/480","targetHints":{"allow":["GET"]}}],"collection":[{"href":"https:\/\/staging3.escapehunt.com\/es\/barcelona\/ca\/wp-json\/wp\/v2\/pages"}],"about":[{"href":"https:\/\/staging3.escapehunt.com\/es\/barcelona\/ca\/wp-json\/wp\/v2\/types\/page"}],"author":[{"embeddable":true,"href":"https:\/\/staging3.escapehunt.com\/es\/barcelona\/ca\/wp-json\/wp\/v2\/users\/60"}],"replies":[{"embeddable":true,"href":"https:\/\/staging3.escapehunt.com\/es\/barcelona\/ca\/wp-json\/wp\/v2\/comments?post=480"}],"version-history":[{"count":0,"href":"https:\/\/staging3.escapehunt.com\/es\/barcelona\/ca\/wp-json\/wp\/v2\/pages\/480\/revisions"}],"wp:attachment":[{"href":"https:\/\/staging3.escapehunt.com\/es\/barcelona\/ca\/wp-json\/wp\/v2\/media?parent=480"}],"curies":[{"name":"wp","href":"https:\/\/api.w.org\/{rel}","templated":true}]}}