{"id":227,"date":"2018-10-11T09:56:53","date_gmt":"2018-10-11T09:56:53","guid":{"rendered":"https:\/\/staging3.escapehunt.com\/es\/barcelona\/?page_id=227"},"modified":"2019-05-01T21:11:07","modified_gmt":"2019-05-01T21:11:07","slug":"como-jugar","status":"publish","type":"page","link":"https:\/\/staging3.escapehunt.com\/es\/barcelona\/como-jugar\/","title":{"rendered":"C\u00f3mo jugar"},"content":{"rendered":"","protected":false},"excerpt":{"rendered":"","protected":false},"author":19,"featured_media":0,"parent":0,"menu_order":0,"comment_status":"closed","ping_status":"closed","template":"views\/how-to-play.php","meta":{"_acf_changed":false,"footnotes":""},"class_list":["post-227","page","type-page","status-publish","hentry"],"acf":{"custom_schema_json":""},"yoast_head":"<!-- This site is optimized with the Yoast SEO plugin v27.3 - https:\/\/yoast.com\/product\/yoast-seo-wordpress\/ -->\n<title>\u00bfC\u00f3mo jugar a los juegos de Escape Room? | Escape Hunt Barcelona<\/title>\n<meta name=\"description\" content=\"Aprende a jugar a los juegos de escape room. Los juegos de escape en vivo son una emocionante actividad grupal que te desaf\u00eda a descubrir pistas y a escapar de la habitaci\u00f3n. Obt\u00e9n m\u00e1s informaci\u00f3n y reserva en l\u00ednea hoy mismo.\" \/>\n<meta name=\"robots\" content=\"noindex, follow, max-snippet:-1, max-image-preview:large, max-video-preview:-1\" \/>\n<meta property=\"og:locale\" content=\"es_ES\" \/>\n<meta property=\"og:type\" content=\"article\" \/>\n<meta property=\"og:title\" content=\"\u00bfC\u00f3mo jugar a los juegos de Escape Room? | Escape Hunt Barcelona\" \/>\n<meta property=\"og:description\" content=\"Aprende a jugar a los juegos de escape room. Los juegos de escape en vivo son una emocionante actividad grupal que te desaf\u00eda a descubrir pistas y a escapar de la habitaci\u00f3n. Obt\u00e9n m\u00e1s informaci\u00f3n y reserva en l\u00ednea hoy mismo.\" \/>\n<meta property=\"og:url\" content=\"https:\/\/escapehunt.com\/es\/barcelona\/como-jugar\/\" \/>\n<meta property=\"og:site_name\" content=\"Barcelona\" \/>\n<meta property=\"article:modified_time\" content=\"2019-05-01T21:11:07+00:00\" \/>\n<meta name=\"twitter:card\" content=\"summary_large_image\" \/>\n<script type=\"application\/ld+json\" class=\"yoast-schema-graph\">{\"@context\":\"https:\\\/\\\/schema.org\",\"@graph\":[{\"@type\":\"WebPage\",\"@id\":\"https:\\\/\\\/escapehunt.com\\\/es\\\/barcelona\\\/como-jugar\\\/\",\"url\":\"https:\\\/\\\/escapehunt.com\\\/es\\\/barcelona\\\/como-jugar\\\/\",\"name\":\"\u00bfC\u00f3mo jugar a los juegos de Escape Room? | Escape Hunt Barcelona\",\"isPartOf\":{\"@id\":\"https:\\\/\\\/escapehunt.com\\\/es\\\/barcelona\\\/en\\\/#website\"},\"datePublished\":\"2018-10-11T09:56:53+00:00\",\"dateModified\":\"2019-05-01T21:11:07+00:00\",\"description\":\"Aprende a jugar a los juegos de escape room. Los juegos de escape en vivo son una emocionante actividad grupal que te desaf\u00eda a descubrir pistas y a escapar de la habitaci\u00f3n. Obt\u00e9n m\u00e1s informaci\u00f3n y reserva en l\u00ednea hoy mismo.\",\"breadcrumb\":{\"@id\":\"https:\\\/\\\/escapehunt.com\\\/es\\\/barcelona\\\/como-jugar\\\/#breadcrumb\"},\"inLanguage\":\"es\",\"potentialAction\":[{\"@type\":\"ReadAction\",\"target\":[\"https:\\\/\\\/escapehunt.com\\\/es\\\/barcelona\\\/como-jugar\\\/\"]}]},{\"@type\":\"BreadcrumbList\",\"@id\":\"https:\\\/\\\/escapehunt.com\\\/es\\\/barcelona\\\/como-jugar\\\/#breadcrumb\",\"itemListElement\":[{\"@type\":\"ListItem\",\"position\":1,\"name\":\"Home\",\"item\":\"https:\\\/\\\/escapehunt.com\\\/es\\\/barcelona\\\/\"},{\"@type\":\"ListItem\",\"position\":2,\"name\":\"C\u00f3mo jugar\"}]},{\"@type\":\"WebSite\",\"@id\":\"https:\\\/\\\/escapehunt.com\\\/es\\\/barcelona\\\/en\\\/#website\",\"url\":\"https:\\\/\\\/escapehunt.com\\\/es\\\/barcelona\\\/en\\\/\",\"name\":\"Barcelona\",\"description\":\"Just another Escape Hunt Staging Sites site\",\"potentialAction\":[{\"@type\":\"SearchAction\",\"target\":{\"@type\":\"EntryPoint\",\"urlTemplate\":\"https:\\\/\\\/escapehunt.com\\\/es\\\/barcelona\\\/en\\\/?s={search_term_string}\"},\"query-input\":{\"@type\":\"PropertyValueSpecification\",\"valueRequired\":true,\"valueName\":\"search_term_string\"}}],\"inLanguage\":\"es\"}]}<\/script>\n<!-- \/ Yoast SEO plugin. -->","yoast_head_json":{"title":"\u00bfC\u00f3mo jugar a los juegos de Escape Room? | Escape Hunt Barcelona","description":"Aprende a jugar a los juegos de escape room. Los juegos de escape en vivo son una emocionante actividad grupal que te desaf\u00eda a descubrir pistas y a escapar de la habitaci\u00f3n. Obt\u00e9n m\u00e1s informaci\u00f3n y reserva en l\u00ednea hoy mismo.","robots":{"index":"noindex","follow":"follow","max-snippet":"max-snippet:-1","max-image-preview":"max-image-preview:large","max-video-preview":"max-video-preview:-1"},"og_locale":"es_ES","og_type":"article","og_title":"\u00bfC\u00f3mo jugar a los juegos de Escape Room? | Escape Hunt Barcelona","og_description":"Aprende a jugar a los juegos de escape room. Los juegos de escape en vivo son una emocionante actividad grupal que te desaf\u00eda a descubrir pistas y a escapar de la habitaci\u00f3n. Obt\u00e9n m\u00e1s informaci\u00f3n y reserva en l\u00ednea hoy mismo.","og_url":"https:\/\/escapehunt.com\/es\/barcelona\/como-jugar\/","og_site_name":"Barcelona","article_modified_time":"2019-05-01T21:11:07+00:00","twitter_card":"summary_large_image","schema":{"@context":"https:\/\/schema.org","@graph":[{"@type":"WebPage","@id":"https:\/\/escapehunt.com\/es\/barcelona\/como-jugar\/","url":"https:\/\/escapehunt.com\/es\/barcelona\/como-jugar\/","name":"\u00bfC\u00f3mo jugar a los juegos de Escape Room? | Escape Hunt Barcelona","isPartOf":{"@id":"https:\/\/escapehunt.com\/es\/barcelona\/en\/#website"},"datePublished":"2018-10-11T09:56:53+00:00","dateModified":"2019-05-01T21:11:07+00:00","description":"Aprende a jugar a los juegos de escape room. Los juegos de escape en vivo son una emocionante actividad grupal que te desaf\u00eda a descubrir pistas y a escapar de la habitaci\u00f3n. Obt\u00e9n m\u00e1s informaci\u00f3n y reserva en l\u00ednea hoy mismo.","breadcrumb":{"@id":"https:\/\/escapehunt.com\/es\/barcelona\/como-jugar\/#breadcrumb"},"inLanguage":"es","potentialAction":[{"@type":"ReadAction","target":["https:\/\/escapehunt.com\/es\/barcelona\/como-jugar\/"]}]},{"@type":"BreadcrumbList","@id":"https:\/\/escapehunt.com\/es\/barcelona\/como-jugar\/#breadcrumb","itemListElement":[{"@type":"ListItem","position":1,"name":"Home","item":"https:\/\/escapehunt.com\/es\/barcelona\/"},{"@type":"ListItem","position":2,"name":"C\u00f3mo jugar"}]},{"@type":"WebSite","@id":"https:\/\/escapehunt.com\/es\/barcelona\/en\/#website","url":"https:\/\/escapehunt.com\/es\/barcelona\/en\/","name":"Barcelona","description":"Just another Escape Hunt Staging Sites site","potentialAction":[{"@type":"SearchAction","target":{"@type":"EntryPoint","urlTemplate":"https:\/\/escapehunt.com\/es\/barcelona\/en\/?s={search_term_string}"},"query-input":{"@type":"PropertyValueSpecification","valueRequired":true,"valueName":"search_term_string"}}],"inLanguage":"es"}]}},"custom_schema_json":"","_links":{"self":[{"href":"https:\/\/staging3.escapehunt.com\/es\/barcelona\/wp-json\/wp\/v2\/pages\/227","targetHints":{"allow":["GET"]}}],"collection":[{"href":"https:\/\/staging3.escapehunt.com\/es\/barcelona\/wp-json\/wp\/v2\/pages"}],"about":[{"href":"https:\/\/staging3.escapehunt.com\/es\/barcelona\/wp-json\/wp\/v2\/types\/page"}],"author":[{"embeddable":true,"href":"https:\/\/staging3.escapehunt.com\/es\/barcelona\/wp-json\/wp\/v2\/users\/19"}],"replies":[{"embeddable":true,"href":"https:\/\/staging3.escapehunt.com\/es\/barcelona\/wp-json\/wp\/v2\/comments?post=227"}],"version-history":[{"count":0,"href":"https:\/\/staging3.escapehunt.com\/es\/barcelona\/wp-json\/wp\/v2\/pages\/227\/revisions"}],"wp:attachment":[{"href":"https:\/\/staging3.escapehunt.com\/es\/barcelona\/wp-json\/wp\/v2\/media?parent=227"}],"curies":[{"name":"wp","href":"https:\/\/api.w.org\/{rel}","templated":true}]}}