{"id":231,"date":"2018-10-11T10:06:14","date_gmt":"2018-10-11T10:06:14","guid":{"rendered":"https:\/\/staging3.escapehunt.com\/es\/barcelona\/?page_id=231"},"modified":"2020-12-09T13:27:43","modified_gmt":"2020-12-09T13:27:43","slug":"juegos-de-escape","status":"publish","type":"page","link":"https:\/\/staging3.escapehunt.com\/es\/barcelona\/juegos-de-escape\/","title":{"rendered":"ELIGE TU AVENTURA"},"content":{"rendered":"<p>Cada uno de estos juegos magn\u00edficamente imaginativos tiene lugar en una habitaci\u00f3n tem\u00e1tica dise\u00f1ada con una incre\u00edble atenci\u00f3n al detalle, por lo que realmente podr\u00e1s perderte en la experiencia. \u00bfEst\u00e1s listo para entrar en el juego?<\/p>\n","protected":false},"excerpt":{"rendered":"<p>Cada uno de estos juegos magn\u00edficamente imaginativos tiene lugar en una habitaci\u00f3n tem\u00e1tica dise\u00f1ada con una incre\u00edble atenci\u00f3n al detalle, por lo que realmente podr\u00e1s perderte en la experiencia. \u00bfEst\u00e1s&hellip;<\/p>\n","protected":false},"author":19,"featured_media":0,"parent":0,"menu_order":0,"comment_status":"closed","ping_status":"closed","template":"views\/games-multi-filter.php","meta":{"_acf_changed":false,"footnotes":""},"class_list":["post-231","page","type-page","status-publish","hentry"],"acf":{"custom_schema_json":""},"yoast_head":"<!-- This site is optimized with the Yoast SEO plugin v27.3 - https:\/\/yoast.com\/product\/yoast-seo-wordpress\/ -->\n<title>Nuestros juegos de Escape | Escape Hunt Barcelona.<\/title>\n<meta name=\"description\" content=\"Mira los emocionantes juegos de escape en Escape Hunt Barcelona. Elije tu experiencia de escape room y reserva en l\u00ednea.\" \/>\n<meta name=\"robots\" content=\"noindex, follow, max-snippet:-1, max-image-preview:large, max-video-preview:-1\" \/>\n<meta property=\"og:locale\" content=\"es_ES\" \/>\n<meta property=\"og:type\" content=\"article\" \/>\n<meta property=\"og:title\" content=\"Nuestros juegos de Escape | Escape Hunt Barcelona.\" \/>\n<meta property=\"og:description\" content=\"Mira los emocionantes juegos de escape en Escape Hunt Barcelona. Elije tu experiencia de escape room y reserva en l\u00ednea.\" \/>\n<meta property=\"og:url\" content=\"https:\/\/escapehunt.com\/es\/barcelona\/juegos-de-escape\/\" \/>\n<meta property=\"og:site_name\" content=\"Barcelona\" \/>\n<meta property=\"article:modified_time\" content=\"2020-12-09T13:27:43+00:00\" \/>\n<meta name=\"twitter:card\" content=\"summary_large_image\" \/>\n<script type=\"application\/ld+json\" class=\"yoast-schema-graph\">{\"@context\":\"https:\\\/\\\/schema.org\",\"@graph\":[{\"@type\":\"WebPage\",\"@id\":\"https:\\\/\\\/escapehunt.com\\\/es\\\/barcelona\\\/juegos-de-escape\\\/\",\"url\":\"https:\\\/\\\/escapehunt.com\\\/es\\\/barcelona\\\/juegos-de-escape\\\/\",\"name\":\"Nuestros juegos de Escape | Escape Hunt Barcelona.\",\"isPartOf\":{\"@id\":\"https:\\\/\\\/escapehunt.com\\\/es\\\/barcelona\\\/en\\\/#website\"},\"datePublished\":\"2018-10-11T10:06:14+00:00\",\"dateModified\":\"2020-12-09T13:27:43+00:00\",\"description\":\"Mira los emocionantes juegos de escape en Escape Hunt Barcelona. Elije tu experiencia de escape room y reserva en l\u00ednea.\",\"breadcrumb\":{\"@id\":\"https:\\\/\\\/escapehunt.com\\\/es\\\/barcelona\\\/juegos-de-escape\\\/#breadcrumb\"},\"inLanguage\":\"es\",\"potentialAction\":[{\"@type\":\"ReadAction\",\"target\":[\"https:\\\/\\\/escapehunt.com\\\/es\\\/barcelona\\\/juegos-de-escape\\\/\"]}]},{\"@type\":\"BreadcrumbList\",\"@id\":\"https:\\\/\\\/escapehunt.com\\\/es\\\/barcelona\\\/juegos-de-escape\\\/#breadcrumb\",\"itemListElement\":[{\"@type\":\"ListItem\",\"position\":1,\"name\":\"Home\",\"item\":\"https:\\\/\\\/escapehunt.com\\\/es\\\/barcelona\\\/\"},{\"@type\":\"ListItem\",\"position\":2,\"name\":\"ELIGE TU AVENTURA\"}]},{\"@type\":\"WebSite\",\"@id\":\"https:\\\/\\\/escapehunt.com\\\/es\\\/barcelona\\\/en\\\/#website\",\"url\":\"https:\\\/\\\/escapehunt.com\\\/es\\\/barcelona\\\/en\\\/\",\"name\":\"Barcelona\",\"description\":\"Just another Escape Hunt Staging Sites site\",\"potentialAction\":[{\"@type\":\"SearchAction\",\"target\":{\"@type\":\"EntryPoint\",\"urlTemplate\":\"https:\\\/\\\/escapehunt.com\\\/es\\\/barcelona\\\/en\\\/?s={search_term_string}\"},\"query-input\":{\"@type\":\"PropertyValueSpecification\",\"valueRequired\":true,\"valueName\":\"search_term_string\"}}],\"inLanguage\":\"es\"}]}<\/script>\n<!-- \/ Yoast SEO plugin. -->","yoast_head_json":{"title":"Nuestros juegos de Escape | Escape Hunt Barcelona.","description":"Mira los emocionantes juegos de escape en Escape Hunt Barcelona. Elije tu experiencia de escape room y reserva en l\u00ednea.","robots":{"index":"noindex","follow":"follow","max-snippet":"max-snippet:-1","max-image-preview":"max-image-preview:large","max-video-preview":"max-video-preview:-1"},"og_locale":"es_ES","og_type":"article","og_title":"Nuestros juegos de Escape | Escape Hunt Barcelona.","og_description":"Mira los emocionantes juegos de escape en Escape Hunt Barcelona. Elije tu experiencia de escape room y reserva en l\u00ednea.","og_url":"https:\/\/escapehunt.com\/es\/barcelona\/juegos-de-escape\/","og_site_name":"Barcelona","article_modified_time":"2020-12-09T13:27:43+00:00","twitter_card":"summary_large_image","schema":{"@context":"https:\/\/schema.org","@graph":[{"@type":"WebPage","@id":"https:\/\/escapehunt.com\/es\/barcelona\/juegos-de-escape\/","url":"https:\/\/escapehunt.com\/es\/barcelona\/juegos-de-escape\/","name":"Nuestros juegos de Escape | Escape Hunt Barcelona.","isPartOf":{"@id":"https:\/\/escapehunt.com\/es\/barcelona\/en\/#website"},"datePublished":"2018-10-11T10:06:14+00:00","dateModified":"2020-12-09T13:27:43+00:00","description":"Mira los emocionantes juegos de escape en Escape Hunt Barcelona. Elije tu experiencia de escape room y reserva en l\u00ednea.","breadcrumb":{"@id":"https:\/\/escapehunt.com\/es\/barcelona\/juegos-de-escape\/#breadcrumb"},"inLanguage":"es","potentialAction":[{"@type":"ReadAction","target":["https:\/\/escapehunt.com\/es\/barcelona\/juegos-de-escape\/"]}]},{"@type":"BreadcrumbList","@id":"https:\/\/escapehunt.com\/es\/barcelona\/juegos-de-escape\/#breadcrumb","itemListElement":[{"@type":"ListItem","position":1,"name":"Home","item":"https:\/\/escapehunt.com\/es\/barcelona\/"},{"@type":"ListItem","position":2,"name":"ELIGE TU AVENTURA"}]},{"@type":"WebSite","@id":"https:\/\/escapehunt.com\/es\/barcelona\/en\/#website","url":"https:\/\/escapehunt.com\/es\/barcelona\/en\/","name":"Barcelona","description":"Just another Escape Hunt Staging Sites site","potentialAction":[{"@type":"SearchAction","target":{"@type":"EntryPoint","urlTemplate":"https:\/\/escapehunt.com\/es\/barcelona\/en\/?s={search_term_string}"},"query-input":{"@type":"PropertyValueSpecification","valueRequired":true,"valueName":"search_term_string"}}],"inLanguage":"es"}]}},"custom_schema_json":"","_links":{"self":[{"href":"https:\/\/staging3.escapehunt.com\/es\/barcelona\/wp-json\/wp\/v2\/pages\/231","targetHints":{"allow":["GET"]}}],"collection":[{"href":"https:\/\/staging3.escapehunt.com\/es\/barcelona\/wp-json\/wp\/v2\/pages"}],"about":[{"href":"https:\/\/staging3.escapehunt.com\/es\/barcelona\/wp-json\/wp\/v2\/types\/page"}],"author":[{"embeddable":true,"href":"https:\/\/staging3.escapehunt.com\/es\/barcelona\/wp-json\/wp\/v2\/users\/19"}],"replies":[{"embeddable":true,"href":"https:\/\/staging3.escapehunt.com\/es\/barcelona\/wp-json\/wp\/v2\/comments?post=231"}],"version-history":[{"count":0,"href":"https:\/\/staging3.escapehunt.com\/es\/barcelona\/wp-json\/wp\/v2\/pages\/231\/revisions"}],"wp:attachment":[{"href":"https:\/\/staging3.escapehunt.com\/es\/barcelona\/wp-json\/wp\/v2\/media?parent=231"}],"curies":[{"name":"wp","href":"https:\/\/api.w.org\/{rel}","templated":true}]}}