{"id":232,"date":"2018-10-11T10:18:26","date_gmt":"2018-10-11T10:18:26","guid":{"rendered":"https:\/\/staging3.escapehunt.com\/es\/barcelona\/?page_id=232"},"modified":"2020-05-13T06:19:07","modified_gmt":"2020-05-13T06:19:07","slug":"regala-una-gran-aventura-de-emociones","status":"publish","type":"page","link":"https:\/\/staging3.escapehunt.com\/es\/barcelona\/regala-una-gran-aventura-de-emociones\/","title":{"rendered":"REGALA UNA GRAN AVENTURA DE EMOCIONES"},"content":{"rendered":"<p>\u00bfA qui\u00e9n no le gustar\u00eda recibir un vale regalo para la experiencia m\u00e1s emocionante que tendr\u00e1 en todo el a\u00f1o? A gente triste cuyo color favorito es el gris&#8230; A esos. Cualquier persona con una pizca de personalidad estar\u00eda encantada con un regalo tan inusual.<br \/>\nAs\u00ed que an\u00edmate, al\u00e9grales el d\u00eda con un vale regalo mol\u00f3n de Escape Hunt, y garantiza tu sitio en el Sal\u00f3n de la Fama de los \u00abregaladores\u00bb.<\/p>\n<p>\u00a1V\u00e1lido para un a\u00f1o!<\/p>\n","protected":false},"excerpt":{"rendered":"<p>\u00bfA qui\u00e9n no le gustar\u00eda recibir un vale regalo para la experiencia m\u00e1s emocionante que tendr\u00e1 en todo el a\u00f1o? A gente triste cuyo color favorito es el gris&#8230; A&hellip;<\/p>\n","protected":false},"author":19,"featured_media":1634,"parent":0,"menu_order":0,"comment_status":"closed","ping_status":"closed","template":"views\/vouchers.php","meta":{"_acf_changed":false,"footnotes":""},"class_list":["post-232","page","type-page","status-publish","has-post-thumbnail","hentry"],"acf":{"custom_schema_json":""},"yoast_head":"<!-- This site is optimized with the Yoast SEO plugin v27.3 - https:\/\/yoast.com\/product\/yoast-seo-wordpress\/ -->\n<title>Vales regalo y tarjetas de regalo para escape room | Escape Hunt Barcelona.<\/title>\n<meta name=\"description\" content=\"Alegra su d\u00eda con un excelente vale regalo de Escape Hunt y garantiza tu lugar en el Sal\u00f3n de la Fama de mejores regaladores.\" \/>\n<meta name=\"robots\" content=\"noindex, follow, max-snippet:-1, max-image-preview:large, max-video-preview:-1\" \/>\n<meta property=\"og:locale\" content=\"es_ES\" \/>\n<meta property=\"og:type\" content=\"article\" \/>\n<meta property=\"og:title\" content=\"Vales regalo y tarjetas de regalo para escape room | Escape Hunt Barcelona.\" \/>\n<meta property=\"og:description\" content=\"Alegra su d\u00eda con un excelente vale regalo de Escape Hunt y garantiza tu lugar en el Sal\u00f3n de la Fama de mejores regaladores.\" \/>\n<meta property=\"og:url\" content=\"https:\/\/escapehunt.com\/es\/barcelona\/regala-una-gran-aventura-de-emociones\/\" \/>\n<meta property=\"og:site_name\" content=\"Barcelona\" \/>\n<meta property=\"article:modified_time\" content=\"2020-05-13T06:19:07+00:00\" \/>\n<meta property=\"og:image\" content=\"https:\/\/escapehunt.com\/es\/barcelona\/wp-content\/uploads\/sites\/43\/2020\/05\/lores-EH_Birm_Sept18-0346-1024x683.jpg\" \/>\n\t<meta property=\"og:image:width\" content=\"1024\" \/>\n\t<meta property=\"og:image:height\" content=\"683\" \/>\n\t<meta property=\"og:image:type\" content=\"image\/jpeg\" \/>\n<meta name=\"twitter:card\" content=\"summary_large_image\" \/>\n<script type=\"application\/ld+json\" class=\"yoast-schema-graph\">{\"@context\":\"https:\\\/\\\/schema.org\",\"@graph\":[{\"@type\":\"WebPage\",\"@id\":\"https:\\\/\\\/escapehunt.com\\\/es\\\/barcelona\\\/regala-una-gran-aventura-de-emociones\\\/\",\"url\":\"https:\\\/\\\/escapehunt.com\\\/es\\\/barcelona\\\/regala-una-gran-aventura-de-emociones\\\/\",\"name\":\"Vales regalo y tarjetas de regalo para escape room | Escape Hunt Barcelona.\",\"isPartOf\":{\"@id\":\"https:\\\/\\\/escapehunt.com\\\/es\\\/barcelona\\\/en\\\/#website\"},\"primaryImageOfPage\":{\"@id\":\"https:\\\/\\\/escapehunt.com\\\/es\\\/barcelona\\\/regala-una-gran-aventura-de-emociones\\\/#primaryimage\"},\"image\":{\"@id\":\"https:\\\/\\\/escapehunt.com\\\/es\\\/barcelona\\\/regala-una-gran-aventura-de-emociones\\\/#primaryimage\"},\"thumbnailUrl\":\"https:\\\/\\\/staging3.escapehunt.com\\\/es\\\/barcelona\\\/wp-content\\\/uploads\\\/sites\\\/43\\\/2020\\\/05\\\/lores-EH_Birm_Sept18-0346.jpg\",\"datePublished\":\"2018-10-11T10:18:26+00:00\",\"dateModified\":\"2020-05-13T06:19:07+00:00\",\"description\":\"Alegra su d\u00eda con un excelente vale regalo de Escape Hunt y garantiza tu lugar en el Sal\u00f3n de la Fama de mejores regaladores.\",\"breadcrumb\":{\"@id\":\"https:\\\/\\\/escapehunt.com\\\/es\\\/barcelona\\\/regala-una-gran-aventura-de-emociones\\\/#breadcrumb\"},\"inLanguage\":\"es\",\"potentialAction\":[{\"@type\":\"ReadAction\",\"target\":[\"https:\\\/\\\/escapehunt.com\\\/es\\\/barcelona\\\/regala-una-gran-aventura-de-emociones\\\/\"]}]},{\"@type\":\"ImageObject\",\"inLanguage\":\"es\",\"@id\":\"https:\\\/\\\/escapehunt.com\\\/es\\\/barcelona\\\/regala-una-gran-aventura-de-emociones\\\/#primaryimage\",\"url\":\"https:\\\/\\\/staging3.escapehunt.com\\\/es\\\/barcelona\\\/wp-content\\\/uploads\\\/sites\\\/43\\\/2020\\\/05\\\/lores-EH_Birm_Sept18-0346.jpg\",\"contentUrl\":\"https:\\\/\\\/staging3.escapehunt.com\\\/es\\\/barcelona\\\/wp-content\\\/uploads\\\/sites\\\/43\\\/2020\\\/05\\\/lores-EH_Birm_Sept18-0346.jpg\",\"width\":2500,\"height\":1667},{\"@type\":\"BreadcrumbList\",\"@id\":\"https:\\\/\\\/escapehunt.com\\\/es\\\/barcelona\\\/regala-una-gran-aventura-de-emociones\\\/#breadcrumb\",\"itemListElement\":[{\"@type\":\"ListItem\",\"position\":1,\"name\":\"Home\",\"item\":\"https:\\\/\\\/escapehunt.com\\\/es\\\/barcelona\\\/\"},{\"@type\":\"ListItem\",\"position\":2,\"name\":\"REGALA UNA GRAN AVENTURA DE EMOCIONES\"}]},{\"@type\":\"WebSite\",\"@id\":\"https:\\\/\\\/escapehunt.com\\\/es\\\/barcelona\\\/en\\\/#website\",\"url\":\"https:\\\/\\\/escapehunt.com\\\/es\\\/barcelona\\\/en\\\/\",\"name\":\"Barcelona\",\"description\":\"Just another Escape Hunt Staging Sites site\",\"potentialAction\":[{\"@type\":\"SearchAction\",\"target\":{\"@type\":\"EntryPoint\",\"urlTemplate\":\"https:\\\/\\\/escapehunt.com\\\/es\\\/barcelona\\\/en\\\/?s={search_term_string}\"},\"query-input\":{\"@type\":\"PropertyValueSpecification\",\"valueRequired\":true,\"valueName\":\"search_term_string\"}}],\"inLanguage\":\"es\"}]}<\/script>\n<!-- \/ Yoast SEO plugin. -->","yoast_head_json":{"title":"Vales regalo y tarjetas de regalo para escape room | Escape Hunt Barcelona.","description":"Alegra su d\u00eda con un excelente vale regalo de Escape Hunt y garantiza tu lugar en el Sal\u00f3n de la Fama de mejores regaladores.","robots":{"index":"noindex","follow":"follow","max-snippet":"max-snippet:-1","max-image-preview":"max-image-preview:large","max-video-preview":"max-video-preview:-1"},"og_locale":"es_ES","og_type":"article","og_title":"Vales regalo y tarjetas de regalo para escape room | Escape Hunt Barcelona.","og_description":"Alegra su d\u00eda con un excelente vale regalo de Escape Hunt y garantiza tu lugar en el Sal\u00f3n de la Fama de mejores regaladores.","og_url":"https:\/\/escapehunt.com\/es\/barcelona\/regala-una-gran-aventura-de-emociones\/","og_site_name":"Barcelona","article_modified_time":"2020-05-13T06:19:07+00:00","og_image":[{"width":1024,"height":683,"url":"https:\/\/escapehunt.com\/es\/barcelona\/wp-content\/uploads\/sites\/43\/2020\/05\/lores-EH_Birm_Sept18-0346-1024x683.jpg","type":"image\/jpeg"}],"twitter_card":"summary_large_image","schema":{"@context":"https:\/\/schema.org","@graph":[{"@type":"WebPage","@id":"https:\/\/escapehunt.com\/es\/barcelona\/regala-una-gran-aventura-de-emociones\/","url":"https:\/\/escapehunt.com\/es\/barcelona\/regala-una-gran-aventura-de-emociones\/","name":"Vales regalo y tarjetas de regalo para escape room | Escape Hunt Barcelona.","isPartOf":{"@id":"https:\/\/escapehunt.com\/es\/barcelona\/en\/#website"},"primaryImageOfPage":{"@id":"https:\/\/escapehunt.com\/es\/barcelona\/regala-una-gran-aventura-de-emociones\/#primaryimage"},"image":{"@id":"https:\/\/escapehunt.com\/es\/barcelona\/regala-una-gran-aventura-de-emociones\/#primaryimage"},"thumbnailUrl":"https:\/\/staging3.escapehunt.com\/es\/barcelona\/wp-content\/uploads\/sites\/43\/2020\/05\/lores-EH_Birm_Sept18-0346.jpg","datePublished":"2018-10-11T10:18:26+00:00","dateModified":"2020-05-13T06:19:07+00:00","description":"Alegra su d\u00eda con un excelente vale regalo de Escape Hunt y garantiza tu lugar en el Sal\u00f3n de la Fama de mejores regaladores.","breadcrumb":{"@id":"https:\/\/escapehunt.com\/es\/barcelona\/regala-una-gran-aventura-de-emociones\/#breadcrumb"},"inLanguage":"es","potentialAction":[{"@type":"ReadAction","target":["https:\/\/escapehunt.com\/es\/barcelona\/regala-una-gran-aventura-de-emociones\/"]}]},{"@type":"ImageObject","inLanguage":"es","@id":"https:\/\/escapehunt.com\/es\/barcelona\/regala-una-gran-aventura-de-emociones\/#primaryimage","url":"https:\/\/staging3.escapehunt.com\/es\/barcelona\/wp-content\/uploads\/sites\/43\/2020\/05\/lores-EH_Birm_Sept18-0346.jpg","contentUrl":"https:\/\/staging3.escapehunt.com\/es\/barcelona\/wp-content\/uploads\/sites\/43\/2020\/05\/lores-EH_Birm_Sept18-0346.jpg","width":2500,"height":1667},{"@type":"BreadcrumbList","@id":"https:\/\/escapehunt.com\/es\/barcelona\/regala-una-gran-aventura-de-emociones\/#breadcrumb","itemListElement":[{"@type":"ListItem","position":1,"name":"Home","item":"https:\/\/escapehunt.com\/es\/barcelona\/"},{"@type":"ListItem","position":2,"name":"REGALA UNA GRAN AVENTURA DE EMOCIONES"}]},{"@type":"WebSite","@id":"https:\/\/escapehunt.com\/es\/barcelona\/en\/#website","url":"https:\/\/escapehunt.com\/es\/barcelona\/en\/","name":"Barcelona","description":"Just another Escape Hunt Staging Sites site","potentialAction":[{"@type":"SearchAction","target":{"@type":"EntryPoint","urlTemplate":"https:\/\/escapehunt.com\/es\/barcelona\/en\/?s={search_term_string}"},"query-input":{"@type":"PropertyValueSpecification","valueRequired":true,"valueName":"search_term_string"}}],"inLanguage":"es"}]}},"custom_schema_json":"","_links":{"self":[{"href":"https:\/\/staging3.escapehunt.com\/es\/barcelona\/wp-json\/wp\/v2\/pages\/232","targetHints":{"allow":["GET"]}}],"collection":[{"href":"https:\/\/staging3.escapehunt.com\/es\/barcelona\/wp-json\/wp\/v2\/pages"}],"about":[{"href":"https:\/\/staging3.escapehunt.com\/es\/barcelona\/wp-json\/wp\/v2\/types\/page"}],"author":[{"embeddable":true,"href":"https:\/\/staging3.escapehunt.com\/es\/barcelona\/wp-json\/wp\/v2\/users\/19"}],"replies":[{"embeddable":true,"href":"https:\/\/staging3.escapehunt.com\/es\/barcelona\/wp-json\/wp\/v2\/comments?post=232"}],"version-history":[{"count":0,"href":"https:\/\/staging3.escapehunt.com\/es\/barcelona\/wp-json\/wp\/v2\/pages\/232\/revisions"}],"wp:featuredmedia":[{"embeddable":true,"href":"https:\/\/staging3.escapehunt.com\/es\/barcelona\/wp-json\/wp\/v2\/media\/1634"}],"wp:attachment":[{"href":"https:\/\/staging3.escapehunt.com\/es\/barcelona\/wp-json\/wp\/v2\/media?parent=232"}],"curies":[{"name":"wp","href":"https:\/\/api.w.org\/{rel}","templated":true}]}}