{"id":235,"date":"2018-10-11T10:20:32","date_gmt":"2018-10-11T10:20:32","guid":{"rendered":"https:\/\/staging3.escapehunt.com\/es\/barcelona\/?page_id=235"},"modified":"2019-10-18T09:22:02","modified_gmt":"2019-10-18T09:22:02","slug":"team-building-y-eventos-para-empresas","status":"publish","type":"page","link":"https:\/\/staging3.escapehunt.com\/es\/barcelona\/team-building-y-eventos-para-empresas\/","title":{"rendered":"TEAM BUILDING Y EVENTOS PARA EMPRESAS"},"content":{"rendered":"<p>Escape Hunt es brillante para las empresas. Nuestras incre\u00edbles aventuras son la manera perfecta de fomentar el esp\u00edritu de equipo, inspirar la resoluci\u00f3n creativa de los problemas, el colof\u00f3n a un d\u00eda de reuniones y presentaciones, o la recompensa a tu personal por un trabajo bien hecho.<\/p>\n","protected":false},"excerpt":{"rendered":"<p>Escape Hunt es brillante para las empresas. Nuestras incre\u00edbles aventuras son la manera perfecta de fomentar el esp\u00edritu de equipo, inspirar la resoluci\u00f3n creativa de los problemas, el colof\u00f3n a&hellip;<\/p>\n","protected":false},"author":19,"featured_media":0,"parent":0,"menu_order":0,"comment_status":"closed","ping_status":"closed","template":"views\/team-building.php","meta":{"_acf_changed":false,"footnotes":""},"class_list":["post-235","page","type-page","status-publish","hentry"],"acf":{"custom_schema_json":""},"yoast_head":"<!-- This site is optimized with the Yoast SEO plugin v27.3 - https:\/\/yoast.com\/product\/yoast-seo-wordpress\/ -->\n<title>Team Building y Eventos para Empresas | Escape Hunt Barcelona<\/title>\n<meta name=\"description\" content=\"Los escape room son perfectos para eventos de empresa y actividades de team building. Cont\u00e1ctenos en Escape Hunt Barcelona para saber c\u00f3mo podemos crear un evento emocionante e inolvidable para su pr\u00f3xima reuni\u00f3n de grupo, fiesta, salida de empleados, desaf\u00edo de creaci\u00f3n de equipos y m\u00e1s.\" \/>\n<meta name=\"robots\" content=\"noindex, follow, max-snippet:-1, max-image-preview:large, max-video-preview:-1\" \/>\n<meta property=\"og:locale\" content=\"es_ES\" \/>\n<meta property=\"og:type\" content=\"article\" \/>\n<meta property=\"og:title\" content=\"Team Building y Eventos para Empresas | Escape Hunt Barcelona\" \/>\n<meta property=\"og:description\" content=\"Los escape room son perfectos para eventos de empresa y actividades de team building. Cont\u00e1ctenos en Escape Hunt Barcelona para saber c\u00f3mo podemos crear un evento emocionante e inolvidable para su pr\u00f3xima reuni\u00f3n de grupo, fiesta, salida de empleados, desaf\u00edo de creaci\u00f3n de equipos y m\u00e1s.\" \/>\n<meta property=\"og:url\" content=\"https:\/\/escapehunt.com\/es\/barcelona\/team-building-y-eventos-para-empresas\/\" \/>\n<meta property=\"og:site_name\" content=\"Barcelona\" \/>\n<meta property=\"article:modified_time\" content=\"2019-10-18T09:22:02+00:00\" \/>\n<meta name=\"twitter:card\" content=\"summary_large_image\" \/>\n<script type=\"application\/ld+json\" class=\"yoast-schema-graph\">{\"@context\":\"https:\\\/\\\/schema.org\",\"@graph\":[{\"@type\":\"WebPage\",\"@id\":\"https:\\\/\\\/escapehunt.com\\\/es\\\/barcelona\\\/team-building-y-eventos-para-empresas\\\/\",\"url\":\"https:\\\/\\\/escapehunt.com\\\/es\\\/barcelona\\\/team-building-y-eventos-para-empresas\\\/\",\"name\":\"Team Building y Eventos para Empresas | Escape Hunt Barcelona\",\"isPartOf\":{\"@id\":\"https:\\\/\\\/escapehunt.com\\\/es\\\/barcelona\\\/en\\\/#website\"},\"datePublished\":\"2018-10-11T10:20:32+00:00\",\"dateModified\":\"2019-10-18T09:22:02+00:00\",\"description\":\"Los escape room son perfectos para eventos de empresa y actividades de team building. Cont\u00e1ctenos en Escape Hunt Barcelona para saber c\u00f3mo podemos crear un evento emocionante e inolvidable para su pr\u00f3xima reuni\u00f3n de grupo, fiesta, salida de empleados, desaf\u00edo de creaci\u00f3n de equipos y m\u00e1s.\",\"breadcrumb\":{\"@id\":\"https:\\\/\\\/escapehunt.com\\\/es\\\/barcelona\\\/team-building-y-eventos-para-empresas\\\/#breadcrumb\"},\"inLanguage\":\"es\",\"potentialAction\":[{\"@type\":\"ReadAction\",\"target\":[\"https:\\\/\\\/escapehunt.com\\\/es\\\/barcelona\\\/team-building-y-eventos-para-empresas\\\/\"]}]},{\"@type\":\"BreadcrumbList\",\"@id\":\"https:\\\/\\\/escapehunt.com\\\/es\\\/barcelona\\\/team-building-y-eventos-para-empresas\\\/#breadcrumb\",\"itemListElement\":[{\"@type\":\"ListItem\",\"position\":1,\"name\":\"Home\",\"item\":\"https:\\\/\\\/escapehunt.com\\\/es\\\/barcelona\\\/\"},{\"@type\":\"ListItem\",\"position\":2,\"name\":\"TEAM BUILDING Y EVENTOS PARA EMPRESAS\"}]},{\"@type\":\"WebSite\",\"@id\":\"https:\\\/\\\/escapehunt.com\\\/es\\\/barcelona\\\/en\\\/#website\",\"url\":\"https:\\\/\\\/escapehunt.com\\\/es\\\/barcelona\\\/en\\\/\",\"name\":\"Barcelona\",\"description\":\"Just another Escape Hunt Staging Sites site\",\"potentialAction\":[{\"@type\":\"SearchAction\",\"target\":{\"@type\":\"EntryPoint\",\"urlTemplate\":\"https:\\\/\\\/escapehunt.com\\\/es\\\/barcelona\\\/en\\\/?s={search_term_string}\"},\"query-input\":{\"@type\":\"PropertyValueSpecification\",\"valueRequired\":true,\"valueName\":\"search_term_string\"}}],\"inLanguage\":\"es\"}]}<\/script>\n<!-- \/ Yoast SEO plugin. -->","yoast_head_json":{"title":"Team Building y Eventos para Empresas | Escape Hunt Barcelona","description":"Los escape room son perfectos para eventos de empresa y actividades de team building. Cont\u00e1ctenos en Escape Hunt Barcelona para saber c\u00f3mo podemos crear un evento emocionante e inolvidable para su pr\u00f3xima reuni\u00f3n de grupo, fiesta, salida de empleados, desaf\u00edo de creaci\u00f3n de equipos y m\u00e1s.","robots":{"index":"noindex","follow":"follow","max-snippet":"max-snippet:-1","max-image-preview":"max-image-preview:large","max-video-preview":"max-video-preview:-1"},"og_locale":"es_ES","og_type":"article","og_title":"Team Building y Eventos para Empresas | Escape Hunt Barcelona","og_description":"Los escape room son perfectos para eventos de empresa y actividades de team building. Cont\u00e1ctenos en Escape Hunt Barcelona para saber c\u00f3mo podemos crear un evento emocionante e inolvidable para su pr\u00f3xima reuni\u00f3n de grupo, fiesta, salida de empleados, desaf\u00edo de creaci\u00f3n de equipos y m\u00e1s.","og_url":"https:\/\/escapehunt.com\/es\/barcelona\/team-building-y-eventos-para-empresas\/","og_site_name":"Barcelona","article_modified_time":"2019-10-18T09:22:02+00:00","twitter_card":"summary_large_image","schema":{"@context":"https:\/\/schema.org","@graph":[{"@type":"WebPage","@id":"https:\/\/escapehunt.com\/es\/barcelona\/team-building-y-eventos-para-empresas\/","url":"https:\/\/escapehunt.com\/es\/barcelona\/team-building-y-eventos-para-empresas\/","name":"Team Building y Eventos para Empresas | Escape Hunt Barcelona","isPartOf":{"@id":"https:\/\/escapehunt.com\/es\/barcelona\/en\/#website"},"datePublished":"2018-10-11T10:20:32+00:00","dateModified":"2019-10-18T09:22:02+00:00","description":"Los escape room son perfectos para eventos de empresa y actividades de team building. Cont\u00e1ctenos en Escape Hunt Barcelona para saber c\u00f3mo podemos crear un evento emocionante e inolvidable para su pr\u00f3xima reuni\u00f3n de grupo, fiesta, salida de empleados, desaf\u00edo de creaci\u00f3n de equipos y m\u00e1s.","breadcrumb":{"@id":"https:\/\/escapehunt.com\/es\/barcelona\/team-building-y-eventos-para-empresas\/#breadcrumb"},"inLanguage":"es","potentialAction":[{"@type":"ReadAction","target":["https:\/\/escapehunt.com\/es\/barcelona\/team-building-y-eventos-para-empresas\/"]}]},{"@type":"BreadcrumbList","@id":"https:\/\/escapehunt.com\/es\/barcelona\/team-building-y-eventos-para-empresas\/#breadcrumb","itemListElement":[{"@type":"ListItem","position":1,"name":"Home","item":"https:\/\/escapehunt.com\/es\/barcelona\/"},{"@type":"ListItem","position":2,"name":"TEAM BUILDING Y EVENTOS PARA EMPRESAS"}]},{"@type":"WebSite","@id":"https:\/\/escapehunt.com\/es\/barcelona\/en\/#website","url":"https:\/\/escapehunt.com\/es\/barcelona\/en\/","name":"Barcelona","description":"Just another Escape Hunt Staging Sites site","potentialAction":[{"@type":"SearchAction","target":{"@type":"EntryPoint","urlTemplate":"https:\/\/escapehunt.com\/es\/barcelona\/en\/?s={search_term_string}"},"query-input":{"@type":"PropertyValueSpecification","valueRequired":true,"valueName":"search_term_string"}}],"inLanguage":"es"}]}},"custom_schema_json":"","_links":{"self":[{"href":"https:\/\/staging3.escapehunt.com\/es\/barcelona\/wp-json\/wp\/v2\/pages\/235","targetHints":{"allow":["GET"]}}],"collection":[{"href":"https:\/\/staging3.escapehunt.com\/es\/barcelona\/wp-json\/wp\/v2\/pages"}],"about":[{"href":"https:\/\/staging3.escapehunt.com\/es\/barcelona\/wp-json\/wp\/v2\/types\/page"}],"author":[{"embeddable":true,"href":"https:\/\/staging3.escapehunt.com\/es\/barcelona\/wp-json\/wp\/v2\/users\/19"}],"replies":[{"embeddable":true,"href":"https:\/\/staging3.escapehunt.com\/es\/barcelona\/wp-json\/wp\/v2\/comments?post=235"}],"version-history":[{"count":0,"href":"https:\/\/staging3.escapehunt.com\/es\/barcelona\/wp-json\/wp\/v2\/pages\/235\/revisions"}],"wp:attachment":[{"href":"https:\/\/staging3.escapehunt.com\/es\/barcelona\/wp-json\/wp\/v2\/media?parent=235"}],"curies":[{"name":"wp","href":"https:\/\/api.w.org\/{rel}","templated":true}]}}