{"id":355,"date":"2018-10-19T11:53:14","date_gmt":"2018-10-19T11:53:14","guid":{"rendered":"https:\/\/staging3.escapehunt.com\/es\/barcelona\/?page_id=355"},"modified":"2020-05-20T05:09:14","modified_gmt":"2020-05-20T05:09:14","slug":"terminos-y-condiciones","status":"publish","type":"page","link":"https:\/\/staging3.escapehunt.com\/es\/barcelona\/terminos-y-condiciones\/","title":{"rendered":"T\u00e9rminos y condiciones"},"content":{"rendered":"<p>Utilizando nuestro sitio web requiere la aceptaci\u00f3n de lo siguiente:<\/p>\n<p>WEB THE ESCAPE HUNT EXPERIENCE<\/p>\n<p>1. El sitio web www.escapehunt.com es propiedad y est\u00e1 operado por Escape Hunt Operations Ltd, t \/ a \u00abThe Escape Hunt Experience\u00bb. La empresa se reserva el derecho de modificar o variar estos t\u00e9rminos y condiciones, incluyendo cualquiera de los contenidos del sitio web de vez en cuando a su discreci\u00f3n y sin previo aviso.<\/p>\n<p>2. Los t\u00e9rminos en adelante, se aplican a la utilizaci\u00f3n por cualquier visitante de la p\u00e1gina web Escape Hunt y deben leerse cuidadosamente antes de cualquier uso.<\/p>\n<p>3. The Escape Hunt Experience hace todo lo posible para proporcionarle la informaci\u00f3n m\u00e1s actualizada y precisa en su sitio web.<\/p>\n<p>4. La p\u00e1gina web The Escape Hunt Experience es para su uso personal y no comercial. Usted no puede modificar, copiar, distribuir, transmitir, mostrar, ejecutar, reproducir, publicar, licenciar, crear trabajos derivados, transferir o vender cualquier informaci\u00f3n obtenida de este sitio web.<\/p>\n<p>5. No se le permite conectarse o usar la totalidad o parte de la p\u00e1gina web The Escape Hunt Experience para cualquier prop\u00f3sito que sea fraudulento, ilegal, difamatorio, da\u00f1ino, obsceno u objetable.<\/p>\n<p>6. Usted acepta que Internet no es totalmente seguro. The Escape Hunt Experience tomar todas las medidas apropiadas para proteger la seguridad de los pagos y la informaci\u00f3n de la tarjeta de d\u00e9bito \/ cr\u00e9dito, aunque Escape Hunt no ser\u00e1 responsable por cualquier da\u00f1o que puedan sufrir como resultado de la p\u00e9rdida de confidencialidad de esta informaci\u00f3n.<\/p>\n<p>7. Escape Hunt no ser\u00e1 responsable ante ninguna persona por da\u00f1os directos o indirectos, consecuentes o incidentales, incluyendo (sin limitaci\u00f3n) p\u00e9rdida de ganancias o ingresos, p\u00e9rdida de oportunidades, los costes de sustituci\u00f3n de los bienes o servicios, p\u00e9rdida o da\u00f1os de las datos o interrupci\u00f3n del negocio, que surja de cualquier uso de la p\u00e1gina web.<\/p>\n<p>DERECHOS DE AUTOR Y CONFIDENCIALIDAD<\/p>\n<p>8. Todos los nombres, dise\u00f1os y esl\u00f3ganes utilizados en el sitio web, en cualquier operaci\u00f3n de comercializaci\u00f3n y en los locales tienen los derechos de autor de escape Hunt Operations Ltd. y sus propietarios. No se permite el uso o reproducci\u00f3n de cualquier tipo.<\/p>\n<p>9. Todos los jugadores de escape Hunt por el hecho de hacer una reserva convienen adoptar, no discutir, divulgar o difundir cualquier informaci\u00f3n sobre el contenido de los juegos o cualquier otra informaci\u00f3n de propiedad. Al jugar los juegos, todos los jugadores se comprometen a no transmitir esta informaci\u00f3n o se hacen a s\u00ed mismos sujetos a enjuiciamiento en virtud de incumplimiento de las normas de confidencialidad.<\/p>\n<div><em>RESERVAS<br \/>\n<\/em><br \/>\n1. Los \u00fanicos idiomas disponibles para cerrar un contrato de reserva en l\u00ednea son el ingl\u00e9s, el espa\u00f1ol y el catal\u00e1n.<br \/>\n2. S\u00f3lo la(s) persona(s) que tengan al menos 18 a\u00f1os de edad se les permite reservar un Juego.<br \/>\n3. Es su responsabilidad verificar que los Juegos emitidos a usted son exactos.<br \/>\n4. Cualquier compra de un Juego s\u00f3lo es v\u00e1lido cuando se procesa por Escape Hunt.<br \/>\n5. No se permite el traslado de los juegos a un tercero. Es necesario ponerse en contacto con nosotros en circunstancias especiales.<br \/>\n6. Los juegos no pueden ser transferidos o revendidos con fines comerciales o en un premio. Si un juego se transfiere o revendido en incumplimiento de esta condici\u00f3n, el portador del Juego o la persona que reclama el derecho de asistir al evento se denegar\u00e1 la entrada en el juego.<br \/>\n7. Usted es el \u00fanico responsable de introducir sus datos correctamente en el formulario de reserva en l\u00ednea. Mediante la presentaci\u00f3n de un formulario de reserva que garantiza a Escape Hunt que todos los datos facilitados por usted son verdaderos y exactos.<br \/>\n8. Recibir\u00e1 la confirmaci\u00f3n de su reserva s\u00f3lo a trav\u00e9s de correo electr\u00f3nico. Escape Hunt no enviar\u00e1 una confirmaci\u00f3n adicional a trav\u00e9s de correo o mensaje de texto.<br \/>\n9. Las reservas online s\u00f3lo se pueden realizar con un n\u00famero determinado de d\u00edas de antelaci\u00f3n. Para reservas m\u00e1s avanzadas, por favor p\u00f3ngase en contacto con Escape Hunt a trav\u00e9s de correo electr\u00f3nico o tel\u00e9fono.<br \/>\n10. La reserva se convierte en nula y la entrada ser\u00e1 rechazada si el equipo llega 30 minutos o m\u00e1s tarde. En tal situaci\u00f3n, el dinero no es reembolsable y la reserva no se puede cambiar.<\/div>\n<div>11. Todas las reservas son definitivas, ya que esto es un juego en VIVO. No se permiten cambios, cancelaciones o reprogramaciones. En el caso improbable de que podemos ofrecer un nuevo horario u otro servicio, se le cobrar\u00e1 una tarifa de administraci\u00f3n. Se le notificar\u00e1 de esto en el momento que estamos de acuerdo para brindar este servicio.<br \/>\n12. Fuerza Mayor. Escape Hunt no se hace responsable de los retrasos o las obstrucciones que causan retraso de su llegada ya sea causado por el mal tiempo, huelgas, protestas, inundaciones, atascos de tr\u00e1fico, disturbios civiles o cualquier otra raz\u00f3n. Es su exclusiva responsabilidad para llegar a tiempo de acuerdo a su reserva.<\/div>\n<div><em>\u00a0<\/em><\/div>\n<div><em>PRECIO Y PAGO<br \/>\n<\/em><br \/>\n1. El precio (con IVA correspondiente) de un juego por persona se afirma en la p\u00e1gina web Escape Hunt en la parte de la reserva.<br \/>\n2. El precio se fija de acuerdo al n\u00famero de personas en una habitaci\u00f3n (2 &#8211; 6 personas) y para el d\u00eda de la semana.<br \/>\n3. Las reservas pueden hacerse en l\u00ednea en el sitio Web Escape Hunt, a trav\u00e9s de tel\u00e9fono, correo electr\u00f3nico o personalmente en la sucursal.<br \/>\n4. Cualquier tarjeta de cr\u00e9dito, d\u00e9bito o efectivo, se acepta para hacer el pago.<br \/>\n5. Se requiere el pago completo en el momento de efectuar la reserva o puede hacerse en el momento de la visita, pero se necesitar\u00e1 una tarjeta de cr\u00e9dito para garantizar.<br \/>\n6. Escape Hunt es un evento en vivo por lo que no se aceptan una vez confirmada la reserva devoluciones, cancelaciones o reprogramaciones.<br \/>\n7. Si menos personas asisten al juego que se reserva, no se le reembolsar\u00e1 la diferencia de precio.<br \/>\n8. Si m\u00e1s personas asisten el juego que est\u00e1n reservado (hasta 6 personas una habitaci\u00f3n) el extra se puede pagar en efectivo al llegar al juego.<br \/>\n9. Gastos de administraci\u00f3n son pagaderos por cambios en las reservas. 20\u20ac para cualquier cambio.<\/div>\n<div><\/div>\n<div><em>CONTACTO<br \/>\n<\/em><br \/>\nSi necesita ponerse en contacto con Escape Hunt puede hacerlo utilizando cualquiera de los m\u00e9todos siguientes:<br \/>\n&#8211; Email:\u00a0<a href=\"mailto:barcelona@escapehunt.com\" target=\"_top\" rel=\"noopener noreferrer\">barcelona@escapehunt.com<\/a><br \/>\n&#8211; Tel\u00e9fono: +34 93 461 82 22<\/div>\n<div>&#8211; Correo postal: C. N\u00e0pols, 255 bis, 08025, Barcelona.<\/div>\n<div><\/div>\n<div>\n<div><em>SEGURIDAD Y DISFRUTE<br \/>\n<\/em><br \/>\n1. Cada jugador de Escape Hunt ser\u00e1 instruido antes del juego por su Game Master asignado. Despu\u00e9s de aprender las reglas del juego, cada jugador va a participar en el juego en su propio riesgo. Adem\u00e1s, Escape Hunt no se hace responsable de los da\u00f1os (personales o de equipo) causados por el mal uso sala de juegos o por no seguir las reglas descritas antes de la partida.<\/div>\n<div>2. Si usted se retrasa por m\u00e1s de 30 minutos de la hora original de su reserva, se convierte en una reserva nula autom\u00e1ticamente y usted no podr\u00e1 iniciar su juego. Para volver a reservar otro horario debe ser de sus propios gastos y de acuerdo a la disponibilidad actual.<br \/>\n3. Las personas bajo la influencia del alcohol o de las drogas no prescritas pueden ser rechazados y el juego se convierte en nulo. Nos reservamos el derecho de negar la entrada a cualquier persona que no est\u00e9 en condiciones, sea abusivo o inadecuado de cualquier manera a la entera discreci\u00f3n de los propietarios y el personal de Escape Hunt.<br \/>\n4. Las bebidas y los alimentos no se pueden entrar en la recepci\u00f3n o salas de juego.<br \/>\n5. Para ser admitido debe confirmar el nombre completo del booker y puede ser que le pida que confirme el n\u00famero de tel\u00e9fono y direcci\u00f3n de correo electr\u00f3nico, as\u00ed como demostrar la identificaci\u00f3n y tarjeta de cr\u00e9dito.<br \/>\n6. Por razones de seguridad, los ni\u00f1os menores de 7 a\u00f1os de edad no se les permite entrar en las salas de juego. Cualquier menor de 14 a\u00f1os deben ir acompa\u00f1ados por al menos un adulto en todo momento.<br \/>\n7. Escape Hunt limita los espacios de espera y se le pedir\u00e1 que lleguen temprano para llegar a la hora correcta.<br \/>\n8. Escape Hunt recomienda a los clientes usar ropa c\u00f3moda para el juego. Proporcionamos un lugar seguro para los objetos de valor.<\/div>\n<div>9. Garantizamos todas las medidas higi\u00e9nicas, de desinfecci\u00f3n y limpieza, tanto para los clientes como para los trabajadores.<\/div>\n<\/div>\n","protected":false},"excerpt":{"rendered":"<p>Utilizando nuestro sitio web requiere la aceptaci\u00f3n de lo siguiente: WEB THE ESCAPE HUNT EXPERIENCE 1. El sitio web www.escapehunt.com es propiedad y est\u00e1 operado por Escape Hunt Operations Ltd,&hellip;<\/p>\n","protected":false},"author":22,"featured_media":0,"parent":0,"menu_order":0,"comment_status":"closed","ping_status":"closed","template":"","meta":{"_acf_changed":false,"footnotes":""},"class_list":["post-355","page","type-page","status-publish","hentry"],"acf":{"custom_schema_json":""},"yoast_head":"<!-- This site is optimized with the Yoast SEO plugin v27.3 - https:\/\/yoast.com\/product\/yoast-seo-wordpress\/ -->\n<title>T\u00e9rminos y condiciones | Escape Hunt Barcelona<\/title>\n<meta name=\"description\" content=\"T\u00e9rminos y condiciones de Escape Hunt. Por favor, revise estos t\u00e9rminos y condiciones antes de enviar su reserva a Escape Hunt Barcelona.\" \/>\n<meta name=\"robots\" content=\"noindex, follow, max-snippet:-1, max-image-preview:large, max-video-preview:-1\" \/>\n<meta property=\"og:locale\" content=\"es_ES\" \/>\n<meta property=\"og:type\" content=\"article\" \/>\n<meta property=\"og:title\" content=\"T\u00e9rminos y condiciones | Escape Hunt Barcelona\" \/>\n<meta property=\"og:description\" content=\"T\u00e9rminos y condiciones de Escape Hunt. Por favor, revise estos t\u00e9rminos y condiciones antes de enviar su reserva a Escape Hunt Barcelona.\" \/>\n<meta property=\"og:url\" content=\"https:\/\/escapehunt.com\/es\/barcelona\/terminos-y-condiciones\/\" \/>\n<meta property=\"og:site_name\" content=\"Barcelona\" \/>\n<meta property=\"article:modified_time\" content=\"2020-05-20T05:09:14+00:00\" \/>\n<meta name=\"twitter:card\" content=\"summary_large_image\" \/>\n<meta name=\"twitter:label1\" content=\"Tiempo de lectura\" \/>\n\t<meta name=\"twitter:data1\" content=\"7 minutos\" \/>\n<script type=\"application\/ld+json\" class=\"yoast-schema-graph\">{\"@context\":\"https:\\\/\\\/schema.org\",\"@graph\":[{\"@type\":\"WebPage\",\"@id\":\"https:\\\/\\\/escapehunt.com\\\/es\\\/barcelona\\\/terminos-y-condiciones\\\/\",\"url\":\"https:\\\/\\\/escapehunt.com\\\/es\\\/barcelona\\\/terminos-y-condiciones\\\/\",\"name\":\"T\u00e9rminos y condiciones | Escape Hunt Barcelona\",\"isPartOf\":{\"@id\":\"https:\\\/\\\/escapehunt.com\\\/es\\\/barcelona\\\/en\\\/#website\"},\"datePublished\":\"2018-10-19T11:53:14+00:00\",\"dateModified\":\"2020-05-20T05:09:14+00:00\",\"description\":\"T\u00e9rminos y condiciones de Escape Hunt. Por favor, revise estos t\u00e9rminos y condiciones antes de enviar su reserva a Escape Hunt Barcelona.\",\"breadcrumb\":{\"@id\":\"https:\\\/\\\/escapehunt.com\\\/es\\\/barcelona\\\/terminos-y-condiciones\\\/#breadcrumb\"},\"inLanguage\":\"es\",\"potentialAction\":[{\"@type\":\"ReadAction\",\"target\":[\"https:\\\/\\\/escapehunt.com\\\/es\\\/barcelona\\\/terminos-y-condiciones\\\/\"]}]},{\"@type\":\"BreadcrumbList\",\"@id\":\"https:\\\/\\\/escapehunt.com\\\/es\\\/barcelona\\\/terminos-y-condiciones\\\/#breadcrumb\",\"itemListElement\":[{\"@type\":\"ListItem\",\"position\":1,\"name\":\"Home\",\"item\":\"https:\\\/\\\/escapehunt.com\\\/es\\\/barcelona\\\/\"},{\"@type\":\"ListItem\",\"position\":2,\"name\":\"T\u00e9rminos y condiciones\"}]},{\"@type\":\"WebSite\",\"@id\":\"https:\\\/\\\/escapehunt.com\\\/es\\\/barcelona\\\/en\\\/#website\",\"url\":\"https:\\\/\\\/escapehunt.com\\\/es\\\/barcelona\\\/en\\\/\",\"name\":\"Barcelona\",\"description\":\"Just another Escape Hunt Staging Sites site\",\"potentialAction\":[{\"@type\":\"SearchAction\",\"target\":{\"@type\":\"EntryPoint\",\"urlTemplate\":\"https:\\\/\\\/escapehunt.com\\\/es\\\/barcelona\\\/en\\\/?s={search_term_string}\"},\"query-input\":{\"@type\":\"PropertyValueSpecification\",\"valueRequired\":true,\"valueName\":\"search_term_string\"}}],\"inLanguage\":\"es\"}]}<\/script>\n<!-- \/ Yoast SEO plugin. -->","yoast_head_json":{"title":"T\u00e9rminos y condiciones | Escape Hunt Barcelona","description":"T\u00e9rminos y condiciones de Escape Hunt. Por favor, revise estos t\u00e9rminos y condiciones antes de enviar su reserva a Escape Hunt Barcelona.","robots":{"index":"noindex","follow":"follow","max-snippet":"max-snippet:-1","max-image-preview":"max-image-preview:large","max-video-preview":"max-video-preview:-1"},"og_locale":"es_ES","og_type":"article","og_title":"T\u00e9rminos y condiciones | Escape Hunt Barcelona","og_description":"T\u00e9rminos y condiciones de Escape Hunt. Por favor, revise estos t\u00e9rminos y condiciones antes de enviar su reserva a Escape Hunt Barcelona.","og_url":"https:\/\/escapehunt.com\/es\/barcelona\/terminos-y-condiciones\/","og_site_name":"Barcelona","article_modified_time":"2020-05-20T05:09:14+00:00","twitter_card":"summary_large_image","twitter_misc":{"Tiempo de lectura":"7 minutos"},"schema":{"@context":"https:\/\/schema.org","@graph":[{"@type":"WebPage","@id":"https:\/\/escapehunt.com\/es\/barcelona\/terminos-y-condiciones\/","url":"https:\/\/escapehunt.com\/es\/barcelona\/terminos-y-condiciones\/","name":"T\u00e9rminos y condiciones | Escape Hunt Barcelona","isPartOf":{"@id":"https:\/\/escapehunt.com\/es\/barcelona\/en\/#website"},"datePublished":"2018-10-19T11:53:14+00:00","dateModified":"2020-05-20T05:09:14+00:00","description":"T\u00e9rminos y condiciones de Escape Hunt. Por favor, revise estos t\u00e9rminos y condiciones antes de enviar su reserva a Escape Hunt Barcelona.","breadcrumb":{"@id":"https:\/\/escapehunt.com\/es\/barcelona\/terminos-y-condiciones\/#breadcrumb"},"inLanguage":"es","potentialAction":[{"@type":"ReadAction","target":["https:\/\/escapehunt.com\/es\/barcelona\/terminos-y-condiciones\/"]}]},{"@type":"BreadcrumbList","@id":"https:\/\/escapehunt.com\/es\/barcelona\/terminos-y-condiciones\/#breadcrumb","itemListElement":[{"@type":"ListItem","position":1,"name":"Home","item":"https:\/\/escapehunt.com\/es\/barcelona\/"},{"@type":"ListItem","position":2,"name":"T\u00e9rminos y condiciones"}]},{"@type":"WebSite","@id":"https:\/\/escapehunt.com\/es\/barcelona\/en\/#website","url":"https:\/\/escapehunt.com\/es\/barcelona\/en\/","name":"Barcelona","description":"Just another Escape Hunt Staging Sites site","potentialAction":[{"@type":"SearchAction","target":{"@type":"EntryPoint","urlTemplate":"https:\/\/escapehunt.com\/es\/barcelona\/en\/?s={search_term_string}"},"query-input":{"@type":"PropertyValueSpecification","valueRequired":true,"valueName":"search_term_string"}}],"inLanguage":"es"}]}},"custom_schema_json":"","_links":{"self":[{"href":"https:\/\/staging3.escapehunt.com\/es\/barcelona\/wp-json\/wp\/v2\/pages\/355","targetHints":{"allow":["GET"]}}],"collection":[{"href":"https:\/\/staging3.escapehunt.com\/es\/barcelona\/wp-json\/wp\/v2\/pages"}],"about":[{"href":"https:\/\/staging3.escapehunt.com\/es\/barcelona\/wp-json\/wp\/v2\/types\/page"}],"author":[{"embeddable":true,"href":"https:\/\/staging3.escapehunt.com\/es\/barcelona\/wp-json\/wp\/v2\/users\/22"}],"replies":[{"embeddable":true,"href":"https:\/\/staging3.escapehunt.com\/es\/barcelona\/wp-json\/wp\/v2\/comments?post=355"}],"version-history":[{"count":0,"href":"https:\/\/staging3.escapehunt.com\/es\/barcelona\/wp-json\/wp\/v2\/pages\/355\/revisions"}],"wp:attachment":[{"href":"https:\/\/staging3.escapehunt.com\/es\/barcelona\/wp-json\/wp\/v2\/media?parent=355"}],"curies":[{"name":"wp","href":"https:\/\/api.w.org\/{rel}","templated":true}]}}