{"id":372,"date":"2018-10-19T12:09:44","date_gmt":"2018-10-19T12:09:44","guid":{"rendered":"https:\/\/staging3.escapehunt.com\/es\/barcelona\/?page_id=372"},"modified":"2019-05-01T20:57:05","modified_gmt":"2019-05-01T20:57:05","slug":"cookies","status":"publish","type":"page","link":"https:\/\/staging3.escapehunt.com\/es\/barcelona\/cookies\/","title":{"rendered":"Cookies"},"content":{"rendered":"<p>Nuestro sitio web utiliza cookies y otras tecnolog\u00edas de seguimiento para distinguirlo de otros usuarios de nuestro sitio web. Esto nos ayuda a brindarle una buena experiencia cuando navega en nuestro sitio web y tambi\u00e9n nos permite mejorar nuestro sitio. Al continuar navegando por el sitio, acepta nuestro uso de cookies.<\/p>\n<p>Una cookie es un peque\u00f1o archivo de letras y n\u00fameros que almacenamos en su navegador o en el disco duro de su computadora si usted est\u00e1 de acuerdo. Las cookies contienen informaci\u00f3n que se transfiere al disco duro de su ordenador.<\/p>\n<p>Algunas de nuestras p\u00e1ginas web tambi\u00e9n pueden contener un peque\u00f1o archivo de imagen transparente o una l\u00ednea de c\u00f3digo para registrar c\u00f3mo interact\u00faa con ellos. A menudo se utilizan junto con las cookies del navegador web y se utilizan para ayudarnos a analizar y mejorar mejor nuestros servicios y a orientar la publicidad relevante en funci\u00f3n de su comportamiento e intereses de navegaci\u00f3n.<\/p>\n<p>Usamos las siguientes cookies y tecnolog\u00edas de seguimiento:<\/p>\n<ul>\n<li><strong>Estrictamente necesario.<\/strong> Estas son necesarias para el funcionamiento de nuestro sitio web. Incluyen, por ejemplo, cookies que le permiten iniciar sesi\u00f3n en \u00e1reas seguras de nuestro sitio web, utilizar un carrito de compras o utilizar los servicios de facturaci\u00f3n electr\u00f3nica.<\/li>\n<li><strong>Anal\u00edtico\/rendimiento.<\/strong> Nos permiten reconocer y contar el n\u00famero de visitantes y ver c\u00f3mo los visitantes se mueven por nuestro sitio web cuando lo est\u00e1n usando. Esto nos ayuda a mejorar la forma en que funciona nuestro sitio web, por ejemplo, al garantizar que los usuarios encuentren lo que buscan con facilidad.<\/li>\n<li><strong>Funcionalidad.<\/strong> Estas se usan para reconocerlo cuando regrese a nuestro sitio web. Esto nos permite personalizar nuestro contenido, saludarlo por su nombre y recordar sus preferencias (por ejemplo, su elecci\u00f3n de idioma o regi\u00f3n).<\/li>\n<li><strong>Orientaci\u00f3n.<\/strong> Estos registran su visita a nuestro sitio web, las p\u00e1ginas que ha visitado y los enlaces que ha seguido. Utilizaremos esta informaci\u00f3n para que nuestro sitio web y la publicidad que se muestra en \u00e9l sean m\u00e1s relevantes para sus intereses. Tambi\u00e9n podemos compartir esta informaci\u00f3n con terceros para este fin: si ha visitado nuestro sitio, es posible que se publique con nuestra publicidad en sitios de terceros (por ejemplo, en Facebook).<\/li>\n<\/ul>\n<p>Puede encontrar m\u00e1s informaci\u00f3n sobre las cookies individuales que utilizamos y los fines para los cuales las usamos en la tabla siguiente:<\/p>\n<table style=\"height: 2574px;\" width=\"1381\">\n<tbody>\n<tr>\n<td width=\"28%\"><strong>Tipo de cookies<\/strong><\/td>\n<td width=\"15%\"><strong>Nombre<\/strong><\/td>\n<td width=\"42%\"><strong>Prop\u00f3sito<\/strong><\/td>\n<td width=\"13%\"><strong>Caducidad<\/strong><\/td>\n<\/tr>\n<tr>\n<td rowspan=\"2\" width=\"28%\">Estrictamente necesario<\/td>\n<td width=\"15%\">eh_accepts_cookies<\/td>\n<td rowspan=\"2\" width=\"42%\">Las usamos para registrar que ha aceptado nuestro uso de cookies la primera vez que visit\u00f3 nuestro sitio web. Grabar esto nos impide preguntarle cada vez que visita nuestro sitio web<\/td>\n<td width=\"13%\">Nunca<\/td>\n<\/tr>\n<tr>\n<td width=\"15%\">wpcookienotifier_dismissed<\/td>\n<td width=\"13%\">365 d\u00edas<\/td>\n<\/tr>\n<tr>\n<td width=\"28%\">Anal\u00edtico\/rendimiento<\/td>\n<td width=\"15%\">_ga<\/td>\n<td width=\"42%\">Esto nos ayuda a comprender cu\u00e1ntas personas visitan el sitio web al rastrear si lo ha visitado anteriormente.<\/td>\n<td width=\"13%\">2 a\u00f1os<\/td>\n<\/tr>\n<tr>\n<td width=\"28%\">Anal\u00edtico\/rendimiento<\/td>\n<td width=\"15%\">_gid<\/td>\n<td width=\"42%\">Esto nos ayuda a comprender cu\u00e1ntas personas visitan el sitio web al rastrear si lo ha visitado anteriormente.<\/td>\n<td width=\"13%\">24 horas<\/td>\n<\/tr>\n<tr>\n<td width=\"28%\">Anal\u00edtico\/rendimiento<\/td>\n<td width=\"15%\">_gat<\/td>\n<td width=\"42%\">Esto se usa para ayudarnos a administrar la velocidad a la que se realizan las solicitudes de vista de p\u00e1gina<\/td>\n<td width=\"13%\">1 minuto<\/td>\n<\/tr>\n<tr>\n<td width=\"28%\">Anal\u00edtico\/rendimiento<\/td>\n<td width=\"15%\">AMP_TOKEN<\/td>\n<td width=\"42%\">Esto se usa para rastrear c\u00f3mo llegaste a la p\u00e1gina que est\u00e1s visitando<\/td>\n<td width=\"13%\">De 30 segundos a 1 a\u00f1o<\/td>\n<\/tr>\n<tr>\n<td width=\"28%\">Anal\u00edtico\/rendimiento<\/td>\n<td width=\"15%\">_gac_&lt;property-id&gt;<\/td>\n<td width=\"42%\">Esto nos ayuda a medir la efectividad de nuestra actividad de mercadotecnia al rastrear la conversi\u00f3n a anuncios que posiblemente haya visto antes de visitar nuestro sitio web.<\/td>\n<td width=\"13%\">90 d\u00edas<\/td>\n<\/tr>\n<tr>\n<td width=\"28%\">Anal\u00edtico\/rendimiento<\/td>\n<td width=\"15%\">_hjIncludedInSample<\/td>\n<td width=\"42%\">Esta cookie de sesi\u00f3n est\u00e1 configurada para rastrear c\u00f3mo navega el sitio<\/td>\n<td width=\"13%\">365 d\u00edas<\/td>\n<\/tr>\n<tr>\n<td width=\"28%\">Funcional<\/td>\n<td width=\"15%\">hjClosedSurveyInvites<\/td>\n<td width=\"42%\">De vez en cuando podemos pedirle que complete una encuesta. Cuando hacemos esto, esta cookie se utiliza para garantizar que no le solicitemos que complete la encuesta nuevamente.<\/td>\n<td width=\"13%\">365 d\u00edas<\/td>\n<\/tr>\n<tr>\n<td width=\"28%\">Funcional<\/td>\n<td width=\"15%\">_hjDonePolls<\/td>\n<td width=\"42%\">Esta cookie se utiliza si completa una encuesta con el widget de Encuesta de votos, esto es para garantizar que no le solicitemos que complete la misma encuesta dos veces<\/td>\n<td width=\"13%\">365 d\u00edas<\/td>\n<\/tr>\n<tr>\n<td width=\"28%\">Funcional<\/td>\n<td width=\"15%\">_hjMinimizedPolls<\/td>\n<td width=\"42%\">Esta cookie se utiliza para rastrear si ha minimizado el widget de Encuesta de votos para asegurarse de que el widget se mantenga minimizado a medida que navega por nuestro sitio web.<\/td>\n<td width=\"13%\">365 d\u00edas<\/td>\n<\/tr>\n<tr>\n<td width=\"28%\">Funcional<\/td>\n<td width=\"15%\">_hjDoneTestersWidgets<\/td>\n<td width=\"42%\">Esta cookie se establece una vez que env\u00eda informaci\u00f3n en el widget de Reclutamiento de usuarios. Se utiliza para garantizar que el mismo formulario no vuelva a aparecer nuevamente si ya lo ha completado.<\/td>\n<td width=\"13%\">365 d\u00edas<\/td>\n<\/tr>\n<tr>\n<td width=\"28%\">Funcional<\/td>\n<td width=\"15%\">_hjMinimizedTestersWidgets<\/td>\n<td width=\"42%\">Esta cookie se establece si minimiza un widget de Reclutamiento de usuarios. Se usa para garantizar que el widget permanezca minimizado cuando navega por su sitio.<\/td>\n<td width=\"13%\">365 d\u00edas<\/td>\n<\/tr>\n<tr>\n<td width=\"28%\">Funcional<\/td>\n<td width=\"15%\">_hjDoneSurveys<\/td>\n<td width=\"42%\">Esta cookie se establece una vez que completa una encuesta. Se usa solo para cargar el contenido de la encuesta si a\u00fan no ha completado la encuesta.<\/td>\n<td width=\"13%\">365 d\u00edas<\/td>\n<\/tr>\n<tr>\n<td width=\"28%\">Funcional<\/td>\n<td width=\"15%\">_hjShownFeedbackMessage<\/td>\n<td width=\"42%\">Esta cookie se establece cuando minimiza o completa los comentarios entrantes. Esto se hace para que la retroalimentaci\u00f3n entrante se cargue como minimizada inmediatamente si navega a otra p\u00e1gina donde est\u00e1 configurado para mostrar.<\/td>\n<td width=\"13%\">365 d\u00edas<\/td>\n<\/tr>\n<tr>\n<td rowspan=\"2\" width=\"28%\">Funcional<\/td>\n<td width=\"15%\">_icl_current_language<\/td>\n<td rowspan=\"2\" width=\"42%\">Estas cookies se utilizan para gestionar el aspecto multiling\u00fce de nuestro sitio web<\/td>\n<td rowspan=\"2\" width=\"13%\">2 d\u00edas<\/td>\n<\/tr>\n<tr>\n<td width=\"15%\">_icl_visitor_lang_js<\/td>\n<\/tr>\n<tr>\n<td width=\"28%\">Funcional<\/td>\n<td width=\"15%\">wpml_browser_redirect_test<\/td>\n<td width=\"42%\">Esta cookie se usa para probar si las cookies est\u00e1n habilitadas<\/td>\n<td width=\"13%\">Nunca<\/td>\n<\/tr>\n<tr>\n<td width=\"28%\">Funcional<\/td>\n<td width=\"15%\">wpml_referer_url<\/td>\n<td width=\"42%\">Esta cookie registra la \u00faltima URL solicitada en la parte delantera<\/td>\n<td width=\"13%\">Esta cookie caduca tan pronto como se cierra el navegador<\/td>\n<\/tr>\n<tr>\n<td width=\"28%\">Funcional<\/td>\n<td width=\"15%\">woocommerce_cart_hash<\/td>\n<td width=\"42%\">Esta cookie almacena la informaci\u00f3n de lo que tiene en su cesta en algunos de nuestros sitios locales<\/td>\n<td width=\"13%\">Nunca<\/td>\n<\/tr>\n<tr>\n<td width=\"28%\">Funcional<\/td>\n<td width=\"15%\">woocommerce_items_in_cart<\/td>\n<td width=\"42%\">Esta cookie indica cu\u00e1ndo se realizan cambios en los art\u00edculos de su cesta en algunos de nuestros sitios locales<\/td>\n<td width=\"13%\">Nunca<\/td>\n<\/tr>\n<tr>\n<td width=\"28%\">Funcional<\/td>\n<td width=\"15%\">wp_woocommerce_session_<\/td>\n<td width=\"42%\">Utilizamos esta cookie para recuperar su cesta cuando regrese al sitio en algunos de nuestros sitios locales.<\/td>\n<td width=\"13%\">4 d\u00edas<\/td>\n<\/tr>\n<tr>\n<td width=\"28%\">Funcional<\/td>\n<td width=\"15%\">woocommerce_recently_viewed<\/td>\n<td width=\"42%\">Esta cookie registra elementos que recientemente ha visto en algunos de nuestros sitios locales<\/td>\n<td width=\"13%\">Nunca<\/td>\n<\/tr>\n<tr>\n<td rowspan=\"4\" width=\"28%\">Funcional<\/td>\n<td width=\"15%\">_wcml_booking_currency<\/td>\n<td rowspan=\"4\" width=\"42%\">Estas cookies se utilizan para registrar y administrar monedas en partes de nuestro sitio web en algunos de nuestros sitios locales.<\/td>\n<td rowspan=\"4\" width=\"13%\">1 d\u00eda<\/td>\n<\/tr>\n<tr>\n<td width=\"15%\">_wcml_dashboard_currency<\/td>\n<\/tr>\n<tr>\n<td width=\"15%\">_wcml_order_currency<\/td>\n<\/tr>\n<tr>\n<td width=\"15%\">_wcml_reports_currency<\/td>\n<\/tr>\n<tr>\n<td width=\"28%\">Funcional<\/td>\n<td width=\"15%\">_wcml_dashboard_order_language<\/td>\n<td width=\"42%\">Esta cookie se utiliza para registrar y administrar el idioma en partes de nuestro sitio web<\/td>\n<td width=\"13%\">1 d\u00eda<\/td>\n<\/tr>\n<tr>\n<td width=\"28%\">Funcional<\/td>\n<td width=\"15%\">hjClosedSurveyInvites<\/td>\n<td width=\"42%\">De vez en cuando podemos pedirle que complete una Encuesta. Cuando hacemos esto, esta cookie se utiliza para garantizar que no le solicitemos que complete la encuesta nuevamente.<\/td>\n<td width=\"13%\">365 d\u00edas<\/td>\n<\/tr>\n<tr>\n<td width=\"28%\">Funcional<\/td>\n<td width=\"15%\">_hjDonePolls<\/td>\n<td width=\"42%\">Esta cookie se utiliza si completa una encuesta con el widget de Encuesta de votos, esto es para garantizar que no le solicitemos que complete la misma encuesta dos veces<\/td>\n<td width=\"13%\">365 d\u00edas<\/td>\n<\/tr>\n<tr>\n<td width=\"28%\">Funcional<\/td>\n<td width=\"15%\">_hjMinimizedPolls<\/td>\n<td width=\"42%\">Esta cookie se utiliza para rastrear si ha minimizado el widget de Encuesta de votos para asegurarse de que el widget se mantenga minimizado a medida que navega por nuestro sitio web.<\/td>\n<td width=\"13%\">365 d\u00edas<\/td>\n<\/tr>\n<tr>\n<td width=\"28%\">Funcional<\/td>\n<td width=\"15%\">_hjDoneTestersWidgets<\/td>\n<td width=\"42%\">Esta cookie se establece una vez que env\u00eda informaci\u00f3n en un widget de reclutamiento de usuarios. Se utiliza para garantizar que el mismo formulario no vuelva a aparecer nuevamente si ya lo ha completado.<\/td>\n<td width=\"13%\">365 d\u00edas<\/td>\n<\/tr>\n<tr>\n<td width=\"28%\">Funcional<\/td>\n<td width=\"15%\">_hjMinimizedTestersWidgets<\/td>\n<td width=\"42%\">Esta cookie se establece si minimiza un widget de reclutamiento de usuarios. Se usa para garantizar que el widget permanezca minimizado cuando navega por su sitio.<\/td>\n<td width=\"13%\">365 d\u00edas<\/td>\n<\/tr>\n<tr>\n<td width=\"28%\">Funcional<\/td>\n<td width=\"15%\">_hjDoneSurveys<\/td>\n<td width=\"42%\">Esta cookie se establece una vez que completa una encuesta. Se usa solo para cargar el contenido de la encuesta si a\u00fan no ha completado la encuesta.<\/td>\n<td width=\"13%\">365 d\u00edas<\/td>\n<\/tr>\n<tr>\n<td width=\"28%\">Funcional<\/td>\n<td width=\"15%\">_hjShownFeedbackMessage<\/td>\n<td width=\"42%\">Esta cookie se establece cuando minimiza o completa los comentarios entrantes. Esto se hace para que la retroalimentaci\u00f3n entrante se cargue como minimizada inmediatamente si navega a otra p\u00e1gina donde est\u00e1 configurado para mostrar.<\/td>\n<td width=\"13%\">365 d\u00edas<\/td>\n<\/tr>\n<tr>\n<td width=\"28%\">Orientaci\u00f3n<\/td>\n<td width=\"15%\">Facebook Pixel<\/td>\n<td width=\"42%\">Esto hace un seguimiento de sus visitas a nuestro sitio web y se utiliza para dirigirse a usted con promociones relevantes cuando ingresa en su cuenta de Facebook. La informaci\u00f3n recopilada permanece an\u00f3nima para Escape Hunt y no puede utilizarse para identificarlo, sin embargo, Facebook recibe y procesa la informaci\u00f3n, que puede conectar los datos con su cuenta de Facebook.<\/td>\n<td width=\"13%\">n\/a<\/td>\n<\/tr>\n<\/tbody>\n<\/table>\n<p>Tenga en cuenta que los terceros (incluidos, por ejemplo, las redes de publicidad y los proveedores de servicios externos, como los servicios de an\u00e1lisis de tr\u00e1fico web) tambi\u00e9n pueden usar cookies, sobre las cuales no tenemos control. Es probable que estas cookies sean cookies anal\u00edticas \/de rendimiento o cookies de segmentaci\u00f3n<\/p>\n<p>Puede bloquear las cookies activando la configuraci\u00f3n en su navegador que le permite rechazar la configuraci\u00f3n de todas o algunas de las cookies. Sin embargo, si utiliza la configuraci\u00f3n de su navegador para bloquear todas las cookies (incluidas las cookies esenciales), es posible que no pueda acceder a todas las partes de nuestro sitio.<\/p>\n<p>Para obtener m\u00e1s informaci\u00f3n sobre Facebook Pixel y sobre c\u00f3mo actualizar su configuraci\u00f3n de publicidad de Facebook, visite: facebook.com\/sobre\/privacidad.<\/p>\n","protected":false},"excerpt":{"rendered":"<p>Nuestro sitio web utiliza cookies y otras tecnolog\u00edas de seguimiento para distinguirlo de otros usuarios de nuestro sitio web. Esto nos ayuda a brindarle una buena experiencia cuando navega en&hellip;<\/p>\n","protected":false},"author":22,"featured_media":0,"parent":0,"menu_order":0,"comment_status":"closed","ping_status":"closed","template":"","meta":{"_acf_changed":false,"footnotes":""},"class_list":["post-372","page","type-page","status-publish","hentry"],"acf":{"custom_schema_json":""},"yoast_head":"<!-- This site is optimized with the Yoast SEO plugin v27.3 - https:\/\/yoast.com\/product\/yoast-seo-wordpress\/ -->\n<title>Cookies | Escape Hunt Barcelona<\/title>\n<meta name=\"description\" content=\"Lea la pol\u00edtica de cookies de Escape Hunt.\" \/>\n<meta name=\"robots\" content=\"noindex, follow, max-snippet:-1, max-image-preview:large, max-video-preview:-1\" \/>\n<meta property=\"og:locale\" content=\"es_ES\" \/>\n<meta property=\"og:type\" content=\"article\" \/>\n<meta property=\"og:title\" content=\"Cookies | Escape Hunt Barcelona\" \/>\n<meta property=\"og:description\" content=\"Lea la pol\u00edtica de cookies de Escape Hunt.\" \/>\n<meta property=\"og:url\" content=\"https:\/\/escapehunt.com\/es\/barcelona\/cookies\/\" \/>\n<meta property=\"og:site_name\" content=\"Barcelona\" \/>\n<meta property=\"article:modified_time\" content=\"2019-05-01T20:57:05+00:00\" \/>\n<meta name=\"twitter:card\" content=\"summary_large_image\" \/>\n<meta name=\"twitter:label1\" content=\"Tiempo de lectura\" \/>\n\t<meta name=\"twitter:data1\" content=\"8 minutos\" \/>\n<script type=\"application\/ld+json\" class=\"yoast-schema-graph\">{\"@context\":\"https:\\\/\\\/schema.org\",\"@graph\":[{\"@type\":\"WebPage\",\"@id\":\"https:\\\/\\\/escapehunt.com\\\/es\\\/barcelona\\\/cookies\\\/\",\"url\":\"https:\\\/\\\/escapehunt.com\\\/es\\\/barcelona\\\/cookies\\\/\",\"name\":\"Cookies | Escape Hunt Barcelona\",\"isPartOf\":{\"@id\":\"https:\\\/\\\/escapehunt.com\\\/es\\\/barcelona\\\/en\\\/#website\"},\"datePublished\":\"2018-10-19T12:09:44+00:00\",\"dateModified\":\"2019-05-01T20:57:05+00:00\",\"description\":\"Lea la pol\u00edtica de cookies de Escape Hunt.\",\"breadcrumb\":{\"@id\":\"https:\\\/\\\/escapehunt.com\\\/es\\\/barcelona\\\/cookies\\\/#breadcrumb\"},\"inLanguage\":\"es\",\"potentialAction\":[{\"@type\":\"ReadAction\",\"target\":[\"https:\\\/\\\/escapehunt.com\\\/es\\\/barcelona\\\/cookies\\\/\"]}]},{\"@type\":\"BreadcrumbList\",\"@id\":\"https:\\\/\\\/escapehunt.com\\\/es\\\/barcelona\\\/cookies\\\/#breadcrumb\",\"itemListElement\":[{\"@type\":\"ListItem\",\"position\":1,\"name\":\"Home\",\"item\":\"https:\\\/\\\/escapehunt.com\\\/es\\\/barcelona\\\/\"},{\"@type\":\"ListItem\",\"position\":2,\"name\":\"Cookies\"}]},{\"@type\":\"WebSite\",\"@id\":\"https:\\\/\\\/escapehunt.com\\\/es\\\/barcelona\\\/en\\\/#website\",\"url\":\"https:\\\/\\\/escapehunt.com\\\/es\\\/barcelona\\\/en\\\/\",\"name\":\"Barcelona\",\"description\":\"Just another Escape Hunt Staging Sites site\",\"potentialAction\":[{\"@type\":\"SearchAction\",\"target\":{\"@type\":\"EntryPoint\",\"urlTemplate\":\"https:\\\/\\\/escapehunt.com\\\/es\\\/barcelona\\\/en\\\/?s={search_term_string}\"},\"query-input\":{\"@type\":\"PropertyValueSpecification\",\"valueRequired\":true,\"valueName\":\"search_term_string\"}}],\"inLanguage\":\"es\"}]}<\/script>\n<!-- \/ Yoast SEO plugin. -->","yoast_head_json":{"title":"Cookies | Escape Hunt Barcelona","description":"Lea la pol\u00edtica de cookies de Escape Hunt.","robots":{"index":"noindex","follow":"follow","max-snippet":"max-snippet:-1","max-image-preview":"max-image-preview:large","max-video-preview":"max-video-preview:-1"},"og_locale":"es_ES","og_type":"article","og_title":"Cookies | Escape Hunt Barcelona","og_description":"Lea la pol\u00edtica de cookies de Escape Hunt.","og_url":"https:\/\/escapehunt.com\/es\/barcelona\/cookies\/","og_site_name":"Barcelona","article_modified_time":"2019-05-01T20:57:05+00:00","twitter_card":"summary_large_image","twitter_misc":{"Tiempo de lectura":"8 minutos"},"schema":{"@context":"https:\/\/schema.org","@graph":[{"@type":"WebPage","@id":"https:\/\/escapehunt.com\/es\/barcelona\/cookies\/","url":"https:\/\/escapehunt.com\/es\/barcelona\/cookies\/","name":"Cookies | Escape Hunt Barcelona","isPartOf":{"@id":"https:\/\/escapehunt.com\/es\/barcelona\/en\/#website"},"datePublished":"2018-10-19T12:09:44+00:00","dateModified":"2019-05-01T20:57:05+00:00","description":"Lea la pol\u00edtica de cookies de Escape Hunt.","breadcrumb":{"@id":"https:\/\/escapehunt.com\/es\/barcelona\/cookies\/#breadcrumb"},"inLanguage":"es","potentialAction":[{"@type":"ReadAction","target":["https:\/\/escapehunt.com\/es\/barcelona\/cookies\/"]}]},{"@type":"BreadcrumbList","@id":"https:\/\/escapehunt.com\/es\/barcelona\/cookies\/#breadcrumb","itemListElement":[{"@type":"ListItem","position":1,"name":"Home","item":"https:\/\/escapehunt.com\/es\/barcelona\/"},{"@type":"ListItem","position":2,"name":"Cookies"}]},{"@type":"WebSite","@id":"https:\/\/escapehunt.com\/es\/barcelona\/en\/#website","url":"https:\/\/escapehunt.com\/es\/barcelona\/en\/","name":"Barcelona","description":"Just another Escape Hunt Staging Sites site","potentialAction":[{"@type":"SearchAction","target":{"@type":"EntryPoint","urlTemplate":"https:\/\/escapehunt.com\/es\/barcelona\/en\/?s={search_term_string}"},"query-input":{"@type":"PropertyValueSpecification","valueRequired":true,"valueName":"search_term_string"}}],"inLanguage":"es"}]}},"custom_schema_json":"","_links":{"self":[{"href":"https:\/\/staging3.escapehunt.com\/es\/barcelona\/wp-json\/wp\/v2\/pages\/372","targetHints":{"allow":["GET"]}}],"collection":[{"href":"https:\/\/staging3.escapehunt.com\/es\/barcelona\/wp-json\/wp\/v2\/pages"}],"about":[{"href":"https:\/\/staging3.escapehunt.com\/es\/barcelona\/wp-json\/wp\/v2\/types\/page"}],"author":[{"embeddable":true,"href":"https:\/\/staging3.escapehunt.com\/es\/barcelona\/wp-json\/wp\/v2\/users\/22"}],"replies":[{"embeddable":true,"href":"https:\/\/staging3.escapehunt.com\/es\/barcelona\/wp-json\/wp\/v2\/comments?post=372"}],"version-history":[{"count":0,"href":"https:\/\/staging3.escapehunt.com\/es\/barcelona\/wp-json\/wp\/v2\/pages\/372\/revisions"}],"wp:attachment":[{"href":"https:\/\/staging3.escapehunt.com\/es\/barcelona\/wp-json\/wp\/v2\/media?parent=372"}],"curies":[{"name":"wp","href":"https:\/\/api.w.org\/{rel}","templated":true}]}}