{"id":478,"date":"2018-10-28T07:04:53","date_gmt":"2018-10-28T07:04:53","guid":{"rendered":"https:\/\/staging3.escapehunt.com\/es\/barcelona\/?page_id=478"},"modified":"2019-05-01T20:56:27","modified_gmt":"2019-05-01T20:56:27","slug":"mapa-del-sitio","status":"publish","type":"page","link":"https:\/\/staging3.escapehunt.com\/es\/barcelona\/mapa-del-sitio\/","title":{"rendered":"Mapa del Sitio"},"content":{"rendered":"","protected":false},"excerpt":{"rendered":"","protected":false},"author":60,"featured_media":0,"parent":0,"menu_order":0,"comment_status":"closed","ping_status":"closed","template":"views\/site-map.php","meta":{"_acf_changed":false,"footnotes":""},"class_list":["post-478","page","type-page","status-publish","hentry"],"acf":{"custom_schema_json":""},"yoast_head":"<!-- This site is optimized with the Yoast SEO plugin v27.3 - https:\/\/yoast.com\/product\/yoast-seo-wordpress\/ -->\n<title>Mapa del Sitio | Escape Hunt Barcelona<\/title>\n<meta name=\"description\" content=\"El mapa del sitio Escape Hunt Barcelona tiene enlaces a toda la informaci\u00f3n importante y \u00fatil para tu experiencia de escape room. Encuentra nuestros juegos, aprende a jugar y reserva tu sala de escape room en l\u00ednea.\" \/>\n<meta name=\"robots\" content=\"noindex, follow, max-snippet:-1, max-image-preview:large, max-video-preview:-1\" \/>\n<meta property=\"og:locale\" content=\"es_ES\" \/>\n<meta property=\"og:type\" content=\"article\" \/>\n<meta property=\"og:title\" content=\"Mapa del Sitio | Escape Hunt Barcelona\" \/>\n<meta property=\"og:description\" content=\"El mapa del sitio Escape Hunt Barcelona tiene enlaces a toda la informaci\u00f3n importante y \u00fatil para tu experiencia de escape room. Encuentra nuestros juegos, aprende a jugar y reserva tu sala de escape room en l\u00ednea.\" \/>\n<meta property=\"og:url\" content=\"https:\/\/escapehunt.com\/es\/barcelona\/mapa-del-sitio\/\" \/>\n<meta property=\"og:site_name\" content=\"Barcelona\" \/>\n<meta property=\"article:modified_time\" content=\"2019-05-01T20:56:27+00:00\" \/>\n<meta name=\"twitter:card\" content=\"summary_large_image\" \/>\n<script type=\"application\/ld+json\" class=\"yoast-schema-graph\">{\"@context\":\"https:\\\/\\\/schema.org\",\"@graph\":[{\"@type\":\"WebPage\",\"@id\":\"https:\\\/\\\/escapehunt.com\\\/es\\\/barcelona\\\/mapa-del-sitio\\\/\",\"url\":\"https:\\\/\\\/escapehunt.com\\\/es\\\/barcelona\\\/mapa-del-sitio\\\/\",\"name\":\"Mapa del Sitio | Escape Hunt Barcelona\",\"isPartOf\":{\"@id\":\"https:\\\/\\\/escapehunt.com\\\/es\\\/barcelona\\\/en\\\/#website\"},\"datePublished\":\"2018-10-28T07:04:53+00:00\",\"dateModified\":\"2019-05-01T20:56:27+00:00\",\"description\":\"El mapa del sitio Escape Hunt Barcelona tiene enlaces a toda la informaci\u00f3n importante y \u00fatil para tu experiencia de escape room. Encuentra nuestros juegos, aprende a jugar y reserva tu sala de escape room en l\u00ednea.\",\"breadcrumb\":{\"@id\":\"https:\\\/\\\/escapehunt.com\\\/es\\\/barcelona\\\/mapa-del-sitio\\\/#breadcrumb\"},\"inLanguage\":\"es\",\"potentialAction\":[{\"@type\":\"ReadAction\",\"target\":[\"https:\\\/\\\/escapehunt.com\\\/es\\\/barcelona\\\/mapa-del-sitio\\\/\"]}]},{\"@type\":\"BreadcrumbList\",\"@id\":\"https:\\\/\\\/escapehunt.com\\\/es\\\/barcelona\\\/mapa-del-sitio\\\/#breadcrumb\",\"itemListElement\":[{\"@type\":\"ListItem\",\"position\":1,\"name\":\"Home\",\"item\":\"https:\\\/\\\/escapehunt.com\\\/es\\\/barcelona\\\/\"},{\"@type\":\"ListItem\",\"position\":2,\"name\":\"Mapa del Sitio\"}]},{\"@type\":\"WebSite\",\"@id\":\"https:\\\/\\\/escapehunt.com\\\/es\\\/barcelona\\\/en\\\/#website\",\"url\":\"https:\\\/\\\/escapehunt.com\\\/es\\\/barcelona\\\/en\\\/\",\"name\":\"Barcelona\",\"description\":\"Just another Escape Hunt Staging Sites site\",\"potentialAction\":[{\"@type\":\"SearchAction\",\"target\":{\"@type\":\"EntryPoint\",\"urlTemplate\":\"https:\\\/\\\/escapehunt.com\\\/es\\\/barcelona\\\/en\\\/?s={search_term_string}\"},\"query-input\":{\"@type\":\"PropertyValueSpecification\",\"valueRequired\":true,\"valueName\":\"search_term_string\"}}],\"inLanguage\":\"es\"}]}<\/script>\n<!-- \/ Yoast SEO plugin. -->","yoast_head_json":{"title":"Mapa del Sitio | Escape Hunt Barcelona","description":"El mapa del sitio Escape Hunt Barcelona tiene enlaces a toda la informaci\u00f3n importante y \u00fatil para tu experiencia de escape room. Encuentra nuestros juegos, aprende a jugar y reserva tu sala de escape room en l\u00ednea.","robots":{"index":"noindex","follow":"follow","max-snippet":"max-snippet:-1","max-image-preview":"max-image-preview:large","max-video-preview":"max-video-preview:-1"},"og_locale":"es_ES","og_type":"article","og_title":"Mapa del Sitio | Escape Hunt Barcelona","og_description":"El mapa del sitio Escape Hunt Barcelona tiene enlaces a toda la informaci\u00f3n importante y \u00fatil para tu experiencia de escape room. Encuentra nuestros juegos, aprende a jugar y reserva tu sala de escape room en l\u00ednea.","og_url":"https:\/\/escapehunt.com\/es\/barcelona\/mapa-del-sitio\/","og_site_name":"Barcelona","article_modified_time":"2019-05-01T20:56:27+00:00","twitter_card":"summary_large_image","schema":{"@context":"https:\/\/schema.org","@graph":[{"@type":"WebPage","@id":"https:\/\/escapehunt.com\/es\/barcelona\/mapa-del-sitio\/","url":"https:\/\/escapehunt.com\/es\/barcelona\/mapa-del-sitio\/","name":"Mapa del Sitio | Escape Hunt Barcelona","isPartOf":{"@id":"https:\/\/escapehunt.com\/es\/barcelona\/en\/#website"},"datePublished":"2018-10-28T07:04:53+00:00","dateModified":"2019-05-01T20:56:27+00:00","description":"El mapa del sitio Escape Hunt Barcelona tiene enlaces a toda la informaci\u00f3n importante y \u00fatil para tu experiencia de escape room. Encuentra nuestros juegos, aprende a jugar y reserva tu sala de escape room en l\u00ednea.","breadcrumb":{"@id":"https:\/\/escapehunt.com\/es\/barcelona\/mapa-del-sitio\/#breadcrumb"},"inLanguage":"es","potentialAction":[{"@type":"ReadAction","target":["https:\/\/escapehunt.com\/es\/barcelona\/mapa-del-sitio\/"]}]},{"@type":"BreadcrumbList","@id":"https:\/\/escapehunt.com\/es\/barcelona\/mapa-del-sitio\/#breadcrumb","itemListElement":[{"@type":"ListItem","position":1,"name":"Home","item":"https:\/\/escapehunt.com\/es\/barcelona\/"},{"@type":"ListItem","position":2,"name":"Mapa del Sitio"}]},{"@type":"WebSite","@id":"https:\/\/escapehunt.com\/es\/barcelona\/en\/#website","url":"https:\/\/escapehunt.com\/es\/barcelona\/en\/","name":"Barcelona","description":"Just another Escape Hunt Staging Sites site","potentialAction":[{"@type":"SearchAction","target":{"@type":"EntryPoint","urlTemplate":"https:\/\/escapehunt.com\/es\/barcelona\/en\/?s={search_term_string}"},"query-input":{"@type":"PropertyValueSpecification","valueRequired":true,"valueName":"search_term_string"}}],"inLanguage":"es"}]}},"custom_schema_json":"","_links":{"self":[{"href":"https:\/\/staging3.escapehunt.com\/es\/barcelona\/wp-json\/wp\/v2\/pages\/478","targetHints":{"allow":["GET"]}}],"collection":[{"href":"https:\/\/staging3.escapehunt.com\/es\/barcelona\/wp-json\/wp\/v2\/pages"}],"about":[{"href":"https:\/\/staging3.escapehunt.com\/es\/barcelona\/wp-json\/wp\/v2\/types\/page"}],"author":[{"embeddable":true,"href":"https:\/\/staging3.escapehunt.com\/es\/barcelona\/wp-json\/wp\/v2\/users\/60"}],"replies":[{"embeddable":true,"href":"https:\/\/staging3.escapehunt.com\/es\/barcelona\/wp-json\/wp\/v2\/comments?post=478"}],"version-history":[{"count":0,"href":"https:\/\/staging3.escapehunt.com\/es\/barcelona\/wp-json\/wp\/v2\/pages\/478\/revisions"}],"wp:attachment":[{"href":"https:\/\/staging3.escapehunt.com\/es\/barcelona\/wp-json\/wp\/v2\/media?parent=478"}],"curies":[{"name":"wp","href":"https:\/\/api.w.org\/{rel}","templated":true}]}}