{"id":38774,"date":"2023-01-27T09:57:34","date_gmt":"2023-01-27T09:57:34","guid":{"rendered":"https:\/\/staging3.escapehunt.com\/fr\/belfort\/?page_id=38774"},"modified":"2024-06-11T21:04:50","modified_gmt":"2024-06-11T21:04:50","slug":"laventure-commence-ici","status":"publish","type":"page","link":"https:\/\/staging3.escapehunt.com\/fr\/belfort\/","title":{"rendered":"L&rsquo;AVENTURE COMMENCE ICI."},"content":{"rendered":"","protected":false},"excerpt":{"rendered":"","protected":false},"author":62,"featured_media":0,"parent":0,"menu_order":0,"comment_status":"closed","ping_status":"closed","template":"views\/landing-city.php","meta":{"_acf_changed":false,"footnotes":""},"class_list":["post-38774","page","type-page","status-publish","hentry"],"acf":{"custom_schema_json":""},"yoast_head":"<!-- This site is optimized with the Yoast SEO plugin v27.3 - https:\/\/yoast.com\/product\/yoast-seo-wordpress\/ -->\n<title>L&#039;Escape Game incontournable \u00e0 Belfort | Escape Hunt Belfort<\/title>\n<meta name=\"description\" content=\"L&#039;Escape Game incontournable du moment. Id\u00e9al pour vos \u00e9v\u00e9nements d&#039;entreprise, teambuilding, anniversaire, evg, evjf. R\u00e9servations en ligne.\" \/>\n<meta name=\"robots\" content=\"noindex, follow, max-snippet:-1, max-image-preview:large, max-video-preview:-1\" \/>\n<meta property=\"og:locale\" content=\"fr_FR\" \/>\n<meta property=\"og:type\" content=\"article\" \/>\n<meta property=\"og:title\" content=\"L&#039;Escape Game incontournable \u00e0 Belfort | Escape Hunt Belfort\" \/>\n<meta property=\"og:description\" content=\"L&#039;Escape Game incontournable du moment. Id\u00e9al pour vos \u00e9v\u00e9nements d&#039;entreprise, teambuilding, anniversaire, evg, evjf. R\u00e9servations en ligne.\" \/>\n<meta property=\"og:url\" content=\"https:\/\/escapehunt.com\/fr\/belfort\/\" \/>\n<meta property=\"og:site_name\" content=\"Belfort\" \/>\n<meta property=\"article:modified_time\" content=\"2024-06-11T21:04:50+00:00\" \/>\n<meta name=\"twitter:card\" content=\"summary_large_image\" \/>\n<script type=\"application\/ld+json\" class=\"yoast-schema-graph\">{\"@context\":\"https:\\\/\\\/schema.org\",\"@graph\":[{\"@type\":\"WebPage\",\"@id\":\"https:\\\/\\\/escapehunt.com\\\/fr\\\/belfort\\\/\",\"url\":\"https:\\\/\\\/escapehunt.com\\\/fr\\\/belfort\\\/\",\"name\":\"L'Escape Game incontournable \u00e0 Belfort | Escape Hunt Belfort\",\"isPartOf\":{\"@id\":\"https:\\\/\\\/escapehunt.com\\\/fr\\\/belfort\\\/#website\"},\"datePublished\":\"2023-01-27T09:57:34+00:00\",\"dateModified\":\"2024-06-11T21:04:50+00:00\",\"description\":\"L'Escape Game incontournable du moment. Id\u00e9al pour vos \u00e9v\u00e9nements d'entreprise, teambuilding, anniversaire, evg, evjf. R\u00e9servations en ligne.\",\"breadcrumb\":{\"@id\":\"https:\\\/\\\/escapehunt.com\\\/fr\\\/belfort\\\/#breadcrumb\"},\"inLanguage\":\"fr-FR\",\"potentialAction\":[{\"@type\":\"ReadAction\",\"target\":[\"https:\\\/\\\/escapehunt.com\\\/fr\\\/belfort\\\/\"]}]},{\"@type\":\"BreadcrumbList\",\"@id\":\"https:\\\/\\\/escapehunt.com\\\/fr\\\/belfort\\\/#breadcrumb\",\"itemListElement\":[{\"@type\":\"ListItem\",\"position\":1,\"name\":\"Home\",\"item\":\"https:\\\/\\\/escapehunt.com\\\/fr\\\/belfort\\\/\"},{\"@type\":\"ListItem\",\"position\":2,\"name\":\"L&rsquo;AVENTURE COMMENCE ICI.\"}]},{\"@type\":\"WebSite\",\"@id\":\"https:\\\/\\\/escapehunt.com\\\/fr\\\/belfort\\\/#website\",\"url\":\"https:\\\/\\\/escapehunt.com\\\/fr\\\/belfort\\\/\",\"name\":\"Belfort\",\"description\":\"Escape Hunt Belfort - Number 1 Escape Game in Belfort\",\"potentialAction\":[{\"@type\":\"SearchAction\",\"target\":{\"@type\":\"EntryPoint\",\"urlTemplate\":\"https:\\\/\\\/escapehunt.com\\\/fr\\\/belfort\\\/?s={search_term_string}\"},\"query-input\":{\"@type\":\"PropertyValueSpecification\",\"valueRequired\":true,\"valueName\":\"search_term_string\"}}],\"inLanguage\":\"fr-FR\"}]}<\/script>\n<!-- \/ Yoast SEO plugin. -->","yoast_head_json":{"title":"L'Escape Game incontournable \u00e0 Belfort | Escape Hunt Belfort","description":"L'Escape Game incontournable du moment. Id\u00e9al pour vos \u00e9v\u00e9nements d'entreprise, teambuilding, anniversaire, evg, evjf. R\u00e9servations en ligne.","robots":{"index":"noindex","follow":"follow","max-snippet":"max-snippet:-1","max-image-preview":"max-image-preview:large","max-video-preview":"max-video-preview:-1"},"og_locale":"fr_FR","og_type":"article","og_title":"L'Escape Game incontournable \u00e0 Belfort | Escape Hunt Belfort","og_description":"L'Escape Game incontournable du moment. Id\u00e9al pour vos \u00e9v\u00e9nements d'entreprise, teambuilding, anniversaire, evg, evjf. R\u00e9servations en ligne.","og_url":"https:\/\/escapehunt.com\/fr\/belfort\/","og_site_name":"Belfort","article_modified_time":"2024-06-11T21:04:50+00:00","twitter_card":"summary_large_image","schema":{"@context":"https:\/\/schema.org","@graph":[{"@type":"WebPage","@id":"https:\/\/escapehunt.com\/fr\/belfort\/","url":"https:\/\/escapehunt.com\/fr\/belfort\/","name":"L'Escape Game incontournable \u00e0 Belfort | Escape Hunt Belfort","isPartOf":{"@id":"https:\/\/escapehunt.com\/fr\/belfort\/#website"},"datePublished":"2023-01-27T09:57:34+00:00","dateModified":"2024-06-11T21:04:50+00:00","description":"L'Escape Game incontournable du moment. Id\u00e9al pour vos \u00e9v\u00e9nements d'entreprise, teambuilding, anniversaire, evg, evjf. R\u00e9servations en ligne.","breadcrumb":{"@id":"https:\/\/escapehunt.com\/fr\/belfort\/#breadcrumb"},"inLanguage":"fr-FR","potentialAction":[{"@type":"ReadAction","target":["https:\/\/escapehunt.com\/fr\/belfort\/"]}]},{"@type":"BreadcrumbList","@id":"https:\/\/escapehunt.com\/fr\/belfort\/#breadcrumb","itemListElement":[{"@type":"ListItem","position":1,"name":"Home","item":"https:\/\/escapehunt.com\/fr\/belfort\/"},{"@type":"ListItem","position":2,"name":"L&rsquo;AVENTURE COMMENCE ICI."}]},{"@type":"WebSite","@id":"https:\/\/escapehunt.com\/fr\/belfort\/#website","url":"https:\/\/escapehunt.com\/fr\/belfort\/","name":"Belfort","description":"Escape Hunt Belfort - Number 1 Escape Game in Belfort","potentialAction":[{"@type":"SearchAction","target":{"@type":"EntryPoint","urlTemplate":"https:\/\/escapehunt.com\/fr\/belfort\/?s={search_term_string}"},"query-input":{"@type":"PropertyValueSpecification","valueRequired":true,"valueName":"search_term_string"}}],"inLanguage":"fr-FR"}]}},"custom_schema_json":"","_links":{"self":[{"href":"https:\/\/staging3.escapehunt.com\/fr\/belfort\/wp-json\/wp\/v2\/pages\/38774","targetHints":{"allow":["GET"]}}],"collection":[{"href":"https:\/\/staging3.escapehunt.com\/fr\/belfort\/wp-json\/wp\/v2\/pages"}],"about":[{"href":"https:\/\/staging3.escapehunt.com\/fr\/belfort\/wp-json\/wp\/v2\/types\/page"}],"author":[{"embeddable":true,"href":"https:\/\/staging3.escapehunt.com\/fr\/belfort\/wp-json\/wp\/v2\/users\/62"}],"replies":[{"embeddable":true,"href":"https:\/\/staging3.escapehunt.com\/fr\/belfort\/wp-json\/wp\/v2\/comments?post=38774"}],"version-history":[{"count":0,"href":"https:\/\/staging3.escapehunt.com\/fr\/belfort\/wp-json\/wp\/v2\/pages\/38774\/revisions"}],"wp:attachment":[{"href":"https:\/\/staging3.escapehunt.com\/fr\/belfort\/wp-json\/wp\/v2\/media?parent=38774"}],"curies":[{"name":"wp","href":"https:\/\/api.w.org\/{rel}","templated":true}]}}