{"id":142,"date":"2018-10-03T12:44:38","date_gmt":"2018-10-03T12:44:38","guid":{"rendered":"http:\/\/s27835.p712.sites.pressdns.com\/fr\/bordeaux\/?page_id=142"},"modified":"2019-03-19T17:39:14","modified_gmt":"2019-03-19T17:39:14","slug":"politique-de-confidentialite","status":"publish","type":"page","link":"https:\/\/staging3.escapehunt.com\/fr\/bordeaux\/politique-de-confidentialite\/","title":{"rendered":"POLITIQUE DE CONFIDENTIALIT\u00c9"},"content":{"rendered":"<p><span style=\"font-weight: 400;\">POLITIQUE DE CONFIDENTIALIT\u00c9 <\/span><\/p>\n<p>&nbsp;<\/p>\n<p><span style=\"font-weight: 400;\">Nous prenons la vie priv\u00e9e de nos clients au s\u00e9rieux et nous ne collecterons, n\u2019enregistrerons, ne conserverons, ne distribuerons, ne divulguerons, ne transf\u00e9rerons et utiliserons vos informations personnelles que comme d\u00e9crites ci-dessous. La protection des donn\u00e9es est une question de confiance et votre vie priv\u00e9e est importante pour nous. Nous n\u2019utiliserons donc que votre nom et les autres informations qui vous concernent de la mani\u00e8re indiqu\u00e9e dans la pr\u00e9sente politique de confidentialit\u00e9. Nous ne recueillons que des informations l\u00e0 o\u00f9 nous devons le faire et nous ne recueillons de l\u2019information que si cela concerne nos relations avec vous. Nous ne garderons vos informations que si nous sommes oblig\u00e9s par la loi ou si cela est pertinent par rapport aux fins pour lesquelles elles ont \u00e9t\u00e9 recueillies. Si vous avez des commentaires, des suggestions ou des plaintes, vous pouvez nous contacter par e-mail \u00e0 [bordeaux(at)escapehunt.com]. <\/span><\/p>\n<p>&nbsp;<\/p>\n<p><span style=\"font-weight: 400;\">Utilisation et divulgation de renseignements personnels Les informations personnelles que nous recueillons aupr\u00e8s de vous seront utilis\u00e9es parmi notre groupe de soci\u00e9t\u00e9s pour une partie ou l\u2019ensemble des objectifs suivants : Pour faciliter votre utilisation des services; Pour traiter les commandes que vous soumettez sur le site Web, que ce soit pour les r\u00e9servations de jeux ou les produits vendus par Escape Hunt ou un tiers vendeur. Les paiements que vous effectuez sur le site Web pour les jeux ou les produits, vendus par Escape Hunt ou un tiers vendeur, seront trait\u00e9s par nous; Pour livrer les jeux ou les produits que vous avez achet\u00e9s sur le site Web, qu\u2019ils soient vendus par Escape Hunt ou un tiers, nous pouvons transmettre vos informations personnelles \u00e0 un tiers afin de vous remettre le produit, qu\u2019il s\u2019agisse du produit vendu sur le site par Escape Hunt ou un tiers vendeur; Pour vous mettre \u00e0 jour sur la livraison des produits, qu\u2019ils soient vendus sur le site Web par Escape Hunt ou un tiers vendeur, et \u00e0 des fins de soutien \u00e0 la client\u00e8le; Pour comparer les informations et v\u00e9rifier avec des tiers afin de s\u2019assurer que l\u2019information est exacte; Pour vous envoyer des mises \u00e0 jour r\u00e9guli\u00e8res par courrier \u00e9lectronique, newsletter ou autrement sur les nouvelles et les initiatives dans le monde entier et dans votre r\u00e9gion ou votre ville.<\/span><\/p>\n<p>&nbsp;<\/p>\n<p><span style=\"font-weight: 400;\">En outre, nous utiliserons les informations que vous fournissez pour administrer votre compte (le cas \u00e9ch\u00e9ant) avec nous; V\u00e9rifier et effectuer des op\u00e9rations financi\u00e8res par rapport aux paiements effectu\u00e9s en ligne; V\u00e9rifier le t\u00e9l\u00e9chargement des donn\u00e9es du site Web; Am\u00e9liorer la mise en page et \/ ou le contenu des pages du site Web et les personnaliser pour les utilisateurs; Identifier les visiteurs sur le site Web; Mener des recherches sur la d\u00e9mographie et le comportement de nos utilisateurs; Vous fournir des informations que nous jugeons utiles ou que vous nous avez demand\u00e9es, y compris des informations sur les produits et services de nos vendeurs ou tiers, pourvu que vous avez indiqu\u00e9 que vous ne vous \u00eates pas oppos\u00e9 \u00e0 avoir \u00e9t\u00e9 contact\u00e9 \u00e0 ces fins; Lorsque vous enregistrez un compte avec Escape Hunt sur l\u2019un de ses sites Web et sites dans le monde entier, que ce soit en ligne ou en personne dans une succursale, ou nous fournissez-nous vos informations personnelles via le site Web, nous pourrons utiliser \u00e9galement votre email pour vous envoyer des mails promotionnels sur nos produits et nos services de vendeurs ou tiers de temps \u00e0 autre. Vous pouvez vous d\u00e9sabonner de notre newsletter \u00e0 n\u2019importe quel moment en utilisant la fonction de d\u00e9sabonnement via un lien en pied de page de notre newsletter. Dans des circonstances exceptionnelles, Escape Hunt peut \u00eatre tenu de divulguer des informations personnelles, par exemple lorsqu\u2019il existe des motifs de croire que la divulgation est n\u00e9cessaire pour pr\u00e9venir une menace pour la vie ou la sant\u00e9, aux fins de l\u2019application de la loi ou pour l\u2019accomplissement des exigences l\u00e9gales et r\u00e9glementaires et des demandes. Escape Hunt peut partager vos informations personnelles avec des tiers et nos soci\u00e9t\u00e9s affili\u00e9es pour les fins mentionn\u00e9es ci-dessus, en particulier, compl\u00e9ter une transaction avec vous, g\u00e9rer votre compte et nos relations avec vous, commercialiser et remplir toutes les exigences l\u00e9gales ou r\u00e9glementaires et les demandes jug\u00e9es n\u00e9cessaires par Escape Hunt. En partageant vos informations personnelles avec eux, nous nous effor\u00e7ons de faire en sorte que les tiers et nos soci\u00e9t\u00e9s affili\u00e9es gardent vos informations personnelles prot\u00e9g\u00e9es contre les acc\u00e8s, la collecte, l\u2019utilisation, la divulgation ou les risques non autoris\u00e9s, et ne conservent vos informations personnelles aussi longtemps qu\u2019elles aient besoin de vos informations personnelles pour atteindre les objectifs mentionn\u00e9s ci-dessus. Escape Hunt s\u2019engage \u00e0 ne jamais vendre ou louer de l\u2019information personnelle de nos clients \u00e0 des tiers. <\/span><\/p>\n<p>&nbsp;<\/p>\n<p><span style=\"font-weight: 400;\">Retrait du consentement <\/span><\/p>\n<p><span style=\"font-weight: 400;\">Vous pouvez communiquer votre objection \u00e0 notre utilisation de vos informations personnelles pour l\u2019une des fins et de la mani\u00e8re indiqu\u00e9e ci-dessus \u00e0 tout moment en nous contactant \u00e0 notre adresse e-mail ci-dessous. Veuillez noter que si vous communiquez votre objection \u00e0 notre utilisation et \/ ou \u00e0 la divulgation de vos informations personnelles aux fins et de la mani\u00e8re indiqu\u00e9es ci-dessus, selon la nature de votre objection, nous ne pourrions peut-\u00eatre pas \u00eatre en mesure de continuer \u00e0 vous fournir nos produits ou services ou poursuivre un contrat que nous avons avec vous. Nos droits et recours juridiques sont express\u00e9ment r\u00e9serv\u00e9s dans un tel \u00e9v\u00e9nement. <\/span><span style=\"font-weight: 400;\"><br \/>\n<\/span><span style=\"font-weight: 400;\"><br \/>\n<\/span><span style=\"font-weight: 400;\">Mise \u00e0 jour de vos informations personnelles <\/span><\/p>\n<p><span style=\"font-weight: 400;\">Vous pouvez mettre \u00e0 jour vos informations personnelles \u00e0 tout moment en acc\u00e9dant \u00e0 votre compte sur le site Web Escape Hunt. Si vous ne poss\u00e9dez pas de compte avec nous, vous pouvez le faire en nous contactant \u00e0 notre adresse e-mail ci-dessous. Acc\u00e8s \u00e0 vos informations personnelles<\/span><\/p>\n<p>&nbsp;<\/p>\n<p><span style=\"font-weight: 400;\">Si vous souhaitez consulter les informations personnelles que vous avez sur vous ou vous renseigner sur la fa\u00e7on dont vos informations personnelles ont \u00e9t\u00e9 ou pourraient \u00eatre utilis\u00e9es ou divulgu\u00e9es par Escape Hunt au cours de la derni\u00e8re ann\u00e9e, veuillez nous contacter \u00e0 notre adresse e-mail en fin de document. <\/span><\/p>\n<p>&nbsp;<\/p>\n<p><span style=\"font-weight: 400;\">Si vous avez un compte avec Escape Hunt, vous pouvez acc\u00e9der aux d\u00e9tails de votre commande en vous connectant \u00e0 votre compte sur le site. Ici, vous pouvez voir les d\u00e9tails de vos commandes qui ont \u00e9t\u00e9 achev\u00e9es, celles qui sont ouvertes et celles qui doivent \u00eatre exp\u00e9di\u00e9es sous peu et administrer les coordonn\u00e9es de votre adresse, les coordonn\u00e9es bancaires et tout bulletin d\u2019information auquel vous avez souscrit. Vous vous engagez \u00e0 traiter votre nom d\u2019utilisateur, votre mot de passe et vos coordonn\u00e9es Escape Hunt de fa\u00e7on confidentielle et ne pas le rendre accessible \u00e0 des tiers non autoris\u00e9s. Nous ne pouvons assumer aucune responsabilit\u00e9 pour l\u2019utilisation abusive de votre nom d\u2019utilisateur Escape Hunt, de votre mot de passe ou de votre commande, sauf dans les conditions d\u2019utilisation.<\/span><\/p>\n<p>&nbsp;<\/p>\n<p><span style=\"font-weight: 400;\">S\u00e9curit\u00e9 de vos informations personnelles <\/span><\/p>\n<p><span style=\"font-weight: 400;\">Escape Hunt garantit que toutes les informations collect\u00e9es seront stock\u00e9es en toute s\u00e9curit\u00e9. Nous prot\u00e9geons vos informations personnelles par: Restriction de l\u2019acc\u00e8s aux informations personnelles Maintien des produits technologiques pour emp\u00eacher l\u2019acc\u00e8s informatique non autoris\u00e9 Destruction en toute s\u00e9curit\u00e9 de vos informations personnelles lorsqu\u2019elles ne sont plus n\u00e9cessaires \u00e0 des fins juridiques ou commerciales. Escape Hunt utilise la technologie de cryptage SSL (Secure Sockets layer) 128 bits lors du traitement de vos d\u00e9tails financiers. Le cryptage SSL 128 bits prend approximativement au moins un trillion d\u2019ann\u00e9es pour se briser et est la norme industrielle. Si vous croyez que votre vie priv\u00e9e a \u00e9t\u00e9 viol\u00e9e par Escape Hunt, veuillez nous contacter \u00e0 notre adresse e-mail ci-dessous <\/span><\/p>\n<p>&nbsp;<\/p>\n<p><span style=\"font-weight: 400;\">Mineur <\/span><\/p>\n<p><span style=\"font-weight: 400;\">Escape Hunt ne vend pas des produits \u00e0 destination des enfants. Si vous avez moins de 16 ans, vous pouvez utiliser notre site Web uniquement avec la surveillance d\u2019un parent ou d\u2019un tuteur.<\/span><\/p>\n<p><span style=\"font-weight: 400;\">Collecte de donn\u00e9es informatiques <\/span><\/p>\n<p><span style=\"font-weight: 400;\">Escape Hunt ou nos fournisseurs de services autoris\u00e9s peuvent utiliser des cookies, des balises web et d\u2019autres technologies similaires pour stocker des informations afin de vous fournir une exp\u00e9rience meilleure, plus rapide, plus s\u00fbre et personnalis\u00e9e lorsque vous utilisez les services et \/ ou acc\u00e9dez au site Web.<\/span><\/p>\n<p><span style=\"font-weight: 400;\">Lorsque vous visitez Escape Hunt, les serveurs de notre soci\u00e9t\u00e9 enregistrent automatiquement les informations que votre navigateur envoie chaque fois que vous visitez un site Web. <\/span><\/p>\n<p><span style=\"font-weight: 400;\">Ces donn\u00e9es peuvent inclure: <\/span><\/p>\n<p><span style=\"font-weight: 400;\">L\u2019adresse IP de votre ordinateur Type de navigateur La page Web que vous visitiez avant votre arriv\u00e9e sur notre site Web Les pages du site Web que vous visitez Le temps consacr\u00e9 aux pages, objets et informations recherch\u00e9s sur le site Web, les horaires d\u2019acc\u00e8s et les dates, ainsi que d\u2019autres statistiques. Cette information est collect\u00e9e pour analyse et \u00e9valuation afin de nous aider \u00e0 am\u00e9liorer le site Web et les services et produits que nous fournissons.<\/span><\/p>\n<p>&nbsp;<\/p>\n<p><span style=\"font-weight: 400;\">Les cookies sont de petits fichiers texte (g\u00e9n\u00e9ralement compos\u00e9s de lettres et de chiffres) plac\u00e9s dans la m\u00e9moire de votre navigateur ou de votre appareil lorsque vous visitez un site Web ou affichez un message. Ils nous permettent de reconna\u00eetre un p\u00e9riph\u00e9rique ou un navigateur particulier et nous aider \u00e0 personnaliser le contenu afin de mieux r\u00e9pondre \u00e0 vos int\u00e9r\u00eats et de rendre nos services et votre site Web plus pratiques et utiles. Les balises Web sont de petites images graphiques qui peuvent \u00eatre incluses dans notre service et le site Web. Ils nous permettent de compter les utilisateurs qui ont vu ces pages afin de mieux comprendre vos pr\u00e9f\u00e9rences et vos int\u00e9r\u00eats. <\/span><\/p>\n<p>&nbsp;<\/p>\n<p><span style=\"font-weight: 400;\">Pas de Spam, Spyware ou Virus<\/span><\/p>\n<p><span style=\"font-weight: 400;\"> Les spam, les spyware ou les virus ne sont pas autoris\u00e9s sur le site Web. Veuillez configurer et maintenir vos pr\u00e9f\u00e9rences de communication afin que nous vous envoyions des communications selon vos besoins. Vous n\u2019\u00eates pas autoris\u00e9 \u00e0 ajouter d\u2019autres utilisateurs (m\u00eame un utilisateur qui a achet\u00e9 un article de votre part) \u00e0 votre liste de diffusion (courrier \u00e9lectronique ou courrier physique) sans leur consentement expr\u00e8s. Vous ne devez envoyer aucun message contenant du spam, des spyware ou des virus via le site Web. Si vous souhaitez signaler tout message suspect, contactez-nous \u00e0 notre adresse \u00e9lectronique ci-dessous.<\/span><\/p>\n<p><span style=\"font-weight: 400;\">Modifications apport\u00e9es \u00e0 la Politique de confidentialit\u00e9 <\/span><\/p>\n<p><span style=\"font-weight: 400;\">Escape Hunt doit examiner r\u00e9guli\u00e8rement la suffisance de cette politique de confidentialit\u00e9. <\/span><\/p>\n<p>&nbsp;<\/p>\n<p><span style=\"font-weight: 400;\">Nous nous r\u00e9servons le droit de modifier et de changer la Politique de confidentialit\u00e9 \u00e0 tout moment. Toute modification de cette politique sera publi\u00e9e sur le site Web. <\/span><\/p>\n<p>&nbsp;<\/p>\n<p><span style=\"font-weight: 400;\">Obligations l\u00e9gales <\/span><\/p>\n<p><span style=\"font-weight: 400;\">Vous reconnaissez et acceptez qu\u2019Escape Hunt a le droit de transmettre vos renseignements personnels \u00e0 toute autorit\u00e9 gouvernementale si cette derni\u00e8re est n\u00e9cessaire ou obligatoire. <\/span><\/p>\n<p>&nbsp;<\/p>\n<p><span style=\"font-weight: 400;\">Contactez le responsable RGPD chez Escape Hunt Bordeaux Si vous souhaitez retirer votre consentement \u00e0 l\u2019utilisation de vos informations personnelles, demandez l\u2019acc\u00e8s et \/ ou la correction de vos informations personnelles, avez des questions, des commentaires ou des pr\u00e9occupations, ou besoin d\u2019une aide pour des questions techniques ou li\u00e9es aux cookies, n\u2019h\u00e9sitez pas \u00e0 contacter Tarek Moutawakkil, directeur g\u00e9n\u00e9ral et responsable RGPD de l&rsquo;entreprise \u00e0 [bordeaux(at)escapehunt.com].<\/span><\/p>\n","protected":false},"excerpt":{"rendered":"<p>POLITIQUE DE CONFIDENTIALIT\u00c9 &nbsp; Nous prenons la vie priv\u00e9e de nos clients au s\u00e9rieux et nous ne collecterons, n\u2019enregistrerons, ne conserverons, ne distribuerons, ne divulguerons, ne transf\u00e9rerons et utiliserons vos&hellip;<\/p>\n","protected":false},"author":12,"featured_media":0,"parent":0,"menu_order":0,"comment_status":"closed","ping_status":"closed","template":"","meta":{"_acf_changed":false,"footnotes":""},"class_list":["post-142","page","type-page","status-publish","hentry"],"acf":{"custom_schema_json":""},"yoast_head":"<!-- This site is optimized with the Yoast SEO plugin v27.3 - https:\/\/yoast.com\/product\/yoast-seo-wordpress\/ -->\n<title>POLITIQUE DE CONFIDENTIALIT\u00c9 | Escape Hunt Bordeaux<\/title>\n<meta name=\"description\" content=\"Politique de confidentialit\u00e9 pour Escape Hunt. Consultez notre politique de confidentialit\u00e9 pour savoir comment nous recueillons et utilisons les donn\u00e9es.\" \/>\n<meta name=\"robots\" content=\"noindex, follow, max-snippet:-1, max-image-preview:large, max-video-preview:-1\" \/>\n<meta property=\"og:locale\" content=\"fr_FR\" \/>\n<meta property=\"og:type\" content=\"article\" \/>\n<meta property=\"og:title\" content=\"POLITIQUE DE CONFIDENTIALIT\u00c9 | Escape Hunt Bordeaux\" \/>\n<meta property=\"og:description\" content=\"Politique de confidentialit\u00e9 pour Escape Hunt. Consultez notre politique de confidentialit\u00e9 pour savoir comment nous recueillons et utilisons les donn\u00e9es.\" \/>\n<meta property=\"og:url\" content=\"https:\/\/escapehunt.com\/fr\/bordeaux\/politique-de-confidentialite\/\" \/>\n<meta property=\"og:site_name\" content=\"Bordeaux\" \/>\n<meta property=\"article:modified_time\" content=\"2019-03-19T17:39:14+00:00\" \/>\n<meta name=\"twitter:card\" content=\"summary_large_image\" \/>\n<meta name=\"twitter:label1\" content=\"Dur\u00e9e de lecture estim\u00e9e\" \/>\n\t<meta name=\"twitter:data1\" content=\"10 minutes\" \/>\n<script type=\"application\/ld+json\" class=\"yoast-schema-graph\">{\"@context\":\"https:\\\/\\\/schema.org\",\"@graph\":[{\"@type\":\"WebPage\",\"@id\":\"https:\\\/\\\/escapehunt.com\\\/fr\\\/bordeaux\\\/politique-de-confidentialite\\\/\",\"url\":\"https:\\\/\\\/escapehunt.com\\\/fr\\\/bordeaux\\\/politique-de-confidentialite\\\/\",\"name\":\"POLITIQUE DE CONFIDENTIALIT\u00c9 | Escape Hunt Bordeaux\",\"isPartOf\":{\"@id\":\"https:\\\/\\\/escapehunt.com\\\/fr\\\/bordeaux\\\/#website\"},\"datePublished\":\"2018-10-03T12:44:38+00:00\",\"dateModified\":\"2019-03-19T17:39:14+00:00\",\"description\":\"Politique de confidentialit\u00e9 pour Escape Hunt. Consultez notre politique de confidentialit\u00e9 pour savoir comment nous recueillons et utilisons les donn\u00e9es.\",\"breadcrumb\":{\"@id\":\"https:\\\/\\\/escapehunt.com\\\/fr\\\/bordeaux\\\/politique-de-confidentialite\\\/#breadcrumb\"},\"inLanguage\":\"fr-FR\",\"potentialAction\":[{\"@type\":\"ReadAction\",\"target\":[\"https:\\\/\\\/escapehunt.com\\\/fr\\\/bordeaux\\\/politique-de-confidentialite\\\/\"]}]},{\"@type\":\"BreadcrumbList\",\"@id\":\"https:\\\/\\\/escapehunt.com\\\/fr\\\/bordeaux\\\/politique-de-confidentialite\\\/#breadcrumb\",\"itemListElement\":[{\"@type\":\"ListItem\",\"position\":1,\"name\":\"Home\",\"item\":\"https:\\\/\\\/escapehunt.com\\\/fr\\\/bordeaux\\\/\"},{\"@type\":\"ListItem\",\"position\":2,\"name\":\"POLITIQUE DE CONFIDENTIALIT\u00c9\"}]},{\"@type\":\"WebSite\",\"@id\":\"https:\\\/\\\/escapehunt.com\\\/fr\\\/bordeaux\\\/#website\",\"url\":\"https:\\\/\\\/escapehunt.com\\\/fr\\\/bordeaux\\\/\",\"name\":\"Bordeaux\",\"description\":\"Escape Hunt Bordeaux \u2013 Number 1 Escape Game in Bordeaux\",\"potentialAction\":[{\"@type\":\"SearchAction\",\"target\":{\"@type\":\"EntryPoint\",\"urlTemplate\":\"https:\\\/\\\/escapehunt.com\\\/fr\\\/bordeaux\\\/?s={search_term_string}\"},\"query-input\":{\"@type\":\"PropertyValueSpecification\",\"valueRequired\":true,\"valueName\":\"search_term_string\"}}],\"inLanguage\":\"fr-FR\"}]}<\/script>\n<!-- \/ Yoast SEO plugin. -->","yoast_head_json":{"title":"POLITIQUE DE CONFIDENTIALIT\u00c9 | Escape Hunt Bordeaux","description":"Politique de confidentialit\u00e9 pour Escape Hunt. Consultez notre politique de confidentialit\u00e9 pour savoir comment nous recueillons et utilisons les donn\u00e9es.","robots":{"index":"noindex","follow":"follow","max-snippet":"max-snippet:-1","max-image-preview":"max-image-preview:large","max-video-preview":"max-video-preview:-1"},"og_locale":"fr_FR","og_type":"article","og_title":"POLITIQUE DE CONFIDENTIALIT\u00c9 | Escape Hunt Bordeaux","og_description":"Politique de confidentialit\u00e9 pour Escape Hunt. Consultez notre politique de confidentialit\u00e9 pour savoir comment nous recueillons et utilisons les donn\u00e9es.","og_url":"https:\/\/escapehunt.com\/fr\/bordeaux\/politique-de-confidentialite\/","og_site_name":"Bordeaux","article_modified_time":"2019-03-19T17:39:14+00:00","twitter_card":"summary_large_image","twitter_misc":{"Dur\u00e9e de lecture estim\u00e9e":"10 minutes"},"schema":{"@context":"https:\/\/schema.org","@graph":[{"@type":"WebPage","@id":"https:\/\/escapehunt.com\/fr\/bordeaux\/politique-de-confidentialite\/","url":"https:\/\/escapehunt.com\/fr\/bordeaux\/politique-de-confidentialite\/","name":"POLITIQUE DE CONFIDENTIALIT\u00c9 | Escape Hunt Bordeaux","isPartOf":{"@id":"https:\/\/escapehunt.com\/fr\/bordeaux\/#website"},"datePublished":"2018-10-03T12:44:38+00:00","dateModified":"2019-03-19T17:39:14+00:00","description":"Politique de confidentialit\u00e9 pour Escape Hunt. Consultez notre politique de confidentialit\u00e9 pour savoir comment nous recueillons et utilisons les donn\u00e9es.","breadcrumb":{"@id":"https:\/\/escapehunt.com\/fr\/bordeaux\/politique-de-confidentialite\/#breadcrumb"},"inLanguage":"fr-FR","potentialAction":[{"@type":"ReadAction","target":["https:\/\/escapehunt.com\/fr\/bordeaux\/politique-de-confidentialite\/"]}]},{"@type":"BreadcrumbList","@id":"https:\/\/escapehunt.com\/fr\/bordeaux\/politique-de-confidentialite\/#breadcrumb","itemListElement":[{"@type":"ListItem","position":1,"name":"Home","item":"https:\/\/escapehunt.com\/fr\/bordeaux\/"},{"@type":"ListItem","position":2,"name":"POLITIQUE DE CONFIDENTIALIT\u00c9"}]},{"@type":"WebSite","@id":"https:\/\/escapehunt.com\/fr\/bordeaux\/#website","url":"https:\/\/escapehunt.com\/fr\/bordeaux\/","name":"Bordeaux","description":"Escape Hunt Bordeaux \u2013 Number 1 Escape Game in Bordeaux","potentialAction":[{"@type":"SearchAction","target":{"@type":"EntryPoint","urlTemplate":"https:\/\/escapehunt.com\/fr\/bordeaux\/?s={search_term_string}"},"query-input":{"@type":"PropertyValueSpecification","valueRequired":true,"valueName":"search_term_string"}}],"inLanguage":"fr-FR"}]}},"custom_schema_json":"","_links":{"self":[{"href":"https:\/\/staging3.escapehunt.com\/fr\/bordeaux\/wp-json\/wp\/v2\/pages\/142","targetHints":{"allow":["GET"]}}],"collection":[{"href":"https:\/\/staging3.escapehunt.com\/fr\/bordeaux\/wp-json\/wp\/v2\/pages"}],"about":[{"href":"https:\/\/staging3.escapehunt.com\/fr\/bordeaux\/wp-json\/wp\/v2\/types\/page"}],"author":[{"embeddable":true,"href":"https:\/\/staging3.escapehunt.com\/fr\/bordeaux\/wp-json\/wp\/v2\/users\/12"}],"replies":[{"embeddable":true,"href":"https:\/\/staging3.escapehunt.com\/fr\/bordeaux\/wp-json\/wp\/v2\/comments?post=142"}],"version-history":[{"count":0,"href":"https:\/\/staging3.escapehunt.com\/fr\/bordeaux\/wp-json\/wp\/v2\/pages\/142\/revisions"}],"wp:attachment":[{"href":"https:\/\/staging3.escapehunt.com\/fr\/bordeaux\/wp-json\/wp\/v2\/media?parent=142"}],"curies":[{"name":"wp","href":"https:\/\/api.w.org\/{rel}","templated":true}]}}