{"id":25566,"date":"2019-09-11T10:01:47","date_gmt":"2019-09-11T10:01:47","guid":{"rendered":"https:\/\/staging3.escapehunt.com\/fr\/bordeaux\/?page_id=25566"},"modified":"2022-04-20T09:36:02","modified_gmt":"2022-04-20T09:36:02","slug":"team-building-sortie-entreprise","status":"publish","type":"page","link":"https:\/\/staging3.escapehunt.com\/fr\/bordeaux\/team-building-sortie-entreprise\/","title":{"rendered":"Escape Game pour Entreprises"},"content":{"rendered":"<h4>ESCAPE HUNT BORDEAUX EST LE LIEU ID\u00c9AL O\u00d9 ORGANISER VOTRE \u00c9V\u00c9NEMENT TEAMBUILDING AU C\u0152UR DE BORDEAUX AVEC DEUX \u00c9TABLISSEMENTS :<\/h4>\n<p><strong>1) Escape Hunt Gare Saint-Jean avec 8 salles de jeu<\/strong><br \/>\n\u2013 capacit\u00e9 max 43 joueurs en simultan\u00e9 et 90 avec un roulement<br \/>\n<img loading=\"lazy\" decoding=\"async\" class=\"alignnone size-medium wp-image-45114\" src=\"https:\/\/staging3.escapehunt.com\/fr\/bordeaux\/wp-content\/uploads\/sites\/41\/2022\/04\/5-2-300x200.jpg\" alt=\"\" width=\"300\" height=\"200\" srcset=\"https:\/\/staging3.escapehunt.com\/fr\/bordeaux\/wp-content\/uploads\/sites\/41\/2022\/04\/5-2-300x200.jpg 300w, https:\/\/staging3.escapehunt.com\/fr\/bordeaux\/wp-content\/uploads\/sites\/41\/2022\/04\/5-2-1024x684.jpg 1024w, https:\/\/staging3.escapehunt.com\/fr\/bordeaux\/wp-content\/uploads\/sites\/41\/2022\/04\/5-2-768x513.jpg 768w, https:\/\/staging3.escapehunt.com\/fr\/bordeaux\/wp-content\/uploads\/sites\/41\/2022\/04\/5-2-1536x1025.jpg 1536w, https:\/\/staging3.escapehunt.com\/fr\/bordeaux\/wp-content\/uploads\/sites\/41\/2022\/04\/5-2-1220x814.jpg 1220w, https:\/\/staging3.escapehunt.com\/fr\/bordeaux\/wp-content\/uploads\/sites\/41\/2022\/04\/5-2-1044x697.jpg 1044w, https:\/\/staging3.escapehunt.com\/fr\/bordeaux\/wp-content\/uploads\/sites\/41\/2022\/04\/5-2-988x659.jpg 988w, https:\/\/staging3.escapehunt.com\/fr\/bordeaux\/wp-content\/uploads\/sites\/41\/2022\/04\/5-2-866x578.jpg 866w, https:\/\/staging3.escapehunt.com\/fr\/bordeaux\/wp-content\/uploads\/sites\/41\/2022\/04\/5-2-1858x1240.jpg 1858w, https:\/\/staging3.escapehunt.com\/fr\/bordeaux\/wp-content\/uploads\/sites\/41\/2022\/04\/5-2-600x400.jpg 600w, https:\/\/staging3.escapehunt.com\/fr\/bordeaux\/wp-content\/uploads\/sites\/41\/2022\/04\/5-2.jpg 2048w\" sizes=\"auto, (max-width: 300px) 100vw, 300px\" \/><strong><\/p>\n<p>2) Escape Hunt Tourny avec 4 salles de jeu<\/strong><br \/>\n\u2013 capacit\u00e9 max 26 joueurs en simultan\u00e9 et 36 avec un roulement<br \/>\n<img loading=\"lazy\" decoding=\"async\" class=\"alignnone size-medium wp-image-25153\" src=\"https:\/\/staging3.escapehunt.com\/fr\/bordeaux\/wp-content\/uploads\/sites\/41\/2016\/08\/DSC_5077-300x200.jpg\" alt=\"\" width=\"300\" height=\"200\" srcset=\"https:\/\/staging3.escapehunt.com\/fr\/bordeaux\/wp-content\/uploads\/sites\/41\/2016\/08\/DSC_5077-300x200.jpg 300w, https:\/\/staging3.escapehunt.com\/fr\/bordeaux\/wp-content\/uploads\/sites\/41\/2016\/08\/DSC_5077-768x513.jpg 768w, https:\/\/staging3.escapehunt.com\/fr\/bordeaux\/wp-content\/uploads\/sites\/41\/2016\/08\/DSC_5077-1024x684.jpg 1024w, https:\/\/staging3.escapehunt.com\/fr\/bordeaux\/wp-content\/uploads\/sites\/41\/2016\/08\/DSC_5077-1220x814.jpg 1220w, https:\/\/staging3.escapehunt.com\/fr\/bordeaux\/wp-content\/uploads\/sites\/41\/2016\/08\/DSC_5077-1044x697.jpg 1044w, https:\/\/staging3.escapehunt.com\/fr\/bordeaux\/wp-content\/uploads\/sites\/41\/2016\/08\/DSC_5077-988x660.jpg 988w, https:\/\/staging3.escapehunt.com\/fr\/bordeaux\/wp-content\/uploads\/sites\/41\/2016\/08\/DSC_5077-866x578.jpg 866w, https:\/\/staging3.escapehunt.com\/fr\/bordeaux\/wp-content\/uploads\/sites\/41\/2016\/08\/DSC_5077-1858x1240.jpg 1858w, https:\/\/staging3.escapehunt.com\/fr\/bordeaux\/wp-content\/uploads\/sites\/41\/2016\/08\/DSC_5077-600x401.jpg 600w\" sizes=\"auto, (max-width: 300px) 100vw, 300px\" \/><\/p>\n<p><strong>VENEZ RELEVER LE DEFI !<br \/>\n<\/strong>L\u2019Escape Game est l\u2019activit\u00e9 id\u00e9ale pour vos \u00e9v\u00e8nements d\u2019entreprise : une activit\u00e9 ludique, originale, f\u00e9d\u00e9ratrice et non discriminante (\u00e2ge, sexe\u2026).<\/p>\n<p><strong>OPTIONS POSSIBLES<\/strong><\/p>\n<ul>\n<li>Traiteur (petit d\u00e9jeuner, d\u00e9jeuner, d\u00eener)<\/li>\n<li>Coupe de champagne ou verre de vin<\/li>\n<li><a href=\"https:\/\/staging3.escapehunt.com\/fr\/bordeaux\/packages\/salle-de-reunion\/\">Salle de r\u00e9union<\/a><\/li>\n<li>R\u00e9servation d\u2019espace(s) privatif(s)<\/li>\n<li>Activit\u00e9 compl\u00e9mentaire (<a href=\"https:\/\/bordeaux.virtual-room.com\/team-building\/\">R\u00e9alit\u00e9 virtuelle<\/a>\u00a0ou\u00a0<a href=\"https:\/\/urbanquest.fr\/offre-entreprise\/teambuilding-bordeaux\/\">Jeu de piste<\/a>)<\/li>\n<\/ul>\n<p style=\"text-align: center;\"><strong>POURQUOI NOUS CHOISIR ?<\/strong><\/p>\n<p style=\"text-align: center;\"><img loading=\"lazy\" decoding=\"async\" class=\"aligncenter wp-image-45112 size-large\" src=\"https:\/\/staging3.escapehunt.com\/fr\/bordeaux\/wp-content\/uploads\/sites\/41\/2022\/04\/pasted-image-0-1024x343.png\" alt=\"\" width=\"640\" height=\"214\" srcset=\"https:\/\/staging3.escapehunt.com\/fr\/bordeaux\/wp-content\/uploads\/sites\/41\/2022\/04\/pasted-image-0-1024x343.png 1024w, https:\/\/staging3.escapehunt.com\/fr\/bordeaux\/wp-content\/uploads\/sites\/41\/2022\/04\/pasted-image-0-300x100.png 300w, https:\/\/staging3.escapehunt.com\/fr\/bordeaux\/wp-content\/uploads\/sites\/41\/2022\/04\/pasted-image-0-768x257.png 768w, https:\/\/staging3.escapehunt.com\/fr\/bordeaux\/wp-content\/uploads\/sites\/41\/2022\/04\/pasted-image-0-1536x514.png 1536w, https:\/\/staging3.escapehunt.com\/fr\/bordeaux\/wp-content\/uploads\/sites\/41\/2022\/04\/pasted-image-0-1220x408.png 1220w, https:\/\/staging3.escapehunt.com\/fr\/bordeaux\/wp-content\/uploads\/sites\/41\/2022\/04\/pasted-image-0-1044x349.png 1044w, https:\/\/staging3.escapehunt.com\/fr\/bordeaux\/wp-content\/uploads\/sites\/41\/2022\/04\/pasted-image-0-988x331.png 988w, https:\/\/staging3.escapehunt.com\/fr\/bordeaux\/wp-content\/uploads\/sites\/41\/2022\/04\/pasted-image-0-940x315.png 940w, https:\/\/staging3.escapehunt.com\/fr\/bordeaux\/wp-content\/uploads\/sites\/41\/2022\/04\/pasted-image-0-600x201.png 600w, https:\/\/staging3.escapehunt.com\/fr\/bordeaux\/wp-content\/uploads\/sites\/41\/2022\/04\/pasted-image-0.png 2020w\" sizes=\"auto, (max-width: 640px) 100vw, 640px\" \/><\/p>\n<p style=\"text-align: left;\"><strong>TOP SUR TRIPADVISOR\u00a0<\/strong><br \/>\nEscape Hunt Bordeaux est l\u2019Escape Game <strong>Num\u00e9ro 1 \u00e0 Bordeaux<\/strong> en nombre d\u2019avis excellent sur le site de notation\u00a0<a href=\"https:\/\/www.tripadvisor.fr\/Attraction_Review-g187079-d8545109-Reviews-Escape_Hunt-Bordeaux_Gironde_Nouvelle_Aquitaine.html\">Tripadvisor<\/a>.<br \/>\nNous sommes leader du march\u00e9 \u00e0 Bordeaux depuis 2015 avec deux \u00e9tablissements pour permettre d\u2019accueillir tous les ans plus de <strong>40 000 joueurs et 300 entreprises<\/strong> en moyenne pour des team building, s\u00e9minaires ou sorties entreprises.<\/p>\n<p style=\"text-align: center;\"><img loading=\"lazy\" decoding=\"async\" class=\"aligncenter wp-image-45110 size-large\" src=\"https:\/\/staging3.escapehunt.com\/fr\/bordeaux\/wp-content\/uploads\/sites\/41\/2022\/04\/bannie\u0300re-mail-pro-EH-1024x512.jpg\" alt=\"\" width=\"640\" height=\"320\" srcset=\"https:\/\/staging3.escapehunt.com\/fr\/bordeaux\/wp-content\/uploads\/sites\/41\/2022\/04\/bannie\u0300re-mail-pro-EH-1024x512.jpg 1024w, https:\/\/staging3.escapehunt.com\/fr\/bordeaux\/wp-content\/uploads\/sites\/41\/2022\/04\/bannie\u0300re-mail-pro-EH-300x150.jpg 300w, https:\/\/staging3.escapehunt.com\/fr\/bordeaux\/wp-content\/uploads\/sites\/41\/2022\/04\/bannie\u0300re-mail-pro-EH-768x384.jpg 768w, https:\/\/staging3.escapehunt.com\/fr\/bordeaux\/wp-content\/uploads\/sites\/41\/2022\/04\/bannie\u0300re-mail-pro-EH-1536x768.jpg 1536w, https:\/\/staging3.escapehunt.com\/fr\/bordeaux\/wp-content\/uploads\/sites\/41\/2022\/04\/bannie\u0300re-mail-pro-EH-1220x610.jpg 1220w, https:\/\/staging3.escapehunt.com\/fr\/bordeaux\/wp-content\/uploads\/sites\/41\/2022\/04\/bannie\u0300re-mail-pro-EH-1044x522.jpg 1044w, https:\/\/staging3.escapehunt.com\/fr\/bordeaux\/wp-content\/uploads\/sites\/41\/2022\/04\/bannie\u0300re-mail-pro-EH-988x494.jpg 988w, https:\/\/staging3.escapehunt.com\/fr\/bordeaux\/wp-content\/uploads\/sites\/41\/2022\/04\/bannie\u0300re-mail-pro-EH-940x470.jpg 940w, https:\/\/staging3.escapehunt.com\/fr\/bordeaux\/wp-content\/uploads\/sites\/41\/2022\/04\/bannie\u0300re-mail-pro-EH-600x300.jpg 600w, https:\/\/staging3.escapehunt.com\/fr\/bordeaux\/wp-content\/uploads\/sites\/41\/2022\/04\/bannie\u0300re-mail-pro-EH.jpg 2000w\" sizes=\"auto, (max-width: 640px) 100vw, 640px\" \/><\/p>\n<p style=\"text-align: left;\">N\u2019h\u00e9sitez pas \u00e0 nous contacter pour concevoir ensemble un \u00e9v\u00e9nement sur mesure avec nos partenaires (traiteurs, boissons, activit\u00e9 team building\u2026). Nous pouvons \u00e9galement venir sur le lieu de votre choix avec nos solutions d&rsquo;<a href=\"https:\/\/staging3.escapehunt.com\/fr\/bordeaux\/packages\/escape-game-mobile\/\">Escape Game mobile<\/a>.<\/p>\n\n<div class=\"wpcf7 no-js\" id=\"wpcf7-f25568-o1\" lang=\"fr-FR\" dir=\"ltr\" data-wpcf7-id=\"25568\">\n<div class=\"screen-reader-response\"><p role=\"status\" aria-live=\"polite\" aria-atomic=\"true\"><\/p> <ul><\/ul><\/div>\n<form action=\"\/fr\/bordeaux\/wp-json\/wp\/v2\/pages\/25566#wpcf7-f25568-o1\" method=\"post\" class=\"wpcf7-form init\" aria-label=\"Formulaire de contact\" novalidate=\"novalidate\" data-status=\"init\">\n<fieldset class=\"hidden-fields-container\"><input type=\"hidden\" name=\"_wpcf7\" value=\"25568\" \/><input type=\"hidden\" name=\"_wpcf7_version\" value=\"6.1.5\" \/><input type=\"hidden\" name=\"_wpcf7_locale\" value=\"fr_FR\" \/><input type=\"hidden\" name=\"_wpcf7_unit_tag\" value=\"wpcf7-f25568-o1\" \/><input type=\"hidden\" name=\"_wpcf7_container_post\" value=\"0\" \/><input type=\"hidden\" name=\"_wpcf7_posted_data_hash\" value=\"\" \/>\n<\/fieldset>\n<p><label> Nom de votre entreprise (obligatoire)<br \/>\n<span class=\"wpcf7-form-control-wrap\" data-name=\"your-name\"><input size=\"40\" maxlength=\"400\" class=\"wpcf7-form-control wpcf7-text wpcf7-validates-as-required\" aria-required=\"true\" aria-invalid=\"false\" value=\"\" type=\"text\" name=\"your-name\" \/><\/span> <\/label>\n<\/p>\n<p><label> Votre mail (obligatoire)<br \/>\n<span class=\"wpcf7-form-control-wrap\" data-name=\"your-email\"><input size=\"40\" maxlength=\"400\" class=\"wpcf7-form-control wpcf7-email wpcf7-validates-as-required wpcf7-text wpcf7-validates-as-email\" aria-required=\"true\" aria-invalid=\"false\" value=\"\" type=\"email\" name=\"your-email\" \/><\/span> <\/label>\n<\/p>\n<p><label> Votre t\u00e9l\u00e9phone (obligatoire)<br \/>\n<span class=\"wpcf7-form-control-wrap\" data-name=\"Telephone\"><input size=\"40\" maxlength=\"400\" class=\"wpcf7-form-control wpcf7-tel wpcf7-validates-as-required wpcf7-text wpcf7-validates-as-tel\" aria-required=\"true\" aria-invalid=\"false\" value=\"\" type=\"tel\" name=\"Telephone\" \/><\/span> <\/label>\n<\/p>\n<p><label> Date de votre \u00e9v\u00e9nement (obligatoire)<br \/>\n<span class=\"wpcf7-form-control-wrap\" data-name=\"date\"><input class=\"wpcf7-form-control wpcf7-date wpcf7-validates-as-required wpcf7-validates-as-date\" aria-required=\"true\" aria-invalid=\"false\" value=\"\" type=\"date\" name=\"date\" \/><\/span> <\/label>\n<\/p>\n<p><label> Heure de votre \u00e9v\u00e9nement (obligatoire)<br \/>\n<span class=\"wpcf7-form-control-wrap\" data-name=\"text-835\"><input size=\"40\" maxlength=\"400\" class=\"wpcf7-form-control wpcf7-text wpcf7-validates-as-required\" aria-required=\"true\" aria-invalid=\"false\" value=\"\" type=\"text\" name=\"text-835\" \/><\/span> <\/label>\n<\/p>\n<p><label> Choix de vos prestations (obligatoire)<br \/>\n<span class=\"wpcf7-form-control-wrap\" data-name=\"menu-525\"><select class=\"wpcf7-form-control wpcf7-select wpcf7-validates-as-required\" aria-required=\"true\" aria-invalid=\"false\" multiple=\"multiple\" name=\"menu-525[]\"><option value=\"\">&#8212;Veuillez choisir une option&#8212;<\/option><option value=\"Escape Game classique\">Escape Game classique<\/option><option value=\"Escape Game mobile\">Escape Game mobile<\/option><option value=\"Traiteur\">Traiteur<\/option><option value=\"Salle de r\u00e9union\">Salle de r\u00e9union<\/option><option value=\"Privatisation\">Privatisation<\/option><\/select><\/span><br \/>\n<\/label><label> Nombre de joueurs (obligatoire)<br \/>\n<span class=\"wpcf7-form-control-wrap\" data-name=\"Nombre\"><input class=\"wpcf7-form-control wpcf7-number wpcf7-validates-as-number\" aria-invalid=\"false\" value=\"\" type=\"number\" name=\"Nombre\" \/><\/span><br \/>\n<input class=\"wpcf7-form-control wpcf7-submit has-spinner button button--primary\" type=\"submit\" value=\"Envoyer\" \/><\/label>\n<\/p><div class=\"wpcf7-response-output\" aria-hidden=\"true\"><\/div>\n<\/form>\n<\/div>\n\n","protected":false},"excerpt":{"rendered":"<p>ESCAPE HUNT BORDEAUX EST LE LIEU ID\u00c9AL O\u00d9 ORGANISER VOTRE \u00c9V\u00c9NEMENT TEAMBUILDING AU C\u0152UR DE BORDEAUX AVEC DEUX \u00c9TABLISSEMENTS : 1) Escape Hunt Gare Saint-Jean avec 8 salles de jeu&hellip;<\/p>\n","protected":false},"author":59,"featured_media":44250,"parent":0,"menu_order":0,"comment_status":"closed","ping_status":"closed","template":"views\/default-page-hero.php","meta":{"_acf_changed":false,"footnotes":""},"class_list":["post-25566","page","type-page","status-publish","has-post-thumbnail","hentry"],"acf":{"custom_schema_json":""},"yoast_head":"<!-- This site is optimized with the Yoast SEO plugin v27.3 - https:\/\/yoast.com\/product\/yoast-seo-wordpress\/ -->\n<title>Escape Game pour Entreprises - Bordeaux<\/title>\n<meta name=\"robots\" content=\"noindex, follow, max-snippet:-1, max-image-preview:large, max-video-preview:-1\" \/>\n<meta property=\"og:locale\" content=\"fr_FR\" \/>\n<meta property=\"og:type\" content=\"article\" \/>\n<meta property=\"og:title\" content=\"Escape Game pour Entreprises - Bordeaux\" \/>\n<meta property=\"og:description\" content=\"ESCAPE HUNT BORDEAUX EST LE LIEU ID\u00c9AL O\u00d9 ORGANISER VOTRE \u00c9V\u00c9NEMENT TEAMBUILDING AU C\u0152UR DE BORDEAUX AVEC DEUX \u00c9TABLISSEMENTS : 1) Escape Hunt Gare Saint-Jean avec 8 salles de jeu&hellip;\" \/>\n<meta property=\"og:url\" content=\"https:\/\/escapehunt.com\/fr\/bordeaux\/team-building-sortie-entreprise\/\" \/>\n<meta property=\"og:site_name\" content=\"Bordeaux\" \/>\n<meta property=\"article:modified_time\" content=\"2022-04-20T09:36:02+00:00\" \/>\n<meta property=\"og:image\" content=\"https:\/\/escapehunt.com\/fr\/bordeaux\/wp-content\/uploads\/sites\/41\/2020\/05\/lores-EH-Birm18-0703-1024x683.jpg\" \/>\n\t<meta property=\"og:image:width\" content=\"1024\" \/>\n\t<meta property=\"og:image:height\" content=\"683\" \/>\n\t<meta property=\"og:image:type\" content=\"image\/jpeg\" \/>\n<meta name=\"twitter:card\" content=\"summary_large_image\" \/>\n<meta name=\"twitter:label1\" content=\"Dur\u00e9e de lecture estim\u00e9e\" \/>\n\t<meta name=\"twitter:data1\" content=\"2 minutes\" \/>\n<script type=\"application\/ld+json\" class=\"yoast-schema-graph\">{\"@context\":\"https:\\\/\\\/schema.org\",\"@graph\":[{\"@type\":\"WebPage\",\"@id\":\"https:\\\/\\\/escapehunt.com\\\/fr\\\/bordeaux\\\/team-building-sortie-entreprise\\\/\",\"url\":\"https:\\\/\\\/escapehunt.com\\\/fr\\\/bordeaux\\\/team-building-sortie-entreprise\\\/\",\"name\":\"Escape Game pour Entreprises - Bordeaux\",\"isPartOf\":{\"@id\":\"https:\\\/\\\/escapehunt.com\\\/fr\\\/bordeaux\\\/#website\"},\"primaryImageOfPage\":{\"@id\":\"https:\\\/\\\/escapehunt.com\\\/fr\\\/bordeaux\\\/team-building-sortie-entreprise\\\/#primaryimage\"},\"image\":{\"@id\":\"https:\\\/\\\/escapehunt.com\\\/fr\\\/bordeaux\\\/team-building-sortie-entreprise\\\/#primaryimage\"},\"thumbnailUrl\":\"https:\\\/\\\/staging3.escapehunt.com\\\/fr\\\/bordeaux\\\/wp-content\\\/uploads\\\/sites\\\/41\\\/2020\\\/05\\\/lores-EH-Birm18-0703.jpg\",\"datePublished\":\"2019-09-11T10:01:47+00:00\",\"dateModified\":\"2022-04-20T09:36:02+00:00\",\"breadcrumb\":{\"@id\":\"https:\\\/\\\/escapehunt.com\\\/fr\\\/bordeaux\\\/team-building-sortie-entreprise\\\/#breadcrumb\"},\"inLanguage\":\"fr-FR\",\"potentialAction\":[{\"@type\":\"ReadAction\",\"target\":[\"https:\\\/\\\/escapehunt.com\\\/fr\\\/bordeaux\\\/team-building-sortie-entreprise\\\/\"]}]},{\"@type\":\"ImageObject\",\"inLanguage\":\"fr-FR\",\"@id\":\"https:\\\/\\\/escapehunt.com\\\/fr\\\/bordeaux\\\/team-building-sortie-entreprise\\\/#primaryimage\",\"url\":\"https:\\\/\\\/staging3.escapehunt.com\\\/fr\\\/bordeaux\\\/wp-content\\\/uploads\\\/sites\\\/41\\\/2020\\\/05\\\/lores-EH-Birm18-0703.jpg\",\"contentUrl\":\"https:\\\/\\\/staging3.escapehunt.com\\\/fr\\\/bordeaux\\\/wp-content\\\/uploads\\\/sites\\\/41\\\/2020\\\/05\\\/lores-EH-Birm18-0703.jpg\",\"width\":2500,\"height\":1667,\"caption\":\"Actvit\u00e9s couvertes Bordeaux\"},{\"@type\":\"BreadcrumbList\",\"@id\":\"https:\\\/\\\/escapehunt.com\\\/fr\\\/bordeaux\\\/team-building-sortie-entreprise\\\/#breadcrumb\",\"itemListElement\":[{\"@type\":\"ListItem\",\"position\":1,\"name\":\"Home\",\"item\":\"https:\\\/\\\/escapehunt.com\\\/fr\\\/bordeaux\\\/\"},{\"@type\":\"ListItem\",\"position\":2,\"name\":\"Escape Game pour Entreprises\"}]},{\"@type\":\"WebSite\",\"@id\":\"https:\\\/\\\/escapehunt.com\\\/fr\\\/bordeaux\\\/#website\",\"url\":\"https:\\\/\\\/escapehunt.com\\\/fr\\\/bordeaux\\\/\",\"name\":\"Bordeaux\",\"description\":\"Escape Hunt Bordeaux \u2013 Number 1 Escape Game in Bordeaux\",\"potentialAction\":[{\"@type\":\"SearchAction\",\"target\":{\"@type\":\"EntryPoint\",\"urlTemplate\":\"https:\\\/\\\/escapehunt.com\\\/fr\\\/bordeaux\\\/?s={search_term_string}\"},\"query-input\":{\"@type\":\"PropertyValueSpecification\",\"valueRequired\":true,\"valueName\":\"search_term_string\"}}],\"inLanguage\":\"fr-FR\"}]}<\/script>\n<!-- \/ Yoast SEO plugin. -->","yoast_head_json":{"title":"Escape Game pour Entreprises - Bordeaux","robots":{"index":"noindex","follow":"follow","max-snippet":"max-snippet:-1","max-image-preview":"max-image-preview:large","max-video-preview":"max-video-preview:-1"},"og_locale":"fr_FR","og_type":"article","og_title":"Escape Game pour Entreprises - Bordeaux","og_description":"ESCAPE HUNT BORDEAUX EST LE LIEU ID\u00c9AL O\u00d9 ORGANISER VOTRE \u00c9V\u00c9NEMENT TEAMBUILDING AU C\u0152UR DE BORDEAUX AVEC DEUX \u00c9TABLISSEMENTS : 1) Escape Hunt Gare Saint-Jean avec 8 salles de jeu&hellip;","og_url":"https:\/\/escapehunt.com\/fr\/bordeaux\/team-building-sortie-entreprise\/","og_site_name":"Bordeaux","article_modified_time":"2022-04-20T09:36:02+00:00","og_image":[{"width":1024,"height":683,"url":"https:\/\/escapehunt.com\/fr\/bordeaux\/wp-content\/uploads\/sites\/41\/2020\/05\/lores-EH-Birm18-0703-1024x683.jpg","type":"image\/jpeg"}],"twitter_card":"summary_large_image","twitter_misc":{"Dur\u00e9e de lecture estim\u00e9e":"2 minutes"},"schema":{"@context":"https:\/\/schema.org","@graph":[{"@type":"WebPage","@id":"https:\/\/escapehunt.com\/fr\/bordeaux\/team-building-sortie-entreprise\/","url":"https:\/\/escapehunt.com\/fr\/bordeaux\/team-building-sortie-entreprise\/","name":"Escape Game pour Entreprises - Bordeaux","isPartOf":{"@id":"https:\/\/escapehunt.com\/fr\/bordeaux\/#website"},"primaryImageOfPage":{"@id":"https:\/\/escapehunt.com\/fr\/bordeaux\/team-building-sortie-entreprise\/#primaryimage"},"image":{"@id":"https:\/\/escapehunt.com\/fr\/bordeaux\/team-building-sortie-entreprise\/#primaryimage"},"thumbnailUrl":"https:\/\/staging3.escapehunt.com\/fr\/bordeaux\/wp-content\/uploads\/sites\/41\/2020\/05\/lores-EH-Birm18-0703.jpg","datePublished":"2019-09-11T10:01:47+00:00","dateModified":"2022-04-20T09:36:02+00:00","breadcrumb":{"@id":"https:\/\/escapehunt.com\/fr\/bordeaux\/team-building-sortie-entreprise\/#breadcrumb"},"inLanguage":"fr-FR","potentialAction":[{"@type":"ReadAction","target":["https:\/\/escapehunt.com\/fr\/bordeaux\/team-building-sortie-entreprise\/"]}]},{"@type":"ImageObject","inLanguage":"fr-FR","@id":"https:\/\/escapehunt.com\/fr\/bordeaux\/team-building-sortie-entreprise\/#primaryimage","url":"https:\/\/staging3.escapehunt.com\/fr\/bordeaux\/wp-content\/uploads\/sites\/41\/2020\/05\/lores-EH-Birm18-0703.jpg","contentUrl":"https:\/\/staging3.escapehunt.com\/fr\/bordeaux\/wp-content\/uploads\/sites\/41\/2020\/05\/lores-EH-Birm18-0703.jpg","width":2500,"height":1667,"caption":"Actvit\u00e9s couvertes Bordeaux"},{"@type":"BreadcrumbList","@id":"https:\/\/escapehunt.com\/fr\/bordeaux\/team-building-sortie-entreprise\/#breadcrumb","itemListElement":[{"@type":"ListItem","position":1,"name":"Home","item":"https:\/\/escapehunt.com\/fr\/bordeaux\/"},{"@type":"ListItem","position":2,"name":"Escape Game pour Entreprises"}]},{"@type":"WebSite","@id":"https:\/\/escapehunt.com\/fr\/bordeaux\/#website","url":"https:\/\/escapehunt.com\/fr\/bordeaux\/","name":"Bordeaux","description":"Escape Hunt Bordeaux \u2013 Number 1 Escape Game in Bordeaux","potentialAction":[{"@type":"SearchAction","target":{"@type":"EntryPoint","urlTemplate":"https:\/\/escapehunt.com\/fr\/bordeaux\/?s={search_term_string}"},"query-input":{"@type":"PropertyValueSpecification","valueRequired":true,"valueName":"search_term_string"}}],"inLanguage":"fr-FR"}]}},"custom_schema_json":"","_links":{"self":[{"href":"https:\/\/staging3.escapehunt.com\/fr\/bordeaux\/wp-json\/wp\/v2\/pages\/25566","targetHints":{"allow":["GET"]}}],"collection":[{"href":"https:\/\/staging3.escapehunt.com\/fr\/bordeaux\/wp-json\/wp\/v2\/pages"}],"about":[{"href":"https:\/\/staging3.escapehunt.com\/fr\/bordeaux\/wp-json\/wp\/v2\/types\/page"}],"author":[{"embeddable":true,"href":"https:\/\/staging3.escapehunt.com\/fr\/bordeaux\/wp-json\/wp\/v2\/users\/59"}],"replies":[{"embeddable":true,"href":"https:\/\/staging3.escapehunt.com\/fr\/bordeaux\/wp-json\/wp\/v2\/comments?post=25566"}],"version-history":[{"count":0,"href":"https:\/\/staging3.escapehunt.com\/fr\/bordeaux\/wp-json\/wp\/v2\/pages\/25566\/revisions"}],"wp:featuredmedia":[{"embeddable":true,"href":"https:\/\/staging3.escapehunt.com\/fr\/bordeaux\/wp-json\/wp\/v2\/media\/44250"}],"wp:attachment":[{"href":"https:\/\/staging3.escapehunt.com\/fr\/bordeaux\/wp-json\/wp\/v2\/media?parent=25566"}],"curies":[{"name":"wp","href":"https:\/\/api.w.org\/{rel}","templated":true}]}}