{"id":413,"date":"2018-11-23T17:01:29","date_gmt":"2018-11-23T17:01:29","guid":{"rendered":"http:\/\/s27835.p712.sites.pressdns.com\/fr\/bordeaux\/?page_id=413"},"modified":"2024-02-26T15:57:16","modified_gmt":"2024-02-26T15:57:16","slug":"blog","status":"publish","type":"page","link":"https:\/\/staging3.escapehunt.com\/fr\/bordeaux\/blog\/","title":{"rendered":"Escape Hunt Bordeaux Blog"},"content":{"rendered":"<h3 class=\"ish-sc-element ish-sc_headline ish-color3 ish-center\"><strong>NOS ACTUALIT\u00c9S, OFFRES ET PROMOTIONS !<\/strong><\/h3>\n<div class=\"wpb_text_column wpb_content_element \">\n<div class=\"wpb_wrapper\">\n<p>C\u2019est ici que vous pourrez retrouver diff\u00e9rents posts sur l\u2019actualit\u00e9 de la franchise de Bordeaux.<\/p>\n<p>Bonne lecture d\u00e9tectives !<\/p>\n<p>&nbsp;<\/p>\n<\/div>\n<\/div>\n<hr \/>\n<h4><\/h4>\n<h4><a href=\"https:\/\/staging3.escapehunt.com\/fr\/bordeaux\/2020\/05\/27\/amoureux-bordeaux\/\">BALADES ET ACTIVIT\u00c9S \u00c0 FAIRE EN AMOUREUX SUR BORDEAUX <\/a><\/h4>\n<p>Vous cherchez des balades et activit\u00e9s \u00e0 faire en amoureux dans Bordeaux ? Voici quelques id\u00e9es d&rsquo;activit\u00e9s <a href=\"https:\/\/staging3.escapehunt.com\/fr\/bordeaux\/2016\/11\/24\/activites-a-tester-en-couple-a-bordeaux\/\">en amoureux<\/a> \u00e0 faire sur Bordeaux pour la\/le surprendre&#8230;<a href=\"https:\/\/staging3.escapehunt.com\/fr\/bordeaux\/2020\/05\/27\/amoureux-bordeaux\/\">read more<\/a><\/p>\n<h4><\/h4>\n<h4><a href=\"https:\/\/staging3.escapehunt.com\/fr\/bordeaux\/2020\/05\/15\/activites-insolites-bordeaux\/\">ACTIVIT\u00c9S INSOLITES \u00c0 FAIRE SUR BORDEAUX <\/a><\/h4>\n<p>Vous en avez marre de faire toujours les m\u00eames choses ? Vous cherchez des activit\u00e9s insolites pour casser la routine ou encore occuper vos journ\u00e9es de vacances sur Bordeaux&#8230;<a href=\"https:\/\/staging3.escapehunt.com\/fr\/bordeaux\/2020\/05\/14\/activites-interieur-bordeaux\/\">read more<\/a><\/p>\n<p>&nbsp;<\/p>\n<h4><a href=\"https:\/\/staging3.escapehunt.com\/fr\/bordeaux\/2020\/05\/14\/activites-interieur-bordeaux\/\">LES MEILLEURES ACTIVIT\u00c9S EN INT\u00c9RIEUR \u00c0 BORDEAUX <\/a><\/h4>\n<p>Bordeaux propose un grand nombre d\u2019activit\u00e9s en int\u00e9rieur. Il est d\u2019ailleurs difficile de faire un choix entre toutes. Voici une liste des meilleures activit\u00e9s en int\u00e9rieur \u00e0 faire absolument&#8230;.<a href=\"https:\/\/staging3.escapehunt.com\/fr\/bordeaux\/2020\/05\/14\/activites-interieur-bordeaux\/\">read more<\/a><\/p>\n<p>&nbsp;<\/p>\n<h4><a href=\"https:\/\/staging3.escapehunt.com\/fr\/bordeaux\/2020\/05\/12\/bordeaux-amis\/\">QUE FAIRE ENTRE AMIS \u00c0 BORDEAUX ?<\/a><\/h4>\n<p>Vous avez envie d\u2019organiser une journ\u00e9e entre amis \u00e0 Bordeaux et vous souhaitez d\u00e9couvrir de nouvelles adresses ? Ci-dessous on vous propose plusieurs activit\u00e9s parfaites pour passer du bon temps&#8230;.<a href=\"https:\/\/staging3.escapehunt.com\/fr\/bordeaux\/2020\/05\/12\/bordeaux-amis\/\">read more<\/a><\/p>\n<p>&nbsp;<\/p>\n<h4><a href=\"https:\/\/staging3.escapehunt.com\/fr\/bordeaux\/2020\/05\/05\/bordeaux-ete-famille\/\">QUE FAIRE EN FAMILLE CET \u00c9T\u00c9 SUR BORDEAUX <\/a><\/h4>\n<p>Avec les conditions actuelles, certains d\u2019entre vous vont devoir passer leurs vacances sur Bordeaux. Nous vous proposons des activit\u00e9s \u00e0 faire durant ces longues journ\u00e9es ensoleill\u00e9es&#8230;.<a href=\"https:\/\/staging3.escapehunt.com\/fr\/bordeaux\/2020\/05\/05\/bordeaux-ete-famille\/\">read more<\/a><\/p>\n<p>&nbsp;<\/p>\n<h4><a href=\"https:\/\/staging3.escapehunt.com\/fr\/bordeaux\/2020\/04\/08\/anniversaire-enfant-bordeaux\/\">LIEUX POUR UN ANNIVERSAIRE D&rsquo;ENFANT <\/a><a href=\"https:\/\/staging3.escapehunt.com\/fr\/bordeaux\/2020\/03\/26\/escape-game-bordeaux-10\/\">\u00c0 <\/a><a href=\"https:\/\/staging3.escapehunt.com\/fr\/bordeaux\/2020\/04\/08\/activites-fun-bordeaux\/\">BORDEAUX <\/a><\/h4>\n<p>Trouver un lieu pour f\u00eater l\u2019anniversaire d\u2019un enfant peut parfois \u00eatre compliqu\u00e9. L\u2019enfant veut soit tout faire, soit au contraire ne rien faire du tout. Dans ce cas c\u2019est aux parents&#8230;<a href=\"https:\/\/staging3.escapehunt.com\/fr\/bordeaux\/2020\/04\/08\/anniversaire-enfant-bordeaux\/\">read more<\/a><\/p>\n<p>&nbsp;<\/p>\n<h4><a href=\"https:\/\/staging3.escapehunt.com\/fr\/bordeaux\/2020\/04\/08\/activites-fun-bordeaux\/\">ACTIVIT\u00c9S FUN SUR BORDEAUX <\/a><\/h4>\n<p>Aujourd\u2019hui vous avez envie de faire une <strong>activit\u00e9 fun sur Bordeaux<\/strong>\u00a0 mais vous n\u2019avez pas trop d\u2019id\u00e9es ? Ne vous inqui\u00e9tez pas ! Nous avons pr\u00e9par\u00e9 une petite liste d\u2019activit\u00e9 fun et amusante&#8230; <a href=\"https:\/\/staging3.escapehunt.com\/fr\/bordeaux\/2020\/04\/08\/activites-fun-bordeaux\/\">read more<\/a><\/p>\n<p>&nbsp;<\/p>\n<h4><a href=\"https:\/\/staging3.escapehunt.com\/fr\/bordeaux\/2020\/04\/02\/activites-quand-il-pleut-bordeaux\/\">TOP 5 ACTIVIT\u00c9S QUAND IL PLEUT\u00a0<\/a><\/h4>\n<p>On vous propose le top 5 des <strong>activit\u00e9s \u00e0 faire quand il pleut\u00a0<\/strong>pour ne plus rester chez vous \u00e0 attendre que cette journ\u00e9e passe&#8230; <a href=\"https:\/\/staging3.escapehunt.com\/fr\/bordeaux\/2020\/04\/02\/activites-quand-il-pleut-bordeaux\/\">read more<\/a><\/p>\n<p>&nbsp;<\/p>\n<h4><a href=\"https:\/\/staging3.escapehunt.com\/fr\/bordeaux\/2020\/04\/03\/activites-adolescents-bordeaux\/\">ACTIVIT\u00c9S POUR ADO <\/a><a href=\"https:\/\/staging3.escapehunt.com\/fr\/bordeaux\/2020\/03\/26\/escape-game-bordeaux-10\/\">\u00c0 <\/a><a href=\"https:\/\/staging3.escapehunt.com\/fr\/bordeaux\/2020\/04\/03\/activites-adolescents-bordeaux\/\">BORDEAUX\u00a0<\/a><\/h4>\n<p>Trouver une <strong>activit\u00e9 \u00e0 faire pour les adolescents<\/strong> peut s\u2019av\u00e9rer compliqu\u00e9. C\u2019est\u00a0 pour cela qu\u2019on a pr\u00e9par\u00e9 une liste d\u2019activit\u00e9s qu\u2019un ado pourrait aimer et durant laquelle il pourrait vraiment s\u2019amuser&#8230; <a href=\"https:\/\/staging3.escapehunt.com\/fr\/bordeaux\/2020\/04\/03\/activites-adolescents-bordeaux\/\">read more<\/a><\/p>\n<p>&nbsp;<\/p>\n<h4><a href=\"https:\/\/staging3.escapehunt.com\/fr\/bordeaux\/2020\/03\/31\/top-5-activites-enfants\/\">TOP 5 ACTIVIT\u00c9S POUR ENFANTS\u00a0<\/a><\/h4>\n<p>Vous avez des enfants et vous ne savez pas comment les occuper ? \u00a0 On vous propose le <strong>top 5 des activit\u00e9s \u00e0 faire sur Bordeaux pour les enfants<\/strong>\u00a0&#8230;<a href=\"https:\/\/staging3.escapehunt.com\/fr\/bordeaux\/2020\/03\/31\/top-5-activites-enfants\/\">read more<\/a><\/p>\n<p>&nbsp;<\/p>\n<h4><a href=\"https:\/\/staging3.escapehunt.com\/fr\/bordeaux\/2020\/03\/26\/escape-game-bordeaux-10\/\">ESCAPE GAME \u00c0 10 SUR BORDEAUX ?<\/a><\/h4>\n<p>Vous \u00eates 10 et l\u2019id\u00e9e de faire un <a href=\"https:\/\/staging3.escapehunt.com\/fr\/bordeaux\/choisissez-votre-aventure\/?gc=escape-room\">Escape Game<\/a> vous a travers\u00e9 l\u2019esprit mais vous vous demandez si vous pouvez ? Et bien, tenez-vous bien car c\u2019est possible\u00a0&#8230;<a href=\"https:\/\/staging3.escapehunt.com\/fr\/bordeaux\/2020\/03\/26\/escape-game-bordeaux-10\/\">read more<\/a><\/p>\n<p>&nbsp;<\/p>\n<h4><a href=\"https:\/\/staging3.escapehunt.com\/fr\/bordeaux\/2020\/02\/25\/que-faire-aujourdhui-bordeaux\/\">QUE FAIRE AUJOURD&rsquo;HUI \u00c0 BORDEAUX ?<\/a><\/h4>\n<p>Vous avez du temps libre aujourd\u2019hui \u00e0 Bordeaux et vous cherchez des activit\u00e9s originales ? Nous vous proposons ici diff\u00e9rentes choses \u00e0 faire pour vous occuper &#8230;<a href=\"https:\/\/staging3.escapehunt.com\/fr\/bordeaux\/2020\/02\/25\/que-faire-aujourdhui-bordeaux\/\">read more<\/a><\/p>\n<p>&nbsp;<\/p>\n<h4><a href=\"https:\/\/staging3.escapehunt.com\/fr\/bordeaux\/2020\/02\/07\/vacances-fevrier-bordeaux\/\">QUE FAIRE PENDANTS LES VACANCES DE F\u00c9VRIER \u00c0 BORDEAUX ?<\/a><\/h4>\n<p>Vous ne savez pas quoi faire pendant les vacances de f\u00e9vrier \u00e0 Bordeaux ? Escape Hunt vous propose diff\u00e9rentes activit\u00e9s &#8230;<a href=\"https:\/\/staging3.escapehunt.com\/fr\/bordeaux\/2020\/02\/07\/vacances-fevrier-bordeaux\/\">read more<\/a><\/p>\n<p>&nbsp;<\/p>\n<h4><a href=\"https:\/\/staging3.escapehunt.com\/fr\/bordeaux\/2020\/01\/28\/saint-valentin-bordeaux\/\">ACTIVIT\u00c9S ORIGINALES POUR LA SAINT-VALENTIN<\/a><\/h4>\n<p>Marre des activit\u00e9s classiques le jour de la Saint Valentin ? Escape Hunt Bordeaux vous a trouv\u00e9 des id\u00e9es de sorties originales \u00e0 Bordeaux pour ce jour particulier &#8230;<a href=\"https:\/\/staging3.escapehunt.com\/fr\/bordeaux\/2020\/01\/28\/saint-valentin-bordeaux\/\">read more<\/a><\/p>\n<p>&nbsp;<\/p>\n<h4><a href=\"https:\/\/staging3.escapehunt.com\/fr\/bordeaux\/2020\/01\/30\/escape-game-8-joueurs-bordeaux\/\">ESCAPE GAME 8 JOUEURS \u00c0 BORDEAUX<\/a><\/h4>\n<p>Vous \u00eates un groupe de 8 et vous cherchez l\u2019endroit id\u00e9al pour faire un escape game \u00e0 Bordeaux ? Nous vous proposons alors plusieurs solutions pour partager un moment ensemble&#8230;<a href=\"https:\/\/staging3.escapehunt.com\/fr\/bordeaux\/2020\/01\/30\/escape-game-8-joueurs-bordeaux\/\">read more<\/a><\/p>\n<p>&nbsp;<\/p>\n<h4><a href=\"https:\/\/staging3.escapehunt.com\/fr\/bordeaux\/?p=42709&amp;preview=true\">ANNIVERSAIRE ESCAPE GAME BORDEAUX <\/a><\/h4>\n<p>Vous recherchez un escape game id\u00e9al \u00a0pour f\u00eater votre anniversaire \u00e0 Bordeaux ou celui de votre enfant\u00a0? Escape Hunt vous propose alors plusieurs solutions &#8230;<a href=\"https:\/\/staging3.escapehunt.com\/fr\/bordeaux\/?p=42709&amp;preview=true\">read more<\/a><\/p>\n<p>&nbsp;<\/p>\n<h4><a href=\"https:\/\/staging3.escapehunt.com\/fr\/bordeaux\/2020\/01\/21\/escape-game-famille\/\">ESCAPE GAME EN FAMILLE\u00a0<\/a><\/h4>\n<p>Vous recherchez un escape game parfait \u00e0 faire en famille \u00e0 faire \u00e0 Bordeaux ? \u00a0Chez Escape Hunt, on vous propose diff\u00e9rents th\u00e8mes \u00e0 jouer en famille soit tous ensemble soit &#8230;<a href=\"https:\/\/staging3.escapehunt.com\/fr\/bordeaux\/2020\/01\/21\/escape-game-famille\/\">read more<\/a><\/p>\n<p>&nbsp;<\/p>\n<h4><a href=\"https:\/\/staging3.escapehunt.com\/fr\/bordeaux\/top-10-a-faire-a-bordeaux-lete\/\">TOP 10 \u00c0 FAIRE \u00c0 BORDEAUX L\u2019\u00c9T\u00c9<\/a><\/h4>\n<p>TOP 10 sorties \u00e0 faire l&rsquo;\u00e9t\u00e9 \u00e0 Bordeaux L&rsquo;\u00e9t\u00e9 \u00e0 Bordeaux s&rsquo;annonce br\u00fblant, au grand plaisir des Bordelais ! Escape Hunt Bordeaux vous pr\u00e9sente le top des trucs&#8230; <a href=\"https:\/\/staging3.escapehunt.com\/fr\/bordeaux\/top-10-a-faire-a-bordeaux-lete\/\">read more<\/a><\/p>\n<p>&nbsp;<\/p>\n<h4><a href=\"https:\/\/staging3.escapehunt.com\/fr\/bordeaux\/top-des-activites-originales-a-bordeaux\/\">TOP DES ACTIVIT\u00c9S ORIGINALES \u00c0 BORDEAUX<\/a><\/h4>\n<p>Top des activit\u00e9s originales \u00e0 Bordeaux Marre de l&rsquo;\u00e9ternel combo bowling-cin\u00e9ma-bar ? Et si vous tentiez plus dans l&rsquo;original cette fois ? Escape Hunt Bordeaux vous pr\u00e9sente le&#8230; <a href=\"https:\/\/staging3.escapehunt.com\/fr\/bordeaux\/top-des-activites-originales-a-bordeaux\/\">read more<\/a><\/p>\n<p>&nbsp;<\/p>\n<h4><a href=\"https:\/\/staging3.escapehunt.com\/fr\/bordeaux\/bordeaux-a-faire-a-la-gare-saint-jean\/\">BORDEAUX : A FAIRE \u00c0 LA GARE SAINT JEAN<\/a><\/h4>\n<p>Bordeaux : A faire \u00e0 la Gare Saint-Jean De passage \u00e0 la Gare Saint-Jean ? Votre correspondance est annul\u00e9e, le prochain d\u00e9part n&rsquo;est que dans 5 heures,&#8230; <a href=\"https:\/\/staging3.escapehunt.com\/fr\/bordeaux\/bordeaux-a-faire-a-la-gare-saint-jean\/\">read more<\/a><\/p>\n<p>&nbsp;<\/p>\n<h4><a href=\"https:\/\/staging3.escapehunt.com\/fr\/bordeaux\/activites-pour-les-touristes-a-bordeaux\/\">ACTIVIT\u00c9S POUR LES TOURISTES \u00c0 BORDEAUX !<\/a><\/h4>\n<p>Activit\u00e9s pour les touristes \u00e0 Bordeaux ! Vos beaux-parents ou amis \u00e9loign\u00e9s viennent vous rendre visite \u00e0 la Belle Endormie et vous ne savez plus quoi leur montrer&#8230; <a href=\"https:\/\/staging3.escapehunt.com\/fr\/bordeaux\/activites-pour-les-touristes-a-bordeaux\/\">read more<\/a><\/p>\n<p>&nbsp;<\/p>\n<h4><a href=\"https:\/\/staging3.escapehunt.com\/fr\/bordeaux\/zoom-sur-le-casse-de-saint-emilion\/\">ZOOM SUR \u00ab LE CASSE DE SAINT-EMILION \u00bb<\/a><\/h4>\n<p>Zoom sur \u00ab\u00a0Le Casse de Saint-Emilion\u00a0\u00bb Notre ch\u00e8re salle de Saint-Emilion a r\u00e9cemment connu un relooking ! En effet, ce sc\u00e9nario a chang\u00e9 depuis les d\u00e9buts d&rsquo;Escape Hunt&#8230; <a href=\"https:\/\/staging3.escapehunt.com\/fr\/bordeaux\/zoom-sur-le-casse-de-saint-emilion\/\">read more<\/a><\/p>\n<p>&nbsp;<\/p>\n<h4><a href=\"https:\/\/staging3.escapehunt.com\/fr\/bordeaux\/5-lieux-pour-regarder-la-coupe-du-monde-a-bordeaux\/\">5 LIEUX POUR REGARDER LA COUPE DU MONDE \u00c0 BORDEAUX<\/a><\/h4>\n<p>5 lieux pour regarder la Coupe du monde \u00e0 Bordeaux Le coup d&rsquo;envoi est lanc\u00e9, la Coupe du Monde 2018 a d\u00e9marr\u00e9 le 14 Juin dernier et nous&#8230; <a href=\"https:\/\/staging3.escapehunt.com\/fr\/bordeaux\/5-lieux-pour-regarder-la-coupe-du-monde-a-bordeaux\/\">read more<\/a><\/p>\n<p>&nbsp;<\/p>\n<h4><a href=\"https:\/\/staging3.escapehunt.com\/fr\/bordeaux\/activites-pour-un-premier-rendez-vous-a-bordeaux\/\">ACTIVIT\u00c9S POUR UN PREMIER RENDEZ-VOUS \u00c0 BORDEAUX<\/a><\/h4>\n<p>Activit\u00e9s pour un premier rendez-vous \u00e0 Bordeaux Marre d&rsquo;amener vos premiers rendez-vous toujours au restau du coin ? Tentez des activit\u00e9s plus originales pour le\/la s\u00e9duire ! Escape&#8230; <a href=\"https:\/\/staging3.escapehunt.com\/fr\/bordeaux\/activites-pour-un-premier-rendez-vous-a-bordeaux\/\">read more<\/a><\/p>\n<p>&nbsp;<\/p>\n<h4><a href=\"https:\/\/staging3.escapehunt.com\/fr\/bordeaux\/a-faire-a-bordeaux-grand-theatre\/\">A FAIRE \u00c0 BORDEAUX : GRAND TH\u00c9\u00c2TRE<\/a><\/h4>\n<p>A faire \u00e0 Bordeaux : Grand Th\u00e9\u00e2tre Le Grand Th\u00e9\u00e2tre est sans conteste un des \u00e9difices publics les plus appr\u00e9ci\u00e9s de Bordeaux. Escape Hunt Bordeaux qui aime \u00e9galement beaucoup&#8230; <a href=\"https:\/\/staging3.escapehunt.com\/fr\/bordeaux\/a-faire-a-bordeaux-grand-theatre\/\">read more<\/a><\/p>\n<p>&nbsp;<\/p>\n<h4><a href=\"https:\/\/staging3.escapehunt.com\/fr\/bordeaux\/top-des-activites-a-moins-de-10e-a-bordeaux\/\">TOP DES ACTIVIT\u00c9S \u00c0 MOINS DE 10\u20ac \u00c0 BORDEAUX<\/a><\/h4>\n<p>Top des activit\u00e9s \u00e0 moins de 10\u20ac \u00e0 Bordeaux C&rsquo;est la fin du mois et vos amis vous proposent de sortir ce week-end ? Ne vous inqui\u00e9tez plus,&#8230; <a href=\"https:\/\/staging3.escapehunt.com\/fr\/bordeaux\/top-des-activites-a-moins-de-10e-a-bordeaux\/\">read more<\/a><\/p>\n<p>&nbsp;<\/p>\n<h4><a href=\"https:\/\/staging3.escapehunt.com\/fr\/bordeaux\/que-faire-pour-la-fete-des-peres\/\">F\u00caTE DES P\u00c8RES : ID\u00c9ES DE SORTIES ET CADEAUX !<\/a><\/h4>\n<p>Pour la f\u00eate des p\u00e8res&#8230; Le 17 Juin arrive tr\u00e8s vite et chaque ann\u00e9e, c&rsquo;est pareil. Vous offrez \u00e0 votre papa ch\u00e9ri le m\u00eame pull, apr\u00e8s un d\u00eener&#8230; <a href=\"https:\/\/staging3.escapehunt.com\/fr\/bordeaux\/que-faire-pour-la-fete-des-peres\/\">read more<\/a><\/p>\n<p>&nbsp;<\/p>\n<h4><a href=\"https:\/\/staging3.escapehunt.com\/fr\/bordeaux\/escape-games-attentes-des-joueurs-vs-realite\/\">ESCAPE GAMES : ATTENTES DES JOUEURS VS R\u00c9ALIT\u00c9<\/a><\/h4>\n<p>Escape Games : Attentes des joueurs VS R\u00e9alit\u00e9 Il arrive souvent que nos clients arrivent dans nos escape games, des id\u00e9es plein la t\u00eate, et ressortent de nos&#8230; <a href=\"https:\/\/staging3.escapehunt.com\/fr\/bordeaux\/escape-games-attentes-des-joueurs-vs-realite\/\">read more<\/a><\/p>\n<p>&nbsp;<\/p>\n<h4><a href=\"https:\/\/staging3.escapehunt.com\/fr\/bordeaux\/a-faire-a-bordeaux-place-de-la-bourse\/\">A FAIRE \u00c0 BORDEAUX : PLACE DE LA BOURSE<\/a><\/h4>\n<p>A faire \u00e0 Bordeaux, zoom sur la Place de la Bourse Elle est d\u00e9crite comme la plus belle place du monde de part son architecture royale et&#8230; <a href=\"https:\/\/staging3.escapehunt.com\/fr\/bordeaux\/a-faire-a-bordeaux-place-de-la-bourse\/\">read more<\/a><\/p>\n<p>&nbsp;<\/p>\n<h4><a href=\"https:\/\/staging3.escapehunt.com\/fr\/bordeaux\/5-idees-de-sorties-culturelles-dans-bordeaux\/\">5 ID\u00c9ES DE SORTIES CULTURELLES DANS BORDEAUX<\/a><\/h4>\n<p>5 id\u00e9es de sorties culturelles dans Bordeaux Que ce soit pour se ressourcer ou d\u00e9couvrir d&rsquo;autres facettes de notre ville pr\u00e9f\u00e9r\u00e9e, il arrive que nous ayons envie de&#8230; <a href=\"https:\/\/staging3.escapehunt.com\/fr\/bordeaux\/5-idees-de-sorties-culturelles-dans-bordeaux\/\">read more<\/a><\/p>\n<p>&nbsp;<\/p>\n<h4><a href=\"https:\/\/staging3.escapehunt.com\/fr\/bordeaux\/escape-games-les-differents-types-de-joueurs\/\">ESCAPE GAMES : LES DIFF\u00c9RENTS TYPES DE JOUEURS<\/a><\/h4>\n<p>Les diff\u00e9rentes personnalit\u00e9s des joueurs d\u2019Escape games On r\u00e9agit tous diff\u00e9remment sous la pression, et certains moins bien que d\u2019autres\u2026 Et dans les Escape games, c&rsquo;est encore pire&#8230; <a href=\"https:\/\/staging3.escapehunt.com\/fr\/bordeaux\/escape-games-les-differents-types-de-joueurs\/\">read more<\/a><\/p>\n<p>&nbsp;<\/p>\n<h4><a href=\"https:\/\/staging3.escapehunt.com\/fr\/bordeaux\/ou-sortir-le-soir-bordeaux\/\">O\u00d9 SORTIR LE SOIR \u00c0 BORDEAUX?<\/a><\/h4>\n<p>O\u00d9 SORTIR LE SOIR \u00c0 BORDEAUX? \u00c0 la sortie du travail ou des cours, on a souvent envie de se d\u00e9tendre avant d\u2019attaquer une nouvelle journ\u00e9e. C\u2019est \u00e9galement&#8230; <a href=\"https:\/\/staging3.escapehunt.com\/fr\/bordeaux\/ou-sortir-le-soir-bordeaux\/\">read more<\/a><\/p>\n<p>&nbsp;<\/p>\n<h4><a href=\"https:\/\/staging3.escapehunt.com\/fr\/bordeaux\/sortir-les-jours-feries-bordeaux\/\">SORTIR LES JOURS F\u00c9RI\u00c9S \u00c0 BORDEAUX<\/a><\/h4>\n<p>OU SORTIR A BORDEAUX LES JOURS FERIES Les jours f\u00e9ri\u00e9s sont souvent synonyme de questionnement: que va-t-on faire? Qu\u2019est ce qui est ouvert \u00e0 Bordeaux un jour f\u00e9ri\u00e9? Rassurez-vous,&#8230; <a href=\"https:\/\/staging3.escapehunt.com\/fr\/bordeaux\/sortir-les-jours-feries-bordeaux\/\">read more<\/a><\/p>\n<p>&nbsp;<\/p>\n<h4><a href=\"https:\/\/staging3.escapehunt.com\/fr\/bordeaux\/quoi-faire-bordeaux-cet-ete\/\">QUE FAIRE L\u2019\u00c9T\u00c9 \u00c0 BORDEAUX ?<\/a><\/h4>\n<p>Quoi faire \u00e0 Bordeaux cet \u00e9t\u00e9? Le beau temps est de retour, ce qui signifie chaleur, journ\u00e9es qui rallongent, et bien s\u00fbr, vacances. Escape Hunt Bordeaux a men\u00e9 l\u2019enqu\u00eate pour vous&#8230; <a href=\"https:\/\/staging3.escapehunt.com\/fr\/bordeaux\/quoi-faire-bordeaux-cet-ete\/\">read more<\/a><\/p>\n<p>&nbsp;<\/p>\n<h4><a href=\"https:\/\/staging3.escapehunt.com\/fr\/bordeaux\/escape-hunt-bordeaux-le-manoir-dh-h-holmes\/\">ESCAPE HUNT BORDEAUX: LE MANOIR D\u2019H.H. HOLMES<\/a><\/h4>\n<p>Le th\u00e8me de notre nouvelle salle chez Escape Hunt Bordeaux, Le Manoir d\u2019H.H. Holmes, a \u00e9t\u00e9 inspir\u00e9 d\u2019une histoire vraie qui a touch\u00e9 les \u00c9tats-Unis dans les ann\u00e9es 1890. Depuis&#8230; <a href=\"https:\/\/staging3.escapehunt.com\/fr\/bordeaux\/escape-hunt-bordeaux-le-manoir-dh-h-holmes\/\">read more<\/a><\/p>\n<p>&nbsp;<\/p>\n<h4><a href=\"https:\/\/staging3.escapehunt.com\/fr\/bordeaux\/activites-en-famille-a-bordeaux\/\">5 ID\u00c9ES D\u2019ACTIVIT\u00c9S EN FAMILLE A BORDEAUX<\/a><\/h4>\n<p>Vous avez envie d&rsquo;organiser une journ\u00e9e en famille \u00e0 Bordeaux et vous souhaitez d\u00e9couvrir de nouvelles adresses ? Nous vous proposons aujourd&rsquo;hui, 5 id\u00e9es d&rsquo;activit\u00e9s en famille \u00e0 Bordeaux&#8230; <a href=\"https:\/\/staging3.escapehunt.com\/fr\/bordeaux\/activites-en-famille-a-bordeaux\/\">read more<\/a><\/p>\n<p>&nbsp;<\/p>\n<h4><a href=\"https:\/\/staging3.escapehunt.com\/fr\/bordeaux\/activites-a-tester-en-couple-a-bordeaux\/\">5 ACTIVIT\u00c9S A TESTER EN COUPLE A BORDEAUX<\/a><\/h4>\n<p>5 Activit\u00e9s \u00e0 tester en couple \u00e0 Bordeaux Vous voulez organiser une journ\u00e9e en amoureux mais vous n&rsquo;avez pas d&rsquo;id\u00e9es quant au choix des adresses ? Nous avons&#8230; <a href=\"https:\/\/staging3.escapehunt.com\/fr\/bordeaux\/activites-a-tester-en-couple-a-bordeaux\/\">read more<\/a><\/p>\n<p>&nbsp;<\/p>\n<h4><a href=\"https:\/\/staging3.escapehunt.com\/fr\/bordeaux\/5-idees-evg-bordeaux\/\">5 ID\u00c9ES D\u2019ACTIVITES EVG \u00c0 BORDEAUX<\/a><\/h4>\n<p>5 ACTIVIT\u00c9S POUR UN EVG \u00c0 BORDEAUX (OU AILLEURS) Suite \u00e0 notre article concernant les activit\u00e9s \u00e0 faire lors d\u2019un EVJF, messieurs, nous ne vous avons pas oubli\u00e9&#8230; <a href=\"https:\/\/staging3.escapehunt.com\/fr\/bordeaux\/5-idees-evg-bordeaux\/\">read more<\/a><\/p>\n","protected":false},"excerpt":{"rendered":"<p>NOS ACTUALIT\u00c9S, OFFRES ET PROMOTIONS ! C\u2019est ici que vous pourrez retrouver diff\u00e9rents posts sur l\u2019actualit\u00e9 de la franchise de Bordeaux. Bonne lecture d\u00e9tectives ! &nbsp; BALADES ET ACTIVIT\u00c9S \u00c0&hellip;<\/p>\n","protected":false},"author":16,"featured_media":0,"parent":0,"menu_order":0,"comment_status":"closed","ping_status":"closed","template":"","meta":{"_acf_changed":false,"footnotes":""},"class_list":["post-413","page","type-page","status-publish","hentry"],"acf":{"custom_schema_json":""},"yoast_head":"<!-- This site is optimized with the Yoast SEO plugin v27.3 - https:\/\/yoast.com\/product\/yoast-seo-wordpress\/ -->\n<title>Escape Hunt Bordeaux Blog - Bordeaux<\/title>\n<meta name=\"robots\" content=\"noindex, follow, max-snippet:-1, max-image-preview:large, max-video-preview:-1\" \/>\n<meta property=\"og:locale\" content=\"fr_FR\" \/>\n<meta property=\"og:type\" content=\"article\" \/>\n<meta property=\"og:title\" content=\"Escape Hunt Bordeaux Blog - Bordeaux\" \/>\n<meta property=\"og:description\" content=\"NOS ACTUALIT\u00c9S, OFFRES ET PROMOTIONS ! C\u2019est ici que vous pourrez retrouver diff\u00e9rents posts sur l\u2019actualit\u00e9 de la franchise de Bordeaux. Bonne lecture d\u00e9tectives ! &nbsp; BALADES ET ACTIVIT\u00c9S \u00c0&hellip;\" \/>\n<meta property=\"og:url\" content=\"https:\/\/escapehunt.com\/fr\/bordeaux\/blog\/\" \/>\n<meta property=\"og:site_name\" content=\"Bordeaux\" \/>\n<meta property=\"article:modified_time\" content=\"2024-02-26T15:57:16+00:00\" \/>\n<meta name=\"twitter:card\" content=\"summary_large_image\" \/>\n<meta name=\"twitter:label1\" content=\"Dur\u00e9e de lecture estim\u00e9e\" \/>\n\t<meta name=\"twitter:data1\" content=\"8 minutes\" \/>\n<script type=\"application\/ld+json\" class=\"yoast-schema-graph\">{\"@context\":\"https:\\\/\\\/schema.org\",\"@graph\":[{\"@type\":\"WebPage\",\"@id\":\"https:\\\/\\\/escapehunt.com\\\/fr\\\/bordeaux\\\/blog\\\/\",\"url\":\"https:\\\/\\\/escapehunt.com\\\/fr\\\/bordeaux\\\/blog\\\/\",\"name\":\"Escape Hunt Bordeaux Blog - Bordeaux\",\"isPartOf\":{\"@id\":\"https:\\\/\\\/escapehunt.com\\\/fr\\\/bordeaux\\\/#website\"},\"datePublished\":\"2018-11-23T17:01:29+00:00\",\"dateModified\":\"2024-02-26T15:57:16+00:00\",\"breadcrumb\":{\"@id\":\"https:\\\/\\\/escapehunt.com\\\/fr\\\/bordeaux\\\/blog\\\/#breadcrumb\"},\"inLanguage\":\"fr-FR\",\"potentialAction\":[{\"@type\":\"ReadAction\",\"target\":[\"https:\\\/\\\/escapehunt.com\\\/fr\\\/bordeaux\\\/blog\\\/\"]}]},{\"@type\":\"BreadcrumbList\",\"@id\":\"https:\\\/\\\/escapehunt.com\\\/fr\\\/bordeaux\\\/blog\\\/#breadcrumb\",\"itemListElement\":[{\"@type\":\"ListItem\",\"position\":1,\"name\":\"Home\",\"item\":\"https:\\\/\\\/escapehunt.com\\\/fr\\\/bordeaux\\\/\"},{\"@type\":\"ListItem\",\"position\":2,\"name\":\"Escape Hunt Bordeaux Blog\"}]},{\"@type\":\"WebSite\",\"@id\":\"https:\\\/\\\/escapehunt.com\\\/fr\\\/bordeaux\\\/#website\",\"url\":\"https:\\\/\\\/escapehunt.com\\\/fr\\\/bordeaux\\\/\",\"name\":\"Bordeaux\",\"description\":\"Escape Hunt Bordeaux \u2013 Number 1 Escape Game in Bordeaux\",\"potentialAction\":[{\"@type\":\"SearchAction\",\"target\":{\"@type\":\"EntryPoint\",\"urlTemplate\":\"https:\\\/\\\/escapehunt.com\\\/fr\\\/bordeaux\\\/?s={search_term_string}\"},\"query-input\":{\"@type\":\"PropertyValueSpecification\",\"valueRequired\":true,\"valueName\":\"search_term_string\"}}],\"inLanguage\":\"fr-FR\"}]}<\/script>\n<!-- \/ Yoast SEO plugin. -->","yoast_head_json":{"title":"Escape Hunt Bordeaux Blog - Bordeaux","robots":{"index":"noindex","follow":"follow","max-snippet":"max-snippet:-1","max-image-preview":"max-image-preview:large","max-video-preview":"max-video-preview:-1"},"og_locale":"fr_FR","og_type":"article","og_title":"Escape Hunt Bordeaux Blog - Bordeaux","og_description":"NOS ACTUALIT\u00c9S, OFFRES ET PROMOTIONS ! C\u2019est ici que vous pourrez retrouver diff\u00e9rents posts sur l\u2019actualit\u00e9 de la franchise de Bordeaux. Bonne lecture d\u00e9tectives ! &nbsp; BALADES ET ACTIVIT\u00c9S \u00c0&hellip;","og_url":"https:\/\/escapehunt.com\/fr\/bordeaux\/blog\/","og_site_name":"Bordeaux","article_modified_time":"2024-02-26T15:57:16+00:00","twitter_card":"summary_large_image","twitter_misc":{"Dur\u00e9e de lecture estim\u00e9e":"8 minutes"},"schema":{"@context":"https:\/\/schema.org","@graph":[{"@type":"WebPage","@id":"https:\/\/escapehunt.com\/fr\/bordeaux\/blog\/","url":"https:\/\/escapehunt.com\/fr\/bordeaux\/blog\/","name":"Escape Hunt Bordeaux Blog - Bordeaux","isPartOf":{"@id":"https:\/\/escapehunt.com\/fr\/bordeaux\/#website"},"datePublished":"2018-11-23T17:01:29+00:00","dateModified":"2024-02-26T15:57:16+00:00","breadcrumb":{"@id":"https:\/\/escapehunt.com\/fr\/bordeaux\/blog\/#breadcrumb"},"inLanguage":"fr-FR","potentialAction":[{"@type":"ReadAction","target":["https:\/\/escapehunt.com\/fr\/bordeaux\/blog\/"]}]},{"@type":"BreadcrumbList","@id":"https:\/\/escapehunt.com\/fr\/bordeaux\/blog\/#breadcrumb","itemListElement":[{"@type":"ListItem","position":1,"name":"Home","item":"https:\/\/escapehunt.com\/fr\/bordeaux\/"},{"@type":"ListItem","position":2,"name":"Escape Hunt Bordeaux Blog"}]},{"@type":"WebSite","@id":"https:\/\/escapehunt.com\/fr\/bordeaux\/#website","url":"https:\/\/escapehunt.com\/fr\/bordeaux\/","name":"Bordeaux","description":"Escape Hunt Bordeaux \u2013 Number 1 Escape Game in Bordeaux","potentialAction":[{"@type":"SearchAction","target":{"@type":"EntryPoint","urlTemplate":"https:\/\/escapehunt.com\/fr\/bordeaux\/?s={search_term_string}"},"query-input":{"@type":"PropertyValueSpecification","valueRequired":true,"valueName":"search_term_string"}}],"inLanguage":"fr-FR"}]}},"custom_schema_json":"","_links":{"self":[{"href":"https:\/\/staging3.escapehunt.com\/fr\/bordeaux\/wp-json\/wp\/v2\/pages\/413","targetHints":{"allow":["GET"]}}],"collection":[{"href":"https:\/\/staging3.escapehunt.com\/fr\/bordeaux\/wp-json\/wp\/v2\/pages"}],"about":[{"href":"https:\/\/staging3.escapehunt.com\/fr\/bordeaux\/wp-json\/wp\/v2\/types\/page"}],"author":[{"embeddable":true,"href":"https:\/\/staging3.escapehunt.com\/fr\/bordeaux\/wp-json\/wp\/v2\/users\/16"}],"replies":[{"embeddable":true,"href":"https:\/\/staging3.escapehunt.com\/fr\/bordeaux\/wp-json\/wp\/v2\/comments?post=413"}],"version-history":[{"count":0,"href":"https:\/\/staging3.escapehunt.com\/fr\/bordeaux\/wp-json\/wp\/v2\/pages\/413\/revisions"}],"wp:attachment":[{"href":"https:\/\/staging3.escapehunt.com\/fr\/bordeaux\/wp-json\/wp\/v2\/media?parent=413"}],"curies":[{"name":"wp","href":"https:\/\/api.w.org\/{rel}","templated":true}]}}