{"id":76,"date":"2018-10-03T09:01:47","date_gmt":"2018-10-03T09:01:47","guid":{"rendered":"http:\/\/s27835.p712.sites.pressdns.com\/fr\/bordeaux\/?page_id=76"},"modified":"2023-11-28T15:50:35","modified_gmt":"2023-11-28T15:50:35","slug":"achetez-un-cheque-cadeau","status":"publish","type":"page","link":"https:\/\/staging3.escapehunt.com\/fr\/bordeaux\/achetez-un-cheque-cadeau\/","title":{"rendered":"OFFREZ UNE PARTIE"},"content":{"rendered":"<h4 style=\"text-align: center;\"><strong>Vous \u00eates \u00e0 la recherche d\u2019une id\u00e9e cadeau originale \u00e0 partager en famille ou entre amis ?<\/strong><\/h4>\n<p style=\"text-align: center;\"><strong>Bon Cadeau :<\/strong> Valable uniquement chez Escape Hunt Bordeaux pour 1, 2, 3, 4, 5 joueurs ou pour nos salles 6 \u00e0 8 au choix.<br \/>\nT\u00e9l\u00e9chargez ici vos mod\u00e8les de cheque cadeau \u00e0 remplir apr\u00e8s achat : <a href=\"https:\/\/staging3.escapehunt.com\/wp-content\/uploads\/sites\/41\/2019\/11\/voucher-2019-Bordeaux-01.jpg\">Recto Choix 1 (anniversaire)<\/a> | <a href=\"https:\/\/staging3.escapehunt.com\/fr\/bordeaux\/wp-content\/uploads\/sites\/41\/2023\/11\/voucher-noel-min.pdf\">Recto Choix 2 (no\u00ebl)<\/a> | <a href=\"https:\/\/staging3.escapehunt.com\/fr\/bordeaux\/wp-content\/uploads\/sites\/41\/2019\/11\/voucher-2019-Bordeaux-02.jpg\">Verso<\/a><\/p>\n","protected":false},"excerpt":{"rendered":"<p>Vous \u00eates \u00e0 la recherche d\u2019une id\u00e9e cadeau originale \u00e0 partager en famille ou entre amis ? Bon Cadeau : Valable uniquement chez Escape Hunt Bordeaux pour 1, 2, 3,&hellip;<\/p>\n","protected":false},"author":12,"featured_media":25168,"parent":0,"menu_order":0,"comment_status":"closed","ping_status":"closed","template":"views\/vouchers.php","meta":{"_acf_changed":false,"footnotes":""},"class_list":["post-76","page","type-page","status-publish","has-post-thumbnail","hentry"],"acf":{"custom_schema_json":""},"yoast_head":"<!-- This site is optimized with the Yoast SEO plugin v27.3 - https:\/\/yoast.com\/product\/yoast-seo-wordpress\/ -->\n<title>? Bon cadeau Escape Game | Escape Hunt Bordeaux<\/title>\n<meta name=\"description\" content=\"Faites plaisir \u00e0 vos proches avec un bon cadeau escape game valable tous les jours, de 10h \u00e0 22h dans votre centre escape game \u00e0 bordeaux.\" \/>\n<meta name=\"robots\" content=\"noindex, follow, max-snippet:-1, max-image-preview:large, max-video-preview:-1\" \/>\n<meta property=\"og:locale\" content=\"fr_FR\" \/>\n<meta property=\"og:type\" content=\"article\" \/>\n<meta property=\"og:title\" content=\"? Bon cadeau Escape Game | Escape Hunt Bordeaux\" \/>\n<meta property=\"og:description\" content=\"Faites plaisir \u00e0 vos proches avec un bon cadeau escape game valable tous les jours, de 10h \u00e0 22h dans votre centre escape game \u00e0 bordeaux.\" \/>\n<meta property=\"og:url\" content=\"https:\/\/escapehunt.com\/fr\/bordeaux\/achetez-un-cheque-cadeau\/\" \/>\n<meta property=\"og:site_name\" content=\"Bordeaux\" \/>\n<meta property=\"article:modified_time\" content=\"2023-11-28T15:50:35+00:00\" \/>\n<meta property=\"og:image\" content=\"https:\/\/escapehunt.com\/fr\/bordeaux\/wp-content\/uploads\/sites\/41\/2019\/03\/Gift-Voucher-2530-x-1240.jpg\" \/>\n\t<meta property=\"og:image:width\" content=\"2530\" \/>\n\t<meta property=\"og:image:height\" content=\"1240\" \/>\n\t<meta property=\"og:image:type\" content=\"image\/jpeg\" \/>\n<meta name=\"twitter:card\" content=\"summary_large_image\" \/>\n<meta name=\"twitter:label1\" content=\"Dur\u00e9e de lecture estim\u00e9e\" \/>\n\t<meta name=\"twitter:data1\" content=\"1 minute\" \/>\n<script type=\"application\/ld+json\" class=\"yoast-schema-graph\">{\"@context\":\"https:\\\/\\\/schema.org\",\"@graph\":[{\"@type\":\"WebPage\",\"@id\":\"https:\\\/\\\/escapehunt.com\\\/fr\\\/bordeaux\\\/achetez-un-cheque-cadeau\\\/\",\"url\":\"https:\\\/\\\/escapehunt.com\\\/fr\\\/bordeaux\\\/achetez-un-cheque-cadeau\\\/\",\"name\":\"? Bon cadeau Escape Game | Escape Hunt Bordeaux\",\"isPartOf\":{\"@id\":\"https:\\\/\\\/escapehunt.com\\\/fr\\\/bordeaux\\\/#website\"},\"primaryImageOfPage\":{\"@id\":\"https:\\\/\\\/escapehunt.com\\\/fr\\\/bordeaux\\\/achetez-un-cheque-cadeau\\\/#primaryimage\"},\"image\":{\"@id\":\"https:\\\/\\\/escapehunt.com\\\/fr\\\/bordeaux\\\/achetez-un-cheque-cadeau\\\/#primaryimage\"},\"thumbnailUrl\":\"https:\\\/\\\/staging3.escapehunt.com\\\/fr\\\/bordeaux\\\/wp-content\\\/uploads\\\/sites\\\/41\\\/2019\\\/03\\\/Gift-Voucher-2530-x-1240.jpg\",\"datePublished\":\"2018-10-03T09:01:47+00:00\",\"dateModified\":\"2023-11-28T15:50:35+00:00\",\"description\":\"Faites plaisir \u00e0 vos proches avec un bon cadeau escape game valable tous les jours, de 10h \u00e0 22h dans votre centre escape game \u00e0 bordeaux.\",\"breadcrumb\":{\"@id\":\"https:\\\/\\\/escapehunt.com\\\/fr\\\/bordeaux\\\/achetez-un-cheque-cadeau\\\/#breadcrumb\"},\"inLanguage\":\"fr-FR\",\"potentialAction\":[{\"@type\":\"ReadAction\",\"target\":[\"https:\\\/\\\/escapehunt.com\\\/fr\\\/bordeaux\\\/achetez-un-cheque-cadeau\\\/\"]}]},{\"@type\":\"ImageObject\",\"inLanguage\":\"fr-FR\",\"@id\":\"https:\\\/\\\/escapehunt.com\\\/fr\\\/bordeaux\\\/achetez-un-cheque-cadeau\\\/#primaryimage\",\"url\":\"https:\\\/\\\/staging3.escapehunt.com\\\/fr\\\/bordeaux\\\/wp-content\\\/uploads\\\/sites\\\/41\\\/2019\\\/03\\\/Gift-Voucher-2530-x-1240.jpg\",\"contentUrl\":\"https:\\\/\\\/staging3.escapehunt.com\\\/fr\\\/bordeaux\\\/wp-content\\\/uploads\\\/sites\\\/41\\\/2019\\\/03\\\/Gift-Voucher-2530-x-1240.jpg\",\"width\":2530,\"height\":1240,\"caption\":\"Bon cadeau escape game bordeaux\"},{\"@type\":\"BreadcrumbList\",\"@id\":\"https:\\\/\\\/escapehunt.com\\\/fr\\\/bordeaux\\\/achetez-un-cheque-cadeau\\\/#breadcrumb\",\"itemListElement\":[{\"@type\":\"ListItem\",\"position\":1,\"name\":\"Home\",\"item\":\"https:\\\/\\\/escapehunt.com\\\/fr\\\/bordeaux\\\/\"},{\"@type\":\"ListItem\",\"position\":2,\"name\":\"OFFREZ UNE PARTIE\"}]},{\"@type\":\"WebSite\",\"@id\":\"https:\\\/\\\/escapehunt.com\\\/fr\\\/bordeaux\\\/#website\",\"url\":\"https:\\\/\\\/escapehunt.com\\\/fr\\\/bordeaux\\\/\",\"name\":\"Bordeaux\",\"description\":\"Escape Hunt Bordeaux \u2013 Number 1 Escape Game in Bordeaux\",\"potentialAction\":[{\"@type\":\"SearchAction\",\"target\":{\"@type\":\"EntryPoint\",\"urlTemplate\":\"https:\\\/\\\/escapehunt.com\\\/fr\\\/bordeaux\\\/?s={search_term_string}\"},\"query-input\":{\"@type\":\"PropertyValueSpecification\",\"valueRequired\":true,\"valueName\":\"search_term_string\"}}],\"inLanguage\":\"fr-FR\"}]}<\/script>\n<!-- \/ Yoast SEO plugin. -->","yoast_head_json":{"title":"? Bon cadeau Escape Game | Escape Hunt Bordeaux","description":"Faites plaisir \u00e0 vos proches avec un bon cadeau escape game valable tous les jours, de 10h \u00e0 22h dans votre centre escape game \u00e0 bordeaux.","robots":{"index":"noindex","follow":"follow","max-snippet":"max-snippet:-1","max-image-preview":"max-image-preview:large","max-video-preview":"max-video-preview:-1"},"og_locale":"fr_FR","og_type":"article","og_title":"? Bon cadeau Escape Game | Escape Hunt Bordeaux","og_description":"Faites plaisir \u00e0 vos proches avec un bon cadeau escape game valable tous les jours, de 10h \u00e0 22h dans votre centre escape game \u00e0 bordeaux.","og_url":"https:\/\/escapehunt.com\/fr\/bordeaux\/achetez-un-cheque-cadeau\/","og_site_name":"Bordeaux","article_modified_time":"2023-11-28T15:50:35+00:00","og_image":[{"width":2530,"height":1240,"url":"https:\/\/escapehunt.com\/fr\/bordeaux\/wp-content\/uploads\/sites\/41\/2019\/03\/Gift-Voucher-2530-x-1240.jpg","type":"image\/jpeg"}],"twitter_card":"summary_large_image","twitter_misc":{"Dur\u00e9e de lecture estim\u00e9e":"1 minute"},"schema":{"@context":"https:\/\/schema.org","@graph":[{"@type":"WebPage","@id":"https:\/\/escapehunt.com\/fr\/bordeaux\/achetez-un-cheque-cadeau\/","url":"https:\/\/escapehunt.com\/fr\/bordeaux\/achetez-un-cheque-cadeau\/","name":"? Bon cadeau Escape Game | Escape Hunt Bordeaux","isPartOf":{"@id":"https:\/\/escapehunt.com\/fr\/bordeaux\/#website"},"primaryImageOfPage":{"@id":"https:\/\/escapehunt.com\/fr\/bordeaux\/achetez-un-cheque-cadeau\/#primaryimage"},"image":{"@id":"https:\/\/escapehunt.com\/fr\/bordeaux\/achetez-un-cheque-cadeau\/#primaryimage"},"thumbnailUrl":"https:\/\/staging3.escapehunt.com\/fr\/bordeaux\/wp-content\/uploads\/sites\/41\/2019\/03\/Gift-Voucher-2530-x-1240.jpg","datePublished":"2018-10-03T09:01:47+00:00","dateModified":"2023-11-28T15:50:35+00:00","description":"Faites plaisir \u00e0 vos proches avec un bon cadeau escape game valable tous les jours, de 10h \u00e0 22h dans votre centre escape game \u00e0 bordeaux.","breadcrumb":{"@id":"https:\/\/escapehunt.com\/fr\/bordeaux\/achetez-un-cheque-cadeau\/#breadcrumb"},"inLanguage":"fr-FR","potentialAction":[{"@type":"ReadAction","target":["https:\/\/escapehunt.com\/fr\/bordeaux\/achetez-un-cheque-cadeau\/"]}]},{"@type":"ImageObject","inLanguage":"fr-FR","@id":"https:\/\/escapehunt.com\/fr\/bordeaux\/achetez-un-cheque-cadeau\/#primaryimage","url":"https:\/\/staging3.escapehunt.com\/fr\/bordeaux\/wp-content\/uploads\/sites\/41\/2019\/03\/Gift-Voucher-2530-x-1240.jpg","contentUrl":"https:\/\/staging3.escapehunt.com\/fr\/bordeaux\/wp-content\/uploads\/sites\/41\/2019\/03\/Gift-Voucher-2530-x-1240.jpg","width":2530,"height":1240,"caption":"Bon cadeau escape game bordeaux"},{"@type":"BreadcrumbList","@id":"https:\/\/escapehunt.com\/fr\/bordeaux\/achetez-un-cheque-cadeau\/#breadcrumb","itemListElement":[{"@type":"ListItem","position":1,"name":"Home","item":"https:\/\/escapehunt.com\/fr\/bordeaux\/"},{"@type":"ListItem","position":2,"name":"OFFREZ UNE PARTIE"}]},{"@type":"WebSite","@id":"https:\/\/escapehunt.com\/fr\/bordeaux\/#website","url":"https:\/\/escapehunt.com\/fr\/bordeaux\/","name":"Bordeaux","description":"Escape Hunt Bordeaux \u2013 Number 1 Escape Game in Bordeaux","potentialAction":[{"@type":"SearchAction","target":{"@type":"EntryPoint","urlTemplate":"https:\/\/escapehunt.com\/fr\/bordeaux\/?s={search_term_string}"},"query-input":{"@type":"PropertyValueSpecification","valueRequired":true,"valueName":"search_term_string"}}],"inLanguage":"fr-FR"}]}},"custom_schema_json":"","_links":{"self":[{"href":"https:\/\/staging3.escapehunt.com\/fr\/bordeaux\/wp-json\/wp\/v2\/pages\/76","targetHints":{"allow":["GET"]}}],"collection":[{"href":"https:\/\/staging3.escapehunt.com\/fr\/bordeaux\/wp-json\/wp\/v2\/pages"}],"about":[{"href":"https:\/\/staging3.escapehunt.com\/fr\/bordeaux\/wp-json\/wp\/v2\/types\/page"}],"author":[{"embeddable":true,"href":"https:\/\/staging3.escapehunt.com\/fr\/bordeaux\/wp-json\/wp\/v2\/users\/12"}],"replies":[{"embeddable":true,"href":"https:\/\/staging3.escapehunt.com\/fr\/bordeaux\/wp-json\/wp\/v2\/comments?post=76"}],"version-history":[{"count":0,"href":"https:\/\/staging3.escapehunt.com\/fr\/bordeaux\/wp-json\/wp\/v2\/pages\/76\/revisions"}],"wp:featuredmedia":[{"embeddable":true,"href":"https:\/\/staging3.escapehunt.com\/fr\/bordeaux\/wp-json\/wp\/v2\/media\/25168"}],"wp:attachment":[{"href":"https:\/\/staging3.escapehunt.com\/fr\/bordeaux\/wp-json\/wp\/v2\/media?parent=76"}],"curies":[{"name":"wp","href":"https:\/\/api.w.org\/{rel}","templated":true}]}}