{"id":81,"date":"2018-10-03T09:18:33","date_gmt":"2018-10-03T09:18:33","guid":{"rendered":"http:\/\/s27835.p712.sites.pressdns.com\/fr\/bordeaux\/?page_id=81"},"modified":"2023-06-12T15:52:34","modified_gmt":"2023-06-12T15:52:34","slug":"booking","status":"publish","type":"page","link":"https:\/\/staging3.escapehunt.com\/fr\/bordeaux\/booking\/","title":{"rendered":"L\u2019AVENTURE COMMENCE ICI"},"content":{"rendered":"<p><span style=\"font-weight: 400;\">Choisissez parmi nos sc\u00e9narios r\u00e9partis sur deux \u00e9tablissements \u00e0 Bordeaux :<br \/>\n<\/span><span style=\"font-weight: 400;\"><br \/>\n<\/span><strong>Gare Saint-Jean<\/strong><span style=\"font-weight: 400;\"> : Jack l\u2019Eventreur, Le Casse de Saint-\u00c9milion, Enferm\u00e9 au Port de la Lune, Black-out ou encore Le Manoir d\u2019HH.Holmes\u00a0<\/span><span style=\"font-weight: 400;\"><br \/>\n<\/span><strong><br \/>\nTourny<\/strong><span style=\"font-weight: 400;\"> : Le Protocole, Massacres et Western<\/span><\/p>\n<p>Une envie de vous \u00e9vader en ville ? D\u00e9couvrez \u00e9galement nos jeux de piste <strong>Urban Quest.\u00a0<\/strong><\/p>\n","protected":false},"excerpt":{"rendered":"<p>Choisissez parmi nos sc\u00e9narios r\u00e9partis sur deux \u00e9tablissements \u00e0 Bordeaux : Gare Saint-Jean : Jack l\u2019Eventreur, Le Casse de Saint-\u00c9milion, Enferm\u00e9 au Port de la Lune, Black-out ou encore Le&hellip;<\/p>\n","protected":false},"author":12,"featured_media":0,"parent":0,"menu_order":0,"comment_status":"closed","ping_status":"closed","template":"views\/booking.php","meta":{"_acf_changed":false,"footnotes":""},"class_list":["post-81","page","type-page","status-publish","hentry"],"acf":{"custom_schema_json":""},"yoast_head":"<!-- This site is optimized with the Yoast SEO plugin v27.3 - https:\/\/yoast.com\/product\/yoast-seo-wordpress\/ -->\n<title>L\u2019AVENTURE COMMENCE ICI - R\u00e9servez votre Escape Game | Escape Hunt Bordeaux<\/title>\n<meta name=\"description\" content=\"R\u00e9servez les jeux incontournables d&#039;Escape Hunt Bordeaux. S\u00e9lectionnez le nombre de participants et r\u00e9servez d\u00e8s aujourd&#039;hui votre exp\u00e9rience Escape Hunt.\" \/>\n<meta name=\"robots\" content=\"noindex, follow, max-snippet:-1, max-image-preview:large, max-video-preview:-1\" \/>\n<meta property=\"og:locale\" content=\"fr_FR\" \/>\n<meta property=\"og:type\" content=\"article\" \/>\n<meta property=\"og:title\" content=\"L\u2019AVENTURE COMMENCE ICI - R\u00e9servez votre Escape Game | Escape Hunt Bordeaux\" \/>\n<meta property=\"og:description\" content=\"R\u00e9servez les jeux incontournables d&#039;Escape Hunt Bordeaux. S\u00e9lectionnez le nombre de participants et r\u00e9servez d\u00e8s aujourd&#039;hui votre exp\u00e9rience Escape Hunt.\" \/>\n<meta property=\"og:url\" content=\"https:\/\/escapehunt.com\/fr\/bordeaux\/booking\/\" \/>\n<meta property=\"og:site_name\" content=\"Bordeaux\" \/>\n<meta property=\"article:modified_time\" content=\"2023-06-12T15:52:34+00:00\" \/>\n<meta name=\"twitter:card\" content=\"summary_large_image\" \/>\n<meta name=\"twitter:label1\" content=\"Dur\u00e9e de lecture estim\u00e9e\" \/>\n\t<meta name=\"twitter:data1\" content=\"1 minute\" \/>\n<script type=\"application\/ld+json\" class=\"yoast-schema-graph\">{\"@context\":\"https:\\\/\\\/schema.org\",\"@graph\":[{\"@type\":\"WebPage\",\"@id\":\"https:\\\/\\\/escapehunt.com\\\/fr\\\/bordeaux\\\/booking\\\/\",\"url\":\"https:\\\/\\\/escapehunt.com\\\/fr\\\/bordeaux\\\/booking\\\/\",\"name\":\"L\u2019AVENTURE COMMENCE ICI - R\u00e9servez votre Escape Game | Escape Hunt Bordeaux\",\"isPartOf\":{\"@id\":\"https:\\\/\\\/escapehunt.com\\\/fr\\\/bordeaux\\\/#website\"},\"datePublished\":\"2018-10-03T09:18:33+00:00\",\"dateModified\":\"2023-06-12T15:52:34+00:00\",\"description\":\"R\u00e9servez les jeux incontournables d'Escape Hunt Bordeaux. S\u00e9lectionnez le nombre de participants et r\u00e9servez d\u00e8s aujourd'hui votre exp\u00e9rience Escape Hunt.\",\"breadcrumb\":{\"@id\":\"https:\\\/\\\/escapehunt.com\\\/fr\\\/bordeaux\\\/booking\\\/#breadcrumb\"},\"inLanguage\":\"fr-FR\",\"potentialAction\":[{\"@type\":\"ReadAction\",\"target\":[\"https:\\\/\\\/escapehunt.com\\\/fr\\\/bordeaux\\\/booking\\\/\"]}]},{\"@type\":\"BreadcrumbList\",\"@id\":\"https:\\\/\\\/escapehunt.com\\\/fr\\\/bordeaux\\\/booking\\\/#breadcrumb\",\"itemListElement\":[{\"@type\":\"ListItem\",\"position\":1,\"name\":\"Home\",\"item\":\"https:\\\/\\\/escapehunt.com\\\/fr\\\/bordeaux\\\/\"},{\"@type\":\"ListItem\",\"position\":2,\"name\":\"L\u2019AVENTURE COMMENCE ICI\"}]},{\"@type\":\"WebSite\",\"@id\":\"https:\\\/\\\/escapehunt.com\\\/fr\\\/bordeaux\\\/#website\",\"url\":\"https:\\\/\\\/escapehunt.com\\\/fr\\\/bordeaux\\\/\",\"name\":\"Bordeaux\",\"description\":\"Escape Hunt Bordeaux \u2013 Number 1 Escape Game in Bordeaux\",\"potentialAction\":[{\"@type\":\"SearchAction\",\"target\":{\"@type\":\"EntryPoint\",\"urlTemplate\":\"https:\\\/\\\/escapehunt.com\\\/fr\\\/bordeaux\\\/?s={search_term_string}\"},\"query-input\":{\"@type\":\"PropertyValueSpecification\",\"valueRequired\":true,\"valueName\":\"search_term_string\"}}],\"inLanguage\":\"fr-FR\"}]}<\/script>\n<!-- \/ Yoast SEO plugin. -->","yoast_head_json":{"title":"L\u2019AVENTURE COMMENCE ICI - R\u00e9servez votre Escape Game | Escape Hunt Bordeaux","description":"R\u00e9servez les jeux incontournables d'Escape Hunt Bordeaux. S\u00e9lectionnez le nombre de participants et r\u00e9servez d\u00e8s aujourd'hui votre exp\u00e9rience Escape Hunt.","robots":{"index":"noindex","follow":"follow","max-snippet":"max-snippet:-1","max-image-preview":"max-image-preview:large","max-video-preview":"max-video-preview:-1"},"og_locale":"fr_FR","og_type":"article","og_title":"L\u2019AVENTURE COMMENCE ICI - R\u00e9servez votre Escape Game | Escape Hunt Bordeaux","og_description":"R\u00e9servez les jeux incontournables d'Escape Hunt Bordeaux. S\u00e9lectionnez le nombre de participants et r\u00e9servez d\u00e8s aujourd'hui votre exp\u00e9rience Escape Hunt.","og_url":"https:\/\/escapehunt.com\/fr\/bordeaux\/booking\/","og_site_name":"Bordeaux","article_modified_time":"2023-06-12T15:52:34+00:00","twitter_card":"summary_large_image","twitter_misc":{"Dur\u00e9e de lecture estim\u00e9e":"1 minute"},"schema":{"@context":"https:\/\/schema.org","@graph":[{"@type":"WebPage","@id":"https:\/\/escapehunt.com\/fr\/bordeaux\/booking\/","url":"https:\/\/escapehunt.com\/fr\/bordeaux\/booking\/","name":"L\u2019AVENTURE COMMENCE ICI - R\u00e9servez votre Escape Game | Escape Hunt Bordeaux","isPartOf":{"@id":"https:\/\/escapehunt.com\/fr\/bordeaux\/#website"},"datePublished":"2018-10-03T09:18:33+00:00","dateModified":"2023-06-12T15:52:34+00:00","description":"R\u00e9servez les jeux incontournables d'Escape Hunt Bordeaux. S\u00e9lectionnez le nombre de participants et r\u00e9servez d\u00e8s aujourd'hui votre exp\u00e9rience Escape Hunt.","breadcrumb":{"@id":"https:\/\/escapehunt.com\/fr\/bordeaux\/booking\/#breadcrumb"},"inLanguage":"fr-FR","potentialAction":[{"@type":"ReadAction","target":["https:\/\/escapehunt.com\/fr\/bordeaux\/booking\/"]}]},{"@type":"BreadcrumbList","@id":"https:\/\/escapehunt.com\/fr\/bordeaux\/booking\/#breadcrumb","itemListElement":[{"@type":"ListItem","position":1,"name":"Home","item":"https:\/\/escapehunt.com\/fr\/bordeaux\/"},{"@type":"ListItem","position":2,"name":"L\u2019AVENTURE COMMENCE ICI"}]},{"@type":"WebSite","@id":"https:\/\/escapehunt.com\/fr\/bordeaux\/#website","url":"https:\/\/escapehunt.com\/fr\/bordeaux\/","name":"Bordeaux","description":"Escape Hunt Bordeaux \u2013 Number 1 Escape Game in Bordeaux","potentialAction":[{"@type":"SearchAction","target":{"@type":"EntryPoint","urlTemplate":"https:\/\/escapehunt.com\/fr\/bordeaux\/?s={search_term_string}"},"query-input":{"@type":"PropertyValueSpecification","valueRequired":true,"valueName":"search_term_string"}}],"inLanguage":"fr-FR"}]}},"custom_schema_json":"","_links":{"self":[{"href":"https:\/\/staging3.escapehunt.com\/fr\/bordeaux\/wp-json\/wp\/v2\/pages\/81","targetHints":{"allow":["GET"]}}],"collection":[{"href":"https:\/\/staging3.escapehunt.com\/fr\/bordeaux\/wp-json\/wp\/v2\/pages"}],"about":[{"href":"https:\/\/staging3.escapehunt.com\/fr\/bordeaux\/wp-json\/wp\/v2\/types\/page"}],"author":[{"embeddable":true,"href":"https:\/\/staging3.escapehunt.com\/fr\/bordeaux\/wp-json\/wp\/v2\/users\/12"}],"replies":[{"embeddable":true,"href":"https:\/\/staging3.escapehunt.com\/fr\/bordeaux\/wp-json\/wp\/v2\/comments?post=81"}],"version-history":[{"count":0,"href":"https:\/\/staging3.escapehunt.com\/fr\/bordeaux\/wp-json\/wp\/v2\/pages\/81\/revisions"}],"wp:attachment":[{"href":"https:\/\/staging3.escapehunt.com\/fr\/bordeaux\/wp-json\/wp\/v2\/media?parent=81"}],"curies":[{"name":"wp","href":"https:\/\/api.w.org\/{rel}","templated":true}]}}