{"id":85,"date":"2018-10-03T09:20:40","date_gmt":"2018-10-03T09:20:40","guid":{"rendered":"http:\/\/s27835.p712.sites.pressdns.com\/fr\/bordeaux\/?page_id=85"},"modified":"2024-02-14T10:25:51","modified_gmt":"2024-02-14T10:25:51","slug":"comment-jouer","status":"publish","type":"page","link":"https:\/\/staging3.escapehunt.com\/fr\/bordeaux\/comment-jouer\/","title":{"rendered":"Comment jouer"},"content":{"rendered":"","protected":false},"excerpt":{"rendered":"","protected":false},"author":12,"featured_media":0,"parent":0,"menu_order":0,"comment_status":"closed","ping_status":"closed","template":"views\/how-to-play.php","meta":{"_acf_changed":false,"footnotes":""},"class_list":["post-85","page","type-page","status-publish","hentry"],"acf":{"custom_schema_json":""},"yoast_head":"<!-- This site is optimized with the Yoast SEO plugin v27.3 - https:\/\/yoast.com\/product\/yoast-seo-wordpress\/ -->\n<title>Qu&#039;est ce qu&#039;un Escape Game ? | Escape Hunt Bordeaux<\/title>\n<meta name=\"description\" content=\"D\u00e9couvrez comment jouer \u00e0 un Escape Game. Constituez votre \u00e9quipe, r\u00e9solvez les \u00e9nigmes et \u00e9chappez vous de la salle ! R\u00e9servations en ligne.\" \/>\n<meta name=\"robots\" content=\"noindex, follow, max-snippet:-1, max-image-preview:large, max-video-preview:-1\" \/>\n<meta property=\"og:locale\" content=\"fr_FR\" \/>\n<meta property=\"og:type\" content=\"article\" \/>\n<meta property=\"og:title\" content=\"Qu&#039;est ce qu&#039;un Escape Game ? | Escape Hunt Bordeaux\" \/>\n<meta property=\"og:description\" content=\"D\u00e9couvrez comment jouer \u00e0 un Escape Game. Constituez votre \u00e9quipe, r\u00e9solvez les \u00e9nigmes et \u00e9chappez vous de la salle ! R\u00e9servations en ligne.\" \/>\n<meta property=\"og:url\" content=\"https:\/\/escapehunt.com\/fr\/bordeaux\/comment-jouer\/\" \/>\n<meta property=\"og:site_name\" content=\"Bordeaux\" \/>\n<meta property=\"article:modified_time\" content=\"2024-02-14T10:25:51+00:00\" \/>\n<meta name=\"twitter:card\" content=\"summary_large_image\" \/>\n<script type=\"application\/ld+json\" class=\"yoast-schema-graph\">{\"@context\":\"https:\\\/\\\/schema.org\",\"@graph\":[{\"@type\":\"WebPage\",\"@id\":\"https:\\\/\\\/escapehunt.com\\\/fr\\\/bordeaux\\\/comment-jouer\\\/\",\"url\":\"https:\\\/\\\/escapehunt.com\\\/fr\\\/bordeaux\\\/comment-jouer\\\/\",\"name\":\"Qu'est ce qu'un Escape Game ? | Escape Hunt Bordeaux\",\"isPartOf\":{\"@id\":\"https:\\\/\\\/escapehunt.com\\\/fr\\\/bordeaux\\\/#website\"},\"datePublished\":\"2018-10-03T09:20:40+00:00\",\"dateModified\":\"2024-02-14T10:25:51+00:00\",\"description\":\"D\u00e9couvrez comment jouer \u00e0 un Escape Game. Constituez votre \u00e9quipe, r\u00e9solvez les \u00e9nigmes et \u00e9chappez vous de la salle ! R\u00e9servations en ligne.\",\"breadcrumb\":{\"@id\":\"https:\\\/\\\/escapehunt.com\\\/fr\\\/bordeaux\\\/comment-jouer\\\/#breadcrumb\"},\"inLanguage\":\"fr-FR\",\"potentialAction\":[{\"@type\":\"ReadAction\",\"target\":[\"https:\\\/\\\/escapehunt.com\\\/fr\\\/bordeaux\\\/comment-jouer\\\/\"]}]},{\"@type\":\"BreadcrumbList\",\"@id\":\"https:\\\/\\\/escapehunt.com\\\/fr\\\/bordeaux\\\/comment-jouer\\\/#breadcrumb\",\"itemListElement\":[{\"@type\":\"ListItem\",\"position\":1,\"name\":\"Home\",\"item\":\"https:\\\/\\\/escapehunt.com\\\/fr\\\/bordeaux\\\/\"},{\"@type\":\"ListItem\",\"position\":2,\"name\":\"Comment jouer\"}]},{\"@type\":\"WebSite\",\"@id\":\"https:\\\/\\\/escapehunt.com\\\/fr\\\/bordeaux\\\/#website\",\"url\":\"https:\\\/\\\/escapehunt.com\\\/fr\\\/bordeaux\\\/\",\"name\":\"Bordeaux\",\"description\":\"Escape Hunt Bordeaux \u2013 Number 1 Escape Game in Bordeaux\",\"potentialAction\":[{\"@type\":\"SearchAction\",\"target\":{\"@type\":\"EntryPoint\",\"urlTemplate\":\"https:\\\/\\\/escapehunt.com\\\/fr\\\/bordeaux\\\/?s={search_term_string}\"},\"query-input\":{\"@type\":\"PropertyValueSpecification\",\"valueRequired\":true,\"valueName\":\"search_term_string\"}}],\"inLanguage\":\"fr-FR\"}]}<\/script>\n<!-- \/ Yoast SEO plugin. -->","yoast_head_json":{"title":"Qu'est ce qu'un Escape Game ? | Escape Hunt Bordeaux","description":"D\u00e9couvrez comment jouer \u00e0 un Escape Game. Constituez votre \u00e9quipe, r\u00e9solvez les \u00e9nigmes et \u00e9chappez vous de la salle ! R\u00e9servations en ligne.","robots":{"index":"noindex","follow":"follow","max-snippet":"max-snippet:-1","max-image-preview":"max-image-preview:large","max-video-preview":"max-video-preview:-1"},"og_locale":"fr_FR","og_type":"article","og_title":"Qu'est ce qu'un Escape Game ? | Escape Hunt Bordeaux","og_description":"D\u00e9couvrez comment jouer \u00e0 un Escape Game. Constituez votre \u00e9quipe, r\u00e9solvez les \u00e9nigmes et \u00e9chappez vous de la salle ! R\u00e9servations en ligne.","og_url":"https:\/\/escapehunt.com\/fr\/bordeaux\/comment-jouer\/","og_site_name":"Bordeaux","article_modified_time":"2024-02-14T10:25:51+00:00","twitter_card":"summary_large_image","schema":{"@context":"https:\/\/schema.org","@graph":[{"@type":"WebPage","@id":"https:\/\/escapehunt.com\/fr\/bordeaux\/comment-jouer\/","url":"https:\/\/escapehunt.com\/fr\/bordeaux\/comment-jouer\/","name":"Qu'est ce qu'un Escape Game ? | Escape Hunt Bordeaux","isPartOf":{"@id":"https:\/\/escapehunt.com\/fr\/bordeaux\/#website"},"datePublished":"2018-10-03T09:20:40+00:00","dateModified":"2024-02-14T10:25:51+00:00","description":"D\u00e9couvrez comment jouer \u00e0 un Escape Game. Constituez votre \u00e9quipe, r\u00e9solvez les \u00e9nigmes et \u00e9chappez vous de la salle ! R\u00e9servations en ligne.","breadcrumb":{"@id":"https:\/\/escapehunt.com\/fr\/bordeaux\/comment-jouer\/#breadcrumb"},"inLanguage":"fr-FR","potentialAction":[{"@type":"ReadAction","target":["https:\/\/escapehunt.com\/fr\/bordeaux\/comment-jouer\/"]}]},{"@type":"BreadcrumbList","@id":"https:\/\/escapehunt.com\/fr\/bordeaux\/comment-jouer\/#breadcrumb","itemListElement":[{"@type":"ListItem","position":1,"name":"Home","item":"https:\/\/escapehunt.com\/fr\/bordeaux\/"},{"@type":"ListItem","position":2,"name":"Comment jouer"}]},{"@type":"WebSite","@id":"https:\/\/escapehunt.com\/fr\/bordeaux\/#website","url":"https:\/\/escapehunt.com\/fr\/bordeaux\/","name":"Bordeaux","description":"Escape Hunt Bordeaux \u2013 Number 1 Escape Game in Bordeaux","potentialAction":[{"@type":"SearchAction","target":{"@type":"EntryPoint","urlTemplate":"https:\/\/escapehunt.com\/fr\/bordeaux\/?s={search_term_string}"},"query-input":{"@type":"PropertyValueSpecification","valueRequired":true,"valueName":"search_term_string"}}],"inLanguage":"fr-FR"}]}},"custom_schema_json":"","_links":{"self":[{"href":"https:\/\/staging3.escapehunt.com\/fr\/bordeaux\/wp-json\/wp\/v2\/pages\/85","targetHints":{"allow":["GET"]}}],"collection":[{"href":"https:\/\/staging3.escapehunt.com\/fr\/bordeaux\/wp-json\/wp\/v2\/pages"}],"about":[{"href":"https:\/\/staging3.escapehunt.com\/fr\/bordeaux\/wp-json\/wp\/v2\/types\/page"}],"author":[{"embeddable":true,"href":"https:\/\/staging3.escapehunt.com\/fr\/bordeaux\/wp-json\/wp\/v2\/users\/12"}],"replies":[{"embeddable":true,"href":"https:\/\/staging3.escapehunt.com\/fr\/bordeaux\/wp-json\/wp\/v2\/comments?post=85"}],"version-history":[{"count":0,"href":"https:\/\/staging3.escapehunt.com\/fr\/bordeaux\/wp-json\/wp\/v2\/pages\/85\/revisions"}],"wp:attachment":[{"href":"https:\/\/staging3.escapehunt.com\/fr\/bordeaux\/wp-json\/wp\/v2\/media?parent=85"}],"curies":[{"name":"wp","href":"https:\/\/api.w.org\/{rel}","templated":true}]}}