{"id":303,"date":"2018-10-22T14:04:23","date_gmt":"2018-10-22T14:04:23","guid":{"rendered":"http:\/\/s27835.p712.sites.pressdns.com\/fr\/bordeaux\/?post_type=product&#038;p=303"},"modified":"2020-01-24T15:07:17","modified_gmt":"2020-01-24T15:07:17","slug":"coffret-cadeau","status":"publish","type":"product","link":"https:\/\/staging3.escapehunt.com\/fr\/bordeaux\/product\/coffret-cadeau\/","title":{"rendered":"COFFRET CADEAU"},"content":{"rendered":"<p>En groupe, entre amis ou en famille, les joueurs devront utiliser toutes leurs capacit\u00e9s de recherche, d\u2019observation et de logique. Au c\u0153ur d\u2019un d\u00e9cor \u00e9tonnant, le moindre indice est essentiel pour r\u00e9soudre l\u2019une des nombreuses \u00e9nigmes et r\u00e9ussir \u00e0 s\u2019\u00e9chapper de l\u2019une des pi\u00e8ces en moins de 60 minutes. Une enqu\u00eate sur le c\u00e9l\u00e8bre Jack l\u2019Eventreur, un meurtre dans l\u2019atelier de C\u00e9zanne ou encore une folle poursuite dans le m\u00e9tropolitain, les d\u00e9tectives en herbe sauront certainement percer tous ces myst\u00e8res \u2026 Il suffira d\u2019entrer le code du coffret sur la plateforme de r\u00e9servation et de choisir son enqu\u00eate ! En fin de partie un d\u00e9briefing autour d\u2019une verre suivi d\u2019une s\u00e9ance photo accessoiris\u00e9e afin que chaque \u00e9quipe puisse repartir de cette exp\u00e9rience captivante avec un souvenir. Que la partie commence !<\/p>\n","protected":false},"excerpt":{"rendered":"<p>(hors frais de port)<\/p>\n","protected":false},"featured_media":338,"comment_status":"open","ping_status":"closed","template":"","meta":{"_acf_changed":false},"product_brand":[],"product_cat":[88,123],"product_tag":[],"class_list":{"0":"post-303","1":"product","2":"type-product","3":"status-publish","4":"has-post-thumbnail","6":"product_cat-uncategorized","7":"product_cat-gift-box","9":"first","10":"instock","11":"virtual","12":"taxable","13":"purchasable","14":"product-type-simple"},"acf":[],"yoast_head":"<!-- This site is optimized with the Yoast SEO plugin v27.3 - https:\/\/yoast.com\/product\/yoast-seo-wordpress\/ -->\n<title>COFFRET CADEAU - Bordeaux<\/title>\n<meta name=\"robots\" content=\"noindex, follow\" \/>\n<meta property=\"og:locale\" content=\"fr_FR\" \/>\n<meta property=\"og:type\" content=\"article\" \/>\n<meta property=\"og:title\" content=\"COFFRET CADEAU - Bordeaux\" \/>\n<meta property=\"og:description\" content=\"(hors frais de port)\" \/>\n<meta property=\"og:url\" content=\"https:\/\/escapehunt.com\/fr\/bordeaux\/product\/coffret-cadeau\/\" \/>\n<meta property=\"og:site_name\" content=\"Bordeaux\" \/>\n<meta property=\"article:modified_time\" content=\"2020-01-24T15:07:17+00:00\" \/>\n<meta property=\"og:image\" content=\"https:\/\/escapehunt.com\/fr\/bordeaux\/wp-content\/uploads\/sites\/41\/2018\/10\/EH-Puzzle-Gift-Voucher_1000px_France.jpg\" \/>\n\t<meta property=\"og:image:width\" content=\"1000\" \/>\n\t<meta property=\"og:image:height\" content=\"1000\" \/>\n\t<meta property=\"og:image:type\" content=\"image\/jpeg\" \/>\n<meta name=\"twitter:card\" content=\"summary_large_image\" \/>\n<meta name=\"twitter:label1\" content=\"Dur\u00e9e de lecture estim\u00e9e\" \/>\n\t<meta name=\"twitter:data1\" content=\"1 minute\" \/>\n<script type=\"application\/ld+json\" class=\"yoast-schema-graph\">{\"@context\":\"https:\\\/\\\/schema.org\",\"@graph\":[{\"@type\":\"WebPage\",\"@id\":\"https:\\\/\\\/escapehunt.com\\\/fr\\\/bordeaux\\\/product\\\/coffret-cadeau\\\/\",\"url\":\"https:\\\/\\\/escapehunt.com\\\/fr\\\/bordeaux\\\/product\\\/coffret-cadeau\\\/\",\"name\":\"COFFRET CADEAU - Bordeaux\",\"isPartOf\":{\"@id\":\"https:\\\/\\\/escapehunt.com\\\/fr\\\/bordeaux\\\/#website\"},\"primaryImageOfPage\":{\"@id\":\"https:\\\/\\\/escapehunt.com\\\/fr\\\/bordeaux\\\/product\\\/coffret-cadeau\\\/#primaryimage\"},\"image\":{\"@id\":\"https:\\\/\\\/escapehunt.com\\\/fr\\\/bordeaux\\\/product\\\/coffret-cadeau\\\/#primaryimage\"},\"thumbnailUrl\":\"https:\\\/\\\/staging3.escapehunt.com\\\/fr\\\/bordeaux\\\/wp-content\\\/uploads\\\/sites\\\/41\\\/2018\\\/10\\\/EH-Puzzle-Gift-Voucher_1000px_France.jpg\",\"datePublished\":\"2018-10-22T14:04:23+00:00\",\"dateModified\":\"2020-01-24T15:07:17+00:00\",\"breadcrumb\":{\"@id\":\"https:\\\/\\\/escapehunt.com\\\/fr\\\/bordeaux\\\/product\\\/coffret-cadeau\\\/#breadcrumb\"},\"inLanguage\":\"fr-FR\",\"potentialAction\":[{\"@type\":\"ReadAction\",\"target\":[\"https:\\\/\\\/escapehunt.com\\\/fr\\\/bordeaux\\\/product\\\/coffret-cadeau\\\/\"]}]},{\"@type\":\"ImageObject\",\"inLanguage\":\"fr-FR\",\"@id\":\"https:\\\/\\\/escapehunt.com\\\/fr\\\/bordeaux\\\/product\\\/coffret-cadeau\\\/#primaryimage\",\"url\":\"https:\\\/\\\/staging3.escapehunt.com\\\/fr\\\/bordeaux\\\/wp-content\\\/uploads\\\/sites\\\/41\\\/2018\\\/10\\\/EH-Puzzle-Gift-Voucher_1000px_France.jpg\",\"contentUrl\":\"https:\\\/\\\/staging3.escapehunt.com\\\/fr\\\/bordeaux\\\/wp-content\\\/uploads\\\/sites\\\/41\\\/2018\\\/10\\\/EH-Puzzle-Gift-Voucher_1000px_France.jpg\",\"width\":1000,\"height\":1000},{\"@type\":\"BreadcrumbList\",\"@id\":\"https:\\\/\\\/escapehunt.com\\\/fr\\\/bordeaux\\\/product\\\/coffret-cadeau\\\/#breadcrumb\",\"itemListElement\":[{\"@type\":\"ListItem\",\"position\":1,\"name\":\"Home\",\"item\":\"https:\\\/\\\/escapehunt.com\\\/fr\\\/bordeaux\\\/\"},{\"@type\":\"ListItem\",\"position\":2,\"name\":\"COFFRET CADEAU\"}]},{\"@type\":\"WebSite\",\"@id\":\"https:\\\/\\\/escapehunt.com\\\/fr\\\/bordeaux\\\/#website\",\"url\":\"https:\\\/\\\/escapehunt.com\\\/fr\\\/bordeaux\\\/\",\"name\":\"Bordeaux\",\"description\":\"Escape Hunt Bordeaux \u2013 Number 1 Escape Game in Bordeaux\",\"potentialAction\":[{\"@type\":\"SearchAction\",\"target\":{\"@type\":\"EntryPoint\",\"urlTemplate\":\"https:\\\/\\\/escapehunt.com\\\/fr\\\/bordeaux\\\/?s={search_term_string}\"},\"query-input\":{\"@type\":\"PropertyValueSpecification\",\"valueRequired\":true,\"valueName\":\"search_term_string\"}}],\"inLanguage\":\"fr-FR\"}]}<\/script>\n<!-- \/ Yoast SEO plugin. -->","yoast_head_json":{"title":"COFFRET CADEAU - Bordeaux","robots":{"index":"noindex","follow":"follow"},"og_locale":"fr_FR","og_type":"article","og_title":"COFFRET CADEAU - Bordeaux","og_description":"(hors frais de port)","og_url":"https:\/\/escapehunt.com\/fr\/bordeaux\/product\/coffret-cadeau\/","og_site_name":"Bordeaux","article_modified_time":"2020-01-24T15:07:17+00:00","og_image":[{"width":1000,"height":1000,"url":"https:\/\/escapehunt.com\/fr\/bordeaux\/wp-content\/uploads\/sites\/41\/2018\/10\/EH-Puzzle-Gift-Voucher_1000px_France.jpg","type":"image\/jpeg"}],"twitter_card":"summary_large_image","twitter_misc":{"Dur\u00e9e de lecture estim\u00e9e":"1 minute"},"schema":{"@context":"https:\/\/schema.org","@graph":[{"@type":"WebPage","@id":"https:\/\/escapehunt.com\/fr\/bordeaux\/product\/coffret-cadeau\/","url":"https:\/\/escapehunt.com\/fr\/bordeaux\/product\/coffret-cadeau\/","name":"COFFRET CADEAU - Bordeaux","isPartOf":{"@id":"https:\/\/escapehunt.com\/fr\/bordeaux\/#website"},"primaryImageOfPage":{"@id":"https:\/\/escapehunt.com\/fr\/bordeaux\/product\/coffret-cadeau\/#primaryimage"},"image":{"@id":"https:\/\/escapehunt.com\/fr\/bordeaux\/product\/coffret-cadeau\/#primaryimage"},"thumbnailUrl":"https:\/\/staging3.escapehunt.com\/fr\/bordeaux\/wp-content\/uploads\/sites\/41\/2018\/10\/EH-Puzzle-Gift-Voucher_1000px_France.jpg","datePublished":"2018-10-22T14:04:23+00:00","dateModified":"2020-01-24T15:07:17+00:00","breadcrumb":{"@id":"https:\/\/escapehunt.com\/fr\/bordeaux\/product\/coffret-cadeau\/#breadcrumb"},"inLanguage":"fr-FR","potentialAction":[{"@type":"ReadAction","target":["https:\/\/escapehunt.com\/fr\/bordeaux\/product\/coffret-cadeau\/"]}]},{"@type":"ImageObject","inLanguage":"fr-FR","@id":"https:\/\/escapehunt.com\/fr\/bordeaux\/product\/coffret-cadeau\/#primaryimage","url":"https:\/\/staging3.escapehunt.com\/fr\/bordeaux\/wp-content\/uploads\/sites\/41\/2018\/10\/EH-Puzzle-Gift-Voucher_1000px_France.jpg","contentUrl":"https:\/\/staging3.escapehunt.com\/fr\/bordeaux\/wp-content\/uploads\/sites\/41\/2018\/10\/EH-Puzzle-Gift-Voucher_1000px_France.jpg","width":1000,"height":1000},{"@type":"BreadcrumbList","@id":"https:\/\/escapehunt.com\/fr\/bordeaux\/product\/coffret-cadeau\/#breadcrumb","itemListElement":[{"@type":"ListItem","position":1,"name":"Home","item":"https:\/\/escapehunt.com\/fr\/bordeaux\/"},{"@type":"ListItem","position":2,"name":"COFFRET CADEAU"}]},{"@type":"WebSite","@id":"https:\/\/escapehunt.com\/fr\/bordeaux\/#website","url":"https:\/\/escapehunt.com\/fr\/bordeaux\/","name":"Bordeaux","description":"Escape Hunt Bordeaux \u2013 Number 1 Escape Game in Bordeaux","potentialAction":[{"@type":"SearchAction","target":{"@type":"EntryPoint","urlTemplate":"https:\/\/escapehunt.com\/fr\/bordeaux\/?s={search_term_string}"},"query-input":{"@type":"PropertyValueSpecification","valueRequired":true,"valueName":"search_term_string"}}],"inLanguage":"fr-FR"}]}},"_links":{"self":[{"href":"https:\/\/staging3.escapehunt.com\/fr\/bordeaux\/wp-json\/wp\/v2\/product\/303","targetHints":{"allow":["GET"]}}],"collection":[{"href":"https:\/\/staging3.escapehunt.com\/fr\/bordeaux\/wp-json\/wp\/v2\/product"}],"about":[{"href":"https:\/\/staging3.escapehunt.com\/fr\/bordeaux\/wp-json\/wp\/v2\/types\/product"}],"replies":[{"embeddable":true,"href":"https:\/\/staging3.escapehunt.com\/fr\/bordeaux\/wp-json\/wp\/v2\/comments?post=303"}],"wp:featuredmedia":[{"embeddable":true,"href":"https:\/\/staging3.escapehunt.com\/fr\/bordeaux\/wp-json\/wp\/v2\/media\/338"}],"wp:attachment":[{"href":"https:\/\/staging3.escapehunt.com\/fr\/bordeaux\/wp-json\/wp\/v2\/media?parent=303"}],"wp:term":[{"taxonomy":"product_brand","embeddable":true,"href":"https:\/\/staging3.escapehunt.com\/fr\/bordeaux\/wp-json\/wp\/v2\/product_brand?post=303"},{"taxonomy":"product_cat","embeddable":true,"href":"https:\/\/staging3.escapehunt.com\/fr\/bordeaux\/wp-json\/wp\/v2\/product_cat?post=303"},{"taxonomy":"product_tag","embeddable":true,"href":"https:\/\/staging3.escapehunt.com\/fr\/bordeaux\/wp-json\/wp\/v2\/product_tag?post=303"}],"curies":[{"name":"wp","href":"https:\/\/api.w.org\/{rel}","templated":true}]}}