{"id":140,"date":"2018-10-03T12:41:20","date_gmt":"2018-10-03T12:41:20","guid":{"rendered":"http:\/\/s27835.p712.sites.pressdns.com\/fr\/bordeaux\/?page_id=140"},"modified":"2024-03-08T13:23:35","modified_gmt":"2024-03-08T13:23:35","slug":"conditions-generales","status":"publish","type":"page","link":"https:\/\/staging3.escapehunt.com\/fr\/clermont-ferrand\/conditions-generales\/","title":{"rendered":"CONDITIONS G\u00c9N\u00c9RALES"},"content":{"rendered":"<p>Pour utiliser notre site Web et venir jouer \u00e0 nos jeux, il est n\u00e9cessaire de valider l\u2019acceptation de ce qui suit:<\/p>\n<p>1. G\u00c9N\u00c9RAL<\/p>\n<p>1.1. Rien dans ces termes et conditions n\u2019est destin\u00e9 \u00e0 vous causer perte de droits ou inconv\u00e9nients.<\/p>\n<p>1.2. Le jeu est con\u00e7u pour une \u00e9quipe de 2-5 personnes par pi\u00e8ce. Vous avez de la place pour vous-m\u00eame et vos compagnons de jeux mais vous ne rejoignez pas un groupe pr\u00e9-existant.<\/p>\n<p>1.3. Les marques et logos figurant sur le site sont la propri\u00e9t\u00e9 de Escape Hunt Clermont-Ferrand. Vous n\u2019\u00eates pas autoris\u00e9 \u00e0 utiliser ceux-ci sans l\u2019autorisation \u00e9crite pr\u00e9alable de Escape Hunt Clermont-Ferrand et vous acceptez que cette utilisation puisse constituer une violation des droits du propri\u00e9taire concern\u00e9.<\/p>\n<p>1.4. Ces termes et conditions et tout contrat conclu incorporant ces termes et conditions sont r\u00e9gis par le droit fran\u00e7ais et tout litige sera soumis \u00e0 la comp\u00e9tence exclusive des tribunaux fran\u00e7ais.<\/p>\n<p>1.5. Tous les termes de ce contrat sont inclus et se trouvent \u00e0 l\u2019int\u00e9rieur de ces termes et conditions.<\/p>\n<p>1.6. Nous pouvons cr\u00e9er un lien vers d\u2019autres sites et nous ne pouvons accepter aucune responsabilit\u00e9 pour cela, vous les utilisez \u00e0 vos propres risques.<\/p>\n<p>1.7. Escape Hunt Clermont-Ferrand recueille et stocke vos donn\u00e9es personnelles sans les divulguer \u00e0 une tierce partie, et s\u2019assure de la confidentialit\u00e9 de vos renseignements personnels.<\/p>\n<p>1.8. En raison de la nature du jeu, aucune photo ou enregistrement ne peuvent \u00eatre pris \u00e0 l\u2019int\u00e9rieur de la salle.<\/p>\n<p>1.9. Escape Hunt Clermont-Ferrand attend de ses visiteurs et clients qu\u2019ils ne divulguent pas les d\u00e9tails du jeu directement ou indirectement au public.<\/p>\n<p>1.10. Escape Hunt Clermont-Ferrand peut vous contacter de temps \u00e0 autre avec des offres et des promotions par e-mail ou par t\u00e9l\u00e9phone.<\/p>\n<p>1.11. Escape Hunt Clermont-Ferrand est en droit de facturer les clients pour tout dommage, qu\u2019ils soient intentionnels ou caus\u00e9s par une mauvaise utilisation des articles.<\/p>\n<p>1.12. Pendant que vous \u00eates dans nos locaux, vous devez suivre nos r\u00e8gles et r\u00e8glements, adopter des normes appropri\u00e9es de comportement, et de coop\u00e9rer avec nos employ\u00e9s en tout temps.<\/p>\n<p>1.13. Escape Hunt Clermont-Ferrand ne tol\u00e8re aucune forme de harc\u00e8lement ou d\u2019intimidation envers ses employ\u00e9s.<\/p>\n<p>1.14\u00a0Dans la prestation, Escape Hunt Clermont-Ferrand pourra vous offrir des boissons soft \u00e0 la fin de votre partie dans la limite d\u2019une par personne.<\/p>\n<p>2. Le Site internet Escape Hunt Clermont-Ferrand<\/p>\n<p>2.1. Le site https:\/\/clermont-ferrand.escapehunt.com\/ est d\u00e9tenu et exploit\u00e9 par The Escape Hunt Experience LTD. La soci\u00e9t\u00e9 se r\u00e9serve le droit de modifier ou de modifier ces termes et conditions, y compris tout le contenu du site Web de temps \u00e0 autre \u00e0 sa seule discr\u00e9tion et sans pr\u00e9avis.<\/p>\n<p>2.2. Les termes ci-apr\u00e8s s\u2019appliquent \u00e0 l\u2019utilisation par tout visiteur du site internet et doivent \u00eatre lus attentivement avant toute utilisation.<\/p>\n<p>2.3. Escape Hunt Clermont-Ferrand s\u2019engage \u00e0 vous fournir l\u2019information la plus \u00e0 jour possible sur son site Internet.<\/p>\n<p>2.4. Le site internet est pour votre usage personnel et non commercial. Vous ne pouvez pas modifier, copier, distribuer, transmettre, afficher, ex\u00e9cuter, reproduire, publier, licencier, cr\u00e9er des \u0153uvres d\u00e9riv\u00e9es, transf\u00e9rer ou vendre toute information obtenue \u00e0 partir de ce site.<\/p>\n<p>2.5. Vous n\u2019\u00eates pas autoris\u00e9(e) \u00e0 cr\u00e9er un lien vers ou d\u2019utiliser tout ou partie du site internet \u00e0 toute fin ill\u00e9gale.<\/p>\n<p>2.6. Vous acceptez que le site Internet ne soit pas enti\u00e8rement s\u00e9curis\u00e9. Escape Hunt Clermont-Ferrand prendra toutes les mesures appropri\u00e9es pour prot\u00e9ger la s\u00e9curit\u00e9 des informations de paiement et de cartes de cr\u00e9dit \/ d\u00e9bit \u00a0et Escape Hunt Clermont-Ferrand ne sera pas responsable de tout dommage que vous pouvez subir \u00e0 la suite de la perte de la confidentialit\u00e9 de ces renseignements.<\/p>\n<p>2.7. Escape Hunt Clermont-Ferrand ne sera pas responsable envers toute personne pour des dommages directs ou indirects, cons\u00e9cutifs ou fortuits, y compris (sans limitation) de b\u00e9n\u00e9fices ou de revenus, de co\u00fbts de biens ou de services de remplacement, perte ou endommagement de donn\u00e9es ou l\u2019interruption d\u2019affaires perdues, d\u00e9coulant de toute utilisation du site.<\/p>\n<p>3. R\u00c9SERVATIONS<\/p>\n<p>3.1. La seule langue disponible pour la conclusion d\u2019un contrat de r\u00e9servation en ligne est l\u2019anglais. Ces conditions g\u00e9n\u00e9rales en fran\u00e7ais sont donn\u00e9es \u00e0 titre informatif.<\/p>\n<p>3.2. Seules la\/les personne(s) qui ont au moins 18 ans sont autoris\u00e9es \u00e0 r\u00e9server un jeu.<\/p>\n<p>3.3. Il est de votre responsabilit\u00e9 de v\u00e9rifier que tous les jeux qui vous sont pr\u00e9sent\u00e9s sont exacts.<\/p>\n<p>3.4. Tout achat d\u2019un jeu est uniquement valide lorsque trait\u00e9 par Escape Hunt Clermont-Ferrand.<\/p>\n<p>3.5. Nous ne permettons pas le transfert de jeux \u00e0 une autre partie. Vous devez nous contacter pour des cas particuliers.<\/p>\n<p>3.6. Les jeux ne peuvent \u00eatre transf\u00e9r\u00e9s ou revendus \u00e0 des fins commerciales. Si un jeu est transf\u00e9r\u00e9 ou revendu en violation de cette condition, le porteur du jeu ou de la personne qui revendique le droit d\u2019assister \u00e0 l\u2019\u00e9v\u00e9nement se verra refuser l\u2019entr\u00e9e.<\/p>\n<p>3.7. Vous \u00eates enti\u00e8rement responsable de l\u2019entr\u00e9e de vos coordonn\u00e9es \u00a0sur le formulaire de r\u00e9servation en ligne. En soumettant un formulaire de r\u00e9servation en ligne vous garantissez \u00e0 Escape Hunt Clermont-Ferrand que tous les d\u00e9tails fournis par vous sont v\u00e9ridiques et exacts.<\/p>\n<p>3.8. L&rsquo;adresse mail renseign\u00e9e lors de votre r\u00e9servation sera utilis\u00e9e pour l&rsquo;envoi de newsletters (un envoi par mois maximum). Si vous ne souhaitez plus les recevoir, vous pourrez vous d\u00e9sabonner en cliquant sur l&rsquo;option correspondante tout en bas de la newsletter.<\/p>\n<p>3.9. Vous recevrez la confirmation de votre r\u00e9servation par courriel uniquement. Escape Hunt Clermont-Ferrand n\u2019envoie pas de confirmation par la poste ni par t\u00e9l\u00e9phone ni par SMS.<\/p>\n<p>3.10. Les r\u00e9servations en ligne peuvent \u00eatre faites qu\u2019\u00e0 un nombre d\u00e9termin\u00e9 d\u2019heures ou de jours \u00e0 l\u2019avance. Pour plus de renseignements ou en dehors de ces contraintes, veuillez s\u2019il vous pla\u00eet contacter Escape Hunt Clermont-Ferrand par courriel ou par t\u00e9l\u00e9phone.<\/p>\n<p>3.11. Une r\u00e9servation devient caduque et l\u2019entr\u00e9e pourra \u00eatre refus\u00e9e si l\u2019\u00e9quipe a 15 minutes ou plus de retard. Dans une telle situation, l\u2019argent est non remboursable et la r\u00e9servation est non modifiable.<\/p>\n<p>3.12. Toutes les r\u00e9servations sont d\u00e9finitives car cela est un jeu LIVE. Aucun changement, annulation ou report ne sont autoris\u00e9s. Dans le cas peu probable o\u00f9 nous offrons une re-planification, modification, \u00a0ou tout autre service, des frais d\u2019administration seront factur\u00e9s \u00e0 hauteur de 15\u20ac.<\/p>\n<p>3.13. Force Majeure : Escape Hunt Clermont-Ferrand n\u2019est pas responsable des retards ou obstacles causant le retard de votre arriv\u00e9e (mauvais temps, les gr\u00e8ves, les inondations, les embouteillages, les troubles civils ou de toute autre raison). Il est de votre responsabilit\u00e9 d\u2019arriver \u00e0 temps pour votre r\u00e9servation.<\/p>\n<p>4. PRIX ET PAIEMENT<\/p>\n<p>4.1. Le prix (avec la TVA appropri\u00e9e) d\u2019un jeu par personne est indiqu\u00e9 sur le site Escape Hunt Clermont-Ferrand dans la section de r\u00e9servation.<\/p>\n<p>4.2. Le prix est fix\u00e9 en fonction du nombre de personnes dans une salle\u00a0(2 \u00e0 5 personnes).<\/p>\n<p>4.3. Les r\u00e9servations peuvent \u00eatre faites en ligne sur le site internet de Escape Hunt Clermont-Ferrand, par t\u00e9l\u00e9phone ou en personne \u00e0 la succursale.<\/p>\n<p>4.4. La liste des diff\u00e9rents moyens de paiement qui sont accept\u00e9s sur le site (cartes de cr\u00e9dit ou de d\u00e9bit, virement, etc..) est pr\u00e9cis\u00e9e sur le site de r\u00e9servation.<\/p>\n<p>4.5. Le paiement complet est exig\u00e9 au moment de la r\u00e9servation ou peut \u00eatre fait au moment de la visite, mais une carte de cr\u00e9dit sera n\u00e9cessaire pour le garantir.<\/p>\n<p>4.6. L\u2019exp\u00e9rience Escape Hunt Clermont-Ferrand est un \u00e9v\u00e9nement en direct (LIVE) donc une fois que la r\u00e9servation est confirm\u00e9e, aucun remboursement, annulation ou report ne sont accept\u00e9s \u00e0 moins de 72h de l\u2019activit\u00e9.<\/p>\n<p>4.7. Si moins de gens que pr\u00e9vu viennent \u00e0 l\u2019\u00e9v\u00e9nement, la diff\u00e9rence de prix ne sera pas rembours\u00e9e.<\/p>\n<p>4.8. Si plus de gens que pr\u00e9vu sont pr\u00e9sents (jusqu\u2019\u00e0 5 personnes pour une salle de jeu), le suppl\u00e9ment peut \u00eatre r\u00e9gl\u00e9 sur place le jour J en esp\u00e8ces, ch\u00e8que, ch\u00e8ques ANCV ou carte bancaire.<\/p>\n<p>5. CONTACT<\/p>\n<p>Si vous avez besoin de contacter Escape Hunt Clermont-Ferrand, vous pouvez le faire en utilisant l\u2019une des m\u00e9thodes suivantes:<\/p>\n<p class=\"p1\"><span class=\"s1\">Escape Hunt Clermont-Ferrand<\/span><\/p>\n<p>SAS B&amp;T Experience<\/p>\n<p class=\"p1\"><span class=\"s1\">108 avenue du Brezet,<\/span><\/p>\n<p>63100 Clermont-Ferrand<\/p>\n<p class=\"p1\"><span class=\"s1\">Siret 81390441400022<\/span><\/p>\n<p class=\"p1\"><span class=\"s1\">TVA\u00a0<\/span>FR57813904414<\/p>\n<p class=\"p1\"><span class=\"s1\">\u2013 email:\u00a0clermont-ferrand.manager@escapehunt.com<\/span><\/p>\n<p class=\"p1\"><span class=\"s1\">\u2013 t\u00e9l\u00e9phone: 09 83 59 60 90<\/span><\/p>\n<p>6. S\u00c9CURIT\u00c9 ET PLAISIR<\/p>\n<p>6.1. Chaque joueur de l\u2019exp\u00e9rience Escape Hunt Clermont-Ferrand sera pris en charge avant et pendant leur jeu par des ma\u00eetres du jeu (Game Master). Apr\u00e8s avoir appris les r\u00e8gles du jeu, chaque joueur participera au jeu \u00e0 ses propres risques. En outre, Escape Hunt Clermont-Ferrand n\u2019est pas responsable des dommages (corporels ou mat\u00e9riels) caus\u00e9s par une utilisation inappropri\u00e9e de la salle de jeu ou pour n\u2019avoir pas suivit \u00a0les r\u00e8gles d\u00e9crites avant le jeu par le Game Master.<\/p>\n<p>6.2. Si vous \u00eates en retard de plus de 15 minutes par rapport \u00e0 l\u2019heure pr\u00e9vue lors de \u00a0votre r\u00e9servation, la r\u00e9servation devient caduque automatiquement et vous ne serez pas en mesure de commencer votre jeu. Pour un changement de r\u00e9servation si celui-ci est accept\u00e9, il sera fait avec des frais et suivant les disponibilit\u00e9s.<\/p>\n<p>6.3. Les personnes sous l\u2019influence de l\u2019alcool ou de m\u00e9dicaments non prescrits pourraient se voir refuser l\u2019acc\u00e8s \u00e0 nos salles de jeu ou notre \u00e9tablissement.\u00a0Nous nous r\u00e9servons le droit de refuser l\u2019entr\u00e9e \u00e0 toute personne qui est inapte, abusive ou inappropri\u00e9e de quelque fa\u00e7on \u00e0 la seule discr\u00e9tion des propri\u00e9taires et du personnel de Escape Hunt Clermont-Ferrand.<\/p>\n<p>6.4. Boissons et aliments ne peuvent \u00eatre introduits dans les salles de jeux ou de r\u00e9ception.<\/p>\n<p>6.5. Pour \u00eatre admis, vous devez confirmer le nom complet de la personne qui r\u00e9serve et celle-ci pourrait \u00eatre invit\u00e9 \u00e0 confirmer le num\u00e9ro de t\u00e9l\u00e9phone et l\u2019adresse e-mail ainsi que de montrer un passeport ou une carte d\u2019identit\u00e9 ainsi qu\u2019une carte de cr\u00e9dit.<\/p>\n<p>6.6. Pour des raisons de s\u00e9curit\u00e9, les enfants de moins de 7 ans ne sont pas autoris\u00e9s \u00e0 entrer dans la r\u00e9ception ou dans les salles de jeux. Tous les enfants de moins de 16 ans doivent \u00eatre accompagn\u00e9s par au moins un adulte en tout temps.<\/p>\n<p>6.7. La taille du lobby de r\u00e9ception \u00e9tant limit\u00e9e, il est demand\u00e9 aux joueurs de Escape Hunt Clermont-Ferrand d\u2019arriver \u00e0 l&rsquo;heure exacte de votre r\u00e9servation afin que le Game Master puisse bien prendre en charge les joueurs, leur expliquer en d\u00e9tail la nature du jeu, ses risques et contraintes afin de rendre l\u2019exp\u00e9rience agr\u00e9able et sans danger.<\/p>\n<p>6.8. Escape Hunt Clermont-Ferrand recommande \u00e0 ses clients de porter des v\u00eatements confortables pour le jeu.<\/p>\n<p>6.9. Escape Hunt Experience Clermont-Ferrand a un dispositif de streaming live sur chacune de ses salles afin d\u2019assurer la s\u00e9curit\u00e9 des joueurs pendant leur partie dans la salle. Ce dispositif de vid\u00e9o et audio surveillance permet \u00e9galement de fournir des indices durant la partie. Les joueurs sont pr\u00e9venus avant de l\u2019existence du syst\u00e8me de vid\u00e9o et audio surveillance. Escape Hunt Clermont-Ferrand certifie ne pas garder les bandes des parties.<\/p>\n<p>7. DROITS D\u2019AUTEUR ET CONFIDENTIEL<\/p>\n<p>7.1. Tous les noms, dessins et slogans utilis\u00e9s sur le site, dans toute activit\u00e9 de marketing et dans les locaux sont la propri\u00e9t\u00e9 de Escape Hunt Clermont-Ferrand et ses propri\u00e9taires. Aucune utilisation ou reproduction de quelque nature que ce soit n\u2019est autoris\u00e9e.<br \/>\n7.2. Tous les joueurs d\u2019Escape Hunt Clermont-Ferrand conviennent de ne pas discuter, divulguer ou distribuer toute information concernant le contenu des jeux ou toute autre information exclusive. En jouant aux jeux, tous les joueurs sont d\u2019accord pour ne pas transmettre cette information ou ils rendront eux-m\u00eames passibles de poursuites en vertu de la violation des r\u00e8gles de confidentialit\u00e9.<\/p>\n<p>&nbsp;<\/p>\n<p>Escape Hunt Clermont-Ferrand<\/p>\n","protected":false},"excerpt":{"rendered":"<p>Pour utiliser notre site Web et venir jouer \u00e0 nos jeux, il est n\u00e9cessaire de valider l\u2019acceptation de ce qui suit: 1. G\u00c9N\u00c9RAL 1.1. Rien dans ces termes et conditions&hellip;<\/p>\n","protected":false},"author":12,"featured_media":0,"parent":0,"menu_order":0,"comment_status":"closed","ping_status":"closed","template":"","meta":{"_acf_changed":false,"footnotes":""},"class_list":["post-140","page","type-page","status-publish","hentry"],"acf":{"custom_schema_json":""},"yoast_head":"<!-- This site is optimized with the Yoast SEO plugin v27.3 - https:\/\/yoast.com\/product\/yoast-seo-wordpress\/ -->\n<title>CONDITIONS G\u00c9N\u00c9RALES | Escape Hunt Clermont-Ferrand<\/title>\n<meta name=\"description\" content=\"Prenez connaissance de nos conditions g\u00e9n\u00e9rales de vente avant votre r\u00e9servation chez Escape Hunt Clermont-Ferrand.\" \/>\n<meta name=\"robots\" content=\"noindex, follow, max-snippet:-1, max-image-preview:large, max-video-preview:-1\" \/>\n<meta property=\"og:locale\" content=\"fr_FR\" \/>\n<meta property=\"og:type\" content=\"article\" \/>\n<meta property=\"og:title\" content=\"CONDITIONS G\u00c9N\u00c9RALES | Escape Hunt Clermont-Ferrand\" \/>\n<meta property=\"og:description\" content=\"Prenez connaissance de nos conditions g\u00e9n\u00e9rales de vente avant votre r\u00e9servation chez Escape Hunt Clermont-Ferrand.\" \/>\n<meta property=\"og:url\" content=\"https:\/\/escapehunt.com\/fr\/clermont-ferrand\/conditions-generales\/\" \/>\n<meta property=\"og:site_name\" content=\"Clermont-Ferrand\" \/>\n<meta property=\"article:modified_time\" content=\"2024-03-08T13:23:35+00:00\" \/>\n<meta name=\"twitter:card\" content=\"summary_large_image\" \/>\n<meta name=\"twitter:label1\" content=\"Dur\u00e9e de lecture estim\u00e9e\" \/>\n\t<meta name=\"twitter:data1\" content=\"10 minutes\" \/>\n<script type=\"application\/ld+json\" class=\"yoast-schema-graph\">{\"@context\":\"https:\\\/\\\/schema.org\",\"@graph\":[{\"@type\":\"WebPage\",\"@id\":\"https:\\\/\\\/escapehunt.com\\\/fr\\\/clermont-ferrand\\\/conditions-generales\\\/\",\"url\":\"https:\\\/\\\/escapehunt.com\\\/fr\\\/clermont-ferrand\\\/conditions-generales\\\/\",\"name\":\"CONDITIONS G\u00c9N\u00c9RALES | Escape Hunt Clermont-Ferrand\",\"isPartOf\":{\"@id\":\"https:\\\/\\\/escapehunt.com\\\/fr\\\/clermont-ferrand\\\/#website\"},\"datePublished\":\"2018-10-03T12:41:20+00:00\",\"dateModified\":\"2024-03-08T13:23:35+00:00\",\"description\":\"Prenez connaissance de nos conditions g\u00e9n\u00e9rales de vente avant votre r\u00e9servation chez Escape Hunt Clermont-Ferrand.\",\"breadcrumb\":{\"@id\":\"https:\\\/\\\/escapehunt.com\\\/fr\\\/clermont-ferrand\\\/conditions-generales\\\/#breadcrumb\"},\"inLanguage\":\"fr-FR\",\"potentialAction\":[{\"@type\":\"ReadAction\",\"target\":[\"https:\\\/\\\/escapehunt.com\\\/fr\\\/clermont-ferrand\\\/conditions-generales\\\/\"]}]},{\"@type\":\"BreadcrumbList\",\"@id\":\"https:\\\/\\\/escapehunt.com\\\/fr\\\/clermont-ferrand\\\/conditions-generales\\\/#breadcrumb\",\"itemListElement\":[{\"@type\":\"ListItem\",\"position\":1,\"name\":\"Home\",\"item\":\"https:\\\/\\\/escapehunt.com\\\/fr\\\/clermont-ferrand\\\/\"},{\"@type\":\"ListItem\",\"position\":2,\"name\":\"CONDITIONS G\u00c9N\u00c9RALES\"}]},{\"@type\":\"WebSite\",\"@id\":\"https:\\\/\\\/escapehunt.com\\\/fr\\\/clermont-ferrand\\\/#website\",\"url\":\"https:\\\/\\\/escapehunt.com\\\/fr\\\/clermont-ferrand\\\/\",\"name\":\"Clermont-Ferrand\",\"description\":\"Escape Hunt Clermont Ferrand \u2013 Number 1 Escape Game in Clermont Ferrand\",\"potentialAction\":[{\"@type\":\"SearchAction\",\"target\":{\"@type\":\"EntryPoint\",\"urlTemplate\":\"https:\\\/\\\/escapehunt.com\\\/fr\\\/clermont-ferrand\\\/?s={search_term_string}\"},\"query-input\":{\"@type\":\"PropertyValueSpecification\",\"valueRequired\":true,\"valueName\":\"search_term_string\"}}],\"inLanguage\":\"fr-FR\"}]}<\/script>\n<!-- \/ Yoast SEO plugin. -->","yoast_head_json":{"title":"CONDITIONS G\u00c9N\u00c9RALES | Escape Hunt Clermont-Ferrand","description":"Prenez connaissance de nos conditions g\u00e9n\u00e9rales de vente avant votre r\u00e9servation chez Escape Hunt Clermont-Ferrand.","robots":{"index":"noindex","follow":"follow","max-snippet":"max-snippet:-1","max-image-preview":"max-image-preview:large","max-video-preview":"max-video-preview:-1"},"og_locale":"fr_FR","og_type":"article","og_title":"CONDITIONS G\u00c9N\u00c9RALES | Escape Hunt Clermont-Ferrand","og_description":"Prenez connaissance de nos conditions g\u00e9n\u00e9rales de vente avant votre r\u00e9servation chez Escape Hunt Clermont-Ferrand.","og_url":"https:\/\/escapehunt.com\/fr\/clermont-ferrand\/conditions-generales\/","og_site_name":"Clermont-Ferrand","article_modified_time":"2024-03-08T13:23:35+00:00","twitter_card":"summary_large_image","twitter_misc":{"Dur\u00e9e de lecture estim\u00e9e":"10 minutes"},"schema":{"@context":"https:\/\/schema.org","@graph":[{"@type":"WebPage","@id":"https:\/\/escapehunt.com\/fr\/clermont-ferrand\/conditions-generales\/","url":"https:\/\/escapehunt.com\/fr\/clermont-ferrand\/conditions-generales\/","name":"CONDITIONS G\u00c9N\u00c9RALES | Escape Hunt Clermont-Ferrand","isPartOf":{"@id":"https:\/\/escapehunt.com\/fr\/clermont-ferrand\/#website"},"datePublished":"2018-10-03T12:41:20+00:00","dateModified":"2024-03-08T13:23:35+00:00","description":"Prenez connaissance de nos conditions g\u00e9n\u00e9rales de vente avant votre r\u00e9servation chez Escape Hunt Clermont-Ferrand.","breadcrumb":{"@id":"https:\/\/escapehunt.com\/fr\/clermont-ferrand\/conditions-generales\/#breadcrumb"},"inLanguage":"fr-FR","potentialAction":[{"@type":"ReadAction","target":["https:\/\/escapehunt.com\/fr\/clermont-ferrand\/conditions-generales\/"]}]},{"@type":"BreadcrumbList","@id":"https:\/\/escapehunt.com\/fr\/clermont-ferrand\/conditions-generales\/#breadcrumb","itemListElement":[{"@type":"ListItem","position":1,"name":"Home","item":"https:\/\/escapehunt.com\/fr\/clermont-ferrand\/"},{"@type":"ListItem","position":2,"name":"CONDITIONS G\u00c9N\u00c9RALES"}]},{"@type":"WebSite","@id":"https:\/\/escapehunt.com\/fr\/clermont-ferrand\/#website","url":"https:\/\/escapehunt.com\/fr\/clermont-ferrand\/","name":"Clermont-Ferrand","description":"Escape Hunt Clermont Ferrand \u2013 Number 1 Escape Game in Clermont Ferrand","potentialAction":[{"@type":"SearchAction","target":{"@type":"EntryPoint","urlTemplate":"https:\/\/escapehunt.com\/fr\/clermont-ferrand\/?s={search_term_string}"},"query-input":{"@type":"PropertyValueSpecification","valueRequired":true,"valueName":"search_term_string"}}],"inLanguage":"fr-FR"}]}},"custom_schema_json":"","_links":{"self":[{"href":"https:\/\/staging3.escapehunt.com\/fr\/clermont-ferrand\/wp-json\/wp\/v2\/pages\/140","targetHints":{"allow":["GET"]}}],"collection":[{"href":"https:\/\/staging3.escapehunt.com\/fr\/clermont-ferrand\/wp-json\/wp\/v2\/pages"}],"about":[{"href":"https:\/\/staging3.escapehunt.com\/fr\/clermont-ferrand\/wp-json\/wp\/v2\/types\/page"}],"author":[{"embeddable":true,"href":"https:\/\/staging3.escapehunt.com\/fr\/clermont-ferrand\/wp-json\/wp\/v2\/users\/12"}],"replies":[{"embeddable":true,"href":"https:\/\/staging3.escapehunt.com\/fr\/clermont-ferrand\/wp-json\/wp\/v2\/comments?post=140"}],"version-history":[{"count":0,"href":"https:\/\/staging3.escapehunt.com\/fr\/clermont-ferrand\/wp-json\/wp\/v2\/pages\/140\/revisions"}],"wp:attachment":[{"href":"https:\/\/staging3.escapehunt.com\/fr\/clermont-ferrand\/wp-json\/wp\/v2\/media?parent=140"}],"curies":[{"name":"wp","href":"https:\/\/api.w.org\/{rel}","templated":true}]}}