{"id":413,"date":"2018-11-23T17:01:29","date_gmt":"2018-11-23T17:01:29","guid":{"rendered":"http:\/\/s27835.p712.sites.pressdns.com\/fr\/bordeaux\/?page_id=413"},"modified":"2024-01-18T12:27:00","modified_gmt":"2024-01-18T12:27:00","slug":"blog-actualites-bons-plans","status":"publish","type":"page","link":"https:\/\/staging3.escapehunt.com\/fr\/clermont-ferrand\/blog-actualites-bons-plans\/","title":{"rendered":"Blog Escape Hunt Clermont-Ferrand"},"content":{"rendered":"<h3 class=\"ish-sc-element ish-sc_headline ish-color3 ish-center\"><strong>NOS ACTUALIT\u00c9S, OFFRES ET PROMOTIONS !<\/strong><\/h3>\n<div class=\"wpb_text_column wpb_content_element \">\n<div class=\"wpb_wrapper\">\n<p>C\u2019est ici que vous pourrez retrouver diff\u00e9rents posts sur l\u2019actualit\u00e9 de notre \u00e9tablissement de Clermont-Ferrand.\u00a0Bonne lecture !<\/p>\n<p>&nbsp;<\/p>\n<\/div>\n<hr \/>\n<\/div>\n<h4><\/h4>\n<h4><span style=\"text-decoration: underline; color: #eb5c2e;\">Une Saint-Valentin m\u00e9morable : pourquoi un escape game est-il le cadeau id\u00e9al ?<\/span><\/h4>\n<p>Vous \u00eates \u00e0 la recherche d\u2019un cadeau unique et m\u00e9morable pour votre +1 ? Si oui, vous \u00eates au bon endroit !<br \/>\n<a href=\"https:\/\/staging3.escapehunt.com\/fr\/clermont-ferrand\/2023\/01\/25\/une-saint-valentin-memorable-pourquoi-un-escape-game-est-il-le-cadeau-ideal\/\" target=\"_blank\" rel=\"noopener\">Lire la suite<\/a><\/p>\n<p>&nbsp;<\/p>\n<h4><span style=\"text-decoration: underline;\"><span style=\"color: #eb5c2e; text-decoration: underline;\">L&rsquo;escape game, l&rsquo;activit\u00e9 id\u00e9ale quand il fait froid<\/span><\/span><\/h4>\n<p><span style=\"font-weight: 400;\">L\u2019escape game explose ! Avec une client\u00e8le en demande, le monde de l\u2019escape game continue de s\u2019\u00e9toffer et de s\u2019am\u00e9liorer. Petite pr\u00e9sentation\u2026 <a href=\"https:\/\/staging3.escapehunt.com\/fr\/clermont-ferrand\/2023\/01\/19\/lescape-game-lactivite-ideale-quand-il-fait-froid\/\" target=\"_blank\" rel=\"noopener\">Lire la suite<\/a><\/span><\/p>\n<p>&nbsp;<\/p>\n<h4><span style=\"text-decoration: underline; color: #eb5c2e;\"><strong>D\u00e9couvrez <span style=\"color: #eb5c2e;\">l&rsquo;Auvergne<\/span> autrement pendant les vacances de la Toussaint<\/strong><\/span><\/h4>\n<p>L&rsquo;automne s&rsquo;installe petit \u00e0 petit et change les couleurs de notre belle Auvergne ! Aussi, pour en profiter au maximum et d\u00e9couvrir la r\u00e9gion autrement, nous vous avons fait une petite s\u00e9lection ! <a href=\"https:\/\/staging3.escapehunt.com\/fr\/clermont-ferrand\/2022\/10\/18\/decouvrez-lauvergne-autrement-pendant-les-vacances-de-la-toussaint\/\" target=\"_blank\" rel=\"noopener\">Lire la suite<\/a><\/p>\n<p>&nbsp;<\/p>\n<h4><span style=\"text-decoration: underline; color: #eb5c2e;\"><strong>Top 4 des id\u00e9es de sortie pour le 14 f\u00e9vrier<\/strong><\/span><\/h4>\n<p><span style=\"font-weight: 400;\">Marre du traditionnel resto pour la Saint-Valentin ? On vous a d\u00e9nich\u00e9 les meilleures id\u00e9es pour f\u00eater l\u2019amour \u00e0 deux (ou plus), sans clich\u00e9s ! <a href=\"https:\/\/staging3.escapehunt.com\/fr\/clermont-ferrand\/2022\/01\/28\/top-4-des-idees-de-sortie-pour-le-14-fevrier\/\" target=\"_blank\" rel=\"noopener\">Lire la suite<\/a><\/span><\/p>\n<h4><\/h4>\n<p>&nbsp;<\/p>\n<h4><span style=\"text-decoration: underline; color: #eb5c2e;\"><strong>Que faire pour Halloween, \u00e0 Clermont-Ferrand ?<\/strong><\/span><\/h4>\n<p>Les vacances de la Toussaint approchent \u00e0 grands pas, et avec elles, la f\u00eate d&rsquo;Halloween ! C&rsquo;est notre p\u00e9riode pr\u00e9f\u00e9r\u00e9e, car notre activit\u00e9 se pr\u00eate vraiment \u00e0 l&rsquo;ambiance du 31 octobre. Nous vous avons concoct\u00e9 une s\u00e9lection d&rsquo;activit\u00e9s et d&rsquo;\u00e9v\u00e9nements pour les vacances ! <a href=\"https:\/\/staging3.escapehunt.com\/fr\/clermont-ferrand\/2021\/10\/15\/que-faire-pour-halloween-a-clermont-ferrand\/\" target=\"_blank\" rel=\"noopener\">Lire la suite<\/a><\/p>\n<p>&nbsp;<\/p>\n<h4><span style=\"text-decoration: underline; color: #eb5c2e;\"><strong>TOP 5 &#8211; ESCAPE GAME \u00c0 FAIRE \u00c0 LA MAISON<\/strong><\/span><\/h4>\n<p><span style=\"font-weight: 400;\">Les escape games et autres lieux de divertissement \u00e9tant toujours ferm\u00e9s, vous vous demandez quelles activit\u00e9s faire chez vous ? Nous avons la solution ! Voici un top 5 des escape games \u00e0 faire directement depuis votre salon !\u00a0 <a href=\"https:\/\/staging3.escapehunt.com\/fr\/clermont-ferrand\/?p=45288&amp;preview=true\" target=\"_blank\" rel=\"noopener noreferrer\">Lire la suite<\/a><\/span><\/p>\n<p>&nbsp;<\/p>\n<h4><span style=\"text-decoration: underline;\"><span style=\"color: #eb5c2e; text-decoration: underline;\">Notre activit\u00e9 comme nouvel outil de recrutement pour votre entreprise<\/span><\/span><\/h4>\n<p><span style=\"font-weight: 400;\">Vous \u00eates en pleine p\u00e9riode de recrutement et vous recherchez la perle rare \u00e0 ajouter \u00e0 votre \u00e9quipe ? Nous pouvons vous aider.<br \/>\n<a href=\"https:\/\/staging3.escapehunt.com\/fr\/clermont-ferrand\/2020\/08\/29\/notre-activite-comme-nouvel-outil-de-recrutement-pour-votre-entreprise\/\" target=\"_blank\" rel=\"noopener noreferrer\">Lire la suite<\/a><\/span><\/p>\n<p>&nbsp;<\/p>\n<h4><span style=\"color: #eb5c2e;\"><a style=\"color: #eb5c2e;\" href=\"https:\/\/staging3.escapehunt.com\/fr\/clermont-ferrand\/2020\/06\/27\/5-activites-post-confinement-sur-clermont-ferrand\/\" target=\"_blank\" rel=\"noopener noreferrer\">5 activit\u00e9s post-confinement sur Clermont-Ferrand<\/a><\/span><\/h4>\n<p>Voil\u00e0 1 mois que le d\u00e9confinement a d\u00e9but\u00e9 et que la vie essaye de reprendre peu \u00e0 peu son cours normal.<br \/>\n<a href=\"https:\/\/staging3.escapehunt.com\/fr\/clermont-ferrand\/2020\/06\/27\/5-activites-post-confinement-sur-clermont-ferrand\/\" target=\"_blank\" rel=\"noopener noreferrer\">Lire la suite<\/a><\/p>\n<p>&nbsp;<\/p>\n<h4><span style=\"text-decoration: underline; color: #eb5c2e;\"><strong>Quelle activit\u00e9 pour votre EVG\/EVJF ?<\/strong><\/span><\/h4>\n<p>Le printemps arrive et avec lui, la saison des enterrements de vie de jeune fille et de vie de gar\u00e7on !<br \/>\n<a href=\"https:\/\/staging3.escapehunt.com\/fr\/clermont-ferrand\/2020\/03\/12\/quelle-activite-pour-votre-evg-evjf\/\" target=\"_blank\" rel=\"noopener noreferrer\">Lire la suite<\/a><\/p>\n<p>&nbsp;<\/p>\n<h4><a href=\"https:\/\/staging3.escapehunt.com\/fr\/clermont-ferrand\/2020\/02\/27\/que-faire-pendant-les-vacances-dhiver\/\"><span style=\"color: #eb5c2e;\"><u>5 activit\u00e9s cet hiver \u00e0 Clermont-Ferrand<\/u><\/span><\/a><\/h4>\n<p>La neige n&rsquo;est presque pas au rdv cette ann\u00e9e ? Pas de panique, l&rsquo;\u00e9quipe Escape Hunt Clermont-Ferrand vous a d\u00e9nich\u00e9 5 activit\u00e9s pour remplacer le ski !<br \/>\n<a href=\"https:\/\/staging3.escapehunt.com\/fr\/clermont-ferrand\/2020\/02\/27\/que-faire-pendant-les-vacances-dhiver\/\">Lire la suite<\/a><\/p>\n<p>&nbsp;<\/p>\n<h4><a href=\"https:\/\/staging3.escapehunt.com\/fr\/clermont-ferrand\/2019\/09\/04\/salle-privative-a-votre-disposition\/\"><span style=\"text-decoration: underline; color: #eb5c2e;\"><strong>Salle privative \u00e0 votre disposition<\/strong><\/span><\/a><\/h4>\n<p>Profitez de la rentr\u00e9e pour organiser votre \u00e9v\u00e9nement chez Escape Hunt Clermont-Ferrand, au Br\u00e9zet, en louant notre salle privative.<br \/>\n<a href=\"https:\/\/staging3.escapehunt.com\/fr\/clermont-ferrand\/2019\/09\/04\/salle-privative-a-votre-disposition\/\" target=\"_blank\" rel=\"noopener noreferrer\">Lire la suite<\/a><\/p>\n<p>&nbsp;<\/p>\n<h4><a href=\"https:\/\/staging3.escapehunt.com\/fr\/clermont-ferrand\/2019\/08\/03\/top-10-des-activites-estivales-sur-clermont-et-alentours\/\"><span style=\"text-decoration: underline;\"><span style=\"color: #eb5c2e; text-decoration: underline;\">Top 10<\/span><span style=\"color: #eb5c2e; text-decoration: underline;\"> des activit\u00e9s estivales sur Clermont et alentours<\/span><\/span><\/a><\/h4>\n<p>D\u00e9j\u00e0 un mois de vacances pass\u00e9, mais le second commence tout juste et pr\u00e9sage encore de belles journ\u00e9es d\u00e9couvertes dans la capitale auvergnate et ses alentours.<br \/>\n<a href=\"https:\/\/staging3.escapehunt.com\/fr\/clermont-ferrand\/2019\/08\/03\/top-10-des-activites-estivales-sur-clermont-et-alentours\/\">Lire la suite<\/a><\/p>\n<p>&nbsp;<\/p>\n<h4><a href=\"https:\/\/staging3.escapehunt.com\/fr\/clermont-ferrand\/2019\/06\/27\/top-5-des-refuges-contre-la-canicule-a-clermont-ferrand\/\"><span style=\"text-decoration: underline; color: #eb5c2e;\">Top 5 des refuges contre la canicule \u00e0 Clermont-Ferrand<\/span><\/a><\/h4>\n<p>\u00c7a y est, l&rsquo;\u00e9t\u00e9 a d\u00e9barqu\u00e9 sur Clermont, c&rsquo;est le moment de sortir la panoplie : lunettes de soleil, cr\u00e8me solaire et brumisateur. Avec le beau temps, viennent aussi les fortes chaleurs&#8230;<br \/>\n<a href=\"https:\/\/staging3.escapehunt.com\/fr\/clermont-ferrand\/2019\/06\/27\/top-5-des-refuges-contre-la-canicule-a-clermont-ferrand\/\">Lire la suite<\/a><\/p>\n<p>&nbsp;<\/p>\n<h4><a href=\"https:\/\/staging3.escapehunt.com\/fr\/clermont-ferrand\/2019\/06\/18\/excitement-unlocked\/\"><span style=\"text-decoration: underline; color: #eb5c2e;\">Excitement. Unlocked.<\/span><\/a><\/h4>\n<p>Avec une identit\u00e9 visuelle et une ambition renouvel\u00e9e, retour sur l&rsquo;aventure Escape Hunt depuis notre ouverture \u00e0 Clermont Ferrand en 2016.<br \/>\n<a href=\"https:\/\/staging3.escapehunt.com\/fr\/clermont-ferrand\/2019\/06\/18\/excitement-unlocked\/\">Lire la suite<\/a><\/p>\n","protected":false},"excerpt":{"rendered":"<p>NOS ACTUALIT\u00c9S, OFFRES ET PROMOTIONS ! C\u2019est ici que vous pourrez retrouver diff\u00e9rents posts sur l\u2019actualit\u00e9 de notre \u00e9tablissement de Clermont-Ferrand.\u00a0Bonne lecture ! &nbsp; Une Saint-Valentin m\u00e9morable : pourquoi un&hellip;<\/p>\n","protected":false},"author":16,"featured_media":0,"parent":0,"menu_order":0,"comment_status":"closed","ping_status":"closed","template":"","meta":{"_acf_changed":false,"footnotes":""},"class_list":["post-413","page","type-page","status-publish","hentry"],"acf":{"custom_schema_json":""},"yoast_head":"<!-- This site is optimized with the Yoast SEO plugin v27.3 - https:\/\/yoast.com\/product\/yoast-seo-wordpress\/ -->\n<title>Blog Escape Hunt Clermont Ferrand<\/title>\n<meta name=\"description\" content=\"Retrouvez nos actualit\u00e9s, des bons plans et les coulisses d&#039;Escape Hunt Clermont Ferrand.\" \/>\n<meta name=\"robots\" content=\"noindex, follow, max-snippet:-1, max-image-preview:large, max-video-preview:-1\" \/>\n<meta property=\"og:locale\" content=\"fr_FR\" \/>\n<meta property=\"og:type\" content=\"article\" \/>\n<meta property=\"og:title\" content=\"Blog Escape Hunt Clermont Ferrand\" \/>\n<meta property=\"og:description\" content=\"Retrouvez nos actualit\u00e9s, des bons plans et les coulisses d&#039;Escape Hunt Clermont Ferrand.\" \/>\n<meta property=\"og:url\" content=\"https:\/\/escapehunt.com\/fr\/clermont-ferrand\/blog-actualites-bons-plans\/\" \/>\n<meta property=\"og:site_name\" content=\"Clermont-Ferrand\" \/>\n<meta property=\"article:modified_time\" content=\"2024-01-18T12:27:00+00:00\" \/>\n<meta name=\"twitter:card\" content=\"summary_large_image\" \/>\n<meta name=\"twitter:label1\" content=\"Dur\u00e9e de lecture estim\u00e9e\" \/>\n\t<meta name=\"twitter:data1\" content=\"3 minutes\" \/>\n<script type=\"application\/ld+json\" class=\"yoast-schema-graph\">{\"@context\":\"https:\\\/\\\/schema.org\",\"@graph\":[{\"@type\":\"WebPage\",\"@id\":\"https:\\\/\\\/escapehunt.com\\\/fr\\\/clermont-ferrand\\\/blog-actualites-bons-plans\\\/\",\"url\":\"https:\\\/\\\/escapehunt.com\\\/fr\\\/clermont-ferrand\\\/blog-actualites-bons-plans\\\/\",\"name\":\"Blog Escape Hunt Clermont Ferrand\",\"isPartOf\":{\"@id\":\"https:\\\/\\\/escapehunt.com\\\/fr\\\/clermont-ferrand\\\/#website\"},\"datePublished\":\"2018-11-23T17:01:29+00:00\",\"dateModified\":\"2024-01-18T12:27:00+00:00\",\"description\":\"Retrouvez nos actualit\u00e9s, des bons plans et les coulisses d'Escape Hunt Clermont Ferrand.\",\"breadcrumb\":{\"@id\":\"https:\\\/\\\/escapehunt.com\\\/fr\\\/clermont-ferrand\\\/blog-actualites-bons-plans\\\/#breadcrumb\"},\"inLanguage\":\"fr-FR\",\"potentialAction\":[{\"@type\":\"ReadAction\",\"target\":[\"https:\\\/\\\/escapehunt.com\\\/fr\\\/clermont-ferrand\\\/blog-actualites-bons-plans\\\/\"]}]},{\"@type\":\"BreadcrumbList\",\"@id\":\"https:\\\/\\\/escapehunt.com\\\/fr\\\/clermont-ferrand\\\/blog-actualites-bons-plans\\\/#breadcrumb\",\"itemListElement\":[{\"@type\":\"ListItem\",\"position\":1,\"name\":\"Home\",\"item\":\"https:\\\/\\\/escapehunt.com\\\/fr\\\/clermont-ferrand\\\/\"},{\"@type\":\"ListItem\",\"position\":2,\"name\":\"Blog Escape Hunt Clermont-Ferrand\"}]},{\"@type\":\"WebSite\",\"@id\":\"https:\\\/\\\/escapehunt.com\\\/fr\\\/clermont-ferrand\\\/#website\",\"url\":\"https:\\\/\\\/escapehunt.com\\\/fr\\\/clermont-ferrand\\\/\",\"name\":\"Clermont-Ferrand\",\"description\":\"Escape Hunt Clermont Ferrand \u2013 Number 1 Escape Game in Clermont Ferrand\",\"potentialAction\":[{\"@type\":\"SearchAction\",\"target\":{\"@type\":\"EntryPoint\",\"urlTemplate\":\"https:\\\/\\\/escapehunt.com\\\/fr\\\/clermont-ferrand\\\/?s={search_term_string}\"},\"query-input\":{\"@type\":\"PropertyValueSpecification\",\"valueRequired\":true,\"valueName\":\"search_term_string\"}}],\"inLanguage\":\"fr-FR\"}]}<\/script>\n<!-- \/ Yoast SEO plugin. -->","yoast_head_json":{"title":"Blog Escape Hunt Clermont Ferrand","description":"Retrouvez nos actualit\u00e9s, des bons plans et les coulisses d'Escape Hunt Clermont Ferrand.","robots":{"index":"noindex","follow":"follow","max-snippet":"max-snippet:-1","max-image-preview":"max-image-preview:large","max-video-preview":"max-video-preview:-1"},"og_locale":"fr_FR","og_type":"article","og_title":"Blog Escape Hunt Clermont Ferrand","og_description":"Retrouvez nos actualit\u00e9s, des bons plans et les coulisses d'Escape Hunt Clermont Ferrand.","og_url":"https:\/\/escapehunt.com\/fr\/clermont-ferrand\/blog-actualites-bons-plans\/","og_site_name":"Clermont-Ferrand","article_modified_time":"2024-01-18T12:27:00+00:00","twitter_card":"summary_large_image","twitter_misc":{"Dur\u00e9e de lecture estim\u00e9e":"3 minutes"},"schema":{"@context":"https:\/\/schema.org","@graph":[{"@type":"WebPage","@id":"https:\/\/escapehunt.com\/fr\/clermont-ferrand\/blog-actualites-bons-plans\/","url":"https:\/\/escapehunt.com\/fr\/clermont-ferrand\/blog-actualites-bons-plans\/","name":"Blog Escape Hunt Clermont Ferrand","isPartOf":{"@id":"https:\/\/escapehunt.com\/fr\/clermont-ferrand\/#website"},"datePublished":"2018-11-23T17:01:29+00:00","dateModified":"2024-01-18T12:27:00+00:00","description":"Retrouvez nos actualit\u00e9s, des bons plans et les coulisses d'Escape Hunt Clermont Ferrand.","breadcrumb":{"@id":"https:\/\/escapehunt.com\/fr\/clermont-ferrand\/blog-actualites-bons-plans\/#breadcrumb"},"inLanguage":"fr-FR","potentialAction":[{"@type":"ReadAction","target":["https:\/\/escapehunt.com\/fr\/clermont-ferrand\/blog-actualites-bons-plans\/"]}]},{"@type":"BreadcrumbList","@id":"https:\/\/escapehunt.com\/fr\/clermont-ferrand\/blog-actualites-bons-plans\/#breadcrumb","itemListElement":[{"@type":"ListItem","position":1,"name":"Home","item":"https:\/\/escapehunt.com\/fr\/clermont-ferrand\/"},{"@type":"ListItem","position":2,"name":"Blog Escape Hunt Clermont-Ferrand"}]},{"@type":"WebSite","@id":"https:\/\/escapehunt.com\/fr\/clermont-ferrand\/#website","url":"https:\/\/escapehunt.com\/fr\/clermont-ferrand\/","name":"Clermont-Ferrand","description":"Escape Hunt Clermont Ferrand \u2013 Number 1 Escape Game in Clermont Ferrand","potentialAction":[{"@type":"SearchAction","target":{"@type":"EntryPoint","urlTemplate":"https:\/\/escapehunt.com\/fr\/clermont-ferrand\/?s={search_term_string}"},"query-input":{"@type":"PropertyValueSpecification","valueRequired":true,"valueName":"search_term_string"}}],"inLanguage":"fr-FR"}]}},"custom_schema_json":"","_links":{"self":[{"href":"https:\/\/staging3.escapehunt.com\/fr\/clermont-ferrand\/wp-json\/wp\/v2\/pages\/413","targetHints":{"allow":["GET"]}}],"collection":[{"href":"https:\/\/staging3.escapehunt.com\/fr\/clermont-ferrand\/wp-json\/wp\/v2\/pages"}],"about":[{"href":"https:\/\/staging3.escapehunt.com\/fr\/clermont-ferrand\/wp-json\/wp\/v2\/types\/page"}],"author":[{"embeddable":true,"href":"https:\/\/staging3.escapehunt.com\/fr\/clermont-ferrand\/wp-json\/wp\/v2\/users\/16"}],"replies":[{"embeddable":true,"href":"https:\/\/staging3.escapehunt.com\/fr\/clermont-ferrand\/wp-json\/wp\/v2\/comments?post=413"}],"version-history":[{"count":0,"href":"https:\/\/staging3.escapehunt.com\/fr\/clermont-ferrand\/wp-json\/wp\/v2\/pages\/413\/revisions"}],"wp:attachment":[{"href":"https:\/\/staging3.escapehunt.com\/fr\/clermont-ferrand\/wp-json\/wp\/v2\/media?parent=413"}],"curies":[{"name":"wp","href":"https:\/\/api.w.org\/{rel}","templated":true}]}}