{"id":45125,"date":"2020-10-01T17:13:15","date_gmt":"2020-10-01T17:13:15","guid":{"rendered":"https:\/\/staging3.escapehunt.com\/fr\/clermont-ferrand\/?page_id=45125"},"modified":"2021-02-11T13:34:13","modified_gmt":"2021-02-11T13:34:13","slug":"choisissez-votre-aventure","status":"publish","type":"page","link":"https:\/\/staging3.escapehunt.com\/fr\/clermont-ferrand\/choisissez-votre-aventure\/","title":{"rendered":"CHOISISSEZ VOTRE AVENTURE"},"content":{"rendered":"<h4><span style=\"font-weight: 400;\"><span style=\"vertical-align: inherit;\"><span style=\"vertical-align: inherit;\">4 th\u00e8mes uniques et immersifs \u00e0 d\u00e9couvrir,<br \/>\n<\/span><\/span><\/span><span style=\"font-weight: 400;\"><span style=\"vertical-align: inherit;\"><span style=\"vertical-align: inherit;\">un jeu de piste connect\u00e9 \u00e0 travers la ville,<br \/>\n<\/span><\/span><\/span><span style=\"font-weight: 400;\"><span style=\"vertical-align: inherit;\"><span style=\"vertical-align: inherit;\">ainsi que des jeux \u00e0 faire directement chez vous !<\/span><\/span><\/span><\/h4>\n<h4><span style=\"font-weight: 400;\"><span style=\"vertical-align: inherit;\"><span style=\"vertical-align: inherit;\">Pr\u00eat \u00e0 tenter l&rsquo;aventure ?<\/span><\/span><\/span><\/h4>\n","protected":false},"excerpt":{"rendered":"<p>4 th\u00e8mes uniques et immersifs \u00e0 d\u00e9couvrir, un jeu de piste connect\u00e9 \u00e0 travers la ville, ainsi que des jeux \u00e0 faire directement chez vous ! Pr\u00eat \u00e0 tenter l&rsquo;aventure&hellip;<\/p>\n","protected":false},"author":104,"featured_media":0,"parent":0,"menu_order":0,"comment_status":"closed","ping_status":"closed","template":"views\/games-multi-filter.php","meta":{"_acf_changed":false,"footnotes":""},"class_list":["post-45125","page","type-page","status-publish","hentry"],"acf":{"custom_schema_json":""},"yoast_head":"<!-- This site is optimized with the Yoast SEO plugin v27.3 - https:\/\/yoast.com\/product\/yoast-seo-wordpress\/ -->\n<title>CHOISISSEZ VOTRE AVENTURE - Clermont-Ferrand<\/title>\n<meta name=\"robots\" content=\"noindex, follow, max-snippet:-1, max-image-preview:large, max-video-preview:-1\" \/>\n<meta property=\"og:locale\" content=\"fr_FR\" \/>\n<meta property=\"og:type\" content=\"article\" \/>\n<meta property=\"og:title\" content=\"CHOISISSEZ VOTRE AVENTURE - Clermont-Ferrand\" \/>\n<meta property=\"og:description\" content=\"4 th\u00e8mes uniques et immersifs \u00e0 d\u00e9couvrir, un jeu de piste connect\u00e9 \u00e0 travers la ville, ainsi que des jeux \u00e0 faire directement chez vous ! Pr\u00eat \u00e0 tenter l&rsquo;aventure&hellip;\" \/>\n<meta property=\"og:url\" content=\"https:\/\/escapehunt.com\/fr\/clermont-ferrand\/choisissez-votre-aventure\/\" \/>\n<meta property=\"og:site_name\" content=\"Clermont-Ferrand\" \/>\n<meta property=\"article:modified_time\" content=\"2021-02-11T13:34:13+00:00\" \/>\n<meta name=\"twitter:card\" content=\"summary_large_image\" \/>\n<script type=\"application\/ld+json\" class=\"yoast-schema-graph\">{\"@context\":\"https:\\\/\\\/schema.org\",\"@graph\":[{\"@type\":\"WebPage\",\"@id\":\"https:\\\/\\\/escapehunt.com\\\/fr\\\/clermont-ferrand\\\/choisissez-votre-aventure\\\/\",\"url\":\"https:\\\/\\\/escapehunt.com\\\/fr\\\/clermont-ferrand\\\/choisissez-votre-aventure\\\/\",\"name\":\"CHOISISSEZ VOTRE AVENTURE - Clermont-Ferrand\",\"isPartOf\":{\"@id\":\"https:\\\/\\\/escapehunt.com\\\/fr\\\/clermont-ferrand\\\/#website\"},\"datePublished\":\"2020-10-01T17:13:15+00:00\",\"dateModified\":\"2021-02-11T13:34:13+00:00\",\"breadcrumb\":{\"@id\":\"https:\\\/\\\/escapehunt.com\\\/fr\\\/clermont-ferrand\\\/choisissez-votre-aventure\\\/#breadcrumb\"},\"inLanguage\":\"fr-FR\",\"potentialAction\":[{\"@type\":\"ReadAction\",\"target\":[\"https:\\\/\\\/escapehunt.com\\\/fr\\\/clermont-ferrand\\\/choisissez-votre-aventure\\\/\"]}]},{\"@type\":\"BreadcrumbList\",\"@id\":\"https:\\\/\\\/escapehunt.com\\\/fr\\\/clermont-ferrand\\\/choisissez-votre-aventure\\\/#breadcrumb\",\"itemListElement\":[{\"@type\":\"ListItem\",\"position\":1,\"name\":\"Home\",\"item\":\"https:\\\/\\\/escapehunt.com\\\/fr\\\/clermont-ferrand\\\/\"},{\"@type\":\"ListItem\",\"position\":2,\"name\":\"CHOISISSEZ VOTRE AVENTURE\"}]},{\"@type\":\"WebSite\",\"@id\":\"https:\\\/\\\/escapehunt.com\\\/fr\\\/clermont-ferrand\\\/#website\",\"url\":\"https:\\\/\\\/escapehunt.com\\\/fr\\\/clermont-ferrand\\\/\",\"name\":\"Clermont-Ferrand\",\"description\":\"Escape Hunt Clermont Ferrand \u2013 Number 1 Escape Game in Clermont Ferrand\",\"potentialAction\":[{\"@type\":\"SearchAction\",\"target\":{\"@type\":\"EntryPoint\",\"urlTemplate\":\"https:\\\/\\\/escapehunt.com\\\/fr\\\/clermont-ferrand\\\/?s={search_term_string}\"},\"query-input\":{\"@type\":\"PropertyValueSpecification\",\"valueRequired\":true,\"valueName\":\"search_term_string\"}}],\"inLanguage\":\"fr-FR\"}]}<\/script>\n<!-- \/ Yoast SEO plugin. -->","yoast_head_json":{"title":"CHOISISSEZ VOTRE AVENTURE - Clermont-Ferrand","robots":{"index":"noindex","follow":"follow","max-snippet":"max-snippet:-1","max-image-preview":"max-image-preview:large","max-video-preview":"max-video-preview:-1"},"og_locale":"fr_FR","og_type":"article","og_title":"CHOISISSEZ VOTRE AVENTURE - Clermont-Ferrand","og_description":"4 th\u00e8mes uniques et immersifs \u00e0 d\u00e9couvrir, un jeu de piste connect\u00e9 \u00e0 travers la ville, ainsi que des jeux \u00e0 faire directement chez vous ! Pr\u00eat \u00e0 tenter l&rsquo;aventure&hellip;","og_url":"https:\/\/escapehunt.com\/fr\/clermont-ferrand\/choisissez-votre-aventure\/","og_site_name":"Clermont-Ferrand","article_modified_time":"2021-02-11T13:34:13+00:00","twitter_card":"summary_large_image","schema":{"@context":"https:\/\/schema.org","@graph":[{"@type":"WebPage","@id":"https:\/\/escapehunt.com\/fr\/clermont-ferrand\/choisissez-votre-aventure\/","url":"https:\/\/escapehunt.com\/fr\/clermont-ferrand\/choisissez-votre-aventure\/","name":"CHOISISSEZ VOTRE AVENTURE - Clermont-Ferrand","isPartOf":{"@id":"https:\/\/escapehunt.com\/fr\/clermont-ferrand\/#website"},"datePublished":"2020-10-01T17:13:15+00:00","dateModified":"2021-02-11T13:34:13+00:00","breadcrumb":{"@id":"https:\/\/escapehunt.com\/fr\/clermont-ferrand\/choisissez-votre-aventure\/#breadcrumb"},"inLanguage":"fr-FR","potentialAction":[{"@type":"ReadAction","target":["https:\/\/escapehunt.com\/fr\/clermont-ferrand\/choisissez-votre-aventure\/"]}]},{"@type":"BreadcrumbList","@id":"https:\/\/escapehunt.com\/fr\/clermont-ferrand\/choisissez-votre-aventure\/#breadcrumb","itemListElement":[{"@type":"ListItem","position":1,"name":"Home","item":"https:\/\/escapehunt.com\/fr\/clermont-ferrand\/"},{"@type":"ListItem","position":2,"name":"CHOISISSEZ VOTRE AVENTURE"}]},{"@type":"WebSite","@id":"https:\/\/escapehunt.com\/fr\/clermont-ferrand\/#website","url":"https:\/\/escapehunt.com\/fr\/clermont-ferrand\/","name":"Clermont-Ferrand","description":"Escape Hunt Clermont Ferrand \u2013 Number 1 Escape Game in Clermont Ferrand","potentialAction":[{"@type":"SearchAction","target":{"@type":"EntryPoint","urlTemplate":"https:\/\/escapehunt.com\/fr\/clermont-ferrand\/?s={search_term_string}"},"query-input":{"@type":"PropertyValueSpecification","valueRequired":true,"valueName":"search_term_string"}}],"inLanguage":"fr-FR"}]}},"custom_schema_json":"","_links":{"self":[{"href":"https:\/\/staging3.escapehunt.com\/fr\/clermont-ferrand\/wp-json\/wp\/v2\/pages\/45125","targetHints":{"allow":["GET"]}}],"collection":[{"href":"https:\/\/staging3.escapehunt.com\/fr\/clermont-ferrand\/wp-json\/wp\/v2\/pages"}],"about":[{"href":"https:\/\/staging3.escapehunt.com\/fr\/clermont-ferrand\/wp-json\/wp\/v2\/types\/page"}],"author":[{"embeddable":true,"href":"https:\/\/staging3.escapehunt.com\/fr\/clermont-ferrand\/wp-json\/wp\/v2\/users\/104"}],"replies":[{"embeddable":true,"href":"https:\/\/staging3.escapehunt.com\/fr\/clermont-ferrand\/wp-json\/wp\/v2\/comments?post=45125"}],"version-history":[{"count":0,"href":"https:\/\/staging3.escapehunt.com\/fr\/clermont-ferrand\/wp-json\/wp\/v2\/pages\/45125\/revisions"}],"wp:attachment":[{"href":"https:\/\/staging3.escapehunt.com\/fr\/clermont-ferrand\/wp-json\/wp\/v2\/media?parent=45125"}],"curies":[{"name":"wp","href":"https:\/\/api.w.org\/{rel}","templated":true}]}}