{"id":45240,"date":"2020-11-18T13:09:26","date_gmt":"2020-11-18T13:09:26","guid":{"rendered":"https:\/\/staging3.escapehunt.com\/fr\/clermont-ferrand\/?page_id=45240"},"modified":"2024-01-17T16:02:12","modified_gmt":"2024-01-17T16:02:12","slug":"voucher-multi-experience","status":"publish","type":"page","link":"https:\/\/staging3.escapehunt.com\/fr\/clermont-ferrand\/voucher-multi-experience\/","title":{"rendered":"CH\u00c8QUE CADEAU EXPERIENCE"},"content":{"rendered":"<h3 style=\"text-align: center;\">1 CH\u00c8QUE CADEAU<br \/>\n3 ACTIVIT\u00c9S<\/h3>\n<h4 style=\"text-align: center;\"><span style=\"color: #eb6b39;\">ESCAPE HUNT &#8211; VIRTUAL ROOM &#8211; SENSAS<\/span><\/h4>\n<p>Offrez des activit\u00e9s hors du commun \u00e0 l&rsquo;un de vos proche ! Toutes situ\u00e9es \u00e0 Clermont-Ferrand au Brezet : escape game chez <strong>ESCAPE HUNT<\/strong>, r\u00e9alit\u00e9 virtuelle collaborative chez\u00a0<strong>VIRTUAL ROOM<\/strong>, et parcours sensoriel chez\u00a0<strong>SENSAS<\/strong>\u00a0!\u00a0Un cadeau qui donne le sourire, c&rsquo;est garanti !<\/p>\n<p>Ce ch\u00e8que cadeau vous co\u00fbte 69,90\u20ac mais il vous permet de r\u00e9server pour un montant total de\u00a0<strong>79\u20ac ! <\/strong>Repartis comme ceci : 25\u20ac chez ESCAPE HUNT, 25\u20ac chez VIRTUAL ROOM, 29\u20ac chez SENSAS.<\/p>\n<p>Les 3 activit\u00e9s sont \u00e0 r\u00e9aliser en \u00e9quipe mais gr\u00e2ce \u00e0 ce ch\u00e8que cadeau, le porteur n&rsquo;aura pas \u00e0 payer sa part !<\/p>\n<p>Plus d&rsquo;informations sur les 3 activit\u00e9s :\u00a0<a href=\"https:\/\/staging3.escapehunt.com\/fr\/clermont-ferrand\/\" aria-describedby=\"a11y-external-message\">ESCAPE HUNT<\/a>,\u00a0<a href=\"https:\/\/clermont-ferrand.virtual-room.com\/\" aria-describedby=\"a11y-external-message\">VIRTUAL ROOM<\/a>,\u00a0<a href=\"https:\/\/clermont-ferrand.sensas.top\/\" aria-describedby=\"a11y-external-message\">SENSAS.<\/a><\/p>\n<p>Le ch\u00e8que cadeau est valable 18 mois.<\/p>\n<h4 style=\"text-align: center;\"><a href=\"https:\/\/escape-hunt-clermont-ferrand.myshopify.com\/products\/cheque-cadeau-experience-1-personne\" target=\"_blank\" rel=\"noopener noreferrer\"><span style=\"color: #eb5c2e;\"><strong>COMMANDER<\/strong><\/span><\/a><\/h4>\n","protected":false},"excerpt":{"rendered":"<p>1 CH\u00c8QUE CADEAU 3 ACTIVIT\u00c9S ESCAPE HUNT &#8211; VIRTUAL ROOM &#8211; SENSAS Offrez des activit\u00e9s hors du commun \u00e0 l&rsquo;un de vos proche ! Toutes situ\u00e9es \u00e0 Clermont-Ferrand au Brezet&hellip;<\/p>\n","protected":false},"author":62,"featured_media":0,"parent":0,"menu_order":0,"comment_status":"closed","ping_status":"closed","template":"views\/template-promotions.php","meta":{"_acf_changed":false,"footnotes":""},"class_list":["post-45240","page","type-page","status-publish","hentry"],"acf":{"custom_schema_json":""},"yoast_head":"<!-- This site is optimized with the Yoast SEO plugin v27.3 - https:\/\/yoast.com\/product\/yoast-seo-wordpress\/ -->\n<title>CH\u00c8QUE CADEAU EXPERIENCE - Clermont-Ferrand<\/title>\n<meta name=\"description\" content=\"1 ch\u00e8que cadeau - 3 activit\u00e9s ! Chez Escape Hunt, Virtual Room et SENSAS, trois activit\u00e9s situ\u00e9es au Brezet, \u00e0 Clermont-Ferrand.\" \/>\n<meta name=\"robots\" content=\"noindex, follow, max-snippet:-1, max-image-preview:large, max-video-preview:-1\" \/>\n<meta property=\"og:locale\" content=\"fr_FR\" \/>\n<meta property=\"og:type\" content=\"article\" \/>\n<meta property=\"og:title\" content=\"CH\u00c8QUE CADEAU EXPERIENCE - Clermont-Ferrand\" \/>\n<meta property=\"og:description\" content=\"1 ch\u00e8que cadeau - 3 activit\u00e9s ! Chez Escape Hunt, Virtual Room et SENSAS, trois activit\u00e9s situ\u00e9es au Brezet, \u00e0 Clermont-Ferrand.\" \/>\n<meta property=\"og:url\" content=\"https:\/\/escapehunt.com\/fr\/clermont-ferrand\/voucher-multi-experience\/\" \/>\n<meta property=\"og:site_name\" content=\"Clermont-Ferrand\" \/>\n<meta property=\"article:modified_time\" content=\"2024-01-17T16:02:12+00:00\" \/>\n<meta name=\"twitter:card\" content=\"summary_large_image\" \/>\n<meta name=\"twitter:label1\" content=\"Dur\u00e9e de lecture estim\u00e9e\" \/>\n\t<meta name=\"twitter:data1\" content=\"1 minute\" \/>\n<script type=\"application\/ld+json\" class=\"yoast-schema-graph\">{\"@context\":\"https:\\\/\\\/schema.org\",\"@graph\":[{\"@type\":\"WebPage\",\"@id\":\"https:\\\/\\\/escapehunt.com\\\/fr\\\/clermont-ferrand\\\/voucher-multi-experience\\\/\",\"url\":\"https:\\\/\\\/escapehunt.com\\\/fr\\\/clermont-ferrand\\\/voucher-multi-experience\\\/\",\"name\":\"CH\u00c8QUE CADEAU EXPERIENCE - Clermont-Ferrand\",\"isPartOf\":{\"@id\":\"https:\\\/\\\/escapehunt.com\\\/fr\\\/clermont-ferrand\\\/#website\"},\"datePublished\":\"2020-11-18T13:09:26+00:00\",\"dateModified\":\"2024-01-17T16:02:12+00:00\",\"description\":\"1 ch\u00e8que cadeau - 3 activit\u00e9s ! Chez Escape Hunt, Virtual Room et SENSAS, trois activit\u00e9s situ\u00e9es au Brezet, \u00e0 Clermont-Ferrand.\",\"breadcrumb\":{\"@id\":\"https:\\\/\\\/escapehunt.com\\\/fr\\\/clermont-ferrand\\\/voucher-multi-experience\\\/#breadcrumb\"},\"inLanguage\":\"fr-FR\",\"potentialAction\":[{\"@type\":\"ReadAction\",\"target\":[\"https:\\\/\\\/escapehunt.com\\\/fr\\\/clermont-ferrand\\\/voucher-multi-experience\\\/\"]}]},{\"@type\":\"BreadcrumbList\",\"@id\":\"https:\\\/\\\/escapehunt.com\\\/fr\\\/clermont-ferrand\\\/voucher-multi-experience\\\/#breadcrumb\",\"itemListElement\":[{\"@type\":\"ListItem\",\"position\":1,\"name\":\"Home\",\"item\":\"https:\\\/\\\/escapehunt.com\\\/fr\\\/clermont-ferrand\\\/\"},{\"@type\":\"ListItem\",\"position\":2,\"name\":\"CH\u00c8QUE CADEAU EXPERIENCE\"}]},{\"@type\":\"WebSite\",\"@id\":\"https:\\\/\\\/escapehunt.com\\\/fr\\\/clermont-ferrand\\\/#website\",\"url\":\"https:\\\/\\\/escapehunt.com\\\/fr\\\/clermont-ferrand\\\/\",\"name\":\"Clermont-Ferrand\",\"description\":\"Escape Hunt Clermont Ferrand \u2013 Number 1 Escape Game in Clermont Ferrand\",\"potentialAction\":[{\"@type\":\"SearchAction\",\"target\":{\"@type\":\"EntryPoint\",\"urlTemplate\":\"https:\\\/\\\/escapehunt.com\\\/fr\\\/clermont-ferrand\\\/?s={search_term_string}\"},\"query-input\":{\"@type\":\"PropertyValueSpecification\",\"valueRequired\":true,\"valueName\":\"search_term_string\"}}],\"inLanguage\":\"fr-FR\"}]}<\/script>\n<!-- \/ Yoast SEO plugin. -->","yoast_head_json":{"title":"CH\u00c8QUE CADEAU EXPERIENCE - Clermont-Ferrand","description":"1 ch\u00e8que cadeau - 3 activit\u00e9s ! Chez Escape Hunt, Virtual Room et SENSAS, trois activit\u00e9s situ\u00e9es au Brezet, \u00e0 Clermont-Ferrand.","robots":{"index":"noindex","follow":"follow","max-snippet":"max-snippet:-1","max-image-preview":"max-image-preview:large","max-video-preview":"max-video-preview:-1"},"og_locale":"fr_FR","og_type":"article","og_title":"CH\u00c8QUE CADEAU EXPERIENCE - Clermont-Ferrand","og_description":"1 ch\u00e8que cadeau - 3 activit\u00e9s ! Chez Escape Hunt, Virtual Room et SENSAS, trois activit\u00e9s situ\u00e9es au Brezet, \u00e0 Clermont-Ferrand.","og_url":"https:\/\/escapehunt.com\/fr\/clermont-ferrand\/voucher-multi-experience\/","og_site_name":"Clermont-Ferrand","article_modified_time":"2024-01-17T16:02:12+00:00","twitter_card":"summary_large_image","twitter_misc":{"Dur\u00e9e de lecture estim\u00e9e":"1 minute"},"schema":{"@context":"https:\/\/schema.org","@graph":[{"@type":"WebPage","@id":"https:\/\/escapehunt.com\/fr\/clermont-ferrand\/voucher-multi-experience\/","url":"https:\/\/escapehunt.com\/fr\/clermont-ferrand\/voucher-multi-experience\/","name":"CH\u00c8QUE CADEAU EXPERIENCE - Clermont-Ferrand","isPartOf":{"@id":"https:\/\/escapehunt.com\/fr\/clermont-ferrand\/#website"},"datePublished":"2020-11-18T13:09:26+00:00","dateModified":"2024-01-17T16:02:12+00:00","description":"1 ch\u00e8que cadeau - 3 activit\u00e9s ! Chez Escape Hunt, Virtual Room et SENSAS, trois activit\u00e9s situ\u00e9es au Brezet, \u00e0 Clermont-Ferrand.","breadcrumb":{"@id":"https:\/\/escapehunt.com\/fr\/clermont-ferrand\/voucher-multi-experience\/#breadcrumb"},"inLanguage":"fr-FR","potentialAction":[{"@type":"ReadAction","target":["https:\/\/escapehunt.com\/fr\/clermont-ferrand\/voucher-multi-experience\/"]}]},{"@type":"BreadcrumbList","@id":"https:\/\/escapehunt.com\/fr\/clermont-ferrand\/voucher-multi-experience\/#breadcrumb","itemListElement":[{"@type":"ListItem","position":1,"name":"Home","item":"https:\/\/escapehunt.com\/fr\/clermont-ferrand\/"},{"@type":"ListItem","position":2,"name":"CH\u00c8QUE CADEAU EXPERIENCE"}]},{"@type":"WebSite","@id":"https:\/\/escapehunt.com\/fr\/clermont-ferrand\/#website","url":"https:\/\/escapehunt.com\/fr\/clermont-ferrand\/","name":"Clermont-Ferrand","description":"Escape Hunt Clermont Ferrand \u2013 Number 1 Escape Game in Clermont Ferrand","potentialAction":[{"@type":"SearchAction","target":{"@type":"EntryPoint","urlTemplate":"https:\/\/escapehunt.com\/fr\/clermont-ferrand\/?s={search_term_string}"},"query-input":{"@type":"PropertyValueSpecification","valueRequired":true,"valueName":"search_term_string"}}],"inLanguage":"fr-FR"}]}},"custom_schema_json":"","_links":{"self":[{"href":"https:\/\/staging3.escapehunt.com\/fr\/clermont-ferrand\/wp-json\/wp\/v2\/pages\/45240","targetHints":{"allow":["GET"]}}],"collection":[{"href":"https:\/\/staging3.escapehunt.com\/fr\/clermont-ferrand\/wp-json\/wp\/v2\/pages"}],"about":[{"href":"https:\/\/staging3.escapehunt.com\/fr\/clermont-ferrand\/wp-json\/wp\/v2\/types\/page"}],"author":[{"embeddable":true,"href":"https:\/\/staging3.escapehunt.com\/fr\/clermont-ferrand\/wp-json\/wp\/v2\/users\/62"}],"replies":[{"embeddable":true,"href":"https:\/\/staging3.escapehunt.com\/fr\/clermont-ferrand\/wp-json\/wp\/v2\/comments?post=45240"}],"version-history":[{"count":0,"href":"https:\/\/staging3.escapehunt.com\/fr\/clermont-ferrand\/wp-json\/wp\/v2\/pages\/45240\/revisions"}],"wp:attachment":[{"href":"https:\/\/staging3.escapehunt.com\/fr\/clermont-ferrand\/wp-json\/wp\/v2\/media?parent=45240"}],"curies":[{"name":"wp","href":"https:\/\/api.w.org\/{rel}","templated":true}]}}