{"id":143,"date":"2018-10-03T12:45:30","date_gmt":"2018-10-03T12:45:30","guid":{"rendered":"http:\/\/s27835.p712.sites.pressdns.com\/fr\/bordeaux\/?page_id=143"},"modified":"2019-06-20T16:18:55","modified_gmt":"2019-06-20T16:18:55","slug":"a-propos-de-notre-utilisation-des-cookies","status":"publish","type":"page","link":"https:\/\/staging3.escapehunt.com\/fr\/larochelle\/a-propos-de-notre-utilisation-des-cookies\/","title":{"rendered":"A PROPOS DE NOTRE UTILISATION DES COOKIES"},"content":{"rendered":"<p><span style=\"font-weight: 400;\">Notre site internet utilise des cookies ainsi que divers outils de tracking technologique afin de vous diff\u00e9rencier des autres utilisateurs sur le site. Cela nous aide \u00e0 vous proposer la meilleure exp\u00e9rience quand vous visitez note site et permet de nous aider \u00e0 l\u2019am\u00e9liorer. En continuant de visiter notre site internet, vous acceptez implicitement notre mani\u00e8re d\u2019utiliser les cookies. <\/span><\/p>\n<p><span style=\"font-weight: 400;\">Un cookie est un petit fichier de lettres et chiffres que nous gardons sur votre explorateur internet ou disque dur si vous l\u2019acceptez. Les cookies contiennent des informations qui sont transf\u00e9r\u00e9es sur votre disque dur d\u2019ordinateur. <\/span><\/p>\n<p><span style=\"font-weight: 400;\">Certaines de nos pages du site internet peuvent aussi contenir un fichier image transparent ou une ligne de code pour enregistrer la mani\u00e8re dont vous interagissez avec ces m\u00eames pages. Ces outils sont souvent coupl\u00e9s avec les cookies du navigateur et permettent de mieux analyser et d\u2019am\u00e9liorer nos services en vous proposant des publications cibl\u00e9es bas\u00e9es sur votre comportement et centres d\u2019int\u00e9r\u00eats. <\/span><\/p>\n<p><span style=\"font-weight: 400;\">Nous utilisons les cookies et outils de tracking suivants : <\/span><\/p>\n<ul>\n<li style=\"font-weight: 400;\"><b>Strictement n\u00e9cessaire<\/b><span style=\"font-weight: 400;\"> : ces cookies sont requis pour le bon fonctionnement de notre site internet. Cela inclut, par exemple, des cookies qui vous permettent de vous enregistrer sur des parties s\u00e9curis\u00e9es de notre site, d\u2019utiliser un panier d\u2019achat ou de permettre un paiement en ligne. <\/span><\/li>\n<li style=\"font-weight: 400;\"><b>Analytique \/ performance<\/b><span style=\"font-weight: 400;\"> : ils nous permettent de reconna\u00eetre et de compter les diff\u00e9rents visiteurs du site internet ainsi que leur comportement lors de leur passage. Ceci nous permet d\u2019am\u00e9liorer la mani\u00e8re dont notre site fonctionne, en s\u2019assurant que les utilisateurs trouvent ce qu\u2019ils recherchent. <\/span><\/li>\n<li><b>Fonctionnalit\u00e9 : <span style=\"font-weight: 400;\">ils sont utilis\u00e9s pour reconna\u00eetre l\u2019utilisateur lors de son retour sur le site internet. Ceci nous permet de personnaliser notre contenu pour l\u2019utilisateur, le saluer par son nom et se rappeler de ses pr\u00e9f\u00e9rences (par exemple le choix de la r\u00e9gion ou la langue).<\/span><\/b><\/li>\n<li><strong>Ciblage :<\/strong> <span style=\"font-weight: 400;\">ces cookies sont utilis\u00e9s afin de se souvenir des visites du site, des pages visit\u00e9es ainsi que les liens cliqu\u00e9s par l\u2019utilisateur. Nous utilisons cette information afin de faire de notre site et des publicit\u00e9s affich\u00e9es mieux cibl\u00e9es pour chaque utilisateur. Nous pouvons \u00e9galement partager cette information \u00e0 des tiers \u00e0 cette fin : si l\u2019utilisateur a visit\u00e9 notre site, il peut se voir afficher une de nos publicit\u00e9s sur un site tiers. <\/span><\/li>\n<\/ul>\n<p>&nbsp;<\/p>\n<p><span style=\"font-weight: 400;\">Vous trouverez plus d\u2019information \u00e0 propos des cookies utilis\u00e9s et l\u2019objectif associ\u00e9 dans le tableau ci-dessous :<\/span><\/p>\n<table>\n<tbody>\n<tr>\n<td><span style=\"font-weight: 400;\">Type de cookie<\/span><\/td>\n<td><span style=\"font-weight: 400;\">Nom<\/span><\/td>\n<td><span style=\"font-weight: 400;\">Objectif<\/span><\/td>\n<td><span style=\"font-weight: 400;\">Expiration<\/span><\/td>\n<\/tr>\n<tr>\n<td><span style=\"font-weight: 400;\">Strictement n\u00e9cessaire<\/span><\/td>\n<td><span style=\"font-weight: 400;\">eh_accepts_cookies<\/span><\/td>\n<td><span style=\"font-weight: 400;\">Nous l\u2019utilisons pour enregistrer votre acceptation de notre politique de cookies. L\u2019enregistrement permet de ne pas vous le r\u00e9p\u00e9ter \u00e0 chaque visite. \u00a0<\/span><\/td>\n<td><span style=\"font-weight: 400;\"> \u00a0\u00a0\u00a0\u00a0\u00a0\u00a0\u00a0\u00a0\u00a0\u00a0\u00a0\u00a0\u00a0\u00a0\u00a0\u00a0\u00a0\u00a0\u00a0\u00a0\u00a0\u00a0\u00a0\u00a0\u00a0Jamais<\/span><\/td>\n<\/tr>\n<tr>\n<td><span style=\"font-weight: 400;\">Strictement n\u00e9cessaire<\/span><\/td>\n<td><span style=\"font-weight: 400;\">wpcookienotifier_dismissed<\/span><\/td>\n<td><span style=\"font-weight: 400;\">Nous l\u2019utilisons pour enregistrer votre acceptation de notre politique de cookies. L\u2019enregistrement permet de ne pas vous le r\u00e9p\u00e9ter \u00e0 chaque visite. \u00a0<\/span><\/td>\n<td><span style=\"font-weight: 400;\"> \u00a0\u00a0365 jours<\/span><\/td>\n<\/tr>\n<tr>\n<td><span style=\"font-weight: 400;\">Analytique\/performance<\/span><\/td>\n<td><span style=\"font-weight: 400;\">_ga<\/span><\/td>\n<td><span style=\"font-weight: 400;\">Cela nous aide \u00e0 comprendre combien de personnes ont visit\u00e9 le site internet en ciblant l\u2019utilisateur est d\u00e9j\u00e0 venu par le pass\u00e9. <\/span><\/td>\n<td><span style=\"font-weight: 400;\"> 2 ans<\/span><\/td>\n<\/tr>\n<tr>\n<td><span style=\"font-weight: 400;\">Analytique\/performance<\/span><\/td>\n<td><span style=\"font-weight: 400;\">_gid<\/span><\/td>\n<td><span style=\"font-weight: 400;\">Cela nous aide \u00e0 comprendre combien de personnes ont visit\u00e9 le site internet en ciblant l\u2019utilisateur est d\u00e9j\u00e0 venu par le pass\u00e9. <\/span><\/td>\n<td><span style=\"font-weight: 400;\"> 24 heures<\/span><\/td>\n<\/tr>\n<tr>\n<td><span style=\"font-weight: 400;\">Analytique\/performance<\/span><\/td>\n<td><span style=\"font-weight: 400;\">_gat<\/span><\/td>\n<td><span style=\"font-weight: 400;\">Cela nous aide \u00e0 g\u00e9rer \u00e0 quelle fr\u00e9quence les demandes de connexions \u00e0 la page sont faites<\/span><\/td>\n<td><span style=\"font-weight: 400;\">1 minutes<\/span><\/td>\n<\/tr>\n<tr>\n<td><span style=\"font-weight: 400;\">Analytique\/performance<\/span><\/td>\n<td><span style=\"font-weight: 400;\">AMP_TOKEN<\/span><\/td>\n<td><span style=\"font-weight: 400;\">Cela nous aide \u00e0 comprendre comment l\u2019utilisateur est arriv\u00e9e sur la page demand\u00e9e<\/span><\/td>\n<td><span style=\"font-weight: 400;\">30 secondes \u00e0 1 an<\/span><\/td>\n<\/tr>\n<tr>\n<td><span style=\"font-weight: 400;\">Analytique\/performance<\/span><\/td>\n<td><span style=\"font-weight: 400;\">_gac_&lt;property-id&gt;<\/span><\/td>\n<td><span style=\"font-weight: 400;\">Cela nous aide \u00e0 mesurer l\u2019efficacit\u00e9 de notre activit\u00e9 marketing pour suivre les conversion des publicit\u00e9s potentiellement vues par l\u2019utilisateur avant de visiter le site internet. <\/span><\/td>\n<td><span style=\"font-weight: 400;\"> 90 jours<\/span><\/td>\n<\/tr>\n<tr>\n<td><span style=\"font-weight: 400;\">Analytique\/performance<\/span><\/td>\n<td><span style=\"font-weight: 400;\">_hjIncludedInSample<\/span><\/td>\n<td><span style=\"font-weight: 400;\">Ce cookie permet de mesurer comment l\u2019utilisateur visite le site<\/span><\/td>\n<td><span style=\"font-weight: 400;\">365 jours<\/span><\/td>\n<\/tr>\n<tr>\n<td><span style=\"font-weight: 400;\">Fonctionnel<\/span><\/td>\n<td><span style=\"font-weight: 400;\">hjClosedSurveyInvites<\/span><\/td>\n<td><span style=\"font-weight: 400;\">De temps en temps, nous pouvons demander \u00e0 l\u2019utilisateur de remplir un sondage. Quand c\u2019est le cas, ce cookie est utilis\u00e9 pour s\u2019assurer que nous ne le proposons pas plusieurs fois. <\/span><\/td>\n<td><span style=\"font-weight: 400;\">365 jours<\/span><\/td>\n<\/tr>\n<tr>\n<td><span style=\"font-weight: 400;\">Fonctionnel<\/span><\/td>\n<td><span style=\"font-weight: 400;\">_hjDonePolls<\/span><\/td>\n<td><span style=\"font-weight: 400;\">Ce cookie est utilis\u00e9 si l\u2019utilisateur vote en utilisant le widget Facebook poll afin de ne pas le proposer deux fois. <\/span><\/td>\n<td><span style=\"font-weight: 400;\">365 jours<\/span><\/td>\n<\/tr>\n<tr>\n<td><span style=\"font-weight: 400;\">Fonctionnel<\/span><\/td>\n<td><span style=\"font-weight: 400;\">_jhMinimizedPolls<\/span><\/td>\n<td><span style=\"font-weight: 400;\">Ce cookie est utilis\u00e9 si l\u2019utilisateur r\u00e9duit le widget Facebook poll, afin que celui-ci reste r\u00e9duit lors de sa visite du site internet<\/span><\/td>\n<td><span style=\"font-weight: 400;\">365 jours<\/span><\/td>\n<\/tr>\n<tr>\n<td><span style=\"font-weight: 400;\">Fonctionnel<\/span><\/td>\n<td><span style=\"font-weight: 400;\">_hjDoneTestersWidgets<\/span><\/td>\n<td><span style=\"font-weight: 400;\">Ce cookie est activ\u00e9 si l\u2019utilisateur soumet des informations dans le Recruit User Testers widget afin de ne pas appara\u00eetre de nouveau dans le futur. <\/span><\/td>\n<td><span style=\"font-weight: 400;\">365 jours<\/span><\/td>\n<\/tr>\n<tr>\n<td><span style=\"font-weight: 400;\">Fonctionnel<\/span><\/td>\n<td><span style=\"font-weight: 400;\">_hjMinimizedTestersWidges<\/span><\/td>\n<td><span style=\"font-weight: 400;\">Ce cookie est utilis\u00e9 si l\u2019utilisateur r\u00e9duit le widget Recruit User Testers, afin que celui-ci reste r\u00e9duit lors de sa visite du site internet. <\/span><\/td>\n<td><span style=\"font-weight: 400;\">365 jours<\/span><\/td>\n<\/tr>\n<tr>\n<td><span style=\"font-weight: 400;\">Fonctionnel<\/span><\/td>\n<td><span style=\"font-weight: 400;\">_hjDoneSurveys<\/span><\/td>\n<td><span style=\"font-weight: 400;\">Ce cookie est activ\u00e9 quand un sondage est compl\u00e9t\u00e9. Il est utilis\u00e9 pour afficher le contenu du sondage si l\u2019utilisateur ne l\u2019a pas encore rempli. <\/span><\/td>\n<td><span style=\"font-weight: 400;\">365 jours<\/span><\/td>\n<\/tr>\n<tr>\n<td><span style=\"font-weight: 400;\">Fonctionnel<\/span><\/td>\n<td><span style=\"font-weight: 400;\">_hjShownFeedBackMessage<\/span><\/td>\n<td><span style=\"font-weight: 400;\">Ce cookie est activ\u00e9 si l\u2019utilisateur r\u00e9duit ou compl\u00e8te le formulaire Incoming Feedback afin de ne pas revenir \u00e0 la normal si une autre page est visit\u00e9e (o\u00f9 le formulaire est cens\u00e9 \u00eatre ouvert). <\/span><\/td>\n<td><span style=\"font-weight: 400;\">365 jours<\/span><\/td>\n<\/tr>\n<tr>\n<td><span style=\"font-weight: 400;\">Fonctionnel <\/span><\/td>\n<td><span style=\"font-weight: 400;\">_icl_current_language<\/span><\/td>\n<td><span style=\"font-weight: 400;\">Ces cookies sont utilis\u00e9s afin de g\u00e9rer l\u2019aspect multilingue du site internet. <\/span><\/td>\n<td><span style=\"font-weight: 400;\">2 jours<\/span><\/td>\n<\/tr>\n<tr>\n<td><span style=\"font-weight: 400;\">Fonctionnel<\/span><\/td>\n<td><span style=\"font-weight: 400;\">_icl_visitor_lang_js<\/span><\/td>\n<td><span style=\"font-weight: 400;\">Ces cookies sont utilis\u00e9s afin de g\u00e9rer l\u2019aspect multilingue du site internet. <\/span><\/td>\n<td><span style=\"font-weight: 400;\">2 jours<\/span><\/td>\n<\/tr>\n<tr>\n<td><span style=\"font-weight: 400;\">Fonctionnel<\/span><\/td>\n<td><span style=\"font-weight: 400;\">wpml_browser_redirect_test<\/span><\/td>\n<td><span style=\"font-weight: 400;\">Ce cookie est utilis\u00e9 pour v\u00e9rifier que les autres cookies sont activ\u00e9s<\/span><\/td>\n<td><span style=\"font-weight: 400;\">Jamais<\/span><\/td>\n<\/tr>\n<tr>\n<td><span style=\"font-weight: 400;\">Fonctionnel <\/span><\/td>\n<td><span style=\"font-weight: 400;\">wpml_referer_url<\/span><\/td>\n<td><span style=\"font-weight: 400;\">Ce cookie enregistre les derni\u00e8res requ\u00eates URL sur le front end<\/span><\/td>\n<td><span style=\"font-weight: 400;\">Ce cookie expire d\u00e8s que le navigateur se ferme<\/span><\/td>\n<\/tr>\n<tr>\n<td><span style=\"font-weight: 400;\">Fonctionnel<\/span><\/td>\n<td><span style=\"font-weight: 400;\">woomcommerce_cart_hash<\/span><\/td>\n<td><span style=\"font-weight: 400;\">Ce cookie enregistre les informations de ce que l\u2019utilisateur garde dans son panier d\u2019achat sur certains de nos sites<\/span><\/td>\n<td><span style=\"font-weight: 400;\">Jamais<\/span><\/td>\n<\/tr>\n<tr>\n<td><span style=\"font-weight: 400;\">Fonctionnel<\/span><\/td>\n<td><span style=\"font-weight: 400;\">woocommerce_items_in_cart<\/span><\/td>\n<td><span style=\"font-weight: 400;\">Ce cookie averti si des changements sont r\u00e9alis\u00e9s dans le panier d\u2019achat sur certains de nos sites<\/span><\/td>\n<td><span style=\"font-weight: 400;\">Jamais<\/span><\/td>\n<\/tr>\n<tr>\n<td><span style=\"font-weight: 400;\">Fonctionnel<\/span><\/td>\n<td><span style=\"font-weight: 400;\">wp_woocommerce_session_<\/span><\/td>\n<td><span style=\"font-weight: 400;\">Ce cookie est utilis\u00e9 pour retrouver le panier d\u2019achat quand l\u2019utilisateur revient sur l\u2019un de nos sites<\/span><\/td>\n<td><span style=\"font-weight: 400;\">4 jours<\/span><\/td>\n<\/tr>\n<tr>\n<td><span style=\"font-weight: 400;\">Fonctionnel<\/span><\/td>\n<td><span style=\"font-weight: 400;\">woocommerce_recently_viewed<\/span><\/td>\n<td><span style=\"font-weight: 400;\">Ce cookie enregistre les articles visit\u00e9s par l\u2019utilisateur sur l\u2019un de nos sites<\/span><\/td>\n<td><span style=\"font-weight: 400;\">Jamais<\/span><\/td>\n<\/tr>\n<tr>\n<td><span style=\"font-weight: 400;\">Fonctionnel<\/span><\/td>\n<td><span style=\"font-weight: 400;\">_wcml_booking_currency<\/span><\/td>\n<td><span style=\"font-weight: 400;\">Ces cookies sont utilis\u00e9s pour enregistrer et g\u00e9rer les diff\u00e9rentes monnaies sur certaines parties de notre site<\/span><\/td>\n<td><span style=\"font-weight: 400;\">1 jour<\/span><\/td>\n<\/tr>\n<tr>\n<td><span style=\"font-weight: 400;\">Fonctionnel<\/span><\/td>\n<td><span style=\"font-weight: 400;\">_wcml_dashboard_currency<\/span><\/td>\n<td><span style=\"font-weight: 400;\">Ces cookies sont utilis\u00e9s pour enregistrer et g\u00e9rer les diff\u00e9rentes monnaies sur certaines parties de notre site<\/span><\/td>\n<td><span style=\"font-weight: 400;\">1 jour<\/span><\/td>\n<\/tr>\n<tr>\n<td><span style=\"font-weight: 400;\">Fonctionnel<\/span><\/td>\n<td><span style=\"font-weight: 400;\">_wcml_order_currency<\/span><\/td>\n<td><span style=\"font-weight: 400;\">Ces cookies sont utilis\u00e9s pour enregistrer et g\u00e9rer les diff\u00e9rentes monnaies sur certaines parties de notre site<\/span><\/td>\n<td><span style=\"font-weight: 400;\">1 jour<\/span><\/td>\n<\/tr>\n<tr>\n<td><span style=\"font-weight: 400;\">Fonctionnel<\/span><\/td>\n<td><span style=\"font-weight: 400;\">_wcml_reports_currency<\/span><\/td>\n<td><span style=\"font-weight: 400;\">Ces cookies sont utilis\u00e9s pour enregistrer et g\u00e9rer les diff\u00e9rentes monnaies sur certaines parties de notre site<\/span><\/td>\n<td><span style=\"font-weight: 400;\">1 jour<\/span><\/td>\n<\/tr>\n<tr>\n<td><span style=\"font-weight: 400;\">Fonctionnel<\/span><\/td>\n<td><span style=\"font-weight: 400;\">_wcml_reports_currency<\/span><\/td>\n<td><span style=\"font-weight: 400;\">Ces cookies sont utilis\u00e9s pour enregistrer et g\u00e9rer les diff\u00e9rentes monnaies sur certaines parties de notre site<\/span><\/td>\n<td><span style=\"font-weight: 400;\">1 jour<\/span><\/td>\n<\/tr>\n<tr>\n<td><span style=\"font-weight: 400;\">Fonctionnel<\/span><\/td>\n<td><span style=\"font-weight: 400;\">hjClosedSurveyInvites<\/span><\/td>\n<td><span style=\"font-weight: 400;\">De temps en temps, nous pouvons demander \u00e0 l\u2019utilisateur de remplir un sondage. Quand c\u2019est le cas, ce cookie est utilis\u00e9 pour s\u2019assurer que nous ne le proposons pas plusieurs fois.<\/span><\/td>\n<td><span style=\"font-weight: 400;\">365 jours<\/span><\/td>\n<\/tr>\n<tr>\n<td><span style=\"font-weight: 400;\">Fonctionnel<\/span><\/td>\n<td><span style=\"font-weight: 400;\">_hjDonePolls<\/span><\/td>\n<td><span style=\"font-weight: 400;\">Ce cookie est utilis\u00e9 si l\u2019utilisateur vote en utilisant le widget Facebook poll afin de ne pas le proposer deux fois. <\/span><\/td>\n<td><span style=\"font-weight: 400;\">365 jours<\/span><\/td>\n<\/tr>\n<tr>\n<td><span style=\"font-weight: 400;\">Fonctionnel<\/span><\/td>\n<td><span style=\"font-weight: 400;\">_hjMinimizedPolls<\/span><\/td>\n<td><span style=\"font-weight: 400;\">Ce cookie est utilis\u00e9 si l\u2019utilisateur r\u00e9duit le widget Facebook poll, afin que celui-ci reste r\u00e9duit lors de sa visite du site internet<\/span><\/td>\n<td><span style=\"font-weight: 400;\">365 jours<\/span><\/td>\n<\/tr>\n<tr>\n<td><span style=\"font-weight: 400;\">Fonctionnel<\/span><\/td>\n<td><span style=\"font-weight: 400;\">_hjDoneTestersWidgets<\/span><\/td>\n<td><span style=\"font-weight: 400;\">Ce cookie est activ\u00e9 si l\u2019utilisateur soumet des informations dans le Recruit User Testers widget afin de ne pas appara\u00eetre de nouveau dans le futur. <\/span><\/td>\n<td><span style=\"font-weight: 400;\">365 jours<\/span><\/td>\n<\/tr>\n<tr>\n<td><span style=\"font-weight: 400;\">Fonctionnel<\/span><\/td>\n<td><span style=\"font-weight: 400;\">_hjMinimizedTestersWidgets<\/span><\/td>\n<td><span style=\"font-weight: 400;\">Ce cookie est utilis\u00e9 si l\u2019utilisateur r\u00e9duit le widget Recruit User Testers, afin que celui-ci reste r\u00e9duit lors de sa visite du site internet. <\/span><\/td>\n<td><span style=\"font-weight: 400;\">365 jours<\/span><\/td>\n<\/tr>\n<tr>\n<td><span style=\"font-weight: 400;\">Fonctionnel<\/span><\/td>\n<td><span style=\"font-weight: 400;\">_hjDoneSurveys<\/span><\/td>\n<td><span style=\"font-weight: 400;\">Ce cookie est activ\u00e9 quand un sondage est compl\u00e9t\u00e9. Il est utilis\u00e9 pour afficher le contenu du sondage si l\u2019utilisateur ne l\u2019a pas encore rempli<\/span><\/td>\n<td><span style=\"font-weight: 400;\">365 jours<\/span><\/td>\n<\/tr>\n<tr>\n<td><span style=\"font-weight: 400;\">Fonctionnel<\/span><\/td>\n<td><span style=\"font-weight: 400;\">_hjShownFeedbackMessage<\/span><\/td>\n<td><span style=\"font-weight: 400;\">Ce cookie est activ\u00e9 si l\u2019utilisateur r\u00e9duit ou compl\u00e8te le formulaire Incoming Feedback afin de ne pas revenir \u00e0 la normal si une autre page est visit\u00e9e (o\u00f9 le formulaire est cens\u00e9 \u00eatre ouvert). <\/span><\/td>\n<td><span style=\"font-weight: 400;\">365 jours<\/span><\/td>\n<\/tr>\n<tr>\n<td><span style=\"font-weight: 400;\">Ciblage<\/span><\/td>\n<td><span style=\"font-weight: 400;\">Pixel Facebook<\/span><\/td>\n<td><span style=\"font-weight: 400;\">Ce pixel permets de traquer les visites et de proposer des publicit\u00e9s int\u00e9ressantes pour l\u2019utilisateur quand il s\u2019enregistre sur son compte Facebook. Les informations collect\u00e9es restent anonymes pour Escape Hunt et ne permettent pas d\u2019identifier l\u2019utilisateur m\u00eame si les informations sont re\u00e7ues et trait\u00e9es par Facebook, capable de connecter les informations entre-elles. <\/span><\/td>\n<td><span style=\"font-weight: 400;\">Non disponible<\/span><\/td>\n<\/tr>\n<\/tbody>\n<\/table>\n<p><span style=\"font-weight: 400;\">Pri\u00e8re de noter que les soci\u00e9t\u00e9s tiers (incluant par exemple les publicitaires ou fournisseurs de services externalis\u00e9s comme l\u2019analyse de trafic web) peuvent \u00e9galement utiliser les cookies, pour lesquels nous n\u2019avons aucun contr\u00f4l. Ces cookies sont principalement analytique, de performance ou de ciblage. <\/span><\/p>\n<p><span style=\"font-weight: 400;\">Vous pouvez bloquer ces cookies en utilisant les param\u00e8tres li\u00e9s \u00e0 votre navigateur en d\u00e9cidant de bloquer tout ou partiellement les cookies. Cependant, si vous d\u00e9sirez bloquer l\u2019int\u00e9gralit\u00e9 des cookies, vous risquez de ne pas pouvoir acc\u00e9der \u00e0 toutes les parties du site internet. <\/span><\/p>\n<p><span style=\"font-weight: 400;\">Pour en savoir plus sur le Pixel Facebook et sur comment mettre \u00e0 jour les param\u00e8tres de publicit\u00e9s Facebook, merci de visiter : facebook.com\/about\/privacy.<\/span><\/p>\n","protected":false},"excerpt":{"rendered":"<p>Notre site internet utilise des cookies ainsi que divers outils de tracking technologique afin de vous diff\u00e9rencier des autres utilisateurs sur le site. Cela nous aide \u00e0 vous proposer la&hellip;<\/p>\n","protected":false},"author":12,"featured_media":0,"parent":0,"menu_order":0,"comment_status":"closed","ping_status":"closed","template":"","meta":{"_acf_changed":false,"footnotes":""},"class_list":["post-143","page","type-page","status-publish","hentry"],"acf":{"custom_schema_json":""},"yoast_head":"<!-- This site is optimized with the Yoast SEO plugin v27.3 - https:\/\/yoast.com\/product\/yoast-seo-wordpress\/ -->\n<title>A PROPOS DE NOTRE UTILISATION DES COOKIES | Escape Hunt La Rochelle<\/title>\n<meta name=\"description\" content=\"Lisez la politique de cookies pour Escape Hunt.\" \/>\n<meta name=\"robots\" content=\"noindex, follow, max-snippet:-1, max-image-preview:large, max-video-preview:-1\" \/>\n<meta property=\"og:locale\" content=\"fr_FR\" \/>\n<meta property=\"og:type\" content=\"article\" \/>\n<meta property=\"og:title\" content=\"A PROPOS DE NOTRE UTILISATION DES COOKIES | Escape Hunt La Rochelle\" \/>\n<meta property=\"og:description\" content=\"Lisez la politique de cookies pour Escape Hunt.\" \/>\n<meta property=\"og:url\" content=\"https:\/\/escapehunt.com\/fr\/larochelle\/a-propos-de-notre-utilisation-des-cookies\/\" \/>\n<meta property=\"og:site_name\" content=\"La Rochelle\" \/>\n<meta property=\"article:modified_time\" content=\"2019-06-20T16:18:55+00:00\" \/>\n<meta name=\"twitter:card\" content=\"summary_large_image\" \/>\n<meta name=\"twitter:label1\" content=\"Dur\u00e9e de lecture estim\u00e9e\" \/>\n\t<meta name=\"twitter:data1\" content=\"8 minutes\" \/>\n<script type=\"application\/ld+json\" class=\"yoast-schema-graph\">{\"@context\":\"https:\\\/\\\/schema.org\",\"@graph\":[{\"@type\":\"WebPage\",\"@id\":\"https:\\\/\\\/escapehunt.com\\\/fr\\\/larochelle\\\/a-propos-de-notre-utilisation-des-cookies\\\/\",\"url\":\"https:\\\/\\\/escapehunt.com\\\/fr\\\/larochelle\\\/a-propos-de-notre-utilisation-des-cookies\\\/\",\"name\":\"A PROPOS DE NOTRE UTILISATION DES COOKIES | Escape Hunt La Rochelle\",\"isPartOf\":{\"@id\":\"https:\\\/\\\/escapehunt.com\\\/fr\\\/larochelle\\\/#website\"},\"datePublished\":\"2018-10-03T12:45:30+00:00\",\"dateModified\":\"2019-06-20T16:18:55+00:00\",\"description\":\"Lisez la politique de cookies pour Escape Hunt.\",\"breadcrumb\":{\"@id\":\"https:\\\/\\\/escapehunt.com\\\/fr\\\/larochelle\\\/a-propos-de-notre-utilisation-des-cookies\\\/#breadcrumb\"},\"inLanguage\":\"fr-FR\",\"potentialAction\":[{\"@type\":\"ReadAction\",\"target\":[\"https:\\\/\\\/escapehunt.com\\\/fr\\\/larochelle\\\/a-propos-de-notre-utilisation-des-cookies\\\/\"]}]},{\"@type\":\"BreadcrumbList\",\"@id\":\"https:\\\/\\\/escapehunt.com\\\/fr\\\/larochelle\\\/a-propos-de-notre-utilisation-des-cookies\\\/#breadcrumb\",\"itemListElement\":[{\"@type\":\"ListItem\",\"position\":1,\"name\":\"Home\",\"item\":\"https:\\\/\\\/escapehunt.com\\\/fr\\\/larochelle\\\/\"},{\"@type\":\"ListItem\",\"position\":2,\"name\":\"A PROPOS DE NOTRE UTILISATION DES COOKIES\"}]},{\"@type\":\"WebSite\",\"@id\":\"https:\\\/\\\/escapehunt.com\\\/fr\\\/larochelle\\\/#website\",\"url\":\"https:\\\/\\\/escapehunt.com\\\/fr\\\/larochelle\\\/\",\"name\":\"La Rochelle\",\"description\":\"Escape Hunt La Rochelle - Number 1 Escape Game in La Rochelle\",\"potentialAction\":[{\"@type\":\"SearchAction\",\"target\":{\"@type\":\"EntryPoint\",\"urlTemplate\":\"https:\\\/\\\/escapehunt.com\\\/fr\\\/larochelle\\\/?s={search_term_string}\"},\"query-input\":{\"@type\":\"PropertyValueSpecification\",\"valueRequired\":true,\"valueName\":\"search_term_string\"}}],\"inLanguage\":\"fr-FR\"}]}<\/script>\n<!-- \/ Yoast SEO plugin. -->","yoast_head_json":{"title":"A PROPOS DE NOTRE UTILISATION DES COOKIES | Escape Hunt La Rochelle","description":"Lisez la politique de cookies pour Escape Hunt.","robots":{"index":"noindex","follow":"follow","max-snippet":"max-snippet:-1","max-image-preview":"max-image-preview:large","max-video-preview":"max-video-preview:-1"},"og_locale":"fr_FR","og_type":"article","og_title":"A PROPOS DE NOTRE UTILISATION DES COOKIES | Escape Hunt La Rochelle","og_description":"Lisez la politique de cookies pour Escape Hunt.","og_url":"https:\/\/escapehunt.com\/fr\/larochelle\/a-propos-de-notre-utilisation-des-cookies\/","og_site_name":"La Rochelle","article_modified_time":"2019-06-20T16:18:55+00:00","twitter_card":"summary_large_image","twitter_misc":{"Dur\u00e9e de lecture estim\u00e9e":"8 minutes"},"schema":{"@context":"https:\/\/schema.org","@graph":[{"@type":"WebPage","@id":"https:\/\/escapehunt.com\/fr\/larochelle\/a-propos-de-notre-utilisation-des-cookies\/","url":"https:\/\/escapehunt.com\/fr\/larochelle\/a-propos-de-notre-utilisation-des-cookies\/","name":"A PROPOS DE NOTRE UTILISATION DES COOKIES | Escape Hunt La Rochelle","isPartOf":{"@id":"https:\/\/escapehunt.com\/fr\/larochelle\/#website"},"datePublished":"2018-10-03T12:45:30+00:00","dateModified":"2019-06-20T16:18:55+00:00","description":"Lisez la politique de cookies pour Escape Hunt.","breadcrumb":{"@id":"https:\/\/escapehunt.com\/fr\/larochelle\/a-propos-de-notre-utilisation-des-cookies\/#breadcrumb"},"inLanguage":"fr-FR","potentialAction":[{"@type":"ReadAction","target":["https:\/\/escapehunt.com\/fr\/larochelle\/a-propos-de-notre-utilisation-des-cookies\/"]}]},{"@type":"BreadcrumbList","@id":"https:\/\/escapehunt.com\/fr\/larochelle\/a-propos-de-notre-utilisation-des-cookies\/#breadcrumb","itemListElement":[{"@type":"ListItem","position":1,"name":"Home","item":"https:\/\/escapehunt.com\/fr\/larochelle\/"},{"@type":"ListItem","position":2,"name":"A PROPOS DE NOTRE UTILISATION DES COOKIES"}]},{"@type":"WebSite","@id":"https:\/\/escapehunt.com\/fr\/larochelle\/#website","url":"https:\/\/escapehunt.com\/fr\/larochelle\/","name":"La Rochelle","description":"Escape Hunt La Rochelle - Number 1 Escape Game in La Rochelle","potentialAction":[{"@type":"SearchAction","target":{"@type":"EntryPoint","urlTemplate":"https:\/\/escapehunt.com\/fr\/larochelle\/?s={search_term_string}"},"query-input":{"@type":"PropertyValueSpecification","valueRequired":true,"valueName":"search_term_string"}}],"inLanguage":"fr-FR"}]}},"custom_schema_json":"","_links":{"self":[{"href":"https:\/\/staging3.escapehunt.com\/fr\/larochelle\/wp-json\/wp\/v2\/pages\/143","targetHints":{"allow":["GET"]}}],"collection":[{"href":"https:\/\/staging3.escapehunt.com\/fr\/larochelle\/wp-json\/wp\/v2\/pages"}],"about":[{"href":"https:\/\/staging3.escapehunt.com\/fr\/larochelle\/wp-json\/wp\/v2\/types\/page"}],"author":[{"embeddable":true,"href":"https:\/\/staging3.escapehunt.com\/fr\/larochelle\/wp-json\/wp\/v2\/users\/12"}],"replies":[{"embeddable":true,"href":"https:\/\/staging3.escapehunt.com\/fr\/larochelle\/wp-json\/wp\/v2\/comments?post=143"}],"version-history":[{"count":0,"href":"https:\/\/staging3.escapehunt.com\/fr\/larochelle\/wp-json\/wp\/v2\/pages\/143\/revisions"}],"wp:attachment":[{"href":"https:\/\/staging3.escapehunt.com\/fr\/larochelle\/wp-json\/wp\/v2\/media?parent=143"}],"curies":[{"name":"wp","href":"https:\/\/api.w.org\/{rel}","templated":true}]}}