{"id":25449,"date":"2019-06-20T11:59:56","date_gmt":"2019-06-20T11:59:56","guid":{"rendered":"https:\/\/staging3.escapehunt.com\/fr\/larochelle\/?page_id=25449"},"modified":"2019-06-20T12:00:08","modified_gmt":"2019-06-20T12:00:08","slug":"blog","status":"publish","type":"page","link":"https:\/\/staging3.escapehunt.com\/fr\/larochelle\/blog\/","title":{"rendered":"Escape Hunt La Rochelle Blog"},"content":{"rendered":"<h3 class=\"ish-sc-element ish-sc_headline ish-color3 ish-center\"><strong>NOS ACTUALIT\u00c9S, OFFRES ET PROMOTIONS !<\/strong><\/h3>\n<div class=\"wpb_text_column wpb_content_element \">\n<div class=\"wpb_wrapper\">\n<p>C\u2019est ici que vous pourrez retrouver diff\u00e9rents posts sur l\u2019actualit\u00e9 de la franchise de La Rochelle.<\/p>\n<p>Bonne lecture d\u00e9tectives !<\/p>\n<p>&nbsp;<\/p>\n<hr \/>\n<\/div>\n<\/div>\n<p>&nbsp;<\/p>\n<h4><a href=\"https:\/\/staging3.escapehunt.com\/fr\/larochelle\/2018\/01\/13\/14749\/\">Venez f\u00eater P\u00e2ques 2018 chez Escape Hunt La Rochelle !<\/a><\/h4>\n<p>P\u00e2ques, partez \u00e0 la chasse aux oeufs chez Escape Hunt La Rochelle !D\u00e9tectives,A partir du Dimanche 1er Avril*, votre Escape Hunt La Rochelle&#8230; <a href=\"https:\/\/staging3.escapehunt.com\/fr\/larochelle\/2018\/01\/13\/14749\/\">Lire l\u2019article<\/a><\/p>\n<p>&nbsp;<\/p>\n<h4><a href=\"https:\/\/staging3.escapehunt.com\/fr\/larochelle\/2017\/07\/22\/14408\/\">TARIF ETUDIANT: 15% de r\u00e9duction de r\u00e9duction imm\u00e9diate !<\/a><\/h4>\n<p>B\u00e9n\u00e9ficiez de 15% de r\u00e9duction imm\u00e9diate avec le code : STUDENTLR&#8230; <a href=\"https:\/\/staging3.escapehunt.com\/fr\/larochelle\/2017\/07\/22\/14408\/\">Lire l\u2019article<\/a><\/p>\n<p>&nbsp;<\/p>\n<h4><a href=\"https:\/\/staging3.escapehunt.com\/fr\/larochelle\/2015\/04\/23\/un-havre-hors-du-temps-pour-les-entreprises\/\">Un havre hors du temps pour les entreprises!<\/a><\/h4>\n<p>Escape Hunt La Rochelle, plus grand Escape Game de Poitou-Charentes, est le lieu id\u00e9al o\u00f9 organiser un teambuilding ou un \u00e9v\u00e9nement pour vos clients ou collaborateurs. Nous pouvons&#8230; <a href=\"https:\/\/staging3.escapehunt.com\/fr\/larochelle\/2015\/04\/23\/un-havre-hors-du-temps-pour-les-entreprises\/\">Lire l\u2019article<\/a><\/p>\n","protected":false},"excerpt":{"rendered":"<p>NOS ACTUALIT\u00c9S, OFFRES ET PROMOTIONS ! C\u2019est ici que vous pourrez retrouver diff\u00e9rents posts sur l\u2019actualit\u00e9 de la franchise de La Rochelle. Bonne lecture d\u00e9tectives ! &nbsp; &nbsp; Venez f\u00eater&hellip;<\/p>\n","protected":false},"author":16,"featured_media":0,"parent":0,"menu_order":0,"comment_status":"closed","ping_status":"closed","template":"","meta":{"_acf_changed":false,"footnotes":""},"class_list":["post-25449","page","type-page","status-publish","hentry"],"acf":{"custom_schema_json":""},"yoast_head":"<!-- This site is optimized with the Yoast SEO plugin v27.3 - https:\/\/yoast.com\/product\/yoast-seo-wordpress\/ -->\n<title>Escape Hunt La Rochelle Blog - La Rochelle<\/title>\n<meta name=\"robots\" content=\"noindex, follow, max-snippet:-1, max-image-preview:large, max-video-preview:-1\" \/>\n<meta property=\"og:locale\" content=\"fr_FR\" \/>\n<meta property=\"og:type\" content=\"article\" \/>\n<meta property=\"og:title\" content=\"Escape Hunt La Rochelle Blog - La Rochelle\" \/>\n<meta property=\"og:description\" content=\"NOS ACTUALIT\u00c9S, OFFRES ET PROMOTIONS ! C\u2019est ici que vous pourrez retrouver diff\u00e9rents posts sur l\u2019actualit\u00e9 de la franchise de La Rochelle. Bonne lecture d\u00e9tectives ! &nbsp; &nbsp; Venez f\u00eater&hellip;\" \/>\n<meta property=\"og:url\" content=\"https:\/\/escapehunt.com\/fr\/larochelle\/blog\/\" \/>\n<meta property=\"og:site_name\" content=\"La Rochelle\" \/>\n<meta property=\"article:modified_time\" content=\"2019-06-20T12:00:08+00:00\" \/>\n<meta name=\"twitter:card\" content=\"summary_large_image\" \/>\n<meta name=\"twitter:label1\" content=\"Dur\u00e9e de lecture estim\u00e9e\" \/>\n\t<meta name=\"twitter:data1\" content=\"1 minute\" \/>\n<script type=\"application\/ld+json\" class=\"yoast-schema-graph\">{\"@context\":\"https:\\\/\\\/schema.org\",\"@graph\":[{\"@type\":\"WebPage\",\"@id\":\"https:\\\/\\\/escapehunt.com\\\/fr\\\/larochelle\\\/blog\\\/\",\"url\":\"https:\\\/\\\/escapehunt.com\\\/fr\\\/larochelle\\\/blog\\\/\",\"name\":\"Escape Hunt La Rochelle Blog - La Rochelle\",\"isPartOf\":{\"@id\":\"https:\\\/\\\/escapehunt.com\\\/fr\\\/larochelle\\\/#website\"},\"datePublished\":\"2019-06-20T11:59:56+00:00\",\"dateModified\":\"2019-06-20T12:00:08+00:00\",\"breadcrumb\":{\"@id\":\"https:\\\/\\\/escapehunt.com\\\/fr\\\/larochelle\\\/blog\\\/#breadcrumb\"},\"inLanguage\":\"fr-FR\",\"potentialAction\":[{\"@type\":\"ReadAction\",\"target\":[\"https:\\\/\\\/escapehunt.com\\\/fr\\\/larochelle\\\/blog\\\/\"]}]},{\"@type\":\"BreadcrumbList\",\"@id\":\"https:\\\/\\\/escapehunt.com\\\/fr\\\/larochelle\\\/blog\\\/#breadcrumb\",\"itemListElement\":[{\"@type\":\"ListItem\",\"position\":1,\"name\":\"Home\",\"item\":\"https:\\\/\\\/escapehunt.com\\\/fr\\\/larochelle\\\/\"},{\"@type\":\"ListItem\",\"position\":2,\"name\":\"Escape Hunt La Rochelle Blog\"}]},{\"@type\":\"WebSite\",\"@id\":\"https:\\\/\\\/escapehunt.com\\\/fr\\\/larochelle\\\/#website\",\"url\":\"https:\\\/\\\/escapehunt.com\\\/fr\\\/larochelle\\\/\",\"name\":\"La Rochelle\",\"description\":\"Escape Hunt La Rochelle - Number 1 Escape Game in La Rochelle\",\"potentialAction\":[{\"@type\":\"SearchAction\",\"target\":{\"@type\":\"EntryPoint\",\"urlTemplate\":\"https:\\\/\\\/escapehunt.com\\\/fr\\\/larochelle\\\/?s={search_term_string}\"},\"query-input\":{\"@type\":\"PropertyValueSpecification\",\"valueRequired\":true,\"valueName\":\"search_term_string\"}}],\"inLanguage\":\"fr-FR\"}]}<\/script>\n<!-- \/ Yoast SEO plugin. -->","yoast_head_json":{"title":"Escape Hunt La Rochelle Blog - La Rochelle","robots":{"index":"noindex","follow":"follow","max-snippet":"max-snippet:-1","max-image-preview":"max-image-preview:large","max-video-preview":"max-video-preview:-1"},"og_locale":"fr_FR","og_type":"article","og_title":"Escape Hunt La Rochelle Blog - La Rochelle","og_description":"NOS ACTUALIT\u00c9S, OFFRES ET PROMOTIONS ! C\u2019est ici que vous pourrez retrouver diff\u00e9rents posts sur l\u2019actualit\u00e9 de la franchise de La Rochelle. Bonne lecture d\u00e9tectives ! &nbsp; &nbsp; Venez f\u00eater&hellip;","og_url":"https:\/\/escapehunt.com\/fr\/larochelle\/blog\/","og_site_name":"La Rochelle","article_modified_time":"2019-06-20T12:00:08+00:00","twitter_card":"summary_large_image","twitter_misc":{"Dur\u00e9e de lecture estim\u00e9e":"1 minute"},"schema":{"@context":"https:\/\/schema.org","@graph":[{"@type":"WebPage","@id":"https:\/\/escapehunt.com\/fr\/larochelle\/blog\/","url":"https:\/\/escapehunt.com\/fr\/larochelle\/blog\/","name":"Escape Hunt La Rochelle Blog - La Rochelle","isPartOf":{"@id":"https:\/\/escapehunt.com\/fr\/larochelle\/#website"},"datePublished":"2019-06-20T11:59:56+00:00","dateModified":"2019-06-20T12:00:08+00:00","breadcrumb":{"@id":"https:\/\/escapehunt.com\/fr\/larochelle\/blog\/#breadcrumb"},"inLanguage":"fr-FR","potentialAction":[{"@type":"ReadAction","target":["https:\/\/escapehunt.com\/fr\/larochelle\/blog\/"]}]},{"@type":"BreadcrumbList","@id":"https:\/\/escapehunt.com\/fr\/larochelle\/blog\/#breadcrumb","itemListElement":[{"@type":"ListItem","position":1,"name":"Home","item":"https:\/\/escapehunt.com\/fr\/larochelle\/"},{"@type":"ListItem","position":2,"name":"Escape Hunt La Rochelle Blog"}]},{"@type":"WebSite","@id":"https:\/\/escapehunt.com\/fr\/larochelle\/#website","url":"https:\/\/escapehunt.com\/fr\/larochelle\/","name":"La Rochelle","description":"Escape Hunt La Rochelle - Number 1 Escape Game in La Rochelle","potentialAction":[{"@type":"SearchAction","target":{"@type":"EntryPoint","urlTemplate":"https:\/\/escapehunt.com\/fr\/larochelle\/?s={search_term_string}"},"query-input":{"@type":"PropertyValueSpecification","valueRequired":true,"valueName":"search_term_string"}}],"inLanguage":"fr-FR"}]}},"custom_schema_json":"","_links":{"self":[{"href":"https:\/\/staging3.escapehunt.com\/fr\/larochelle\/wp-json\/wp\/v2\/pages\/25449","targetHints":{"allow":["GET"]}}],"collection":[{"href":"https:\/\/staging3.escapehunt.com\/fr\/larochelle\/wp-json\/wp\/v2\/pages"}],"about":[{"href":"https:\/\/staging3.escapehunt.com\/fr\/larochelle\/wp-json\/wp\/v2\/types\/page"}],"author":[{"embeddable":true,"href":"https:\/\/staging3.escapehunt.com\/fr\/larochelle\/wp-json\/wp\/v2\/users\/16"}],"replies":[{"embeddable":true,"href":"https:\/\/staging3.escapehunt.com\/fr\/larochelle\/wp-json\/wp\/v2\/comments?post=25449"}],"version-history":[{"count":0,"href":"https:\/\/staging3.escapehunt.com\/fr\/larochelle\/wp-json\/wp\/v2\/pages\/25449\/revisions"}],"wp:attachment":[{"href":"https:\/\/staging3.escapehunt.com\/fr\/larochelle\/wp-json\/wp\/v2\/media?parent=25449"}],"curies":[{"name":"wp","href":"https:\/\/api.w.org\/{rel}","templated":true}]}}