{"id":140,"date":"2018-10-03T12:41:20","date_gmt":"2018-10-03T12:41:20","guid":{"rendered":"http:\/\/s27835.p712.sites.pressdns.com\/fr\/bordeaux\/?page_id=140"},"modified":"2023-01-30T09:09:59","modified_gmt":"2023-01-30T08:09:59","slug":"conditions-generales","status":"publish","type":"page","link":"https:\/\/staging3.escapehunt.com\/fr\/lille\/conditions-generales\/","title":{"rendered":"Conditions G\u00e9n\u00e9rales"},"content":{"rendered":"<h3 style=\"font-weight: 400;\"><strong>Conditions G\u00e9n\u00e9rales de Vente<\/strong><\/h3>\n<h4 style=\"font-weight: 400;\">CHAMPS D\u2019APPLICATION<\/h4>\n<ol style=\"font-weight: 400;\">\n<li>NZE ADVENTURES est une soci\u00e9t\u00e9 au capital de 30 000\u20ac immatricul\u00e9e au RCS de LILLE sous le num\u00e9ro\u00a0835\u00a0094\u00a0749\u00a0dont le si\u00e8ge social est situ\u00e9 1 rue de l&rsquo;union, 59520 Marquette Lez Lille (\u00ab SOCIETE \u00bb). La SOCIETE op\u00e8re sous le nom de Escape Hunt LILLE .<\/li>\n<li>Les pr\u00e9sentes conditions g\u00e9n\u00e9rales de vente (\u00ab CGV \u00bb) sont librement accessibles \u00e0 toute personne physique ou morale \u00e0 tout moment et syst\u00e9matiquement port\u00e9es \u00e0 la connaissance de chaque client afin de lui permettre de passer commande. Le fait de passer commande et de cocher la case \u00ab J\u2019accepte les conditions g\u00e9n\u00e9rales de vente \u00bb lors du processus de paiement implique l\u2019acceptation enti\u00e8re et sans r\u00e9serve du client \u00e0 ces CGV.<\/li>\n<li>Les pr\u00e9sentes CGV sont applicables \u00e0 tout contrat de mise \u00e0 disposition d\u2019une salle de jeu dans les locaux de la SOCIETE (\u00ab CONTRAT \u00bb) aux joueurs (\u00ab JOUEURS \u00bb); qu\u2019ils aient r\u00e9serv\u00e9 personnellement ou qu\u2019ils fassent partie de l\u2019\u00e9quipe de la personne ayant effectu\u00e9e la r\u00e9servation (\u00ab L\u2019ACHETEUR \u00bb). Les CGV fixent les dispositions contractuelles et les conditions applicables \u00e0 toute r\u00e9servation effectu\u00e9e sur le site internet\u00a0<a href=\"http:\/\/nantes.escapehunt.com\/\">https:\/\/staging3.escapehunt.com<\/a>\/lille\u00a0(\u00ab SITE INTERNET \u00bb) ou aupr\u00e8s du personnel d&rsquo;Escape Hunt Lille.<\/li>\n<li>Ces CGV sont disponibles sur le SITE INTERNET et peuvent \u00eatre consult\u00e9es librement sur simple demande aupr\u00e8s du personnel d&rsquo;Escape Hunt Lille.<\/li>\n<li>1.5.\u00a0 \u00a0 Escape Hunt Lille reconna\u00eet le droit de modifier ou faire modifier tout ou partie des pr\u00e9sentes CGV ainsi que le contenu du SITE INTERNET, \u00e0 sa seule discr\u00e9tion, \u00e0 tout moment et sans avertissement pr\u00e9alable.<\/li>\n<\/ol>\n<h4 style=\"font-weight: 400;\">L&rsquo;ACTIVIT\u00c9<\/h4>\n<ol style=\"font-weight: 400;\">\n<li>La SOCIETE a pour objet l\u2019organisation et la commercialisation de jeux de r\u00f4les et de prestations de services aux entreprises et particuliers (\u00e0 l\u2019exclusion de tout jeux de hasard et d\u2019argent) ; franchiseur de jeux de r\u00f4les et de jeux de loisirs ; toutes prestations de services en mati\u00e8re d\u2019organisation d\u2019\u00e9v\u00e8nements.<\/li>\n<\/ol>\n<h4 style=\"font-weight: 400;\">MISE \u00c0 DISPOSITION ET UTILISATION DE LA SALLE<\/h4>\n<ol style=\"font-weight: 400;\">\n<li>L\u2019\u00e2ge minimum pour participer \u00e0 Escape Hunt Lille est de 7 ans accompagn\u00e9 d\u2019un adulte ou de 16 ans non-accompagn\u00e9. Les joueurs mineurs \u00e2g\u00e9s de plus de 16 ans ne doivent pas n\u00e9cessairement \u00eatre accompagn\u00e9s d\u2019un adulte. En cas de doute sur l\u2019\u00e2ge d\u2019un JOUEUR, Escape Hunt Lille se r\u00e9serve le droit de demander un justificatif d\u2019identit\u00e9.<\/li>\n<li>Le jeu est accessible aux personnes \u00e0 mobilit\u00e9 r\u00e9duite. Toutefois, il est recommand\u00e9 d\u2019inclure au moins une personne dite valide dans l\u2019\u00e9quipe de jeu.<\/li>\n<li>Escape Hunt Lille accorde aux joueurs (\u00ab JOUEURS \u00bb) le droit d\u2019occuper la salle de jeu r\u00e9serv\u00e9e (\u00ab SALLE \u00bb) pour une dur\u00e9e maximale de 60 minutes. L\u2019occupation de la SALLE a pour seul et unique but de participer \u00e0 un jeu d\u2019\u00e9vasion en temps r\u00e9el, lequel doit \u00eatre r\u00e9alis\u00e9 en \u00e9quipe de 2 \u00e0 5 personnes (6 selon nos th\u00e8mes).<\/li>\n<li>L\u2019admission dans la SALLE n\u2019est possible que sur pr\u00e9sentation de l\u2019email de confirmation de r\u00e9servation (envoy\u00e9 \u00e0 l\u2019 \u00ab ACHETEUR \u00bb) et sur pr\u00e9sentation d\u2019une pi\u00e8ce d\u2019identit\u00e9 de ce dernier.<\/li>\n<li>Les JOUEURS acceptent que la dur\u00e9e de pr\u00e9sence dans la SALLE soit de 60 minutes maximum en toutes circonstances. Les JOUEURS acceptent que le jeu s\u2019arr\u00eate avant la fin des 60 minutes, notamment s\u2019ils sont parvenus \u00e0 trouver tous les indices et \u00e0 r\u00e9soudre toutes les \u00e9nigmes en moins de 60 minutes ; sans que cela fasse l\u2019objet d\u2019un quelconque ajustement ou compensation tarifaire.<\/li>\n<li>Les JOUEURS sont tenus de maintenir la SALLE et l\u2019int\u00e9gralit\u00e9 de ses \u00e9quipements en bon \u00e9tat et de l\u2019utiliser conform\u00e9ment \u00e0 l\u2019usage autoris\u00e9 dans le cadre du jeu. Le JOUEUR reconna\u00eet au CONTRAT que toute d\u00e9gradation intentionnelle ou caus\u00e9e par une manipulation non autoris\u00e9e de la salle et de ses \u00e9quipements fera l\u2019objet d\u2019une refacturation.<\/li>\n<li>Par ailleurs, le JOUEUR est tenu d\u2019utiliser la SALLE et ses \u00e9quipements de sorte \u00e0 n\u2019occasionner ou risquer d\u2019occasionner aucun dommage \u00e0 lui-m\u00eame, aux autres JOUEURS, aux locaux et mat\u00e9riels d&rsquo;Escape Hunt Lille. Escape Hunt Lille ne pourra pas \u00eatre tenu responsable des dommages occasionn\u00e9s par un JOUEUR.<\/li>\n<li>Durant toute sa pr\u00e9sence au sein des locaux d&rsquo;Escape Hunt Lille, le JOUEUR s\u2019engage \u00e0 se comporter de fa\u00e7on respectable, \u00e0 se conformer aux r\u00e8gles et \u00e0 coop\u00e9rer avec le personnel d&rsquo; Escape Hunt Lille. Escape Hunt LILLE se r\u00e9serve le droit de refuser l\u2019acc\u00e8s aux locaux \u00e0 toute personne ayant un comportement violent ou non appropri\u00e9 incluant notamment, sans que ceci ne soit limitatif, toute personne sous l\u2019influence de l\u2019alcool ou de drogues. Dans les cas susmentionn\u00e9s, l\u2019interdiction d\u2019acc\u00e8s ne donne droit \u00e0 aucune indemnit\u00e9 ou remboursement.<\/li>\n<li>Les JOUEURS s\u2019engagent \u00e0 garder strictement confidentiel et \u00e0 ne pas divulguer ou communiquer \u00e0 des tiers, par quelque moyen que ce soit, toute information orale, \u00e9crite, tangible ou intangible \u00e0 laquelle ils auraient acc\u00e8s \u00e0 l\u2019occasion du jeu. Toute divulgation partielle et\/ou totale violerait les int\u00e9r\u00eats commerciaux d&rsquo;Escape Hunt Lille.<\/li>\n<\/ol>\n<h4 style=\"font-weight: 400;\">PRIX<\/h4>\n<ol style=\"font-weight: 400;\">\n<li>Les prix pratiqu\u00e9s par Escape Hunt Lille sont indiqu\u00e9s sur le SITE INTERNET. Ils sont affich\u00e9s en euros (\u20ac) toutes taxes comprises (TTC) et par personne, pour une partie de jeu pour laquelle l\u2019ACHETEUR r\u00e9serve et paie sur le SITE INTERNET (\u00ab SESSION DE JEU \u00bb).<\/li>\n<li>Le prix par JOUEUR est fix\u00e9 en fonction du nombre de participants au sein d\u2019une m\u00eame \u00e9quipe (2 \u00e0 6 personnes maximum). Les tarifs sont d\u00e9gressifs et \u00e9voluent comme suit pour 60 minutes de jeu : 2 joueurs : 35\u20ac\/joueur; 3 joueurs: 28\u20ac\/joueur; 4 joueurs: 24\u20ac\/joueur; 5 joueurs: 20\u20ac\/joueur;<\/li>\n<li>Toute autre prestation dans le cadre d\u2019une privatisation des locaux d&rsquo;Escape Hunt Lille donnera lieu \u00e0 une facturation additionnelle devant \u00eatre discut\u00e9e avec le personnel d&rsquo;Escape Hunt Lille<\/li>\n<li>Escape Hunt Lille se r\u00e9serve le droit de modifier ses tarifs \u00e0 tout moment. Tout ACHETEUR paiera le montant relatif au tarif en vigueur au moment de sa r\u00e9servation.<\/li>\n<li>Les diff\u00e9rentes promotions Escape Hunt et offres sp\u00e9cifiques accord\u00e9es \u00e0 un tiers ne sont pas cumulables entre elles.<\/li>\n<\/ol>\n<h4 style=\"font-weight: 400;\">R\u00c9SERVATIONS ET PAIEMENT<\/h4>\n<ol style=\"font-weight: 400;\">\n<li>L\u2019ACHETEUR doit \u00eatre \u00e2g\u00e9 de plus de 18 ans.<\/li>\n<li>La mise \u00e0 disposition d\u2019une SALLE est soumise \u00e0 la r\u00e9servation et \u00e0 son paiement pr\u00e9alable par l\u2019ACHETEUR.<\/li>\n<li>Les r\u00e9servations sont effectu\u00e9es selon les disponibilit\u00e9s affich\u00e9es sur le SITE INTERNET. La r\u00e9servation n\u2019est ferme et d\u00e9finitive qu\u2019apr\u00e8s r\u00e9ception de l\u2019email de confirmation de r\u00e9servation par l\u2019ACHETEUR.<\/li>\n<li>FORCE MAJEUR =&gt;Dans le cas ou EH LILLE serait ferm\u00e9 administrativement pour cause de force majeure (pand\u00e9mie, explosion nucl\u00e9aire.) alors EH LILLE se limitera \u00e0 proposer un report sans frais des r\u00e9servations affect\u00e9es dans un d\u00e9lais de 18 mois. Si au terme de la p\u00e9riode des 18 mois l&rsquo;avoir n&rsquo;a pas \u00e9t\u00e9 consomm\u00e9, une demande de remboursement peut alors \u00eatre formul\u00e9e dans les 3 mois suivant l&rsquo;expiration.<\/li>\n<li>Dans certains cas exceptionnels, le personnel d&rsquo;Escape Hunt Lille peut effectuer la r\u00e9servation pour le compte de l\u2019ACHETEUR. Dans ce cas, l\u2019ACHETEUR accepte sans aucune r\u00e9serve que ce type de r\u00e9servation n\u2019entra\u00eene aucune responsabilit\u00e9 de la part d&rsquo;Escape Hunt Lille ou de son personnel, le personnel n\u2019agissant alors qu\u2019en tant qu\u2019op\u00e9rateur de saisie selon les instructions donn\u00e9es par l\u2019ACHETEUR.<\/li>\n<li>Seuls les paiements par carte bancaire sont accept\u00e9s sur le SITE INTERNET. Si l\u2019ACHETEUR ne peut r\u00e9gler le montant de la r\u00e9servation par carte bancaire, il devra dans un premier temps en informer le personnel d&rsquo;Escape Hunt Lille et r\u00e9gler le montant avant le jour de la R\u00c9SERVATION par virement bancaire sur le compte de la SOCIETE ou \u00e0 l\u2019accueil d&rsquo; Escape Hunt Lille par carte bancaire ou esp\u00e8ces (en euros).<\/li>\n<li>Escape Hunt Lille a confi\u00e9 la gestion de sa plateforme de paiement \u00e0 un prestataire sp\u00e9cialis\u00e9 dans la s\u00e9curisation des transactions en ligne, BOOKEO. Ce dernier ne conserve aucune donn\u00e9e concernant l\u2019ACHETEUR dans ses bases de donn\u00e9es.<\/li>\n<li>Aucune r\u00e9servation ne peut \u00eatre annul\u00e9e ou rembours\u00e9e\u00a0sauf dans le cadre d\u2019une annulation du seul fait d&rsquo;Escape Hunt Lille. Dans ce dernier cas, le montant de la r\u00e9servation initiale sera rembours\u00e9.<\/li>\n<li>Une r\u00e9servation ne peut \u00eatre transf\u00e9r\u00e9e ou revendue \u00e0 des fins commerciales. Si une r\u00e9servation est transf\u00e9r\u00e9e ou revendue en violation de cet article, le porteur de celle-ci se verra refuser l\u2019acc\u00e8s \u00e0 la SALLE r\u00e9serv\u00e9e sans que cela fasse l\u2019objet d\u2019un quelconque ajustement ou compensation tarifaire.<\/li>\n<li>En cas de retard des JOUEURS pour une SESSION DE JEU r\u00e9serv\u00e9e, les JOUEURS pourront d\u00e9cider s\u2019ils souhaitent ou non d\u00e9buter la partie. Dans tous les cas, la SALLE devra \u00eatre lib\u00e9r\u00e9e \u00e0 l\u2019heure pr\u00e9vue dans la r\u00e9servation initiale.\u00a0Escape Hunt Lille se r\u00e9serve le droit de refuser l\u2019acc\u00e8s aux JOUEURS dont le retard s\u2019\u00e9l\u00e8ve \u00e0 15 minutes ou plus.<\/li>\n<li>Si plus de JOUEURS se pr\u00e9sentent pour participer \u00e0 la SESSION DE JEU que ce qui \u00e9tait initialement pr\u00e9vu lors de la r\u00e9servation, la diff\u00e9rence de prix devra \u00eatre r\u00e9gl\u00e9e avant de participer au jeu, ceci dans la limite de 5 JOUEURS autoris\u00e9s par SALLE (6 selon nos th\u00e8mes).<\/li>\n<li>Si moins de JOUEURS se pr\u00e9sentent pour participer \u00e0 la SESSION DE JEU que ce qui \u00e9tait initialement pr\u00e9vu lors de la r\u00e9servation, l\u2019ACHETEUR et\/ou les JOUEURS ne peuvent pr\u00e9tendre au remboursement de la diff\u00e9rence de prix.<\/li>\n<li>Un report de la SESSION DE JEU est possible jusqu\u2019\u00e0 une semaine avant la date initialement r\u00e9serv\u00e9e en \u00e9crivant \u00e0 Escape Hunt Lille \u00e0 l\u2019aide du formulaire de contact situ\u00e9 sur son SITE INTERNET et sous r\u00e9serve des disponibilit\u00e9s de la SALLE de jeu.<\/li>\n<li>Escape Hunt\u00a0 Lille se r\u00e9serve le droit de refuser toute r\u00e9servation \u00e0 un ACHETEUR qui n\u2019aurait pas pay\u00e9 l\u2019ensemble des prestations qui lui auraient \u00e9t\u00e9 factur\u00e9es.<\/li>\n<li>Escape Hunt Lille\u00a0 \u00a0n&rsquo;est pas responsable des retards ou obstacles causant le retard d\u2019un ou plusieurs JOUEUR(S).<\/li>\n<\/ol>\n<h4 style=\"font-weight: 400;\">D\u00c9ROULEMENT SESSION DE JEU<\/h4>\n<ol style=\"font-weight: 400;\">\n<li>Il est demand\u00e9 aux JOUEURS de se pr\u00e9senter dans les locaux d&rsquo;Escape Hunt Lille 10 \u00e0 15 minutes avant le d\u00e9but de la SESSION DE JEU r\u00e9serv\u00e9e.<\/li>\n<li>Les JOUEURS qui se pr\u00e9sentent plus de 15 minutes avant leur r\u00e9servation pourront se voir refuser l\u2019acc\u00e8s aux locaux afin d\u2019\u00e9viter qu\u2019ils ne rencontrent les JOUEURS de la SESSION DE JEU pr\u00e9c\u00e9dente et qu\u2019ils n\u2019obtiennent des informations qui diminueraient la qualit\u00e9 de leur SESSION DE JEU.<\/li>\n<li>Les JOUEURS devront d\u00e9poser leurs effets personnels encombrants dans une consigne pr\u00e9vue \u00e0 cet effet.<\/li>\n<li>Une SESSION DE JEU comprend une mise en situation et l\u2019explication des r\u00e8gles du jeu, une pr\u00e9sence des JOUEURS dans la SALLE pendant 60 minutes maximum, un \u00e9change avec le personnel d&rsquo;Escape Hunt Lille sur l\u2019exp\u00e9rience v\u00e9cue, une collation gratuite sur demande et une photo de groupe .<\/li>\n<li>Les JOUEURS sont invit\u00e9s \u00e0 quitter les locaux d&rsquo;Escape Hunt Lille au plus tard une heure et trente minutes apr\u00e8s l\u2019heure de r\u00e9servation.<\/li>\n<li>Les salles \u00ab\u00a01\u00a0\u00bb et \u00ab\u00a02\u00a0\u00bb sont identiques en terme de jeu ; jouer une enqu\u00eate ayant la d\u00e9nomination \u00ab\u00a01\u00a0\u00bb ou \u00ab\u00a02\u00a0\u00bb est donc \u00e9quivalent en terme d&rsquo;exp\u00e9rience.<\/li>\n<\/ol>\n<h4 style=\"font-weight: 400;\">S\u00c9CURIT\u00c9<\/h4>\n<ol style=\"font-weight: 400;\">\n<li>Le JOUEUR s\u2019engage \u00e0 respecter toutes les mesures de s\u00e9curit\u00e9 qui lui sont donn\u00e9es, qu\u2019elles soient contractuelles, affich\u00e9es sur site ou donn\u00e9es oralement par le personnel d&rsquo;Escape Hunt Lille.<\/li>\n<li>Il est formellement et strictement interdit d\u2019apporter une boisson et\/ou des aliments \u00e0 l\u2019int\u00e9rieur du local.<\/li>\n<li>Il est formellement et strictement interdit de fumer \u00e0 l\u2019int\u00e9rieur du local.<\/li>\n<li>Il est formellement et strictement interdit de venir accompagn\u00e9 d\u2019un animal.<\/li>\n<li>Chaque JOUEUR s\u2019engage \u00e0 prendre connaissance et respecter les consignes de s\u00e9curit\u00e9 et protection incendie, de m\u00eame que les issues de secours. Celles-ci sont clairement identifi\u00e9es dans le local d&rsquo;Escape Hunt Lille. Il est \u00e0 ce titre formellement interdit de g\u00eaner les issues de secours, lesquelles doivent rester d\u00e9gag\u00e9es en toute circonstance. Le JOUEUR pourra utiliser les issues de secours si et seulement si la situation exige l\u2019\u00e9vacuation du local. Tout abus et\/ou ouverture intempestive de ces issues par un ou plusieurs JOUEUR(S) entra\u00eenera la refacturation des co\u00fbts occasionn\u00e9s par cet abus.<\/li>\n<li>Le JOUEUR est au fait qu\u2019il est absolument interdit d\u2019apporter dans les locaux et dans la SALLE des objets consid\u00e9r\u00e9s comme des dangers physiques et\/ou dangereux pour la sant\u00e9.<\/li>\n<\/ol>\n<h4 style=\"font-weight: 400;\">DONN\u00c9ES PERSONNELLES<\/h4>\n<ol style=\"font-weight: 400;\">\n<li>L\u2019ACHETEUR est responsable de l\u2019exactitude des informations saisies sur le formulaire de r\u00e9servation en ligne sur le SITE INTERNET.<\/li>\n<li>L\u2019ACHETEUR accepte de recevoir de la part d&rsquo;Escape Hunt Lille des informations et offres commerciales sur son adresse email et\/ou sur son t\u00e9l\u00e9phone mobile.<\/li>\n<li>L\u2019ACHETEUR et\/ou le JOUEUR qui saisit ses coordonn\u00e9es t\u00e9l\u00e9phoniques sur le SITE INTERNET accepte d\u2019ores et d\u00e9j\u00e0 d\u2019\u00eatre contact\u00e9s par Escape Hunt Lille et ce par t\u00e9l\u00e9phone ou SMS.<\/li>\n<li>Escape Hunt Lille s\u2019engage \u00e0 ne pas transmettre les donn\u00e9es personnelles de ses JOUEURS \u00e0 une soci\u00e9t\u00e9 ext\u00e9rieure au groupe Escape Hunt Co. Ltd. hors requ\u00eate d\u2019une autorit\u00e9 habilit\u00e9e par la loi et dans le cadre des dispositions l\u00e9gales en vigueur.<\/li>\n<\/ol>\n<h4 style=\"font-weight: 400;\">UTILISATION SITE INTERNET<\/h4>\n<ol style=\"font-weight: 400;\">\n<li>Le SITE INTERNET est con\u00e7u pour un usage personnel et non commercial. L\u2019internaute s\u2019engage \u00e0 ne pas modifier, copier, distribuer, transmettre, afficher, reproduire, publier, cr\u00e9er des \u0153uvres d\u00e9riv\u00e9es, transf\u00e9rer ou vendre toute information obtenue sur le SITE INTERNET.<\/li>\n<li>L\u2019internaute n&rsquo;est pas autoris\u00e9(e) \u00e0 utiliser tout ou partie du SITE INTERNET \u00e0 toute fin frauduleuse, ill\u00e9gale, diffamatoire, nuisible, obsc\u00e8ne ou r\u00e9pr\u00e9hensible ou de fa\u00e7on g\u00e9n\u00e9rale qui pourrait porter pr\u00e9judice \u00e0 la SOCIETE et\/ou au Groupe Escape Hunt Co. Ltd.<\/li>\n<li>Escape Hunt Lille prendra \u00a0des mesures raisonnables pour prot\u00e9ger la s\u00e9curit\u00e9 des informations de paiement et de cartes de cr\u00e9dit \/ d\u00e9bit.<\/li>\n<\/ol>\n<h4 style=\"font-weight: 400;\">APPAREILS D\u2019ENREGISTREMENT<\/h4>\n<ol style=\"font-weight: 400;\">\n<li>Aucun enregistrement ne peut \u00eatre effectu\u00e9 dans la SALLE par les JOUEURS. Ainsi, l\u2019utilisation d\u2019appareils d\u2019enregistrement vid\u00e9o et\/ou audio quel qu\u2019il soit est formellement interdite. Toute utilisation d\u2019appareil de ce type pourra occasionner l\u2019arr\u00eat complet du jeu et ce pour toute l\u2019\u00e9quipe sans aucune indemnit\u00e9 ou remboursement.<\/li>\n<li>Des photos de chaque \u00e9quipe de JOUEURS pourront \u00eatre prises avant ou apr\u00e8s la SESSION DE JEU. Ces photos pourront \u00eatre utilis\u00e9es Escape Hunt Lille afin d\u2019alimenter son SITE INTERNET ou son \u00e9cosyst\u00e8me digital.<\/li>\n<li>Escape Hunt Lille ne pourra \u00eatre tenu responsable de l\u2019utilisation qui sera faite des photos par les JOUEURS et \/ ou l\u2019ACHETEUR.<\/li>\n<li>Chaque SALLE comporte un dispositif de vid\u00e9osurveillance et d\u2019\u00e9coute permettant au personnel d&rsquo;Escape Hunt Lille de suivre la SESSION DE JEU et d\u2019aiguiller les JOUEURS si besoin. Ce dispositif contribue uniquement au jeu et n\u2019enregistre en rien les SESSIONS DE JEU.<\/li>\n<\/ol>\n<h4 style=\"font-weight: 400;\">TRIBUNAUX COMP\u00c9TENTS<\/h4>\n<ol style=\"font-weight: 400;\">\n<li>Les pr\u00e9sentes CGV et tout contrat conclu incorporant ces termes et conditions sont r\u00e9gis par le droit fran\u00e7ais et tous les litiges sont soumis \u00e0 la comp\u00e9tence exclusive des tribunaux fran\u00e7ais.<\/li>\n<\/ol>\n<h4 style=\"font-weight: 400;\">CONTACT<\/h4>\n<p style=\"font-weight: 400;\">Si vous avez besoin de contacter Escape Hunt\u00a0 Lille, vous pouvez le faire en utilisant l\u2019une des m\u00e9thodes suivantes :<\/p>\n<p style=\"font-weight: 400;\">Escape Hunt Lille<\/p>\n<p style=\"font-weight: 400;\">1 Rue de l&rsquo;union<\/p>\n<p style=\"font-weight: 400;\">Parc d&rsquo;activit\u00e9 Village des voiles<\/p>\n<p style=\"font-weight: 400;\">59520 Marquette Lez Lille<\/p>\n<p style=\"font-weight: 400;\">Courriel : <a href=\"mailto:lille@escapehunt.com\">lille@escapehunt.com<\/a><\/p>\n","protected":false},"excerpt":{"rendered":"<p>Conditions G\u00e9n\u00e9rales de Vente CHAMPS D\u2019APPLICATION NZE ADVENTURES est une soci\u00e9t\u00e9 au capital de 30 000\u20ac immatricul\u00e9e au RCS de LILLE sous le num\u00e9ro\u00a0835\u00a0094\u00a0749\u00a0dont le si\u00e8ge social est situ\u00e9 1&hellip;<\/p>\n","protected":false},"author":12,"featured_media":0,"parent":0,"menu_order":0,"comment_status":"closed","ping_status":"closed","template":"","meta":{"_acf_changed":false,"footnotes":""},"class_list":["post-140","page","type-page","status-publish","hentry"],"acf":{"custom_schema_json":""},"yoast_head":"<!-- This site is optimized with the Yoast SEO plugin v27.3 - https:\/\/yoast.com\/product\/yoast-seo-wordpress\/ -->\n<title>Conditions G\u00e9n\u00e9rales | Escape Hunt Lille<\/title>\n<meta name=\"description\" content=\"Prenez connaissance de nos conditions g\u00e9n\u00e9rales de vente avant votre r\u00e9servation chez Escape Hunt Lille.\" \/>\n<meta name=\"robots\" content=\"noindex, follow, max-snippet:-1, max-image-preview:large, max-video-preview:-1\" \/>\n<meta property=\"og:locale\" content=\"fr_FR\" \/>\n<meta property=\"og:type\" content=\"article\" \/>\n<meta property=\"og:title\" content=\"Conditions G\u00e9n\u00e9rales | Escape Hunt Lille\" \/>\n<meta property=\"og:description\" content=\"Prenez connaissance de nos conditions g\u00e9n\u00e9rales de vente avant votre r\u00e9servation chez Escape Hunt Lille.\" \/>\n<meta property=\"og:url\" content=\"https:\/\/escapehunt.com\/fr\/lille\/conditions-generales\/\" \/>\n<meta property=\"og:site_name\" content=\"Lille\" \/>\n<meta property=\"article:modified_time\" content=\"2023-01-30T08:09:59+00:00\" \/>\n<meta name=\"twitter:card\" content=\"summary_large_image\" \/>\n<meta name=\"twitter:label1\" content=\"Dur\u00e9e de lecture estim\u00e9e\" \/>\n\t<meta name=\"twitter:data1\" content=\"13 minutes\" \/>\n<script type=\"application\/ld+json\" class=\"yoast-schema-graph\">{\"@context\":\"https:\\\/\\\/schema.org\",\"@graph\":[{\"@type\":\"WebPage\",\"@id\":\"https:\\\/\\\/escapehunt.com\\\/fr\\\/lille\\\/conditions-generales\\\/\",\"url\":\"https:\\\/\\\/escapehunt.com\\\/fr\\\/lille\\\/conditions-generales\\\/\",\"name\":\"Conditions G\u00e9n\u00e9rales | Escape Hunt Lille\",\"isPartOf\":{\"@id\":\"https:\\\/\\\/escapehunt.com\\\/fr\\\/lille\\\/#website\"},\"datePublished\":\"2018-10-03T12:41:20+00:00\",\"dateModified\":\"2023-01-30T08:09:59+00:00\",\"description\":\"Prenez connaissance de nos conditions g\u00e9n\u00e9rales de vente avant votre r\u00e9servation chez Escape Hunt Lille.\",\"breadcrumb\":{\"@id\":\"https:\\\/\\\/escapehunt.com\\\/fr\\\/lille\\\/conditions-generales\\\/#breadcrumb\"},\"inLanguage\":\"fr-FR\",\"potentialAction\":[{\"@type\":\"ReadAction\",\"target\":[\"https:\\\/\\\/escapehunt.com\\\/fr\\\/lille\\\/conditions-generales\\\/\"]}]},{\"@type\":\"BreadcrumbList\",\"@id\":\"https:\\\/\\\/escapehunt.com\\\/fr\\\/lille\\\/conditions-generales\\\/#breadcrumb\",\"itemListElement\":[{\"@type\":\"ListItem\",\"position\":1,\"name\":\"Home\",\"item\":\"https:\\\/\\\/escapehunt.com\\\/fr\\\/lille\\\/\"},{\"@type\":\"ListItem\",\"position\":2,\"name\":\"Conditions G\u00e9n\u00e9rales\"}]},{\"@type\":\"WebSite\",\"@id\":\"https:\\\/\\\/escapehunt.com\\\/fr\\\/lille\\\/#website\",\"url\":\"https:\\\/\\\/escapehunt.com\\\/fr\\\/lille\\\/\",\"name\":\"Lille\",\"description\":\"Escape Hunt Lille - The Number 1 Escape Game in Lille\",\"potentialAction\":[{\"@type\":\"SearchAction\",\"target\":{\"@type\":\"EntryPoint\",\"urlTemplate\":\"https:\\\/\\\/escapehunt.com\\\/fr\\\/lille\\\/?s={search_term_string}\"},\"query-input\":{\"@type\":\"PropertyValueSpecification\",\"valueRequired\":true,\"valueName\":\"search_term_string\"}}],\"inLanguage\":\"fr-FR\"}]}<\/script>\n<!-- \/ Yoast SEO plugin. -->","yoast_head_json":{"title":"Conditions G\u00e9n\u00e9rales | Escape Hunt Lille","description":"Prenez connaissance de nos conditions g\u00e9n\u00e9rales de vente avant votre r\u00e9servation chez Escape Hunt Lille.","robots":{"index":"noindex","follow":"follow","max-snippet":"max-snippet:-1","max-image-preview":"max-image-preview:large","max-video-preview":"max-video-preview:-1"},"og_locale":"fr_FR","og_type":"article","og_title":"Conditions G\u00e9n\u00e9rales | Escape Hunt Lille","og_description":"Prenez connaissance de nos conditions g\u00e9n\u00e9rales de vente avant votre r\u00e9servation chez Escape Hunt Lille.","og_url":"https:\/\/escapehunt.com\/fr\/lille\/conditions-generales\/","og_site_name":"Lille","article_modified_time":"2023-01-30T08:09:59+00:00","twitter_card":"summary_large_image","twitter_misc":{"Dur\u00e9e de lecture estim\u00e9e":"13 minutes"},"schema":{"@context":"https:\/\/schema.org","@graph":[{"@type":"WebPage","@id":"https:\/\/escapehunt.com\/fr\/lille\/conditions-generales\/","url":"https:\/\/escapehunt.com\/fr\/lille\/conditions-generales\/","name":"Conditions G\u00e9n\u00e9rales | Escape Hunt Lille","isPartOf":{"@id":"https:\/\/escapehunt.com\/fr\/lille\/#website"},"datePublished":"2018-10-03T12:41:20+00:00","dateModified":"2023-01-30T08:09:59+00:00","description":"Prenez connaissance de nos conditions g\u00e9n\u00e9rales de vente avant votre r\u00e9servation chez Escape Hunt Lille.","breadcrumb":{"@id":"https:\/\/escapehunt.com\/fr\/lille\/conditions-generales\/#breadcrumb"},"inLanguage":"fr-FR","potentialAction":[{"@type":"ReadAction","target":["https:\/\/escapehunt.com\/fr\/lille\/conditions-generales\/"]}]},{"@type":"BreadcrumbList","@id":"https:\/\/escapehunt.com\/fr\/lille\/conditions-generales\/#breadcrumb","itemListElement":[{"@type":"ListItem","position":1,"name":"Home","item":"https:\/\/escapehunt.com\/fr\/lille\/"},{"@type":"ListItem","position":2,"name":"Conditions G\u00e9n\u00e9rales"}]},{"@type":"WebSite","@id":"https:\/\/escapehunt.com\/fr\/lille\/#website","url":"https:\/\/escapehunt.com\/fr\/lille\/","name":"Lille","description":"Escape Hunt Lille - The Number 1 Escape Game in Lille","potentialAction":[{"@type":"SearchAction","target":{"@type":"EntryPoint","urlTemplate":"https:\/\/escapehunt.com\/fr\/lille\/?s={search_term_string}"},"query-input":{"@type":"PropertyValueSpecification","valueRequired":true,"valueName":"search_term_string"}}],"inLanguage":"fr-FR"}]}},"custom_schema_json":"","_links":{"self":[{"href":"https:\/\/staging3.escapehunt.com\/fr\/lille\/wp-json\/wp\/v2\/pages\/140","targetHints":{"allow":["GET"]}}],"collection":[{"href":"https:\/\/staging3.escapehunt.com\/fr\/lille\/wp-json\/wp\/v2\/pages"}],"about":[{"href":"https:\/\/staging3.escapehunt.com\/fr\/lille\/wp-json\/wp\/v2\/types\/page"}],"author":[{"embeddable":true,"href":"https:\/\/staging3.escapehunt.com\/fr\/lille\/wp-json\/wp\/v2\/users\/12"}],"replies":[{"embeddable":true,"href":"https:\/\/staging3.escapehunt.com\/fr\/lille\/wp-json\/wp\/v2\/comments?post=140"}],"version-history":[{"count":0,"href":"https:\/\/staging3.escapehunt.com\/fr\/lille\/wp-json\/wp\/v2\/pages\/140\/revisions"}],"wp:attachment":[{"href":"https:\/\/staging3.escapehunt.com\/fr\/lille\/wp-json\/wp\/v2\/media?parent=140"}],"curies":[{"name":"wp","href":"https:\/\/api.w.org\/{rel}","templated":true}]}}