{"id":4946,"date":"2020-06-01T16:07:27","date_gmt":"2020-06-01T14:07:27","guid":{"rendered":"https:\/\/staging3.escapehunt.com\/fr\/lille\/?page_id=4946"},"modified":"2020-09-18T20:58:33","modified_gmt":"2020-09-18T18:58:33","slug":"jouons-en-confiance","status":"publish","type":"page","link":"https:\/\/staging3.escapehunt.com\/fr\/lille\/jouons-en-confiance\/","title":{"rendered":"Jouons en confiance."},"content":{"rendered":"<p><strong>Escape Hunt adh\u00e8re \u00e0 la charte <a href=\"http:\/\/jouonsenconfiance.fr\/\">jouonsenconfiance.fr<\/a> \u00e9labor\u00e9e avec nos confr\u00e8res et syndicats professionnels. D\u00e9couvrez les mesures prises pour vous accueillir dans le respect des protocoles sanitaire contre le Covid-19. <\/strong><\/p>\n<p><strong>Nous avons de vous accueillir de\u00a0\u00ab\u00a0<i>retrouver le plaisir d&rsquo;\u00eatre ensemble et de se divertir.\u00a0\u00bb<\/i><em> (E.M.)<\/em><\/strong><\/p>\n<p><strong>\u00a0<\/strong><\/p>\n<p>&nbsp;<\/p>\n<h4>VOTRE ARRIV\u00c9E<\/h4>\n<p>?\ufe0f R\u00e9servation et paiement en ligne de votre session de jeu comme habituellement.<\/p>\n<p>?\u200d?\u200d?\u200d? Vous pourrez acc\u00e9der \u00e0 l&rsquo;\u00e9tablissement une fois votre groupe au complet. Entr\u00e9e individualis\u00e9e par \u00e9quipe.<\/p>\n<p>?\ufe0f Nos planning sont modifi\u00e9s de sorte de limiter le croisement avec d&rsquo;autres groupes lors de votre venue.<\/p>\n<p>? Entr\u00e9e \u00e0 l&rsquo;heure pr\u00e9cise 10 minutes avant votre session, si vous \u00eates en avance nous ne pourrons pas vous accueillir le temps de terminer la session pr\u00e9c\u00e9dente et de nettoyer la salle.<\/p>\n<p>? Du gel hydroalcoolique est mis \u00e0 disposition pour tous \u00e0 l&rsquo;arriv\u00e9e, le lavage des mains est obligatoire, tout comme le port du masque. Des gants et masques jetables sont \u00e9galement \u00e0 votre disposition.<\/p>\n<p>? Nos\u00a0 vestiaires sont condamn\u00e9s jusqu&rsquo;a nouvel ordre afin de limiter toutes manipulations inutiles<\/p>\n<p>&nbsp;<\/p>\n<h4>L&rsquo;\u00c9TABLISSEMENT<\/h4>\n<p>?\ufe0f Notre espace d&rsquo;accueil a \u00e9t\u00e9 r\u00e9am\u00e9nag\u00e9 pour favoriser la distanciation autant que possible.<\/p>\n<p>? Toutes nos\u00a0 salles disposent d&rsquo;une ventilation double flux, au normes de renouvellement d&rsquo;air pr\u00e9conis\u00e9es, et nos salles sont nettoy\u00e9es syst\u00e9matiquement entre chaque partie, tout comme les poign\u00e9es de porte d&rsquo;entr\u00e9e et de sortie des espaces communs.<\/p>\n<p>&nbsp;<\/p>\n<p>&nbsp;<\/p>\n<h4>VOTRE EXP\u00c9RIENCE DE JEU<\/h4>\n<p>? Le port du masque est obligatoire dans les salles ,\u00a0 le plaisir du jeu reste lui inchang\u00e9, fouille, observation, communication, fun et \u00e9nigmes sont toujours au RDV ? !!<\/p>\n<p>&nbsp;<\/p>\n<p>&nbsp;<\/p>\n<h4>APR\u00c8S VOTRE PARTIE<\/h4>\n<p>? Les photos-souvenir seront prises uniquement par votre game-master avec notre appareil photo.\u00a0Les accessoires photos seront mis de cot\u00e9 temporairement, il vous faudra compter sur votre plus beau sourire !<\/p>\n<p>&nbsp;<\/p>\n<p>&nbsp;<\/p>\n<div id=\"cc-m-18582056225\" class=\"j-module n j-text \">\n<h4>UNE QUESTION ?<\/h4>\n<p><strong>Si vous avez la moindre question quant \u00e0 votre venue, n&rsquo;h\u00e9sitez pas \u00e0 nous contacter \u00e0 <a href=\"mailto:lille@escapehunt.com\">lille@escapehunt.com<\/a>.<\/strong><\/p>\n<\/div>\n<div class=\"cc-m-spacer\"><\/div>\n<div><\/div>\n<div id=\"cc-m-18583592525\" class=\"j-module n j-header \">\n<h5 id=\"cc-m-header-18583592525\">Si je n&rsquo;ai pas de masque, je ne peux pas jouer ?<\/h5>\n<\/div>\n<div id=\"cc-m-18583592625\" class=\"j-module n j-text \">\n<p>Le port du masque est obligatoire . Si vous n&rsquo;en avez pas, un masque jetable vous sera propos\u00e9.<\/p>\n<h5>Je suis certain de ne pas croiser d&rsquo;autres \u00e9quipes pendant ma venue ?<\/h5>\n<\/div>\n<div id=\"cc-m-18583621425\" class=\"j-module n j-text \">\n<p>Notre planning est am\u00e9nag\u00e9 de sorte que vous ne croisiez pas d&rsquo;autres groupes. Toutefois, d&rsquo;autres \u00e9quipes peuvent jouer en m\u00eame temps que vous\u00a0dans d&rsquo;autres salles que la votre.<\/p>\n<\/div>\n<div id=\"cc-m-18583639025\" class=\"j-module n j-spacing \">\n<div class=\"cc-m-spacer\"><\/div>\n<\/div>\n<p>&nbsp;<\/p>\n","protected":false},"excerpt":{"rendered":"<p>Escape Hunt adh\u00e8re \u00e0 la charte jouonsenconfiance.fr \u00e9labor\u00e9e avec nos confr\u00e8res et syndicats professionnels. D\u00e9couvrez les mesures prises pour vous accueillir dans le respect des protocoles sanitaire contre le Covid-19.&hellip;<\/p>\n","protected":false},"author":62,"featured_media":0,"parent":0,"menu_order":0,"comment_status":"closed","ping_status":"closed","template":"","meta":{"_acf_changed":false,"footnotes":""},"class_list":["post-4946","page","type-page","status-publish","hentry"],"acf":{"custom_schema_json":""},"yoast_head":"<!-- This site is optimized with the Yoast SEO plugin v27.3 - https:\/\/yoast.com\/product\/yoast-seo-wordpress\/ -->\n<title>Jouons en confiance. - Lille<\/title>\n<meta name=\"robots\" content=\"noindex, follow, max-snippet:-1, max-image-preview:large, max-video-preview:-1\" \/>\n<meta property=\"og:locale\" content=\"fr_FR\" \/>\n<meta property=\"og:type\" content=\"article\" \/>\n<meta property=\"og:title\" content=\"Jouons en confiance. - Lille\" \/>\n<meta property=\"og:description\" content=\"Escape Hunt adh\u00e8re \u00e0 la charte jouonsenconfiance.fr \u00e9labor\u00e9e avec nos confr\u00e8res et syndicats professionnels. D\u00e9couvrez les mesures prises pour vous accueillir dans le respect des protocoles sanitaire contre le Covid-19.&hellip;\" \/>\n<meta property=\"og:url\" content=\"https:\/\/escapehunt.com\/fr\/lille\/jouons-en-confiance\/\" \/>\n<meta property=\"og:site_name\" content=\"Lille\" \/>\n<meta property=\"article:modified_time\" content=\"2020-09-18T18:58:33+00:00\" \/>\n<meta name=\"twitter:card\" content=\"summary_large_image\" \/>\n<meta name=\"twitter:label1\" content=\"Dur\u00e9e de lecture estim\u00e9e\" \/>\n\t<meta name=\"twitter:data1\" content=\"2 minutes\" \/>\n<script type=\"application\/ld+json\" class=\"yoast-schema-graph\">{\"@context\":\"https:\\\/\\\/schema.org\",\"@graph\":[{\"@type\":\"WebPage\",\"@id\":\"https:\\\/\\\/escapehunt.com\\\/fr\\\/lille\\\/jouons-en-confiance\\\/\",\"url\":\"https:\\\/\\\/escapehunt.com\\\/fr\\\/lille\\\/jouons-en-confiance\\\/\",\"name\":\"Jouons en confiance. - Lille\",\"isPartOf\":{\"@id\":\"https:\\\/\\\/escapehunt.com\\\/fr\\\/lille\\\/#website\"},\"datePublished\":\"2020-06-01T14:07:27+00:00\",\"dateModified\":\"2020-09-18T18:58:33+00:00\",\"breadcrumb\":{\"@id\":\"https:\\\/\\\/escapehunt.com\\\/fr\\\/lille\\\/jouons-en-confiance\\\/#breadcrumb\"},\"inLanguage\":\"fr-FR\",\"potentialAction\":[{\"@type\":\"ReadAction\",\"target\":[\"https:\\\/\\\/escapehunt.com\\\/fr\\\/lille\\\/jouons-en-confiance\\\/\"]}]},{\"@type\":\"BreadcrumbList\",\"@id\":\"https:\\\/\\\/escapehunt.com\\\/fr\\\/lille\\\/jouons-en-confiance\\\/#breadcrumb\",\"itemListElement\":[{\"@type\":\"ListItem\",\"position\":1,\"name\":\"Home\",\"item\":\"https:\\\/\\\/escapehunt.com\\\/fr\\\/lille\\\/\"},{\"@type\":\"ListItem\",\"position\":2,\"name\":\"Jouons en confiance.\"}]},{\"@type\":\"WebSite\",\"@id\":\"https:\\\/\\\/escapehunt.com\\\/fr\\\/lille\\\/#website\",\"url\":\"https:\\\/\\\/escapehunt.com\\\/fr\\\/lille\\\/\",\"name\":\"Lille\",\"description\":\"Escape Hunt Lille - The Number 1 Escape Game in Lille\",\"potentialAction\":[{\"@type\":\"SearchAction\",\"target\":{\"@type\":\"EntryPoint\",\"urlTemplate\":\"https:\\\/\\\/escapehunt.com\\\/fr\\\/lille\\\/?s={search_term_string}\"},\"query-input\":{\"@type\":\"PropertyValueSpecification\",\"valueRequired\":true,\"valueName\":\"search_term_string\"}}],\"inLanguage\":\"fr-FR\"}]}<\/script>\n<!-- \/ Yoast SEO plugin. -->","yoast_head_json":{"title":"Jouons en confiance. - Lille","robots":{"index":"noindex","follow":"follow","max-snippet":"max-snippet:-1","max-image-preview":"max-image-preview:large","max-video-preview":"max-video-preview:-1"},"og_locale":"fr_FR","og_type":"article","og_title":"Jouons en confiance. - Lille","og_description":"Escape Hunt adh\u00e8re \u00e0 la charte jouonsenconfiance.fr \u00e9labor\u00e9e avec nos confr\u00e8res et syndicats professionnels. D\u00e9couvrez les mesures prises pour vous accueillir dans le respect des protocoles sanitaire contre le Covid-19.&hellip;","og_url":"https:\/\/escapehunt.com\/fr\/lille\/jouons-en-confiance\/","og_site_name":"Lille","article_modified_time":"2020-09-18T18:58:33+00:00","twitter_card":"summary_large_image","twitter_misc":{"Dur\u00e9e de lecture estim\u00e9e":"2 minutes"},"schema":{"@context":"https:\/\/schema.org","@graph":[{"@type":"WebPage","@id":"https:\/\/escapehunt.com\/fr\/lille\/jouons-en-confiance\/","url":"https:\/\/escapehunt.com\/fr\/lille\/jouons-en-confiance\/","name":"Jouons en confiance. - Lille","isPartOf":{"@id":"https:\/\/escapehunt.com\/fr\/lille\/#website"},"datePublished":"2020-06-01T14:07:27+00:00","dateModified":"2020-09-18T18:58:33+00:00","breadcrumb":{"@id":"https:\/\/escapehunt.com\/fr\/lille\/jouons-en-confiance\/#breadcrumb"},"inLanguage":"fr-FR","potentialAction":[{"@type":"ReadAction","target":["https:\/\/escapehunt.com\/fr\/lille\/jouons-en-confiance\/"]}]},{"@type":"BreadcrumbList","@id":"https:\/\/escapehunt.com\/fr\/lille\/jouons-en-confiance\/#breadcrumb","itemListElement":[{"@type":"ListItem","position":1,"name":"Home","item":"https:\/\/escapehunt.com\/fr\/lille\/"},{"@type":"ListItem","position":2,"name":"Jouons en confiance."}]},{"@type":"WebSite","@id":"https:\/\/escapehunt.com\/fr\/lille\/#website","url":"https:\/\/escapehunt.com\/fr\/lille\/","name":"Lille","description":"Escape Hunt Lille - The Number 1 Escape Game in Lille","potentialAction":[{"@type":"SearchAction","target":{"@type":"EntryPoint","urlTemplate":"https:\/\/escapehunt.com\/fr\/lille\/?s={search_term_string}"},"query-input":{"@type":"PropertyValueSpecification","valueRequired":true,"valueName":"search_term_string"}}],"inLanguage":"fr-FR"}]}},"custom_schema_json":"","_links":{"self":[{"href":"https:\/\/staging3.escapehunt.com\/fr\/lille\/wp-json\/wp\/v2\/pages\/4946","targetHints":{"allow":["GET"]}}],"collection":[{"href":"https:\/\/staging3.escapehunt.com\/fr\/lille\/wp-json\/wp\/v2\/pages"}],"about":[{"href":"https:\/\/staging3.escapehunt.com\/fr\/lille\/wp-json\/wp\/v2\/types\/page"}],"author":[{"embeddable":true,"href":"https:\/\/staging3.escapehunt.com\/fr\/lille\/wp-json\/wp\/v2\/users\/62"}],"replies":[{"embeddable":true,"href":"https:\/\/staging3.escapehunt.com\/fr\/lille\/wp-json\/wp\/v2\/comments?post=4946"}],"version-history":[{"count":0,"href":"https:\/\/staging3.escapehunt.com\/fr\/lille\/wp-json\/wp\/v2\/pages\/4946\/revisions"}],"wp:attachment":[{"href":"https:\/\/staging3.escapehunt.com\/fr\/lille\/wp-json\/wp\/v2\/media?parent=4946"}],"curies":[{"name":"wp","href":"https:\/\/api.w.org\/{rel}","templated":true}]}}