{"id":639,"date":"2018-11-06T13:44:02","date_gmt":"2018-11-06T13:44:02","guid":{"rendered":"https:\/\/staging3.escapehunt.com\/fr\/lille\/?page_id=639"},"modified":"2020-01-10T15:25:50","modified_gmt":"2020-01-10T14:25:50","slug":"trouvez-nous","status":"publish","type":"page","link":"https:\/\/staging3.escapehunt.com\/fr\/lille\/trouvez-nous\/","title":{"rendered":"ESCAPE HUNT LILLE"},"content":{"rendered":"<h4><strong>Voiture<\/strong><\/h4>\n<p>Sortie 10 Rocade Nord Ouest, possibilit\u00e9 de se garer sur notre parking.<\/p>\n<p>&nbsp;<\/p>\n<h4><strong>Bus<\/strong><\/h4>\n<p>Ligne 14 arr\u00eat \u00ab\u00a0Marquette Mairie\u00a0\u00bb ou ligne 88 arr\u00eat \u00ab\u00a0Touquet\u00a0\u00bb<\/p>\n<p>&nbsp;<\/p>\n<h4><strong>Bon plan !\u00a0<\/strong><\/h4>\n<p>&nbsp;<\/p>\n<p style=\"text-align: center;\"><img loading=\"lazy\" decoding=\"async\" class=\"size-full wp-image-42392 alignleft\" src=\"https:\/\/staging3.escapehunt.com\/fr\/marseille\/wp-content\/uploads\/sites\/51\/2020\/01\/Print_Logo_2Lignes_Blanc_RVB.png\" alt=\"\" width=\"177\" height=\"161\" \/><\/p>\n<p style=\"text-align: left;\">D\u00e9placez-vous simplement \u00e0 la derni\u00e8re minute ou en pr\u00e9voyant votre trajet \u00e0 l\u2019avance avec l&rsquo;application Citygo ! Qui sait, vous y trouverez peut \u00eatre meme de futurs co\u00e9quipiers ?<\/p>\n","protected":false},"excerpt":{"rendered":"<p>Voiture Sortie 10 Rocade Nord Ouest, possibilit\u00e9 de se garer sur notre parking. &nbsp; Bus Ligne 14 arr\u00eat \u00ab\u00a0Marquette Mairie\u00a0\u00bb ou ligne 88 arr\u00eat \u00ab\u00a0Touquet\u00a0\u00bb &nbsp; Bon plan !\u00a0 &nbsp;&hellip;<\/p>\n","protected":false},"author":22,"featured_media":0,"parent":0,"menu_order":0,"comment_status":"closed","ping_status":"closed","template":"views\/find-us.php","meta":{"_acf_changed":false,"footnotes":""},"class_list":["post-639","page","type-page","status-publish","hentry"],"acf":{"custom_schema_json":""},"yoast_head":"<!-- This site is optimized with the Yoast SEO plugin v27.3 - https:\/\/yoast.com\/product\/yoast-seo-wordpress\/ -->\n<title>Trouvez Nous | Escape Hunt Lille<\/title>\n<meta name=\"description\" content=\"Carte du quartier, informations pratiques pour pr\u00e9parer votre venue chez Escape Hunt Lille\" \/>\n<meta name=\"robots\" content=\"noindex, follow, max-snippet:-1, max-image-preview:large, max-video-preview:-1\" \/>\n<meta property=\"og:locale\" content=\"fr_FR\" \/>\n<meta property=\"og:type\" content=\"article\" \/>\n<meta property=\"og:title\" content=\"Trouvez Nous | Escape Hunt Lille\" \/>\n<meta property=\"og:description\" content=\"Carte du quartier, informations pratiques pour pr\u00e9parer votre venue chez Escape Hunt Lille\" \/>\n<meta property=\"og:url\" content=\"https:\/\/escapehunt.com\/fr\/lille\/trouvez-nous\/\" \/>\n<meta property=\"og:site_name\" content=\"Lille\" \/>\n<meta property=\"article:modified_time\" content=\"2020-01-10T14:25:50+00:00\" \/>\n<meta property=\"og:image\" content=\"https:\/\/escapehunt.com\/fr\/marseille\/wp-content\/uploads\/sites\/51\/2020\/01\/Print_Logo_2Lignes_Blanc_RVB.png\" \/>\n<meta name=\"twitter:card\" content=\"summary_large_image\" \/>\n<script type=\"application\/ld+json\" class=\"yoast-schema-graph\">{\"@context\":\"https:\\\/\\\/schema.org\",\"@graph\":[{\"@type\":\"WebPage\",\"@id\":\"https:\\\/\\\/escapehunt.com\\\/fr\\\/lille\\\/trouvez-nous\\\/\",\"url\":\"https:\\\/\\\/escapehunt.com\\\/fr\\\/lille\\\/trouvez-nous\\\/\",\"name\":\"Trouvez Nous | Escape Hunt Lille\",\"isPartOf\":{\"@id\":\"https:\\\/\\\/escapehunt.com\\\/fr\\\/lille\\\/#website\"},\"primaryImageOfPage\":{\"@id\":\"https:\\\/\\\/escapehunt.com\\\/fr\\\/lille\\\/trouvez-nous\\\/#primaryimage\"},\"image\":{\"@id\":\"https:\\\/\\\/escapehunt.com\\\/fr\\\/lille\\\/trouvez-nous\\\/#primaryimage\"},\"thumbnailUrl\":\"https:\\\/\\\/staging3.escapehunt.com\\\/fr\\\/marseille\\\/wp-content\\\/uploads\\\/sites\\\/51\\\/2020\\\/01\\\/Print_Logo_2Lignes_Blanc_RVB.png\",\"datePublished\":\"2018-11-06T13:44:02+00:00\",\"dateModified\":\"2020-01-10T14:25:50+00:00\",\"description\":\"Carte du quartier, informations pratiques pour pr\u00e9parer votre venue chez Escape Hunt Lille\",\"breadcrumb\":{\"@id\":\"https:\\\/\\\/escapehunt.com\\\/fr\\\/lille\\\/trouvez-nous\\\/#breadcrumb\"},\"inLanguage\":\"fr-FR\",\"potentialAction\":[{\"@type\":\"ReadAction\",\"target\":[\"https:\\\/\\\/escapehunt.com\\\/fr\\\/lille\\\/trouvez-nous\\\/\"]}]},{\"@type\":\"ImageObject\",\"inLanguage\":\"fr-FR\",\"@id\":\"https:\\\/\\\/escapehunt.com\\\/fr\\\/lille\\\/trouvez-nous\\\/#primaryimage\",\"url\":\"https:\\\/\\\/staging3.escapehunt.com\\\/fr\\\/marseille\\\/wp-content\\\/uploads\\\/sites\\\/51\\\/2020\\\/01\\\/Print_Logo_2Lignes_Blanc_RVB.png\",\"contentUrl\":\"https:\\\/\\\/staging3.escapehunt.com\\\/fr\\\/marseille\\\/wp-content\\\/uploads\\\/sites\\\/51\\\/2020\\\/01\\\/Print_Logo_2Lignes_Blanc_RVB.png\"},{\"@type\":\"BreadcrumbList\",\"@id\":\"https:\\\/\\\/escapehunt.com\\\/fr\\\/lille\\\/trouvez-nous\\\/#breadcrumb\",\"itemListElement\":[{\"@type\":\"ListItem\",\"position\":1,\"name\":\"Home\",\"item\":\"https:\\\/\\\/escapehunt.com\\\/fr\\\/lille\\\/\"},{\"@type\":\"ListItem\",\"position\":2,\"name\":\"ESCAPE HUNT LILLE\"}]},{\"@type\":\"WebSite\",\"@id\":\"https:\\\/\\\/escapehunt.com\\\/fr\\\/lille\\\/#website\",\"url\":\"https:\\\/\\\/escapehunt.com\\\/fr\\\/lille\\\/\",\"name\":\"Lille\",\"description\":\"Escape Hunt Lille - The Number 1 Escape Game in Lille\",\"potentialAction\":[{\"@type\":\"SearchAction\",\"target\":{\"@type\":\"EntryPoint\",\"urlTemplate\":\"https:\\\/\\\/escapehunt.com\\\/fr\\\/lille\\\/?s={search_term_string}\"},\"query-input\":{\"@type\":\"PropertyValueSpecification\",\"valueRequired\":true,\"valueName\":\"search_term_string\"}}],\"inLanguage\":\"fr-FR\"}]}<\/script>\n<!-- \/ Yoast SEO plugin. -->","yoast_head_json":{"title":"Trouvez Nous | Escape Hunt Lille","description":"Carte du quartier, informations pratiques pour pr\u00e9parer votre venue chez Escape Hunt Lille","robots":{"index":"noindex","follow":"follow","max-snippet":"max-snippet:-1","max-image-preview":"max-image-preview:large","max-video-preview":"max-video-preview:-1"},"og_locale":"fr_FR","og_type":"article","og_title":"Trouvez Nous | Escape Hunt Lille","og_description":"Carte du quartier, informations pratiques pour pr\u00e9parer votre venue chez Escape Hunt Lille","og_url":"https:\/\/escapehunt.com\/fr\/lille\/trouvez-nous\/","og_site_name":"Lille","article_modified_time":"2020-01-10T14:25:50+00:00","og_image":[{"url":"https:\/\/escapehunt.com\/fr\/marseille\/wp-content\/uploads\/sites\/51\/2020\/01\/Print_Logo_2Lignes_Blanc_RVB.png","type":"","width":"","height":""}],"twitter_card":"summary_large_image","schema":{"@context":"https:\/\/schema.org","@graph":[{"@type":"WebPage","@id":"https:\/\/escapehunt.com\/fr\/lille\/trouvez-nous\/","url":"https:\/\/escapehunt.com\/fr\/lille\/trouvez-nous\/","name":"Trouvez Nous | Escape Hunt Lille","isPartOf":{"@id":"https:\/\/escapehunt.com\/fr\/lille\/#website"},"primaryImageOfPage":{"@id":"https:\/\/escapehunt.com\/fr\/lille\/trouvez-nous\/#primaryimage"},"image":{"@id":"https:\/\/escapehunt.com\/fr\/lille\/trouvez-nous\/#primaryimage"},"thumbnailUrl":"https:\/\/staging3.escapehunt.com\/fr\/marseille\/wp-content\/uploads\/sites\/51\/2020\/01\/Print_Logo_2Lignes_Blanc_RVB.png","datePublished":"2018-11-06T13:44:02+00:00","dateModified":"2020-01-10T14:25:50+00:00","description":"Carte du quartier, informations pratiques pour pr\u00e9parer votre venue chez Escape Hunt Lille","breadcrumb":{"@id":"https:\/\/escapehunt.com\/fr\/lille\/trouvez-nous\/#breadcrumb"},"inLanguage":"fr-FR","potentialAction":[{"@type":"ReadAction","target":["https:\/\/escapehunt.com\/fr\/lille\/trouvez-nous\/"]}]},{"@type":"ImageObject","inLanguage":"fr-FR","@id":"https:\/\/escapehunt.com\/fr\/lille\/trouvez-nous\/#primaryimage","url":"https:\/\/staging3.escapehunt.com\/fr\/marseille\/wp-content\/uploads\/sites\/51\/2020\/01\/Print_Logo_2Lignes_Blanc_RVB.png","contentUrl":"https:\/\/staging3.escapehunt.com\/fr\/marseille\/wp-content\/uploads\/sites\/51\/2020\/01\/Print_Logo_2Lignes_Blanc_RVB.png"},{"@type":"BreadcrumbList","@id":"https:\/\/escapehunt.com\/fr\/lille\/trouvez-nous\/#breadcrumb","itemListElement":[{"@type":"ListItem","position":1,"name":"Home","item":"https:\/\/escapehunt.com\/fr\/lille\/"},{"@type":"ListItem","position":2,"name":"ESCAPE HUNT LILLE"}]},{"@type":"WebSite","@id":"https:\/\/escapehunt.com\/fr\/lille\/#website","url":"https:\/\/escapehunt.com\/fr\/lille\/","name":"Lille","description":"Escape Hunt Lille - The Number 1 Escape Game in Lille","potentialAction":[{"@type":"SearchAction","target":{"@type":"EntryPoint","urlTemplate":"https:\/\/escapehunt.com\/fr\/lille\/?s={search_term_string}"},"query-input":{"@type":"PropertyValueSpecification","valueRequired":true,"valueName":"search_term_string"}}],"inLanguage":"fr-FR"}]}},"custom_schema_json":"","_links":{"self":[{"href":"https:\/\/staging3.escapehunt.com\/fr\/lille\/wp-json\/wp\/v2\/pages\/639","targetHints":{"allow":["GET"]}}],"collection":[{"href":"https:\/\/staging3.escapehunt.com\/fr\/lille\/wp-json\/wp\/v2\/pages"}],"about":[{"href":"https:\/\/staging3.escapehunt.com\/fr\/lille\/wp-json\/wp\/v2\/types\/page"}],"author":[{"embeddable":true,"href":"https:\/\/staging3.escapehunt.com\/fr\/lille\/wp-json\/wp\/v2\/users\/22"}],"replies":[{"embeddable":true,"href":"https:\/\/staging3.escapehunt.com\/fr\/lille\/wp-json\/wp\/v2\/comments?post=639"}],"version-history":[{"count":0,"href":"https:\/\/staging3.escapehunt.com\/fr\/lille\/wp-json\/wp\/v2\/pages\/639\/revisions"}],"wp:attachment":[{"href":"https:\/\/staging3.escapehunt.com\/fr\/lille\/wp-json\/wp\/v2\/media?parent=639"}],"curies":[{"name":"wp","href":"https:\/\/api.w.org\/{rel}","templated":true}]}}