{"id":75,"date":"2018-10-03T09:01:18","date_gmt":"2018-10-03T09:01:18","guid":{"rendered":"http:\/\/s27835.p712.sites.pressdns.com\/fr\/bordeaux\/?page_id=75"},"modified":"2023-07-31T12:41:21","modified_gmt":"2023-07-31T10:41:21","slug":"evenements-pour-les-entreprises","status":"publish","type":"page","link":"https:\/\/staging3.escapehunt.com\/fr\/lille\/evenements-pour-les-entreprises\/","title":{"rendered":"\u00c9V\u00c9NEMENTS POUR LES ENTREPRISES"},"content":{"rendered":"<p><span style=\"font-weight: 400;\">Nos aventures uniques sont le moyen parfait pour renforcer l\u2019esprit d\u2019\u00e9quipe, inspirer une r\u00e9solution cr\u00e9ative des probl\u00e8mes, cl\u00f4turer une journ\u00e9e de r\u00e9unions et de pr\u00e9sentations, r\u00e9compenser vos collaborateurs pour un travail bien accompli, organiser une r\u00e9union d\u2019\u00e9quipe interne, un s\u00e9minaire, ou m\u00eame un \u00e9v\u00e9nement client.<\/span><\/p>\n","protected":false},"excerpt":{"rendered":"<p>Nos aventures uniques sont le moyen parfait pour renforcer l\u2019esprit d\u2019\u00e9quipe, inspirer une r\u00e9solution cr\u00e9ative des probl\u00e8mes, cl\u00f4turer une journ\u00e9e de r\u00e9unions et de pr\u00e9sentations, r\u00e9compenser vos collaborateurs pour un&hellip;<\/p>\n","protected":false},"author":12,"featured_media":0,"parent":0,"menu_order":0,"comment_status":"closed","ping_status":"closed","template":"views\/team-building.php","meta":{"_acf_changed":false,"footnotes":""},"class_list":["post-75","page","type-page","status-publish","hentry"],"acf":{"custom_schema_json":""},"yoast_head":"<!-- This site is optimized with the Yoast SEO plugin v27.3 - https:\/\/yoast.com\/product\/yoast-seo-wordpress\/ -->\n<title>Teambuilding et \u00e9v\u00e9nements d&#039;entreprise | Escape Hunt Lille<\/title>\n<meta name=\"description\" content=\"L&#039;activit\u00e9 id\u00e9ale pour un \u00e9v\u00e9nement d&#039;entreprise et favoriser la coh\u00e9sion d&#039;\u00e9quipe. Contactez nous pour concevoir votre evenement sur mesure : soir\u00e9e de No\u00ebl, teambuilding, int\u00e9gration, pot de d\u00e9part.\" \/>\n<meta name=\"robots\" content=\"noindex, follow, max-snippet:-1, max-image-preview:large, max-video-preview:-1\" \/>\n<meta property=\"og:locale\" content=\"fr_FR\" \/>\n<meta property=\"og:type\" content=\"article\" \/>\n<meta property=\"og:title\" content=\"Teambuilding et \u00e9v\u00e9nements d&#039;entreprise | Escape Hunt Lille\" \/>\n<meta property=\"og:description\" content=\"L&#039;activit\u00e9 id\u00e9ale pour un \u00e9v\u00e9nement d&#039;entreprise et favoriser la coh\u00e9sion d&#039;\u00e9quipe. Contactez nous pour concevoir votre evenement sur mesure : soir\u00e9e de No\u00ebl, teambuilding, int\u00e9gration, pot de d\u00e9part.\" \/>\n<meta property=\"og:url\" content=\"https:\/\/escapehunt.com\/fr\/lille\/evenements-pour-les-entreprises\/\" \/>\n<meta property=\"og:site_name\" content=\"Lille\" \/>\n<meta property=\"article:modified_time\" content=\"2023-07-31T10:41:21+00:00\" \/>\n<meta name=\"twitter:card\" content=\"summary_large_image\" \/>\n<meta name=\"twitter:label1\" content=\"Dur\u00e9e de lecture estim\u00e9e\" \/>\n\t<meta name=\"twitter:data1\" content=\"1 minute\" \/>\n<script type=\"application\/ld+json\" class=\"yoast-schema-graph\">{\"@context\":\"https:\\\/\\\/schema.org\",\"@graph\":[{\"@type\":\"WebPage\",\"@id\":\"https:\\\/\\\/escapehunt.com\\\/fr\\\/lille\\\/evenements-pour-les-entreprises\\\/\",\"url\":\"https:\\\/\\\/escapehunt.com\\\/fr\\\/lille\\\/evenements-pour-les-entreprises\\\/\",\"name\":\"Teambuilding et \u00e9v\u00e9nements d'entreprise | Escape Hunt Lille\",\"isPartOf\":{\"@id\":\"https:\\\/\\\/escapehunt.com\\\/fr\\\/lille\\\/#website\"},\"datePublished\":\"2018-10-03T09:01:18+00:00\",\"dateModified\":\"2023-07-31T10:41:21+00:00\",\"description\":\"L'activit\u00e9 id\u00e9ale pour un \u00e9v\u00e9nement d'entreprise et favoriser la coh\u00e9sion d'\u00e9quipe. Contactez nous pour concevoir votre evenement sur mesure : soir\u00e9e de No\u00ebl, teambuilding, int\u00e9gration, pot de d\u00e9part.\",\"breadcrumb\":{\"@id\":\"https:\\\/\\\/escapehunt.com\\\/fr\\\/lille\\\/evenements-pour-les-entreprises\\\/#breadcrumb\"},\"inLanguage\":\"fr-FR\",\"potentialAction\":[{\"@type\":\"ReadAction\",\"target\":[\"https:\\\/\\\/escapehunt.com\\\/fr\\\/lille\\\/evenements-pour-les-entreprises\\\/\"]}]},{\"@type\":\"BreadcrumbList\",\"@id\":\"https:\\\/\\\/escapehunt.com\\\/fr\\\/lille\\\/evenements-pour-les-entreprises\\\/#breadcrumb\",\"itemListElement\":[{\"@type\":\"ListItem\",\"position\":1,\"name\":\"Home\",\"item\":\"https:\\\/\\\/escapehunt.com\\\/fr\\\/lille\\\/\"},{\"@type\":\"ListItem\",\"position\":2,\"name\":\"\u00c9V\u00c9NEMENTS POUR LES ENTREPRISES\"}]},{\"@type\":\"WebSite\",\"@id\":\"https:\\\/\\\/escapehunt.com\\\/fr\\\/lille\\\/#website\",\"url\":\"https:\\\/\\\/escapehunt.com\\\/fr\\\/lille\\\/\",\"name\":\"Lille\",\"description\":\"Escape Hunt Lille - The Number 1 Escape Game in Lille\",\"potentialAction\":[{\"@type\":\"SearchAction\",\"target\":{\"@type\":\"EntryPoint\",\"urlTemplate\":\"https:\\\/\\\/escapehunt.com\\\/fr\\\/lille\\\/?s={search_term_string}\"},\"query-input\":{\"@type\":\"PropertyValueSpecification\",\"valueRequired\":true,\"valueName\":\"search_term_string\"}}],\"inLanguage\":\"fr-FR\"}]}<\/script>\n<!-- \/ Yoast SEO plugin. -->","yoast_head_json":{"title":"Teambuilding et \u00e9v\u00e9nements d'entreprise | Escape Hunt Lille","description":"L'activit\u00e9 id\u00e9ale pour un \u00e9v\u00e9nement d'entreprise et favoriser la coh\u00e9sion d'\u00e9quipe. Contactez nous pour concevoir votre evenement sur mesure : soir\u00e9e de No\u00ebl, teambuilding, int\u00e9gration, pot de d\u00e9part.","robots":{"index":"noindex","follow":"follow","max-snippet":"max-snippet:-1","max-image-preview":"max-image-preview:large","max-video-preview":"max-video-preview:-1"},"og_locale":"fr_FR","og_type":"article","og_title":"Teambuilding et \u00e9v\u00e9nements d'entreprise | Escape Hunt Lille","og_description":"L'activit\u00e9 id\u00e9ale pour un \u00e9v\u00e9nement d'entreprise et favoriser la coh\u00e9sion d'\u00e9quipe. Contactez nous pour concevoir votre evenement sur mesure : soir\u00e9e de No\u00ebl, teambuilding, int\u00e9gration, pot de d\u00e9part.","og_url":"https:\/\/escapehunt.com\/fr\/lille\/evenements-pour-les-entreprises\/","og_site_name":"Lille","article_modified_time":"2023-07-31T10:41:21+00:00","twitter_card":"summary_large_image","twitter_misc":{"Dur\u00e9e de lecture estim\u00e9e":"1 minute"},"schema":{"@context":"https:\/\/schema.org","@graph":[{"@type":"WebPage","@id":"https:\/\/escapehunt.com\/fr\/lille\/evenements-pour-les-entreprises\/","url":"https:\/\/escapehunt.com\/fr\/lille\/evenements-pour-les-entreprises\/","name":"Teambuilding et \u00e9v\u00e9nements d'entreprise | Escape Hunt Lille","isPartOf":{"@id":"https:\/\/escapehunt.com\/fr\/lille\/#website"},"datePublished":"2018-10-03T09:01:18+00:00","dateModified":"2023-07-31T10:41:21+00:00","description":"L'activit\u00e9 id\u00e9ale pour un \u00e9v\u00e9nement d'entreprise et favoriser la coh\u00e9sion d'\u00e9quipe. Contactez nous pour concevoir votre evenement sur mesure : soir\u00e9e de No\u00ebl, teambuilding, int\u00e9gration, pot de d\u00e9part.","breadcrumb":{"@id":"https:\/\/escapehunt.com\/fr\/lille\/evenements-pour-les-entreprises\/#breadcrumb"},"inLanguage":"fr-FR","potentialAction":[{"@type":"ReadAction","target":["https:\/\/escapehunt.com\/fr\/lille\/evenements-pour-les-entreprises\/"]}]},{"@type":"BreadcrumbList","@id":"https:\/\/escapehunt.com\/fr\/lille\/evenements-pour-les-entreprises\/#breadcrumb","itemListElement":[{"@type":"ListItem","position":1,"name":"Home","item":"https:\/\/escapehunt.com\/fr\/lille\/"},{"@type":"ListItem","position":2,"name":"\u00c9V\u00c9NEMENTS POUR LES ENTREPRISES"}]},{"@type":"WebSite","@id":"https:\/\/escapehunt.com\/fr\/lille\/#website","url":"https:\/\/escapehunt.com\/fr\/lille\/","name":"Lille","description":"Escape Hunt Lille - The Number 1 Escape Game in Lille","potentialAction":[{"@type":"SearchAction","target":{"@type":"EntryPoint","urlTemplate":"https:\/\/escapehunt.com\/fr\/lille\/?s={search_term_string}"},"query-input":{"@type":"PropertyValueSpecification","valueRequired":true,"valueName":"search_term_string"}}],"inLanguage":"fr-FR"}]}},"custom_schema_json":"","_links":{"self":[{"href":"https:\/\/staging3.escapehunt.com\/fr\/lille\/wp-json\/wp\/v2\/pages\/75","targetHints":{"allow":["GET"]}}],"collection":[{"href":"https:\/\/staging3.escapehunt.com\/fr\/lille\/wp-json\/wp\/v2\/pages"}],"about":[{"href":"https:\/\/staging3.escapehunt.com\/fr\/lille\/wp-json\/wp\/v2\/types\/page"}],"author":[{"embeddable":true,"href":"https:\/\/staging3.escapehunt.com\/fr\/lille\/wp-json\/wp\/v2\/users\/12"}],"replies":[{"embeddable":true,"href":"https:\/\/staging3.escapehunt.com\/fr\/lille\/wp-json\/wp\/v2\/comments?post=75"}],"version-history":[{"count":0,"href":"https:\/\/staging3.escapehunt.com\/fr\/lille\/wp-json\/wp\/v2\/pages\/75\/revisions"}],"wp:attachment":[{"href":"https:\/\/staging3.escapehunt.com\/fr\/lille\/wp-json\/wp\/v2\/media?parent=75"}],"curies":[{"name":"wp","href":"https:\/\/api.w.org\/{rel}","templated":true}]}}