{"id":140,"date":"2018-10-03T12:41:20","date_gmt":"2018-10-03T12:41:20","guid":{"rendered":"http:\/\/s27835.p712.sites.pressdns.com\/fr\/bordeaux\/?page_id=140"},"modified":"2024-02-22T15:22:44","modified_gmt":"2024-02-22T15:22:44","slug":"conditions-generales","status":"publish","type":"page","link":"https:\/\/staging3.escapehunt.com\/fr\/marseille\/conditions-generales\/","title":{"rendered":"CONDITIONS G\u00c9N\u00c9RALES"},"content":{"rendered":"<p><span style=\"font-weight: 400;\">The Escape Hunt Experience Marseille\u00a0<\/span><\/p>\n<p>&nbsp;<\/p>\n<p><span style=\"font-weight: 400;\">Conditions G\u00e9n\u00e9rales de Vente <\/span><\/p>\n<p>&nbsp;<\/p>\n<p><span style=\"font-weight: 400;\">Pour utiliser notre site Web et venir jouer \u00e0 nos jeux, il est n\u00e9cessaire de valider l\u2019acceptation de ce qui suit: <\/span><\/p>\n<p>&nbsp;<\/p>\n<ol>\n<li><span style=\"font-weight: 400;\"> G\u00c9N\u00c9RAL <\/span><\/li>\n<\/ol>\n<p><span style=\"font-weight: 400;\">1.1 Les pr\u00e9sentes conditions ont \u00e9t\u00e9 mises \u00e0 jour le 22 d\u00e9cembre 20. <\/span><\/p>\n<p><span style=\"font-weight: 400;\">1.2. Chaque sc\u00e9nario est con\u00e7u pour un nombre minimal et maximal de joueurs (se r\u00e9f\u00e9rer aux fiches jeux dans la section r\u00e9server du site), aucune exception ne sera possible. Vous privatisez toujours votre salle de jeu pour votre \u00e9quipes uniquement. <\/span><\/p>\n<p><span style=\"font-weight: 400;\">1.3 Les marques et logos figurant sur le site sont la propri\u00e9t\u00e9 de The Escape Hunt Exp\u00e9rience. Vous n\u2019\u00eates pas autoris\u00e9 \u00e0 utiliser ceux-ci sans l\u2019autorisation \u00e9crite pr\u00e9alable de The Escape Hunt Exp\u00e9rience et vous acceptez que cette utilisation puisse constituer une violation des droits du propri\u00e9taire concern\u00e9. <\/span><\/p>\n<p><span style=\"font-weight: 400;\">1.4. Ces termes et conditions et tout contrat conclu incorporant ces termes et conditions sont r\u00e9gis par le droit fran\u00e7ais et tout litige sera soumis \u00e0 la comp\u00e9tence exclusive des tribunaux fran\u00e7ais. <\/span><\/p>\n<p><span style=\"font-weight: 400;\">1.5. Tous les termes de ce contrat sont inclus se trouvent \u00e0 l\u2019int\u00e9rieur de ces termes et conditions. <\/span><\/p>\n<p><span style=\"font-weight: 400;\">1.6. The Escape Hunt Exp\u00e9rience recueille et stocke vos donn\u00e9es personnelles sans les divulguer \u00e0 une tierce parti et se consacre \u00e0 s\u2019assurer que la confidentialit\u00e9 de vos renseignements personnels sont prot\u00e9g\u00e9s. <\/span><\/p>\n<p><span style=\"font-weight: 400;\">1.7. En raison de la nature du jeu, aucune photo ou enregistrement peuvent \u00eatre prises \u00e0 l\u2019int\u00e9rieur de la salle. <\/span><\/p>\n<p><span style=\"font-weight: 400;\">1.8. The Escape Hunt Exp\u00e9rience attend de ses visiteurs et clients qu\u2019ils ne divulguent pas les d\u00e9tails du jeu directement ou indirectement au public. <\/span><\/p>\n<p><span style=\"font-weight: 400;\">1.9. The Escape Hunt exp\u00e9rience vous permet de vous d\u00e9sinscrire des envois d\u2019offres et de promotions que la soci\u00e9t\u00e9 est susceptible de faire par courriel. <\/span><\/p>\n<p><span style=\"font-weight: 400;\">1.10. The Escape Hunt exp\u00e9rience est en droit de facturer les clients pour tout dommage, qu\u2019ils soient intentionnels ou caus\u00e9s par une mauvaise utilisation des articles. <\/span><\/p>\n<p><span style=\"font-weight: 400;\">1.11. Pendant que vous \u00eates dans nos locaux, vous devez suivre nos r\u00e8gles et r\u00e8glements, adopter des normes appropri\u00e9es de comportement, et de coop\u00e9rer avec nos employ\u00e9s en tout temps<\/span><\/p>\n<p><span style=\"font-weight: 400;\">1.12. The Escape Hunt exp\u00e9rience ne tol\u00e8re aucune forme de harc\u00e8lement ou d\u2019intimidation envers ses employ\u00e9s. <\/span><\/p>\n<p>&nbsp;<\/p>\n<ol start=\"2\">\n<li><span style=\"font-weight: 400;\"> L\u2019\u00e9vasion HUNT EXPERIENCE SITE <\/span><\/li>\n<\/ol>\n<p><span style=\"font-weight: 400;\">2.1. Le site https:\/\/staging3.escapehunt.com\/fr\/marseille est d\u00e9tenu et exploit\u00e9 par The Escape Hunt exp\u00e9rience. La soci\u00e9t\u00e9 se r\u00e9serve le droit de modifier ou de modifier ces termes et conditions, y compris tout le contenu du site Web de temps \u00e0 autre \u00e0 sa seule discr\u00e9tion et sans pr\u00e9avis. Les conditions g\u00e9n\u00e9rales qui s\u2019appliquent sont celles indiqu\u00e9es au moment de la r\u00e9servation. <\/span><\/p>\n<p><span style=\"font-weight: 400;\">2.2. Les termes ci-apr\u00e8s s\u2019appliquent \u00e0 l\u2019utilisation par tout visiteur du site Escape Hunt et doivent \u00eatre lus attentivement avant toute utilisation. <\/span><\/p>\n<p><span style=\"font-weight: 400;\">2.3. Le site Exp\u00e9rience Escape Hunt est pour votre usage personnel et non commercial. Vous ne pouvez pas modifier, copier, distribuer, transmettre, afficher, ex\u00e9cuter, reproduire, publier, licencier, cr\u00e9er des \u0153uvres d\u00e9riv\u00e9es, transf\u00e9rer ou vendre toute information obtenue \u00e0 partir de ce site. <\/span><\/p>\n<p><span style=\"font-weight: 400;\">2.4. Vous n\u2019\u00eates pas autoris\u00e9 \u00e0 cr\u00e9er un lien vers ou d\u2019utiliser tout ou partie du site Exp\u00e9rience Escape Hunt \u00e0 toute fin frauduleuse, ill\u00e9gale, diffamatoire, nuisible, obsc\u00e8ne ou r\u00e9pr\u00e9hensible. <\/span><\/p>\n<p><span style=\"font-weight: 400;\">2.5. Vous acceptez que le site Internet n\u2019est pas enti\u00e8rement s\u00e9curis\u00e9. The Escape Hunt exp\u00e9rience prendra toutes les mesures appropri\u00e9es pour prot\u00e9ger la s\u00e9curit\u00e9 des informations de paiement et de cartes de cr\u00e9dit \/ d\u00e9bit et Escape Hunt ne sera pas responsable de tout dommage que vous pouvez subir \u00e0 la suite de la perte de la confidentialit\u00e9 de ces renseignements.<\/span><\/p>\n<p>&nbsp;<\/p>\n<ol start=\"3\">\n<li><span style=\"font-weight: 400;\"> R\u00c9SERVATIONS <\/span><\/li>\n<\/ol>\n<p><span style=\"font-weight: 400;\">3.1. Seule(s) la\/les personne (s) qui ont au moins de 18 ans sont autoris\u00e9s \u00e0 r\u00e9server un jeu. <\/span><\/p>\n<p><span style=\"font-weight: 400;\">3.2. Toute r\u00e9servation est valid\u00e9e que si elle a \u00e9t\u00e9 trait\u00e9e par Escape Hunt. <\/span><\/p>\n<p><span style=\"font-weight: 400;\">3.3. Nous ne permettons pas le transfert de jeux \u00e0 une autre partie. Vous devez nous contacter pour des cas particuliers. <\/span><\/p>\n<p><span style=\"font-weight: 400;\">3.4. Les jeux ne peuvent \u00eatre transf\u00e9r\u00e9s ou revendus \u00e0 des fins commerciales. Si un jeu est transf\u00e9r\u00e9 ou revendu en violation de cette condition, le porteur du jeu ou de la personne qui revendique le droit d\u2019assister \u00e0 l\u2019\u00e9v\u00e9nement se verra refus\u00e9 l\u2019entr\u00e9e. <\/span><\/p>\n<p><span style=\"font-weight: 400;\">3.5. Vous \u00eates enti\u00e8rement responsable de l\u2019entr\u00e9e de vos coordonn\u00e9es sur le formulaire de r\u00e9servation en ligne. En soumettant un formulaire de r\u00e9servation en ligne vous garantissez \u00e0 Escape Hunt que tous les d\u00e9tails fournis par vous sont v\u00e9ridiques et exacts. 3.6. Vous recevrez la confirmation de votre r\u00e9servation par courriel uniquement. The Escape Hunt exp\u00e9rience n\u2019envoie pas de confirmation par la poste ou par texto.<\/span><\/p>\n<p><span style=\"font-weight: 400;\">3.7. Les r\u00e9servations en ligne peuvent \u00eatre faites qu\u2019\u00e0 un nombre d\u00e9termin\u00e9 d\u2019heures ou de jours \u00e0 l\u2019avance. Pour plus de renseignements ou en dehors de ces contraintes, veuillez s\u2019il vous pla\u00eet contacter The Escape Hunt exp\u00e9rience par courriel ou par t\u00e9l\u00e9phone. <\/span><\/p>\n<p><span style=\"font-weight: 400;\">3.8. Une r\u00e9servation devient caduque et l\u2019entr\u00e9e pourra \u00eatre refus\u00e9e si l\u2019\u00e9quipe a 15 minutes ou plus de retard. Dans une telle situation, l\u2019argent est non remboursable et la r\u00e9servation est non modifiable.<\/span><\/p>\n<p><span style=\"font-weight: 400;\">3.9. Toutes les r\u00e9servations sont d\u00e9finitives. Aucune annulation de r\u00e9servation n\u2019est possible. Une r\u00e9servation peut \u00eatre modifi\u00e9e jusqu\u2019\u00e0 5 jours avant en fonction des disponibilit\u00e9s. A moins de 5 jours, aucun changement ou report ne sont possibles. Dans le cas rare o\u00f9 nous pourrions \u00eatre amen\u00e9 \u00e0 offrir une re-planification, modification, ou tout autre service, des frais d\u2019administration seront susceptibles d\u2019\u00eatre factur\u00e9s et vous seront communiqu\u00e9s pr\u00e9alablement. A noter \u00e9galement, que le client ne peut pas demander apr\u00e8s sa r\u00e9servation un remboursement (ou un avoir) si ce dernier n\u2019a pas saisi un code de r\u00e9duction au moment de sa r\u00e9servation sur notre site internet. Concernant le cas de r\u00e9servation sur devis (r\u00e9serv\u00e9 aux organismes d\u00e9tenteur d\u2019un num\u00e9ro SIRET), la m\u00eame politique de modification\/annulation sera appliqu\u00e9e d\u00e8s lors que la r\u00e9servation est confirm\u00e9e et officialis\u00e9e (devis retourn\u00e9 sign\u00e9 engendrant l\u2019\u00e9dition de la facture, document comptable d\u00e9finitif, pour r\u00e8glement avant prestation. En cas de demande de modification de la facture \u00e9dit\u00e9e \u00e0 plus de 5 jours de l\u2019\u00e9v\u00e9nement, des frais de 30 \u20ac HT seront demand\u00e9s. Pour les cas particuliers de privatisation de l\u2019\u00e9tablissement, une facturation de 20% du co\u00fbt de privatisation (hors prestations compl\u00e9mentaires) sera propos\u00e9e pour toute demande d\u2019annulation entre 5 et 15 jours de l\u2019\u00e9v\u00e9nement. L\u2019\u00e9ch\u00e9ance du r\u00e8glement d\u2019une facture correspond \u00e0 la date de l\u2019\u00e9v\u00e9nement Escape Hunt (sauf accord pr\u00e9alable \u00e9crit avec le client), ou contre indication de l\u2019\u00e9ch\u00e9ance de paiement indiqu\u00e9 sur la facture. Conform\u00e9ment \u00e0 l\u2019article L. 441-6 du code de commerce, des p\u00e9nalit\u00e9s de retard, au taux annuel de 20 %, et une indemnit\u00e9 de 40 \u20ac sont dues \u00e0 d\u00e9faut de r\u00e8glement le jour suivant la date de paiement figurant sur la facture, pour nos clients professionnels <\/span><\/p>\n<p><span style=\"font-weight: 400;\">3.10. Force Majeure. The Escape Hunt exp\u00e9rience n\u2019est pas responsable des retards ou obstacles causant le retard de votre arriv\u00e9e soit caus\u00e9 par le mauvais temps, les gr\u00e8ves, les protestations, les inondations, les embouteillages, les troubles civils ou de toute autre raison. Il est de votre responsabilit\u00e9 d\u2019arriver \u00e0 temps pour votre r\u00e9servation. <\/span><\/p>\n<p>&nbsp;<\/p>\n<ol start=\"4\">\n<li><span style=\"font-weight: 400;\"> PRIX ET PAIEMENT <\/span><\/li>\n<\/ol>\n<p><span style=\"font-weight: 400;\">4.1. Le prix (avec la TVA incluse) d\u2019un jeu par personne est indiqu\u00e9 sur le site Exp\u00e9rience Escape Hunt dans la section de r\u00e9servation. <\/span><\/p>\n<p><span style=\"font-weight: 400;\">4.2. Le prix est fix\u00e9 en fonction du nombre de personnes dans une chambre (2-5 personnes) et au jour de la semaine. <\/span><\/p>\n<p><span style=\"font-weight: 400;\">4.3. Les r\u00e9servations peuvent \u00eatre faites en ligne sur le site Internet de l\u2019exp\u00e9rience Escape Hunt, par t\u00e9l\u00e9phone, par courriel ou en personne \u00e0 la succursale.<\/span><\/p>\n<p>&nbsp;<\/p>\n<p><span style=\"font-weight: 400;\">4.4. La liste des diff\u00e9rents moyens de paiement qui sont accept\u00e9s sur le site (cartes de cr\u00e9dit ou de d\u00e9bit, virement, etc..) sont pr\u00e9cis\u00e9s sur le site de r\u00e9servation. <\/span><\/p>\n<p><span style=\"font-weight: 400;\">4.5. Le paiement complet est exig\u00e9 au moment de la r\u00e9servation sur le site internet. Sinon le r\u00e9glement peut se fair au moment de la visite en carte, esp\u00e8ce, ch\u00e8que ou ch\u00e8que vacances si un ch\u00e8que de caution est d\u00e9pos\u00e9 avant (ou envoy\u00e9 par courrier). <\/span><\/p>\n<p><span style=\"font-weight: 400;\">4.6. Si moins de gens que pr\u00e9vus viennent \u00e0 l\u2019\u00e9v\u00e8nement, la diff\u00e9rence de prix ne sera pas rembours\u00e9e. <\/span><\/p>\n<p><span style=\"font-weight: 400;\">4.7. Si plus de gens que pr\u00e9vue sont pr\u00e9sents (jusqu\u2019\u00e0 5 personnes) le suppl\u00e9ment peut \u00eatre pay\u00e9 en esp\u00e8ces ou en carte au moment de \u00e0 l\u2019arriv\u00e9e pour la partie. <\/span><\/p>\n<p>&nbsp;<\/p>\n<ol start=\"5\">\n<li><span style=\"font-weight: 400;\"> CONTACT <\/span><\/li>\n<\/ol>\n<p><span style=\"font-weight: 400;\">Si vous avez besoin de contacter The Escape Hunt exp\u00e9rience, vous pouvez le faire en utilisant l\u2019une des m\u00e9thodes suivantes: <\/span><span style=\"font-weight: 400;\"><br \/>\n<\/span><span style=\"font-weight: 400;\">Escape Hunt Marseille est g\u00e9r\u00e9 par la SARL FFJD<\/span><span style=\"font-weight: 400;\"><br \/>\n<\/span><span style=\"font-weight: 400;\">Adresse: Zone Commerciale Plan de Campagne, 2250 Chem. de Velaux, 13170 Les Pennes-Mirabeau<\/span><span style=\"font-weight: 400;\"><br \/>\n<\/span><span style=\"font-weight: 400;\">Siret = 81100238500011<\/span><span style=\"font-weight: 400;\"><br \/>\n<\/span><span style=\"font-weight: 400;\">\u2013 courriel: marseille(at)escapehunt.com <\/span><span style=\"font-weight: 400;\"><br \/>\n<\/span><span style=\"font-weight: 400;\">\u2013 t\u00e9l\u00e9phone: 04 42 45 30 44<\/span><\/p>\n<p>&nbsp;<\/p>\n<ol start=\"6\">\n<li><span style=\"font-weight: 400;\"> S\u00c9CURIT\u00c9 ET PLAISIR <\/span><\/li>\n<\/ol>\n<p><span style=\"font-weight: 400;\">6.1. Chaque joueur de l\u2019exp\u00e9rience de Escape Hunt sera pris en charge avant et pendant leur jeu par un maitre des jeux (game master). Apr\u00e8s avoir appris les r\u00e8gles du jeu, chaque joueur participera au jeu \u00e0 ses propres risques. En outre, The Escape Hunt exp\u00e9rience n\u2019est pas responsable des dommages (corporels ou mat\u00e9riels) caus\u00e9s par une utilisation inappropri\u00e9e de la salle de jeu ou pour n\u2019avoir pas suivit les r\u00e8gles d\u00e9crites avant le jeu par la game master. <\/span><\/p>\n<p><span style=\"font-weight: 400;\">6.2. Si vous \u00eates en retard de plus de 15 minutes par rapport \u00e0 l\u2019heure pr\u00e9vue lors de votre r\u00e9servation, la r\u00e9servation devient caduque automatiquement et vous ne serez pas en mesure de commencer votre jeu. <\/span><\/p>\n<p><span style=\"font-weight: 400;\">6.3. Les personnes sous l\u2019influence de l\u2019alcool ou de m\u00e9dicaments non prescrits pourraient \u00eatre d\u00e9tourn\u00e9s et le jeu devient caduque. Nous nous r\u00e9servons le droit de refuser l\u2019entr\u00e9e \u00e0 toute personne qui est inapte, abusive ou inappropri\u00e9e de quelque fa\u00e7on \u00e0 la seule discr\u00e9tion des propri\u00e9taires et du personnel de Escape Hunt. <\/span><\/p>\n<p><span style=\"font-weight: 400;\">6.4. Des boissons et des aliments ne peuvent \u00eatre introduits dans les salles de jeux ou de r\u00e9ception. <\/span><\/p>\n<p><span style=\"font-weight: 400;\">6.5. Pour \u00eatre admis, vous devez confirmer le nom complet de la personne qui r\u00e9serve et celle-ci pourrait \u00eatre invit\u00e9 \u00e0 confirmer le num\u00e9ro de t\u00e9l\u00e9phone et l\u2019adresse e-mail ainsi que de montrer un passeport ou une carte d\u2019identit\u00e9 ainsi qu\u2019une carte de cr\u00e9dit. <\/span><\/p>\n<p><span style=\"font-weight: 400;\">6.6. Pour des raisons de s\u00e9curit\u00e9, les enfants de moins de 8 ans ne sont pas autoris\u00e9s \u00e0 entrer dans la r\u00e9ception ou dans les salles de jeux. Tous les enfants de moins de 14 ans<\/span> <span style=\"font-weight: 400;\">doivent \u00eatre accompagn\u00e9s par au moins un adulte en tout temps. <\/span><\/p>\n<p><span style=\"font-weight: 400;\">6.7. La taille du lobby de r\u00e9ception \u00e9tant limit\u00e9e, il est demand\u00e9 aux joueurs de The Escape Hunt exp\u00e9rience d\u2019arriver 15 minutes avant le d\u00e9but de la partie afin que le game master puissent bien prendre en charge les joueurs, leur expliqu\u00e9 en d\u00e9tail la nature du jeu, ses risques et contraintes afin de rendre l\u2019exp\u00e9rience agr\u00e9able et sans danger. <\/span><\/p>\n<p><span style=\"font-weight: 400;\">6.8. L\u2019Escape Hunt Exp\u00e9rience recommande \u00e0 ses clients de porter des v\u00eatements confortables pour le jeu. <\/span><\/p>\n<p>&nbsp;<\/p>\n<ol start=\"7\">\n<li><span style=\"font-weight: 400;\"><br \/>\n<\/span><span style=\"font-weight: 400;\"> DROITS D\u2019AUTEUR ET CONFIDENTIEL <\/span><\/li>\n<\/ol>\n<p><span style=\"font-weight: 400;\">7.1. Tous les noms, dessins et slogans utilis\u00e9s sur le site, dans toute activit\u00e9 de marketing et dans les locaux sont la propri\u00e9t\u00e9 de Escape Hunt Co. Ltd et ses propri\u00e9taires. Aucune utilisation ou reproduction de quelque nature que ce soit n\u2019est autoris\u00e9e. <\/span><\/p>\n<p><span style=\"font-weight: 400;\">7.2. Tous les joueurs d\u2019Escape Hunt conviennent de ne pas discuter, divulguer ou distribuer toute information concernant le contenu des jeux ou toute autre information exclusive.<\/span><\/p>\n","protected":false},"excerpt":{"rendered":"<p>The Escape Hunt Experience Marseille\u00a0 &nbsp; Conditions G\u00e9n\u00e9rales de Vente &nbsp; Pour utiliser notre site Web et venir jouer \u00e0 nos jeux, il est n\u00e9cessaire de valider l\u2019acceptation de ce&hellip;<\/p>\n","protected":false},"author":12,"featured_media":0,"parent":0,"menu_order":0,"comment_status":"closed","ping_status":"closed","template":"","meta":{"_acf_changed":false,"footnotes":""},"class_list":["post-140","page","type-page","status-publish","hentry"],"acf":{"custom_schema_json":""},"yoast_head":"<!-- This site is optimized with the Yoast SEO plugin v27.3 - https:\/\/yoast.com\/product\/yoast-seo-wordpress\/ -->\n<title>CONDITIONS G\u00c9N\u00c9RALES | Escape Hunt Marseille<\/title>\n<meta name=\"description\" content=\"Prenez connaissance de nos conditions g\u00e9n\u00e9rales de vente avant votre r\u00e9servation chez Escape Hunt Marseille.\" \/>\n<meta name=\"robots\" content=\"noindex, follow, max-snippet:-1, max-image-preview:large, max-video-preview:-1\" \/>\n<meta property=\"og:locale\" content=\"fr_FR\" \/>\n<meta property=\"og:type\" content=\"article\" \/>\n<meta property=\"og:title\" content=\"CONDITIONS G\u00c9N\u00c9RALES | Escape Hunt Marseille\" \/>\n<meta property=\"og:description\" content=\"Prenez connaissance de nos conditions g\u00e9n\u00e9rales de vente avant votre r\u00e9servation chez Escape Hunt Marseille.\" \/>\n<meta property=\"og:url\" content=\"https:\/\/escapehunt.com\/fr\/marseille\/conditions-generales\/\" \/>\n<meta property=\"og:site_name\" content=\"Marseille\" \/>\n<meta property=\"article:modified_time\" content=\"2024-02-22T15:22:44+00:00\" \/>\n<meta name=\"twitter:card\" content=\"summary_large_image\" \/>\n<meta name=\"twitter:label1\" content=\"Dur\u00e9e de lecture estim\u00e9e\" \/>\n\t<meta name=\"twitter:data1\" content=\"10 minutes\" \/>\n<script type=\"application\/ld+json\" class=\"yoast-schema-graph\">{\"@context\":\"https:\\\/\\\/schema.org\",\"@graph\":[{\"@type\":\"WebPage\",\"@id\":\"https:\\\/\\\/escapehunt.com\\\/fr\\\/marseille\\\/conditions-generales\\\/\",\"url\":\"https:\\\/\\\/escapehunt.com\\\/fr\\\/marseille\\\/conditions-generales\\\/\",\"name\":\"CONDITIONS G\u00c9N\u00c9RALES | Escape Hunt Marseille\",\"isPartOf\":{\"@id\":\"https:\\\/\\\/escapehunt.com\\\/fr\\\/marseille\\\/#website\"},\"datePublished\":\"2018-10-03T12:41:20+00:00\",\"dateModified\":\"2024-02-22T15:22:44+00:00\",\"description\":\"Prenez connaissance de nos conditions g\u00e9n\u00e9rales de vente avant votre r\u00e9servation chez Escape Hunt Marseille.\",\"breadcrumb\":{\"@id\":\"https:\\\/\\\/escapehunt.com\\\/fr\\\/marseille\\\/conditions-generales\\\/#breadcrumb\"},\"inLanguage\":\"fr-FR\",\"potentialAction\":[{\"@type\":\"ReadAction\",\"target\":[\"https:\\\/\\\/escapehunt.com\\\/fr\\\/marseille\\\/conditions-generales\\\/\"]}]},{\"@type\":\"BreadcrumbList\",\"@id\":\"https:\\\/\\\/escapehunt.com\\\/fr\\\/marseille\\\/conditions-generales\\\/#breadcrumb\",\"itemListElement\":[{\"@type\":\"ListItem\",\"position\":1,\"name\":\"Home\",\"item\":\"https:\\\/\\\/escapehunt.com\\\/fr\\\/marseille\\\/\"},{\"@type\":\"ListItem\",\"position\":2,\"name\":\"CONDITIONS G\u00c9N\u00c9RALES\"}]},{\"@type\":\"WebSite\",\"@id\":\"https:\\\/\\\/escapehunt.com\\\/fr\\\/marseille\\\/#website\",\"url\":\"https:\\\/\\\/escapehunt.com\\\/fr\\\/marseille\\\/\",\"name\":\"Marseille\",\"description\":\"Escape Hunt Marseille \u2013 L\u2019Escape Game Num\u00e9ro 1 \u00e0 Marseille\",\"potentialAction\":[{\"@type\":\"SearchAction\",\"target\":{\"@type\":\"EntryPoint\",\"urlTemplate\":\"https:\\\/\\\/escapehunt.com\\\/fr\\\/marseille\\\/?s={search_term_string}\"},\"query-input\":{\"@type\":\"PropertyValueSpecification\",\"valueRequired\":true,\"valueName\":\"search_term_string\"}}],\"inLanguage\":\"fr-FR\"}]}<\/script>\n<!-- \/ Yoast SEO plugin. -->","yoast_head_json":{"title":"CONDITIONS G\u00c9N\u00c9RALES | Escape Hunt Marseille","description":"Prenez connaissance de nos conditions g\u00e9n\u00e9rales de vente avant votre r\u00e9servation chez Escape Hunt Marseille.","robots":{"index":"noindex","follow":"follow","max-snippet":"max-snippet:-1","max-image-preview":"max-image-preview:large","max-video-preview":"max-video-preview:-1"},"og_locale":"fr_FR","og_type":"article","og_title":"CONDITIONS G\u00c9N\u00c9RALES | Escape Hunt Marseille","og_description":"Prenez connaissance de nos conditions g\u00e9n\u00e9rales de vente avant votre r\u00e9servation chez Escape Hunt Marseille.","og_url":"https:\/\/escapehunt.com\/fr\/marseille\/conditions-generales\/","og_site_name":"Marseille","article_modified_time":"2024-02-22T15:22:44+00:00","twitter_card":"summary_large_image","twitter_misc":{"Dur\u00e9e de lecture estim\u00e9e":"10 minutes"},"schema":{"@context":"https:\/\/schema.org","@graph":[{"@type":"WebPage","@id":"https:\/\/escapehunt.com\/fr\/marseille\/conditions-generales\/","url":"https:\/\/escapehunt.com\/fr\/marseille\/conditions-generales\/","name":"CONDITIONS G\u00c9N\u00c9RALES | Escape Hunt Marseille","isPartOf":{"@id":"https:\/\/escapehunt.com\/fr\/marseille\/#website"},"datePublished":"2018-10-03T12:41:20+00:00","dateModified":"2024-02-22T15:22:44+00:00","description":"Prenez connaissance de nos conditions g\u00e9n\u00e9rales de vente avant votre r\u00e9servation chez Escape Hunt Marseille.","breadcrumb":{"@id":"https:\/\/escapehunt.com\/fr\/marseille\/conditions-generales\/#breadcrumb"},"inLanguage":"fr-FR","potentialAction":[{"@type":"ReadAction","target":["https:\/\/escapehunt.com\/fr\/marseille\/conditions-generales\/"]}]},{"@type":"BreadcrumbList","@id":"https:\/\/escapehunt.com\/fr\/marseille\/conditions-generales\/#breadcrumb","itemListElement":[{"@type":"ListItem","position":1,"name":"Home","item":"https:\/\/escapehunt.com\/fr\/marseille\/"},{"@type":"ListItem","position":2,"name":"CONDITIONS G\u00c9N\u00c9RALES"}]},{"@type":"WebSite","@id":"https:\/\/escapehunt.com\/fr\/marseille\/#website","url":"https:\/\/escapehunt.com\/fr\/marseille\/","name":"Marseille","description":"Escape Hunt Marseille \u2013 L\u2019Escape Game Num\u00e9ro 1 \u00e0 Marseille","potentialAction":[{"@type":"SearchAction","target":{"@type":"EntryPoint","urlTemplate":"https:\/\/escapehunt.com\/fr\/marseille\/?s={search_term_string}"},"query-input":{"@type":"PropertyValueSpecification","valueRequired":true,"valueName":"search_term_string"}}],"inLanguage":"fr-FR"}]}},"custom_schema_json":"","_links":{"self":[{"href":"https:\/\/staging3.escapehunt.com\/fr\/marseille\/wp-json\/wp\/v2\/pages\/140","targetHints":{"allow":["GET"]}}],"collection":[{"href":"https:\/\/staging3.escapehunt.com\/fr\/marseille\/wp-json\/wp\/v2\/pages"}],"about":[{"href":"https:\/\/staging3.escapehunt.com\/fr\/marseille\/wp-json\/wp\/v2\/types\/page"}],"author":[{"embeddable":true,"href":"https:\/\/staging3.escapehunt.com\/fr\/marseille\/wp-json\/wp\/v2\/users\/12"}],"replies":[{"embeddable":true,"href":"https:\/\/staging3.escapehunt.com\/fr\/marseille\/wp-json\/wp\/v2\/comments?post=140"}],"version-history":[{"count":0,"href":"https:\/\/staging3.escapehunt.com\/fr\/marseille\/wp-json\/wp\/v2\/pages\/140\/revisions"}],"wp:attachment":[{"href":"https:\/\/staging3.escapehunt.com\/fr\/marseille\/wp-json\/wp\/v2\/media?parent=140"}],"curies":[{"name":"wp","href":"https:\/\/api.w.org\/{rel}","templated":true}]}}