{"id":413,"date":"2018-11-23T17:01:29","date_gmt":"2018-11-23T17:01:29","guid":{"rendered":"http:\/\/s27835.p712.sites.pressdns.com\/fr\/bordeaux\/?page_id=413"},"modified":"2019-03-21T10:34:03","modified_gmt":"2019-03-21T10:34:03","slug":"blog","status":"publish","type":"page","link":"https:\/\/staging3.escapehunt.com\/fr\/marseille\/blog\/","title":{"rendered":"Escape Hunt Marseille Blog"},"content":{"rendered":"<h3 class=\"ish-sc-element ish-sc_headline ish-color3 ish-center\"><strong>NOS ACTUALIT\u00c9S, OFFRES ET PROMOTIONS !<\/strong><\/h3>\n<div class=\"wpb_text_column wpb_content_element \">\n<div class=\"wpb_wrapper\">\n<p>C\u2019est ici que vous pourrez retrouver diff\u00e9rents posts sur l\u2019actualit\u00e9 d&rsquo;Escape Hunt Plan de Campagne .<\/p>\n<p>Bonne lecture d\u00e9tectives !<\/p>\n<p>&nbsp;<\/p>\n<hr \/>\n<\/div>\n<\/div>\n<p>&nbsp;<\/p>\n<h4><a href=\"https:\/\/staging3.escapehunt.com\/fr\/marseille\/2019\/03\/21\/a-faire-en-famille\/\">A FAIRE EN FAMILLE<\/a><\/h4>\n<p>Vous habitez \u00e0 Aix-en-Provence et cherchez une activit\u00e9 pour un weekend en famille ? Vous visitez la r\u00e9gion et vous cherchez des id\u00e9es pour vos vacances en Provence ? Nous&#8230; <a href=\"https:\/\/staging3.escapehunt.com\/fr\/marseille\/2019\/03\/21\/a-faire-en-famille\/\" target=\"_blank\" rel=\"noopener noreferrer\">Lire l\u2019article<\/a><\/p>\n<p>&nbsp;<\/p>\n<h4><a href=\"https:\/\/staging3.escapehunt.com\/fr\/marseille\/2016\/06\/03\/evjf-aix\/\">5 ACTIVIT\u00c9S POUR UN EVJF \u00c0 AIX ?<\/a><\/h4>\n<p>Vous \u00eates \u00e0 la recherche d\u2019id\u00e9es originales pour organiser un EVJF entre copines ? Nous vous proposons aujourd&rsquo;hui un programme pour une journ\u00e9e bien charg\u00e9e avec 5 adresses et activit\u00e9s&#8230; <a href=\"https:\/\/staging3.escapehunt.com\/fr\/marseille\/2016\/06\/03\/evjf-aix\/\" target=\"_blank\" rel=\"noopener noreferrer\">Lire l\u2019article<\/a><\/p>\n<p>&nbsp;<\/p>\n<h4><a href=\"https:\/\/staging3.escapehunt.com\/fr\/marseille\/2015\/10\/09\/escape-game-provence\/\">8 SALLES AU COEUR DE LA PROVENCE<\/a><\/h4>\n<p>Les enqu\u00eates d&rsquo;Escape Hunt Aix-Marseille \u00e0 Plan de Campagne ont d\u00e9but\u00e9 en novembre 2015 ! Les enqu\u00eates d&rsquo;Escape Hunt Aix-Marseille ont d\u00e9but\u00e9 en novembre 2015. Le Live Escape Game&#8230; <a href=\"https:\/\/staging3.escapehunt.com\/fr\/marseille\/2015\/10\/09\/escape-game-provence\/\" target=\"_blank\" rel=\"noopener noreferrer\">Lire l\u2019article<\/a><\/p>\n<p>&nbsp;<\/p>\n<h4><a href=\"https:\/\/staging3.escapehunt.com\/fr\/marseille\/2015\/04\/23\/ouverture-escape-hunt-marseille-septembre-2015\/\">UN HAVRE HORS DU TEMPS POUR VOS \u00c9V\u00c8NEMENTS \u2026<\/a><\/h4>\n<p>Un espace original et convivial pour r\u00e9unir vos collaborateurs, amis ou votre famille Situ\u00e9 \u00e0 Plan de Campagne, entre Aix et Marseille, Escape Hunt est le lieu id\u00e9al pour organiser&#8230; <a href=\"https:\/\/staging3.escapehunt.com\/fr\/marseille\/2015\/04\/23\/ouverture-escape-hunt-marseille-septembre-2015\/\" target=\"_blank\" rel=\"noopener noreferrer\">Lire l\u2019article<\/a><\/p>\n<p>&nbsp;<\/p>\n<h4><a href=\"https:\/\/staging3.escapehunt.com\/fr\/marseille\/2015\/04\/23\/summer-madness-is-here-save-10-percent\/\">SUMMER MADNESS \u2013 NEW GAMES COMING THIS SUMMER!<\/a><\/h4>\n<p>It&rsquo;s summer! We know you want to be indoors in a cool, dry place with a lots of lovely game masters to host your game. We&rsquo;re excited to launch&#8230; <a href=\"https:\/\/staging3.escapehunt.com\/fr\/marseille\/2015\/04\/23\/summer-madness-is-here-save-10-percent\/\" target=\"_blank\" rel=\"noopener noreferrer\">Lire l\u2019article<\/a><\/p>\n","protected":false},"excerpt":{"rendered":"<p>NOS ACTUALIT\u00c9S, OFFRES ET PROMOTIONS ! C\u2019est ici que vous pourrez retrouver diff\u00e9rents posts sur l\u2019actualit\u00e9 d&rsquo;Escape Hunt Plan de Campagne . Bonne lecture d\u00e9tectives ! &nbsp; &nbsp; A FAIRE&hellip;<\/p>\n","protected":false},"author":16,"featured_media":0,"parent":0,"menu_order":0,"comment_status":"closed","ping_status":"closed","template":"","meta":{"_acf_changed":false,"footnotes":""},"class_list":["post-413","page","type-page","status-publish","hentry"],"acf":{"custom_schema_json":""},"yoast_head":"<!-- This site is optimized with the Yoast SEO plugin v27.3 - https:\/\/yoast.com\/product\/yoast-seo-wordpress\/ -->\n<title>Escape Hunt Marseille Blog - Marseille<\/title>\n<meta name=\"robots\" content=\"noindex, follow, max-snippet:-1, max-image-preview:large, max-video-preview:-1\" \/>\n<meta property=\"og:locale\" content=\"fr_FR\" \/>\n<meta property=\"og:type\" content=\"article\" \/>\n<meta property=\"og:title\" content=\"Escape Hunt Marseille Blog - Marseille\" \/>\n<meta property=\"og:description\" content=\"NOS ACTUALIT\u00c9S, OFFRES ET PROMOTIONS ! C\u2019est ici que vous pourrez retrouver diff\u00e9rents posts sur l\u2019actualit\u00e9 d&rsquo;Escape Hunt Plan de Campagne . Bonne lecture d\u00e9tectives ! &nbsp; &nbsp; A FAIRE&hellip;\" \/>\n<meta property=\"og:url\" content=\"https:\/\/escapehunt.com\/fr\/marseille\/blog\/\" \/>\n<meta property=\"og:site_name\" content=\"Marseille\" \/>\n<meta property=\"article:modified_time\" content=\"2019-03-21T10:34:03+00:00\" \/>\n<meta name=\"twitter:card\" content=\"summary_large_image\" \/>\n<meta name=\"twitter:label1\" content=\"Dur\u00e9e de lecture estim\u00e9e\" \/>\n\t<meta name=\"twitter:data1\" content=\"1 minute\" \/>\n<script type=\"application\/ld+json\" class=\"yoast-schema-graph\">{\"@context\":\"https:\\\/\\\/schema.org\",\"@graph\":[{\"@type\":\"WebPage\",\"@id\":\"https:\\\/\\\/escapehunt.com\\\/fr\\\/marseille\\\/blog\\\/\",\"url\":\"https:\\\/\\\/escapehunt.com\\\/fr\\\/marseille\\\/blog\\\/\",\"name\":\"Escape Hunt Marseille Blog - Marseille\",\"isPartOf\":{\"@id\":\"https:\\\/\\\/escapehunt.com\\\/fr\\\/marseille\\\/#website\"},\"datePublished\":\"2018-11-23T17:01:29+00:00\",\"dateModified\":\"2019-03-21T10:34:03+00:00\",\"breadcrumb\":{\"@id\":\"https:\\\/\\\/escapehunt.com\\\/fr\\\/marseille\\\/blog\\\/#breadcrumb\"},\"inLanguage\":\"fr-FR\",\"potentialAction\":[{\"@type\":\"ReadAction\",\"target\":[\"https:\\\/\\\/escapehunt.com\\\/fr\\\/marseille\\\/blog\\\/\"]}]},{\"@type\":\"BreadcrumbList\",\"@id\":\"https:\\\/\\\/escapehunt.com\\\/fr\\\/marseille\\\/blog\\\/#breadcrumb\",\"itemListElement\":[{\"@type\":\"ListItem\",\"position\":1,\"name\":\"Home\",\"item\":\"https:\\\/\\\/escapehunt.com\\\/fr\\\/marseille\\\/\"},{\"@type\":\"ListItem\",\"position\":2,\"name\":\"Escape Hunt Marseille Blog\"}]},{\"@type\":\"WebSite\",\"@id\":\"https:\\\/\\\/escapehunt.com\\\/fr\\\/marseille\\\/#website\",\"url\":\"https:\\\/\\\/escapehunt.com\\\/fr\\\/marseille\\\/\",\"name\":\"Marseille\",\"description\":\"Escape Hunt Marseille \u2013 L\u2019Escape Game Num\u00e9ro 1 \u00e0 Marseille\",\"potentialAction\":[{\"@type\":\"SearchAction\",\"target\":{\"@type\":\"EntryPoint\",\"urlTemplate\":\"https:\\\/\\\/escapehunt.com\\\/fr\\\/marseille\\\/?s={search_term_string}\"},\"query-input\":{\"@type\":\"PropertyValueSpecification\",\"valueRequired\":true,\"valueName\":\"search_term_string\"}}],\"inLanguage\":\"fr-FR\"}]}<\/script>\n<!-- \/ Yoast SEO plugin. -->","yoast_head_json":{"title":"Escape Hunt Marseille Blog - Marseille","robots":{"index":"noindex","follow":"follow","max-snippet":"max-snippet:-1","max-image-preview":"max-image-preview:large","max-video-preview":"max-video-preview:-1"},"og_locale":"fr_FR","og_type":"article","og_title":"Escape Hunt Marseille Blog - Marseille","og_description":"NOS ACTUALIT\u00c9S, OFFRES ET PROMOTIONS ! C\u2019est ici que vous pourrez retrouver diff\u00e9rents posts sur l\u2019actualit\u00e9 d&rsquo;Escape Hunt Plan de Campagne . Bonne lecture d\u00e9tectives ! &nbsp; &nbsp; A FAIRE&hellip;","og_url":"https:\/\/escapehunt.com\/fr\/marseille\/blog\/","og_site_name":"Marseille","article_modified_time":"2019-03-21T10:34:03+00:00","twitter_card":"summary_large_image","twitter_misc":{"Dur\u00e9e de lecture estim\u00e9e":"1 minute"},"schema":{"@context":"https:\/\/schema.org","@graph":[{"@type":"WebPage","@id":"https:\/\/escapehunt.com\/fr\/marseille\/blog\/","url":"https:\/\/escapehunt.com\/fr\/marseille\/blog\/","name":"Escape Hunt Marseille Blog - Marseille","isPartOf":{"@id":"https:\/\/escapehunt.com\/fr\/marseille\/#website"},"datePublished":"2018-11-23T17:01:29+00:00","dateModified":"2019-03-21T10:34:03+00:00","breadcrumb":{"@id":"https:\/\/escapehunt.com\/fr\/marseille\/blog\/#breadcrumb"},"inLanguage":"fr-FR","potentialAction":[{"@type":"ReadAction","target":["https:\/\/escapehunt.com\/fr\/marseille\/blog\/"]}]},{"@type":"BreadcrumbList","@id":"https:\/\/escapehunt.com\/fr\/marseille\/blog\/#breadcrumb","itemListElement":[{"@type":"ListItem","position":1,"name":"Home","item":"https:\/\/escapehunt.com\/fr\/marseille\/"},{"@type":"ListItem","position":2,"name":"Escape Hunt Marseille Blog"}]},{"@type":"WebSite","@id":"https:\/\/escapehunt.com\/fr\/marseille\/#website","url":"https:\/\/escapehunt.com\/fr\/marseille\/","name":"Marseille","description":"Escape Hunt Marseille \u2013 L\u2019Escape Game Num\u00e9ro 1 \u00e0 Marseille","potentialAction":[{"@type":"SearchAction","target":{"@type":"EntryPoint","urlTemplate":"https:\/\/escapehunt.com\/fr\/marseille\/?s={search_term_string}"},"query-input":{"@type":"PropertyValueSpecification","valueRequired":true,"valueName":"search_term_string"}}],"inLanguage":"fr-FR"}]}},"custom_schema_json":"","_links":{"self":[{"href":"https:\/\/staging3.escapehunt.com\/fr\/marseille\/wp-json\/wp\/v2\/pages\/413","targetHints":{"allow":["GET"]}}],"collection":[{"href":"https:\/\/staging3.escapehunt.com\/fr\/marseille\/wp-json\/wp\/v2\/pages"}],"about":[{"href":"https:\/\/staging3.escapehunt.com\/fr\/marseille\/wp-json\/wp\/v2\/types\/page"}],"author":[{"embeddable":true,"href":"https:\/\/staging3.escapehunt.com\/fr\/marseille\/wp-json\/wp\/v2\/users\/16"}],"replies":[{"embeddable":true,"href":"https:\/\/staging3.escapehunt.com\/fr\/marseille\/wp-json\/wp\/v2\/comments?post=413"}],"version-history":[{"count":0,"href":"https:\/\/staging3.escapehunt.com\/fr\/marseille\/wp-json\/wp\/v2\/pages\/413\/revisions"}],"wp:attachment":[{"href":"https:\/\/staging3.escapehunt.com\/fr\/marseille\/wp-json\/wp\/v2\/media?parent=413"}],"curies":[{"name":"wp","href":"https:\/\/api.w.org\/{rel}","templated":true}]}}