{"id":74,"date":"2018-10-03T09:01:13","date_gmt":"2018-10-03T09:01:13","guid":{"rendered":"http:\/\/s27835.p712.sites.pressdns.com\/fr\/bordeaux\/?page_id=74"},"modified":"2024-03-12T16:04:40","modified_gmt":"2024-03-12T16:04:40","slug":"evenement-particuliers","status":"publish","type":"page","link":"https:\/\/staging3.escapehunt.com\/fr\/marseille\/evenement-particuliers\/","title":{"rendered":"\u00c9V\u00c8NEMENTS PARTICULIERS"},"content":{"rendered":"<p style=\"text-align: center;\">Escape Hunt est le lieu id\u00e9al pour organiser votre \u00e9v\u00e8nement :<\/p>\n<p style=\"text-align: center;\">\u00a0&#8211; Enterrement de vie de c\u00e9libataire (EVG \/ EVJF)<\/p>\n<p style=\"text-align: center;\">\u00a0&#8211; Soir\u00e9e en famille ou entre amis<\/p>\n<p style=\"text-align: center;\">\u00a0&#8211; Anniversaire (enfants d\u00e8s 10 ans ou adultes)<\/p>\n","protected":false},"excerpt":{"rendered":"<p>Escape Hunt est le lieu id\u00e9al pour organiser votre \u00e9v\u00e8nement : \u00a0&#8211; Enterrement de vie de c\u00e9libataire (EVG \/ EVJF) \u00a0&#8211; Soir\u00e9e en famille ou entre amis \u00a0&#8211; Anniversaire (enfants&hellip;<\/p>\n","protected":false},"author":12,"featured_media":0,"parent":0,"menu_order":0,"comment_status":"closed","ping_status":"closed","template":"views\/social-events.php","meta":{"_acf_changed":false,"footnotes":""},"class_list":["post-74","page","type-page","status-publish","hentry"],"acf":{"custom_schema_json":""},"yoast_head":"<!-- This site is optimized with the Yoast SEO plugin v27.3 - https:\/\/yoast.com\/product\/yoast-seo-wordpress\/ -->\n<title>\u00c9v\u00e9nements particuliers | Escape Hunt Marseille<\/title>\n<meta name=\"description\" content=\"L&#039;activit\u00e9 id\u00e9ale entre amis pour un anniversaire, evg - evjf ou pour toute occasion ! N&#039;h\u00e9sitez pas \u00e0 nous contacter pour organiser ensemble votre soir\u00e9e parfaite chez Escape Hunt Marseille. ! R\u00e9servations en ligne.\" \/>\n<meta name=\"robots\" content=\"noindex, follow, max-snippet:-1, max-image-preview:large, max-video-preview:-1\" \/>\n<meta property=\"og:locale\" content=\"fr_FR\" \/>\n<meta property=\"og:type\" content=\"article\" \/>\n<meta property=\"og:title\" content=\"\u00c9v\u00e9nements particuliers | Escape Hunt Marseille\" \/>\n<meta property=\"og:description\" content=\"L&#039;activit\u00e9 id\u00e9ale entre amis pour un anniversaire, evg - evjf ou pour toute occasion ! N&#039;h\u00e9sitez pas \u00e0 nous contacter pour organiser ensemble votre soir\u00e9e parfaite chez Escape Hunt Marseille. ! R\u00e9servations en ligne.\" \/>\n<meta property=\"og:url\" content=\"https:\/\/escapehunt.com\/fr\/marseille\/evenement-particuliers\/\" \/>\n<meta property=\"og:site_name\" content=\"Marseille\" \/>\n<meta property=\"article:modified_time\" content=\"2024-03-12T16:04:40+00:00\" \/>\n<meta name=\"twitter:card\" content=\"summary_large_image\" \/>\n<meta name=\"twitter:label1\" content=\"Dur\u00e9e de lecture estim\u00e9e\" \/>\n\t<meta name=\"twitter:data1\" content=\"1 minute\" \/>\n<script type=\"application\/ld+json\" class=\"yoast-schema-graph\">{\"@context\":\"https:\\\/\\\/schema.org\",\"@graph\":[{\"@type\":\"WebPage\",\"@id\":\"https:\\\/\\\/escapehunt.com\\\/fr\\\/marseille\\\/evenement-particuliers\\\/\",\"url\":\"https:\\\/\\\/escapehunt.com\\\/fr\\\/marseille\\\/evenement-particuliers\\\/\",\"name\":\"\u00c9v\u00e9nements particuliers | Escape Hunt Marseille\",\"isPartOf\":{\"@id\":\"https:\\\/\\\/escapehunt.com\\\/fr\\\/marseille\\\/#website\"},\"datePublished\":\"2018-10-03T09:01:13+00:00\",\"dateModified\":\"2024-03-12T16:04:40+00:00\",\"description\":\"L'activit\u00e9 id\u00e9ale entre amis pour un anniversaire, evg - evjf ou pour toute occasion ! N'h\u00e9sitez pas \u00e0 nous contacter pour organiser ensemble votre soir\u00e9e parfaite chez Escape Hunt Marseille. ! R\u00e9servations en ligne.\",\"breadcrumb\":{\"@id\":\"https:\\\/\\\/escapehunt.com\\\/fr\\\/marseille\\\/evenement-particuliers\\\/#breadcrumb\"},\"inLanguage\":\"fr-FR\",\"potentialAction\":[{\"@type\":\"ReadAction\",\"target\":[\"https:\\\/\\\/escapehunt.com\\\/fr\\\/marseille\\\/evenement-particuliers\\\/\"]}]},{\"@type\":\"BreadcrumbList\",\"@id\":\"https:\\\/\\\/escapehunt.com\\\/fr\\\/marseille\\\/evenement-particuliers\\\/#breadcrumb\",\"itemListElement\":[{\"@type\":\"ListItem\",\"position\":1,\"name\":\"Home\",\"item\":\"https:\\\/\\\/escapehunt.com\\\/fr\\\/marseille\\\/\"},{\"@type\":\"ListItem\",\"position\":2,\"name\":\"\u00c9V\u00c8NEMENTS PARTICULIERS\"}]},{\"@type\":\"WebSite\",\"@id\":\"https:\\\/\\\/escapehunt.com\\\/fr\\\/marseille\\\/#website\",\"url\":\"https:\\\/\\\/escapehunt.com\\\/fr\\\/marseille\\\/\",\"name\":\"Marseille\",\"description\":\"Escape Hunt Marseille \u2013 L\u2019Escape Game Num\u00e9ro 1 \u00e0 Marseille\",\"potentialAction\":[{\"@type\":\"SearchAction\",\"target\":{\"@type\":\"EntryPoint\",\"urlTemplate\":\"https:\\\/\\\/escapehunt.com\\\/fr\\\/marseille\\\/?s={search_term_string}\"},\"query-input\":{\"@type\":\"PropertyValueSpecification\",\"valueRequired\":true,\"valueName\":\"search_term_string\"}}],\"inLanguage\":\"fr-FR\"}]}<\/script>\n<!-- \/ Yoast SEO plugin. -->","yoast_head_json":{"title":"\u00c9v\u00e9nements particuliers | Escape Hunt Marseille","description":"L'activit\u00e9 id\u00e9ale entre amis pour un anniversaire, evg - evjf ou pour toute occasion ! N'h\u00e9sitez pas \u00e0 nous contacter pour organiser ensemble votre soir\u00e9e parfaite chez Escape Hunt Marseille. ! R\u00e9servations en ligne.","robots":{"index":"noindex","follow":"follow","max-snippet":"max-snippet:-1","max-image-preview":"max-image-preview:large","max-video-preview":"max-video-preview:-1"},"og_locale":"fr_FR","og_type":"article","og_title":"\u00c9v\u00e9nements particuliers | Escape Hunt Marseille","og_description":"L'activit\u00e9 id\u00e9ale entre amis pour un anniversaire, evg - evjf ou pour toute occasion ! N'h\u00e9sitez pas \u00e0 nous contacter pour organiser ensemble votre soir\u00e9e parfaite chez Escape Hunt Marseille. ! R\u00e9servations en ligne.","og_url":"https:\/\/escapehunt.com\/fr\/marseille\/evenement-particuliers\/","og_site_name":"Marseille","article_modified_time":"2024-03-12T16:04:40+00:00","twitter_card":"summary_large_image","twitter_misc":{"Dur\u00e9e de lecture estim\u00e9e":"1 minute"},"schema":{"@context":"https:\/\/schema.org","@graph":[{"@type":"WebPage","@id":"https:\/\/escapehunt.com\/fr\/marseille\/evenement-particuliers\/","url":"https:\/\/escapehunt.com\/fr\/marseille\/evenement-particuliers\/","name":"\u00c9v\u00e9nements particuliers | Escape Hunt Marseille","isPartOf":{"@id":"https:\/\/escapehunt.com\/fr\/marseille\/#website"},"datePublished":"2018-10-03T09:01:13+00:00","dateModified":"2024-03-12T16:04:40+00:00","description":"L'activit\u00e9 id\u00e9ale entre amis pour un anniversaire, evg - evjf ou pour toute occasion ! N'h\u00e9sitez pas \u00e0 nous contacter pour organiser ensemble votre soir\u00e9e parfaite chez Escape Hunt Marseille. ! R\u00e9servations en ligne.","breadcrumb":{"@id":"https:\/\/escapehunt.com\/fr\/marseille\/evenement-particuliers\/#breadcrumb"},"inLanguage":"fr-FR","potentialAction":[{"@type":"ReadAction","target":["https:\/\/escapehunt.com\/fr\/marseille\/evenement-particuliers\/"]}]},{"@type":"BreadcrumbList","@id":"https:\/\/escapehunt.com\/fr\/marseille\/evenement-particuliers\/#breadcrumb","itemListElement":[{"@type":"ListItem","position":1,"name":"Home","item":"https:\/\/escapehunt.com\/fr\/marseille\/"},{"@type":"ListItem","position":2,"name":"\u00c9V\u00c8NEMENTS PARTICULIERS"}]},{"@type":"WebSite","@id":"https:\/\/escapehunt.com\/fr\/marseille\/#website","url":"https:\/\/escapehunt.com\/fr\/marseille\/","name":"Marseille","description":"Escape Hunt Marseille \u2013 L\u2019Escape Game Num\u00e9ro 1 \u00e0 Marseille","potentialAction":[{"@type":"SearchAction","target":{"@type":"EntryPoint","urlTemplate":"https:\/\/escapehunt.com\/fr\/marseille\/?s={search_term_string}"},"query-input":{"@type":"PropertyValueSpecification","valueRequired":true,"valueName":"search_term_string"}}],"inLanguage":"fr-FR"}]}},"custom_schema_json":"","_links":{"self":[{"href":"https:\/\/staging3.escapehunt.com\/fr\/marseille\/wp-json\/wp\/v2\/pages\/74","targetHints":{"allow":["GET"]}}],"collection":[{"href":"https:\/\/staging3.escapehunt.com\/fr\/marseille\/wp-json\/wp\/v2\/pages"}],"about":[{"href":"https:\/\/staging3.escapehunt.com\/fr\/marseille\/wp-json\/wp\/v2\/types\/page"}],"author":[{"embeddable":true,"href":"https:\/\/staging3.escapehunt.com\/fr\/marseille\/wp-json\/wp\/v2\/users\/12"}],"replies":[{"embeddable":true,"href":"https:\/\/staging3.escapehunt.com\/fr\/marseille\/wp-json\/wp\/v2\/comments?post=74"}],"version-history":[{"count":0,"href":"https:\/\/staging3.escapehunt.com\/fr\/marseille\/wp-json\/wp\/v2\/pages\/74\/revisions"}],"wp:attachment":[{"href":"https:\/\/staging3.escapehunt.com\/fr\/marseille\/wp-json\/wp\/v2\/media?parent=74"}],"curies":[{"name":"wp","href":"https:\/\/api.w.org\/{rel}","templated":true}]}}