{"id":75,"date":"2018-10-03T09:01:18","date_gmt":"2018-10-03T09:01:18","guid":{"rendered":"http:\/\/s27835.p712.sites.pressdns.com\/fr\/bordeaux\/?page_id=75"},"modified":"2024-03-12T16:39:37","modified_gmt":"2024-03-12T16:39:37","slug":"teambuilding","status":"publish","type":"page","link":"https:\/\/staging3.escapehunt.com\/fr\/marseille\/teambuilding\/","title":{"rendered":"OFFRES ENTREPRISES"},"content":{"rendered":"<h5 style=\"text-align: left;\"><em><strong>F\u00e9d\u00e9rez vos \u00e9quipes autour d\u2019une activit\u00e9 ludique !<\/strong><\/em><\/h5>\n<p style=\"text-align: left;\">Entre Marseille et Aix-en-Provence, Escape Hunt Plan de Campagne est le lieu id\u00e9al pour organiser votre \u00e9v\u00e8nement.<\/p>\n<p style=\"text-align: left;\">Avec une capacit\u00e9 de 80 personnes (40 joueurs par session de jeu) nos salons Cambridge et Scotland Yard sont propices \u00e0 l\u2019organisation de s\u00e9minaires, r\u00e9unions, cocktails et soir\u00e9es.<\/p>\n<p style=\"text-align: left;\">T\u00e9l\u00e9chargez notre brochure <a href=\"https:\/\/staging3.escapehunt.com\/fr\/marseille\/wp-content\/uploads\/sites\/51\/2023\/10\/PRESTATIONS-ENTREPRISES-ESCAPE-HUNT-PLAN-DE-CAMPAGNE.pdf\">ici<\/a>.<\/p>\n<h3 style=\"text-align: left;\"><\/h3>\n<p>&nbsp;<\/p>\n<h3>D\u00c9COUVREZ NOS DIFF\u00c9RENTES PRESTATIONS<\/h3>\n","protected":false},"excerpt":{"rendered":"<p>F\u00e9d\u00e9rez vos \u00e9quipes autour d\u2019une activit\u00e9 ludique ! Entre Marseille et Aix-en-Provence, Escape Hunt Plan de Campagne est le lieu id\u00e9al pour organiser votre \u00e9v\u00e8nement. Avec une capacit\u00e9 de 80&hellip;<\/p>\n","protected":false},"author":12,"featured_media":0,"parent":0,"menu_order":0,"comment_status":"closed","ping_status":"closed","template":"views\/team-building.php","meta":{"_acf_changed":false,"footnotes":""},"class_list":["post-75","page","type-page","status-publish","hentry"],"acf":{"custom_schema_json":""},"yoast_head":"<!-- This site is optimized with the Yoast SEO plugin v27.3 - https:\/\/yoast.com\/product\/yoast-seo-wordpress\/ -->\n<title>Teambuilding et \u00e9v\u00e9nements d&#039;entreprise | Escape Hunt Marseille<\/title>\n<meta name=\"description\" content=\"L&#039;activit\u00e9 id\u00e9ale pour un \u00e9v\u00e9nement d&#039;entreprise et favoriser la coh\u00e9sion d&#039;\u00e9quipe. Contactez nous pour concevoir votre evenement sur mesure : soir\u00e9e de No\u00ebl, teambuilding, int\u00e9gration, pot de d\u00e9part.\" \/>\n<meta name=\"robots\" content=\"noindex, follow, max-snippet:-1, max-image-preview:large, max-video-preview:-1\" \/>\n<meta property=\"og:locale\" content=\"fr_FR\" \/>\n<meta property=\"og:type\" content=\"article\" \/>\n<meta property=\"og:title\" content=\"Teambuilding et \u00e9v\u00e9nements d&#039;entreprise | Escape Hunt Marseille\" \/>\n<meta property=\"og:description\" content=\"L&#039;activit\u00e9 id\u00e9ale pour un \u00e9v\u00e9nement d&#039;entreprise et favoriser la coh\u00e9sion d&#039;\u00e9quipe. Contactez nous pour concevoir votre evenement sur mesure : soir\u00e9e de No\u00ebl, teambuilding, int\u00e9gration, pot de d\u00e9part.\" \/>\n<meta property=\"og:url\" content=\"https:\/\/escapehunt.com\/fr\/marseille\/teambuilding\/\" \/>\n<meta property=\"og:site_name\" content=\"Marseille\" \/>\n<meta property=\"article:modified_time\" content=\"2024-03-12T16:39:37+00:00\" \/>\n<meta name=\"twitter:card\" content=\"summary_large_image\" \/>\n<meta name=\"twitter:label1\" content=\"Dur\u00e9e de lecture estim\u00e9e\" \/>\n\t<meta name=\"twitter:data1\" content=\"1 minute\" \/>\n<script type=\"application\/ld+json\" class=\"yoast-schema-graph\">{\"@context\":\"https:\\\/\\\/schema.org\",\"@graph\":[{\"@type\":\"WebPage\",\"@id\":\"https:\\\/\\\/escapehunt.com\\\/fr\\\/marseille\\\/teambuilding\\\/\",\"url\":\"https:\\\/\\\/escapehunt.com\\\/fr\\\/marseille\\\/teambuilding\\\/\",\"name\":\"Teambuilding et \u00e9v\u00e9nements d'entreprise | Escape Hunt Marseille\",\"isPartOf\":{\"@id\":\"https:\\\/\\\/escapehunt.com\\\/fr\\\/marseille\\\/#website\"},\"datePublished\":\"2018-10-03T09:01:18+00:00\",\"dateModified\":\"2024-03-12T16:39:37+00:00\",\"description\":\"L'activit\u00e9 id\u00e9ale pour un \u00e9v\u00e9nement d'entreprise et favoriser la coh\u00e9sion d'\u00e9quipe. Contactez nous pour concevoir votre evenement sur mesure : soir\u00e9e de No\u00ebl, teambuilding, int\u00e9gration, pot de d\u00e9part.\",\"breadcrumb\":{\"@id\":\"https:\\\/\\\/escapehunt.com\\\/fr\\\/marseille\\\/teambuilding\\\/#breadcrumb\"},\"inLanguage\":\"fr-FR\",\"potentialAction\":[{\"@type\":\"ReadAction\",\"target\":[\"https:\\\/\\\/escapehunt.com\\\/fr\\\/marseille\\\/teambuilding\\\/\"]}]},{\"@type\":\"BreadcrumbList\",\"@id\":\"https:\\\/\\\/escapehunt.com\\\/fr\\\/marseille\\\/teambuilding\\\/#breadcrumb\",\"itemListElement\":[{\"@type\":\"ListItem\",\"position\":1,\"name\":\"Home\",\"item\":\"https:\\\/\\\/escapehunt.com\\\/fr\\\/marseille\\\/\"},{\"@type\":\"ListItem\",\"position\":2,\"name\":\"OFFRES ENTREPRISES\"}]},{\"@type\":\"WebSite\",\"@id\":\"https:\\\/\\\/escapehunt.com\\\/fr\\\/marseille\\\/#website\",\"url\":\"https:\\\/\\\/escapehunt.com\\\/fr\\\/marseille\\\/\",\"name\":\"Marseille\",\"description\":\"Escape Hunt Marseille \u2013 L\u2019Escape Game Num\u00e9ro 1 \u00e0 Marseille\",\"potentialAction\":[{\"@type\":\"SearchAction\",\"target\":{\"@type\":\"EntryPoint\",\"urlTemplate\":\"https:\\\/\\\/escapehunt.com\\\/fr\\\/marseille\\\/?s={search_term_string}\"},\"query-input\":{\"@type\":\"PropertyValueSpecification\",\"valueRequired\":true,\"valueName\":\"search_term_string\"}}],\"inLanguage\":\"fr-FR\"}]}<\/script>\n<!-- \/ Yoast SEO plugin. -->","yoast_head_json":{"title":"Teambuilding et \u00e9v\u00e9nements d'entreprise | Escape Hunt Marseille","description":"L'activit\u00e9 id\u00e9ale pour un \u00e9v\u00e9nement d'entreprise et favoriser la coh\u00e9sion d'\u00e9quipe. Contactez nous pour concevoir votre evenement sur mesure : soir\u00e9e de No\u00ebl, teambuilding, int\u00e9gration, pot de d\u00e9part.","robots":{"index":"noindex","follow":"follow","max-snippet":"max-snippet:-1","max-image-preview":"max-image-preview:large","max-video-preview":"max-video-preview:-1"},"og_locale":"fr_FR","og_type":"article","og_title":"Teambuilding et \u00e9v\u00e9nements d'entreprise | Escape Hunt Marseille","og_description":"L'activit\u00e9 id\u00e9ale pour un \u00e9v\u00e9nement d'entreprise et favoriser la coh\u00e9sion d'\u00e9quipe. Contactez nous pour concevoir votre evenement sur mesure : soir\u00e9e de No\u00ebl, teambuilding, int\u00e9gration, pot de d\u00e9part.","og_url":"https:\/\/escapehunt.com\/fr\/marseille\/teambuilding\/","og_site_name":"Marseille","article_modified_time":"2024-03-12T16:39:37+00:00","twitter_card":"summary_large_image","twitter_misc":{"Dur\u00e9e de lecture estim\u00e9e":"1 minute"},"schema":{"@context":"https:\/\/schema.org","@graph":[{"@type":"WebPage","@id":"https:\/\/escapehunt.com\/fr\/marseille\/teambuilding\/","url":"https:\/\/escapehunt.com\/fr\/marseille\/teambuilding\/","name":"Teambuilding et \u00e9v\u00e9nements d'entreprise | Escape Hunt Marseille","isPartOf":{"@id":"https:\/\/escapehunt.com\/fr\/marseille\/#website"},"datePublished":"2018-10-03T09:01:18+00:00","dateModified":"2024-03-12T16:39:37+00:00","description":"L'activit\u00e9 id\u00e9ale pour un \u00e9v\u00e9nement d'entreprise et favoriser la coh\u00e9sion d'\u00e9quipe. Contactez nous pour concevoir votre evenement sur mesure : soir\u00e9e de No\u00ebl, teambuilding, int\u00e9gration, pot de d\u00e9part.","breadcrumb":{"@id":"https:\/\/escapehunt.com\/fr\/marseille\/teambuilding\/#breadcrumb"},"inLanguage":"fr-FR","potentialAction":[{"@type":"ReadAction","target":["https:\/\/escapehunt.com\/fr\/marseille\/teambuilding\/"]}]},{"@type":"BreadcrumbList","@id":"https:\/\/escapehunt.com\/fr\/marseille\/teambuilding\/#breadcrumb","itemListElement":[{"@type":"ListItem","position":1,"name":"Home","item":"https:\/\/escapehunt.com\/fr\/marseille\/"},{"@type":"ListItem","position":2,"name":"OFFRES ENTREPRISES"}]},{"@type":"WebSite","@id":"https:\/\/escapehunt.com\/fr\/marseille\/#website","url":"https:\/\/escapehunt.com\/fr\/marseille\/","name":"Marseille","description":"Escape Hunt Marseille \u2013 L\u2019Escape Game Num\u00e9ro 1 \u00e0 Marseille","potentialAction":[{"@type":"SearchAction","target":{"@type":"EntryPoint","urlTemplate":"https:\/\/escapehunt.com\/fr\/marseille\/?s={search_term_string}"},"query-input":{"@type":"PropertyValueSpecification","valueRequired":true,"valueName":"search_term_string"}}],"inLanguage":"fr-FR"}]}},"custom_schema_json":"","_links":{"self":[{"href":"https:\/\/staging3.escapehunt.com\/fr\/marseille\/wp-json\/wp\/v2\/pages\/75","targetHints":{"allow":["GET"]}}],"collection":[{"href":"https:\/\/staging3.escapehunt.com\/fr\/marseille\/wp-json\/wp\/v2\/pages"}],"about":[{"href":"https:\/\/staging3.escapehunt.com\/fr\/marseille\/wp-json\/wp\/v2\/types\/page"}],"author":[{"embeddable":true,"href":"https:\/\/staging3.escapehunt.com\/fr\/marseille\/wp-json\/wp\/v2\/users\/12"}],"replies":[{"embeddable":true,"href":"https:\/\/staging3.escapehunt.com\/fr\/marseille\/wp-json\/wp\/v2\/comments?post=75"}],"version-history":[{"count":0,"href":"https:\/\/staging3.escapehunt.com\/fr\/marseille\/wp-json\/wp\/v2\/pages\/75\/revisions"}],"wp:attachment":[{"href":"https:\/\/staging3.escapehunt.com\/fr\/marseille\/wp-json\/wp\/v2\/media?parent=75"}],"curies":[{"name":"wp","href":"https:\/\/api.w.org\/{rel}","templated":true}]}}