{"id":81,"date":"2018-10-03T09:18:33","date_gmt":"2018-10-03T09:18:33","guid":{"rendered":"http:\/\/s27835.p712.sites.pressdns.com\/fr\/bordeaux\/?page_id=81"},"modified":"2023-10-20T11:50:04","modified_gmt":"2023-10-20T11:50:04","slug":"booking","status":"publish","type":"page","link":"https:\/\/staging3.escapehunt.com\/fr\/marseille\/booking\/","title":{"rendered":"L\u2019AVENTURE COMMENCE ICI"},"content":{"rendered":"<p><span style=\"font-weight: 400;\">Choisissez parmi nos 5 th\u00e8mes (d\u00e9clin\u00e9s sur 6 salles de jeu):<\/span><\/p>\n<ul>\n<li><span style=\"font-weight: 400;\">\u00ab\u00a0Le Gang des Siciliens\u00a0\u00bb &#8211; 2 \u00e0 5 joueurs,<\/span><\/li>\n<li>\u00ab\u00a0Les Vikings\u00a0\u00bb &#8211; 2 \u00e0 5 joueurs,<\/li>\n<li><span style=\"font-weight: 400;\">\u00ab\u00a0Aladdin et le Myst\u00e8re de la Lampe\u00a0\u00bb &#8211; 2 \u00e0 5 joueurs,<\/span><\/li>\n<li>\u00ab\u00a0Pris au Pi\u00e8ge\u00a0\u00bb &#8211; <span style=\"font-weight: 400;\">2 \u00e0 10 joueurs en battle,<\/span><\/li>\n<li>\u00ab\u00a0La Ru\u00e9e vers l&rsquo;Or\u00a0\u00bb &#8211; 6 \u00e0 10 joueurs (maxi salle) &#8211; <em>conseill\u00e9e avec un plus grand nombre d&rsquo;adultes que d&rsquo;enfants<\/em>.<\/li>\n<\/ul>\n<p><strong>Pour une r\u00e9servation avec des enfants, pensez \u00e0 ajouter au moins un adulte au moment de la r\u00e9servation.<\/strong><\/p>\n<p>&nbsp;<\/p>\n","protected":false},"excerpt":{"rendered":"<p>Choisissez parmi nos 5 th\u00e8mes (d\u00e9clin\u00e9s sur 6 salles de jeu): \u00ab\u00a0Le Gang des Siciliens\u00a0\u00bb &#8211; 2 \u00e0 5 joueurs, \u00ab\u00a0Les Vikings\u00a0\u00bb &#8211; 2 \u00e0 5 joueurs, \u00ab\u00a0Aladdin et le&hellip;<\/p>\n","protected":false},"author":12,"featured_media":0,"parent":0,"menu_order":0,"comment_status":"closed","ping_status":"closed","template":"views\/booking.php","meta":{"_acf_changed":false,"footnotes":""},"class_list":["post-81","page","type-page","status-publish","hentry"],"acf":{"custom_schema_json":""},"yoast_head":"<!-- This site is optimized with the Yoast SEO plugin v27.3 - https:\/\/yoast.com\/product\/yoast-seo-wordpress\/ -->\n<title>L\u2019AVENTURE COMMENCE ICI - R\u00e9servez votre Escape Game | Escape Hunt Marseille<\/title>\n<meta name=\"description\" content=\"R\u00e9servez les jeux incontournables d&#039;Escape Hunt Marseille. S\u00e9lectionnez le nombre de participants et r\u00e9servez d\u00e8s aujourd&#039;hui votre exp\u00e9rience Escape Hunt.\" \/>\n<meta name=\"robots\" content=\"noindex, follow, max-snippet:-1, max-image-preview:large, max-video-preview:-1\" \/>\n<meta property=\"og:locale\" content=\"fr_FR\" \/>\n<meta property=\"og:type\" content=\"article\" \/>\n<meta property=\"og:title\" content=\"L\u2019AVENTURE COMMENCE ICI - R\u00e9servez votre Escape Game | Escape Hunt Marseille\" \/>\n<meta property=\"og:description\" content=\"R\u00e9servez les jeux incontournables d&#039;Escape Hunt Marseille. S\u00e9lectionnez le nombre de participants et r\u00e9servez d\u00e8s aujourd&#039;hui votre exp\u00e9rience Escape Hunt.\" \/>\n<meta property=\"og:url\" content=\"https:\/\/escapehunt.com\/fr\/marseille\/booking\/\" \/>\n<meta property=\"og:site_name\" content=\"Marseille\" \/>\n<meta property=\"article:modified_time\" content=\"2023-10-20T11:50:04+00:00\" \/>\n<meta name=\"twitter:card\" content=\"summary_large_image\" \/>\n<meta name=\"twitter:label1\" content=\"Dur\u00e9e de lecture estim\u00e9e\" \/>\n\t<meta name=\"twitter:data1\" content=\"1 minute\" \/>\n<script type=\"application\/ld+json\" class=\"yoast-schema-graph\">{\"@context\":\"https:\\\/\\\/schema.org\",\"@graph\":[{\"@type\":\"WebPage\",\"@id\":\"https:\\\/\\\/escapehunt.com\\\/fr\\\/marseille\\\/booking\\\/\",\"url\":\"https:\\\/\\\/escapehunt.com\\\/fr\\\/marseille\\\/booking\\\/\",\"name\":\"L\u2019AVENTURE COMMENCE ICI - R\u00e9servez votre Escape Game | Escape Hunt Marseille\",\"isPartOf\":{\"@id\":\"https:\\\/\\\/escapehunt.com\\\/fr\\\/marseille\\\/#website\"},\"datePublished\":\"2018-10-03T09:18:33+00:00\",\"dateModified\":\"2023-10-20T11:50:04+00:00\",\"description\":\"R\u00e9servez les jeux incontournables d'Escape Hunt Marseille. S\u00e9lectionnez le nombre de participants et r\u00e9servez d\u00e8s aujourd'hui votre exp\u00e9rience Escape Hunt.\",\"breadcrumb\":{\"@id\":\"https:\\\/\\\/escapehunt.com\\\/fr\\\/marseille\\\/booking\\\/#breadcrumb\"},\"inLanguage\":\"fr-FR\",\"potentialAction\":[{\"@type\":\"ReadAction\",\"target\":[\"https:\\\/\\\/escapehunt.com\\\/fr\\\/marseille\\\/booking\\\/\"]}]},{\"@type\":\"BreadcrumbList\",\"@id\":\"https:\\\/\\\/escapehunt.com\\\/fr\\\/marseille\\\/booking\\\/#breadcrumb\",\"itemListElement\":[{\"@type\":\"ListItem\",\"position\":1,\"name\":\"Home\",\"item\":\"https:\\\/\\\/escapehunt.com\\\/fr\\\/marseille\\\/\"},{\"@type\":\"ListItem\",\"position\":2,\"name\":\"L\u2019AVENTURE COMMENCE ICI\"}]},{\"@type\":\"WebSite\",\"@id\":\"https:\\\/\\\/escapehunt.com\\\/fr\\\/marseille\\\/#website\",\"url\":\"https:\\\/\\\/escapehunt.com\\\/fr\\\/marseille\\\/\",\"name\":\"Marseille\",\"description\":\"Escape Hunt Marseille \u2013 L\u2019Escape Game Num\u00e9ro 1 \u00e0 Marseille\",\"potentialAction\":[{\"@type\":\"SearchAction\",\"target\":{\"@type\":\"EntryPoint\",\"urlTemplate\":\"https:\\\/\\\/escapehunt.com\\\/fr\\\/marseille\\\/?s={search_term_string}\"},\"query-input\":{\"@type\":\"PropertyValueSpecification\",\"valueRequired\":true,\"valueName\":\"search_term_string\"}}],\"inLanguage\":\"fr-FR\"}]}<\/script>\n<!-- \/ Yoast SEO plugin. -->","yoast_head_json":{"title":"L\u2019AVENTURE COMMENCE ICI - R\u00e9servez votre Escape Game | Escape Hunt Marseille","description":"R\u00e9servez les jeux incontournables d'Escape Hunt Marseille. S\u00e9lectionnez le nombre de participants et r\u00e9servez d\u00e8s aujourd'hui votre exp\u00e9rience Escape Hunt.","robots":{"index":"noindex","follow":"follow","max-snippet":"max-snippet:-1","max-image-preview":"max-image-preview:large","max-video-preview":"max-video-preview:-1"},"og_locale":"fr_FR","og_type":"article","og_title":"L\u2019AVENTURE COMMENCE ICI - R\u00e9servez votre Escape Game | Escape Hunt Marseille","og_description":"R\u00e9servez les jeux incontournables d'Escape Hunt Marseille. S\u00e9lectionnez le nombre de participants et r\u00e9servez d\u00e8s aujourd'hui votre exp\u00e9rience Escape Hunt.","og_url":"https:\/\/escapehunt.com\/fr\/marseille\/booking\/","og_site_name":"Marseille","article_modified_time":"2023-10-20T11:50:04+00:00","twitter_card":"summary_large_image","twitter_misc":{"Dur\u00e9e de lecture estim\u00e9e":"1 minute"},"schema":{"@context":"https:\/\/schema.org","@graph":[{"@type":"WebPage","@id":"https:\/\/escapehunt.com\/fr\/marseille\/booking\/","url":"https:\/\/escapehunt.com\/fr\/marseille\/booking\/","name":"L\u2019AVENTURE COMMENCE ICI - R\u00e9servez votre Escape Game | Escape Hunt Marseille","isPartOf":{"@id":"https:\/\/escapehunt.com\/fr\/marseille\/#website"},"datePublished":"2018-10-03T09:18:33+00:00","dateModified":"2023-10-20T11:50:04+00:00","description":"R\u00e9servez les jeux incontournables d'Escape Hunt Marseille. S\u00e9lectionnez le nombre de participants et r\u00e9servez d\u00e8s aujourd'hui votre exp\u00e9rience Escape Hunt.","breadcrumb":{"@id":"https:\/\/escapehunt.com\/fr\/marseille\/booking\/#breadcrumb"},"inLanguage":"fr-FR","potentialAction":[{"@type":"ReadAction","target":["https:\/\/escapehunt.com\/fr\/marseille\/booking\/"]}]},{"@type":"BreadcrumbList","@id":"https:\/\/escapehunt.com\/fr\/marseille\/booking\/#breadcrumb","itemListElement":[{"@type":"ListItem","position":1,"name":"Home","item":"https:\/\/escapehunt.com\/fr\/marseille\/"},{"@type":"ListItem","position":2,"name":"L\u2019AVENTURE COMMENCE ICI"}]},{"@type":"WebSite","@id":"https:\/\/escapehunt.com\/fr\/marseille\/#website","url":"https:\/\/escapehunt.com\/fr\/marseille\/","name":"Marseille","description":"Escape Hunt Marseille \u2013 L\u2019Escape Game Num\u00e9ro 1 \u00e0 Marseille","potentialAction":[{"@type":"SearchAction","target":{"@type":"EntryPoint","urlTemplate":"https:\/\/escapehunt.com\/fr\/marseille\/?s={search_term_string}"},"query-input":{"@type":"PropertyValueSpecification","valueRequired":true,"valueName":"search_term_string"}}],"inLanguage":"fr-FR"}]}},"custom_schema_json":"","_links":{"self":[{"href":"https:\/\/staging3.escapehunt.com\/fr\/marseille\/wp-json\/wp\/v2\/pages\/81","targetHints":{"allow":["GET"]}}],"collection":[{"href":"https:\/\/staging3.escapehunt.com\/fr\/marseille\/wp-json\/wp\/v2\/pages"}],"about":[{"href":"https:\/\/staging3.escapehunt.com\/fr\/marseille\/wp-json\/wp\/v2\/types\/page"}],"author":[{"embeddable":true,"href":"https:\/\/staging3.escapehunt.com\/fr\/marseille\/wp-json\/wp\/v2\/users\/12"}],"replies":[{"embeddable":true,"href":"https:\/\/staging3.escapehunt.com\/fr\/marseille\/wp-json\/wp\/v2\/comments?post=81"}],"version-history":[{"count":0,"href":"https:\/\/staging3.escapehunt.com\/fr\/marseille\/wp-json\/wp\/v2\/pages\/81\/revisions"}],"wp:attachment":[{"href":"https:\/\/staging3.escapehunt.com\/fr\/marseille\/wp-json\/wp\/v2\/media?parent=81"}],"curies":[{"name":"wp","href":"https:\/\/api.w.org\/{rel}","templated":true}]}}