{"id":413,"date":"2018-11-23T17:01:29","date_gmt":"2018-11-23T17:01:29","guid":{"rendered":"http:\/\/s27835.p712.sites.pressdns.com\/fr\/bordeaux\/?page_id=413"},"modified":"2019-07-12T16:58:29","modified_gmt":"2019-07-12T16:58:29","slug":"blog","status":"publish","type":"page","link":"https:\/\/staging3.escapehunt.com\/fr\/metz\/blog\/","title":{"rendered":"Escape Hunt Metz Blog"},"content":{"rendered":"<h3 class=\"ish-sc-element ish-sc_headline ish-color3 ish-center\"><strong>NOS ACTUALIT\u00c9S, OFFRES ET PROMOTIONS !<\/strong><\/h3>\n<div class=\"wpb_text_column wpb_content_element \">\n<div class=\"wpb_wrapper\">\n<p>C\u2019est ici sur notre blog que vous pourrez retrouver diff\u00e9rents posts sur l\u2019actualit\u00e9 de notre \u00e9tablissement d&rsquo;escape game \u00e0 Metz.<\/p>\n<p>&nbsp;<\/p>\n<hr \/>\n<\/div>\n<\/div>\n<p><span style=\"font-weight: 400;\">A l\u2019origine rappelez-vous, la toute premi\u00e8re enseigne fran\u00e7aise Escape Hunt ouvrait ses portes \u00e0 Paris en Juin 2015 (il y a presque 4 ans, <\/span><i><span style=\"font-weight: 400;\">d\u00e9j\u00e0 !<\/span><\/i><span style=\"font-weight: 400;\">) rapidement suivi par de <\/span><a href=\"https:\/\/staging3.escapehunt.com\/fr\"><span style=\"font-weight: 400;\">nombreuses villes aux quatre coins du pays<\/span><\/a><span style=\"font-weight: 400;\">. Apr\u00e8s un franc succ\u00e8s \u00e0 <a href=\"http:\/\/escapehunt.com\/fr\/nancy\">Nancy<\/a>, notre \u00e9tablissement de Metz a ouvert ses portes \u00e0 la fin 2016. Faisant d\u00e9j\u00e0 partie d\u2019un r\u00e9seau d\u2019escape game <\/span><a href=\"https:\/\/staging3.escapehunt.com\/\"><span style=\"font-weight: 400;\">alors \u00e9tabli \u00e0 travers le monde<\/span><\/a><span style=\"font-weight: 400;\">, notre marque Escape Hunt s\u2019est progressivement install\u00e9e dans le paysage des escape games Fran\u00e7ais, cumulant \u00e0 ce jour 12 villes ouvertes et plus de 30 sc\u00e9narios originaux imagin\u00e9s en presque 4 ans d\u2019existence <\/span><i><span style=\"font-weight: 400;\">(pfiou, on a pas chaum\u00e9 !).<\/span><\/i><\/p>\n<p><a href=\"https:\/\/staging3.escapehunt.com\/fr\/metz\/2019\/07\/05\/excitement-unlocked-escape-game-metz\/\">Lire la suite<\/a><\/p>\n","protected":false},"excerpt":{"rendered":"<p>NOS ACTUALIT\u00c9S, OFFRES ET PROMOTIONS ! C\u2019est ici sur notre blog que vous pourrez retrouver diff\u00e9rents posts sur l\u2019actualit\u00e9 de notre \u00e9tablissement d&rsquo;escape game \u00e0 Metz. &nbsp; A l\u2019origine rappelez-vous,&hellip;<\/p>\n","protected":false},"author":16,"featured_media":0,"parent":0,"menu_order":0,"comment_status":"closed","ping_status":"closed","template":"","meta":{"_acf_changed":false,"footnotes":""},"class_list":["post-413","page","type-page","status-publish","hentry"],"acf":{"custom_schema_json":""},"yoast_head":"<!-- This site is optimized with the Yoast SEO plugin v27.3 - https:\/\/yoast.com\/product\/yoast-seo-wordpress\/ -->\n<title>Escape Hunt Metz Blog - Metz<\/title>\n<meta name=\"robots\" content=\"noindex, follow, max-snippet:-1, max-image-preview:large, max-video-preview:-1\" \/>\n<meta property=\"og:locale\" content=\"fr_FR\" \/>\n<meta property=\"og:type\" content=\"article\" \/>\n<meta property=\"og:title\" content=\"Escape Hunt Metz Blog - Metz\" \/>\n<meta property=\"og:description\" content=\"NOS ACTUALIT\u00c9S, OFFRES ET PROMOTIONS ! C\u2019est ici sur notre blog que vous pourrez retrouver diff\u00e9rents posts sur l\u2019actualit\u00e9 de notre \u00e9tablissement d&rsquo;escape game \u00e0 Metz. &nbsp; A l\u2019origine rappelez-vous,&hellip;\" \/>\n<meta property=\"og:url\" content=\"https:\/\/escapehunt.com\/fr\/metz\/blog\/\" \/>\n<meta property=\"og:site_name\" content=\"Metz\" \/>\n<meta property=\"article:modified_time\" content=\"2019-07-12T16:58:29+00:00\" \/>\n<meta name=\"twitter:card\" content=\"summary_large_image\" \/>\n<meta name=\"twitter:label1\" content=\"Dur\u00e9e de lecture estim\u00e9e\" \/>\n\t<meta name=\"twitter:data1\" content=\"1 minute\" \/>\n<script type=\"application\/ld+json\" class=\"yoast-schema-graph\">{\"@context\":\"https:\\\/\\\/schema.org\",\"@graph\":[{\"@type\":\"WebPage\",\"@id\":\"https:\\\/\\\/escapehunt.com\\\/fr\\\/metz\\\/blog\\\/\",\"url\":\"https:\\\/\\\/escapehunt.com\\\/fr\\\/metz\\\/blog\\\/\",\"name\":\"Escape Hunt Metz Blog - Metz\",\"isPartOf\":{\"@id\":\"https:\\\/\\\/escapehunt.com\\\/fr\\\/metz\\\/#website\"},\"datePublished\":\"2018-11-23T17:01:29+00:00\",\"dateModified\":\"2019-07-12T16:58:29+00:00\",\"breadcrumb\":{\"@id\":\"https:\\\/\\\/escapehunt.com\\\/fr\\\/metz\\\/blog\\\/#breadcrumb\"},\"inLanguage\":\"fr-FR\",\"potentialAction\":[{\"@type\":\"ReadAction\",\"target\":[\"https:\\\/\\\/escapehunt.com\\\/fr\\\/metz\\\/blog\\\/\"]}]},{\"@type\":\"BreadcrumbList\",\"@id\":\"https:\\\/\\\/escapehunt.com\\\/fr\\\/metz\\\/blog\\\/#breadcrumb\",\"itemListElement\":[{\"@type\":\"ListItem\",\"position\":1,\"name\":\"Home\",\"item\":\"https:\\\/\\\/escapehunt.com\\\/fr\\\/metz\\\/\"},{\"@type\":\"ListItem\",\"position\":2,\"name\":\"Escape Hunt Metz Blog\"}]},{\"@type\":\"WebSite\",\"@id\":\"https:\\\/\\\/escapehunt.com\\\/fr\\\/metz\\\/#website\",\"url\":\"https:\\\/\\\/escapehunt.com\\\/fr\\\/metz\\\/\",\"name\":\"Metz\",\"description\":\"Escape Hunt Metz \u2013 L&#039;Escape Game Incontournable \u00e0 Metz\",\"potentialAction\":[{\"@type\":\"SearchAction\",\"target\":{\"@type\":\"EntryPoint\",\"urlTemplate\":\"https:\\\/\\\/escapehunt.com\\\/fr\\\/metz\\\/?s={search_term_string}\"},\"query-input\":{\"@type\":\"PropertyValueSpecification\",\"valueRequired\":true,\"valueName\":\"search_term_string\"}}],\"inLanguage\":\"fr-FR\"}]}<\/script>\n<!-- \/ Yoast SEO plugin. -->","yoast_head_json":{"title":"Escape Hunt Metz Blog - Metz","robots":{"index":"noindex","follow":"follow","max-snippet":"max-snippet:-1","max-image-preview":"max-image-preview:large","max-video-preview":"max-video-preview:-1"},"og_locale":"fr_FR","og_type":"article","og_title":"Escape Hunt Metz Blog - Metz","og_description":"NOS ACTUALIT\u00c9S, OFFRES ET PROMOTIONS ! C\u2019est ici sur notre blog que vous pourrez retrouver diff\u00e9rents posts sur l\u2019actualit\u00e9 de notre \u00e9tablissement d&rsquo;escape game \u00e0 Metz. &nbsp; A l\u2019origine rappelez-vous,&hellip;","og_url":"https:\/\/escapehunt.com\/fr\/metz\/blog\/","og_site_name":"Metz","article_modified_time":"2019-07-12T16:58:29+00:00","twitter_card":"summary_large_image","twitter_misc":{"Dur\u00e9e de lecture estim\u00e9e":"1 minute"},"schema":{"@context":"https:\/\/schema.org","@graph":[{"@type":"WebPage","@id":"https:\/\/escapehunt.com\/fr\/metz\/blog\/","url":"https:\/\/escapehunt.com\/fr\/metz\/blog\/","name":"Escape Hunt Metz Blog - Metz","isPartOf":{"@id":"https:\/\/escapehunt.com\/fr\/metz\/#website"},"datePublished":"2018-11-23T17:01:29+00:00","dateModified":"2019-07-12T16:58:29+00:00","breadcrumb":{"@id":"https:\/\/escapehunt.com\/fr\/metz\/blog\/#breadcrumb"},"inLanguage":"fr-FR","potentialAction":[{"@type":"ReadAction","target":["https:\/\/escapehunt.com\/fr\/metz\/blog\/"]}]},{"@type":"BreadcrumbList","@id":"https:\/\/escapehunt.com\/fr\/metz\/blog\/#breadcrumb","itemListElement":[{"@type":"ListItem","position":1,"name":"Home","item":"https:\/\/escapehunt.com\/fr\/metz\/"},{"@type":"ListItem","position":2,"name":"Escape Hunt Metz Blog"}]},{"@type":"WebSite","@id":"https:\/\/escapehunt.com\/fr\/metz\/#website","url":"https:\/\/escapehunt.com\/fr\/metz\/","name":"Metz","description":"Escape Hunt Metz \u2013 L&#039;Escape Game Incontournable \u00e0 Metz","potentialAction":[{"@type":"SearchAction","target":{"@type":"EntryPoint","urlTemplate":"https:\/\/escapehunt.com\/fr\/metz\/?s={search_term_string}"},"query-input":{"@type":"PropertyValueSpecification","valueRequired":true,"valueName":"search_term_string"}}],"inLanguage":"fr-FR"}]}},"custom_schema_json":"","_links":{"self":[{"href":"https:\/\/staging3.escapehunt.com\/fr\/metz\/wp-json\/wp\/v2\/pages\/413","targetHints":{"allow":["GET"]}}],"collection":[{"href":"https:\/\/staging3.escapehunt.com\/fr\/metz\/wp-json\/wp\/v2\/pages"}],"about":[{"href":"https:\/\/staging3.escapehunt.com\/fr\/metz\/wp-json\/wp\/v2\/types\/page"}],"author":[{"embeddable":true,"href":"https:\/\/staging3.escapehunt.com\/fr\/metz\/wp-json\/wp\/v2\/users\/16"}],"replies":[{"embeddable":true,"href":"https:\/\/staging3.escapehunt.com\/fr\/metz\/wp-json\/wp\/v2\/comments?post=413"}],"version-history":[{"count":0,"href":"https:\/\/staging3.escapehunt.com\/fr\/metz\/wp-json\/wp\/v2\/pages\/413\/revisions"}],"wp:attachment":[{"href":"https:\/\/staging3.escapehunt.com\/fr\/metz\/wp-json\/wp\/v2\/media?parent=413"}],"curies":[{"name":"wp","href":"https:\/\/api.w.org\/{rel}","templated":true}]}}