{"id":70,"date":"2018-10-03T08:20:58","date_gmt":"2018-10-03T08:20:58","guid":{"rendered":"http:\/\/s27835.p712.sites.pressdns.com\/fr\/bordeaux\/?page_id=70"},"modified":"2024-03-22T18:35:43","modified_gmt":"2024-03-22T18:35:43","slug":"choisissez-votre-aventure","status":"publish","type":"page","link":"https:\/\/staging3.escapehunt.com\/fr\/metz\/choisissez-votre-aventure\/","title":{"rendered":"CHOISISSEZ VOTRE AVENTURE"},"content":{"rendered":"<h4><span style=\"font-weight: 400;\">4 th\u00e8mes uniques et immersifs !<\/span><\/h4>\n<h4><span style=\"font-weight: 400;\">\u00cates-vous pr\u00eat\u00a0\u00e0 relever le d\u00e9fi ?<\/span><\/h4>\n","protected":false},"excerpt":{"rendered":"<p>4 th\u00e8mes uniques et immersifs ! \u00cates-vous pr\u00eat\u00a0\u00e0 relever le d\u00e9fi ?<\/p>\n","protected":false},"author":12,"featured_media":0,"parent":0,"menu_order":0,"comment_status":"closed","ping_status":"closed","template":"views\/games-multi-filter.php","meta":{"_acf_changed":false,"footnotes":""},"class_list":["post-70","page","type-page","status-publish","hentry"],"acf":{"custom_schema_json":""},"yoast_head":"<!-- This site is optimized with the Yoast SEO plugin v27.3 - https:\/\/yoast.com\/product\/yoast-seo-wordpress\/ -->\n<title>Nos univers | Escape Hunt Metz | Escape Game Metz<\/title>\n<meta name=\"description\" content=\"Trois univers immersifs \u00e0 d\u00e9couvrir chez Escape Hunt Metz, Escape Game Incontournable \u00e0 Metz . Choisissez votre sc\u00e9nario et r\u00e9servez en ligne.\" \/>\n<meta name=\"robots\" content=\"noindex, follow, max-snippet:-1, max-image-preview:large, max-video-preview:-1\" \/>\n<meta property=\"og:locale\" content=\"fr_FR\" \/>\n<meta property=\"og:type\" content=\"article\" \/>\n<meta property=\"og:title\" content=\"Nos univers | Escape Hunt Metz | Escape Game Metz\" \/>\n<meta property=\"og:description\" content=\"Trois univers immersifs \u00e0 d\u00e9couvrir chez Escape Hunt Metz, Escape Game Incontournable \u00e0 Metz . Choisissez votre sc\u00e9nario et r\u00e9servez en ligne.\" \/>\n<meta property=\"og:url\" content=\"https:\/\/escapehunt.com\/fr\/metz\/choisissez-votre-aventure\/\" \/>\n<meta property=\"og:site_name\" content=\"Metz\" \/>\n<meta property=\"article:modified_time\" content=\"2024-03-22T18:35:43+00:00\" \/>\n<meta name=\"twitter:card\" content=\"summary_large_image\" \/>\n<meta name=\"twitter:label1\" content=\"Dur\u00e9e de lecture estim\u00e9e\" \/>\n\t<meta name=\"twitter:data1\" content=\"1 minute\" \/>\n<script type=\"application\/ld+json\" class=\"yoast-schema-graph\">{\"@context\":\"https:\\\/\\\/schema.org\",\"@graph\":[{\"@type\":\"WebPage\",\"@id\":\"https:\\\/\\\/escapehunt.com\\\/fr\\\/metz\\\/choisissez-votre-aventure\\\/\",\"url\":\"https:\\\/\\\/escapehunt.com\\\/fr\\\/metz\\\/choisissez-votre-aventure\\\/\",\"name\":\"Nos univers | Escape Hunt Metz | Escape Game Metz\",\"isPartOf\":{\"@id\":\"https:\\\/\\\/escapehunt.com\\\/fr\\\/metz\\\/#website\"},\"datePublished\":\"2018-10-03T08:20:58+00:00\",\"dateModified\":\"2024-03-22T18:35:43+00:00\",\"description\":\"Trois univers immersifs \u00e0 d\u00e9couvrir chez Escape Hunt Metz, Escape Game Incontournable \u00e0 Metz . Choisissez votre sc\u00e9nario et r\u00e9servez en ligne.\",\"breadcrumb\":{\"@id\":\"https:\\\/\\\/escapehunt.com\\\/fr\\\/metz\\\/choisissez-votre-aventure\\\/#breadcrumb\"},\"inLanguage\":\"fr-FR\",\"potentialAction\":[{\"@type\":\"ReadAction\",\"target\":[\"https:\\\/\\\/escapehunt.com\\\/fr\\\/metz\\\/choisissez-votre-aventure\\\/\"]}]},{\"@type\":\"BreadcrumbList\",\"@id\":\"https:\\\/\\\/escapehunt.com\\\/fr\\\/metz\\\/choisissez-votre-aventure\\\/#breadcrumb\",\"itemListElement\":[{\"@type\":\"ListItem\",\"position\":1,\"name\":\"Home\",\"item\":\"https:\\\/\\\/escapehunt.com\\\/fr\\\/metz\\\/\"},{\"@type\":\"ListItem\",\"position\":2,\"name\":\"CHOISISSEZ VOTRE AVENTURE\"}]},{\"@type\":\"WebSite\",\"@id\":\"https:\\\/\\\/escapehunt.com\\\/fr\\\/metz\\\/#website\",\"url\":\"https:\\\/\\\/escapehunt.com\\\/fr\\\/metz\\\/\",\"name\":\"Metz\",\"description\":\"Escape Hunt Metz \u2013 L&#039;Escape Game Incontournable \u00e0 Metz\",\"potentialAction\":[{\"@type\":\"SearchAction\",\"target\":{\"@type\":\"EntryPoint\",\"urlTemplate\":\"https:\\\/\\\/escapehunt.com\\\/fr\\\/metz\\\/?s={search_term_string}\"},\"query-input\":{\"@type\":\"PropertyValueSpecification\",\"valueRequired\":true,\"valueName\":\"search_term_string\"}}],\"inLanguage\":\"fr-FR\"}]}<\/script>\n<!-- \/ Yoast SEO plugin. -->","yoast_head_json":{"title":"Nos univers | Escape Hunt Metz | Escape Game Metz","description":"Trois univers immersifs \u00e0 d\u00e9couvrir chez Escape Hunt Metz, Escape Game Incontournable \u00e0 Metz . Choisissez votre sc\u00e9nario et r\u00e9servez en ligne.","robots":{"index":"noindex","follow":"follow","max-snippet":"max-snippet:-1","max-image-preview":"max-image-preview:large","max-video-preview":"max-video-preview:-1"},"og_locale":"fr_FR","og_type":"article","og_title":"Nos univers | Escape Hunt Metz | Escape Game Metz","og_description":"Trois univers immersifs \u00e0 d\u00e9couvrir chez Escape Hunt Metz, Escape Game Incontournable \u00e0 Metz . Choisissez votre sc\u00e9nario et r\u00e9servez en ligne.","og_url":"https:\/\/escapehunt.com\/fr\/metz\/choisissez-votre-aventure\/","og_site_name":"Metz","article_modified_time":"2024-03-22T18:35:43+00:00","twitter_card":"summary_large_image","twitter_misc":{"Dur\u00e9e de lecture estim\u00e9e":"1 minute"},"schema":{"@context":"https:\/\/schema.org","@graph":[{"@type":"WebPage","@id":"https:\/\/escapehunt.com\/fr\/metz\/choisissez-votre-aventure\/","url":"https:\/\/escapehunt.com\/fr\/metz\/choisissez-votre-aventure\/","name":"Nos univers | Escape Hunt Metz | Escape Game Metz","isPartOf":{"@id":"https:\/\/escapehunt.com\/fr\/metz\/#website"},"datePublished":"2018-10-03T08:20:58+00:00","dateModified":"2024-03-22T18:35:43+00:00","description":"Trois univers immersifs \u00e0 d\u00e9couvrir chez Escape Hunt Metz, Escape Game Incontournable \u00e0 Metz . Choisissez votre sc\u00e9nario et r\u00e9servez en ligne.","breadcrumb":{"@id":"https:\/\/escapehunt.com\/fr\/metz\/choisissez-votre-aventure\/#breadcrumb"},"inLanguage":"fr-FR","potentialAction":[{"@type":"ReadAction","target":["https:\/\/escapehunt.com\/fr\/metz\/choisissez-votre-aventure\/"]}]},{"@type":"BreadcrumbList","@id":"https:\/\/escapehunt.com\/fr\/metz\/choisissez-votre-aventure\/#breadcrumb","itemListElement":[{"@type":"ListItem","position":1,"name":"Home","item":"https:\/\/escapehunt.com\/fr\/metz\/"},{"@type":"ListItem","position":2,"name":"CHOISISSEZ VOTRE AVENTURE"}]},{"@type":"WebSite","@id":"https:\/\/escapehunt.com\/fr\/metz\/#website","url":"https:\/\/escapehunt.com\/fr\/metz\/","name":"Metz","description":"Escape Hunt Metz \u2013 L&#039;Escape Game Incontournable \u00e0 Metz","potentialAction":[{"@type":"SearchAction","target":{"@type":"EntryPoint","urlTemplate":"https:\/\/escapehunt.com\/fr\/metz\/?s={search_term_string}"},"query-input":{"@type":"PropertyValueSpecification","valueRequired":true,"valueName":"search_term_string"}}],"inLanguage":"fr-FR"}]}},"custom_schema_json":"","_links":{"self":[{"href":"https:\/\/staging3.escapehunt.com\/fr\/metz\/wp-json\/wp\/v2\/pages\/70","targetHints":{"allow":["GET"]}}],"collection":[{"href":"https:\/\/staging3.escapehunt.com\/fr\/metz\/wp-json\/wp\/v2\/pages"}],"about":[{"href":"https:\/\/staging3.escapehunt.com\/fr\/metz\/wp-json\/wp\/v2\/types\/page"}],"author":[{"embeddable":true,"href":"https:\/\/staging3.escapehunt.com\/fr\/metz\/wp-json\/wp\/v2\/users\/12"}],"replies":[{"embeddable":true,"href":"https:\/\/staging3.escapehunt.com\/fr\/metz\/wp-json\/wp\/v2\/comments?post=70"}],"version-history":[{"count":0,"href":"https:\/\/staging3.escapehunt.com\/fr\/metz\/wp-json\/wp\/v2\/pages\/70\/revisions"}],"wp:attachment":[{"href":"https:\/\/staging3.escapehunt.com\/fr\/metz\/wp-json\/wp\/v2\/media?parent=70"}],"curies":[{"name":"wp","href":"https:\/\/api.w.org\/{rel}","templated":true}]}}