{"id":140,"date":"2018-10-03T12:41:20","date_gmt":"2018-10-03T12:41:20","guid":{"rendered":"http:\/\/s27835.p712.sites.pressdns.com\/fr\/bordeaux\/?page_id=140"},"modified":"2019-04-19T13:19:08","modified_gmt":"2019-04-19T13:19:08","slug":"conditions-generales","status":"publish","type":"page","link":"https:\/\/staging3.escapehunt.com\/fr\/nancy\/conditions-generales\/","title":{"rendered":"CONDITIONS G\u00c9N\u00c9RALES"},"content":{"rendered":"<p><span style=\"font-weight: 400;\">Pour utiliser notre site Web et venir jouer \u00e0 nos jeux, il est n\u00e9cessaire de valider l&rsquo;acceptation de nos Conditions G\u00e9n\u00e9rales de Vente:<\/span><\/p>\n<p>&nbsp;<\/p>\n<ol>\n<li>\n<h4><span style=\"font-weight: 400;\"> G\u00c9N\u00c9RAL<\/span><\/h4>\n<\/li>\n<\/ol>\n<p><span style=\"font-weight: 400;\">1.1 Rien dans ces termes et conditions n&rsquo;est destin\u00e9 \u00e0 vous causer perte de droits ou inconv\u00e9nients.<\/span><\/p>\n<p><span style=\"font-weight: 400;\">1.2. Le jeu est con\u00e7u pour une \u00e9quipe de 2-5 personnes par pi\u00e8ce. Vous avez de la place pour vous-m\u00eames et vos compagnons de jeux mais vous ne rejoignez pas un groupe pr\u00e9-existant.<\/span><\/p>\n<p><span style=\"font-weight: 400;\">1.3 Les marques et logos figurant sur le site sont la propri\u00e9t\u00e9 de The Escape Hunt Experience. Vous n&rsquo;\u00eates pas autoris\u00e9 \u00e0 utiliser ceux-ci sans l&rsquo;autorisation \u00e9crite pr\u00e9alable de The Escape Hunt Experience et vous acceptez que cette utilisation puisse constituer une violation des droits du propri\u00e9taire concern\u00e9.<\/span><\/p>\n<p><span style=\"font-weight: 400;\">1.4. Ces termes et conditions et tout contrat conclu incorporant ces termes et conditions sont r\u00e9gis par le droit fran\u00e7ais et tout litige sera soumis \u00e0 la comp\u00e9tence exclusive des tribunaux fran\u00e7ais.<\/span><\/p>\n<p><span style=\"font-weight: 400;\">1.5. Tous les termes de ce contrat sont inclus et se trouvent \u00e0 l&rsquo;int\u00e9rieur de ces termes et conditions.<\/span><\/p>\n<p><span style=\"font-weight: 400;\">1.6. Nous pouvons cr\u00e9er un lien vers d&rsquo;autres sites et ne pouvons accepter aucune responsabilit\u00e9 pour cela, vous les utilisez \u00e0 vos propres risques.<\/span><\/p>\n<p><span style=\"font-weight: 400;\">1.7. The Escape Hunt Exp\u00e9rience recueille et stocke vos donn\u00e9es personnelles sans les divulguer \u00e0 une tierce partie, et se consacre \u00e0 s&rsquo;assurer que la confidentialit\u00e9 de vos renseignements personnels sont prot\u00e9g\u00e9s.<\/span><\/p>\n<p><span style=\"font-weight: 400;\">1.8. En raison de la nature du jeu, aucune photo ou enregistrement peuvent \u00eatre pris \u00e0 l&rsquo;int\u00e9rieur de la salle.<\/span><\/p>\n<p><span style=\"font-weight: 400;\">1.9. The Escape Hunt Experience attend de ses visiteurs et clients qu&rsquo;ils ne divulguent pas les d\u00e9tails du jeu directement ou indirectement au public.<\/span><\/p>\n<p><span style=\"font-weight: 400;\">1.10. The Escape Hunt Experience peut vous contacter de temps \u00e0 autre avec des offres et des promotions par e-mail ou par t\u00e9l\u00e9phone.<\/span><\/p>\n<p><span style=\"font-weight: 400;\">1.11. The Escape Hunt Experience est en droit de facturer les clients pour tout dommage, qu&rsquo;ils soient intentionnels \u00a0ou caus\u00e9s par une mauvaise utilisation des articles.<\/span><\/p>\n<p><span style=\"font-weight: 400;\">1.12. Pendant que vous \u00eates dans nos locaux, vous devez suivre nos r\u00e8gles et r\u00e8glements, adopter des normes appropri\u00e9es de comportement, et de coop\u00e9rer avec nos employ\u00e9s en tout temps.<\/span><\/p>\n<p><span style=\"font-weight: 400;\">1.13. The Escape Hunt Experience ne tol\u00e8re aucune forme de harc\u00e8lement ou d&rsquo;intimidation envers ses employ\u00e9s.<\/span><\/p>\n<p>&nbsp;<\/p>\n<ol start=\"2\">\n<li>\n<h4><span style=\"font-weight: 400;\"> SITE INTERNET<\/span><\/h4>\n<\/li>\n<\/ol>\n<p><span style=\"font-weight: 400;\">2.1. Le site https:\/\/paris.escapehunt.com\/ est d\u00e9tenu et exploit\u00e9 par The Escape Hunt Experience LTD. La soci\u00e9t\u00e9 se r\u00e9serve le droit de modifier ou de modifier ces termes et conditions, y compris tout le contenu du site Web de temps \u00e0 autre \u00e0 sa seule discr\u00e9tion et sans pr\u00e9avis.<\/span><\/p>\n<p><span style=\"font-weight: 400;\">2.2. Les termes ci-apr\u00e8s s&rsquo;appliquent \u00e0 l&rsquo;utilisation par tout visiteur du site Escape Hunt et doivent \u00eatre lus attentivement avant toute utilisation.<\/span><\/p>\n<p><span style=\"font-weight: 400;\">2.3. The Escape Hunt Experience fait de son mieux pour vous fournir l&rsquo;information la plus \u00e0 jour et exacte sur son site Internet.<\/span><\/p>\n<p><span style=\"font-weight: 400;\">2.4. Le site Escape Hunt est con\u00e7u pour votre usage personnel et non commercial. Vous ne pouvez pas modifier, copier, distribuer, transmettre, afficher, ex\u00e9cuter, reproduire, publier, licencier, cr\u00e9er des \u0153uvres d\u00e9riv\u00e9es, transf\u00e9rer ou vendre toute information obtenue \u00e0 partir de ce site.<\/span><\/p>\n<p><span style=\"font-weight: 400;\">2.5. Vous n&rsquo;\u00eates pas autoris\u00e9(e) \u00e0 cr\u00e9er un lien vers ou d&rsquo;utiliser tout ou partie du site Exp\u00e9rience Escape Hunt \u00e0 toute fin frauduleuse, ill\u00e9gale, diffamatoire, nuisible, obsc\u00e8ne ou r\u00e9pr\u00e9hensible.<\/span><\/p>\n<p><span style=\"font-weight: 400;\">2.6. Vous acceptez que le site Internet ne soit pas enti\u00e8rement s\u00e9curis\u00e9. The Escape Hunt Experience prendra toutes les mesures appropri\u00e9es pour prot\u00e9ger la s\u00e9curit\u00e9 des informations de paiement et de cartes de cr\u00e9dit \/ d\u00e9bit \u00a0et Escape Hunt ne sera pas responsable de tout dommage que vous pouvez subir \u00e0 la suite de la perte de la confidentialit\u00e9 de ces renseignements.<\/span><\/p>\n<p><span style=\"font-weight: 400;\">2.7. Escape Hunt ne sera pas responsable envers toute personne pour des dommages directs ou indirects, cons\u00e9cutifs ou fortuits, y compris (sans limitation) les b\u00e9n\u00e9fices ou de revenus, perte de chance, les co\u00fbts de biens ou de services de remplacement, perte ou endommagement de donn\u00e9es ou l&rsquo;interruption d&rsquo;affaires perdu, d\u00e9coulant de toute utilisation du site.<\/span><\/p>\n<p>&nbsp;<\/p>\n<ol start=\"3\">\n<li>\n<h4><span style=\"font-weight: 400;\"> R\u00c9SERVATIONS<\/span><\/h4>\n<\/li>\n<\/ol>\n<p><span style=\"font-weight: 400;\">3.1. La seule langue disponible pour la conclusion d&rsquo;un contrat de r\u00e9servation en ligne est l&rsquo;anglais. Ces conditions g\u00e9n\u00e9rales en Fran\u00e7ais sont \u00e0 titre informatifs.<\/span><\/p>\n<p><span style=\"font-weight: 400;\">3.2. Seules la\/les personne(s) qui ont au moins 18 ans sont autoris\u00e9es \u00e0 r\u00e9server un jeu.<\/span><\/p>\n<p><span style=\"font-weight: 400;\">3.3. Il est de votre responsabilit\u00e9 de v\u00e9rifier que tous les Jeux qui vous sont pr\u00e9sent\u00e9s sont exacts.<\/span><\/p>\n<p><span style=\"font-weight: 400;\">3.4. Tout achat d&rsquo;un jeu est uniquement valide lorsque trait\u00e9 par Escape Hunt.<\/span><\/p>\n<p><span style=\"font-weight: 400;\">3.5. Nous ne permettons pas le transfert de jeux \u00e0 une autre partie. Vous devez nous contacter pour des cas particuliers.<\/span><\/p>\n<p><span style=\"font-weight: 400;\">3.6. Les jeux ne peuvent \u00eatre transf\u00e9r\u00e9s ou revendus \u00e0 des fins commerciales. Si un jeu est transf\u00e9r\u00e9 ou revendu en violation de cette condition, le porteur du jeu ou de la personne qui revendique le droit d&rsquo;assister \u00e0 l&rsquo;\u00e9v\u00e9nement ne vera refus\u00e9 l&rsquo;entr\u00e9e.<\/span><\/p>\n<p><span style=\"font-weight: 400;\">3.7. Vous \u00eates enti\u00e8rement responsable de l&rsquo;entr\u00e9e de vos coordonn\u00e9es \u00a0sur le formulaire de r\u00e9servation en ligne. En soumettant un formulaire de r\u00e9servation en ligne vous garantissez \u00e0 Escape Hunt que tous les d\u00e9tails fournis par vous sont v\u00e9ridiques et exacts.<\/span><\/p>\n<p><span style=\"font-weight: 400;\">3.8. Vous recevrez la confirmation de votre r\u00e9servation par courriel uniquement. The Escape Hunt Experience n&rsquo;envoie pas de confirmation par la poste ni par t\u00e9l\u00e9phone.<\/span><\/p>\n<p><span style=\"font-weight: 400;\">3.9. Les r\u00e9servations en ligne peuvent \u00eatre faites qu&rsquo;\u00e0 un nombre d\u00e9termin\u00e9 d&rsquo;heures ou de jours \u00e0 l&rsquo;avance. Pour plus de renseignements ou en dehors de ces contraintes, veuillez s&rsquo;il vous pla\u00eet contacter The Escape Hunt Experience par courriel ou par t\u00e9l\u00e9phone.<\/span><\/p>\n<p><span style=\"font-weight: 400;\">3.10. Une r\u00e9servation devient caduque et l&rsquo;entr\u00e9e pourra \u00eatre refus\u00e9e si l&rsquo;\u00e9quipe a 15 minutes ou plus de retard. Dans une telle situation, l&rsquo;argent est non remboursable et la r\u00e9servation est non modifiable.<\/span><\/p>\n<p><span style=\"font-weight: 400;\">3.11. Toutes les r\u00e9servations sont d\u00e9finitives car cela est un jeu en LIVE. Aucun changement, annulation ou report ne sont autoris\u00e9s. Dans le cas peu probable o\u00f9 nous offrons une re-planification, modification, \u00a0ou tout autre service, des frais d&rsquo;administration seront factur\u00e9s \u00e0 hauteur de 15\u20ac.<\/span><\/p>\n<p><span style=\"font-weight: 400;\">3.12. Force Majeure : The Escape Hunt exp\u00e9rience n&rsquo;est pas responsable des retards ou obstacles causant le retard de votre arriv\u00e9e soit caus\u00e9 par le mauvais temps, les gr\u00e8ves, les inondations, les embouteillages, les troubles civils ou de toute autre raison. Il est de votre responsabilit\u00e9 d&rsquo;arriver \u00e0 temps pour votre r\u00e9servation.<\/span><\/p>\n<p>&nbsp;<\/p>\n<ol start=\"4\">\n<li>\n<h4><span style=\"font-weight: 400;\"> PRIX ET PAIEMENT<\/span><\/h4>\n<\/li>\n<\/ol>\n<p><span style=\"font-weight: 400;\">4.1. Le prix (avec la TVA appropri\u00e9e) d&rsquo;un jeu par personne est indiqu\u00e9 sur le site Escape Hunt dans la section de r\u00e9servation.<\/span><\/p>\n<p><span style=\"font-weight: 400;\">4.2. Le prix est fix\u00e9 en fonction du nombre de personnes dans une salle (2-5 personnes)<\/span><\/p>\n<p><span style=\"font-weight: 400;\">4.3. Les r\u00e9servations peuvent \u00eatre faites en ligne sur le site Internet de l&rsquo;exp\u00e9rience Escape Hunt, par t\u00e9l\u00e9phone, ou en personne \u00e0 la succursale.<\/span><\/p>\n<p><span style=\"font-weight: 400;\">4.4.La liste des diff\u00e9rents moyens de paiement qui sont accept\u00e9s sur le site (cartes de cr\u00e9dit ou de d\u00e9bit, virement, etc..) sont pr\u00e9cis\u00e9 sur le site de r\u00e9servation.<\/span><\/p>\n<p><span style=\"font-weight: 400;\">4.5. Le paiement complet est exig\u00e9 au moment de la r\u00e9servation ou peut \u00eatre fait au moment de la visite, mais une carte de cr\u00e9dit sera n\u00e9cessaire pour le garantir.<\/span><\/p>\n<p><span style=\"font-weight: 400;\">4.6. Escape Hunt est un \u00e9v\u00e9nement en direct (LIVE) donc une fois que la r\u00e9servation est confirm\u00e9e, aucun remboursement, annulation ou report ne sont accept\u00e9s.<\/span><\/p>\n<p><span style=\"font-weight: 400;\">4.7. Si moins de gens que pr\u00e9vus viennent \u00e0 l\u2019\u00e9v\u00e9nement, la diff\u00e9rence de prix ne sera pas rembours\u00e9e.<\/span><\/p>\n<p><span style=\"font-weight: 400;\">4.8. Si plus de gens que pr\u00e9vue sont pr\u00e9sents (jusqu&rsquo;\u00e0 5 personnes) le suppl\u00e9ment peut \u00eatre pay\u00e9 en esp\u00e8ces ou en carte au moment de \u00e0 l&rsquo;arriv\u00e9e pour la partie.<\/span><\/p>\n<p>&nbsp;<\/p>\n<ol start=\"5\">\n<li>\n<h4><span style=\"font-weight: 400;\"> CONTACT<\/span><\/h4>\n<\/li>\n<\/ol>\n<p><span style=\"font-weight: 400;\">Si vous avez besoin de contacter The Escape Hunt Experience, vous pouvez le faire en utilisant l&rsquo;une des m\u00e9thodes suivantes:<\/span><\/p>\n<p><span style=\"font-weight: 400;\">Escape Hunt Paris is managed by XXXX<\/span><\/p>\n<p><span style=\"font-weight: 400;\">XXXX<\/span><\/p>\n<p><span style=\"font-weight: 400;\">Siret XXXX<\/span><\/p>\n<p><span style=\"font-weight: 400;\">TVA FR XXXX<\/span><\/p>\n<p><span style=\"font-weight: 400;\">&#8211; email: nancy.manager@escapehunt.com<\/span><\/p>\n<p><span style=\"font-weight: 400;\">&#8211; t\u00e9l\u00e9phone: <\/span>03.83.41.26.20<\/p>\n<p>&nbsp;<\/p>\n<ol start=\"6\">\n<li>\n<h4><span style=\"font-weight: 400;\"> S\u00c9CURIT\u00c9 ET PLAISIR<\/span><\/h4>\n<\/li>\n<\/ol>\n<p><span style=\"font-weight: 400;\">6.1. Chaque joueur de l&rsquo;exp\u00e9rience de \u00a0Escape Hunt sera pris en charge avant et pendant leur jeu par un maitre des jeux (game master). Apr\u00e8s avoir appris les r\u00e8gles du jeu, chaque joueur participera au jeu \u00e0 ses propres risques. En outre, The Escape Hunt Experience n&rsquo;est pas responsable des dommages (corporels ou mat\u00e9riels) caus\u00e9s par une utilisation inapropri\u00e9e de la salle de jeu ou pour n&rsquo;avoir pas suivit \u00a0les r\u00e8gles d\u00e9crites avant le jeu par la game master.<\/span><\/p>\n<p><span style=\"font-weight: 400;\">6.2. Si vous \u00eates en retard de plus de 15 minutes \u00a0par rapport \u00e0 l&rsquo;heure pr\u00e9vue lors de votre r\u00e9servation, la r\u00e9servation devient caduque automatiquement et vous ne serez pas en mesure de commencer votre jeu. Pour un changement de r\u00e9servation si celui-ci est accept\u00e9, il sera fait avec des frais et suivant les disponibilit\u00e9s.<\/span><\/p>\n<p><span style=\"font-weight: 400;\">6.3. Les personnes sous l&rsquo;influence de l&rsquo;alcool ou de m\u00e9dicaments non prescrits pourraient \u00eatre d\u00e9tourn\u00e9s et le jeu devient caduque. Nous nous r\u00e9servons le droit de refuser l&rsquo;entr\u00e9e \u00e0 toute personne qui est inapte, abusive ou inappropri\u00e9e de quelque fa\u00e7on \u00e0 la seule discr\u00e9tion des propri\u00e9taires et du personnel de Escape Hunt.<\/span><\/p>\n<p><span style=\"font-weight: 400;\">6.4. Des boissons et des aliments ne peuvent \u00eatre introduits dans les salles de jeux ou de r\u00e9ception.<\/span><\/p>\n<p><span style=\"font-weight: 400;\">6.5. Pour \u00eatre admis, vous devez confirmer le nom complet de la personne qui r\u00e9serve et celle-ci pourrait \u00eatre invit\u00e9 \u00e0 confirmer le num\u00e9ro de t\u00e9l\u00e9phone et l&rsquo;adresse e-mail ainsi que de montrer un passeport ou une carte d&rsquo;identit\u00e9 ainsi qu&rsquo;une carte de cr\u00e9dit.<\/span><\/p>\n<p><span style=\"font-weight: 400;\">6.6. Pour des raisons de s\u00e9curit\u00e9, les enfants de moins de 7 ans ne sont pas autoris\u00e9s \u00e0 entrer dans la r\u00e9ception ou dans les salles de jeux. Tous les enfants de moins de 16 ans doivent \u00eatre accompagn\u00e9s par au moins un adulte en tout temps.<\/span><\/p>\n<p><span style=\"font-weight: 400;\">6.7. La taille du lobby de reception \u00e9tant limit\u00e9e, il est demand\u00e9 aux joueurs de The Escape Hunt Experience d&rsquo;arriver plusieurs minutes avant le d\u00e9but de la partie afin que le game master puissent bien prendre en charge les joueurs, leur expliqu\u00e9 en d\u00e9tail la nature du jeu, ses risques et contraintes afin de rendre l&rsquo;exp\u00e9rience agr\u00e9able et sans danger.<\/span><\/p>\n<p><span style=\"font-weight: 400;\">6.8 L&rsquo;Escape Hunt Experience recommande \u00e0 ses clients de porter des v\u00eatements confortables pour le jeu.<\/span><\/p>\n<p>&nbsp;<\/p>\n<ol start=\"7\">\n<li>\n<h4><span style=\"font-weight: 400;\"> DROITS D&rsquo;AUTEUR ET CONFIDENTIEL<\/span><\/h4>\n<\/li>\n<\/ol>\n<p><span style=\"font-weight: 400;\">7.1 Tous les noms, dessins et slogans utilis\u00e9s sur le site, dans toute activit\u00e9 de marketing et dans les locaux sont la propri\u00e9t\u00e9 de Escape Hunt Co. Ltd et ses propri\u00e9taires. Aucune utilisation ou reproduction de quelque nature que ce soit n&rsquo;est autoris\u00e9e.<\/span><\/p>\n<p><span style=\"font-weight: 400;\">7.1 Tous les joueurs d&rsquo;Escape Hunt \u00a0conviennent de ne pas discuter, divulguer ou distribuer toute information concernant le contenu des jeux ou toute autre information exclusive. En jouant aux jeux, tous les joueurs sont d&rsquo;accord pour ne pas transmettre cette information ou ils rendront eux-m\u00eames passibles de poursuites en vertu de la violation des r\u00e8gles de confidentialit\u00e9.<\/span><\/p>\n<p>&nbsp;<\/p>\n<p><strong>Escape Hunt Nancy<\/strong><\/p>\n","protected":false},"excerpt":{"rendered":"<p>Pour utiliser notre site Web et venir jouer \u00e0 nos jeux, il est n\u00e9cessaire de valider l&rsquo;acceptation de nos Conditions G\u00e9n\u00e9rales de Vente: &nbsp; G\u00c9N\u00c9RAL 1.1 Rien dans ces termes&hellip;<\/p>\n","protected":false},"author":12,"featured_media":0,"parent":0,"menu_order":0,"comment_status":"closed","ping_status":"closed","template":"","meta":{"_acf_changed":false,"footnotes":""},"class_list":["post-140","page","type-page","status-publish","hentry"],"acf":{"custom_schema_json":""},"yoast_head":"<!-- This site is optimized with the Yoast SEO plugin v27.3 - https:\/\/yoast.com\/product\/yoast-seo-wordpress\/ -->\n<title>CONDITIONS G\u00c9N\u00c9RALES | Escape Hunt Nancy<\/title>\n<meta name=\"description\" content=\"Prenez connaissance de nos conditions g\u00e9n\u00e9rales de vente avant votre r\u00e9servation chez Escape Hunt Nancy.\" \/>\n<meta name=\"robots\" content=\"noindex, follow, max-snippet:-1, max-image-preview:large, max-video-preview:-1\" \/>\n<meta property=\"og:locale\" content=\"fr_FR\" \/>\n<meta property=\"og:type\" content=\"article\" \/>\n<meta property=\"og:title\" content=\"CONDITIONS G\u00c9N\u00c9RALES | Escape Hunt Nancy\" \/>\n<meta property=\"og:description\" content=\"Prenez connaissance de nos conditions g\u00e9n\u00e9rales de vente avant votre r\u00e9servation chez Escape Hunt Nancy.\" \/>\n<meta property=\"og:url\" content=\"https:\/\/escapehunt.com\/fr\/nancy\/conditions-generales\/\" \/>\n<meta property=\"og:site_name\" content=\"Nancy\" \/>\n<meta property=\"article:modified_time\" content=\"2019-04-19T13:19:08+00:00\" \/>\n<meta name=\"twitter:card\" content=\"summary_large_image\" \/>\n<meta name=\"twitter:label1\" content=\"Dur\u00e9e de lecture estim\u00e9e\" \/>\n\t<meta name=\"twitter:data1\" content=\"9 minutes\" \/>\n<script type=\"application\/ld+json\" class=\"yoast-schema-graph\">{\"@context\":\"https:\\\/\\\/schema.org\",\"@graph\":[{\"@type\":\"WebPage\",\"@id\":\"https:\\\/\\\/escapehunt.com\\\/fr\\\/nancy\\\/conditions-generales\\\/\",\"url\":\"https:\\\/\\\/escapehunt.com\\\/fr\\\/nancy\\\/conditions-generales\\\/\",\"name\":\"CONDITIONS G\u00c9N\u00c9RALES | Escape Hunt Nancy\",\"isPartOf\":{\"@id\":\"https:\\\/\\\/escapehunt.com\\\/fr\\\/nancy\\\/#website\"},\"datePublished\":\"2018-10-03T12:41:20+00:00\",\"dateModified\":\"2019-04-19T13:19:08+00:00\",\"description\":\"Prenez connaissance de nos conditions g\u00e9n\u00e9rales de vente avant votre r\u00e9servation chez Escape Hunt Nancy.\",\"breadcrumb\":{\"@id\":\"https:\\\/\\\/escapehunt.com\\\/fr\\\/nancy\\\/conditions-generales\\\/#breadcrumb\"},\"inLanguage\":\"fr-FR\",\"potentialAction\":[{\"@type\":\"ReadAction\",\"target\":[\"https:\\\/\\\/escapehunt.com\\\/fr\\\/nancy\\\/conditions-generales\\\/\"]}]},{\"@type\":\"BreadcrumbList\",\"@id\":\"https:\\\/\\\/escapehunt.com\\\/fr\\\/nancy\\\/conditions-generales\\\/#breadcrumb\",\"itemListElement\":[{\"@type\":\"ListItem\",\"position\":1,\"name\":\"Home\",\"item\":\"https:\\\/\\\/escapehunt.com\\\/fr\\\/nancy\\\/\"},{\"@type\":\"ListItem\",\"position\":2,\"name\":\"CONDITIONS G\u00c9N\u00c9RALES\"}]},{\"@type\":\"WebSite\",\"@id\":\"https:\\\/\\\/escapehunt.com\\\/fr\\\/nancy\\\/#website\",\"url\":\"https:\\\/\\\/escapehunt.com\\\/fr\\\/nancy\\\/\",\"name\":\"Nancy\",\"description\":\"Escape Hunt Nancy \u2013 L\u2019Escape Game Num\u00e9ro 1 \u00e0 Nancy\",\"potentialAction\":[{\"@type\":\"SearchAction\",\"target\":{\"@type\":\"EntryPoint\",\"urlTemplate\":\"https:\\\/\\\/escapehunt.com\\\/fr\\\/nancy\\\/?s={search_term_string}\"},\"query-input\":{\"@type\":\"PropertyValueSpecification\",\"valueRequired\":true,\"valueName\":\"search_term_string\"}}],\"inLanguage\":\"fr-FR\"}]}<\/script>\n<!-- \/ Yoast SEO plugin. -->","yoast_head_json":{"title":"CONDITIONS G\u00c9N\u00c9RALES | Escape Hunt Nancy","description":"Prenez connaissance de nos conditions g\u00e9n\u00e9rales de vente avant votre r\u00e9servation chez Escape Hunt Nancy.","robots":{"index":"noindex","follow":"follow","max-snippet":"max-snippet:-1","max-image-preview":"max-image-preview:large","max-video-preview":"max-video-preview:-1"},"og_locale":"fr_FR","og_type":"article","og_title":"CONDITIONS G\u00c9N\u00c9RALES | Escape Hunt Nancy","og_description":"Prenez connaissance de nos conditions g\u00e9n\u00e9rales de vente avant votre r\u00e9servation chez Escape Hunt Nancy.","og_url":"https:\/\/escapehunt.com\/fr\/nancy\/conditions-generales\/","og_site_name":"Nancy","article_modified_time":"2019-04-19T13:19:08+00:00","twitter_card":"summary_large_image","twitter_misc":{"Dur\u00e9e de lecture estim\u00e9e":"9 minutes"},"schema":{"@context":"https:\/\/schema.org","@graph":[{"@type":"WebPage","@id":"https:\/\/escapehunt.com\/fr\/nancy\/conditions-generales\/","url":"https:\/\/escapehunt.com\/fr\/nancy\/conditions-generales\/","name":"CONDITIONS G\u00c9N\u00c9RALES | Escape Hunt Nancy","isPartOf":{"@id":"https:\/\/escapehunt.com\/fr\/nancy\/#website"},"datePublished":"2018-10-03T12:41:20+00:00","dateModified":"2019-04-19T13:19:08+00:00","description":"Prenez connaissance de nos conditions g\u00e9n\u00e9rales de vente avant votre r\u00e9servation chez Escape Hunt Nancy.","breadcrumb":{"@id":"https:\/\/escapehunt.com\/fr\/nancy\/conditions-generales\/#breadcrumb"},"inLanguage":"fr-FR","potentialAction":[{"@type":"ReadAction","target":["https:\/\/escapehunt.com\/fr\/nancy\/conditions-generales\/"]}]},{"@type":"BreadcrumbList","@id":"https:\/\/escapehunt.com\/fr\/nancy\/conditions-generales\/#breadcrumb","itemListElement":[{"@type":"ListItem","position":1,"name":"Home","item":"https:\/\/escapehunt.com\/fr\/nancy\/"},{"@type":"ListItem","position":2,"name":"CONDITIONS G\u00c9N\u00c9RALES"}]},{"@type":"WebSite","@id":"https:\/\/escapehunt.com\/fr\/nancy\/#website","url":"https:\/\/escapehunt.com\/fr\/nancy\/","name":"Nancy","description":"Escape Hunt Nancy \u2013 L\u2019Escape Game Num\u00e9ro 1 \u00e0 Nancy","potentialAction":[{"@type":"SearchAction","target":{"@type":"EntryPoint","urlTemplate":"https:\/\/escapehunt.com\/fr\/nancy\/?s={search_term_string}"},"query-input":{"@type":"PropertyValueSpecification","valueRequired":true,"valueName":"search_term_string"}}],"inLanguage":"fr-FR"}]}},"custom_schema_json":"","_links":{"self":[{"href":"https:\/\/staging3.escapehunt.com\/fr\/nancy\/wp-json\/wp\/v2\/pages\/140","targetHints":{"allow":["GET"]}}],"collection":[{"href":"https:\/\/staging3.escapehunt.com\/fr\/nancy\/wp-json\/wp\/v2\/pages"}],"about":[{"href":"https:\/\/staging3.escapehunt.com\/fr\/nancy\/wp-json\/wp\/v2\/types\/page"}],"author":[{"embeddable":true,"href":"https:\/\/staging3.escapehunt.com\/fr\/nancy\/wp-json\/wp\/v2\/users\/12"}],"replies":[{"embeddable":true,"href":"https:\/\/staging3.escapehunt.com\/fr\/nancy\/wp-json\/wp\/v2\/comments?post=140"}],"version-history":[{"count":0,"href":"https:\/\/staging3.escapehunt.com\/fr\/nancy\/wp-json\/wp\/v2\/pages\/140\/revisions"}],"wp:attachment":[{"href":"https:\/\/staging3.escapehunt.com\/fr\/nancy\/wp-json\/wp\/v2\/media?parent=140"}],"curies":[{"name":"wp","href":"https:\/\/api.w.org\/{rel}","templated":true}]}}