{"id":110,"date":"2018-10-03T11:43:55","date_gmt":"2018-10-03T11:43:55","guid":{"rendered":"http:\/\/s27835.p712.sites.pressdns.com\/fr\/bordeaux\/?page_id=110"},"modified":"2022-11-24T11:48:20","modified_gmt":"2022-11-24T11:48:20","slug":"trouvez-nous","status":"publish","type":"page","link":"https:\/\/staging3.escapehunt.com\/fr\/paris\/trouvez-nous\/","title":{"rendered":"TROUVEZ-NOUS"},"content":{"rendered":"<h4><strong>M\u00e9tro<\/strong><\/h4>\n<p>Op\u00e9ra \/ Quatre Septembre \/ Richelieu-Drouot<\/p>\n<h4><strong>Parking<\/strong><\/h4>\n<p>Meyerbeer, boulevard des Italiens<br \/>\nFace au cin\u00e9ma Gaumont<\/p>\n<h4><strong>Bon plan !\u00a0<\/strong><\/h4>\n<p>&nbsp;<\/p>\n<p style=\"text-align: center;\"><img loading=\"lazy\" decoding=\"async\" class=\"size-full wp-image-42392 alignleft\" src=\"https:\/\/staging3.escapehunt.com\/fr\/marseille\/wp-content\/uploads\/sites\/51\/2020\/01\/Print_Logo_2Lignes_Blanc_RVB.png\" alt=\"\" width=\"177\" height=\"161\" \/><\/p>\n<p style=\"text-align: left;\">D\u00e9placez-vous simplement \u00e0 la derni\u00e8re minute ou en pr\u00e9voyant votre trajet \u00e0 l\u2019avance avec l&rsquo;application Citygo ! Qui sait, vous y trouverez peut \u00eatre meme de futurs co\u00e9quipiers ?<\/p>\n","protected":false},"excerpt":{"rendered":"<p>M\u00e9tro Op\u00e9ra \/ Quatre Septembre \/ Richelieu-Drouot Parking Meyerbeer, boulevard des Italiens Face au cin\u00e9ma Gaumont Bon plan !\u00a0 &nbsp; D\u00e9placez-vous simplement \u00e0 la derni\u00e8re minute ou en pr\u00e9voyant votre&hellip;<\/p>\n","protected":false},"author":6,"featured_media":0,"parent":0,"menu_order":21,"comment_status":"closed","ping_status":"closed","template":"views\/find-us.php","meta":{"_acf_changed":false,"footnotes":""},"class_list":["post-110","page","type-page","status-publish","hentry"],"acf":{"custom_schema_json":""},"yoast_head":"<!-- This site is optimized with the Yoast SEO plugin v27.3 - https:\/\/yoast.com\/product\/yoast-seo-wordpress\/ -->\n<title>Trouvez Nous | Escape Hunt Paris<\/title>\n<meta name=\"description\" content=\"Carte du quartier, informations pratiques pour pr\u00e9parer votre venue chez Escape Hunt Paris\" \/>\n<meta name=\"robots\" content=\"noindex, follow, max-snippet:-1, max-image-preview:large, max-video-preview:-1\" \/>\n<meta property=\"og:locale\" content=\"fr_FR\" \/>\n<meta property=\"og:type\" content=\"article\" \/>\n<meta property=\"og:title\" content=\"Trouvez Nous | Escape Hunt Paris\" \/>\n<meta property=\"og:description\" content=\"Carte du quartier, informations pratiques pour pr\u00e9parer votre venue chez Escape Hunt Paris\" \/>\n<meta property=\"og:url\" content=\"https:\/\/staging3.escapehunt.com\/fr\/paris\/trouvez-nous\/\" \/>\n<meta property=\"og:site_name\" content=\"Paris\" \/>\n<meta property=\"article:modified_time\" content=\"2022-11-24T11:48:20+00:00\" \/>\n<meta property=\"og:image\" content=\"https:\/\/staging3.escapehunt.com\/fr\/marseille\/wp-content\/uploads\/sites\/51\/2020\/01\/Print_Logo_2Lignes_Blanc_RVB.png\" \/>\n<meta name=\"twitter:card\" content=\"summary_large_image\" \/>\n<meta name=\"twitter:label1\" content=\"Dur\u00e9e de lecture estim\u00e9e\" \/>\n\t<meta name=\"twitter:data1\" content=\"1 minute\" \/>\n<script type=\"application\/ld+json\" class=\"yoast-schema-graph\">{\"@context\":\"https:\\\/\\\/schema.org\",\"@graph\":[{\"@type\":\"WebPage\",\"@id\":\"https:\\\/\\\/staging3.escapehunt.com\\\/fr\\\/paris\\\/trouvez-nous\\\/\",\"url\":\"https:\\\/\\\/staging3.escapehunt.com\\\/fr\\\/paris\\\/trouvez-nous\\\/\",\"name\":\"Trouvez Nous | Escape Hunt Paris\",\"isPartOf\":{\"@id\":\"https:\\\/\\\/escapehunt.com\\\/fr\\\/paris\\\/#website\"},\"primaryImageOfPage\":{\"@id\":\"https:\\\/\\\/staging3.escapehunt.com\\\/fr\\\/paris\\\/trouvez-nous\\\/#primaryimage\"},\"image\":{\"@id\":\"https:\\\/\\\/staging3.escapehunt.com\\\/fr\\\/paris\\\/trouvez-nous\\\/#primaryimage\"},\"thumbnailUrl\":\"https:\\\/\\\/staging3.escapehunt.com\\\/fr\\\/marseille\\\/wp-content\\\/uploads\\\/sites\\\/51\\\/2020\\\/01\\\/Print_Logo_2Lignes_Blanc_RVB.png\",\"datePublished\":\"2018-10-03T11:43:55+00:00\",\"dateModified\":\"2022-11-24T11:48:20+00:00\",\"description\":\"Carte du quartier, informations pratiques pour pr\u00e9parer votre venue chez Escape Hunt Paris\",\"breadcrumb\":{\"@id\":\"https:\\\/\\\/staging3.escapehunt.com\\\/fr\\\/paris\\\/trouvez-nous\\\/#breadcrumb\"},\"inLanguage\":\"fr-FR\",\"potentialAction\":[{\"@type\":\"ReadAction\",\"target\":[\"https:\\\/\\\/staging3.escapehunt.com\\\/fr\\\/paris\\\/trouvez-nous\\\/\"]}]},{\"@type\":\"ImageObject\",\"inLanguage\":\"fr-FR\",\"@id\":\"https:\\\/\\\/staging3.escapehunt.com\\\/fr\\\/paris\\\/trouvez-nous\\\/#primaryimage\",\"url\":\"https:\\\/\\\/staging3.escapehunt.com\\\/fr\\\/marseille\\\/wp-content\\\/uploads\\\/sites\\\/51\\\/2020\\\/01\\\/Print_Logo_2Lignes_Blanc_RVB.png\",\"contentUrl\":\"https:\\\/\\\/staging3.escapehunt.com\\\/fr\\\/marseille\\\/wp-content\\\/uploads\\\/sites\\\/51\\\/2020\\\/01\\\/Print_Logo_2Lignes_Blanc_RVB.png\"},{\"@type\":\"BreadcrumbList\",\"@id\":\"https:\\\/\\\/staging3.escapehunt.com\\\/fr\\\/paris\\\/trouvez-nous\\\/#breadcrumb\",\"itemListElement\":[{\"@type\":\"ListItem\",\"position\":1,\"name\":\"Blog\",\"item\":\"https:\\\/\\\/staging3.escapehunt.com\\\/fr\\\/paris\\\/blog\\\/\"},{\"@type\":\"ListItem\",\"position\":2,\"name\":\"TROUVEZ-NOUS\"}]},{\"@type\":\"WebSite\",\"@id\":\"https:\\\/\\\/escapehunt.com\\\/fr\\\/paris\\\/#website\",\"url\":\"https:\\\/\\\/escapehunt.com\\\/fr\\\/paris\\\/\",\"name\":\"Paris\",\"description\":\"Escape Hunt Paris - Number 1 Escape Game in Paris\",\"potentialAction\":[{\"@type\":\"SearchAction\",\"target\":{\"@type\":\"EntryPoint\",\"urlTemplate\":\"https:\\\/\\\/escapehunt.com\\\/fr\\\/paris\\\/?s={search_term_string}\"},\"query-input\":{\"@type\":\"PropertyValueSpecification\",\"valueRequired\":true,\"valueName\":\"search_term_string\"}}],\"inLanguage\":\"fr-FR\"}]}<\/script>\n<!-- \/ Yoast SEO plugin. -->","yoast_head_json":{"title":"Trouvez Nous | Escape Hunt Paris","description":"Carte du quartier, informations pratiques pour pr\u00e9parer votre venue chez Escape Hunt Paris","robots":{"index":"noindex","follow":"follow","max-snippet":"max-snippet:-1","max-image-preview":"max-image-preview:large","max-video-preview":"max-video-preview:-1"},"og_locale":"fr_FR","og_type":"article","og_title":"Trouvez Nous | Escape Hunt Paris","og_description":"Carte du quartier, informations pratiques pour pr\u00e9parer votre venue chez Escape Hunt Paris","og_url":"https:\/\/staging3.escapehunt.com\/fr\/paris\/trouvez-nous\/","og_site_name":"Paris","article_modified_time":"2022-11-24T11:48:20+00:00","og_image":[{"url":"https:\/\/staging3.escapehunt.com\/fr\/marseille\/wp-content\/uploads\/sites\/51\/2020\/01\/Print_Logo_2Lignes_Blanc_RVB.png","type":"","width":"","height":""}],"twitter_card":"summary_large_image","twitter_misc":{"Dur\u00e9e de lecture estim\u00e9e":"1 minute"},"schema":{"@context":"https:\/\/schema.org","@graph":[{"@type":"WebPage","@id":"https:\/\/staging3.escapehunt.com\/fr\/paris\/trouvez-nous\/","url":"https:\/\/staging3.escapehunt.com\/fr\/paris\/trouvez-nous\/","name":"Trouvez Nous | Escape Hunt Paris","isPartOf":{"@id":"https:\/\/escapehunt.com\/fr\/paris\/#website"},"primaryImageOfPage":{"@id":"https:\/\/staging3.escapehunt.com\/fr\/paris\/trouvez-nous\/#primaryimage"},"image":{"@id":"https:\/\/staging3.escapehunt.com\/fr\/paris\/trouvez-nous\/#primaryimage"},"thumbnailUrl":"https:\/\/staging3.escapehunt.com\/fr\/marseille\/wp-content\/uploads\/sites\/51\/2020\/01\/Print_Logo_2Lignes_Blanc_RVB.png","datePublished":"2018-10-03T11:43:55+00:00","dateModified":"2022-11-24T11:48:20+00:00","description":"Carte du quartier, informations pratiques pour pr\u00e9parer votre venue chez Escape Hunt Paris","breadcrumb":{"@id":"https:\/\/staging3.escapehunt.com\/fr\/paris\/trouvez-nous\/#breadcrumb"},"inLanguage":"fr-FR","potentialAction":[{"@type":"ReadAction","target":["https:\/\/staging3.escapehunt.com\/fr\/paris\/trouvez-nous\/"]}]},{"@type":"ImageObject","inLanguage":"fr-FR","@id":"https:\/\/staging3.escapehunt.com\/fr\/paris\/trouvez-nous\/#primaryimage","url":"https:\/\/staging3.escapehunt.com\/fr\/marseille\/wp-content\/uploads\/sites\/51\/2020\/01\/Print_Logo_2Lignes_Blanc_RVB.png","contentUrl":"https:\/\/staging3.escapehunt.com\/fr\/marseille\/wp-content\/uploads\/sites\/51\/2020\/01\/Print_Logo_2Lignes_Blanc_RVB.png"},{"@type":"BreadcrumbList","@id":"https:\/\/staging3.escapehunt.com\/fr\/paris\/trouvez-nous\/#breadcrumb","itemListElement":[{"@type":"ListItem","position":1,"name":"Blog","item":"https:\/\/staging3.escapehunt.com\/fr\/paris\/blog\/"},{"@type":"ListItem","position":2,"name":"TROUVEZ-NOUS"}]},{"@type":"WebSite","@id":"https:\/\/escapehunt.com\/fr\/paris\/#website","url":"https:\/\/escapehunt.com\/fr\/paris\/","name":"Paris","description":"Escape Hunt Paris - Number 1 Escape Game in Paris","potentialAction":[{"@type":"SearchAction","target":{"@type":"EntryPoint","urlTemplate":"https:\/\/escapehunt.com\/fr\/paris\/?s={search_term_string}"},"query-input":{"@type":"PropertyValueSpecification","valueRequired":true,"valueName":"search_term_string"}}],"inLanguage":"fr-FR"}]}},"custom_schema_json":"","_links":{"self":[{"href":"https:\/\/staging3.escapehunt.com\/fr\/paris\/wp-json\/wp\/v2\/pages\/110","targetHints":{"allow":["GET"]}}],"collection":[{"href":"https:\/\/staging3.escapehunt.com\/fr\/paris\/wp-json\/wp\/v2\/pages"}],"about":[{"href":"https:\/\/staging3.escapehunt.com\/fr\/paris\/wp-json\/wp\/v2\/types\/page"}],"author":[{"embeddable":true,"href":"https:\/\/staging3.escapehunt.com\/fr\/paris\/wp-json\/wp\/v2\/users\/6"}],"replies":[{"embeddable":true,"href":"https:\/\/staging3.escapehunt.com\/fr\/paris\/wp-json\/wp\/v2\/comments?post=110"}],"version-history":[{"count":0,"href":"https:\/\/staging3.escapehunt.com\/fr\/paris\/wp-json\/wp\/v2\/pages\/110\/revisions"}],"wp:attachment":[{"href":"https:\/\/staging3.escapehunt.com\/fr\/paris\/wp-json\/wp\/v2\/media?parent=110"}],"curies":[{"name":"wp","href":"https:\/\/api.w.org\/{rel}","templated":true}]}}