{"id":39,"date":"2018-10-03T07:39:08","date_gmt":"2018-10-03T07:39:08","guid":{"rendered":"http:\/\/s27835.p712.sites.pressdns.com\/fr\/bordeaux\/?page_id=39"},"modified":"2024-07-29T14:53:16","modified_gmt":"2024-07-29T14:53:16","slug":"lescape-game-numero-1-a-paris","status":"publish","type":"page","link":"https:\/\/staging3.escapehunt.com\/fr\/paris\/","title":{"rendered":"L&rsquo;ESCAPE GAME INCONTOURNABLE \u00c0 PARIS"},"content":{"rendered":"","protected":false},"excerpt":{"rendered":"","protected":false},"author":16,"featured_media":0,"parent":0,"menu_order":0,"comment_status":"closed","ping_status":"closed","template":"views\/landing-city.php","meta":{"_acf_changed":false,"footnotes":""},"class_list":["post-39","page","type-page","status-publish","hentry"],"acf":{"custom_schema_json":""},"yoast_head":"<!-- This site is optimized with the Yoast SEO plugin v27.3 - https:\/\/yoast.com\/product\/yoast-seo-wordpress\/ -->\n<title>L&#039;Escape Game incontournable \u00e0 Paris | Escape Hunt Paris<\/title>\n<meta name=\"description\" content=\"L&#039;Escape Game incontournable \u00e0 Paris Op\u00e9ra. Id\u00e9al pour vos \u00e9v\u00e9nements, teambuilding, anniversaire, evg, evjf. R\u00e9servez en ligne votre escape game.\" \/>\n<meta name=\"robots\" content=\"noindex, follow, max-snippet:-1, max-image-preview:large, max-video-preview:-1\" \/>\n<meta property=\"og:locale\" content=\"fr_FR\" \/>\n<meta property=\"og:type\" content=\"article\" \/>\n<meta property=\"og:title\" content=\"L&#039;Escape Game incontournable \u00e0 Paris | Escape Hunt Paris\" \/>\n<meta property=\"og:description\" content=\"L&#039;Escape Game incontournable \u00e0 Paris Op\u00e9ra. Id\u00e9al pour vos \u00e9v\u00e9nements, teambuilding, anniversaire, evg, evjf. R\u00e9servez en ligne votre escape game.\" \/>\n<meta property=\"og:url\" content=\"https:\/\/staging3.escapehunt.com\/fr\/paris\/\" \/>\n<meta property=\"og:site_name\" content=\"Paris\" \/>\n<meta property=\"article:modified_time\" content=\"2024-07-29T14:53:16+00:00\" \/>\n<meta name=\"twitter:card\" content=\"summary_large_image\" \/>\n<script type=\"application\/ld+json\" class=\"yoast-schema-graph\">{\"@context\":\"https:\\\/\\\/schema.org\",\"@graph\":[{\"@type\":\"WebPage\",\"@id\":\"https:\\\/\\\/staging3.escapehunt.com\\\/fr\\\/paris\\\/\",\"url\":\"https:\\\/\\\/staging3.escapehunt.com\\\/fr\\\/paris\\\/\",\"name\":\"L'Escape Game incontournable \u00e0 Paris | Escape Hunt Paris\",\"isPartOf\":{\"@id\":\"https:\\\/\\\/escapehunt.com\\\/fr\\\/paris\\\/#website\"},\"datePublished\":\"2018-10-03T07:39:08+00:00\",\"dateModified\":\"2024-07-29T14:53:16+00:00\",\"description\":\"L'Escape Game incontournable \u00e0 Paris Op\u00e9ra. Id\u00e9al pour vos \u00e9v\u00e9nements, teambuilding, anniversaire, evg, evjf. R\u00e9servez en ligne votre escape game.\",\"breadcrumb\":{\"@id\":\"https:\\\/\\\/staging3.escapehunt.com\\\/fr\\\/paris\\\/#breadcrumb\"},\"inLanguage\":\"fr-FR\",\"potentialAction\":[{\"@type\":\"ReadAction\",\"target\":[\"https:\\\/\\\/staging3.escapehunt.com\\\/fr\\\/paris\\\/\"]}]},{\"@type\":\"BreadcrumbList\",\"@id\":\"https:\\\/\\\/staging3.escapehunt.com\\\/fr\\\/paris\\\/#breadcrumb\",\"itemListElement\":[{\"@type\":\"ListItem\",\"position\":1,\"name\":\"Blog\",\"item\":\"https:\\\/\\\/staging3.escapehunt.com\\\/fr\\\/paris\\\/blog\\\/\"},{\"@type\":\"ListItem\",\"position\":2,\"name\":\"L&rsquo;ESCAPE GAME INCONTOURNABLE \u00c0 PARIS\"}]},{\"@type\":\"WebSite\",\"@id\":\"https:\\\/\\\/escapehunt.com\\\/fr\\\/paris\\\/#website\",\"url\":\"https:\\\/\\\/escapehunt.com\\\/fr\\\/paris\\\/\",\"name\":\"Paris\",\"description\":\"Escape Hunt Paris - Number 1 Escape Game in Paris\",\"potentialAction\":[{\"@type\":\"SearchAction\",\"target\":{\"@type\":\"EntryPoint\",\"urlTemplate\":\"https:\\\/\\\/escapehunt.com\\\/fr\\\/paris\\\/?s={search_term_string}\"},\"query-input\":{\"@type\":\"PropertyValueSpecification\",\"valueRequired\":true,\"valueName\":\"search_term_string\"}}],\"inLanguage\":\"fr-FR\"}]}<\/script>\n<!-- \/ Yoast SEO plugin. -->","yoast_head_json":{"title":"L'Escape Game incontournable \u00e0 Paris | Escape Hunt Paris","description":"L'Escape Game incontournable \u00e0 Paris Op\u00e9ra. Id\u00e9al pour vos \u00e9v\u00e9nements, teambuilding, anniversaire, evg, evjf. R\u00e9servez en ligne votre escape game.","robots":{"index":"noindex","follow":"follow","max-snippet":"max-snippet:-1","max-image-preview":"max-image-preview:large","max-video-preview":"max-video-preview:-1"},"og_locale":"fr_FR","og_type":"article","og_title":"L'Escape Game incontournable \u00e0 Paris | Escape Hunt Paris","og_description":"L'Escape Game incontournable \u00e0 Paris Op\u00e9ra. Id\u00e9al pour vos \u00e9v\u00e9nements, teambuilding, anniversaire, evg, evjf. R\u00e9servez en ligne votre escape game.","og_url":"https:\/\/staging3.escapehunt.com\/fr\/paris\/","og_site_name":"Paris","article_modified_time":"2024-07-29T14:53:16+00:00","twitter_card":"summary_large_image","schema":{"@context":"https:\/\/schema.org","@graph":[{"@type":"WebPage","@id":"https:\/\/staging3.escapehunt.com\/fr\/paris\/","url":"https:\/\/staging3.escapehunt.com\/fr\/paris\/","name":"L'Escape Game incontournable \u00e0 Paris | Escape Hunt Paris","isPartOf":{"@id":"https:\/\/escapehunt.com\/fr\/paris\/#website"},"datePublished":"2018-10-03T07:39:08+00:00","dateModified":"2024-07-29T14:53:16+00:00","description":"L'Escape Game incontournable \u00e0 Paris Op\u00e9ra. Id\u00e9al pour vos \u00e9v\u00e9nements, teambuilding, anniversaire, evg, evjf. R\u00e9servez en ligne votre escape game.","breadcrumb":{"@id":"https:\/\/staging3.escapehunt.com\/fr\/paris\/#breadcrumb"},"inLanguage":"fr-FR","potentialAction":[{"@type":"ReadAction","target":["https:\/\/staging3.escapehunt.com\/fr\/paris\/"]}]},{"@type":"BreadcrumbList","@id":"https:\/\/staging3.escapehunt.com\/fr\/paris\/#breadcrumb","itemListElement":[{"@type":"ListItem","position":1,"name":"Blog","item":"https:\/\/staging3.escapehunt.com\/fr\/paris\/blog\/"},{"@type":"ListItem","position":2,"name":"L&rsquo;ESCAPE GAME INCONTOURNABLE \u00c0 PARIS"}]},{"@type":"WebSite","@id":"https:\/\/escapehunt.com\/fr\/paris\/#website","url":"https:\/\/escapehunt.com\/fr\/paris\/","name":"Paris","description":"Escape Hunt Paris - Number 1 Escape Game in Paris","potentialAction":[{"@type":"SearchAction","target":{"@type":"EntryPoint","urlTemplate":"https:\/\/escapehunt.com\/fr\/paris\/?s={search_term_string}"},"query-input":{"@type":"PropertyValueSpecification","valueRequired":true,"valueName":"search_term_string"}}],"inLanguage":"fr-FR"}]}},"custom_schema_json":"","_links":{"self":[{"href":"https:\/\/staging3.escapehunt.com\/fr\/paris\/wp-json\/wp\/v2\/pages\/39","targetHints":{"allow":["GET"]}}],"collection":[{"href":"https:\/\/staging3.escapehunt.com\/fr\/paris\/wp-json\/wp\/v2\/pages"}],"about":[{"href":"https:\/\/staging3.escapehunt.com\/fr\/paris\/wp-json\/wp\/v2\/types\/page"}],"author":[{"embeddable":true,"href":"https:\/\/staging3.escapehunt.com\/fr\/paris\/wp-json\/wp\/v2\/users\/16"}],"replies":[{"embeddable":true,"href":"https:\/\/staging3.escapehunt.com\/fr\/paris\/wp-json\/wp\/v2\/comments?post=39"}],"version-history":[{"count":0,"href":"https:\/\/staging3.escapehunt.com\/fr\/paris\/wp-json\/wp\/v2\/pages\/39\/revisions"}],"wp:attachment":[{"href":"https:\/\/staging3.escapehunt.com\/fr\/paris\/wp-json\/wp\/v2\/media?parent=39"}],"curies":[{"name":"wp","href":"https:\/\/api.w.org\/{rel}","templated":true}]}}