{"id":76,"date":"2018-10-03T09:01:47","date_gmt":"2018-10-03T09:01:47","guid":{"rendered":"http:\/\/s27835.p712.sites.pressdns.com\/fr\/bordeaux\/?page_id=76"},"modified":"2022-04-28T16:40:37","modified_gmt":"2022-04-28T16:40:37","slug":"achetez-un-cheque-cadeau","status":"publish","type":"page","link":"https:\/\/staging3.escapehunt.com\/fr\/paris\/achetez-un-cheque-cadeau\/","title":{"rendered":"OFFREZ UNE PARTIE"},"content":{"rendered":"<h4 style=\"text-align: center;\">Vous souhaitez offrir une aventure hors du commun pour un proche\u00a0?<\/h4>\n","protected":false},"excerpt":{"rendered":"<p>Vous souhaitez offrir une aventure hors du commun pour un proche\u00a0?<\/p>\n","protected":false},"author":16,"featured_media":25595,"parent":0,"menu_order":4,"comment_status":"closed","ping_status":"closed","template":"views\/vouchers.php","meta":{"_acf_changed":false,"footnotes":""},"class_list":["post-76","page","type-page","status-publish","has-post-thumbnail","hentry"],"acf":{"custom_schema_json":""},"yoast_head":"<!-- This site is optimized with the Yoast SEO plugin v27.3 - https:\/\/yoast.com\/product\/yoast-seo-wordpress\/ -->\n<title>Ch\u00e8ques-cadeau et vouchers Escape Game | Escape Hunt Paris<\/title>\n<meta name=\"description\" content=\"Faites plaisir \u00e0 vos proches avec un bon cadeau de Escape Hunt Paris valable tous les jours, de 10h \u00e0 22h.\" \/>\n<meta name=\"robots\" content=\"noindex, follow, max-snippet:-1, max-image-preview:large, max-video-preview:-1\" \/>\n<meta property=\"og:locale\" content=\"fr_FR\" \/>\n<meta property=\"og:type\" content=\"article\" \/>\n<meta property=\"og:title\" content=\"Ch\u00e8ques-cadeau et vouchers Escape Game | Escape Hunt Paris\" \/>\n<meta property=\"og:description\" content=\"Faites plaisir \u00e0 vos proches avec un bon cadeau de Escape Hunt Paris valable tous les jours, de 10h \u00e0 22h.\" \/>\n<meta property=\"og:url\" content=\"https:\/\/staging3.escapehunt.com\/fr\/paris\/achetez-un-cheque-cadeau\/\" \/>\n<meta property=\"og:site_name\" content=\"Paris\" \/>\n<meta property=\"article:modified_time\" content=\"2022-04-28T16:40:37+00:00\" \/>\n<meta property=\"og:image\" content=\"https:\/\/staging3.escapehunt.com\/fr\/paris\/wp-content\/uploads\/sites\/80\/2019\/02\/Gift-Voucher-2530-x-1240.jpg\" \/>\n\t<meta property=\"og:image:width\" content=\"2530\" \/>\n\t<meta property=\"og:image:height\" content=\"1240\" \/>\n\t<meta property=\"og:image:type\" content=\"image\/jpeg\" \/>\n<meta name=\"twitter:card\" content=\"summary_large_image\" \/>\n<script type=\"application\/ld+json\" class=\"yoast-schema-graph\">{\"@context\":\"https:\\\/\\\/schema.org\",\"@graph\":[{\"@type\":\"WebPage\",\"@id\":\"https:\\\/\\\/staging3.escapehunt.com\\\/fr\\\/paris\\\/achetez-un-cheque-cadeau\\\/\",\"url\":\"https:\\\/\\\/staging3.escapehunt.com\\\/fr\\\/paris\\\/achetez-un-cheque-cadeau\\\/\",\"name\":\"Ch\u00e8ques-cadeau et vouchers Escape Game | Escape Hunt Paris\",\"isPartOf\":{\"@id\":\"https:\\\/\\\/escapehunt.com\\\/fr\\\/paris\\\/#website\"},\"primaryImageOfPage\":{\"@id\":\"https:\\\/\\\/staging3.escapehunt.com\\\/fr\\\/paris\\\/achetez-un-cheque-cadeau\\\/#primaryimage\"},\"image\":{\"@id\":\"https:\\\/\\\/staging3.escapehunt.com\\\/fr\\\/paris\\\/achetez-un-cheque-cadeau\\\/#primaryimage\"},\"thumbnailUrl\":\"https:\\\/\\\/staging3.escapehunt.com\\\/fr\\\/paris\\\/wp-content\\\/uploads\\\/sites\\\/80\\\/2019\\\/02\\\/Gift-Voucher-2530-x-1240.jpg\",\"datePublished\":\"2018-10-03T09:01:47+00:00\",\"dateModified\":\"2022-04-28T16:40:37+00:00\",\"description\":\"Faites plaisir \u00e0 vos proches avec un bon cadeau de Escape Hunt Paris valable tous les jours, de 10h \u00e0 22h.\",\"breadcrumb\":{\"@id\":\"https:\\\/\\\/staging3.escapehunt.com\\\/fr\\\/paris\\\/achetez-un-cheque-cadeau\\\/#breadcrumb\"},\"inLanguage\":\"fr-FR\",\"potentialAction\":[{\"@type\":\"ReadAction\",\"target\":[\"https:\\\/\\\/staging3.escapehunt.com\\\/fr\\\/paris\\\/achetez-un-cheque-cadeau\\\/\"]}]},{\"@type\":\"ImageObject\",\"inLanguage\":\"fr-FR\",\"@id\":\"https:\\\/\\\/staging3.escapehunt.com\\\/fr\\\/paris\\\/achetez-un-cheque-cadeau\\\/#primaryimage\",\"url\":\"https:\\\/\\\/staging3.escapehunt.com\\\/fr\\\/paris\\\/wp-content\\\/uploads\\\/sites\\\/80\\\/2019\\\/02\\\/Gift-Voucher-2530-x-1240.jpg\",\"contentUrl\":\"https:\\\/\\\/staging3.escapehunt.com\\\/fr\\\/paris\\\/wp-content\\\/uploads\\\/sites\\\/80\\\/2019\\\/02\\\/Gift-Voucher-2530-x-1240.jpg\",\"width\":2530,\"height\":1240},{\"@type\":\"BreadcrumbList\",\"@id\":\"https:\\\/\\\/staging3.escapehunt.com\\\/fr\\\/paris\\\/achetez-un-cheque-cadeau\\\/#breadcrumb\",\"itemListElement\":[{\"@type\":\"ListItem\",\"position\":1,\"name\":\"Blog\",\"item\":\"https:\\\/\\\/staging3.escapehunt.com\\\/fr\\\/paris\\\/blog\\\/\"},{\"@type\":\"ListItem\",\"position\":2,\"name\":\"OFFREZ UNE PARTIE\"}]},{\"@type\":\"WebSite\",\"@id\":\"https:\\\/\\\/escapehunt.com\\\/fr\\\/paris\\\/#website\",\"url\":\"https:\\\/\\\/escapehunt.com\\\/fr\\\/paris\\\/\",\"name\":\"Paris\",\"description\":\"Escape Hunt Paris - Number 1 Escape Game in Paris\",\"potentialAction\":[{\"@type\":\"SearchAction\",\"target\":{\"@type\":\"EntryPoint\",\"urlTemplate\":\"https:\\\/\\\/escapehunt.com\\\/fr\\\/paris\\\/?s={search_term_string}\"},\"query-input\":{\"@type\":\"PropertyValueSpecification\",\"valueRequired\":true,\"valueName\":\"search_term_string\"}}],\"inLanguage\":\"fr-FR\"}]}<\/script>\n<!-- \/ Yoast SEO plugin. -->","yoast_head_json":{"title":"Ch\u00e8ques-cadeau et vouchers Escape Game | Escape Hunt Paris","description":"Faites plaisir \u00e0 vos proches avec un bon cadeau de Escape Hunt Paris valable tous les jours, de 10h \u00e0 22h.","robots":{"index":"noindex","follow":"follow","max-snippet":"max-snippet:-1","max-image-preview":"max-image-preview:large","max-video-preview":"max-video-preview:-1"},"og_locale":"fr_FR","og_type":"article","og_title":"Ch\u00e8ques-cadeau et vouchers Escape Game | Escape Hunt Paris","og_description":"Faites plaisir \u00e0 vos proches avec un bon cadeau de Escape Hunt Paris valable tous les jours, de 10h \u00e0 22h.","og_url":"https:\/\/staging3.escapehunt.com\/fr\/paris\/achetez-un-cheque-cadeau\/","og_site_name":"Paris","article_modified_time":"2022-04-28T16:40:37+00:00","og_image":[{"width":2530,"height":1240,"url":"https:\/\/staging3.escapehunt.com\/fr\/paris\/wp-content\/uploads\/sites\/80\/2019\/02\/Gift-Voucher-2530-x-1240.jpg","type":"image\/jpeg"}],"twitter_card":"summary_large_image","schema":{"@context":"https:\/\/schema.org","@graph":[{"@type":"WebPage","@id":"https:\/\/staging3.escapehunt.com\/fr\/paris\/achetez-un-cheque-cadeau\/","url":"https:\/\/staging3.escapehunt.com\/fr\/paris\/achetez-un-cheque-cadeau\/","name":"Ch\u00e8ques-cadeau et vouchers Escape Game | Escape Hunt Paris","isPartOf":{"@id":"https:\/\/escapehunt.com\/fr\/paris\/#website"},"primaryImageOfPage":{"@id":"https:\/\/staging3.escapehunt.com\/fr\/paris\/achetez-un-cheque-cadeau\/#primaryimage"},"image":{"@id":"https:\/\/staging3.escapehunt.com\/fr\/paris\/achetez-un-cheque-cadeau\/#primaryimage"},"thumbnailUrl":"https:\/\/staging3.escapehunt.com\/fr\/paris\/wp-content\/uploads\/sites\/80\/2019\/02\/Gift-Voucher-2530-x-1240.jpg","datePublished":"2018-10-03T09:01:47+00:00","dateModified":"2022-04-28T16:40:37+00:00","description":"Faites plaisir \u00e0 vos proches avec un bon cadeau de Escape Hunt Paris valable tous les jours, de 10h \u00e0 22h.","breadcrumb":{"@id":"https:\/\/staging3.escapehunt.com\/fr\/paris\/achetez-un-cheque-cadeau\/#breadcrumb"},"inLanguage":"fr-FR","potentialAction":[{"@type":"ReadAction","target":["https:\/\/staging3.escapehunt.com\/fr\/paris\/achetez-un-cheque-cadeau\/"]}]},{"@type":"ImageObject","inLanguage":"fr-FR","@id":"https:\/\/staging3.escapehunt.com\/fr\/paris\/achetez-un-cheque-cadeau\/#primaryimage","url":"https:\/\/staging3.escapehunt.com\/fr\/paris\/wp-content\/uploads\/sites\/80\/2019\/02\/Gift-Voucher-2530-x-1240.jpg","contentUrl":"https:\/\/staging3.escapehunt.com\/fr\/paris\/wp-content\/uploads\/sites\/80\/2019\/02\/Gift-Voucher-2530-x-1240.jpg","width":2530,"height":1240},{"@type":"BreadcrumbList","@id":"https:\/\/staging3.escapehunt.com\/fr\/paris\/achetez-un-cheque-cadeau\/#breadcrumb","itemListElement":[{"@type":"ListItem","position":1,"name":"Blog","item":"https:\/\/staging3.escapehunt.com\/fr\/paris\/blog\/"},{"@type":"ListItem","position":2,"name":"OFFREZ UNE PARTIE"}]},{"@type":"WebSite","@id":"https:\/\/escapehunt.com\/fr\/paris\/#website","url":"https:\/\/escapehunt.com\/fr\/paris\/","name":"Paris","description":"Escape Hunt Paris - Number 1 Escape Game in Paris","potentialAction":[{"@type":"SearchAction","target":{"@type":"EntryPoint","urlTemplate":"https:\/\/escapehunt.com\/fr\/paris\/?s={search_term_string}"},"query-input":{"@type":"PropertyValueSpecification","valueRequired":true,"valueName":"search_term_string"}}],"inLanguage":"fr-FR"}]}},"custom_schema_json":"","_links":{"self":[{"href":"https:\/\/staging3.escapehunt.com\/fr\/paris\/wp-json\/wp\/v2\/pages\/76","targetHints":{"allow":["GET"]}}],"collection":[{"href":"https:\/\/staging3.escapehunt.com\/fr\/paris\/wp-json\/wp\/v2\/pages"}],"about":[{"href":"https:\/\/staging3.escapehunt.com\/fr\/paris\/wp-json\/wp\/v2\/types\/page"}],"author":[{"embeddable":true,"href":"https:\/\/staging3.escapehunt.com\/fr\/paris\/wp-json\/wp\/v2\/users\/16"}],"replies":[{"embeddable":true,"href":"https:\/\/staging3.escapehunt.com\/fr\/paris\/wp-json\/wp\/v2\/comments?post=76"}],"version-history":[{"count":0,"href":"https:\/\/staging3.escapehunt.com\/fr\/paris\/wp-json\/wp\/v2\/pages\/76\/revisions"}],"wp:featuredmedia":[{"embeddable":true,"href":"https:\/\/staging3.escapehunt.com\/fr\/paris\/wp-json\/wp\/v2\/media\/25595"}],"wp:attachment":[{"href":"https:\/\/staging3.escapehunt.com\/fr\/paris\/wp-json\/wp\/v2\/media?parent=76"}],"curies":[{"name":"wp","href":"https:\/\/api.w.org\/{rel}","templated":true}]}}