{"id":1278,"date":"2020-12-07T15:13:22","date_gmt":"2020-12-07T14:13:22","guid":{"rendered":"https:\/\/staging3.escapehunt.com\/fr\/?page_id=1278"},"modified":"2023-08-02T12:52:55","modified_gmt":"2023-08-02T10:52:55","slug":"cheques-cadeaux","status":"publish","type":"page","link":"https:\/\/staging3.escapehunt.com\/fr\/cheques-cadeaux\/","title":{"rendered":"Ch\u00e8ques cadeaux"},"content":{"rendered":"<p>Vous voulez offrir une aventure hors du commun pour un proche\u00a0?\u00a0Pour cela, rien de plus simple :<\/p>\n<ol>\n<li><strong>D\u00e9terminez la ville et le nombre de participants.\u00a0<\/strong><\/li>\n<li><strong>Rendez-vous sur notre plateforme s\u00e9curis\u00e9e pour effectuez votre paiement.\u00a0<\/strong><\/li>\n<li><strong>Vous recevrez ensuite un code valable un an sur toutes nos \u00e9nigmes dans la ville choisie.\u00a0<\/strong><\/li>\n<\/ol>\n<p>&nbsp;<\/p>\n<p>Offrir un ch\u00e8que-cadeau \u00e0 <a href=\"https:\/\/staging3.escapehunt.com\/fr\/belfort\/achetez-un-cheque-cadeau\/\">Belfort\u00a0<\/a><\/p>\n<p>Offrir un ch\u00e8que-cadeau \u00e0 <a href=\"https:\/\/staging3.escapehunt.com\/fr\/bordeaux\/achetez-un-cheque-cadeau\/\">Bordeaux<\/a><\/p>\n<p>Offrir un ch\u00e8que-cadeau \u00e0 <a href=\"https:\/\/staging3.escapehunt.com\/fr\/clermont-ferrand\/achetez-un-cheque-cadeau\/\">Clermont-Ferrand<\/a><\/p>\n<p>Offrir un ch\u00e8que-cadeau \u00e0 <a href=\"https:\/\/staging3.escapehunt.com\/fr\/larochelle\/achetez-un-cheque-cadeau\/\">La Rochelle\u00a0<\/a><\/p>\n<p>Offrir un ch\u00e8que-cadeau \u00e0 <a href=\"https:\/\/staging3.escapehunt.com\/fr\/lille\/achetez-un-cheque-cadeau\/\">Lille\u00a0<\/a><\/p>\n<p>Offrir un ch\u00e8que-cadeau \u00e0 <a href=\"https:\/\/staging3.escapehunt.com\/fr\/marseille\/achetez-un-cheque-cadeau\/\">Marseille\u00a0<\/a><\/p>\n<p>Offrir un ch\u00e8que-cadeau \u00e0 <a href=\"https:\/\/staging3.escapehunt.com\/fr\/metz\/achetez-un-cheque-cadeau\/\">Metz\u00a0<\/a><\/p>\n<p>Offrir un ch\u00e8que-cadeau \u00e0 <a href=\"https:\/\/staging3.escapehunt.com\/fr\/nancy\/achetez-un-cheque-cadeau\/\">Nancy\u00a0<\/a><\/p>\n<p>Offrir un ch\u00e8que-cadeau \u00e0 <a href=\"https:\/\/staging3.escapehunt.com\/fr\/paris\/achetez-un-cheque-cadeau\/\">Paris\u00a0<\/a><\/p>\n<p>Offrir un ch\u00e8que-cadeau \u00e0 <a href=\"https:\/\/toulouse.escapehunt.com\/reservation\/\">Toulouse\u00a0<\/a><\/p>\n<p>&nbsp;<\/p>\n<p><strong>Pour plus de flexibilit\u00e9, pr\u00e9f\u00e9rez notre coffret cadeau valable pour 2 \u00e0 5 joueurs partout en France et en Belgique !<\/strong><\/p>\n<p><span style=\"color: #eb5d2f;\">Offre Sp\u00e9ciale :<\/span> deux jeux \u00e0 la maison offerts !<\/p>\n<p><a class=\"button button--primary\" href=\"https:\/\/printandplay-fr.escapehunt.com\/collections\/frontpage\/products\/coffret-cadeau-escape-hunt\" target=\"_blank\" rel=\"noopener noreferrer\">Offrir un coffret cadeau<\/a><\/p>\n","protected":false},"excerpt":{"rendered":"<p>Vous voulez offrir une aventure hors du commun pour un proche\u00a0?\u00a0Pour cela, rien de plus simple : D\u00e9terminez la ville et le nombre de participants.\u00a0 Rendez-vous sur notre plateforme s\u00e9curis\u00e9e&hellip;<\/p>\n","protected":false},"author":62,"featured_media":0,"parent":0,"menu_order":0,"comment_status":"closed","ping_status":"closed","template":"templates\/template-flexible.php","meta":{"_acf_changed":false,"footnotes":""},"class_list":["post-1278","page","type-page","status-publish","hentry"],"acf":{"custom_schema_json":""},"yoast_head":"<!-- This site is optimized with the Yoast SEO plugin v27.3 - https:\/\/yoast.com\/product\/yoast-seo-wordpress\/ -->\n<title>Ch\u00e8ques cadeaux - France<\/title>\n<meta name=\"robots\" content=\"noindex, follow, max-snippet:-1, max-image-preview:large, max-video-preview:-1\" \/>\n<meta property=\"og:locale\" content=\"fr_FR\" \/>\n<meta property=\"og:type\" content=\"article\" \/>\n<meta property=\"og:title\" content=\"Ch\u00e8ques cadeaux - France\" \/>\n<meta property=\"og:description\" content=\"Vous voulez offrir une aventure hors du commun pour un proche\u00a0?\u00a0Pour cela, rien de plus simple : D\u00e9terminez la ville et le nombre de participants.\u00a0 Rendez-vous sur notre plateforme s\u00e9curis\u00e9e&hellip;\" \/>\n<meta property=\"og:url\" content=\"https:\/\/escapehunt.com\/fr\/cheques-cadeaux\/\" \/>\n<meta property=\"og:site_name\" content=\"France\" \/>\n<meta property=\"article:modified_time\" content=\"2023-08-02T10:52:55+00:00\" \/>\n<meta name=\"twitter:card\" content=\"summary_large_image\" \/>\n<meta name=\"twitter:label1\" content=\"Dur\u00e9e de lecture estim\u00e9e\" \/>\n\t<meta name=\"twitter:data1\" content=\"1 minute\" \/>\n<script type=\"application\/ld+json\" class=\"yoast-schema-graph\">{\"@context\":\"https:\\\/\\\/schema.org\",\"@graph\":[{\"@type\":\"WebPage\",\"@id\":\"https:\\\/\\\/escapehunt.com\\\/fr\\\/cheques-cadeaux\\\/\",\"url\":\"https:\\\/\\\/escapehunt.com\\\/fr\\\/cheques-cadeaux\\\/\",\"name\":\"Ch\u00e8ques cadeaux - France\",\"isPartOf\":{\"@id\":\"https:\\\/\\\/escapehunt.com\\\/fr\\\/#website\"},\"datePublished\":\"2020-12-07T14:13:22+00:00\",\"dateModified\":\"2023-08-02T10:52:55+00:00\",\"breadcrumb\":{\"@id\":\"https:\\\/\\\/escapehunt.com\\\/fr\\\/cheques-cadeaux\\\/#breadcrumb\"},\"inLanguage\":\"fr-FR\",\"potentialAction\":[{\"@type\":\"ReadAction\",\"target\":[\"https:\\\/\\\/escapehunt.com\\\/fr\\\/cheques-cadeaux\\\/\"]}]},{\"@type\":\"BreadcrumbList\",\"@id\":\"https:\\\/\\\/escapehunt.com\\\/fr\\\/cheques-cadeaux\\\/#breadcrumb\",\"itemListElement\":[{\"@type\":\"ListItem\",\"position\":1,\"name\":\"Home\",\"item\":\"https:\\\/\\\/escapehunt.com\\\/fr\\\/\"},{\"@type\":\"ListItem\",\"position\":2,\"name\":\"Ch\u00e8ques cadeaux\"}]},{\"@type\":\"WebSite\",\"@id\":\"https:\\\/\\\/escapehunt.com\\\/fr\\\/#website\",\"url\":\"https:\\\/\\\/escapehunt.com\\\/fr\\\/\",\"name\":\"France\",\"description\":\"\",\"potentialAction\":[{\"@type\":\"SearchAction\",\"target\":{\"@type\":\"EntryPoint\",\"urlTemplate\":\"https:\\\/\\\/escapehunt.com\\\/fr\\\/?s={search_term_string}\"},\"query-input\":{\"@type\":\"PropertyValueSpecification\",\"valueRequired\":true,\"valueName\":\"search_term_string\"}}],\"inLanguage\":\"fr-FR\"}]}<\/script>\n<!-- \/ Yoast SEO plugin. -->","yoast_head_json":{"title":"Ch\u00e8ques cadeaux - France","robots":{"index":"noindex","follow":"follow","max-snippet":"max-snippet:-1","max-image-preview":"max-image-preview:large","max-video-preview":"max-video-preview:-1"},"og_locale":"fr_FR","og_type":"article","og_title":"Ch\u00e8ques cadeaux - France","og_description":"Vous voulez offrir une aventure hors du commun pour un proche\u00a0?\u00a0Pour cela, rien de plus simple : D\u00e9terminez la ville et le nombre de participants.\u00a0 Rendez-vous sur notre plateforme s\u00e9curis\u00e9e&hellip;","og_url":"https:\/\/escapehunt.com\/fr\/cheques-cadeaux\/","og_site_name":"France","article_modified_time":"2023-08-02T10:52:55+00:00","twitter_card":"summary_large_image","twitter_misc":{"Dur\u00e9e de lecture estim\u00e9e":"1 minute"},"schema":{"@context":"https:\/\/schema.org","@graph":[{"@type":"WebPage","@id":"https:\/\/escapehunt.com\/fr\/cheques-cadeaux\/","url":"https:\/\/escapehunt.com\/fr\/cheques-cadeaux\/","name":"Ch\u00e8ques cadeaux - France","isPartOf":{"@id":"https:\/\/escapehunt.com\/fr\/#website"},"datePublished":"2020-12-07T14:13:22+00:00","dateModified":"2023-08-02T10:52:55+00:00","breadcrumb":{"@id":"https:\/\/escapehunt.com\/fr\/cheques-cadeaux\/#breadcrumb"},"inLanguage":"fr-FR","potentialAction":[{"@type":"ReadAction","target":["https:\/\/escapehunt.com\/fr\/cheques-cadeaux\/"]}]},{"@type":"BreadcrumbList","@id":"https:\/\/escapehunt.com\/fr\/cheques-cadeaux\/#breadcrumb","itemListElement":[{"@type":"ListItem","position":1,"name":"Home","item":"https:\/\/escapehunt.com\/fr\/"},{"@type":"ListItem","position":2,"name":"Ch\u00e8ques cadeaux"}]},{"@type":"WebSite","@id":"https:\/\/escapehunt.com\/fr\/#website","url":"https:\/\/escapehunt.com\/fr\/","name":"France","description":"","potentialAction":[{"@type":"SearchAction","target":{"@type":"EntryPoint","urlTemplate":"https:\/\/escapehunt.com\/fr\/?s={search_term_string}"},"query-input":{"@type":"PropertyValueSpecification","valueRequired":true,"valueName":"search_term_string"}}],"inLanguage":"fr-FR"}]}},"custom_schema_json":"","_links":{"self":[{"href":"https:\/\/staging3.escapehunt.com\/fr\/wp-json\/wp\/v2\/pages\/1278","targetHints":{"allow":["GET"]}}],"collection":[{"href":"https:\/\/staging3.escapehunt.com\/fr\/wp-json\/wp\/v2\/pages"}],"about":[{"href":"https:\/\/staging3.escapehunt.com\/fr\/wp-json\/wp\/v2\/types\/page"}],"author":[{"embeddable":true,"href":"https:\/\/staging3.escapehunt.com\/fr\/wp-json\/wp\/v2\/users\/62"}],"replies":[{"embeddable":true,"href":"https:\/\/staging3.escapehunt.com\/fr\/wp-json\/wp\/v2\/comments?post=1278"}],"version-history":[{"count":0,"href":"https:\/\/staging3.escapehunt.com\/fr\/wp-json\/wp\/v2\/pages\/1278\/revisions"}],"wp:attachment":[{"href":"https:\/\/staging3.escapehunt.com\/fr\/wp-json\/wp\/v2\/media?parent=1278"}],"curies":[{"name":"wp","href":"https:\/\/api.w.org\/{rel}","templated":true}]}}