{"id":263,"date":"2020-03-11T11:06:21","date_gmt":"2020-03-11T11:06:21","guid":{"rendered":"https:\/\/staging3.escapehunt.com\/fr\/?page_id=263"},"modified":"2020-04-29T17:57:46","modified_gmt":"2020-04-29T15:57:46","slug":"comites-dentreprise","status":"publish","type":"page","link":"https:\/\/staging3.escapehunt.com\/fr\/comites-dentreprise\/","title":{"rendered":"COMIT\u00c9S D\u2019ENTREPRISE"},"content":{"rendered":"<p><strong>Vous repr\u00e9sentez un comit\u00e9 d\u2019entreprise ? Offrez \u00e0 vos salari\u00e9s un \u00e9v\u00e9nement d\u2019entreprise divertissant et singulier !<\/strong><\/p>\n<p>Escape Hunt\u00a0est le 1er r\u00e9seau d\u2019escape game, lanc\u00e9 en 2015 aujourd\u2019hui pr\u00e9sent dans 10 villes en France et \u00e1 l\u2019\u00e9tranger. C\u2019est pr\u00e8s de 35 scenarios diff\u00e9rents qui sont \u00e0 d\u00e9couvrir dans nos \u00e9tablissements, par \u00e9quipes de 2 \u00e0 5 joueurs, vous disposez de 60 minutes pour collaborer ensemble et r\u00e9soudre les \u00e9nigmes de votre pi\u00e8ce pour sortir \u00e0 temps.<\/p>\n<p>Nous proposons de la\u00a0billetterie CE\u00a0\u00e0 tarif pr\u00e9f\u00e9rentiel pour vos employ\u00e9s.<\/p>\n<p>Contactez nous pour obtenir de la documentation \u00e0 transmettre \u00e0 votre CE pour mettre en place une billetterie \u00e0 tarif pr\u00e9f\u00e9rentiel.<\/p>\n<p>Tel: <a href=\"tel:01 75 50 62 60\">01 75 50 62 60<\/a><br \/>\nMail: <a href=\"mailto:france@escapehunt.com\">france@escapehunt.com<\/a><strong><br \/>\n<\/strong><\/p>\n\n<div class=\"wpcf7 no-js\" id=\"wpcf7-f450-o1\" lang=\"en-US\" dir=\"ltr\" data-wpcf7-id=\"450\">\n<div class=\"screen-reader-response\"><p role=\"status\" aria-live=\"polite\" aria-atomic=\"true\"><\/p> <ul><\/ul><\/div>\n<form action=\"\/fr\/wp-json\/wp\/v2\/pages\/263#wpcf7-f450-o1\" method=\"post\" class=\"wpcf7-form init\" aria-label=\"Contact form\" novalidate=\"novalidate\" data-status=\"init\">\n<fieldset class=\"hidden-fields-container\"><input type=\"hidden\" name=\"_wpcf7\" value=\"450\" \/><input type=\"hidden\" name=\"_wpcf7_version\" value=\"6.1.5\" \/><input type=\"hidden\" name=\"_wpcf7_locale\" value=\"en_US\" \/><input type=\"hidden\" name=\"_wpcf7_unit_tag\" value=\"wpcf7-f450-o1\" \/><input type=\"hidden\" name=\"_wpcf7_container_post\" value=\"0\" \/><input type=\"hidden\" name=\"_wpcf7_posted_data_hash\" value=\"\" \/><input type=\"hidden\" name=\"_wpcf7_recaptcha_response\" value=\"\" \/>\n<\/fieldset>\n<p><label> Nom*<br \/>\n<span class=\"wpcf7-form-control-wrap\" data-name=\"your-name\"><input size=\"40\" maxlength=\"400\" class=\"wpcf7-form-control wpcf7-text wpcf7-validates-as-required\" aria-required=\"true\" aria-invalid=\"false\" value=\"\" type=\"text\" name=\"your-name\" \/><\/span> <\/label>\n<\/p>\n<p><label> Pr\u00e9nom*<br \/>\n<span class=\"wpcf7-form-control-wrap\" data-name=\"last-name\"><input size=\"40\" maxlength=\"400\" class=\"wpcf7-form-control wpcf7-text wpcf7-validates-as-required\" aria-required=\"true\" aria-invalid=\"false\" value=\"\" type=\"text\" name=\"last-name\" \/><\/span> <\/label>\n<\/p>\n<p><label> Email*<br \/>\n<span class=\"wpcf7-form-control-wrap\" data-name=\"your-email\"><input size=\"40\" maxlength=\"400\" class=\"wpcf7-form-control wpcf7-email wpcf7-validates-as-required wpcf7-text wpcf7-validates-as-email\" aria-required=\"true\" aria-invalid=\"false\" value=\"\" type=\"email\" name=\"your-email\" \/><\/span> <\/label>\n<\/p>\n<p><label> Soci\u00e9t\u00e9<br \/>\n<span class=\"wpcf7-form-control-wrap\" data-name=\"your-company\"><input size=\"40\" maxlength=\"400\" class=\"wpcf7-form-control wpcf7-text\" aria-invalid=\"false\" value=\"\" type=\"text\" name=\"your-company\" \/><\/span> <\/label>\n<\/p>\n<p><label> Your Message<br \/>\n<span class=\"wpcf7-form-control-wrap\" data-name=\"your-message\"><textarea cols=\"40\" rows=\"10\" maxlength=\"2000\" class=\"wpcf7-form-control wpcf7-textarea\" aria-invalid=\"false\" name=\"your-message\"><\/textarea><\/span> <\/label>\n<\/p>\n<p><input class=\"wpcf7-form-control wpcf7-submit has-spinner button button--primary\" type=\"submit\" value=\"Envoyer\" \/>\n<\/p><div class=\"wpcf7-response-output\" aria-hidden=\"true\"><\/div>\n<\/form>\n<\/div>\n\n","protected":false},"excerpt":{"rendered":"<p>Vous repr\u00e9sentez un comit\u00e9 d\u2019entreprise ? Offrez \u00e0 vos salari\u00e9s un \u00e9v\u00e9nement d\u2019entreprise divertissant et singulier ! Escape Hunt\u00a0est le 1er r\u00e9seau d\u2019escape game, lanc\u00e9 en 2015 aujourd\u2019hui pr\u00e9sent dans&hellip;<\/p>\n","protected":false},"author":62,"featured_media":447,"parent":0,"menu_order":0,"comment_status":"closed","ping_status":"closed","template":"views\/default-page-hero.php","meta":{"_acf_changed":false,"footnotes":""},"class_list":["post-263","page","type-page","status-publish","has-post-thumbnail","hentry"],"acf":{"custom_schema_json":""},"yoast_head":"<!-- This site is optimized with the Yoast SEO plugin v27.3 - https:\/\/yoast.com\/product\/yoast-seo-wordpress\/ -->\n<title>COMIT\u00c9S D\u2019ENTREPRISE - France<\/title>\n<meta name=\"robots\" content=\"noindex, follow, max-snippet:-1, max-image-preview:large, max-video-preview:-1\" \/>\n<meta property=\"og:locale\" content=\"fr_FR\" \/>\n<meta property=\"og:type\" content=\"article\" \/>\n<meta property=\"og:title\" content=\"COMIT\u00c9S D\u2019ENTREPRISE - France\" \/>\n<meta property=\"og:description\" content=\"Vous repr\u00e9sentez un comit\u00e9 d\u2019entreprise ? Offrez \u00e0 vos salari\u00e9s un \u00e9v\u00e9nement d\u2019entreprise divertissant et singulier ! Escape Hunt\u00a0est le 1er r\u00e9seau d\u2019escape game, lanc\u00e9 en 2015 aujourd\u2019hui pr\u00e9sent dans&hellip;\" \/>\n<meta property=\"og:url\" content=\"https:\/\/escapehunt.com\/fr\/comites-dentreprise\/\" \/>\n<meta property=\"og:site_name\" content=\"France\" \/>\n<meta property=\"article:modified_time\" content=\"2020-04-29T15:57:46+00:00\" \/>\n<meta property=\"og:image\" content=\"https:\/\/escapehunt.com\/fr\/wp-content\/uploads\/sites\/66\/2020\/04\/Team-Social3_2530x1240px.jpg\" \/>\n\t<meta property=\"og:image:width\" content=\"2530\" \/>\n\t<meta property=\"og:image:height\" content=\"1240\" \/>\n\t<meta property=\"og:image:type\" content=\"image\/jpeg\" \/>\n<meta name=\"twitter:card\" content=\"summary_large_image\" \/>\n<meta name=\"twitter:label1\" content=\"Dur\u00e9e de lecture estim\u00e9e\" \/>\n\t<meta name=\"twitter:data1\" content=\"1 minute\" \/>\n<script type=\"application\/ld+json\" class=\"yoast-schema-graph\">{\"@context\":\"https:\\\/\\\/schema.org\",\"@graph\":[{\"@type\":\"WebPage\",\"@id\":\"https:\\\/\\\/escapehunt.com\\\/fr\\\/comites-dentreprise\\\/\",\"url\":\"https:\\\/\\\/escapehunt.com\\\/fr\\\/comites-dentreprise\\\/\",\"name\":\"COMIT\u00c9S D\u2019ENTREPRISE - France\",\"isPartOf\":{\"@id\":\"https:\\\/\\\/escapehunt.com\\\/fr\\\/#website\"},\"primaryImageOfPage\":{\"@id\":\"https:\\\/\\\/escapehunt.com\\\/fr\\\/comites-dentreprise\\\/#primaryimage\"},\"image\":{\"@id\":\"https:\\\/\\\/escapehunt.com\\\/fr\\\/comites-dentreprise\\\/#primaryimage\"},\"thumbnailUrl\":\"https:\\\/\\\/staging3.escapehunt.com\\\/fr\\\/wp-content\\\/uploads\\\/sites\\\/66\\\/2020\\\/04\\\/Team-Social3_2530x1240px.jpg\",\"datePublished\":\"2020-03-11T11:06:21+00:00\",\"dateModified\":\"2020-04-29T15:57:46+00:00\",\"breadcrumb\":{\"@id\":\"https:\\\/\\\/escapehunt.com\\\/fr\\\/comites-dentreprise\\\/#breadcrumb\"},\"inLanguage\":\"fr-FR\",\"potentialAction\":[{\"@type\":\"ReadAction\",\"target\":[\"https:\\\/\\\/escapehunt.com\\\/fr\\\/comites-dentreprise\\\/\"]}]},{\"@type\":\"ImageObject\",\"inLanguage\":\"fr-FR\",\"@id\":\"https:\\\/\\\/escapehunt.com\\\/fr\\\/comites-dentreprise\\\/#primaryimage\",\"url\":\"https:\\\/\\\/staging3.escapehunt.com\\\/fr\\\/wp-content\\\/uploads\\\/sites\\\/66\\\/2020\\\/04\\\/Team-Social3_2530x1240px.jpg\",\"contentUrl\":\"https:\\\/\\\/staging3.escapehunt.com\\\/fr\\\/wp-content\\\/uploads\\\/sites\\\/66\\\/2020\\\/04\\\/Team-Social3_2530x1240px.jpg\",\"width\":2530,\"height\":1240},{\"@type\":\"BreadcrumbList\",\"@id\":\"https:\\\/\\\/escapehunt.com\\\/fr\\\/comites-dentreprise\\\/#breadcrumb\",\"itemListElement\":[{\"@type\":\"ListItem\",\"position\":1,\"name\":\"Home\",\"item\":\"https:\\\/\\\/escapehunt.com\\\/fr\\\/\"},{\"@type\":\"ListItem\",\"position\":2,\"name\":\"COMIT\u00c9S D\u2019ENTREPRISE\"}]},{\"@type\":\"WebSite\",\"@id\":\"https:\\\/\\\/escapehunt.com\\\/fr\\\/#website\",\"url\":\"https:\\\/\\\/escapehunt.com\\\/fr\\\/\",\"name\":\"France\",\"description\":\"\",\"potentialAction\":[{\"@type\":\"SearchAction\",\"target\":{\"@type\":\"EntryPoint\",\"urlTemplate\":\"https:\\\/\\\/escapehunt.com\\\/fr\\\/?s={search_term_string}\"},\"query-input\":{\"@type\":\"PropertyValueSpecification\",\"valueRequired\":true,\"valueName\":\"search_term_string\"}}],\"inLanguage\":\"fr-FR\"}]}<\/script>\n<!-- \/ Yoast SEO plugin. -->","yoast_head_json":{"title":"COMIT\u00c9S D\u2019ENTREPRISE - France","robots":{"index":"noindex","follow":"follow","max-snippet":"max-snippet:-1","max-image-preview":"max-image-preview:large","max-video-preview":"max-video-preview:-1"},"og_locale":"fr_FR","og_type":"article","og_title":"COMIT\u00c9S D\u2019ENTREPRISE - France","og_description":"Vous repr\u00e9sentez un comit\u00e9 d\u2019entreprise ? Offrez \u00e0 vos salari\u00e9s un \u00e9v\u00e9nement d\u2019entreprise divertissant et singulier ! Escape Hunt\u00a0est le 1er r\u00e9seau d\u2019escape game, lanc\u00e9 en 2015 aujourd\u2019hui pr\u00e9sent dans&hellip;","og_url":"https:\/\/escapehunt.com\/fr\/comites-dentreprise\/","og_site_name":"France","article_modified_time":"2020-04-29T15:57:46+00:00","og_image":[{"width":2530,"height":1240,"url":"https:\/\/escapehunt.com\/fr\/wp-content\/uploads\/sites\/66\/2020\/04\/Team-Social3_2530x1240px.jpg","type":"image\/jpeg"}],"twitter_card":"summary_large_image","twitter_misc":{"Dur\u00e9e de lecture estim\u00e9e":"1 minute"},"schema":{"@context":"https:\/\/schema.org","@graph":[{"@type":"WebPage","@id":"https:\/\/escapehunt.com\/fr\/comites-dentreprise\/","url":"https:\/\/escapehunt.com\/fr\/comites-dentreprise\/","name":"COMIT\u00c9S D\u2019ENTREPRISE - France","isPartOf":{"@id":"https:\/\/escapehunt.com\/fr\/#website"},"primaryImageOfPage":{"@id":"https:\/\/escapehunt.com\/fr\/comites-dentreprise\/#primaryimage"},"image":{"@id":"https:\/\/escapehunt.com\/fr\/comites-dentreprise\/#primaryimage"},"thumbnailUrl":"https:\/\/staging3.escapehunt.com\/fr\/wp-content\/uploads\/sites\/66\/2020\/04\/Team-Social3_2530x1240px.jpg","datePublished":"2020-03-11T11:06:21+00:00","dateModified":"2020-04-29T15:57:46+00:00","breadcrumb":{"@id":"https:\/\/escapehunt.com\/fr\/comites-dentreprise\/#breadcrumb"},"inLanguage":"fr-FR","potentialAction":[{"@type":"ReadAction","target":["https:\/\/escapehunt.com\/fr\/comites-dentreprise\/"]}]},{"@type":"ImageObject","inLanguage":"fr-FR","@id":"https:\/\/escapehunt.com\/fr\/comites-dentreprise\/#primaryimage","url":"https:\/\/staging3.escapehunt.com\/fr\/wp-content\/uploads\/sites\/66\/2020\/04\/Team-Social3_2530x1240px.jpg","contentUrl":"https:\/\/staging3.escapehunt.com\/fr\/wp-content\/uploads\/sites\/66\/2020\/04\/Team-Social3_2530x1240px.jpg","width":2530,"height":1240},{"@type":"BreadcrumbList","@id":"https:\/\/escapehunt.com\/fr\/comites-dentreprise\/#breadcrumb","itemListElement":[{"@type":"ListItem","position":1,"name":"Home","item":"https:\/\/escapehunt.com\/fr\/"},{"@type":"ListItem","position":2,"name":"COMIT\u00c9S D\u2019ENTREPRISE"}]},{"@type":"WebSite","@id":"https:\/\/escapehunt.com\/fr\/#website","url":"https:\/\/escapehunt.com\/fr\/","name":"France","description":"","potentialAction":[{"@type":"SearchAction","target":{"@type":"EntryPoint","urlTemplate":"https:\/\/escapehunt.com\/fr\/?s={search_term_string}"},"query-input":{"@type":"PropertyValueSpecification","valueRequired":true,"valueName":"search_term_string"}}],"inLanguage":"fr-FR"}]}},"custom_schema_json":"","_links":{"self":[{"href":"https:\/\/staging3.escapehunt.com\/fr\/wp-json\/wp\/v2\/pages\/263","targetHints":{"allow":["GET"]}}],"collection":[{"href":"https:\/\/staging3.escapehunt.com\/fr\/wp-json\/wp\/v2\/pages"}],"about":[{"href":"https:\/\/staging3.escapehunt.com\/fr\/wp-json\/wp\/v2\/types\/page"}],"author":[{"embeddable":true,"href":"https:\/\/staging3.escapehunt.com\/fr\/wp-json\/wp\/v2\/users\/62"}],"replies":[{"embeddable":true,"href":"https:\/\/staging3.escapehunt.com\/fr\/wp-json\/wp\/v2\/comments?post=263"}],"version-history":[{"count":0,"href":"https:\/\/staging3.escapehunt.com\/fr\/wp-json\/wp\/v2\/pages\/263\/revisions"}],"wp:featuredmedia":[{"embeddable":true,"href":"https:\/\/staging3.escapehunt.com\/fr\/wp-json\/wp\/v2\/media\/447"}],"wp:attachment":[{"href":"https:\/\/staging3.escapehunt.com\/fr\/wp-json\/wp\/v2\/media?parent=263"}],"curies":[{"name":"wp","href":"https:\/\/api.w.org\/{rel}","templated":true}]}}