{"id":26525,"date":"2024-03-12T15:10:15","date_gmt":"2024-03-12T14:10:15","guid":{"rendered":"https:\/\/staging3.escapehunt.com\/fr\/?page_id=26525"},"modified":"2024-03-12T15:10:15","modified_gmt":"2024-03-12T14:10:15","slug":"politique-de-cookies","status":"publish","type":"page","link":"https:\/\/staging3.escapehunt.com\/fr\/politique-de-cookies\/","title":{"rendered":"Politique de cookies"},"content":{"rendered":"<p>Veuillez lire attentivement cette politique en mati\u00e8re de cookies car elle contient des informations importantes sur qui nous sommes et comment nous utilisons les cookies sur notre site Web. Cette politique doit \u00eatre lue conjointement avec notre politique de confidentialit\u00e9 qui d\u00e9finit comment et pourquoi nous collectons, stockons, utilisons et partageons des informations personnelles, ainsi que vos droits concernant vos informations personnelles et les d\u00e9tails sur la mani\u00e8re de nous contacter ainsi que les autorit\u00e9s de contr\u00f4le si vous avez une plainte.<\/p>\n<h4><strong>QUI SOMMES-NOUS<\/strong><\/h4>\n<p>Ce site Web (escapehunt.com\/uk) et les <strong>produits, services et fonctionnalit\u00e9s<\/strong> que nous mettons \u00e0 votre disposition dans le cadre de notre site Web (collectivement, le \u00ab Service \u00bb) sont fournis par Escape Hunt Group Ltd <strong>(\u00ab nous \u00bb, \u00ab notre \u00bb).<\/strong><\/p>\n<p>Notre service peut cr\u00e9er des liens vers d&rsquo;autres sites Web et services d\u00e9tenus et exploit\u00e9s par certains tiers pour mettre \u00e0 votre disposition des produits et services suppl\u00e9mentaires. Ces autres sites Web et services tiers peuvent \u00e9galement recueillir des informations vous concernant conform\u00e9ment \u00e0 leurs propres politiques de confidentialit\u00e9 et de cookies. Pour obtenir des informations sur la confidentialit\u00e9 et les cookies relatives \u00e0 ces autres sites Web tiers, veuillez consulter leurs politiques de confidentialit\u00e9 et de cookies, le cas \u00e9ch\u00e9ant.<\/p>\n<h4><strong>COOKIES &#8211; QUE SONT-ILS ?<\/strong><\/h4>\n<p>Comme beaucoup d&rsquo;autres sites Web, notre site Web utilise des cookies. Certains des cookies que nous utilisons sont essentiels au fonctionnement du site. Nous utilisons \u00e9galement certains cookies non essentiels pour collecter des informations sur la mani\u00e8re dont les visiteurs utilisent notre site Web afin que nous puissions prendre des d\u00e9cisions \u00e9clair\u00e9es concernant les am\u00e9liorations du site et bien comprendre le type de contenu que nos visiteurs aiment lire.<\/p>\n<p>Un cookie est un petit fichier texte qui est plac\u00e9 sur votre appareil (par exemple ordinateur, smartphone ou autre appareil \u00e9lectronique) lorsque vous utilisez notre site Internet. Ils n&rsquo;affectent pas votre appareil, mais sont largement utilis\u00e9s pour faire fonctionner les sites Web ou pour les rendre plus efficaces, ainsi que pour fournir des informations aux propri\u00e9taires du site.<\/p>\n<p>Par exemple, nous pouvons surveiller le nombre de fois que vous visitez le site Web, les pages consult\u00e9es, les donn\u00e9es de trafic, les donn\u00e9es de localisation et le nom de domaine d&rsquo;origine de votre fournisseur de services Internet. Ces informations nous aident \u00e0 cr\u00e9er un profil de nos utilisateurs et \u00e0 personnaliser notre site Web pour offrir un meilleur service et une meilleure exp\u00e9rience. Certaines de ces donn\u00e9es seront agr\u00e9g\u00e9es ou statistiques, ce qui signifie que nous ne pourrons pas vous identifier individuellement.<\/p>\n<p>Pour plus d\u2019informations sur notre utilisation des cookies, y compris une liste d\u00e9taill\u00e9e de vos informations que nous et d\u2019autres pouvons collecter via les cookies, veuillez consulter \u2018<span style=\"text-decoration: underline;\"><a href=\"#use\">\u00ab\u00a0Notre utilisation des cookies\u00a0\u00bb<\/a><\/span>\u00a0ci-dessous.<\/p>\n<p>Pour plus d\u2019informations sur les cookies en g\u00e9n\u00e9ral, y compris sur la mani\u00e8re de les contr\u00f4ler et de les g\u00e9rer, consultez les <a href=\"http:\/\/ico.org.uk\/for-the-public\/online\/cookies\/\">conseils sur les cookies publi\u00e9s<\/a> par le Bureau du commissaire \u00e0 l\u2019information du Royaume-Uni ou sur <a href=\"http:\/\/www.aboutcookies.org\">www.aboutcookies.org<\/a>.<\/p>\n<h4>CONSENTEMENT A L\u2019UTILISATION DES COOKIES ET GESTION DU CONSENTEMENT<\/h4>\n<p>Nous vous demanderons votre consentement pour placer des cookies ou d&rsquo;autres technologies similaires sur votre appareil, sauf lorsqu&rsquo;ils sont essentiels pour nous permettre de vous fournir un service que vous avez demand\u00e9 ou essentiels au fonctionnement du site Web.<\/p>\n<p>Vous pouvez retirer tout consentement \u00e0 l&rsquo;utilisation de cookies ou g\u00e9rer toute autre pr\u00e9f\u00e9rence en mati\u00e8re de cookies via notre gestionnaire de pr\u00e9f\u00e9rences en mati\u00e8re de cookies. Il peut \u00eatre n\u00e9cessaire d&rsquo;actualiser la page pour que les param\u00e8tres mis \u00e0 jour prennent effet.<\/p>\n<p><button id=\"ot-sdk-btn\" class=\"ot-sdk-show-settings\">Cookie\u00a0Settings<\/button><br \/>\n<!-- OneTrust Cookies Settings button end --><br \/>\n<span id=\"use\"><\/span><\/p>\n<h4>NOTRE UTILISATION DES COOKIES<\/h4>\n<p>Nous classons et utilisons les cookies de la mani\u00e8re suivante\u00a0:<\/p>\n<ul>\n<li><strong>Strictement n\u00e9cessaire\/Essentiel <\/strong>: ces cookies sont indispensables pour vous permettre de naviguer sur notre site Internet et d&rsquo;utiliser ses fonctionnalit\u00e9s. Les informations collect\u00e9es concernent le fonctionnement du site Web (par exemple, le langage de script du site Web et les jetons de s\u00e9curit\u00e9) et sont n\u00e9cessaires au bon fonctionnement du site Web. Ils nous sont \u00e9galement n\u00e9cessaires pour assurer la s\u00e9curit\u00e9 de notre site Web.<\/li>\n<li><strong>Fonctionnel<\/strong> : ces cookies m\u00e9morisent les choix que vous avez effectu\u00e9s. Cela peut inclure, par exemple, le pays \u00e0 partir duquel vous visitez notre site Web, votre pr\u00e9f\u00e9rence linguistique et toute modification que vous avez apport\u00e9e \u00e0 la taille du texte et \u00e0 d&rsquo;autres parties des pages Web que vous pouvez personnaliser pour am\u00e9liorer votre exp\u00e9rience utilisateur. Ces cookies rendent vos visites sur notre site Web plus personnalis\u00e9es et plus pertinentes pour vous.<\/li>\n<li><strong>Performance\/analyse<\/strong> : ces cookies collectent des informations sur la mani\u00e8re dont nos visiteurs utilisent notre site Web. Ces informations incluent, par exemple, les pages que vous visitez le plus souvent, si vous recevez des messages d&rsquo;erreur et comment vous \u00eates arriv\u00e9 sur notre site Web (par exemple via un moteur de recherche ou une plateforme de m\u00e9dias sociaux). Les informations collect\u00e9es par ces cookies sont utilis\u00e9es uniquement pour am\u00e9liorer votre utilisation de notre site Web. Ces cookies sont parfois plac\u00e9s par des fournisseurs tiers de services d&rsquo;analyse et de trafic Web, tels que Google Analytics. Pour plus d&rsquo;informations sur la mani\u00e8re dont Google traite et collecte vos informations et sur la mani\u00e8re dont vous pouvez vous d\u00e9sinscrire, voir <a href=\"#thirdparty\"><strong>\u00ab\u00a0Cookies tiers\u00a0\u00bb<\/strong><\/a> ci-dessous.<\/li>\n<li><strong>Cookies de ciblage<\/strong>\u00a0: ces cookies peuvent \u00eatre d\u00e9finis via notre site par nos partenaires publicitaires. Ils peuvent \u00eatre utilis\u00e9s par ces soci\u00e9t\u00e9s pour \u00e9tablir un profil de vos int\u00e9r\u00eats et vous montrer des publicit\u00e9s pertinentes sur d&rsquo;autres sites. Ils ne stockent pas directement d&rsquo;informations personnelles, mais sont bas\u00e9s sur une identification unique de votre navigateur et de votre appareil Internet. Si vous n&rsquo;autorisez pas ces cookies, vous recevrez des publicit\u00e9s moins cibl\u00e9es.<\/li>\n<\/ul>\n<p>Le tableau ci-dessous fournit plus d&rsquo;informations sur les cookies que nous utilisons et pourquoi\u00a0:<\/p>\n<p><!-- OneTrust Cookies List start --><\/p>\n<div id=\"ot-sdk-cookie-policy\"><\/div>\n<p><!-- OneTrust Cookies List end --><\/p>\n<p>&nbsp;<\/p>\n<p>&nbsp;<\/p>\n<p>Notre site Web utilise des cookies plac\u00e9s par Google via notre utilisation de Google Analytics.<\/p>\n<p>Google place des cookies sur notre site Web pour nous aider \u00e0 rendre compte des interactions des visiteurs avec notre site Web.<\/p>\n<p>Les cookies de Google Analytics collectent \u00e9galement votre adresse de protocole Internet (IP) pour fournir et prot\u00e9ger la s\u00e9curit\u00e9 du service, et pour nous donner une id\u00e9e du pays, de l&rsquo;\u00e9tat ou de la ville dans le monde d&rsquo;o\u00f9 viennent nos utilisateurs du site Web (\u00e9galement appel\u00e9s \u00ab G\u00e9olocalisation IP \u00bb).<\/p>\n<p>Vous pouvez vous d\u00e9sinscrire de Google Analytics \u00e0 tout moment en visitant <a href=\"https:\/\/tools.google.com\/dlpage\/gaoptout\">https:\/\/tools.google.com\/dlpage\/gaoptout<\/a>.<\/p>\n<h4>COMMENT DESACTIVER LES COOKIES<\/h4>\n<p>Si vous ne souhaitez accepter aucun cookie, vous pourrez peut-\u00eatre modifier les param\u00e8tres de votre navigateur afin que les cookies (y compris ceux qui sont essentiels aux services demand\u00e9s) ne soient pas accept\u00e9s. Si vous proc\u00e9dez ainsi, sachez que vous risquez de perdre certaines fonctionnalit\u00e9s de notre site Web.<\/p>\n<p>Pour plus d&rsquo;informations sur les cookies et sur la mani\u00e8re de les d\u00e9sactiver, veuillez consulter<a href=\"http:\/\/ico.org.uk\/for-the-public\/online\/cookies\/\"> les instructions sur les cookies<\/a> publi\u00e9es par le Bureau du commissaire \u00e0 l&rsquo;information du Royaume-Uni ou sur <a href=\"http:\/\/www.aboutcookies.org\/\">www.aboutcookies.org<\/a>.<\/p>\n<p><strong>D\u00e9sinscription mobile\u00a0:<\/strong> si vous acc\u00e9dez \u00e0 notre site Web via des appareils mobiles, vous pouvez activer une fonction \u00ab\u00a0Ne pas suivre\u00a0\u00bb afin de contr\u00f4ler la publicit\u00e9 bas\u00e9e sur les centres d&rsquo;int\u00e9r\u00eat sur un appareil mobile iOS ou Android en s\u00e9lectionnant l&rsquo;option \u00ab\u00a0Limiter l&rsquo;ajout de suivi\u00a0\u00bb (Limit Ad Tracking) dans le champ section de confidentialit\u00e9 de vos param\u00e8tres sur iOS ou via les pr\u00e9f\u00e9rences publicitaires sur les appareils Android (par exemple dans les param\u00e8tres Google). Cela n&#8217;emp\u00eachera pas l&rsquo;affichage de publicit\u00e9s mais signifiera qu&rsquo;elles ne seront plus personnalis\u00e9es selon vos centres d&rsquo;int\u00e9r\u00eat.<\/p>\n<h4>MODIFICATIONS DE CETTE POLITIQUE EN MATI\u00c8RE DE COOKIES<\/h4>\n<p>Nous pouvons modifier cette politique en mati\u00e8re de cookies de temps \u00e0 autre. Lorsque nous apportons des modifications importantes, nous prendrons des mesures pour vous en informer, par exemple en incluant un lien visible vers une description de ces modifications sur notre site Web pendant une p\u00e9riode raisonnable ou par d&rsquo;autres moyens, tels qu&rsquo;un courrier \u00e9lectronique.<\/p>\n<h4>COMMENT NOUS CONTACTER<\/h4>\n<p>Nos coordonn\u00e9es sont indiqu\u00e9es ci-dessous :<\/p>\n<p><strong>Adresse postale :<\/strong><\/p>\n<p>Data Protection<br \/>\nBOOM BATTLE BAR Oxford Street<br \/>\nGround Floor and Basement level<br \/>\n70-88 Oxford Street<br \/>\nLondon<br \/>\nW1D 1BS<\/p>\n<p>Attn. Cookies<\/p>\n<p><strong>Email:<\/strong> <a href=\"mailto:dataprotection@escapehunt.com\">dataprotection@escapehunt.com<\/a><\/p>\n<p><strong>T\u00e9l\u00e9phone:<\/strong>\u00a0<a href=\"tel:+44 207 846 3322\">+44 207 846 3322<\/a><\/p>\n","protected":false},"excerpt":{"rendered":"<p>Veuillez lire attentivement cette politique en mati\u00e8re de cookies car elle contient des informations importantes sur qui nous sommes et comment nous utilisons les cookies sur notre site Web. Cette&hellip;<\/p>\n","protected":false},"author":62,"featured_media":0,"parent":0,"menu_order":0,"comment_status":"closed","ping_status":"closed","template":"","meta":{"_acf_changed":false,"footnotes":""},"class_list":["post-26525","page","type-page","status-publish","hentry"],"acf":{"custom_schema_json":""},"yoast_head":"<!-- This site is optimized with the Yoast SEO plugin v27.3 - https:\/\/yoast.com\/product\/yoast-seo-wordpress\/ -->\n<title>Politique de cookies - France<\/title>\n<meta name=\"robots\" content=\"noindex, follow, max-snippet:-1, max-image-preview:large, max-video-preview:-1\" \/>\n<meta property=\"og:locale\" content=\"fr_FR\" \/>\n<meta property=\"og:type\" content=\"article\" \/>\n<meta property=\"og:title\" content=\"Politique de cookies - France\" \/>\n<meta property=\"og:description\" content=\"Veuillez lire attentivement cette politique en mati\u00e8re de cookies car elle contient des informations importantes sur qui nous sommes et comment nous utilisons les cookies sur notre site Web. Cette&hellip;\" \/>\n<meta property=\"og:url\" content=\"https:\/\/escapehunt.com\/fr\/politique-de-cookies\/\" \/>\n<meta property=\"og:site_name\" content=\"France\" \/>\n<meta name=\"twitter:card\" content=\"summary_large_image\" \/>\n<script type=\"application\/ld+json\" class=\"yoast-schema-graph\">{\"@context\":\"https:\\\/\\\/schema.org\",\"@graph\":[{\"@type\":\"WebPage\",\"@id\":\"https:\\\/\\\/escapehunt.com\\\/fr\\\/politique-de-cookies\\\/\",\"url\":\"https:\\\/\\\/escapehunt.com\\\/fr\\\/politique-de-cookies\\\/\",\"name\":\"Politique de cookies - France\",\"isPartOf\":{\"@id\":\"https:\\\/\\\/escapehunt.com\\\/fr\\\/#website\"},\"datePublished\":\"2024-03-12T14:10:15+00:00\",\"breadcrumb\":{\"@id\":\"https:\\\/\\\/escapehunt.com\\\/fr\\\/politique-de-cookies\\\/#breadcrumb\"},\"inLanguage\":\"fr-FR\",\"potentialAction\":[{\"@type\":\"ReadAction\",\"target\":[\"https:\\\/\\\/escapehunt.com\\\/fr\\\/politique-de-cookies\\\/\"]}]},{\"@type\":\"BreadcrumbList\",\"@id\":\"https:\\\/\\\/escapehunt.com\\\/fr\\\/politique-de-cookies\\\/#breadcrumb\",\"itemListElement\":[{\"@type\":\"ListItem\",\"position\":1,\"name\":\"Home\",\"item\":\"https:\\\/\\\/escapehunt.com\\\/fr\\\/\"},{\"@type\":\"ListItem\",\"position\":2,\"name\":\"Politique de cookies\"}]},{\"@type\":\"WebSite\",\"@id\":\"https:\\\/\\\/escapehunt.com\\\/fr\\\/#website\",\"url\":\"https:\\\/\\\/escapehunt.com\\\/fr\\\/\",\"name\":\"France\",\"description\":\"\",\"potentialAction\":[{\"@type\":\"SearchAction\",\"target\":{\"@type\":\"EntryPoint\",\"urlTemplate\":\"https:\\\/\\\/escapehunt.com\\\/fr\\\/?s={search_term_string}\"},\"query-input\":{\"@type\":\"PropertyValueSpecification\",\"valueRequired\":true,\"valueName\":\"search_term_string\"}}],\"inLanguage\":\"fr-FR\"}]}<\/script>\n<!-- \/ Yoast SEO plugin. -->","yoast_head_json":{"title":"Politique de cookies - France","robots":{"index":"noindex","follow":"follow","max-snippet":"max-snippet:-1","max-image-preview":"max-image-preview:large","max-video-preview":"max-video-preview:-1"},"og_locale":"fr_FR","og_type":"article","og_title":"Politique de cookies - France","og_description":"Veuillez lire attentivement cette politique en mati\u00e8re de cookies car elle contient des informations importantes sur qui nous sommes et comment nous utilisons les cookies sur notre site Web. Cette&hellip;","og_url":"https:\/\/escapehunt.com\/fr\/politique-de-cookies\/","og_site_name":"France","twitter_card":"summary_large_image","schema":{"@context":"https:\/\/schema.org","@graph":[{"@type":"WebPage","@id":"https:\/\/escapehunt.com\/fr\/politique-de-cookies\/","url":"https:\/\/escapehunt.com\/fr\/politique-de-cookies\/","name":"Politique de cookies - France","isPartOf":{"@id":"https:\/\/escapehunt.com\/fr\/#website"},"datePublished":"2024-03-12T14:10:15+00:00","breadcrumb":{"@id":"https:\/\/escapehunt.com\/fr\/politique-de-cookies\/#breadcrumb"},"inLanguage":"fr-FR","potentialAction":[{"@type":"ReadAction","target":["https:\/\/escapehunt.com\/fr\/politique-de-cookies\/"]}]},{"@type":"BreadcrumbList","@id":"https:\/\/escapehunt.com\/fr\/politique-de-cookies\/#breadcrumb","itemListElement":[{"@type":"ListItem","position":1,"name":"Home","item":"https:\/\/escapehunt.com\/fr\/"},{"@type":"ListItem","position":2,"name":"Politique de cookies"}]},{"@type":"WebSite","@id":"https:\/\/escapehunt.com\/fr\/#website","url":"https:\/\/escapehunt.com\/fr\/","name":"France","description":"","potentialAction":[{"@type":"SearchAction","target":{"@type":"EntryPoint","urlTemplate":"https:\/\/escapehunt.com\/fr\/?s={search_term_string}"},"query-input":{"@type":"PropertyValueSpecification","valueRequired":true,"valueName":"search_term_string"}}],"inLanguage":"fr-FR"}]}},"custom_schema_json":"","_links":{"self":[{"href":"https:\/\/staging3.escapehunt.com\/fr\/wp-json\/wp\/v2\/pages\/26525","targetHints":{"allow":["GET"]}}],"collection":[{"href":"https:\/\/staging3.escapehunt.com\/fr\/wp-json\/wp\/v2\/pages"}],"about":[{"href":"https:\/\/staging3.escapehunt.com\/fr\/wp-json\/wp\/v2\/types\/page"}],"author":[{"embeddable":true,"href":"https:\/\/staging3.escapehunt.com\/fr\/wp-json\/wp\/v2\/users\/62"}],"replies":[{"embeddable":true,"href":"https:\/\/staging3.escapehunt.com\/fr\/wp-json\/wp\/v2\/comments?post=26525"}],"version-history":[{"count":0,"href":"https:\/\/staging3.escapehunt.com\/fr\/wp-json\/wp\/v2\/pages\/26525\/revisions"}],"wp:attachment":[{"href":"https:\/\/staging3.escapehunt.com\/fr\/wp-json\/wp\/v2\/media?parent=26525"}],"curies":[{"name":"wp","href":"https:\/\/api.w.org\/{rel}","templated":true}]}}