{"id":487,"date":"2020-05-03T13:03:55","date_gmt":"2020-05-03T11:03:55","guid":{"rendered":"https:\/\/staging3.escapehunt.com\/fr\/?page_id=487"},"modified":"2023-10-10T15:03:17","modified_gmt":"2023-10-10T13:03:17","slug":"lescape-game-chez-vous","status":"publish","type":"page","link":"https:\/\/staging3.escapehunt.com\/fr\/lescape-game-chez-vous\/","title":{"rendered":"L&rsquo;Escape Game <br> Chez Vous"},"content":{"rendered":"<p style=\"text-align: center;\"><strong>D\u00e9couvrez nos escape games \u00e0 jouer \u00e0 la maison depuis votre salon, seul ou \u00e0 plusieurs.\u00a0T\u00e9l\u00e9chargez votre pack, imprimez, d\u00e9coupez &#8230; jouez !\u00a0<\/strong><\/p>\n","protected":false},"excerpt":{"rendered":"<p>D\u00e9couvrez nos escape games \u00e0 jouer \u00e0 la maison depuis votre salon, seul ou \u00e0 plusieurs.\u00a0T\u00e9l\u00e9chargez votre pack, imprimez, d\u00e9coupez &#8230; jouez !\u00a0<\/p>\n","protected":false},"author":62,"featured_media":0,"parent":0,"menu_order":0,"comment_status":"closed","ping_status":"closed","template":"views\/kids-package.php","meta":{"_acf_changed":false,"footnotes":""},"class_list":["post-487","page","type-page","status-publish","hentry"],"acf":{"custom_schema_json":""},"yoast_head":"<!-- This site is optimized with the Yoast SEO plugin v27.3 - https:\/\/yoast.com\/product\/yoast-seo-wordpress\/ -->\n<title>L&#039;Escape Game  Chez Vous - France<\/title>\n<meta name=\"robots\" content=\"noindex, follow, max-snippet:-1, max-image-preview:large, max-video-preview:-1\" \/>\n<meta property=\"og:locale\" content=\"fr_FR\" \/>\n<meta property=\"og:type\" content=\"article\" \/>\n<meta property=\"og:title\" content=\"L&#039;Escape Game  Chez Vous - France\" \/>\n<meta property=\"og:description\" content=\"D\u00e9couvrez nos escape games \u00e0 jouer \u00e0 la maison depuis votre salon, seul ou \u00e0 plusieurs.\u00a0T\u00e9l\u00e9chargez votre pack, imprimez, d\u00e9coupez &#8230; jouez !\u00a0\" \/>\n<meta property=\"og:url\" content=\"https:\/\/escapehunt.com\/fr\/lescape-game-chez-vous\/\" \/>\n<meta property=\"og:site_name\" content=\"France\" \/>\n<meta property=\"article:modified_time\" content=\"2023-10-10T13:03:17+00:00\" \/>\n<meta name=\"twitter:card\" content=\"summary_large_image\" \/>\n<meta name=\"twitter:label1\" content=\"Dur\u00e9e de lecture estim\u00e9e\" \/>\n\t<meta name=\"twitter:data1\" content=\"1 minute\" \/>\n<script type=\"application\/ld+json\" class=\"yoast-schema-graph\">{\"@context\":\"https:\\\/\\\/schema.org\",\"@graph\":[{\"@type\":\"WebPage\",\"@id\":\"https:\\\/\\\/escapehunt.com\\\/fr\\\/lescape-game-chez-vous\\\/\",\"url\":\"https:\\\/\\\/escapehunt.com\\\/fr\\\/lescape-game-chez-vous\\\/\",\"name\":\"L'Escape Game Chez Vous - France\",\"isPartOf\":{\"@id\":\"https:\\\/\\\/escapehunt.com\\\/fr\\\/#website\"},\"datePublished\":\"2020-05-03T11:03:55+00:00\",\"dateModified\":\"2023-10-10T13:03:17+00:00\",\"breadcrumb\":{\"@id\":\"https:\\\/\\\/escapehunt.com\\\/fr\\\/lescape-game-chez-vous\\\/#breadcrumb\"},\"inLanguage\":\"fr-FR\",\"potentialAction\":[{\"@type\":\"ReadAction\",\"target\":[\"https:\\\/\\\/escapehunt.com\\\/fr\\\/lescape-game-chez-vous\\\/\"]}]},{\"@type\":\"BreadcrumbList\",\"@id\":\"https:\\\/\\\/escapehunt.com\\\/fr\\\/lescape-game-chez-vous\\\/#breadcrumb\",\"itemListElement\":[{\"@type\":\"ListItem\",\"position\":1,\"name\":\"Home\",\"item\":\"https:\\\/\\\/escapehunt.com\\\/fr\\\/\"},{\"@type\":\"ListItem\",\"position\":2,\"name\":\"L&rsquo;Escape Game Chez Vous\"}]},{\"@type\":\"WebSite\",\"@id\":\"https:\\\/\\\/escapehunt.com\\\/fr\\\/#website\",\"url\":\"https:\\\/\\\/escapehunt.com\\\/fr\\\/\",\"name\":\"France\",\"description\":\"\",\"potentialAction\":[{\"@type\":\"SearchAction\",\"target\":{\"@type\":\"EntryPoint\",\"urlTemplate\":\"https:\\\/\\\/escapehunt.com\\\/fr\\\/?s={search_term_string}\"},\"query-input\":{\"@type\":\"PropertyValueSpecification\",\"valueRequired\":true,\"valueName\":\"search_term_string\"}}],\"inLanguage\":\"fr-FR\"}]}<\/script>\n<!-- \/ Yoast SEO plugin. -->","yoast_head_json":{"title":"L'Escape Game  Chez Vous - France","robots":{"index":"noindex","follow":"follow","max-snippet":"max-snippet:-1","max-image-preview":"max-image-preview:large","max-video-preview":"max-video-preview:-1"},"og_locale":"fr_FR","og_type":"article","og_title":"L'Escape Game  Chez Vous - France","og_description":"D\u00e9couvrez nos escape games \u00e0 jouer \u00e0 la maison depuis votre salon, seul ou \u00e0 plusieurs.\u00a0T\u00e9l\u00e9chargez votre pack, imprimez, d\u00e9coupez &#8230; jouez !\u00a0","og_url":"https:\/\/escapehunt.com\/fr\/lescape-game-chez-vous\/","og_site_name":"France","article_modified_time":"2023-10-10T13:03:17+00:00","twitter_card":"summary_large_image","twitter_misc":{"Dur\u00e9e de lecture estim\u00e9e":"1 minute"},"schema":{"@context":"https:\/\/schema.org","@graph":[{"@type":"WebPage","@id":"https:\/\/escapehunt.com\/fr\/lescape-game-chez-vous\/","url":"https:\/\/escapehunt.com\/fr\/lescape-game-chez-vous\/","name":"L'Escape Game Chez Vous - France","isPartOf":{"@id":"https:\/\/escapehunt.com\/fr\/#website"},"datePublished":"2020-05-03T11:03:55+00:00","dateModified":"2023-10-10T13:03:17+00:00","breadcrumb":{"@id":"https:\/\/escapehunt.com\/fr\/lescape-game-chez-vous\/#breadcrumb"},"inLanguage":"fr-FR","potentialAction":[{"@type":"ReadAction","target":["https:\/\/escapehunt.com\/fr\/lescape-game-chez-vous\/"]}]},{"@type":"BreadcrumbList","@id":"https:\/\/escapehunt.com\/fr\/lescape-game-chez-vous\/#breadcrumb","itemListElement":[{"@type":"ListItem","position":1,"name":"Home","item":"https:\/\/escapehunt.com\/fr\/"},{"@type":"ListItem","position":2,"name":"L&rsquo;Escape Game Chez Vous"}]},{"@type":"WebSite","@id":"https:\/\/escapehunt.com\/fr\/#website","url":"https:\/\/escapehunt.com\/fr\/","name":"France","description":"","potentialAction":[{"@type":"SearchAction","target":{"@type":"EntryPoint","urlTemplate":"https:\/\/escapehunt.com\/fr\/?s={search_term_string}"},"query-input":{"@type":"PropertyValueSpecification","valueRequired":true,"valueName":"search_term_string"}}],"inLanguage":"fr-FR"}]}},"custom_schema_json":"","_links":{"self":[{"href":"https:\/\/staging3.escapehunt.com\/fr\/wp-json\/wp\/v2\/pages\/487","targetHints":{"allow":["GET"]}}],"collection":[{"href":"https:\/\/staging3.escapehunt.com\/fr\/wp-json\/wp\/v2\/pages"}],"about":[{"href":"https:\/\/staging3.escapehunt.com\/fr\/wp-json\/wp\/v2\/types\/page"}],"author":[{"embeddable":true,"href":"https:\/\/staging3.escapehunt.com\/fr\/wp-json\/wp\/v2\/users\/62"}],"replies":[{"embeddable":true,"href":"https:\/\/staging3.escapehunt.com\/fr\/wp-json\/wp\/v2\/comments?post=487"}],"version-history":[{"count":0,"href":"https:\/\/staging3.escapehunt.com\/fr\/wp-json\/wp\/v2\/pages\/487\/revisions"}],"wp:attachment":[{"href":"https:\/\/staging3.escapehunt.com\/fr\/wp-json\/wp\/v2\/media?parent=487"}],"curies":[{"name":"wp","href":"https:\/\/api.w.org\/{rel}","templated":true}]}}