{"id":563,"date":"2020-05-13T10:25:51","date_gmt":"2020-05-13T08:25:51","guid":{"rendered":"https:\/\/staging3.escapehunt.com\/fr\/?page_id=563"},"modified":"2023-03-24T16:22:02","modified_gmt":"2023-03-24T15:22:02","slug":"blog","status":"publish","type":"page","link":"https:\/\/staging3.escapehunt.com\/fr\/blog\/","title":{"rendered":"Blog"},"content":{"rendered":"<h3>NOS ACTUALIT\u00c9S, OFFRES ET PROMOTIONS !<\/h3>\n<div class=\"wpb_text_column wpb_content_element \">\n<div class=\"wpb_wrapper\">\n<p>C\u2019est ici que vous pourrez retrouver diff\u00e9rents posts sur l\u2019actualit\u00e9 d&rsquo;Escape Hunt France.<\/p>\n<p>Bonne lecture !<\/p>\n<\/div>\n<hr \/>\n<\/div>\n<p>&nbsp;<\/p>\n<h4><a href=\"https:\/\/staging3.escapehunt.com\/fr\/2023\/03\/24\/chasse-aux-tresor-paques-2023\/\"><span style=\"color: #e1622c;\">COMMENT ORGANISER UNE CHASSE AU TR\u00c9SOR POUR P\u00c2QUES AVEC LE TR\u00c9SOR DU CAPITAINE RUBY<\/span><\/a><\/h4>\n<p>P\u00e2ques approche \u00e0 grands pas et vous \u00eates \u00e0 la recherche d\u2019une activit\u00e9 ludique et gourmande pour vos enfants ? Ne cherchez plus, nous avons la solution ! <\/p>\n<p><a class=\" button button--primary\" href=\"https:\/\/staging3.escapehunt.com\/fr\/2023\/03\/24\/chasse-aux-tresor-paques-2023\/\">Lire l&rsquo;article\u00a0<\/a><\/p>\n<p>&nbsp;<\/p>\n<h4><a href=\"https:\/\/staging3.escapehunt.com\/fr\/2023\/01\/19\/saint-valentin-idee-cadeau-originale\/\"><span style=\"color: #e1622c;\">UNE SAINT VALENTIN M\u00c9MORABLE : POURQUOI UN ESCAPE GAME EST-IL LE CADEAU ID\u00c9AL ?<\/span><\/a><\/h4>\n<p>Vous \u00eates \u00e0 la recherche d\u2019un cadeau unique et m\u00e9morable pour votre +1 ? L\u2019Escape Game est le cadeau id\u00e9al pour tous ceux qui recherchent une exp\u00e9rience originale et interactive pour la Saint Valentin.<\/p>\n<p><a class=\" button button--primary\" href=\"https:\/\/staging3.escapehunt.com\/fr\/2023\/01\/19\/saint-valentin-idee-cadeau-originale\/\">Lire l&rsquo;article\u00a0<\/a><\/p>\n<p>&nbsp;<\/p>\n<h4><a href=\"https:\/\/staging3.escapehunt.com\/fr\/2020\/10\/29\/calendrier-de-lavent-escape-game\/\"><span  style=\"color: #e1622c;\">ESCAPE HUNT RELANCE SON CALENDRIER DE L&rsquo;AVENT ESCAPE GAME<\/span><\/a><\/h4>\n<p>Pour les f\u00eates de No\u00ebl, Escape Hunt propose une exp\u00e9rience originale pour tous les gourmands et curieux en qu\u00eate de d\u00e9fis.<\/p>\n<p><a class=\" button button--primary\" href=\"https:\/\/staging3.escapehunt.com\/fr\/2020\/10\/29\/calendrier-de-lavent-escape-game\/\">Lire l&rsquo;article\u00a0<\/a><\/p>\n<p>&nbsp;<\/p>\n<h4><a href=\"https:\/\/staging3.escapehunt.com\/fr\/2022\/04\/11\/idees-pour-feter-paques-en-famille\/\"><span style=\"color: #e1622c;\">Id\u00e9es pour f\u00eater P\u00e2ques en famille<\/a><\/h4>\n<p>Vous \u00eates \u00e0 la recherche d\u2019une sortie le week-end de P\u00e2ques ? Escape Hunt vous propose deux id\u00e9es originales pour changer de la traditionnelle chasse aux \u0153ufs.<\/p>\n<p><a class=\" button button--primary\" href=\"https:\/\/staging3.escapehunt.com\/fr\/2022\/04\/11\/idees-pour-feter-paques-en-famille\/\">Lire l&rsquo;article\u00a0<\/a><\/p>\n<p>&nbsp;<\/p>\n<h4><a href=\"https:\/\/staging3.escapehunt.com\/fr\/2022\/03\/14\/teambuilding-renforcez-vos-liens-grace-a-lescape-game\/\"><span style=\"color: #e1622c;\">Teambuilding : renforcez vos liens gr\u00e2ce \u00e0 l\u2019escape game\u00a0<\/span><\/a><\/h4>\n<p>Avez-vous d\u00e9j\u00e0 particip\u00e9 \u00e0 un teambuilding d&rsquo;entreprise ? Escape Hunt vous parle aujourd&rsquo;hui un peu plus de cette pratique.<\/p>\n<p><a class=\" button button--primary\" href=\"https:\/\/staging3.escapehunt.com\/fr\/2022\/03\/14\/teambuilding-renforcez-vos-liens-grace-a-lescape-game\/\">Lire l&rsquo;article\u00a0<\/a><\/p>\n<p>&nbsp;<\/p>\n<h4><a href=\"https:\/\/staging3.escapehunt.com\/fr\/2021\/12\/10\/top-5-meilleures-idees-cadeaux-noel-2021\/\"><span style=\"color: #e1622c;\">[TOP 5] MEILLEURES ID\u00c9ES CADEAUX POUR NO\u00cbL <\/span><\/a><\/h4>\n<p>En panne d\u2019inspiration pour trouver une id\u00e9e de cadeau de No\u00ebl qui fera plaisir \u00e0 coup s\u00fbr ? Escape Hunt est l\u00e0 pour vous aider !<\/p>\n<p><a class=\" button button--primary\" href=\"https:\/\/staging3.escapehunt.com\/fr\/2021\/12\/10\/top-5-meilleures-idees-cadeaux-noel-2021\/\">Lire l&rsquo;article\u00a0<\/a><\/p>\n<p>&nbsp;<\/p>\n<h4><a href=\"https:\/\/staging3.escapehunt.com\/fr\/2021\/09\/15\/pass-culture-escape-hunt\/\"><span style=\"color: #e1622c;\">PASS CULTURE ET ESCAPE HUNT\u00a0<\/span><\/a><\/h4>\n<p>Vous avez 18 ans et vous voulez profiter d&rsquo;activit\u00e9s culturelle gratuitement ? D\u00e9couvrez le Pass Culture dont nous sommes partenaire !<\/p>\n<p><a class=\" button button--primary\" href=\"https:\/\/staging3.escapehunt.com\/fr\/2021\/09\/15\/pass-culture-escape-hunt\/\">Lire l&rsquo;article\u00a0<\/a><\/p>\n<p>&nbsp;<\/p>\n<h4><a href=\"https:\/\/staging3.escapehunt.com\/fr\/2021\/04\/23\/chasse-au-tresor-le-tresor-du-capitaine-ruby\/\"><span style=\"color: #e1622c;\">CHASSE AU TR\u00c9SOR : LE TR\u00c9SOR DU CAPITAINE RUBY<\/span><\/a><\/h4>\n<p>D\u00e9couvrez le tr\u00e9sor du capitaine Ruby et partez en route vers une chasse au tr\u00e9sor inoubliable pour retrouver le tr\u00e9sor du Capitaine Ruby.<\/p>\n<p><a class=\" button button--primary\" href=\"https:\/\/staging3.escapehunt.com\/fr\/2021\/04\/23\/chasse-au-tresor-le-tresor-du-capitaine-ruby\/\">Lire l&rsquo;article\u00a0<\/a><\/p>\n<p>&nbsp;<\/p>\n<h4><a href=\"https:\/\/staging3.escapehunt.com\/fr\/2021\/01\/15\/top-5-escape-game-a-faire-a-la-maison\/\"><span style=\"color: #e1622c;\">[TOP 5] ESCAPE GAME \u00c0 FAIRE \u00c0 LA MAISON<\/span><\/a><\/h4>\n<p>En recherche d&rsquo;activit\u00e9 \u00e0 faire chez soi ? Vous trouverez votre bonheur dans ce top des escape game \u00e0 faire \u00e0 la maison !.<\/p>\n<p><a class=\" button button--primary\" href=\"https:\/\/staging3.escapehunt.com\/fr\/2021\/01\/15\/top-5-escape-game-a-faire-a-la-maison\/\">Lire l&rsquo;article\u00a0<\/a><\/p>\n<p>&nbsp;<\/p>\n<h4><a href=\"https:\/\/staging3.escapehunt.com\/fr\/2020\/10\/09\/12-idees-descape-games-pour-halloween\/\"><span style=\"color: #e1622c;\">12 IDEES D&rsquo;ESCAPE GAMES POUR HALLOWEEN<\/span><\/a><\/h4>\n<p>\u00c7a y est, Halloween approche \u00e0 grands pas ! Pour f\u00eater \u00e7a, nous vous proposons de d\u00e9couvrir la liste de nos salles \u00e0 faire pour Halloween, dans toute la France.<\/p>\n<p><a class=\" button button--primary\" href=\"https:\/\/staging3.escapehunt.com\/fr\/2020\/10\/09\/12-idees-descape-games-pour-halloween\/\">Lire l&rsquo;article\u00a0<\/a><\/p>\n<p>&nbsp;<\/p>\n<h4><span style=\"color: #e1622c;\"><a style=\"color: #e1622c;\" href=\"https:\/\/staging3.escapehunt.com\/fr\/2020\/06\/06\/8-huis-clos-a-lire-ou-regarder\/\" target=\"_blank\" rel=\"noopener noreferrer\">8 IDEES DE HUIS-CLOS<\/a><\/span><\/h4>\n<p>Notre derni\u00e8re enqu\u00eate <a href=\"https:\/\/staging3.escapehunt.com\/fr\/lescape-game-chez-vous\/\">Le Manoir Blackwood<\/a> est un huis-clos dans la plus pure tradition du genre ! D\u00e9couvrez ci dessous notre liste compl\u00e8tement subjective des meilleurs livres et films de huis-clos.\u00a0<strong>Garanti sans spoilers \ud83d\ude42\u00a0<\/strong><\/p>\n<p><a class=\" button button--primary\" href=\"https:\/\/staging3.escapehunt.com\/fr\/2020\/06\/06\/8-huis-clos-a-lire-ou-regarder\/\" target=\"_blank\" rel=\"noopener noreferrer\">Lire l&rsquo;article<\/a><\/p>\n<p>&nbsp;<\/p>\n<h4><span style=\"color: #e1622c;\"><a style=\"color: #e1622c;\" href=\"https:\/\/staging3.escapehunt.com\/fr\/2020\/07\/02\/escape-game-6-8-joueurs\/\" target=\"_blank\" rel=\"noopener noreferrer\">ESCAPE GAME 6-8 JOUEURS<\/a><\/span><\/h4>\n<p>Depuis nos premiers tours de cl\u00e9 en 2015 l\u2019escape game.\u00a0Beaucoup d\u2019entre vous manifestaient le d\u00e9sir de plus larges espaces de jeu et d\u2019aventures \u00e0 vivre en plus larges groupes. Plusieurs de nos \u00e9tablissement ont fait le pari \u2013 avec succ\u00e8s \u2013 d\u2019aventures plus collaboratives de 6 \u00e0 8 joueurs o\u00f9 chaque \u00e9quipier participe activement. D\u00e9couvrez nos escape games pour 6 \u2013 8 joueurs \u00e0 Bordeaux, Marseille, Nancy et Nantes !<\/p>\n<p><a class=\" button button--primary\" href=\"https:\/\/staging3.escapehunt.com\/fr\/2020\/07\/02\/escape-game-6-8-joueurs\/\" target=\"_blank\" rel=\"noopener noreferrer\">Lire l&rsquo;article<\/a><\/p>\n<p>&nbsp;<\/p>\n<h4><span style=\"color: #e1622c;\"><a style=\"color: #e1622c;\" href=\"https:\/\/staging3.escapehunt.com\/fr\/2020\/06\/03\/5-idees-pour-la-fete-des-meres-2020\/\" target=\"_blank\" rel=\"noopener noreferrer\">5 ID\u00c9ES POUR LA F\u00caTE DES M\u00c8RES<\/a><\/span><\/h4>\n<p>Votre maman est passionn\u00e9e par les enqu\u00eate polici\u00e8res, les \u00e9nigmes ou vous \u00eates simplement \u00e0 la recherche d\u2019id\u00e9es originales pour la fete des m\u00e8res 2020 ?\u00a0D\u00e9couvrez notre s\u00e9lection de cinq id\u00e9es pour la f\u00eate des m\u00e8res.<\/p>\n<p><a class=\" button button--primary\" href=\"https:\/\/staging3.escapehunt.com\/fr\/2020\/06\/03\/5-idees-pour-la-fete-des-meres-2020\/\" target=\"_blank\" rel=\"noopener noreferrer\">Lire l&rsquo;article<\/a><\/p>\n<p>&nbsp;<\/p>\n<h4><span style=\"color: #e1622c;\"><a style=\"color: #e1622c;\" href=\"https:\/\/staging3.escapehunt.com\/fr\/2020\/05\/19\/5-idees-dactivites-a-faire-pour-son-anniversaire\/\">5 ID\u00c9ES D&rsquo;ACTIVIT\u00c9S \u00c0 FAIRE POUR SON ANNIVERSAIRE<\/a><\/span><\/h4>\n<p>Le jour J se rapproche et vous n\u2019avez pas encore trouv\u00e9 l\u2019id\u00e9e originale pour organiser votre anniversaire ? Et si c\u2019est pour l\u2019un de vos proches, vous ne savez toujours pas que faire pour son anniversaire arrivant \u00e0 grands pas ? Voici donc une liste de 5 activit\u00e9s originales qui vous aideront \u00e0 remporter l\u2019unanimit\u00e9.<\/p>\n<p><a class=\" button button--primary\" href=\"https:\/\/staging3.escapehunt.com\/fr\/2020\/05\/19\/5-idees-dactivites-a-faire-pour-son-anniversaire\/\">Lire l&rsquo;article<\/a><\/p>\n<\/div>\n<p>&nbsp;<\/p>\n<h4><strong><span style=\"color: #e1622c;\"><a style=\"color: #e1622c;\" href=\"https:\/\/staging3.escapehunt.com\/fr\/2020\/05\/19\/excitement-unlocked\/\">EXCITEMENT. UNLOCKED.<\/a><\/span><\/strong><\/h4>\n<p>Retour sur notre aventure qui a d\u00e9marr\u00e9 en 2015 avec l&rsquo;ouverture de notre premier \u00e9tablissement d&rsquo;escape game \u00e0 Paris dans le quartier Op\u00e9ra, rapidement suivi de nouvelles aventures \u00e0 travers le territoire. En 2019, s&rsquo;ouvre un nouveau chapitre de notre histoire avec une identit\u00e9 modernis\u00e9 et ambition renouvel\u00e9e dans un loisir maintenant devenu incontournable.<\/p>\n<p><a class=\" button button--primary\" href=\"https:\/\/staging3.escapehunt.com\/fr\/2020\/05\/19\/excitement-unlocked\/\">Lire l&rsquo;article<\/a><\/p>\n","protected":false},"excerpt":{"rendered":"<p>NOS ACTUALIT\u00c9S, OFFRES ET PROMOTIONS ! C\u2019est ici que vous pourrez retrouver diff\u00e9rents posts sur l\u2019actualit\u00e9 d&rsquo;Escape Hunt France. Bonne lecture ! &nbsp; COMMENT ORGANISER UNE CHASSE AU TR\u00c9SOR POUR&hellip;<\/p>\n","protected":false},"author":62,"featured_media":0,"parent":0,"menu_order":0,"comment_status":"closed","ping_status":"closed","template":"","meta":{"_acf_changed":false,"footnotes":""},"class_list":["post-563","page","type-page","status-publish","hentry"],"acf":{"custom_schema_json":""},"yoast_head":"<!-- This site is optimized with the Yoast SEO plugin v27.3 - https:\/\/yoast.com\/product\/yoast-seo-wordpress\/ -->\n<title>Blog - France<\/title>\n<meta name=\"robots\" content=\"noindex, follow, max-snippet:-1, max-image-preview:large, max-video-preview:-1\" \/>\n<meta property=\"og:locale\" content=\"fr_FR\" \/>\n<meta property=\"og:type\" content=\"article\" \/>\n<meta property=\"og:title\" content=\"Blog - France\" \/>\n<meta property=\"og:description\" content=\"NOS ACTUALIT\u00c9S, OFFRES ET PROMOTIONS ! C\u2019est ici que vous pourrez retrouver diff\u00e9rents posts sur l\u2019actualit\u00e9 d&rsquo;Escape Hunt France. Bonne lecture ! &nbsp; COMMENT ORGANISER UNE CHASSE AU TR\u00c9SOR POUR&hellip;\" \/>\n<meta property=\"og:url\" content=\"https:\/\/escapehunt.com\/fr\/blog\/\" \/>\n<meta property=\"og:site_name\" content=\"France\" \/>\n<meta property=\"article:modified_time\" content=\"2023-03-24T15:22:02+00:00\" \/>\n<meta name=\"twitter:card\" content=\"summary_large_image\" \/>\n<meta name=\"twitter:label1\" content=\"Dur\u00e9e de lecture estim\u00e9e\" \/>\n\t<meta name=\"twitter:data1\" content=\"4 minutes\" \/>\n<script type=\"application\/ld+json\" class=\"yoast-schema-graph\">{\"@context\":\"https:\\\/\\\/schema.org\",\"@graph\":[{\"@type\":\"WebPage\",\"@id\":\"https:\\\/\\\/escapehunt.com\\\/fr\\\/blog\\\/\",\"url\":\"https:\\\/\\\/escapehunt.com\\\/fr\\\/blog\\\/\",\"name\":\"Blog - France\",\"isPartOf\":{\"@id\":\"https:\\\/\\\/escapehunt.com\\\/fr\\\/#website\"},\"datePublished\":\"2020-05-13T08:25:51+00:00\",\"dateModified\":\"2023-03-24T15:22:02+00:00\",\"breadcrumb\":{\"@id\":\"https:\\\/\\\/escapehunt.com\\\/fr\\\/blog\\\/#breadcrumb\"},\"inLanguage\":\"fr-FR\",\"potentialAction\":[{\"@type\":\"ReadAction\",\"target\":[\"https:\\\/\\\/escapehunt.com\\\/fr\\\/blog\\\/\"]}]},{\"@type\":\"BreadcrumbList\",\"@id\":\"https:\\\/\\\/escapehunt.com\\\/fr\\\/blog\\\/#breadcrumb\",\"itemListElement\":[{\"@type\":\"ListItem\",\"position\":1,\"name\":\"Home\",\"item\":\"https:\\\/\\\/escapehunt.com\\\/fr\\\/\"},{\"@type\":\"ListItem\",\"position\":2,\"name\":\"Blog\"}]},{\"@type\":\"WebSite\",\"@id\":\"https:\\\/\\\/escapehunt.com\\\/fr\\\/#website\",\"url\":\"https:\\\/\\\/escapehunt.com\\\/fr\\\/\",\"name\":\"France\",\"description\":\"\",\"potentialAction\":[{\"@type\":\"SearchAction\",\"target\":{\"@type\":\"EntryPoint\",\"urlTemplate\":\"https:\\\/\\\/escapehunt.com\\\/fr\\\/?s={search_term_string}\"},\"query-input\":{\"@type\":\"PropertyValueSpecification\",\"valueRequired\":true,\"valueName\":\"search_term_string\"}}],\"inLanguage\":\"fr-FR\"}]}<\/script>\n<!-- \/ Yoast SEO plugin. -->","yoast_head_json":{"title":"Blog - France","robots":{"index":"noindex","follow":"follow","max-snippet":"max-snippet:-1","max-image-preview":"max-image-preview:large","max-video-preview":"max-video-preview:-1"},"og_locale":"fr_FR","og_type":"article","og_title":"Blog - France","og_description":"NOS ACTUALIT\u00c9S, OFFRES ET PROMOTIONS ! C\u2019est ici que vous pourrez retrouver diff\u00e9rents posts sur l\u2019actualit\u00e9 d&rsquo;Escape Hunt France. Bonne lecture ! &nbsp; COMMENT ORGANISER UNE CHASSE AU TR\u00c9SOR POUR&hellip;","og_url":"https:\/\/escapehunt.com\/fr\/blog\/","og_site_name":"France","article_modified_time":"2023-03-24T15:22:02+00:00","twitter_card":"summary_large_image","twitter_misc":{"Dur\u00e9e de lecture estim\u00e9e":"4 minutes"},"schema":{"@context":"https:\/\/schema.org","@graph":[{"@type":"WebPage","@id":"https:\/\/escapehunt.com\/fr\/blog\/","url":"https:\/\/escapehunt.com\/fr\/blog\/","name":"Blog - France","isPartOf":{"@id":"https:\/\/escapehunt.com\/fr\/#website"},"datePublished":"2020-05-13T08:25:51+00:00","dateModified":"2023-03-24T15:22:02+00:00","breadcrumb":{"@id":"https:\/\/escapehunt.com\/fr\/blog\/#breadcrumb"},"inLanguage":"fr-FR","potentialAction":[{"@type":"ReadAction","target":["https:\/\/escapehunt.com\/fr\/blog\/"]}]},{"@type":"BreadcrumbList","@id":"https:\/\/escapehunt.com\/fr\/blog\/#breadcrumb","itemListElement":[{"@type":"ListItem","position":1,"name":"Home","item":"https:\/\/escapehunt.com\/fr\/"},{"@type":"ListItem","position":2,"name":"Blog"}]},{"@type":"WebSite","@id":"https:\/\/escapehunt.com\/fr\/#website","url":"https:\/\/escapehunt.com\/fr\/","name":"France","description":"","potentialAction":[{"@type":"SearchAction","target":{"@type":"EntryPoint","urlTemplate":"https:\/\/escapehunt.com\/fr\/?s={search_term_string}"},"query-input":{"@type":"PropertyValueSpecification","valueRequired":true,"valueName":"search_term_string"}}],"inLanguage":"fr-FR"}]}},"custom_schema_json":"","_links":{"self":[{"href":"https:\/\/staging3.escapehunt.com\/fr\/wp-json\/wp\/v2\/pages\/563","targetHints":{"allow":["GET"]}}],"collection":[{"href":"https:\/\/staging3.escapehunt.com\/fr\/wp-json\/wp\/v2\/pages"}],"about":[{"href":"https:\/\/staging3.escapehunt.com\/fr\/wp-json\/wp\/v2\/types\/page"}],"author":[{"embeddable":true,"href":"https:\/\/staging3.escapehunt.com\/fr\/wp-json\/wp\/v2\/users\/62"}],"replies":[{"embeddable":true,"href":"https:\/\/staging3.escapehunt.com\/fr\/wp-json\/wp\/v2\/comments?post=563"}],"version-history":[{"count":0,"href":"https:\/\/staging3.escapehunt.com\/fr\/wp-json\/wp\/v2\/pages\/563\/revisions"}],"wp:attachment":[{"href":"https:\/\/staging3.escapehunt.com\/fr\/wp-json\/wp\/v2\/media?parent=563"}],"curies":[{"name":"wp","href":"https:\/\/api.w.org\/{rel}","templated":true}]}}