{"id":566,"date":"2020-05-13T10:31:54","date_gmt":"2020-05-13T08:31:54","guid":{"rendered":"https:\/\/staging3.escapehunt.com\/fr\/?page_id=566"},"modified":"2020-05-18T16:57:51","modified_gmt":"2020-05-18T14:57:51","slug":"presse","status":"publish","type":"page","link":"https:\/\/staging3.escapehunt.com\/fr\/presse\/","title":{"rendered":"Presse"},"content":{"rendered":"<p style=\"text-align: left;\"><strong>Depuis notre ouverture en 2015\u00a0de nombreux m\u00e9dias ont \u00e9crit \u00e0 propos de nos \u00e9tablissements.<\/strong><\/p>\n<p><strong>D\u00e9couvrez ci-dessous la liste\u00a0des articles de presse \u00e0 propos d\u2019Escape Hunt France.<\/strong><\/p>\n<p style=\"text-align: left;\"><strong>Pour toute demande presse, n&rsquo;h\u00e9sitez pas \u00e0 nous <a href=\"https:\/\/staging3.escapehunt.com\/fr\/contact\/\">contacter<\/a> !<\/strong><\/p>\n<h4 style=\"text-align: left;\"><a href=\"#web\">WEB<\/a> | <a href=\"#TV\">TV<\/a> | <a href=\"#presse\">PRESSE \u00c9CRITE<\/a> | <a href=\"#radio\">RADIO<\/a><\/h4>\n<p>&nbsp;<\/p>\n<ul>\n<li id=\"web\"><strong>WEB<\/strong><\/li>\n<\/ul>\n<p>CAPITAL &#8211; 19.06.2019 :\u00a0<a href=\"https:\/\/www.capital.fr\/votre-argent\/escape-game-tentez-de-trouver-de-veritables-lingots-dor-a-metz-et-nancy-1341438\">Escape Game : tentez de trouver de v\u00e9ritables lingots d&rsquo;or \u00e0 Metz et Nancy<\/a><\/p>\n<p>SORTIRAPARIS &#8211; 19.01.2017 : <a href=\"https:\/\/www.sortiraparis.com\/loisirs\/articles\/100093-escape-hunt-a-paris\">Escape Hunt \u00e0 Paris<\/a><\/p>\n<p>KONBINI &#8211; 24\/10\/2016 : <a href=\"https:\/\/www.konbini.com\/fr\/entertainment-2\/escape-game-nantes\/\">Le plus grand Escape Game de France va ouvrir \u00e0 Nantes.<\/a><\/p>\n<p>&nbsp;<\/p>\n<p>&nbsp;<\/p>\n<ul>\n<li id=\"tv\"><strong>TV<\/strong><\/li>\n<\/ul>\n<p>CAPITAL &#8211; M6 &#8211; 17.04.2016 : <a href=\"https:\/\/www.6play.fr\/capital-p_860\">La folie des escape games.<\/a><\/p>\n<p>BFM TV &#8211; 13.02.2017 :\u00a0<a href=\"https:\/\/www.youtube.com\/watch?v=vaHE3qjOF-E\">Dans les coulisses d&rsquo;Escape Hunt Paris.<\/a><\/p>\n<p>66 MINUTES &#8211; M6 &#8211; 23\/04\/2017 : <a href=\"https:\/\/www.facebook.com\/watch\/?v=1502788343079294\">Escape game, les rois de l&rsquo;\u00e9vasion.<\/a><\/p>\n<p>France 3 &#8211; 19\/20 Pays de la Loire : <a href=\"https:\/\/www.facebook.com\/watch\/?v=1485272294822076\">Dans les coulisses d&rsquo;Escape Hunt Nantes.\u00a0<\/a><\/p>\n<p>&nbsp;<\/p>\n<ul>\n<li id=\"presse\"><strong>PRESSE \u00c9CRITE<\/strong><\/li>\n<\/ul>\n<p>20 MINUTES &#8211; 24\/10\/2016 : <a href=\"https:\/\/www.20minutes.fr\/nantes\/1948167-20161024-nantes-plus-grand-escape-game-france-ouvre-portes-avant-deux-autres-tres-bientot\">Le plus grand Escape Game de France ouvre ses portes.<\/a><\/p>\n<p>SUD OUEST &#8211; 06\/02\/2019 : <a href=\"https:\/\/www.sudouest.fr\/2019\/02\/04\/60-minutes-pour-s-echapper-la-folie-escape-game-a-bordeaux-5792232-4995.php\">La folie escape game \u00e0 Bordeaux.<\/a><\/p>\n<p>LA VOIX DU NORD &#8211; 27\/12\/2018 : <a href=\"https:\/\/www.lavoixdunord.fr\/513325\/article\/2018-12-27\/depuis-l-escape-hunt-le-sauvetage-de-lille-fut-un-echec\">Marquette-lez-Lille, Escape Hunt<\/a><\/p>\n<p>L&rsquo;EST R\u00c9PUBLICAIN NANCY &#8211; 05\/10\/2015 : <a href=\"https:\/\/www.estrepublicain.fr\/edition-de-nancy-ville\/2015\/10\/04\/salle-de-jeu-the-escape-hunt-debarque-a-nancy\">Une salle de jeu d&rsquo;un nouveau genre d\u00e9barque \u00e0 Nancy.<\/a><\/p>\n<p>L&rsquo;EST R\u00c9PUBLICAIN BELFORT &#8211; 16\/03\/2018 :\u00a0<a href=\"https:\/\/www.estrepublicain.fr\/edition-belfort-hericourt-montbeliard\/2018\/03\/16\/un-complexe-de-500-m2-pour-les-amateurs-d-escape-game\">Un complexe de 500 m2 pour les amateurs d\u2019Escape Game<\/a><\/p>\n<ul>\n<li id=\"radio\"><strong>RADIO<\/strong><\/li>\n<\/ul>\n<p>&nbsp;<\/p>\n<p>&nbsp;<\/p>\n","protected":false},"excerpt":{"rendered":"<p>Depuis notre ouverture en 2015\u00a0de nombreux m\u00e9dias ont \u00e9crit \u00e0 propos de nos \u00e9tablissements. D\u00e9couvrez ci-dessous la liste\u00a0des articles de presse \u00e0 propos d\u2019Escape Hunt France. Pour toute demande presse,&hellip;<\/p>\n","protected":false},"author":62,"featured_media":0,"parent":0,"menu_order":0,"comment_status":"closed","ping_status":"closed","template":"","meta":{"_acf_changed":false,"footnotes":""},"class_list":["post-566","page","type-page","status-publish","hentry"],"acf":{"custom_schema_json":""},"yoast_head":"<!-- This site is optimized with the Yoast SEO plugin v27.3 - https:\/\/yoast.com\/product\/yoast-seo-wordpress\/ -->\n<title>Presse - France<\/title>\n<meta name=\"robots\" content=\"noindex, follow, max-snippet:-1, max-image-preview:large, max-video-preview:-1\" \/>\n<meta property=\"og:locale\" content=\"fr_FR\" \/>\n<meta property=\"og:type\" content=\"article\" \/>\n<meta property=\"og:title\" content=\"Presse - France\" \/>\n<meta property=\"og:description\" content=\"Depuis notre ouverture en 2015\u00a0de nombreux m\u00e9dias ont \u00e9crit \u00e0 propos de nos \u00e9tablissements. D\u00e9couvrez ci-dessous la liste\u00a0des articles de presse \u00e0 propos d\u2019Escape Hunt France. Pour toute demande presse,&hellip;\" \/>\n<meta property=\"og:url\" content=\"https:\/\/escapehunt.com\/fr\/presse\/\" \/>\n<meta property=\"og:site_name\" content=\"France\" \/>\n<meta property=\"article:modified_time\" content=\"2020-05-18T14:57:51+00:00\" \/>\n<meta name=\"twitter:card\" content=\"summary_large_image\" \/>\n<meta name=\"twitter:label1\" content=\"Dur\u00e9e de lecture estim\u00e9e\" \/>\n\t<meta name=\"twitter:data1\" content=\"1 minute\" \/>\n<script type=\"application\/ld+json\" class=\"yoast-schema-graph\">{\"@context\":\"https:\\\/\\\/schema.org\",\"@graph\":[{\"@type\":\"WebPage\",\"@id\":\"https:\\\/\\\/escapehunt.com\\\/fr\\\/presse\\\/\",\"url\":\"https:\\\/\\\/escapehunt.com\\\/fr\\\/presse\\\/\",\"name\":\"Presse - France\",\"isPartOf\":{\"@id\":\"https:\\\/\\\/escapehunt.com\\\/fr\\\/#website\"},\"datePublished\":\"2020-05-13T08:31:54+00:00\",\"dateModified\":\"2020-05-18T14:57:51+00:00\",\"breadcrumb\":{\"@id\":\"https:\\\/\\\/escapehunt.com\\\/fr\\\/presse\\\/#breadcrumb\"},\"inLanguage\":\"fr-FR\",\"potentialAction\":[{\"@type\":\"ReadAction\",\"target\":[\"https:\\\/\\\/escapehunt.com\\\/fr\\\/presse\\\/\"]}]},{\"@type\":\"BreadcrumbList\",\"@id\":\"https:\\\/\\\/escapehunt.com\\\/fr\\\/presse\\\/#breadcrumb\",\"itemListElement\":[{\"@type\":\"ListItem\",\"position\":1,\"name\":\"Home\",\"item\":\"https:\\\/\\\/escapehunt.com\\\/fr\\\/\"},{\"@type\":\"ListItem\",\"position\":2,\"name\":\"Presse\"}]},{\"@type\":\"WebSite\",\"@id\":\"https:\\\/\\\/escapehunt.com\\\/fr\\\/#website\",\"url\":\"https:\\\/\\\/escapehunt.com\\\/fr\\\/\",\"name\":\"France\",\"description\":\"\",\"potentialAction\":[{\"@type\":\"SearchAction\",\"target\":{\"@type\":\"EntryPoint\",\"urlTemplate\":\"https:\\\/\\\/escapehunt.com\\\/fr\\\/?s={search_term_string}\"},\"query-input\":{\"@type\":\"PropertyValueSpecification\",\"valueRequired\":true,\"valueName\":\"search_term_string\"}}],\"inLanguage\":\"fr-FR\"}]}<\/script>\n<!-- \/ Yoast SEO plugin. -->","yoast_head_json":{"title":"Presse - France","robots":{"index":"noindex","follow":"follow","max-snippet":"max-snippet:-1","max-image-preview":"max-image-preview:large","max-video-preview":"max-video-preview:-1"},"og_locale":"fr_FR","og_type":"article","og_title":"Presse - France","og_description":"Depuis notre ouverture en 2015\u00a0de nombreux m\u00e9dias ont \u00e9crit \u00e0 propos de nos \u00e9tablissements. D\u00e9couvrez ci-dessous la liste\u00a0des articles de presse \u00e0 propos d\u2019Escape Hunt France. Pour toute demande presse,&hellip;","og_url":"https:\/\/escapehunt.com\/fr\/presse\/","og_site_name":"France","article_modified_time":"2020-05-18T14:57:51+00:00","twitter_card":"summary_large_image","twitter_misc":{"Dur\u00e9e de lecture estim\u00e9e":"1 minute"},"schema":{"@context":"https:\/\/schema.org","@graph":[{"@type":"WebPage","@id":"https:\/\/escapehunt.com\/fr\/presse\/","url":"https:\/\/escapehunt.com\/fr\/presse\/","name":"Presse - France","isPartOf":{"@id":"https:\/\/escapehunt.com\/fr\/#website"},"datePublished":"2020-05-13T08:31:54+00:00","dateModified":"2020-05-18T14:57:51+00:00","breadcrumb":{"@id":"https:\/\/escapehunt.com\/fr\/presse\/#breadcrumb"},"inLanguage":"fr-FR","potentialAction":[{"@type":"ReadAction","target":["https:\/\/escapehunt.com\/fr\/presse\/"]}]},{"@type":"BreadcrumbList","@id":"https:\/\/escapehunt.com\/fr\/presse\/#breadcrumb","itemListElement":[{"@type":"ListItem","position":1,"name":"Home","item":"https:\/\/escapehunt.com\/fr\/"},{"@type":"ListItem","position":2,"name":"Presse"}]},{"@type":"WebSite","@id":"https:\/\/escapehunt.com\/fr\/#website","url":"https:\/\/escapehunt.com\/fr\/","name":"France","description":"","potentialAction":[{"@type":"SearchAction","target":{"@type":"EntryPoint","urlTemplate":"https:\/\/escapehunt.com\/fr\/?s={search_term_string}"},"query-input":{"@type":"PropertyValueSpecification","valueRequired":true,"valueName":"search_term_string"}}],"inLanguage":"fr-FR"}]}},"custom_schema_json":"","_links":{"self":[{"href":"https:\/\/staging3.escapehunt.com\/fr\/wp-json\/wp\/v2\/pages\/566","targetHints":{"allow":["GET"]}}],"collection":[{"href":"https:\/\/staging3.escapehunt.com\/fr\/wp-json\/wp\/v2\/pages"}],"about":[{"href":"https:\/\/staging3.escapehunt.com\/fr\/wp-json\/wp\/v2\/types\/page"}],"author":[{"embeddable":true,"href":"https:\/\/staging3.escapehunt.com\/fr\/wp-json\/wp\/v2\/users\/62"}],"replies":[{"embeddable":true,"href":"https:\/\/staging3.escapehunt.com\/fr\/wp-json\/wp\/v2\/comments?post=566"}],"version-history":[{"count":0,"href":"https:\/\/staging3.escapehunt.com\/fr\/wp-json\/wp\/v2\/pages\/566\/revisions"}],"wp:attachment":[{"href":"https:\/\/staging3.escapehunt.com\/fr\/wp-json\/wp\/v2\/media?parent=566"}],"curies":[{"name":"wp","href":"https:\/\/api.w.org\/{rel}","templated":true}]}}